{"id":567,"date":"2020-06-27T19:12:20","date_gmt":"2020-06-27T19:12:20","guid":{"rendered":"http:\/\/haitises.com\/?post_type=product&#038;p=567"},"modified":"2024-04-16T21:43:21","modified_gmt":"2024-04-16T21:43:21","slug":"excursion-cascada-el-limon-y-cayo-levantado-desde-punta-cana","status":"publish","type":"product","link":"https:\/\/haitises.com\/sv\/privat\/excursion-cascada-el-limon-y-cayo-levantado-desde-punta-cana\/","title":{"rendered":"El Lim\u00f3n vattenfall och Cayo Levantado Excursion fr\u00e5n Punta Cana"},"content":{"rendered":"<div class=\"vc_row wpb_row vc_row-fluid\" ><div class=\"wpb_column vc_column_container vc_col-sm-12\"><div class=\"vc_column-inner\"><div class=\"wpb_wrapper\">[mkdf_section_title subtitle_tag=\u00bb\u00bb subtitle=\u00bb(Recogida en Punta Cana)\u00bb]<\/div><\/div><\/div><\/div><div class=\"vc_row wpb_row vc_row-fluid\" ><div class=\"wpb_column vc_column_container vc_col-sm-12\"><div class=\"vc_column-inner\"><div class=\"wpb_wrapper\">\n\t<div class=\"wpb_text_column wpb_content_element\" >\n\t\t<div class=\"wpb_wrapper\">\n\t\t\t<h2>Cascada El Lim\u00f3n y Cayo Levantado desde los hoteles de Punta Cana<\/h2>\n<h3>Beskrivning<\/h3>\n<p>Si se encuentra en Punta Cana o B\u00e1varo, busca una excursi\u00f3n de un d\u00eda pagando menos de lo normal. Reserve este viaje con una recogida en su hotel en Punta Cana. El autob\u00fas lo llevar\u00e1 a Sabana de la mar, donde tomaremos un catamar\u00e1n para pasar la bah\u00eda de Saman\u00e1. Visitar la comunidad de Saman\u00e1 en Safari para llegar a la comunidad de El Lim\u00f3n, montar a caballo o ir de excursi\u00f3n a las cascadas despu\u00e9s de cruzar la bah\u00eda de Saman\u00e1 y el tiempo de almuerzo en la isla de Bacardi. Este viaje comienza a las 6:00 a.m. y termina a las 6:30 p.m.<\/p>\n<p>Despu\u00e9s de esta experiencia, volver\u00e1 a su hotel.<\/p>\n<ul>\n<li>Skatter ing\u00e5r<\/li>\n<li>Almuerzo en la playa incluido.<\/li>\n<li>Transferencia incluida<\/li>\n<li>Guiden ger instruktioner och handledning.<\/li>\n<\/ul>\n<h3>Inklusioner och undantag<\/h3>\n<h4>Inklusioner<\/h4>\n<ol>\n<li>Recogida en el hotel.<\/li>\n<li>Bah\u00eda Saman\u00e1<\/li>\n<li>Cayo Levantado, playa y almuerzo<\/li>\n<li>Safari a El Lim\u00f3n<\/li>\n<li>Paseos a caballo o senderismo a las cascadas<\/li>\n<li>C\u00f3cteles Dominicanos<\/li>\n<li>Alla skatter, avgifter och hanteringsavgifter<\/li>\n<li>Lokala skatter<\/li>\n<li>Drycker<\/li>\n<li>Alla aktiviteter<\/li>\n<li>Lokal guide<\/li>\n<\/ol>\n<h4>Uteslutningar<\/h4>\n<ol>\n<li>Tips<\/li>\n<li>Bebidas alcoh\u00f3licas despu\u00e9s de c\u00f3cteles<\/li>\n<\/ol>\n<h3><em>Avresa och hemresa<\/em><\/h3>\n<p>Resen\u00e4ren kommer att f\u00e5 en m\u00f6tesplats efter bokningsprocessen. Turerna b\u00f6rjar och slutar vid v\u00e5ra m\u00f6tesplatser.<\/p>\n<h3><em>\u00bfQue esperar?<\/em><\/h3>\n<p>Obtenga sus boletos para visitar las cascadas a caballo o senderismo, Safari Saman\u00e1, nadar en los manantiales naturales, luego de las cascadas el almuerzo en la isla de Bacardi y tiempo de playa.<\/p>\n<p>Comenzando desde Punta Cana en autob\u00fas, conduciremos al puerto de la bah\u00eda de Saman\u00e1. En el puerto nos subimos a un bote o catamar\u00e1n con un gu\u00eda tur\u00edstico local, pasamos la bah\u00eda de Saman\u00e1 a la comunidad de Saman\u00e1. Tomar un safari con un gu\u00eda tur\u00edstico local para hablar sobre la historia de Saman\u00e1 hasta llegar a la comunidad de El Lim\u00f3n. En la comunidad de El Lim\u00f3n comenzamos a caminar o montar a caballo por el bosque de El Lim\u00f3n hasta las cascadas de El Lim\u00f3n. Donde cuando llegamos \u00a1podemos nadar! Despu\u00e9s de regresar a Safari para ir al puerto de Saman\u00e1. Visitar\u00e1 la isla de Cayo Levantado para almorzar en la playa y nadar en una de las islas m\u00e1s bellas de la Rep\u00fablica Dominicana.<\/p>\n<p>En caso de que le guste este viaje m\u00e1s largo o m\u00e1s corto, cont\u00e1ctenos &#8230;<\/p>\n<h3><em>Vad ska du ta med?<\/em><\/h3>\n<ul>\n<li>Kamera<\/li>\n<li>Repellenter<\/li>\n<li>Solskydd<\/li>\n<li>Hatt<\/li>\n<li>Bekv\u00e4ma byxor<\/li>\n<li>Skogsvandringsskor<\/li>\n<li>Sandaler till v\u00e5romr\u00e5den.<\/li>\n<li>Baddr\u00e4kt<\/li>\n<\/ul>\n<h3><em>Hotellh\u00e4mtning<\/em><\/h3>\n<p>Upph\u00e4mtning av resen\u00e4rer erbjuds!<\/p>\n<p>Recogemos de todos los hoteles en Punta Cana. La ubicaci\u00f3n de recogida es el vest\u00edbulo del hotel.<br \/>\nOm du bor i en l\u00e4genhet i omr\u00e5det h\u00e4mtar vi dig vid l\u00e4genheten eller vid ing\u00e5ngen till n\u00e4rmaste resort. Vi st\u00e4ller in upph\u00e4mtning genom att kontakta oss via Whatsapp.<\/p>\n<p><strong>Notera:<\/strong> Om du bokar inom 24 timmar f\u00f6re avresan f\u00f6r turen\/utflykten kan vi ordna upph\u00e4mtning p\u00e5 hotellet. N\u00e4r ditt k\u00f6p \u00e4r slutf\u00f6rt skickar vi dig fullst\u00e4ndig kontaktinformation (telefonnummer, e-postadress etc.) f\u00f6r v\u00e5r lokala reseledare f\u00f6r att ordna upph\u00e4mtningsarrangemang.<\/p>\n<h3><em>Bekr\u00e4ftelse av ytterligare information<\/em><\/h3>\n<ul>\n<li>Biljetterna \u00e4r kvittot efter betalning f\u00f6r denna turn\u00e9. Du kan visa betalningen p\u00e5 din telefon.<\/li>\n<li>M\u00f6tesplatsen kommer att tas emot efter bokningsprocessen.<\/li>\n<li>Barn m\u00e5ste \u00e5tf\u00f6ljas av en vuxen.<\/li>\n<li>Ej rullstolsanpassat<\/li>\n<li>Sp\u00e4dbarn ska sitta i ett sp\u00e4dbarnss\u00e4te eller tillsammans med en vuxen.<\/li>\n<li>Rekommenderas inte f\u00f6r resen\u00e4rer med ryggproblem.<\/li>\n<li>Rekommenderas inte f\u00f6r gravida kvinnor.<\/li>\n<li>Inga hj\u00e4rtproblem eller andra allvarliga medicinska tillst\u00e5nd.<\/li>\n<li>De flesta resen\u00e4rer kan delta.<\/li>\n<\/ul>\n<h3><em>Avbokningsregler<\/em><\/h3>\n<p>F\u00f6r full \u00e5terbetalning, avboka minst 24 timmar innan upplevelsens startdatum.<\/p>\n<h3><em>Kontakta oss?<\/em><\/h3>\n<p>\u00c4ventyrsreservationer<br \/>\nLokala och nationella reseledare och g\u00e4sttj\u00e4nster<\/p>\n<p>Bokningar: Turer och utflykter i Dom.<\/p>\n<p>\ud83d\udcde Tel\/Whatsapp +1-809-720-6035.<\/p>\n<p>\ud83d\udce9 info@bookingadventures.com.do<\/p>\n<p>Hacemos tours privados de con flexbilidad por Whatsapp: +18097206035.<\/p>\n\n\t\t<\/div>\n\t<\/div>\n<\/div><\/div><\/div><\/div>","protected":false},"excerpt":{"rendered":"<p>Si se encuentra en Punta Cana o B\u00e1varo, busca una excursi\u00f3n de un d\u00eda pagando menos de lo normal. Reserve este viaje con una recogida en su hotel en Punta Cana. El autob\u00fas lo llevar\u00e1 a Sabana de la mar, donde tomaremos un catamar\u00e1n para pasar la bah\u00eda de Saman\u00e1. Visitar la comunidad de Saman\u00e1 en Safari para llegar a la comunidad de El Lim\u00f3n, montar a caballo o caminar a las cascadas despu\u00e9s de cruzar la bah\u00eda de Saman\u00e1 y el tiempo de Almuerzo en la isla de Bacardi. Este viaje comienza a las 6:00 a.m. y termina a las 6:30 p.m.<\/p>\n<p><strong>V\u00e4lj datum f\u00f6r turn\u00e9n:<\/strong><\/p>","protected":false},"featured_media":320,"template":"","meta":[],"product_brand":[],"product_cat":[96,97,136,264,122,443,123,124],"product_tag":[137,138,281,139,282,283,140,284,141,114,285,142,143],"class_list":{"0":"post-567","1":"product","2":"type-product","3":"status-publish","4":"has-post-thumbnail","6":"product_cat-hiking","7":"product_cat-horse-riding-to-waterfalls","8":"product_cat-safari-samana","9":"product_cat-salto-el-limon-and-bacardi-island","10":"product_cat-tours-and-excursions","11":"product_cat-tours-y-excursiones-es","12":"product_cat-tours-excursions-los-haitises-national-park","13":"product_cat-tours-excursions-samana-bay-dominican-republic","14":"product_tag-bacardi-island","15":"product_tag-beach-time","16":"product_tag-cascada-el-limon-salto-el-limon-samana-republica-dominicana","17":"product_tag-cayo-levantado","18":"product_tag-el-limon-waterfall-bacardi-island-from-punta-cana","19":"product_tag-el-limon-waterfall-and-bacardi-island-tour-from-punta-cana","20":"product_tag-el-limon-waterfalls","21":"product_tag-guided-adventures","22":"product_tag-punta-cana","23":"product_tag-sabana-de-la-mar","24":"product_tag-salto-de-limon-punta-cana","25":"product_tag-samana","26":"product_tag-samana-tours","28":"first","29":"instock","30":"sale","31":"sold-individually","32":"shipping-taxable","33":"product-type-external"},"_links":{"self":[{"href":"https:\/\/haitises.com\/sv\/wp-json\/wp\/v2\/product\/567","targetHints":{"allow":["GET"]}}],"collection":[{"href":"https:\/\/haitises.com\/sv\/wp-json\/wp\/v2\/product"}],"about":[{"href":"https:\/\/haitises.com\/sv\/wp-json\/wp\/v2\/types\/product"}],"wp:featuredmedia":[{"embeddable":true,"href":"https:\/\/haitises.com\/sv\/wp-json\/wp\/v2\/media\/320"}],"wp:attachment":[{"href":"https:\/\/haitises.com\/sv\/wp-json\/wp\/v2\/media?parent=567"}],"wp:term":[{"taxonomy":"product_brand","embeddable":true,"href":"https:\/\/haitises.com\/sv\/wp-json\/wp\/v2\/product_brand?post=567"},{"taxonomy":"product_cat","embeddable":true,"href":"https:\/\/haitises.com\/sv\/wp-json\/wp\/v2\/product_cat?post=567"},{"taxonomy":"product_tag","embeddable":true,"href":"https:\/\/haitises.com\/sv\/wp-json\/wp\/v2\/product_tag?post=567"}],"curies":[{"name":"wp","href":"https:\/\/api.w.org\/{rel}","templated":true}]}}