{"id":551,"date":"2020-06-19T20:10:32","date_gmt":"2020-06-19T20:10:32","guid":{"rendered":"http:\/\/haitises.com\/?post_type=product&#038;p=551"},"modified":"2023-10-14T21:50:12","modified_gmt":"2023-10-14T21:50:12","slug":"excursion-al-los-haitises-y-cano-hondo-desde-samana","status":"publish","type":"product","link":"https:\/\/haitises.com\/sv\/privat\/excursion-al-los-haitises-y-cano-hondo-desde-samana\/","title":{"rendered":"Utflykt till Los Haitises och Ca\u00f1o Hondo fr\u00e5n Saman\u00e1"},"content":{"rendered":"<div class=\"vc_row wpb_row vc_row-fluid\" ><div class=\"wpb_column vc_column_container vc_col-sm-12\"><div class=\"vc_column-inner\"><div class=\"wpb_wrapper\">[mkdf_section_title subtitle_tag=\u00bb\u00bb subtitle=\u00bbAlmuerzo y Nataci\u00f3n en Piscinas Naturales\u00bb]<\/div><\/div><\/div><\/div><div class=\"vc_row wpb_row vc_row-fluid\" ><div class=\"wpb_column vc_column_container vc_col-sm-12\"><div class=\"vc_column-inner\"><div class=\"wpb_wrapper\">\n\t<div class=\"wpb_text_column wpb_content_element\" >\n\t\t<div class=\"wpb_wrapper\">\n\t\t\t<h2>Los Haitises nationalpark + Lunch i Cano Hondo fr\u00e5n hamnen i Saman\u00e1.<\/h2>\n<h3><em>Beskrivning<\/em><\/h3>\n<p>Los Haitises nationalpark med start fr\u00e5n hamnen i Saman\u00e1 plus en underbar lunch och bad i naturliga k\u00e4llor vid Ca\u00f1o Hondo Ecolodge. F\u00f6lj med oss och bes\u00f6k den vackraste nationalparken i Dominikanska republiken, bes\u00f6k mangrover, grottor och San Lorenzo Bay, samt korsa den vackra Saman\u00e1 Bay. Efter att ha \u00e4tit lunch i Ca\u00f1o Hondo f\u00e5r du m\u00f6jlighet att simma i de naturliga poolerna i n\u00e5gra timmar och sedan \u00e5terv\u00e4nda till hamnen i Saman\u00e1.<\/p>\n<p>Efter denna upplevelse kommer du tillbaka till hamnen i Saman\u00e1.<\/p>\n<ul>\n<li>Skatter ing\u00e5r<\/li>\n<li>Guiden ger instruktioner och handledning.<\/li>\n<\/ul>\n<h3>Inklusioner och undantag<\/h3>\n<h4>Inklusioner<\/h4>\n<ol>\n<li>Los Haitises Tour + grottor och piktogram<\/li>\n<li>Lunch i Ca\u00f1o Hondo<\/li>\n<li>Simma i naturliga pooler<\/li>\n<li>Alla skatter, avgifter och hanteringsavgifter.<\/li>\n<li>Lokala skatter<\/li>\n<li>Drycker<\/li>\n<li>Alla aktiviteter<\/li>\n<li>Lokal guide<\/li>\n<\/ol>\n<h4>Uteslutningar<\/h4>\n<ol>\n<li>Tips<\/li>\n<li>\u00d6verf\u00f6ra<\/li>\n<li>Alkoholhaltiga drycker<\/li>\n<\/ol>\n<h3><em>Avresa och hemresa<\/em><\/h3>\n<p>Resen\u00e4ren kommer att f\u00e5 en m\u00f6tesplats efter bokningsprocessen. Turerna b\u00f6rjar och slutar vid v\u00e5ra m\u00f6tesplatser.<\/p>\n<h3><em>Vad du kan f\u00f6rv\u00e4nta?<\/em><\/h3>\n<p>Skaffa dina biljetter f\u00f6r att bes\u00f6ka Los Haitises nationalpark med en underbar lunch p\u00e5 Ca\u00f1o Hondo och simma i de naturliga poolerna.<\/p>\n<p>Med start fr\u00e5n hamnen i Saman\u00e1 ombord p\u00e5 en b\u00e5t eller katamaran med en lokal reseguide, passerar vi bukten Saman\u00e1 bredvid Sabana de la Mar f\u00f6r att bes\u00f6ka en av de vackraste nationalparkerna i Dominikanska republiken.<\/p>\n<h5>Los Haitises nationalpark.<\/h5>\n<p>Bes\u00f6ker \u00f6n med f\u00e5glar runt omkring. Under h\u00e4ckningss\u00e4songen kan vi till och med se pelikankycklingar i bon. G\u00e5 djupare in i de klippiga \u00f6arna och bes\u00f6k grottorna med piktogram och h\u00e4llristningar av ursprungsbefolkningen.<\/p>\n<p>El recorrido, organizado por \u00abBooking Adventures\u00bb, comienza en el punto de encuentro establecido con el gu\u00eda tur\u00edstico. Ven con Booking Adventures y comienza a observar algunos manglares llenos de aves, colinas onduladas de exuberante vegetaci\u00f3n y cuevas del Parque Nacional Los Haitises.<\/p>\n<p>El nombre del parque nacional proviene de sus habitantes originales, los indios ta\u00ednos. En su idioma, \u00abHaitises\u00bb se traduce a tierras altas o colinas, una referencia a las empinadas formaciones geol\u00f3gicas de la costa con calizas. Avent\u00farate en el parque para explorar cuevas como la Cueva de la Arena y la Cueva de la L\u00ednea.<\/p>\n<p>Grottorna i reservatet anv\u00e4ndes som skydd av Ta\u00edno-indianerna och senare av g\u00f6mda pirater. Leta efter ritningar av indianer som dekorerar n\u00e5gra av v\u00e4ggarna.<\/p>\n<p>Efter att ha bes\u00f6kt Los Haitises nationalpark \u00e5ker vi till Cano Hondo. I Cano Hondo kommer du att l\u00e4ra dig om denna ekologiska historia och \u00e4ta lunch med den typiska maten fr\u00e5n Sabana de la mar-samh\u00e4llet.<\/p>\n<p>Lunchen kommer att bli uts\u00f6kt men vi \u00e4r inte klara \u00e4n. Efter lunch simmar vi i de naturliga poolerna fr\u00e5n Jibalesfloden, en flod till floden Ca\u00f1o Hondo. N\u00e4r vi stannar i Ca\u00f1o Hondo till 16:00 och \u00e5terv\u00e4nder till hamnen i Saman\u00e1, kommer vi att passera genom mangroven igen och anl\u00e4nda till den \u00f6ppna bukten San Lorenzo, varifr\u00e5n du kan fotografera det karga skogslandskapet. Titta ut i vattnet f\u00f6r att se sj\u00f6kor, kr\u00e4ftdjur och delfiner.<\/p>\n<p>Tills nu kommer du att g\u00f6ra upp med reseledaren och efter detta g\u00e5 till hamnen i Cano Hondo och ta en b\u00e5t tillbaka till hamnen i Saman\u00e1 passera bukten Saman\u00e1 30 minuter.<\/p>\n<p>Om du gillar den h\u00e4r resan mer har vi dessa alternativ:<\/p>\n<p>Los Haitises + Cayo Levantado fr\u00e5n hamnen i Saman\u00e1.<\/p>\n<h3><em>Vad ska du ta med?<\/em><\/h3>\n<ul>\n<li>Kamera<\/li>\n<li>Repellenter<\/li>\n<li>Solskydd<\/li>\n<li>Hatt<\/li>\n<li>Bekv\u00e4ma byxor<\/li>\n<li>Skogsvandringsskor<\/li>\n<li>Sandaler till v\u00e5romr\u00e5den.<\/li>\n<li>Baddr\u00e4kt<\/li>\n<\/ul>\n<h3><em>Hotellh\u00e4mtning<\/em><\/h3>\n<p>Hotellh\u00e4mtning erbjuds inte f\u00f6r denna turn\u00e9.<\/p>\n<p><strong>Notera:<\/strong> Om du bokar inom 24 timmar efter turn\u00e9ns\/utflyktens avg\u00e5ngstid kan vi ordna hotellh\u00e4mtning med extra avgifter. N\u00e4r ditt k\u00f6p \u00e4r klart skickar vi fullst\u00e4ndig kontaktinformation (telefonnummer, e-postadress, etc.) till dig s\u00e5 att v\u00e5r lokala reseguide kan ordna h\u00e4mtning.<\/p>\n<h3>Bekr\u00e4ftelse av ytterligare information<\/h3>\n<ol>\n<li>Biljetterna \u00e4r kvittot efter betalning f\u00f6r denna turn\u00e9. Du kan visa betalningen p\u00e5 din telefon.<\/li>\n<li>M\u00f6tesplatsen kommer att tas emot efter bokningsprocessen.<\/li>\n<li>Barn m\u00e5ste \u00e5tf\u00f6ljas av en vuxen.<\/li>\n<li>Ej rullstolsanpassat<\/li>\n<li>Sp\u00e4dbarn ska sitta i sp\u00e4dbarnsstolar eller tillsammans med en vuxen<\/li>\n<li>Rekommenderas inte f\u00f6r resen\u00e4rer med ryggproblem.<\/li>\n<li>Rekommenderas inte f\u00f6r gravida kvinnor.<\/li>\n<li>Inga hj\u00e4rtproblem eller andra allvarliga medicinska tillst\u00e5nd.<\/li>\n<li>De flesta resen\u00e4rer kan delta.<\/li>\n<\/ol>\n<h3><em>Avbokningsregler<\/em><\/h3>\n<p>F\u00f6r full \u00e5terbetalning, avboka minst 24 timmar innan upplevelsens startdatum.<\/p>\n\n\t\t<\/div>\n\t<\/div>\n<\/div><\/div><\/div><\/div><div class=\"vc_row wpb_row vc_row-fluid\" ><div class=\"wpb_column vc_column_container vc_col-sm-12\"><div class=\"vc_column-inner\"><div class=\"wpb_wrapper\"><div class=\"vc_empty_space\"   style=\"height: 32px\"><span class=\"vc_empty_space_inner\"><\/span><\/div>\n\t<div class=\"wpb_video_widget wpb_content_element vc_clearfix   vc_video-aspect-ratio-169 vc_video-el-width-100 vc_video-align-left\" >\n\t\t<div class=\"wpb_wrapper\">\n\t\t\t\n\t\t\t<div class=\"wpb_video_wrapper\"><iframe loading=\"lazy\" title=\"Los Haitises nationalpark, turer och utflykter fr\u00e5n Samana eller Sabana de la Mar. Boka h\u00e4r:\" src=\"https:\/\/player.vimeo.com\/video\/346508015?dnt=1&amp;app_id=122963\" width=\"1100\" height=\"619\" frameborder=\"0\" allow=\"autoplay; fullscreen\" allowfullscreen><\/iframe><\/div>\n\t\t<\/div>\n\t<\/div>\n<\/div><\/div><\/div><\/div><div class=\"vc_row wpb_row vc_row-fluid\" ><div class=\"wpb_column vc_column_container vc_col-sm-12\"><div class=\"vc_column-inner\"><div class=\"wpb_wrapper\"><div class=\"vc_empty_space\"   style=\"height: 32px\"><span class=\"vc_empty_space_inner\"><\/span><\/div>\n\t<div class=\"wpb_text_column wpb_content_element\" >\n\t\t<div class=\"wpb_wrapper\">\n\t\t\t<h4>Kontakta oss?<\/h4>\n<h5>\u00c4ventyrsreservationer<\/h5>\n<p><em>Reseguider<\/em> <em><strong>lokal<\/strong><\/em> och <strong><em>nationell<\/em><\/strong> &amp;<em>\u00a0g\u00e4sttj\u00e4nster<\/em><\/p>\n<p>Bokningar: Rundturer och utflykter i Dom. Rep.<\/p>\n<p>Tel\/Whatsapp +1-809-720-6035.<\/p>\n<p>info@bookingadventures.com.do<\/p>\n<p>Vi \u00e4r privata turer med flexibel konfiguration via Whatsapp: +18097206035.<\/p>\n\n\t\t<\/div>\n\t<\/div>\n<div class=\"vc_empty_space\"   style=\"height: 32px\"><span class=\"vc_empty_space_inner\"><\/span><\/div><\/div><\/div><\/div><\/div>","protected":false},"excerpt":{"rendered":"<p><strong>V\u00e4lj datum f\u00f6r turn\u00e9n\u00a0<\/strong><\/p>","protected":false},"featured_media":104,"template":"","meta":[],"product_brand":[],"product_cat":[119,96,144,98,135,121,99,122,443,123,124],"product_tag":[126,127,128,145,132,133,146,147,148,143],"class_list":{"0":"post-551","1":"product","2":"type-product","3":"status-publish","4":"has-post-thumbnail","6":"product_cat-caves","7":"product_cat-hiking","8":"product_cat-kayaking","9":"product_cat-local-tour-guides","10":"product_cat-lunch","11":"product_cat-mangroves","12":"product_cat-swimming-natural-springs","13":"product_cat-tours-and-excursions","14":"product_cat-tours-y-excursiones-es","15":"product_cat-tours-excursions-los-haitises-national-park","16":"product_cat-tours-excursions-samana-bay-dominican-republic","17":"product_tag-cano-hondo","18":"product_tag-cano-hondo-hotel","19":"product_tag-cano-hondo-tours","20":"product_tag-day-tour-cano-hondo","21":"product_tag-los-haitises","22":"product_tag-los-haitises-national-park","23":"product_tag-mangroves-los-haitises","24":"product_tag-samana-bay","25":"product_tag-samana-excursions","26":"product_tag-samana-tours","28":"first","29":"instock","30":"sale","31":"sold-individually","32":"shipping-taxable","33":"product-type-external"},"_links":{"self":[{"href":"https:\/\/haitises.com\/sv\/wp-json\/wp\/v2\/product\/551","targetHints":{"allow":["GET"]}}],"collection":[{"href":"https:\/\/haitises.com\/sv\/wp-json\/wp\/v2\/product"}],"about":[{"href":"https:\/\/haitises.com\/sv\/wp-json\/wp\/v2\/types\/product"}],"wp:featuredmedia":[{"embeddable":true,"href":"https:\/\/haitises.com\/sv\/wp-json\/wp\/v2\/media\/104"}],"wp:attachment":[{"href":"https:\/\/haitises.com\/sv\/wp-json\/wp\/v2\/media?parent=551"}],"wp:term":[{"taxonomy":"product_brand","embeddable":true,"href":"https:\/\/haitises.com\/sv\/wp-json\/wp\/v2\/product_brand?post=551"},{"taxonomy":"product_cat","embeddable":true,"href":"https:\/\/haitises.com\/sv\/wp-json\/wp\/v2\/product_cat?post=551"},{"taxonomy":"product_tag","embeddable":true,"href":"https:\/\/haitises.com\/sv\/wp-json\/wp\/v2\/product_tag?post=551"}],"curies":[{"name":"wp","href":"https:\/\/api.w.org\/{rel}","templated":true}]}}