{"id":55,"date":"2020-06-14T11:56:47","date_gmt":"2020-06-14T11:56:47","guid":{"rendered":"http:\/\/haitises.com\/product\/import-placeholder-for-9059\/"},"modified":"2024-01-07T07:41:40","modified_gmt":"2024-01-07T07:41:40","slug":"los-haitises-national-park-tour-fran-punta-cana-montana-round-cano-hondo","status":"publish","type":"product","link":"https:\/\/haitises.com\/sv\/privat\/los-haitises-national-park-tour-fran-punta-cana-montana-round-cano-hondo\/","title":{"rendered":"Los Haitises National Park Tour fr\u00e5n Punta Cana, Montana Redonda och Cano Hondo"},"content":{"rendered":"<div class=\"vc_row wpb_row vc_row-fluid\" ><div class=\"wpb_column vc_column_container vc_col-sm-12\"><div class=\"vc_column-inner\"><div class=\"wpb_wrapper\">[mkdf_section_title title_tag=\u00bb\u00bb disable_break_words=\u00bbno\u00bb subtitle_tag=\u00bb\u00bb title=\u00bbLos Haitises National Park Tour from Punta Cana, Montana Redonda &amp; Cano Hondo Day Trip.\u00bb subtitle=\u00bbTransportation &amp; Lunch Included\u00bb]<\/div><\/div><\/div><\/div><div class=\"vc_row wpb_row vc_row-fluid\" ><div class=\"wpb_column vc_column_container vc_col-sm-12\"><div class=\"vc_column-inner\"><div class=\"wpb_wrapper\">\n\t<div class=\"wpb_text_column wpb_content_element\" >\n\t\t<div class=\"wpb_wrapper\">\n\t\t\t<h3>Los Haitises National Park Tour fr\u00e5n Punta Cana, Montana Redonda och Cano Hondo<\/h3>\n<h4><b><i>\u00d6versikt <\/i><\/b><\/h4>\n<p>Los Haitises National Park Tour fr\u00e5n Punta Cana Dagstur. Med start fr\u00e5n ditt hotell i Punta Cana eller Bavaro. Vi kommer att k\u00f6ra med v\u00e5r reseguide till Montana Redonda. D\u00e4r du har tid att ta fantastiska bilder fr\u00e5n en av de mest imponerande vyerna i Dominikanska republiken. Efter detta f\u00f6rsta stopp forts\u00e4tter vi att bes\u00f6ka Los Haitises nationalpark, lite snacks och typiska drinkar medan vi g\u00e5r runt mangrover, grottor och ber\u00f6mda klipp\u00f6ar som i Jurassic Park. Efter att ha bes\u00f6kt Los Haitises nationalpark v\u00e4ntar lunch p\u00e5 oss i Ca\u00f1o Hondo. Efter lokal och gastronomisk lokal lunch m\u00e5ste du ha tid att simma i de unika naturliga poolerna vattnet kommer fr\u00e5n Los Haitises nationalpark.<\/p>\n<p>Efter denna upplevelse kommer du tillbaka till Punta Cana Community d\u00e4r vi h\u00e4mtar dig.<\/p>\n<ul>\n<li style=\"font-weight: 400;\">Avgifter ing\u00e5r<\/li>\n<li>Lunch<\/li>\n<li>Snacks<\/li>\n<li style=\"font-weight: 400;\">Lokal reseguide p\u00e5 engelska eller franska<\/li>\n<li>Transport<\/li>\n<li>B\u00e5tresa<\/li>\n<li>Montana Redonda<\/li>\n<li>Deep Pipe<\/li>\n<\/ul>\n<p>&nbsp;<\/p>\n<h4><b>Inklusioner och undantag<\/b><\/h4>\n<p>&nbsp;<\/p>\n<p><b>Inklusioner<\/b><\/p>\n<ol>\n<li style=\"font-weight: 400;\">Los Haitises Tour + grottor och piktogram<\/li>\n<li>Montana Redonda<\/li>\n<li>Deep Pipe<\/li>\n<li>Lunch<\/li>\n<li>H\u00e4mta hotell i Punta Cana-omr\u00e5dena.<\/li>\n<li style=\"font-weight: 400;\"><span style=\"font-weight: 400;\">Alla skatter, avgifter och hanteringsavgifter<\/span><\/li>\n<li style=\"font-weight: 400;\"><span style=\"font-weight: 400;\">Lokala skatter<\/span><\/li>\n<li style=\"font-weight: 400;\"><span style=\"font-weight: 400;\">Drycker<\/span><\/li>\n<li>Snacks<\/li>\n<li style=\"font-weight: 400;\"><span style=\"font-weight: 400;\">Alla aktiviteter<\/span><\/li>\n<li style=\"font-weight: 400;\"><span style=\"font-weight: 400;\">Lokal guide<\/span><\/li>\n<\/ol>\n<p><b> Uteslutningar<\/b><\/p>\n<ol>\n<li style=\"font-weight: 400;\"><span style=\"font-weight: 400;\">Dricks<\/span><\/li>\n<li style=\"font-weight: 400;\"><span style=\"font-weight: 400;\">Alkoholhaltiga drycker<\/span><\/li>\n<\/ol>\n<p>&nbsp;<\/p>\n<h4><em><strong>Avresa och retur<\/strong><\/em><\/h4>\n<p><span style=\"font-weight: 400;\">Resen\u00e4ren kommer att f\u00e5 en m\u00f6tesplats efter bokningsprocessen. Turerna startar och slutar vid dina m\u00f6tesplatser.<\/span><\/p>\n<h4><\/h4>\n<h3>Los Haitises National Park Tour fr\u00e5n Punta Cana, Montana Redonda och Cano Hondo.<\/h3>\n<h4><b><i>Vad du kan f\u00f6rv\u00e4nta?<\/i><\/b><\/h4>\n<p><em><strong>Skaffa dina biljetter<\/strong><\/em> f\u00f6r att bes\u00f6ka Los Haitises National Park Tour fr\u00e5n Punta Cana. Heldagsutflykt. Med start fr\u00e5n Punta Cana, Dominikanska republiken. Ta transporten med v\u00e5r lokala reseguide f\u00f6r att bes\u00f6ka Montana Redonda-vyerna, Los Haitises nationalpark i Sabana de la Mar och lunchtid i Ca\u00f1o Hondo.<\/p>\n<p>The tour, organized by \u00abBooking Adventures\u00bb starts at the meeting point set with the Tour Guide. Come with Booking Adventures and start checking some bird-filled mangroves, rolling hills of lush vegetation and caves of <em><strong>Los Haitises nationalpark<\/strong><\/em>. Bes\u00f6ker \u00f6n med f\u00e5glar runt omkring. Under h\u00e4ckningss\u00e4songen kan vi till och med se Pelecanos-kycklingarna p\u00e5 bon. F\u00e5 mer inuti Klippiga \u00f6arna och bes\u00f6ka grottorna med piktogram och petrografier fr\u00e5n ursprungsbefolkningen.<\/p>\n<p>Genom mangrove och land vid den \u00f6ppna San Lorenzo Bay, Sabana de la Mar varifr\u00e5n du kan fotografera det karga skogslandskapet. Titta p\u00e5 vattnet f\u00f6r att uppt\u00e4cka <em><strong>Manater<\/strong><\/em>, kr\u00e4ftdjur och <em><strong>Delfiner.<\/strong><\/em><\/p>\n<div class=\"body-description secondary\">\n<p>Nationalparkens namn kommer fr\u00e5n dess ursprungliga inv\u00e5nare, Taino-indianerna. P\u00e5 deras spr\u00e5k \u00f6vers\u00e4tts &quot;haitiser&quot; till h\u00f6gland eller kullar, en referens till kustlinjens branta geologiska formationer med kalkstenar. G\u00e5 djupare in i parken f\u00f6r att utforska grottor som Cueva San Gabriel, <em><strong>Sandgrotta, <\/strong><\/em>och <strong><em>Line Cave.<\/em><\/strong><\/p>\n<p>Dessa grottor i reservatet anv\u00e4ndes som skydd av Taino-indianerna och, senare, genom att g\u00f6mma pirater. Leta efter teckningar av indianer som pryder n\u00e5gra av v\u00e4ggarna.<\/p>\n<p>\u00c4ven Montana Redonda (Round Mountain) i Miches, \u00e4r en of\u00f6rgl\u00f6mlig plats, omgiven av naturen p\u00e5 landsbygden, njut av en panoramautsikt, d\u00e4r reflektionen av lagunerna kombineras med soluppg\u00e5ngen p\u00e5 stranden och solnedg\u00e5ngen med bergens gr\u00f6na , ren luft och sjungande f\u00e5glar, frid och lugn som fyller v\u00e5r \u00f6nskan att stanna.<\/p>\n<\/div>\n<p>Plus Ca\u00f1o Hondo Fantastiskt komplex p\u00e5 en bergstopp med hisnande utsikt till en vik full av natur och Samanabukten l\u00e4ngst ner. Det \u00e4r som om du levde i ett regnskogsparadis med vacker stil och s\u00e5 avkopplande och tyst. Med tillg\u00e5ng till poolerna som kommer fr\u00e5n en naturlig flod fr\u00e5n Los Haitises nationalpark.<\/p>\n<div class=\"body-description secondary\">\n<p>Det h\u00e4r st\u00e4llet \u00e4r d\u00e4r vi kommer att \u00e4ta en typisk lunch, om du \u00e4r vegan, oroa dig inte, vi har ocks\u00e5 mat f\u00f6r dig!<\/p>\n<p>Efter lunch \u00e5ker vi tillbaka till Punta Cana!!<\/p>\n<\/div>\n<p>Om du skulle gilla denna resa l\u00e4ngre eller kortare \u00e4r det bara att kontakta oss.<\/p>\n<p>&nbsp;<\/p>\n<h4><em><strong>Vad ska du ta med?<\/strong><\/em><\/h4>\n<ul>\n<li style=\"font-weight: 400;\"><span style=\"font-weight: 400;\">kamera<\/span><\/li>\n<li style=\"font-weight: 400;\"><span style=\"font-weight: 400;\">Avvisande knoppar<\/span><\/li>\n<li style=\"font-weight: 400;\"><span style=\"font-weight: 400;\">solkr\u00e4m<\/span><\/li>\n<li style=\"font-weight: 400;\"><span style=\"font-weight: 400;\">Hatt<\/span><\/li>\n<li style=\"font-weight: 400;\"><span style=\"font-weight: 400;\">Bekv\u00e4ma byxor<\/span><\/li>\n<li style=\"font-weight: 400;\"><span style=\"font-weight: 400;\">Vandringsskor f\u00f6r skog<\/span><\/li>\n<li style=\"font-weight: 400;\"><span style=\"font-weight: 400;\">Sandaler till v\u00e5romr\u00e5dena.<\/span><\/li>\n<li style=\"font-weight: 400;\"><span style=\"font-weight: 400;\">Badkl\u00e4der<\/span><\/li>\n<\/ul>\n<p>&nbsp;<\/p>\n<h4><b><i>Hotellh\u00e4mtning <\/i><\/b><\/h4>\n<p><span style=\"font-weight: 400;\">Hotellh\u00e4mtning erbjuds f\u00f6r denna turn\u00e9. V\u00e4lj hotellnamn och tid h\u00e4r. Kontakta oss om ditt hotell inte finns med p\u00e5 listan.<\/span><\/p>\n<p>&nbsp;<\/p>\n<p><b>Notera:<\/b><span style=\"font-weight: 400;\"> Om du \u00e4r bokad inom 24 timmar efter turn\u00e9ns\/utflyktens avg\u00e5ngstid, kan vi ordna hotellh\u00e4mtning. N\u00e4r ditt k\u00f6p \u00e4r klart skickar vi fullst\u00e4ndig kontaktinformation (telefonnummer, e-postadress, etc.) till dig f\u00f6r att v\u00e5r lokala reseguide ska kunna ordna h\u00e4mtning.<\/span><\/p>\n<h4><b><i>Ytterligare information Bekr\u00e4ftelse <\/i><\/b><\/h4>\n<ol>\n<li>Biljetter \u00e4r kvittot efter betalning av denna turn\u00e9. Du kan visa betalningen p\u00e5 din telefon.<\/li>\n<li style=\"font-weight: 400;\"><span style=\"font-weight: 400;\">M\u00f6tesplats kommer att tas emot efter bokningsprocessen.<\/span><\/li>\n<li style=\"font-weight: 400;\"><span style=\"font-weight: 400;\">Barn m\u00e5ste \u00e5tf\u00f6ljas av en vuxen.<\/span><\/li>\n<li style=\"font-weight: 400;\"><span style=\"font-weight: 400;\"> Ej rullstolsanpassat <\/span><\/li>\n<li style=\"font-weight: 400;\"><span style=\"font-weight: 400;\">Sp\u00e4dbarn m\u00e5ste sitta i kn\u00e4 <\/span><\/li>\n<li style=\"font-weight: 400;\"><span style=\"font-weight: 400;\">Rekommenderas inte f\u00f6r resen\u00e4rer med ryggproblem<\/span><\/li>\n<li style=\"font-weight: 400;\"><span style=\"font-weight: 400;\">Rekommenderas inte f\u00f6r gravida resen\u00e4rer <\/span><\/li>\n<li style=\"font-weight: 400;\"><span style=\"font-weight: 400;\"> Inga hj\u00e4rtproblem eller andra allvarliga medicinska tillst\u00e5nd <\/span><\/li>\n<li style=\"font-weight: 400;\"><span style=\"font-weight: 400;\">De flesta resen\u00e4rer kan delta<\/span><\/li>\n<\/ol>\n<h4><b><i>Avbokningsregler<\/i><\/b><\/h4>\n<p><span style=\"font-weight: 400;\">F\u00f6r full \u00e5terbetalning, avboka minst 24 timmar f\u00f6re startdatumet f\u00f6r upplevelsen. Pengar g\u00e5r f\u00f6rlorade om bokningen avbokas samma dag som resan.<\/span><\/p>\n\n\t\t<\/div>\n\t<\/div>\n<\/div><\/div><\/div><\/div><div class=\"vc_row wpb_row vc_row-fluid\" ><div class=\"wpb_column vc_column_container vc_col-sm-12\"><div class=\"vc_column-inner\"><div class=\"wpb_wrapper\"><div class=\"vc_empty_space\"   style=\"height: 32px\"><span class=\"vc_empty_space_inner\"><\/span><\/div>\n\t<div class=\"wpb_video_widget wpb_content_element vc_clearfix   vc_video-aspect-ratio-169 vc_video-el-width-100 vc_video-align-left\" >\n\t\t<div class=\"wpb_wrapper\">\n\t\t\t<h2 class=\"wpb_heading wpb_video_heading\">Los Haitises National Park Video:<\/h2>\n\t\t\t<div class=\"wpb_video_wrapper\"><iframe loading=\"lazy\" title=\"Los Haitises nationalpark, turer och utflykter fr\u00e5n Samana eller Sabana de la Mar. Boka h\u00e4r:\" src=\"https:\/\/player.vimeo.com\/video\/346508015?dnt=1&amp;app_id=122963\" width=\"1100\" height=\"619\" frameborder=\"0\" allow=\"autoplay; fullscreen\" allowfullscreen><\/iframe><\/div>\n\t\t<\/div>\n\t<\/div>\n<div class=\"vc_empty_space\"   style=\"height: 32px\"><span class=\"vc_empty_space_inner\"><\/span><\/div><\/div><\/div><\/div><\/div><div class=\"vc_row wpb_row vc_row-fluid\" ><div class=\"wpb_column vc_column_container vc_col-sm-12\"><div class=\"vc_column-inner\"><div class=\"wpb_wrapper\"><div class=\"vc_empty_space\"   style=\"height: 32px\"><span class=\"vc_empty_space_inner\"><\/span><\/div>\n\t<div class=\"wpb_text_column wpb_content_element\" >\n\t\t<div class=\"wpb_wrapper\">\n\t\t\t<h4>Kontakta oss?<\/h4>\n<h5><em><strong>Bokning \u00e4ventyr<\/strong><\/em><\/h5>\n<p><em><strong>Lokalbefolkningen<\/strong>\u00a0och\u00a0<strong>Nationals<\/strong>\u00a0Reseguider och g\u00e4sttj\u00e4nster<\/em><\/p>\n<p><span class=\"text-turquoise\">Bokningar:<\/span>\u00a0Rundturer och utflykter i Dom. Rep.<\/p>\n<p><img decoding=\"async\" class=\"emoji\" draggable=\"false\" src=\"https:\/\/s.w.org\/images\/core\/emoji\/11.2.0\/svg\/1f4de.svg\" alt=\"\ud83d\udcde\" title=\"\">\u00a0Tel\/Whatsapp\u00a0\u00a0<a href=\"tel:+1-809-720-6035\">+1-809-720-6035<\/a>.<\/p>\n<p><img decoding=\"async\" class=\"emoji\" draggable=\"false\" src=\"https:\/\/s.w.org\/images\/core\/emoji\/11.2.0\/svg\/1f4e9.svg\" alt=\"\ud83d\udce9\" title=\"\">\u00a0<a href=\"mailto:info@bookingadventures.com.do\">info@bookingadventures.com.do<\/a><\/p>\n<p><strong>Vi \u00e4r flexibla med privata turer med Whatsapp:\u00a0<a href=\"tel:+18097206035\">+18097206035.<\/a><\/strong><\/p>\n\n\t\t<\/div>\n\t<\/div>\n<div class=\"vc_empty_space\"   style=\"height: 32px\"><span class=\"vc_empty_space_inner\"><\/span><\/div><\/div><\/div><\/div><\/div>","protected":false},"excerpt":{"rendered":"<p>Utflykt fr\u00e5n Punta Cana f\u00f6r att bes\u00f6ka Los Haitises nationalpark, Montana Redonda och Cano Hondo. Inkluderar lunch och transport f\u00f6r ett bes\u00f6k i de 3 huvudgrottorna, en utforskning av 2 olika mangrove-ekosystem, vyer och simbass\u00e4nger.<\/p>\n<p>Heldagsutflykt till Los Haitises nationalpark med en lokal reseguide. Bes\u00f6ker Cays i Los Haitises nationalpark, mangrover, vegetation, f\u00e5gelsk\u00e5dning, grottor, piktogram och de historiska omr\u00e5dena Sabana de la Mar i Los Haitises nationalpark. Fantastisk utsikt i Montana Redonda och lunch plus pooler i Cano Hondo.<\/p>\n<p>&nbsp;<\/p>\n<p><strong>V\u00e4lj datum f\u00f6r turn\u00e9n:\u00a0<\/strong><\/p>","protected":false},"featured_media":292,"template":"","meta":[],"product_brand":[],"product_cat":[119,120,135,121,122,259],"product_tag":[126,127,128,206,145,260,225,132,133,213,215,261,146,262,141,263,226],"class_list":{"0":"post-55","1":"product","2":"type-product","3":"status-publish","4":"has-post-thumbnail","6":"product_cat-caves","7":"product_cat-fees-entrace","8":"product_cat-lunch","9":"product_cat-mangroves","10":"product_cat-tours-and-excursions","11":"product_cat-tours-excursions-punta-cana-dominican-republic","12":"product_tag-cano-hondo","13":"product_tag-cano-hondo-hotel","14":"product_tag-cano-hondo-tours","15":"product_tag-caves-los-haitises","16":"product_tag-day-tour-cano-hondo","17":"product_tag-day-trip-punta-cana","18":"product_tag-las-terrenas","19":"product_tag-los-haitises","20":"product_tag-los-haitises-national-park","21":"product_tag-los-haitises-national-park-map","22":"product_tag-los-haitises-national-park-tour-from-las-terrenas","23":"product_tag-los-haitises-national-park-tours-excursions","24":"product_tag-mangroves-los-haitises","25":"product_tag-montana-redonda-tours-excursion","26":"product_tag-punta-cana","27":"product_tag-punta-cana-tours-excursions","28":"product_tag-transportation-los-haitises","30":"first","31":"instock","32":"sale","33":"sold-individually","34":"shipping-taxable","35":"product-type-external"},"_links":{"self":[{"href":"https:\/\/haitises.com\/sv\/wp-json\/wp\/v2\/product\/55","targetHints":{"allow":["GET"]}}],"collection":[{"href":"https:\/\/haitises.com\/sv\/wp-json\/wp\/v2\/product"}],"about":[{"href":"https:\/\/haitises.com\/sv\/wp-json\/wp\/v2\/types\/product"}],"wp:featuredmedia":[{"embeddable":true,"href":"https:\/\/haitises.com\/sv\/wp-json\/wp\/v2\/media\/292"}],"wp:attachment":[{"href":"https:\/\/haitises.com\/sv\/wp-json\/wp\/v2\/media?parent=55"}],"wp:term":[{"taxonomy":"product_brand","embeddable":true,"href":"https:\/\/haitises.com\/sv\/wp-json\/wp\/v2\/product_brand?post=55"},{"taxonomy":"product_cat","embeddable":true,"href":"https:\/\/haitises.com\/sv\/wp-json\/wp\/v2\/product_cat?post=55"},{"taxonomy":"product_tag","embeddable":true,"href":"https:\/\/haitises.com\/sv\/wp-json\/wp\/v2\/product_tag?post=55"}],"curies":[{"name":"wp","href":"https:\/\/api.w.org\/{rel}","templated":true}]}}