{"id":128,"date":"2020-06-14T11:57:48","date_gmt":"2020-06-14T11:57:48","guid":{"rendered":"http:\/\/haitises.com\/product\/import-placeholder-for-9373\/"},"modified":"2024-04-22T15:59:45","modified_gmt":"2024-04-22T15:59:45","slug":"playa-rincon-rincon-beach-playa-fronton-playa-madame-beach-samana-dominican-republic","status":"publish","type":"product","link":"https:\/\/haitises.com\/sv\/privat\/playa-rincon-rincon-beach-playa-fronton-playa-madame-beach-samana-dominican-republic\/","title":{"rendered":"Playa Rinc\u00f3n (Rincon Beach), Playa Fronton + Playa Madame Beach, Saman\u00e1 - Dominikanska republiken."},"content":{"rendered":"<div class=\"vc_row wpb_row vc_row-fluid\" ><div class=\"wpb_column vc_column_container vc_col-sm-12\"><div class=\"vc_column-inner\"><div class=\"wpb_wrapper\">[mkdf_section_title title_tag=\u00bb\u00bb disable_break_words=\u00bbno\u00bb subtitle_tag=\u00bb\u00bb title=\u00bbPlaya Rinc\u00f3n, Playa Fronton + Playa Madame Beach, Saman\u00e1 &#8211; Dominican Republic.\u00bb subtitle=\u00bbLunch, Boat Ride and Private Transportation From Hotels.\u00bb]\n\t<div class=\"wpb_text_column wpb_content_element\" >\n\t\t<div class=\"wpb_wrapper\">\n\t\t\t<h3>Playa Rinc\u00f3n, Playa Fronton + Playa Madame Beach, Saman\u00e1 &#8211; Dominican Republic. Samana day trip.<\/h3>\n<h4><b><i>\u00d6versikt <\/i><\/b><\/h4>\n<p>The trip start at Picking you up in Your hotel or airbnb in Samana area. Discover with us the 3 secret and wild beaches of the region El Rincon beach, Playa madame and Playa Fronton . One of the most beautiful excursions on the Saman\u00e1&#8217;s peninsula. Enter the unique atmosphere of Playa Front\u00f3n, a beach only reachable by boat surrounded by a coral reef around which you can snorkel, swim with fishes and discover its corals and relax and enjoy the amazing scenery. Relaxing, swimming and then departure to Playa madame, another and isolated perfect beach for snorkeling,where you can also visit a cave and take great videos or Photos for awesome memories.<\/p>\n<p>You will have lunch with your toes in the sand to the sound of Merengue and Bachata at \u00abEl Paraiso\u00bb &#8211; The last restaurant before the jungle &#8211; where you will be served a complete meal including a fish dish, accompanied by local drinks and cocktails. On the way back we will stop at El Rincon Beach, here you will find a natural pearl that is considered one of the most beautiful beaches in the country. The white, fine sand, the turquoise sea and the meter-high palm trees speak for themselves.<\/p>\n<p>&nbsp;<\/p>\n<ul>\n<li><span style=\"font-weight: 400;\">Lokal guide med erfarenhet av s\u00e4kerhet i omr\u00e5det.<\/span><\/li>\n<li>Snorkel<\/li>\n<li>Private Transportation<\/li>\n<li style=\"font-weight: 400;\">Avgifter ing\u00e5r<\/li>\n<li>Lunch p\u00e5 stranden<\/li>\n<li>Boat ride<\/li>\n<li style=\"font-weight: 400;\">Local Tour Guide in Spanish,English or French.<\/li>\n<li>Vandring<\/li>\n<\/ul>\n<p>&nbsp;<\/p>\n<h4><b>Inklusioner och undantag<\/b><\/h4>\n<p>&nbsp;<\/p>\n<p><b>Inklusioner<\/b><\/p>\n<ol>\n<li><span style=\"font-weight: 400;\">Lokal guide med erfarenhet av s\u00e4kerhet i omr\u00e5det.<\/span><\/li>\n<li>Privat transport f\u00f6r sm\u00e5 grupper<\/li>\n<li>Snorkel<\/li>\n<li style=\"font-weight: 400;\">El Rincon Beach<\/li>\n<li>Madame Beach<\/li>\n<li>Fronton Beach<\/li>\n<li style=\"font-weight: 400;\"><span style=\"font-weight: 400;\">Alla skatter, avgifter och hanteringsavgifter<\/span><\/li>\n<li style=\"font-weight: 400;\"><span style=\"font-weight: 400;\">Lokala skatter<\/span><\/li>\n<li>Lunch p\u00e5 stranden<\/li>\n<li>Vandring<\/li>\n<li style=\"font-weight: 400;\"><span style=\"font-weight: 400;\">Alla aktiviteter<\/span><\/li>\n<\/ol>\n<p><b> Uteslutningar<\/b><\/p>\n<ol>\n<li style=\"font-weight: 400;\"><span style=\"font-weight: 400;\">Dricks<\/span><\/li>\n<\/ol>\n<h4><em><strong>Avresa och retur<\/strong><\/em><\/h4>\n<p><span style=\"font-weight: 400;\">Resen\u00e4ren kommer att f\u00e5 en m\u00f6tesplats efter bokningsprocessen. Turerna startar och slutar vid dina m\u00f6tesplatser.<\/span><\/p>\n<h3>Playa Rinc\u00f3n, Playa Fronton + Playa Madame Beach, Saman\u00e1 &#8211; Dominican Republic. Samana day trip.<\/h3>\n<h4><b><i>Vad du kan f\u00f6rv\u00e4nta?<\/i><\/b><\/h4>\n<p><em><strong>Skaffa dina biljetter<\/strong><\/em> for visiting Boca del diablo and Fronton Beach in Samana. Day Trip. Starting from Samana hotels areas, Visiting 3 of the most unique beaches around Dominican Republic.\u00a0 Playa Rinc\u00f3n is an unspoiled strip of white sand that stretches for about 2.5 miles (4 kilometers) along an undeveloped part of the coast. Fringed by a border of coconut palms and enclosed by mountain and cliff peaks at both ends, this secluded beach feels like a true utopia, cut off from civilization.<\/p>\n<p>After El Rincon beach\u00a0 we will be visiting Madame, This beach is a common first stop on a Snorkeling tour (including Playa Fronton, see below) and only accessible via boat or horse. While the scenery was dramatic and we loved checking out the nearby caves and hiking on the cliffs.<\/p>\n<p>Last option in our Trip is Fronton Beach. Here the water is super clear, a beautiful shade of blue, and the surrounding coral reef ensures the beach is very safe for swimming<\/p>\n<p>&nbsp;<\/p>\n<p>The tour, organized by \u00abBooking Adventures\u00bb starts at the meeting point set with our Tour Guide. Come with Booking Adventures and have lunch at the beach and enyoy the 3 most amazing beaches in Samana, Dominican Republic.<\/p>\n<div class=\"body-description secondary\">\n<p>&nbsp;<\/p>\n<\/div>\n<h4><em><strong>Vad ska du ta med?<\/strong><\/em><\/h4>\n<ul>\n<li style=\"font-weight: 400;\"><span style=\"font-weight: 400;\">kamera<\/span><\/li>\n<li style=\"font-weight: 400;\"><span style=\"font-weight: 400;\">Avvisande knoppar<\/span><\/li>\n<li style=\"font-weight: 400;\"><span style=\"font-weight: 400;\">solkr\u00e4m<\/span><\/li>\n<li>Vatten<\/li>\n<li style=\"font-weight: 400;\"><span style=\"font-weight: 400;\">Hatt<\/span><\/li>\n<li style=\"font-weight: 400;\"><span style=\"font-weight: 400;\">Bekv\u00e4ma byxor<\/span><\/li>\n<li style=\"font-weight: 400;\"><span style=\"font-weight: 400;\">Vandringsskor f\u00f6r skog<\/span><\/li>\n<li style=\"font-weight: 400;\"><span style=\"font-weight: 400;\">Sandaler till v\u00e5romr\u00e5dena.<\/span><\/li>\n<li style=\"font-weight: 400;\"><span style=\"font-weight: 400;\">Badkl\u00e4der<\/span><\/li>\n<\/ul>\n<p>&nbsp;<\/p>\n<h4><b><i>Hotellh\u00e4mtning <\/i><\/b><\/h4>\n<p><span style=\"font-weight: 400;\">Hotellh\u00e4mtning erbjuds f\u00f6r denna tur. <\/span><\/p>\n<p>&nbsp;<\/p>\n<p><b>Notera:<\/b><span style=\"font-weight: 400;\"> Om du bokar inom 24 timmar f\u00f6re avresan f\u00f6r turen\/exkursionen kan vi ordna upph\u00e4mtning p\u00e5 hotellet. Vi h\u00e4mtar bara i Samana-omr\u00e5det. N\u00e4r ditt k\u00f6p \u00e4r slutf\u00f6rt skickar vi dig fullst\u00e4ndig kontaktinformation (telefonnummer, e-postadress, etc.) f\u00f6r v\u00e5r lokala reseguide f\u00f6r att organisera upph\u00e4mtningsarrangemang.<\/span><\/p>\n<h4><b><i>Ytterligare information Bekr\u00e4ftelse <\/i><\/b><\/h4>\n<ol>\n<li>Biljetter \u00e4r kvittot efter betalning av denna turn\u00e9. Du kan visa betalningen p\u00e5 din telefon.<\/li>\n<li style=\"font-weight: 400;\"><span style=\"font-weight: 400;\">M\u00f6tesplats kommer att tas emot efter bokningsprocessen.<\/span><\/li>\n<li style=\"font-weight: 400;\"><span style=\"font-weight: 400;\">Barn m\u00e5ste \u00e5tf\u00f6ljas av en vuxen.<\/span><\/li>\n<li style=\"font-weight: 400;\"><span style=\"font-weight: 400;\"> Ej rullstolsanpassat <\/span><\/li>\n<li style=\"font-weight: 400;\"><span style=\"font-weight: 400;\">Sp\u00e4dbarn m\u00e5ste sitta i kn\u00e4 <\/span><\/li>\n<li style=\"font-weight: 400;\"><span style=\"font-weight: 400;\">Rekommenderas inte f\u00f6r resen\u00e4rer med ryggproblem<\/span><\/li>\n<li style=\"font-weight: 400;\"><span style=\"font-weight: 400;\">Rekommenderas inte f\u00f6r gravida resen\u00e4rer <\/span><\/li>\n<li style=\"font-weight: 400;\"><span style=\"font-weight: 400;\"> Inga hj\u00e4rtproblem eller andra allvarliga medicinska tillst\u00e5nd <\/span><\/li>\n<li style=\"font-weight: 400;\"><span style=\"font-weight: 400;\">De flesta resen\u00e4rer kan delta<\/span><\/li>\n<\/ol>\n<h4><b><i>Avbokningsregler<\/i><\/b><\/h4>\n<p><span style=\"font-weight: 400;\">F\u00f6r full \u00e5terbetalning, avboka minst 24 timmar f\u00f6re startdatumet f\u00f6r upplevelsen. Pengar g\u00e5r f\u00f6rlorade om bokningen avbokas samma dag som resan.<\/span><\/p>\n\n\t\t<\/div>\n\t<\/div>\n<\/div><\/div><\/div><\/div><div class=\"vc_row wpb_row vc_row-fluid\" ><div class=\"wpb_column vc_column_container vc_col-sm-12\"><div class=\"vc_column-inner\"><div class=\"wpb_wrapper\">\n\t<div class=\"wpb_video_widget wpb_content_element vc_clearfix   vc_video-aspect-ratio-169 vc_video-el-width-100 vc_video-align-left\" >\n\t\t<div class=\"wpb_wrapper\">\n\t\t\t<h2 class=\"wpb_heading wpb_video_heading\">Boca del diablo and Fronton beach<\/h2>\n\t\t\t<div class=\"wpb_video_wrapper\"><iframe loading=\"lazy\" title=\"The Saman\u00e1 Peninsula, Dominican Republic (DJI Phantom 4 4K)\" width=\"1100\" height=\"619\" src=\"https:\/\/www.youtube.com\/embed\/DYDXVm8Q_iM?feature=oembed\" frameborder=\"0\" allow=\"accelerometer; autoplay; encrypted-media; gyroscope; picture-in-picture\" allowfullscreen><\/iframe><\/div>\n\t\t<\/div>\n\t<\/div>\n<\/div><\/div><\/div><\/div><div class=\"vc_row wpb_row vc_row-fluid\" ><div class=\"wpb_column vc_column_container vc_col-sm-12\"><div class=\"vc_column-inner\"><div class=\"wpb_wrapper\"><div class=\"vc_empty_space\"   style=\"height: 32px\"><span class=\"vc_empty_space_inner\"><\/span><\/div>\n\t<div class=\"wpb_text_column wpb_content_element\" >\n\t\t<div class=\"wpb_wrapper\">\n\t\t\t<h4>Kontakta oss?<\/h4>\n<h5>Bokning \u00e4ventyr<\/h5>\n<p><em><strong>Lokalbefolkningen<\/strong>\u00a0och\u00a0<strong>Nationals<\/strong>\u00a0Reseguider och g\u00e4sttj\u00e4nster<\/em><\/p>\n<p><span class=\"text-turquoise\">Bokningar:<\/span>\u00a0Rundturer och utflykter i Dom. Rep.<\/p>\n<p><img decoding=\"async\" class=\"emoji\" draggable=\"false\" src=\"https:\/\/s.w.org\/images\/core\/emoji\/11.2.0\/svg\/1f4de.svg\" alt=\"\ud83d\udcde\" title=\"\">\u00a0Tel\/Whatsapp\u00a0\u00a0<a href=\"tel:+1-809-720-6035\">+1-809-720-6035<\/a>.<\/p>\n<p><img decoding=\"async\" class=\"emoji\" draggable=\"false\" src=\"https:\/\/s.w.org\/images\/core\/emoji\/11.2.0\/svg\/1f4e9.svg\" alt=\"\ud83d\udce9\" title=\"\">\u00a0<a href=\"mailto:info@bookingadventures.com.do\">info@bookingadventures.com.do<\/a><\/p>\n<p><strong>Vi \u00e4r flexibla med privata turer med Whatsapp:\u00a0<a href=\"tel:+18097206035\">+18097206035.<\/a><\/strong><\/p>\n\n\t\t<\/div>\n\t<\/div>\n<div class=\"vc_empty_space\"   style=\"height: 32px\"><span class=\"vc_empty_space_inner\"><\/span><\/div><\/div><\/div><\/div><\/div>","protected":false},"excerpt":{"rendered":"<p>The trip starts at Picking you up in Your hotel or Airbnb in the Samana area. Discover with us the 3 secret and wild beaches of the region El Rincon beach, Playa madame and Playa Fronton. One of the most beautiful excursions on Saman\u00e1&#8217;s peninsula. Enter the unique atmosphere of Playa Front\u00f3n, a beach only reachable by boat surrounded by a coral reef around which you can snorkel, swim with fishes and discover its corals and relax and enjoy the amazing scenery. Relaxing, swimming and then departure to Playa madame, another and isolated perfect beach for snorkeling, where you can also visit a cave and take great videos or Photos for awesome memories.<\/p>\n<p>&nbsp;<\/p>\n<p><strong>V\u00e4lj datum f\u00f6r turn\u00e9n:\u00a0<\/strong><\/p>","protected":false},"featured_media":414,"template":"","meta":[],"product_brand":[],"product_cat":[98,135,124],"product_tag":[329,330,331,332,333,201,334,270,148,143],"class_list":{"0":"post-128","1":"product","2":"type-product","3":"status-publish","4":"has-post-thumbnail","6":"product_cat-local-tour-guides","7":"product_cat-lunch","8":"product_cat-tours-excursions-samana-bay-dominican-republic","9":"product_tag-fronton-beach","10":"product_tag-madame-beach","11":"product_tag-playa-fronton-playa-madame-beach","12":"product_tag-playa-rincon","13":"product_tag-playa-rincon-tours","14":"product_tag-private-tours-samana","15":"product_tag-rincon-beach-tour","16":"product_tag-samana-dominican-republic","17":"product_tag-samana-excursions","18":"product_tag-samana-tours","20":"first","21":"instock","22":"sale","23":"sold-individually","24":"shipping-taxable","25":"product-type-external"},"_links":{"self":[{"href":"https:\/\/haitises.com\/sv\/wp-json\/wp\/v2\/product\/128","targetHints":{"allow":["GET"]}}],"collection":[{"href":"https:\/\/haitises.com\/sv\/wp-json\/wp\/v2\/product"}],"about":[{"href":"https:\/\/haitises.com\/sv\/wp-json\/wp\/v2\/types\/product"}],"wp:featuredmedia":[{"embeddable":true,"href":"https:\/\/haitises.com\/sv\/wp-json\/wp\/v2\/media\/414"}],"wp:attachment":[{"href":"https:\/\/haitises.com\/sv\/wp-json\/wp\/v2\/media?parent=128"}],"wp:term":[{"taxonomy":"product_brand","embeddable":true,"href":"https:\/\/haitises.com\/sv\/wp-json\/wp\/v2\/product_brand?post=128"},{"taxonomy":"product_cat","embeddable":true,"href":"https:\/\/haitises.com\/sv\/wp-json\/wp\/v2\/product_cat?post=128"},{"taxonomy":"product_tag","embeddable":true,"href":"https:\/\/haitises.com\/sv\/wp-json\/wp\/v2\/product_tag?post=128"}],"curies":[{"name":"wp","href":"https:\/\/api.w.org\/{rel}","templated":true}]}}