{"id":11691,"date":"2023-10-04T07:40:34","date_gmt":"2023-10-04T07:40:34","guid":{"rendered":"http:\/\/haitises.com\/?post_type=product&#038;p=11691"},"modified":"2024-10-18T11:25:39","modified_gmt":"2024-10-18T11:25:39","slug":"samana-day-trip-from-bayahibe-el-limon-waterfall-and-bacardi-island-3","status":"publish","type":"product","link":"https:\/\/haitises.com\/sv\/privat\/samana-day-trip-from-bayahibe-el-limon-waterfall-and-bacardi-island-3\/","title":{"rendered":"Dagsutflykt till Saman\u00e1 fr\u00e5n Bayahibe - vattenfallet El Lim\u00f3n och \u00f6n Bacardi"},"content":{"rendered":"<div class=\"vc_row wpb_row vc_row-fluid\" ><div class=\"wpb_column vc_column_container vc_col-sm-12\"><div class=\"vc_column-inner\"><div class=\"wpb_wrapper\">[mkdf_section_title title_tag=\u00bb\u00bb disable_break_words=\u00bbno\u00bb subtitle_tag=\u00bb\u00bb title=\u00bbSamana Day Trip From Bayahibe &#8211; El Limon Waterfall and Bacardi Island\u00bb subtitle=\u00bb(Pick-up in Bayahibe Hotels)\u00bb]<\/div><\/div><\/div><\/div><div class=\"vc_row wpb_row vc_row-fluid\" ><div class=\"wpb_column vc_column_container vc_col-sm-12\"><div class=\"vc_column-inner\"><div class=\"wpb_wrapper\">\n\t<div class=\"wpb_text_column wpb_content_element\" >\n\t\t<div class=\"wpb_wrapper\">\n\t\t\t<h4><b><i>\u00d6versikt <\/i><\/b><\/h4>\n<p>If you are in Bayahibe, Punta Cana or Bavaro, and wants to have a day trip paying less than usual, go ahead and book this trip. Within this trip, we will take you to Samana, where on a catamaran, you will be taken to Sabana de la Mar, a township of Hato Mayor the house of \u00a0Los Haitises National Park. This journey includes visiting the communities of Samana and El Limon where you will be able to do Horse Riding or Hiking to a waterfall right after crossing Samana Bay. The lunch will be served at Bacardi Island. The trips begins at 6:00am and ends by 6:30pm. Do your reservation now!<\/p>\n<p>After this experience,\u00a0 we will drop you off at Your Hotel.<\/p>\n<ul>\n<li style=\"font-weight: 400;\">Avgifter ing\u00e5r<\/li>\n<li>Lunch p\u00e5 stranden ing\u00e5r<\/li>\n<li>Transfer incluided<\/li>\n<li style=\"font-weight: 400;\"><span style=\"font-weight: 400;\">Guiden ger instruktioner och handledning<\/span><\/li>\n<\/ul>\n<p>&nbsp;<\/p>\n<h4><b>Inklusioner och undantag<\/b><\/h4>\n<p>&nbsp;<\/p>\n<p><b>Inklusioner<\/b><\/p>\n<p>&nbsp;<\/p>\n<ol>\n<li style=\"font-weight: 400;\">Hotel pick up<\/li>\n<li style=\"font-weight: 400;\">Samanabukten<\/li>\n<li>Bacardi Island, strand och lunch<\/li>\n<li>Safari till El Lim\u00f3n<\/li>\n<li>Ridning eller vandring till vattenfall<\/li>\n<li>Dominikanska cocktails<\/li>\n<li style=\"font-weight: 400;\"><span style=\"font-weight: 400;\">Alla skatter, avgifter och hanteringsavgifter<\/span><\/li>\n<li style=\"font-weight: 400;\"><span style=\"font-weight: 400;\">Lokala skatter<\/span><\/li>\n<li style=\"font-weight: 400;\"><span style=\"font-weight: 400;\">Drycker<\/span><\/li>\n<li style=\"font-weight: 400;\"><span style=\"font-weight: 400;\">Alla aktiviteter<\/span><\/li>\n<li style=\"font-weight: 400;\"><span style=\"font-weight: 400;\">Lokal guide<\/span><\/li>\n<\/ol>\n<p><b> Uteslutningar<\/b><\/p>\n<ol>\n<li style=\"font-weight: 400;\"><span style=\"font-weight: 400;\">Dricks<\/span><\/li>\n<li style=\"font-weight: 400;\"><span style=\"font-weight: 400;\">Alkoholhaltiga drycker efter cocktails\u00a0<\/span><\/li>\n<\/ol>\n<p>&nbsp;<\/p>\n<h4><em><strong>Avresa och retur<\/strong><\/em><\/h4>\n<p><span style=\"font-weight: 400;\">Resen\u00e4ren kommer att f\u00e5 en m\u00f6tesplats efter bokningsprocessen. Turerna startar och slutar i v\u00e5ra m\u00f6tesplatser.<\/span><\/p>\n<p>&nbsp;<\/p>\n<h3>Dagsutflykt till Samana fr\u00e5n Bayahibe - vattenfallet El Limon och \u00f6n Bacardi<\/h3>\n<h4><b><i>Vad du kan f\u00f6rv\u00e4nta?<\/i><\/b><\/h4>\n<p>&nbsp;<\/p>\n<p><strong>Get your tickets now<\/strong>. The waterfalls, Horse Riding, Hiking, and Safari Tour, Swimming at Natural Springs, lunch at Bacardi Island, and others fun activities are waiting for you.<\/p>\n<p>Departing Bayahibe on a bus, we will head to Samana Bay port. Once at the port, we will get onboard of a boat or Catamaran with local tour guides who will direct you to the community of Samana. In this community a Safari Tour will take you around teaching you about the history of this town. \u00a0But this is not all, El Limon waterfall is next, here you will be able swim and hike or do horse riding. \u00a0El Limon waterfall is a fantastic natural monument with a tropical forest and clear natural springs. On the way back to Samana we will have a stop at Bacardi Island where a lunch will be served and you are going to be able to swim in one of the most natural pools of Dominican Republic.<\/p>\n<p>&nbsp;<\/p>\n<p>In case you would like to adjust this trip so it is shorter or longer, please contact us.<\/p>\n<p>&nbsp;<\/p>\n<h4><em><strong>Vad ska du ta med?<\/strong><\/em><\/h4>\n<ul>\n<li style=\"font-weight: 400;\"><span style=\"font-weight: 400;\">kamera<\/span><\/li>\n<li style=\"font-weight: 400;\"><span style=\"font-weight: 400;\">Avvisande knoppar<\/span><\/li>\n<li style=\"font-weight: 400;\"><span style=\"font-weight: 400;\">solkr\u00e4m<\/span><\/li>\n<li style=\"font-weight: 400;\"><span style=\"font-weight: 400;\">Hatt<\/span><\/li>\n<li style=\"font-weight: 400;\"><span style=\"font-weight: 400;\">Bekv\u00e4ma byxor<\/span><\/li>\n<li style=\"font-weight: 400;\"><span style=\"font-weight: 400;\">Vandringsskor f\u00f6r skog<\/span><\/li>\n<li style=\"font-weight: 400;\"><span style=\"font-weight: 400;\">Sandaler till v\u00e5romr\u00e5dena.<\/span><\/li>\n<li style=\"font-weight: 400;\"><span style=\"font-weight: 400;\">Badkl\u00e4der<\/span><\/li>\n<\/ul>\n<p>&nbsp;<\/p>\n<h4><b><i>Hotellh\u00e4mtning <\/i><\/b><\/h4>\n<p><span style=\"font-weight: 400;\">Upph\u00e4mtning av resen\u00e4rer erbjuds!<\/span><\/p>\n<p><span style=\"font-weight: 400;\">We do pick up from all the Hotels in Bayahibe. Pick up Location is Hotel Lobby<br \/>\nOm du bor p\u00e5 en l\u00e4genhet i omr\u00e5det, kommer vi att h\u00e4mta dig vid l\u00e4genheten eller vid ing\u00e5ngen till n\u00e4rmaste resort ... Vi st\u00e4ller in Pick up genom att kontakta oss via Whatsapp.<\/span><\/p>\n<p><b>Notera:<\/b><span style=\"font-weight: 400;\"> Om du \u00e4r bokad inom 24 timmar efter turn\u00e9ns\/utflyktens avg\u00e5ngstid, kan vi ordna hotellh\u00e4mtning. N\u00e4r ditt k\u00f6p \u00e4r klart skickar vi fullst\u00e4ndig kontaktinformation (telefonnummer, e-postadress, etc.) till dig f\u00f6r att v\u00e5r lokala reseguide ska kunna ordna h\u00e4mtning.<\/span><\/p>\n<h4><b><i>Ytterligare information Bekr\u00e4ftelse <\/i><\/b><\/h4>\n<ol>\n<li>Biljetter \u00e4r kvittot efter betalning av denna turn\u00e9. Du kan visa betalningen p\u00e5 din telefon.<\/li>\n<li style=\"font-weight: 400;\"><span style=\"font-weight: 400;\">M\u00f6tesplats kommer att tas emot efter bokningsprocessen.<\/span><\/li>\n<li style=\"font-weight: 400;\"><span style=\"font-weight: 400;\">Barn m\u00e5ste \u00e5tf\u00f6ljas av en vuxen.<\/span><\/li>\n<li style=\"font-weight: 400;\"><span style=\"font-weight: 400;\"> Ej rullstolsanpassat <\/span><\/li>\n<li style=\"font-weight: 400;\"><span style=\"font-weight: 400;\">Sp\u00e4dbarn m\u00e5ste sitta i kn\u00e4 <\/span><\/li>\n<li style=\"font-weight: 400;\"><span style=\"font-weight: 400;\">Rekommenderas inte f\u00f6r resen\u00e4rer med ryggproblem<\/span><\/li>\n<li style=\"font-weight: 400;\"><span style=\"font-weight: 400;\">Rekommenderas inte f\u00f6r gravida resen\u00e4rer <\/span><\/li>\n<li style=\"font-weight: 400;\"><span style=\"font-weight: 400;\"> Inga hj\u00e4rtproblem eller andra allvarliga medicinska tillst\u00e5nd <\/span><\/li>\n<li style=\"font-weight: 400;\"><span style=\"font-weight: 400;\">De flesta resen\u00e4rer kan delta<\/span><\/li>\n<\/ol>\n<h4><b><i>Avbokningsregler<\/i><\/b><\/h4>\n<p>For a full refund, please read our Cancellations policies\u00a0<a href=\"https:\/\/www.ticketswhales.com\/online-booking\/\" target=\"_blank\" rel=\"noopener\" data-saferedirecturl=\"https:\/\/www.google.com\/url?q=https:\/\/www.ticketswhales.com\/online-booking\/&amp;source=gmail&amp;ust=1672449202351000&amp;usg=AOvVaw1yAeVAPktmaVCqDujgUn90\">Click here<\/a>. Funds will be lost if the reservation is cancelled the same day of the trip.<\/p>\n\n\t\t<\/div>\n\t<\/div>\n<\/div><\/div><\/div><\/div><div class=\"vc_row wpb_row vc_row-fluid\" ><\/div><div class=\"wpb_column vc_column_container vc_col-sm-12\"><div class=\"vc_column-inner\"><div class=\"wpb_wrapper\"><\/div><\/div><\/div><div class=\"vc_empty_space\"   style=\"height: 32px\"><span class=\"vc_empty_space_inner\"><\/span><\/div>\n\t<div class=\"wpb_text_column wpb_content_element\" >\n\t\t<div class=\"wpb_wrapper\">\n\t\t\t<p>I am text block. Click edit button to change this text. Lorem ipsum dolor sit amet, consectetur adipiscing elit. Ut elit tellus, luctus nec ullamcorper mattis, pulvinar dapibus leo.<\/p>\n\n\t\t<\/div>\n\t<\/div>\n<div class=\"vc_empty_space\"   style=\"height: 32px\"><span class=\"vc_empty_space_inner\"><\/span><\/div>","protected":false},"excerpt":{"rendered":"<p><span style=\"vertical-align: inherit;\"><span style=\"vertical-align: inherit;\">Om du \u00e4r i Punta Cana eller B\u00e1varo och vill ta en dagsutflykt som betalar mindre \u00e4n vanligt, boka denna resa. <\/span><span style=\"vertical-align: inherit;\">Inom denna resa tar vi dig till Samana, d\u00e4r du p\u00e5 en katamaran f\u00f6rs till Sabana de la Mar, en kommun i Hato Mayor, hemvist f\u00f6r Los Haitises nationalpark. <\/span><span style=\"vertical-align: inherit;\">Denna resa inkluderar Safari Tour, katamaran, vattenfall och strandsimning och mer. <\/span><span style=\"vertical-align: inherit;\">Resan b\u00f6rjar klockan 06.00 och slutar klockan 18.30. <\/span><span style=\"vertical-align: inherit;\">Missa det inte!<\/span><\/span><\/p>\n<p>&nbsp;<\/p>\n<p>&nbsp;<\/p>\n<p><strong><span style=\"vertical-align: inherit;\"><span style=\"vertical-align: inherit;\">V\u00e4lj datum f\u00f6r turn\u00e9n\u00a0<\/span><\/span><\/strong><\/p>","protected":false},"featured_media":97,"template":"","meta":[],"product_brand":[],"product_cat":[576,464,567,590,122],"product_tag":[137,138,281,139,282,283,140,284,141,114,285,142,357,358,148,143],"class_list":{"0":"post-11691","1":"product","2":"type-product","3":"status-publish","4":"has-post-thumbnail","6":"product_cat-1-punta-cana","7":"product_cat-bayahibe-to-samana","8":"product_cat-el-limon-horseback-riding","9":"product_cat-el-limon-punta-cana","10":"product_cat-tours-and-excursions","11":"product_tag-bacardi-island","12":"product_tag-beach-time","13":"product_tag-cascada-el-limon-salto-el-limon-samana-republica-dominicana","14":"product_tag-cayo-levantado","15":"product_tag-el-limon-waterfall-bacardi-island-from-punta-cana","16":"product_tag-el-limon-waterfall-and-bacardi-island-tour-from-punta-cana","17":"product_tag-el-limon-waterfalls","18":"product_tag-guided-adventures","19":"product_tag-punta-cana","20":"product_tag-sabana-de-la-mar","21":"product_tag-salto-de-limon-punta-cana","22":"product_tag-samana","23":"product_tag-samana-day-trip-from-punta-cana","24":"product_tag-samana-day-trip-from-punta-cana-el-limon-waterfall-and-bacardi-island","25":"product_tag-samana-excursions","26":"product_tag-samana-tours","28":"first","29":"instock","30":"sale","31":"sold-individually","32":"shipping-taxable","33":"product-type-external"},"_links":{"self":[{"href":"https:\/\/haitises.com\/sv\/wp-json\/wp\/v2\/product\/11691","targetHints":{"allow":["GET"]}}],"collection":[{"href":"https:\/\/haitises.com\/sv\/wp-json\/wp\/v2\/product"}],"about":[{"href":"https:\/\/haitises.com\/sv\/wp-json\/wp\/v2\/types\/product"}],"wp:featuredmedia":[{"embeddable":true,"href":"https:\/\/haitises.com\/sv\/wp-json\/wp\/v2\/media\/97"}],"wp:attachment":[{"href":"https:\/\/haitises.com\/sv\/wp-json\/wp\/v2\/media?parent=11691"}],"wp:term":[{"taxonomy":"product_brand","embeddable":true,"href":"https:\/\/haitises.com\/sv\/wp-json\/wp\/v2\/product_brand?post=11691"},{"taxonomy":"product_cat","embeddable":true,"href":"https:\/\/haitises.com\/sv\/wp-json\/wp\/v2\/product_cat?post=11691"},{"taxonomy":"product_tag","embeddable":true,"href":"https:\/\/haitises.com\/sv\/wp-json\/wp\/v2\/product_tag?post=11691"}],"curies":[{"name":"wp","href":"https:\/\/api.w.org\/{rel}","templated":true}]}}