{"id":11391,"date":"2021-08-15T20:09:02","date_gmt":"2021-08-15T20:09:02","guid":{"rendered":"http:\/\/haitises.com\/?post_type=product&#038;p=11391"},"modified":"2024-04-03T18:06:23","modified_gmt":"2024-04-03T18:06:23","slug":"jarabacoa-buggy-with-jimenoa-and-baiguate-waterfalls","status":"publish","type":"product","link":"https:\/\/haitises.com\/sv\/privat\/jarabacoa-buggy-with-jimenoa-and-baiguate-waterfalls\/","title":{"rendered":"Jarabacoa buggy med vattenfallen Jimenoa och Baiguate"},"content":{"rendered":"<div class=\"vc_row wpb_row vc_row-fluid\" ><div class=\"wpb_column vc_column_container vc_col-sm-12\"><div class=\"vc_column-inner\"><div class=\"wpb_wrapper\">[mkdf_section_title title_tag=\u00bb\u00bb disable_break_words=\u00bbno\u00bb subtitle_tag=\u00bb\u00bb title=\u00bbJarabacoa with Jimenoa and Baiguate Waterfalls\u00bb subtitle=\u00bbBuggy &#8211; Buggies\u00bb]<\/div><\/div><\/div><\/div><div class=\"vc_row wpb_row vc_row-fluid\" ><div class=\"wpb_column vc_column_container vc_col-sm-12\"><div class=\"vc_column-inner\"><div class=\"wpb_wrapper\">\n\t<div class=\"wpb_text_column wpb_content_element\" >\n\t\t<div class=\"wpb_wrapper\">\n\t\t\t<h3 class=\"ui_header h1 attractions-product-info-ProductTitle__title--1qM0o\">Jarabacoa buggy med vattenfallen Jimenoa och Baiguate<\/h3>\n<h4><b><i>\u00d6versikt <\/i><\/b><\/h4>\n<p><span style=\"font-weight: 400;\">Join us and travel with a local expert from Jarabacoa and get the unique experience of visiting the best spots from the capital of ecotourism starting from Jarabacoa, this tour will take you around seeing the beautiful landscape of the largest mountain ranch of the Dominican Republic. As you drive around to the different locations you will feel the mountain air and enjoy the beauty of the countryside.\u00a0<\/span><\/p>\n<p><span style=\"font-weight: 400;\">We can get to the different locations for this tour. You&#8217;ll have the options: Biking, Horseback Riding, Safari, Four Wheels, or Buggy. Buy your ticket online now and let&#8217;s have fun learning about Jarabacoa and Dominican Republic culture as you travel around to the best locations of the town.<\/span><\/p>\n<p><span style=\"font-weight: 400;\">Jarabacoa is the city of the eternal spring break because of the weather and the second most important municipality from la Vega province. According to history, Jarabacoa means \u00abplace of much water\u00bb, On September 27, 1858, Jarabacoa began its life as a municipality, a category obtained after a career that came from the beginning of the 19th century. Travel with us and get to know more about the mountains, nature, culture, and people of the northern region from the Dominican Republic.\u00a0<\/span><\/p>\n<ul>\n<li style=\"font-weight: 400;\">Avgifter ing\u00e5r<\/li>\n<li>Lunch<\/li>\n<li>Snacks<\/li>\n<li style=\"font-weight: 400;\">Local Tour Guide in English<\/li>\n<\/ul>\n<p>&nbsp;<\/p>\n<h4><b>Inklusioner och undantag<\/b><\/h4>\n<p>&nbsp;<\/p>\n<p><b>Inklusioner<\/b><\/p>\n<ol>\n<li>Lunch<\/li>\n<li style=\"font-weight: 400;\"><span style=\"font-weight: 400;\">All taxes, fees, and handling charges<\/span><\/li>\n<li style=\"font-weight: 400;\"><span style=\"font-weight: 400;\">Lokala skatter<\/span><\/li>\n<li style=\"font-weight: 400;\"><span style=\"font-weight: 400;\">Drycker<\/span><\/li>\n<li>Snacks<\/li>\n<li style=\"font-weight: 400;\"><span style=\"font-weight: 400;\">Alla aktiviteter<\/span><\/li>\n<li style=\"font-weight: 400;\"><span style=\"font-weight: 400;\">Lokal guide<\/span><\/li>\n<\/ol>\n<p><b> Uteslutningar<\/b><\/p>\n<ol>\n<li style=\"font-weight: 400;\"><span style=\"font-weight: 400;\">Dricks<\/span><\/li>\n<li>transportation ( Set by Contacting us)<\/li>\n<li style=\"font-weight: 400;\"><span style=\"font-weight: 400;\">Alkoholhaltiga drycker<\/span><\/li>\n<\/ol>\n<p>&nbsp;<\/p>\n<h4><em><strong>Avresa och retur<\/strong><\/em><\/h4>\n<p><span style=\"font-weight: 400;\">The traveler will get a meeting point after the Reservation Process. Tours start and Finish at your meeting points.<\/span><\/p>\n<h4><\/h4>\n<h3 class=\"ui_header h1 attractions-product-info-ProductTitle__title--1qM0o\">Jarabacoa buggy med vattenfallen Jimenoa och Baiguate<\/h3>\n<h4><b><i>Vad du kan f\u00f6rv\u00e4nta?<\/i><\/b><\/h4>\n<p><span style=\"font-weight: 400;\">Get your ticket for Jimenoa and Baiguate Waterfalls From Jarabacoa City by Buggy.\u00a0<\/span><\/p>\n<p><span style=\"font-weight: 400;\">This Excursion starts from a meeting point you must confirm with our travel Agents or your Tour Tour Guide before heading to any location. Once you meet your guide you\u2019ll have a debrief of the tour and everything related to your day.<\/span><\/p>\n<p><span style=\"font-weight: 400;\">When everyone is ready we\u2019ll head to the first location to visit witch is Jimenoa Waterfall, this one is 45 minutes away from Jarabacoa town, Jimenoa is one of the most important water sources from the Central Mountain Ranch here you will walk through the Hanging Wooden Bridge for about 10 minutes to finally meet the Jimenoa Waterfall, on the way out you can take your shoes off and put them in the freshwater of the river.\u00a0<\/span><\/p>\n<p><span style=\"font-weight: 400;\">After seeing our first location we will head to Baiguate Waterfall for a 10 minutes hike and swimming natural pools, Baiguate is 55 minutes away from Jimenoa and 15 minutes from the town.\u00a0<\/span><\/p>\n<p><span style=\"font-weight: 400;\">During this part of your trip, you will be able to go swimming for about 1 hour and take a break to try out some fresh fruits harvested from Jarabacoa farmer&#8217;s land every day. Baiguate has an 82 feet high fall and is the perfect place to relax a bit before going back to town.\u00a0\u00a0<\/span><\/p>\n<p><span style=\"font-weight: 400;\">Later after Baiguate Waterfall we will head to Ivon\u2019s to try the best local ice cream flavor, homemade by a local expert, and walk to Duarte Central Park for the last part of your trip, this is a 6 hours tour that gives you the opportunity to oversee Jarabacoa,\u00a0 this excursion ends in the same place as it started.<\/span><\/p>\n<p><span style=\"font-weight: 400;\">Note: These tours are with Officials Ecologist tour guides. Please Book with time because in the park there are not too many specialists.<\/span><\/p>\n<h4><em><strong>Vad ska du ta med?<\/strong><\/em><\/h4>\n<ul>\n<li style=\"font-weight: 400;\"><span style=\"font-weight: 400;\">kamera<\/span><\/li>\n<li style=\"font-weight: 400;\"><span style=\"font-weight: 400;\">Avvisande knoppar<\/span><\/li>\n<li style=\"font-weight: 400;\"><span style=\"font-weight: 400;\">solkr\u00e4m<\/span><\/li>\n<li style=\"font-weight: 400;\"><span style=\"font-weight: 400;\">Hatt<\/span><\/li>\n<li style=\"font-weight: 400;\"><span style=\"font-weight: 400;\">Bekv\u00e4ma byxor<\/span><\/li>\n<li style=\"font-weight: 400;\"><span style=\"font-weight: 400;\">Vandringsskor f\u00f6r skog<\/span><\/li>\n<li style=\"font-weight: 400;\"><span style=\"font-weight: 400;\">Sandaler till v\u00e5romr\u00e5dena.<\/span><\/li>\n<li style=\"font-weight: 400;\"><span style=\"font-weight: 400;\">Badkl\u00e4der<\/span><\/li>\n<\/ul>\n<p>&nbsp;<\/p>\n<h4><b><i>Hotellh\u00e4mtning <\/i><\/b><\/h4>\n<p><span style=\"font-weight: 400;\">Hotel pick-up is not offered for this tour. We set Pick up by contacting us by Whatsapp.<\/span><\/p>\n<p>&nbsp;<\/p>\n<p><b>Notera:<\/b><span style=\"font-weight: 400;\"> Om du bokar inom 24 timmar f\u00f6re avresan f\u00f6r turen\/utflykten kan vi ordna upph\u00e4mtning p\u00e5 hotellet mot en extra avgift. N\u00e4r ditt k\u00f6p \u00e4r slutf\u00f6rt skickar vi dig fullst\u00e4ndig kontaktinformation (telefonnummer, e-postadress etc.) f\u00f6r v\u00e5r lokala reseguide f\u00f6r att organisera upph\u00e4mtningsarrangemang.<\/span><\/p>\n<h4><b><i>Ytterligare information Bekr\u00e4ftelse <\/i><\/b><\/h4>\n<ol>\n<li>Tickets are the Receipt after paying for this Tour. You can show the payment on your phone.<\/li>\n<li style=\"font-weight: 400;\"><span style=\"font-weight: 400;\">M\u00f6tesplats kommer att tas emot efter bokningsprocessen.<\/span><\/li>\n<li style=\"font-weight: 400;\"><span style=\"font-weight: 400;\">Barn m\u00e5ste \u00e5tf\u00f6ljas av en vuxen.<\/span><\/li>\n<li style=\"font-weight: 400;\"><span style=\"font-weight: 400;\"> Ej rullstolsanpassat <\/span><\/li>\n<li style=\"font-weight: 400;\"><span style=\"font-weight: 400;\">Sp\u00e4dbarn m\u00e5ste sitta i kn\u00e4 <\/span><\/li>\n<li style=\"font-weight: 400;\"><span style=\"font-weight: 400;\">Rekommenderas inte f\u00f6r resen\u00e4rer med ryggproblem<\/span><\/li>\n<li style=\"font-weight: 400;\"><span style=\"font-weight: 400;\">Rekommenderas inte f\u00f6r gravida resen\u00e4rer <\/span><\/li>\n<li style=\"font-weight: 400;\"><span style=\"font-weight: 400;\"> Inga hj\u00e4rtproblem eller andra allvarliga medicinska tillst\u00e5nd <\/span><\/li>\n<li style=\"font-weight: 400;\"><span style=\"font-weight: 400;\">De flesta resen\u00e4rer kan delta<\/span><\/li>\n<\/ol>\n<h4><b><i>Avbokningsregler<\/i><\/b><\/h4>\n<p><span style=\"font-weight: 400;\">For a full refund, cancel at least 74 hours in advance of the start date of the experience. Funds will be lost if the reservation is canceled the same day of the trip.<\/span><\/p>\n\n\t\t<\/div>\n\t<\/div>\n<\/div><\/div><\/div><\/div><div class=\"vc_row wpb_row vc_row-fluid\" ><div class=\"wpb_column vc_column_container vc_col-sm-12\"><div class=\"vc_column-inner\"><div class=\"wpb_wrapper\">\n\t<div class=\"wpb_video_widget wpb_content_element vc_clearfix   vc_video-aspect-ratio-169 vc_video-el-width-100 vc_video-align-left\" >\n\t\t<div class=\"wpb_wrapper\">\n\t\t\t<h2 class=\"wpb_heading wpb_video_heading\">Jarabacoa City Video:<\/h2>\n\t\t\t<div class=\"wpb_video_wrapper\"><iframe loading=\"lazy\" title=\"Jarabacoa | Puro Turismo de Monta\u00f1a\" width=\"1100\" height=\"619\" src=\"https:\/\/www.youtube.com\/embed\/FRHfK4RS39A?feature=oembed\" frameborder=\"0\" allow=\"accelerometer; autoplay; clipboard-write; encrypted-media; gyroscope; picture-in-picture\" allowfullscreen><\/iframe><\/div>\n\t\t<\/div>\n\t<\/div>\n<\/div><\/div><\/div><\/div><div class=\"vc_row wpb_row vc_row-fluid\" ><div class=\"wpb_column vc_column_container vc_col-sm-12\"><div class=\"vc_column-inner\"><div class=\"wpb_wrapper\"><div class=\"vc_empty_space\"   style=\"height: 32px\"><span class=\"vc_empty_space_inner\"><\/span><\/div>\n\t<div class=\"wpb_text_column wpb_content_element\" >\n\t\t<div class=\"wpb_wrapper\">\n\t\t\t<h4>Kontakta oss?<\/h4>\n<h5><em><strong>Bokning \u00e4ventyr<\/strong><\/em><\/h5>\n<p><em><strong>Lokalbefolkningen<\/strong>\u00a0och\u00a0<strong>Nationals<\/strong>\u00a0Reseguider och g\u00e4sttj\u00e4nster<\/em><\/p>\n<p><span class=\"text-turquoise\">Bokningar:<\/span>\u00a0Rundturer och utflykter i Dom. Rep.<\/p>\n<p><img decoding=\"async\" class=\"emoji\" draggable=\"false\" src=\"https:\/\/s.w.org\/images\/core\/emoji\/11.2.0\/svg\/1f4de.svg\" alt=\"\ud83d\udcde\" title=\"\">\u00a0Tel\/Whatsapp\u00a0\u00a0<a href=\"tel:+1-809-720-6035\">+1-809-720-6035<\/a>.<\/p>\n<p><img decoding=\"async\" class=\"emoji\" draggable=\"false\" src=\"https:\/\/s.w.org\/images\/core\/emoji\/11.2.0\/svg\/1f4e9.svg\" alt=\"\ud83d\udce9\" title=\"\">\u00a0<a href=\"mailto:info@bookingadventures.com.do\">info@bookingadventures.com.do<\/a><\/p>\n<p><strong>Vi \u00e4r flexibla med privata turer med Whatsapp:\u00a0<a href=\"tel:+18097206035\">+18097206035.<\/a><\/strong><\/p>\n\n\t\t<\/div>\n\t<\/div>\n<div class=\"vc_empty_space\"   style=\"height: 32px\"><span class=\"vc_empty_space_inner\"><\/span><\/div><\/div><\/div><\/div><\/div>","protected":false},"excerpt":{"rendered":"<p><span style=\"font-weight: 400;\">Join us and travel with a local expert from Jarabacoa and get the unique experience of visiting the best spots from the capital of ecotourism starting from Jarabacoa, this tour will take you around seeing the beautiful landscape of the largest mountain ranch of the Dominican Republic. As you drive around to the different locations you will feel the mountain air and enjoy the beauty of the countryside.\u00a0<\/span><\/p>\n<p><strong>V\u00e4lj datum f\u00f6r turn\u00e9n:\u00a0<\/strong><\/p>","protected":false},"featured_media":11407,"template":"","meta":[],"product_brand":[],"product_cat":[120,526,122],"product_tag":[527,528,529,530,531,532,533],"class_list":{"0":"post-11391","1":"product","2":"type-product","3":"status-publish","4":"has-post-thumbnail","6":"product_cat-fees-entrace","7":"product_cat-jarabacoa-buggy","8":"product_cat-tours-and-excursions","9":"product_tag-baiguate-waterfall","10":"product_tag-jarabacoa-buggies","11":"product_tag-jarabacoa-buggy","12":"product_tag-jarabacoa-tour","13":"product_tag-jimenoa-waterfall","14":"product_tag-salto-baiguate","15":"product_tag-salto-jimenoa","17":"first","18":"instock","19":"sale","20":"sold-individually","21":"shipping-taxable","22":"product-type-external"},"_links":{"self":[{"href":"https:\/\/haitises.com\/sv\/wp-json\/wp\/v2\/product\/11391","targetHints":{"allow":["GET"]}}],"collection":[{"href":"https:\/\/haitises.com\/sv\/wp-json\/wp\/v2\/product"}],"about":[{"href":"https:\/\/haitises.com\/sv\/wp-json\/wp\/v2\/types\/product"}],"wp:featuredmedia":[{"embeddable":true,"href":"https:\/\/haitises.com\/sv\/wp-json\/wp\/v2\/media\/11407"}],"wp:attachment":[{"href":"https:\/\/haitises.com\/sv\/wp-json\/wp\/v2\/media?parent=11391"}],"wp:term":[{"taxonomy":"product_brand","embeddable":true,"href":"https:\/\/haitises.com\/sv\/wp-json\/wp\/v2\/product_brand?post=11391"},{"taxonomy":"product_cat","embeddable":true,"href":"https:\/\/haitises.com\/sv\/wp-json\/wp\/v2\/product_cat?post=11391"},{"taxonomy":"product_tag","embeddable":true,"href":"https:\/\/haitises.com\/sv\/wp-json\/wp\/v2\/product_tag?post=11391"}],"curies":[{"name":"wp","href":"https:\/\/api.w.org\/{rel}","templated":true}]}}