{"id":11380,"date":"2021-08-15T20:09:02","date_gmt":"2021-08-15T20:09:02","guid":{"rendered":"http:\/\/haitises.com\/?post_type=product&#038;p=11380"},"modified":"2024-04-02T20:34:50","modified_gmt":"2024-04-02T20:34:50","slug":"27-waterfalls-buggies-tour-puerto-plata-2","status":"publish","type":"product","link":"https:\/\/haitises.com\/sv\/privat\/27-waterfalls-buggies-tour-puerto-plata-2\/","title":{"rendered":"27 vattenfall Buggies Tour Puerto Plata"},"content":{"rendered":"<div class=\"vc_row wpb_row vc_row-fluid\" ><div class=\"wpb_column vc_column_container vc_col-sm-12\"><div class=\"vc_column-inner\"><div class=\"wpb_wrapper\">[mkdf_section_title title_tag=\u00bb\u00bb disable_break_words=\u00bbno\u00bb subtitle_tag=\u00bb\u00bb title=\u00bb27 Waterfalls Buggies Tour Puerto Plata\u00bb subtitle=\u00bbLunch Included\u00bb]<\/div><\/div><\/div><\/div><div class=\"vc_row wpb_row vc_row-fluid\" ><div class=\"wpb_column vc_column_container vc_col-sm-12\"><div class=\"vc_column-inner\"><div class=\"wpb_wrapper\">\n\t<div class=\"wpb_text_column wpb_content_element\" >\n\t\t<div class=\"wpb_wrapper\">\n\t\t\t<h3 class=\"ui_header h1 attractions-product-info-ProductTitle__title--1qM0o\">27 vattenfall Buggies Tour Puerto Plata<\/h3>\n<h4><b><i>\u00d6versikt <\/i><\/b><\/h4>\n<p>Get your Tickets for Buggies in Puerto Plata. Damajagua areas.<\/p>\n<p>There\u2019s no more thrilling way to explore the wild Dominican countryside than one of these buggies on a tour featured by Locals. Take off-road trails with 27 waterfalls forest areas your backdrop, and swim in a river or at the beach on this half-day, morning adventure.<\/p>\n<p>After expert instruction, it\u2019s time to hit the trails and venture into the countryside. You\u2019ll pass palm groves, rustic farmland, and villages, as you speed down the dusty, jungle trails \u2013 well off the beaten path.<\/p>\n<p>There\u2019ll be a couple of pit stops where you can grab a fresh coconut for the road, if you\u2019re feeling thirsty. Also, one way or another you\u2019ll get dirty, so bring your swimwear and cool off at the beach or natural river \u2013 a lovely way to dust yourself off. You\u2019ll also get to wash down a thrilling day with complimentary ice-cold beer or cocktail back at the base.<\/p>\n<ul>\n<li style=\"font-weight: 400;\">Avgifter ing\u00e5r<\/li>\n<li>Lunch<\/li>\n<li>Snacks<\/li>\n<li style=\"font-weight: 400;\">Local Tour Guide in English<\/li>\n<\/ul>\n<p>&nbsp;<\/p>\n<h4><b>Inklusioner och undantag<\/b><\/h4>\n<p>&nbsp;<\/p>\n<p><b>Inklusioner<\/b><\/p>\n<ol>\n<li>Lunch<\/li>\n<li style=\"font-weight: 400;\"><span style=\"font-weight: 400;\">All taxes, fees, and handling charges<\/span><\/li>\n<li style=\"font-weight: 400;\"><span style=\"font-weight: 400;\">Lokala skatter<\/span><\/li>\n<li style=\"font-weight: 400;\"><span style=\"font-weight: 400;\">Drycker<\/span><\/li>\n<li>Snacks<\/li>\n<li style=\"font-weight: 400;\"><span style=\"font-weight: 400;\">Alla aktiviteter<\/span><\/li>\n<li style=\"font-weight: 400;\"><span style=\"font-weight: 400;\">Lokal guide<\/span><\/li>\n<\/ol>\n<p><b> Uteslutningar<\/b><\/p>\n<ol>\n<li style=\"font-weight: 400;\"><span style=\"font-weight: 400;\">Dricks<\/span><\/li>\n<li>transportation ( Set by Contacting us)<\/li>\n<li style=\"font-weight: 400;\"><span style=\"font-weight: 400;\">Alkoholhaltiga drycker<\/span><\/li>\n<\/ol>\n<p>&nbsp;<\/p>\n<h4><em><strong>Avresa och retur<\/strong><\/em><\/h4>\n<p><span style=\"font-weight: 400;\">The traveler will get a meeting point after the Reservation Process. Tours start and Finish at your meeting points.<\/span><\/p>\n<h4><\/h4>\n<h3 class=\"ui_header h1 attractions-product-info-ProductTitle__title--1qM0o\">27 Waterfalls Buggies Tour Puerto Plata.<\/h3>\n<h4><b><i>Vad du kan f\u00f6rv\u00e4nta?<\/i><\/b><\/h4>\n<div class=\"apd_content_block\" data-tab=\"TABS_OVERVIEW\"><\/div>\n<div data-tab=\"TABS_WHAT_TO_EXPECT\">\n<div class=\"ui_card attractions-card-CollapsibleProductDetailsCard__cardContainer--3r2wk attractions-card-CollapsibleProductDetailsCard__cleanslateOverrideDT--2AJh0\">\n<div class=\"attractions-card-CollapsibleCard__content--2Ws8q\">\n<div class=\"attractions-card-CollapsibleCard__contentWrap--374jk attractions-card-CollapsibleCard__titleUnderline--1uHze\">\n<div class=\"attractions-card-CollapsibleProductDetailsCard__cardContent--23ext\">\n<div class=\"common-text-ReadMore__readMore--3Iu8c common-text-ReadMore__variantFadeOut--1tInd\">\n<div class=\"common-text-ReadMore__content--2X4LR\">\n<div class=\"ui_columns is-desktop\">\n<div class=\"ui_column\">\n<p>Damajagua Buggy\u2019s<\/p>\n<p>Let\u2019s start our engines and begin an exciting route through muddy trails, tropical forest,s, and rivers. This is an hour and a half tour between 10 and 15 kilometers long.<\/p>\n<p>The first stop will be in the Bajabonico River in Bellaco Community. On the road, you are going to be able to pick up some fruits and even eat locals made Patty.<\/p>\n<p>We will continue the buggy route to the communities of Bajabonico Arriba, Palmar Grande y Los Felix. Once we are driving within those communities, we have to slow down our speed because of the kids, animals, and local people living their normal life.<br \/>\nWe will descend from the vehicles and have a chance to swimming in the freshwater of the river!<br \/>\nOn the way back, we will take an external road being able to cross as much as 12 times the river one by one.<br \/>\nFinally, we will get back to the meeting point and you can go back to your place and talk to your friends about this unforgettable tour.<\/p>\n<\/div>\n<\/div>\n<\/div>\n<\/div>\n<\/div>\n<\/div>\n<\/div>\n<\/div>\n<\/div>\n<h4><em><strong>Vad ska du ta med?<\/strong><\/em><\/h4>\n<ul>\n<li style=\"font-weight: 400;\"><span style=\"font-weight: 400;\">kamera<\/span><\/li>\n<li style=\"font-weight: 400;\"><span style=\"font-weight: 400;\">Avvisande knoppar<\/span><\/li>\n<li style=\"font-weight: 400;\"><span style=\"font-weight: 400;\">solkr\u00e4m<\/span><\/li>\n<li style=\"font-weight: 400;\"><span style=\"font-weight: 400;\">Hatt<\/span><\/li>\n<li style=\"font-weight: 400;\"><span style=\"font-weight: 400;\">Bekv\u00e4ma byxor<\/span><\/li>\n<li style=\"font-weight: 400;\"><span style=\"font-weight: 400;\">Vandringsskor f\u00f6r skog<\/span><\/li>\n<li style=\"font-weight: 400;\"><span style=\"font-weight: 400;\">Sandaler till v\u00e5romr\u00e5dena.<\/span><\/li>\n<li style=\"font-weight: 400;\"><span style=\"font-weight: 400;\">Badkl\u00e4der<\/span><\/li>\n<\/ul>\n<p>&nbsp;<\/p>\n<h4><b><i>Hotellh\u00e4mtning <\/i><\/b><\/h4>\n<p><span style=\"font-weight: 400;\">Hotel pick-up is not offered for this tour. We set Pick up by contacting us by Whatsapp.<\/span><\/p>\n<p>&nbsp;<\/p>\n<p><b>Notera:<\/b><span style=\"font-weight: 400;\"> Om du bokar inom 24 timmar f\u00f6re avresan f\u00f6r turen\/utflykten kan vi ordna upph\u00e4mtning p\u00e5 hotellet mot en extra avgift. N\u00e4r ditt k\u00f6p \u00e4r slutf\u00f6rt skickar vi dig fullst\u00e4ndig kontaktinformation (telefonnummer, e-postadress etc.) f\u00f6r v\u00e5r lokala reseguide f\u00f6r att organisera upph\u00e4mtningsarrangemang.<\/span><\/p>\n<h4><b><i>Ytterligare information Bekr\u00e4ftelse <\/i><\/b><\/h4>\n<ol>\n<li>Tickets are the Receipt after paying for this Tour. You can show the payment on your phone.<\/li>\n<li style=\"font-weight: 400;\"><span style=\"font-weight: 400;\">M\u00f6tesplats kommer att tas emot efter bokningsprocessen.<\/span><\/li>\n<li style=\"font-weight: 400;\"><span style=\"font-weight: 400;\">Barn m\u00e5ste \u00e5tf\u00f6ljas av en vuxen.<\/span><\/li>\n<li style=\"font-weight: 400;\"><span style=\"font-weight: 400;\"> Ej rullstolsanpassat <\/span><\/li>\n<li style=\"font-weight: 400;\"><span style=\"font-weight: 400;\">Sp\u00e4dbarn m\u00e5ste sitta i kn\u00e4 <\/span><\/li>\n<li style=\"font-weight: 400;\"><span style=\"font-weight: 400;\">Rekommenderas inte f\u00f6r resen\u00e4rer med ryggproblem<\/span><\/li>\n<li style=\"font-weight: 400;\"><span style=\"font-weight: 400;\">Rekommenderas inte f\u00f6r gravida resen\u00e4rer <\/span><\/li>\n<li style=\"font-weight: 400;\"><span style=\"font-weight: 400;\"> Inga hj\u00e4rtproblem eller andra allvarliga medicinska tillst\u00e5nd <\/span><\/li>\n<li style=\"font-weight: 400;\"><span style=\"font-weight: 400;\">De flesta resen\u00e4rer kan delta<\/span><\/li>\n<\/ol>\n<h4><b><i>Avbokningsregler<\/i><\/b><\/h4>\n<p><span style=\"font-weight: 400;\">For a full refund, cancel at least 74 hours in advance of the start date of the experience. Funds will be lost if the reservation is canceled the same day of the trip.<\/span><\/p>\n\n\t\t<\/div>\n\t<\/div>\n<\/div><\/div><\/div><\/div><div class=\"vc_row wpb_row vc_row-fluid\" ><div class=\"wpb_column vc_column_container vc_col-sm-12\"><div class=\"vc_column-inner\"><div class=\"wpb_wrapper\">\n\t<div class=\"wpb_video_widget wpb_content_element vc_clearfix   vc_video-aspect-ratio-169 vc_video-el-width-100 vc_video-align-left\" >\n\t\t<div class=\"wpb_wrapper\">\n\t\t\t<h2 class=\"wpb_heading wpb_video_heading\">27 Waterfalls of Damajagua Tour from Puerto Plata:<\/h2>\n\t\t\t<div class=\"wpb_video_wrapper\"><iframe loading=\"lazy\" title=\"27 Waterfalls of Damajagua by Booking Adventures &amp; Travel Dominican Republic\" width=\"1100\" height=\"619\" src=\"https:\/\/www.youtube.com\/embed\/AVNh_we_RQE?start=17&feature=oembed\" frameborder=\"0\" allow=\"accelerometer; autoplay; clipboard-write; encrypted-media; gyroscope; picture-in-picture\" allowfullscreen><\/iframe><\/div>\n\t\t<\/div>\n\t<\/div>\n<\/div><\/div><\/div><\/div><div class=\"vc_row wpb_row vc_row-fluid\" ><div class=\"wpb_column vc_column_container vc_col-sm-12\"><div class=\"vc_column-inner\"><div class=\"wpb_wrapper\"><div class=\"vc_empty_space\"   style=\"height: 32px\"><span class=\"vc_empty_space_inner\"><\/span><\/div>\n\t<div class=\"wpb_text_column wpb_content_element\" >\n\t\t<div class=\"wpb_wrapper\">\n\t\t\t<h4>Kontakta oss?<\/h4>\n<h5><em><strong>Bokning \u00e4ventyr<\/strong><\/em><\/h5>\n<p><em><strong>Lokalbefolkningen<\/strong>\u00a0och\u00a0<strong>Nationals<\/strong>\u00a0Reseguider och g\u00e4sttj\u00e4nster<\/em><\/p>\n<p><span class=\"text-turquoise\">Bokningar:<\/span>\u00a0Rundturer och utflykter i Dom. Rep.<\/p>\n<p><img decoding=\"async\" class=\"emoji\" draggable=\"false\" src=\"https:\/\/s.w.org\/images\/core\/emoji\/11.2.0\/svg\/1f4de.svg\" alt=\"\ud83d\udcde\" title=\"\">\u00a0Tel\/Whatsapp\u00a0\u00a0<a href=\"tel:+1-809-720-6035\">+1-809-720-6035<\/a>.<\/p>\n<p><img decoding=\"async\" class=\"emoji\" draggable=\"false\" src=\"https:\/\/s.w.org\/images\/core\/emoji\/11.2.0\/svg\/1f4e9.svg\" alt=\"\ud83d\udce9\" title=\"\">\u00a0<a href=\"mailto:info@bookingadventures.com.do\">info@bookingadventures.com.do<\/a><\/p>\n<p><strong>Vi \u00e4r flexibla med privata turer med Whatsapp:\u00a0<a href=\"tel:+18097206035\">+18097206035.<\/a><\/strong><\/p>\n\n\t\t<\/div>\n\t<\/div>\n<div class=\"vc_empty_space\"   style=\"height: 32px\"><span class=\"vc_empty_space_inner\"><\/span><\/div><\/div><\/div><\/div><\/div>","protected":false},"excerpt":{"rendered":"<p>This excursion from 27 waterfalls of Damajagua in Puerto Plata,\u00a0 Lunch and Excursion by the 27 waterfalls, hiking and jumping into the river.<\/p>\n<p>Ecological Trip to the 27 waterfalls of Puerto Plata. Get your Tickets for a half day excursion here in the 27 Waterfall from Damajagua. Entrance tickets with Lunch and Excursion Include to Jump and swimming in the most beautiful waterfalls of the Dominican Republic. Hiking and Swimming with safety equipment to have the best experience ever!!<\/p>\n<p>&nbsp;<\/p>\n<p><strong>V\u00e4lj datum f\u00f6r turn\u00e9n:\u00a0<\/strong><\/p>","protected":false},"featured_media":11224,"template":"","meta":[],"product_brand":[],"product_cat":[507,240,120,122,100],"product_tag":[249,508,251,253,256,257],"class_list":{"0":"post-11380","1":"product","2":"type-product","3":"status-publish","4":"has-post-thumbnail","6":"product_cat-buggies-puerto-plata","7":"product_cat-damajagua","8":"product_cat-fees-entrace","9":"product_cat-tours-and-excursions","10":"product_cat-waterfalls","11":"product_tag-amber-cove-excursions","12":"product_tag-buggies-puerto-plata","13":"product_tag-damajagua-national-park","14":"product_tag-how-to-get-to-27-waterfalls-from-puerto-plata","15":"product_tag-puerto-plata","16":"product_tag-things-to-do-in-amber-cove","18":"first","19":"instock","20":"sale","21":"sold-individually","22":"shipping-taxable","23":"product-type-external"},"_links":{"self":[{"href":"https:\/\/haitises.com\/sv\/wp-json\/wp\/v2\/product\/11380","targetHints":{"allow":["GET"]}}],"collection":[{"href":"https:\/\/haitises.com\/sv\/wp-json\/wp\/v2\/product"}],"about":[{"href":"https:\/\/haitises.com\/sv\/wp-json\/wp\/v2\/types\/product"}],"wp:featuredmedia":[{"embeddable":true,"href":"https:\/\/haitises.com\/sv\/wp-json\/wp\/v2\/media\/11224"}],"wp:attachment":[{"href":"https:\/\/haitises.com\/sv\/wp-json\/wp\/v2\/media?parent=11380"}],"wp:term":[{"taxonomy":"product_brand","embeddable":true,"href":"https:\/\/haitises.com\/sv\/wp-json\/wp\/v2\/product_brand?post=11380"},{"taxonomy":"product_cat","embeddable":true,"href":"https:\/\/haitises.com\/sv\/wp-json\/wp\/v2\/product_cat?post=11380"},{"taxonomy":"product_tag","embeddable":true,"href":"https:\/\/haitises.com\/sv\/wp-json\/wp\/v2\/product_tag?post=11380"}],"curies":[{"name":"wp","href":"https:\/\/api.w.org\/{rel}","templated":true}]}}