{"id":11378,"date":"2021-08-15T20:09:02","date_gmt":"2021-08-15T20:09:02","guid":{"rendered":"http:\/\/haitises.com\/?post_type=product&#038;p=11378"},"modified":"2024-04-02T20:23:11","modified_gmt":"2024-04-02T20:23:11","slug":"excursion-whale-watching-samana-bay-cayo-levantado-from-puerto-plata-private-transportation-2","status":"publish","type":"product","link":"https:\/\/haitises.com\/sv\/privat\/excursion-whale-watching-samana-bay-cayo-levantado-from-puerto-plata-private-transportation-2\/","title":{"rendered":"Utflykt valsk\u00e5dning Samana bay + Cayo Levantado fr\u00e5n Puerto Plata (privat transport)"},"content":{"rendered":"<div class=\"vc_row wpb_row vc_row-fluid\" ><div class=\"wpb_column vc_column_container vc_col-sm-12\"><div class=\"vc_column-inner\"><div class=\"wpb_wrapper\">\n\t<div class=\"wpb_text_column wpb_content_element\" >\n\t\t<div class=\"wpb_wrapper\">\n\t\t\t<div class=\"vc_row wpb_row vc_row-fluid\">\n<div class=\"wpb_column vc_column_container vc_col-sm-12\">\n<div class=\"vc_column-inner\">\n<div class=\"wpb_wrapper\">\n<div class=\"wpb_text_column wpb_content_element\">\n<div class=\"wpb_wrapper\">\n<h3>Excursion Whale Watching Samana bay + Cayo Levantado from Puerto Plata (Private Transportation)<\/h3>\n<p>Starting from Puerto Plata, Sosua or Cabarete. We pick you up at your place and drive to Saman\u00e1 Bay. This Trip starts at Saman\u00e1 port at 9:00 Am and Finishes at 5:00 Pm but we can be flexible with the time to bring you back to your place.<\/p>\n<p>After aborting our Catamaran or Boat to visit the Whales in their own habitat. From 9:00 Am until 12:00-noon Whale observatory and After this Whale watching trip we will visit Bacardi Island \/ Cayo Levantado. In Bacardi Island, Lunch Buffet from typical Dominican Style will be provided. When lunch is finished you are allowed to swim until 4:30 pm. Tour will be finished at the same port from where will start at 5:00 pm.<\/p>\n<p><em><strong>Note: This tour is Not Private.\u00a0 Just Private transportation from Puerto Plata. For Private boat tour please contact us.<\/strong><\/em><\/p>\n<ul>\n<li>Whale Watching trip<\/li>\n<li>Pick up from Puerto Plata areas.<\/li>\n<li>Entrance fees to Observatory<\/li>\n<li>Includes Buffet lunch on the beach<\/li>\n<li>Transfer till b\u00e5t<\/li>\n<li>Kaptenen ger instruktioner och \u00f6vervakar<\/li>\n<li>Tour Guide<\/li>\n<\/ul>\n<p>&nbsp;<\/p>\n<h4><b>Inklusioner och undantag<\/b><\/h4>\n<p>&nbsp;<\/p>\n<p><b>Inklusioner<\/b><\/p>\n<p>&nbsp;<\/p>\n<ol>\n<li>Lunchbuff\u00e9 p\u00e5 stranden<\/li>\n<li>\u00d6verf\u00f6ra bil<\/li>\n<li>Tour Guide at the Whale Watching trip<\/li>\n<li>Catamaran or Boat Trip<\/li>\n<li>Alla skatter, avgifter och hanteringsavgifter<\/li>\n<li>Lokala skatter<\/li>\n<li>Drycker<\/li>\n<\/ol>\n<p><b>Uteslutningar<\/b><\/p>\n<ol>\n<li>Dricks<\/li>\n<li>Alkoholhaltiga drycker<\/li>\n<\/ol>\n<p>&nbsp;<\/p>\n<h4><em><strong>Avresa och retur<\/strong><\/em><\/h4>\n<p>The traveler will get a meeting point time after the Reservation Process. Tours start and Finished in our meeting points.<\/p>\n<p>&nbsp;<\/p>\n<h4><b><i>Vad du kan f\u00f6rv\u00e4nta?<\/i><\/b><\/h4>\n<p>&nbsp;<\/p>\n<p><em><strong>Skaffa dina biljetter<\/strong><\/em> for a day Whale Watching tour in Samana bay starting from Sosua, Cabarete or any area in Puerto Plata. avoid transportation with big groups and enjoy a wonderful lunch and beach time.<\/p>\n<p>The Daypass for whale watching from Puerto Plata is organized by \u201cBooking Adventures\u201d starts at the meeting point set with the by whatsapp or mail. Lunch at the beach and you can stay as long as you want swimming around. If you are Vegan we also can set some food for you.<\/p>\n<p><strong>Tidtabell:<\/strong><\/p>\n<p>5:45 AM \u2013 4:00 PM time may change according to your needs.<\/p>\n<p>&nbsp;<\/p>\n<h4><em><strong>Vad ska du ta med?<\/strong><\/em><\/h4>\n<ul>\n<li>kamera<\/li>\n<li>Avvisande knoppar<\/li>\n<li>solkr\u00e4m<\/li>\n<li>Hatt<\/li>\n<li>Bekv\u00e4ma byxor<\/li>\n<li>Sandaler till stranden<\/li>\n<li>Badkl\u00e4der<\/li>\n<li>Kontanter f\u00f6r souvenirer<\/li>\n<\/ul>\n<p>&nbsp;<\/p>\n<h4><b><i>Hotellh\u00e4mtning<\/i><\/b><\/h4>\n<p>Hotellh\u00e4mtning erbjuds f\u00f6r denna tur.<\/p>\n<p>&nbsp;<\/p>\n<p><b>Notera:<\/b> if you are booking within 24 hours of the tour\/Excursion departure time, we will make arrangements for hotel pick-up. Once your purchase is complete, we will send you complete contact information (phone number, email address, etc.) for our local Tour guide to organize pick-up arrangements.<\/p>\n<h4><b><i>Ytterligare information Bekr\u00e4ftelse<\/i><\/b><\/h4>\n<ol>\n<li>Biljetter \u00e4r kvittot efter betalning av denna turn\u00e9. Du kan visa betalningen p\u00e5 din telefon.<\/li>\n<li>M\u00f6tesplats kommer att tas emot efter bokningsprocessen.<\/li>\n<li>Barn m\u00e5ste \u00e5tf\u00f6ljas av en vuxen.<\/li>\n<li>tillg\u00e4nglig f\u00f6r rullstolsburna<\/li>\n<li>Sp\u00e4dbarn m\u00e5ste sitta i kn\u00e4<\/li>\n<li>De flesta resen\u00e4rer kan delta<\/li>\n<\/ol>\n<h4><b><i>Avbokningsregler<\/i><\/b><\/h4>\n<p>F\u00f6r full \u00e5terbetalning, avboka minst 24 timmar f\u00f6re startdatumet f\u00f6r upplevelsen.<\/p>\n<\/div>\n<\/div>\n<\/div>\n<\/div>\n<\/div>\n<\/div>\n<div class=\"vc_row wpb_row vc_row-fluid\">\n<div class=\"wpb_column vc_column_container vc_col-sm-12\">\n<div class=\"vc_column-inner\">\n<div class=\"wpb_wrapper\">\n<div class=\"wpb_text_column wpb_content_element\">\n<div class=\"wpb_wrapper\">\n<h4>Kontakta oss?<\/h4>\n<h5><b><i>TOUR WHALES SAMANA<\/i><\/b><\/h5>\n<p><em><strong>Lokalbefolkningen<\/strong>\u00a0och\u00a0<strong>Nationals<\/strong>\u00a0Reseguider och g\u00e4sttj\u00e4nster<\/em><\/p>\n<p><span class=\"text-turquoise\">Bokningar:<\/span>\u00a0Rundturer och utflykter i Dom. Rep.<\/p>\n<p><img decoding=\"async\" class=\"emoji\" draggable=\"false\" src=\"https:\/\/s.w.org\/images\/core\/emoji\/11.2.0\/svg\/1f4de.svg\" alt=\"\ud83d\udcde\" title=\"\">\u00a0Tel\/Whatsapp\u00a0\u00a0<a href=\"tel:+1-809-720-6035\">+1-809-720-6035<\/a>.<\/p>\n<p><img decoding=\"async\" class=\"emoji\" draggable=\"false\" src=\"https:\/\/s.w.org\/images\/core\/emoji\/11.2.0\/svg\/1f4e9.svg\" alt=\"\ud83d\udce9\" title=\"\">\u00a0<a href=\"mailto:info@bookingadventures.com.do\">info@bookingadventures.com.do<\/a><\/p>\n<p><strong>Vi \u00e4r flexibla med privata turer med Whatsapp:\u00a0<a href=\"tel:+18097206035\">+18097206035.<\/a><\/strong><\/p>\n<\/div>\n<\/div>\n<\/div>\n<\/div>\n<\/div>\n<\/div>\n\n\t\t<\/div>\n\t<\/div>\n<\/div><\/div><\/div><\/div>","protected":false},"excerpt":{"rendered":"<p>Starting from Puerto Plata, Sosua or Cabarete to Saman\u00e1 bay port. With professionals Naturalist tour Guides in Whale watching. If you will like to contact us for advice just email, Whatsapp or Calling is available.<\/p>\n<p>Please book your tickets with time. In the whales season are many bookings and we will like to have your tickets safe for you. Set location to pick up and time with us.<\/p>\n<p><em><strong>Please Select the date for The Excursion:<\/strong><\/em><\/p>","protected":false},"featured_media":11194,"template":"","meta":[],"product_brand":[],"product_cat":[492,493,494,495,496,497,485,498,499,232,500],"product_tag":[142,488,489,393,490,234,236,491],"class_list":{"0":"post-11378","1":"product","2":"type-product","3":"status-publish","4":"has-post-thumbnail","6":"product_cat-puerto-plata-2021","7":"product_cat-tours-excursions","8":"product_cat-tours-excursions-whale-watching-samana-bay-dominican-republic","9":"product_cat-whale-miches","10":"product_cat-whale-sabana-de-la-mar","11":"product_cat-whale-samana","12":"product_cat-whale-watching","13":"product_cat-whale-watching-puerto-plata","14":"product_cat-whale-watching-punta-cana","15":"product_cat-whale-watching-samana","16":"product_cat-whale-watching-samana-bay","17":"product_tag-samana","18":"product_tag-samana-tour","19":"product_tag-whale","20":"product_tag-whale-punta-cana","21":"product_tag-whale-sabana-de-la-mar","22":"product_tag-whale-samana","23":"product_tag-whale-watching-dominican-republic","24":"product_tag-whales-trips","26":"first","27":"instock","28":"sale","29":"featured","30":"shipping-taxable","31":"product-type-external"},"_links":{"self":[{"href":"https:\/\/haitises.com\/sv\/wp-json\/wp\/v2\/product\/11378","targetHints":{"allow":["GET"]}}],"collection":[{"href":"https:\/\/haitises.com\/sv\/wp-json\/wp\/v2\/product"}],"about":[{"href":"https:\/\/haitises.com\/sv\/wp-json\/wp\/v2\/types\/product"}],"wp:featuredmedia":[{"embeddable":true,"href":"https:\/\/haitises.com\/sv\/wp-json\/wp\/v2\/media\/11194"}],"wp:attachment":[{"href":"https:\/\/haitises.com\/sv\/wp-json\/wp\/v2\/media?parent=11378"}],"wp:term":[{"taxonomy":"product_brand","embeddable":true,"href":"https:\/\/haitises.com\/sv\/wp-json\/wp\/v2\/product_brand?post=11378"},{"taxonomy":"product_cat","embeddable":true,"href":"https:\/\/haitises.com\/sv\/wp-json\/wp\/v2\/product_cat?post=11378"},{"taxonomy":"product_tag","embeddable":true,"href":"https:\/\/haitises.com\/sv\/wp-json\/wp\/v2\/product_tag?post=11378"}],"curies":[{"name":"wp","href":"https:\/\/api.w.org\/{rel}","templated":true}]}}