{"id":11371,"date":"2021-08-15T20:09:01","date_gmt":"2021-08-15T20:09:01","guid":{"rendered":"http:\/\/haitises.com\/?post_type=product&#038;p=11371"},"modified":"2024-04-04T20:17:58","modified_gmt":"2024-04-04T20:17:58","slug":"mangroves-reforestation-in-los-haitises-with-locals-on-kayak-2","status":"publish","type":"product","link":"https:\/\/haitises.com\/sv\/privat\/mangroves-reforestation-in-los-haitises-with-locals-on-kayak-2\/","title":{"rendered":"Mangrove\u00e5terplantering i Los Haitises med lokalbefolkningen p\u00e5 kajak"},"content":{"rendered":"<div class=\"vc_row wpb_row vc_row-fluid\" ><div class=\"wpb_column vc_column_container vc_col-sm-12\"><div class=\"vc_column-inner\"><div class=\"wpb_wrapper\"><div class=\"vc_empty_space\"   style=\"height: 32px\"><span class=\"vc_empty_space_inner\"><\/span><\/div><\/div><\/div><\/div><\/div><div class=\"vc_row wpb_row vc_row-fluid\" ><div class=\"wpb_column vc_column_container vc_col-sm-12\"><div class=\"vc_column-inner\"><div class=\"wpb_wrapper\">[mkdf_section_title title_tag=\u00bb\u00bb disable_break_words=\u00bbno\u00bb subtitle_tag=\u00bb\u00bb title=\u00bbMangroves Reforestation in Los Haitises With Locals \u00bb subtitle=\u00bbMangroves, Kayaks, Caves and more.\u00bb]<\/div><\/div><\/div><\/div><div class=\"vc_row wpb_row vc_row-fluid\" ><div class=\"wpb_column vc_column_container vc_col-sm-12\"><div class=\"vc_column-inner\"><div class=\"wpb_wrapper\"><div class=\"vc_empty_space\"   style=\"height: 32px\"><span class=\"vc_empty_space_inner\"><\/span><\/div><\/div><\/div><\/div><\/div><div class=\"vc_row wpb_row vc_row-fluid\" ><div class=\"wpb_column vc_column_container vc_col-sm-12\"><div class=\"vc_column-inner\"><div class=\"wpb_wrapper\">\n\t<div class=\"wpb_text_column wpb_content_element\" >\n\t\t<div class=\"wpb_wrapper\">\n\t\t\t<h4><b><i>\u00d6versikt <\/i><\/b><\/h4>\n<p>Kayaking Mangroves in Los Haitises National Park with a local tour guide 4 Hours. In the Los Haitises National Park, close to Sabana de la Mar, there are 98 km2 of mangrove forest. You will see several open spots in the national park and these spots needs to be reforested again. In 1998, the hurricane George destroyed many areas of mangroves and can not restore by themselves. We hope that with a growing mangrove forest, more animals will inhabit the area, and ecotourism can provide an income for the local people.<\/p>\n<p>&nbsp;<\/p>\n<h4><b>Inklusioner och undantag<\/b><\/h4>\n<p>&nbsp;<\/p>\n<p><b>Inklusioner<\/b><\/p>\n<p>&nbsp;<\/p>\n<ol>\n<li style=\"font-weight: 400;\">Kajakpaddling<\/li>\n<li>50 Mangroves seedlings<\/li>\n<li>Grottturer<\/li>\n<li style=\"font-weight: 400;\"><span style=\"font-weight: 400;\">Alla skatter, avgifter och hanteringsavgifter<\/span><\/li>\n<li style=\"font-weight: 400;\"><span style=\"font-weight: 400;\">Lokala skatter<\/span><\/li>\n<li style=\"font-weight: 400;\"><span style=\"font-weight: 400;\">Lokal guide<\/span><\/li>\n<\/ol>\n<p><b> Uteslutningar<\/b><\/p>\n<ol>\n<li style=\"font-weight: 400;\"><span style=\"font-weight: 400;\">Dricks<\/span><\/li>\n<li style=\"font-weight: 400;\"><span style=\"font-weight: 400;\">\u00d6verf\u00f6ra<\/span><\/li>\n<li>Lunch ing\u00e5r inte<\/li>\n<li style=\"font-weight: 400;\"><span style=\"font-weight: 400;\">Alkoholhaltiga drycker<\/span><\/li>\n<\/ol>\n<p>&nbsp;<\/p>\n<h4><em><strong>Avresa och retur<\/strong><\/em><\/h4>\n<p><span style=\"font-weight: 400;\">Resen\u00e4ren kommer att f\u00e5 en m\u00f6tesplats efter bokningsprocessen. Turerna startar och slutar i v\u00e5ra m\u00f6tesplatser.<\/span><\/p>\n<p>&nbsp;<\/p>\n<h4><b><i>Vad du kan f\u00f6rv\u00e4nta?<\/i><\/b><\/h4>\n<p>First we take kayaks and heading around 30 min to areas, where we will collect the mangroves seeds. While kayaking we pass the mangroves swamps and Cano Hondo river. After that, you see plenty of mangrove seeds washed up by the sea. The seeds we find are red mangroves.<\/p>\n<p>We will collect these seeds and going to open spots in the national park which needs to be reforested again. We will show you how to plant the mangroves and explain you why it is so important. Then you will have the opportunity to plant the mangroves yourself and enjoy the good feeling by helping the nature. This Tour is for everyone who wants to enjoy the time in the nature, learn new things, meet new people and help to the nature.<\/p>\n<p>Every person can plant around 50 seedlings. We are planting in a moody area so we recommend to bring waterproof shoes.<br \/>\nWhen we finish to plant the mangroves we continue to the famous cave swimming in clean water to wash ourselves from the mood in a secret of the cave and learning about the origins Tainos people who lived here 600 years ago.<\/p>\n<p>On our way back you can see from kayaks the endemic birds, Limestone formation islands, endemic orchids which you can see only in Los Haitises park and others. The way back takes around 45 min and finish at the main port in the park where the experience start. Through the mangroves and Land at the open San Lorenzo Bay, from where you can photograph the rugged forest landscape. Look to the water to spot <em><strong>Manater<\/strong><\/em>, kr\u00e4ftdjur och <em><strong>Delfiner.<\/strong><\/em><\/p>\n<p>&nbsp;<\/p>\n<h4><em><strong>Vad ska du ta med?<\/strong><\/em><\/h4>\n<ul>\n<li style=\"font-weight: 400;\"><span style=\"font-weight: 400;\">kamera<\/span><\/li>\n<li style=\"font-weight: 400;\"><span style=\"font-weight: 400;\">Avvisande knoppar<\/span><\/li>\n<li style=\"font-weight: 400;\"><span style=\"font-weight: 400;\">solkr\u00e4m<\/span><\/li>\n<li style=\"font-weight: 400;\"><span style=\"font-weight: 400;\">Hatt<\/span><\/li>\n<li style=\"font-weight: 400;\"><span style=\"font-weight: 400;\">Bekv\u00e4ma byxor<\/span><\/li>\n<li style=\"font-weight: 400;\"><span style=\"font-weight: 400;\">Sandals or Shoes for muddy areas.\u00a0<\/span><\/li>\n<li style=\"font-weight: 400;\"><span style=\"font-weight: 400;\">Badkl\u00e4der<\/span><\/li>\n<\/ul>\n<p>&nbsp;<\/p>\n<h4><b><i>Hotellh\u00e4mtning <\/i><\/b><\/h4>\n<p><span style=\"font-weight: 400;\">Hotellh\u00e4mtning erbjuds inte f\u00f6r denna turn\u00e9. <\/span><\/p>\n<p>&nbsp;<\/p>\n<p><b>Notera:<\/b><span style=\"font-weight: 400;\"> Om du \u00e4r bokad inom 24 timmar efter turn\u00e9ns\/utflyktens avg\u00e5ngstid, kan vi ordna hotellh\u00e4mtning med extra avgifter. N\u00e4r ditt k\u00f6p \u00e4r klart skickar vi fullst\u00e4ndig kontaktinformation (telefonnummer, e-postadress, etc.) till dig f\u00f6r att v\u00e5r lokala reseguide ska kunna ordna h\u00e4mtning.<\/span><\/p>\n<h4><b><i>Ytterligare information Bekr\u00e4ftelse <\/i><\/b><\/h4>\n<ol>\n<li>Biljetter \u00e4r kvittot efter betalning av denna turn\u00e9. Du kan visa betalningen p\u00e5 din telefon.<\/li>\n<li style=\"font-weight: 400;\"><span style=\"font-weight: 400;\">M\u00f6tesplats kommer att tas emot efter bokningsprocessen.<\/span><\/li>\n<li style=\"font-weight: 400;\"><span style=\"font-weight: 400;\">Barn m\u00e5ste \u00e5tf\u00f6ljas av en vuxen.<\/span><\/li>\n<li style=\"font-weight: 400;\"><span style=\"font-weight: 400;\"> Ej rullstolsanpassat <\/span><\/li>\n<li style=\"font-weight: 400;\"><span style=\"font-weight: 400;\">Sp\u00e4dbarn m\u00e5ste sitta i kn\u00e4 <\/span><\/li>\n<li style=\"font-weight: 400;\"><span style=\"font-weight: 400;\">Rekommenderas inte f\u00f6r resen\u00e4rer med ryggproblem<\/span><\/li>\n<li style=\"font-weight: 400;\"><span style=\"font-weight: 400;\">Rekommenderas inte f\u00f6r gravida resen\u00e4rer <\/span><\/li>\n<li style=\"font-weight: 400;\"><span style=\"font-weight: 400;\"> Inga hj\u00e4rtproblem eller andra allvarliga medicinska tillst\u00e5nd <\/span><\/li>\n<li style=\"font-weight: 400;\"><span style=\"font-weight: 400;\">De flesta resen\u00e4rer kan delta<\/span><\/li>\n<\/ol>\n<h4><b><i>Avbokningsregler<\/i><\/b><\/h4>\n<p><span style=\"font-weight: 400;\">F\u00f6r full \u00e5terbetalning, avboka minst 24 timmar f\u00f6re startdatumet f\u00f6r upplevelsen.<\/span><\/p>\n\n\t\t<\/div>\n\t<\/div>\n<\/div><\/div><\/div><\/div><div class=\"vc_row wpb_row vc_row-fluid\" ><div class=\"wpb_column vc_column_container vc_col-sm-12\"><div class=\"vc_column-inner\"><div class=\"wpb_wrapper\"><div class=\"vc_empty_space\"   style=\"height: 32px\"><span class=\"vc_empty_space_inner\"><\/span><\/div>\n\t<div class=\"wpb_text_column wpb_content_element\" >\n\t\t<div class=\"wpb_wrapper\">\n\t\t\t<h4>Kontakta oss?<\/h4>\n<h5>Bokning \u00e4ventyr<\/h5>\n<p><em><strong>Lokalbefolkningen<\/strong>\u00a0och\u00a0<strong>Nationals<\/strong>\u00a0Reseguider och g\u00e4sttj\u00e4nster<\/em><\/p>\n<p><span class=\"text-turquoise\">Bokningar:<\/span>\u00a0Rundturer och utflykter i Dom. Rep.<\/p>\n<p><img decoding=\"async\" class=\"emoji\" draggable=\"false\" src=\"https:\/\/s.w.org\/images\/core\/emoji\/11.2.0\/svg\/1f4de.svg\" alt=\"\ud83d\udcde\" title=\"\">\u00a0Tel\/Whatsapp\u00a0\u00a0<a href=\"tel:+1-809-720-6035\">+1-809-720-6035<\/a>.<\/p>\n<p><img decoding=\"async\" class=\"emoji\" draggable=\"false\" src=\"https:\/\/s.w.org\/images\/core\/emoji\/11.2.0\/svg\/1f4e9.svg\" alt=\"\ud83d\udce9\" title=\"\">\u00a0<a href=\"mailto:info@bookingadventures.com.do\">info@bookingadventures.com.do<\/a><\/p>\n<p><strong>Vi \u00e4r flexibla med privata turer med Whatsapp:\u00a0<a href=\"tel:+18097206035\">+18097206035.<\/a><\/strong><\/p>\n\n\t\t<\/div>\n\t<\/div>\n<div class=\"vc_empty_space\"   style=\"height: 32px\"><span class=\"vc_empty_space_inner\"><\/span><\/div><\/div><\/div><\/div><\/div>","protected":false},"excerpt":{"rendered":"<p>Bra tillf\u00e4lle att hj\u00e4lpa naturen och njuta av sk\u00f6nheten i Los Haitises nationalpark p\u00e5 kajaker. 50 plantor som donerar mangrove kommer att vara en del av ditt bes\u00f6k p\u00e5 kajaker plus lokalbefolkningens utbildade guider f\u00f6r tolkning av flora och fauna. Om du inte gillar kajaker har denna aktivitet ett b\u00e5talternativ.<\/p>\n<p>&nbsp;<\/p>\n<p><strong>V\u00e4lj datum f\u00f6r turn\u00e9n:<\/strong><\/p>","protected":false},"featured_media":11138,"template":"","meta":[],"product_brand":[],"product_cat":[144,469,123,124],"product_tag":[126,127,145,150,197,198,199,132,133,200,470,201,114,147,148],"class_list":{"0":"post-11371","1":"product","2":"type-product","3":"status-publish","4":"has-post-thumbnail","6":"product_cat-kayaking","7":"product_cat-mangroves-projects","8":"product_cat-tours-excursions-los-haitises-national-park","9":"product_cat-tours-excursions-samana-bay-dominican-republic","10":"product_tag-cano-hondo","11":"product_tag-cano-hondo-hotel","12":"product_tag-day-tour-cano-hondo","13":"product_tag-kayak-dominican-republic","14":"product_tag-kayaking-dominican-republic","15":"product_tag-kayaking-los-haitises","16":"product_tag-kayaks","17":"product_tag-los-haitises","18":"product_tag-los-haitises-national-park","19":"product_tag-los-haitises-tours","20":"product_tag-mangroves-reforestation-in-los-haitises-with-locals","21":"product_tag-private-tours-samana","22":"product_tag-sabana-de-la-mar","23":"product_tag-samana-bay","24":"product_tag-samana-excursions","26":"first","27":"instock","28":"sale","29":"sold-individually","30":"shipping-taxable","31":"product-type-external"},"_links":{"self":[{"href":"https:\/\/haitises.com\/sv\/wp-json\/wp\/v2\/product\/11371","targetHints":{"allow":["GET"]}}],"collection":[{"href":"https:\/\/haitises.com\/sv\/wp-json\/wp\/v2\/product"}],"about":[{"href":"https:\/\/haitises.com\/sv\/wp-json\/wp\/v2\/types\/product"}],"wp:featuredmedia":[{"embeddable":true,"href":"https:\/\/haitises.com\/sv\/wp-json\/wp\/v2\/media\/11138"}],"wp:attachment":[{"href":"https:\/\/haitises.com\/sv\/wp-json\/wp\/v2\/media?parent=11371"}],"wp:term":[{"taxonomy":"product_brand","embeddable":true,"href":"https:\/\/haitises.com\/sv\/wp-json\/wp\/v2\/product_brand?post=11371"},{"taxonomy":"product_cat","embeddable":true,"href":"https:\/\/haitises.com\/sv\/wp-json\/wp\/v2\/product_cat?post=11371"},{"taxonomy":"product_tag","embeddable":true,"href":"https:\/\/haitises.com\/sv\/wp-json\/wp\/v2\/product_tag?post=11371"}],"curies":[{"name":"wp","href":"https:\/\/api.w.org\/{rel}","templated":true}]}}