{"id":10900,"date":"2020-07-15T20:24:07","date_gmt":"2020-07-15T20:24:07","guid":{"rendered":"http:\/\/haitises.com\/Republica-Dominicana\/import-placeholder-for-9686\/"},"modified":"2024-04-16T01:30:31","modified_gmt":"2024-04-16T01:30:31","slug":"ermitano-beach-playa-ermitano-boat-tour-and-playa-onda-half-day-trip-samana-dominican-republic-2","status":"publish","type":"product","link":"https:\/\/haitises.com\/sv\/privat\/ermitano-beach-playa-ermitano-boat-tour-and-playa-onda-half-day-trip-samana-dominican-republic-2\/","title":{"rendered":"(Ermitano Beach) Playa Ermita\u00f1o B\u00e5ttur och Playa Honda, halvdagstur, Saman\u00e1 \u2013 Dominikanska republiken."},"content":{"rendered":"<div class=\"vc_row wpb_row vc_row-fluid\" ><div class=\"wpb_column vc_column_container vc_col-sm-12\"><div class=\"vc_column-inner\"><div class=\"wpb_wrapper\">[mkdf_section_title title_tag=\u00bb\u00bb disable_break_words=\u00bbno\u00bb subtitle_tag=\u00bb\u00bb title=\u00bbPlaya Rinc\u00f3n, Playa Fronton + Playa Madame Beach, Saman\u00e1 &#8211; Dominican Republic.\u00bb subtitle=\u00bbLunch, Boat Ride and Private Transportation From Hotels.\u00bb]\n\t<div class=\"wpb_text_column wpb_content_element\" >\n\t\t<div class=\"wpb_wrapper\">\n\t\t\t<h2 class=\"styles__heading___mD4_3\" data-radium=\"true\">(Ermitano Beach) Playa Ermita\u00f1o b\u00e5ttur och Playa Onda privat resa.<\/h2>\n<h4><b><i>\u00d6versikt <\/i><\/b><\/h4>\n<p>Resan b\u00f6rjar med att du h\u00e4mtas p\u00e5 ditt hotell eller p\u00e5 flygplatsen i Samana-omr\u00e5det eller Las Galeras. B\u00f6rja din upplevelse p\u00e5 Playa El Valle, en vacker och unik strand n\u00e4ra Saman\u00e1. Njut av en 25 minuters b\u00e5ttur till Playa Ermita\u00f1o, som \u00e4r en fortfarande outforskad och isolerad strand med turkosbl\u00e5tt vatten. Njut av f\u00e4rskt kokosvatten. Uppt\u00e4ck Dominikanska republikens verkliga och or\u00f6rda sk\u00f6nhet och f\u00f6rdjupa dig i naturen n\u00e4r du utforskar den hemliga grottan i n\u00e4rheten. Stanna p\u00e5 Playa Ermita\u00f1o s\u00e5 l\u00e4nge du vill och bes\u00f6k Playa Onda, en annan vacker vild strand, bara en 15 minuters b\u00e5ttur bort. \u00c5terv\u00e4nd till Playa El Valle och forts\u00e4tt sedan till Saman\u00e1, d\u00e4r du f\u00e5r se lokala hus och l\u00e4ra dig mer om det dominikanska verkliga livet.<\/p>\n<p>&nbsp;<\/p>\n<ul>\n<li>Lokal guide med erfarenhet av s\u00e4kerhet i omr\u00e5det.<\/li>\n<li>Privat transport<\/li>\n<li>Avgifter ing\u00e5r<\/li>\n<li>Lunch p\u00e5 stranden<\/li>\n<li>Lokal reseledare p\u00e5 spanska, engelska eller franska.<\/li>\n<li>Vandring<\/li>\n<\/ul>\n<h4><b>Inklusioner och undantag<\/b><\/h4>\n<p>&nbsp;<\/p>\n<p><b>Inklusioner<\/b><\/p>\n<ol>\n<li><span style=\"font-weight: 400;\">Lokal guide med erfarenhet av s\u00e4kerhet i omr\u00e5det.<\/span><\/li>\n<li>Privat transport f\u00f6r sm\u00e5 grupper<\/li>\n<li style=\"font-weight: 400;\">El Rincon Beach<\/li>\n<li>Dominikanska huset Ranch<\/li>\n<li>Floden Cano Frio<\/li>\n<li style=\"font-weight: 400;\"><span style=\"font-weight: 400;\">Alla skatter, avgifter och hanteringsavgifter<\/span><\/li>\n<li style=\"font-weight: 400;\"><span style=\"font-weight: 400;\">Lokala skatter<\/span><\/li>\n<li>Lunch p\u00e5 stranden<\/li>\n<li>Vandring<\/li>\n<li style=\"font-weight: 400;\"><span style=\"font-weight: 400;\">Alla aktiviteter<\/span><\/li>\n<\/ol>\n<p><b> Uteslutningar<\/b><\/p>\n<ol>\n<li style=\"font-weight: 400;\"><span style=\"font-weight: 400;\">Dricks<\/span><\/li>\n<li>Alla drycker<\/li>\n<\/ol>\n<h4><em><strong>Avresa och retur<\/strong><\/em><\/h4>\n<p><span style=\"font-weight: 400;\">Resen\u00e4ren kommer att f\u00e5 en m\u00f6tesplats efter bokningsprocessen. Turerna startar och slutar vid dina m\u00f6tesplatser.<\/span><\/p>\n<h2 class=\"styles__heading___mD4_3\" data-radium=\"true\">(Ermitano Beach) Playa Ermita\u00f1o b\u00e5ttur och Playa Onda privat resa.<\/h2>\n<h4><em>Vad du kan f\u00f6rv\u00e4nta?<\/em><\/h4>\n<p>Efter att ha l\u00e4mnat Samana hotellomr\u00e5de och k\u00f6rt \u00f6ver Dominikanska gator, kommer du att se och l\u00e4ra dig om lokalbefolkningens livsstil. Denna strand ligger mellan Playa Honda och Playa El Valle p\u00e5 Samanas halv\u00f6. Den har en l\u00e4ngd p\u00e5 400 meter och \u00e4r omgiven av rev.  Det enda s\u00e4ttet att ta sig till stranden \u00e4r att vandra, genom en t\u00e4t djungelliknande stig eller med b\u00e5t.<\/p>\n<p>Historien om hans namn \u00e4r s\u00e5 fascinerande och intressant... Juan El Ermita\u00f1o var tydligen en fransk pirat som \u00e5ngrade sig och en dag landade p\u00e5 den h\u00e4r stranden i Samana. Enligt ber\u00e4ttelsen hade han varit ensam och isolerad fr\u00e5n omv\u00e4rlden under \u00e5r 1780. Legenden s\u00e4ger att han efter 22 \u00e5rs exil \u00f6verraskande uppt\u00e4cktes av sina tidigare medkorsarer som trodde att han var d\u00f6d. Men spanjorerna, som f\u00f6rbluffades av hans str\u00e4nghet och st\u00e5ndaktighet, ben\u00e5dade honom och betraktade honom n\u00e4stan som ett helgon. Men som i alla historier om pirater hade Juan El Ermita\u00f1o en stor hemlighet: han g\u00f6mde ett v\u00e4rdefullt byte fr\u00e5n sin tid som pirat p\u00e5 den h\u00e4r stranden.<\/p>\n<p>N\u00e4r du anl\u00e4nder dit kommer du att se framf\u00f6r dig ett vykortsvackert landskap. Du kommer att f\u00e5 intrycket av att vara unik i v\u00e4rlden p\u00e5 denna magiska plats med sin frodiga och tropiska vegetation och av sk\u00f6nheten i dess kristallklara vatten.  Denna strand g\u00f6r en wow-upplevelse till verklighet.<\/p>\n<p>Den turkiska och svenska versionen av tv-serien Survivor spelades in p\u00e5 denna strand<\/p>\n<p>This tour, organized by \u00abBooking Adventures\u00bb starts at the meeting point set with our Tour Guide. Come with Booking Adventures and have lunch at the beach and enjoy the one of the\u00a0most amazing beaches in Samana, Dominican Republic.<\/p>\n<h4><em><strong>Vad ska du ta med?<\/strong><\/em><\/h4>\n<ul>\n<li style=\"font-weight: 400;\"><span style=\"font-weight: 400;\">kamera<\/span><\/li>\n<li style=\"font-weight: 400;\"><span style=\"font-weight: 400;\">Avvisande knoppar<\/span><\/li>\n<li style=\"font-weight: 400;\"><span style=\"font-weight: 400;\">solkr\u00e4m<\/span><\/li>\n<li>Vatten<\/li>\n<li style=\"font-weight: 400;\"><span style=\"font-weight: 400;\">Hatt<\/span><\/li>\n<li style=\"font-weight: 400;\"><span style=\"font-weight: 400;\">Bekv\u00e4ma byxor<\/span><\/li>\n<li style=\"font-weight: 400;\"><span style=\"font-weight: 400;\">Vandringsskor f\u00f6r skog<\/span><\/li>\n<li style=\"font-weight: 400;\"><span style=\"font-weight: 400;\">Sandaler till v\u00e5romr\u00e5dena.<\/span><\/li>\n<li style=\"font-weight: 400;\"><span style=\"font-weight: 400;\">Badkl\u00e4der<\/span><\/li>\n<\/ul>\n<p>&nbsp;<\/p>\n<h4><b><i>Hotellh\u00e4mtning <\/i><\/b><\/h4>\n<p><span style=\"font-weight: 400;\">Hotellh\u00e4mtning erbjuds f\u00f6r denna tur. <\/span><\/p>\n<p>&nbsp;<\/p>\n<p><b>Notera:<\/b><span style=\"font-weight: 400;\"> Om du bokar inom 24 timmar f\u00f6re avresan f\u00f6r turen\/exkursionen kan vi ordna upph\u00e4mtning p\u00e5 hotellet. Vi h\u00e4mtar bara i Samana-omr\u00e5det. N\u00e4r ditt k\u00f6p \u00e4r slutf\u00f6rt skickar vi dig fullst\u00e4ndig kontaktinformation (telefonnummer, e-postadress, etc.) f\u00f6r v\u00e5r lokala reseguide f\u00f6r att organisera upph\u00e4mtningsarrangemang.<\/span><\/p>\n<h4><b><i>Ytterligare information Bekr\u00e4ftelse <\/i><\/b><\/h4>\n<ol>\n<li>Biljetter \u00e4r kvittot efter betalning av denna turn\u00e9. Du kan visa betalningen p\u00e5 din telefon.<\/li>\n<li style=\"font-weight: 400;\"><span style=\"font-weight: 400;\">M\u00f6tesplats kommer att tas emot efter bokningsprocessen.<\/span><\/li>\n<li style=\"font-weight: 400;\"><span style=\"font-weight: 400;\">Barn m\u00e5ste \u00e5tf\u00f6ljas av en vuxen.<\/span><\/li>\n<li style=\"font-weight: 400;\"><span style=\"font-weight: 400;\"> Ej rullstolsanpassat <\/span><\/li>\n<li style=\"font-weight: 400;\"><span style=\"font-weight: 400;\">Sp\u00e4dbarn m\u00e5ste sitta i kn\u00e4 <\/span><\/li>\n<li style=\"font-weight: 400;\"><span style=\"font-weight: 400;\">Rekommenderas inte f\u00f6r resen\u00e4rer med ryggproblem<\/span><\/li>\n<li style=\"font-weight: 400;\"><span style=\"font-weight: 400;\">Rekommenderas inte f\u00f6r gravida resen\u00e4rer <\/span><\/li>\n<li style=\"font-weight: 400;\"><span style=\"font-weight: 400;\"> Inga hj\u00e4rtproblem eller andra allvarliga medicinska tillst\u00e5nd <\/span><\/li>\n<li style=\"font-weight: 400;\"><span style=\"font-weight: 400;\">De flesta resen\u00e4rer kan delta<\/span><\/li>\n<\/ol>\n<h4><b><i>Avbokningsregler<\/i><\/b><\/h4>\n<p><span style=\"font-weight: 400;\">F\u00f6r full \u00e5terbetalning, avboka minst 24 timmar f\u00f6re startdatumet f\u00f6r upplevelsen. Pengar g\u00e5r f\u00f6rlorade om bokningen avbokas samma dag som resan.<\/span><\/p>\n\n\t\t<\/div>\n\t<\/div>\n<\/div><\/div><\/div><\/div><div class=\"vc_row wpb_row vc_row-fluid\" ><div class=\"wpb_column vc_column_container vc_col-sm-12\"><div class=\"vc_column-inner\"><div class=\"wpb_wrapper\">\n\t<div class=\"wpb_video_widget wpb_content_element vc_clearfix   vc_video-aspect-ratio-169 vc_video-el-width-100 vc_video-align-left\" >\n\t\t<div class=\"wpb_wrapper\">\n\t\t\t<h2 class=\"wpb_heading wpb_video_heading\">Titta p\u00e5 videon:<\/h2>\n\t\t\t<div class=\"wpb_video_wrapper\"><iframe loading=\"lazy\" title=\"Ermita\u00f1o Beach - Saman\u00e1, Dominikanska republiken\" src=\"https:\/\/player.vimeo.com\/video\/263076708?dnt=1&amp;app_id=122963\" width=\"1100\" height=\"619\" frameborder=\"0\" allow=\"autoplay; fullscreen\" allowfullscreen><\/iframe><\/div>\n\t\t<\/div>\n\t<\/div>\n<\/div><\/div><\/div><\/div><div class=\"vc_row wpb_row vc_row-fluid\" ><div class=\"wpb_column vc_column_container vc_col-sm-12\"><div class=\"vc_column-inner\"><div class=\"wpb_wrapper\"><div class=\"vc_empty_space\"   style=\"height: 32px\"><span class=\"vc_empty_space_inner\"><\/span><\/div>\n\t<div class=\"wpb_text_column wpb_content_element\" >\n\t\t<div class=\"wpb_wrapper\">\n\t\t\t<h4>Kontakta oss?<\/h4>\n<h5>Bokning \u00e4ventyr<\/h5>\n<p><em><strong>Lokalbefolkningen<\/strong>\u00a0och\u00a0<strong>Nationals<\/strong>\u00a0Reseguider och g\u00e4sttj\u00e4nster<\/em><\/p>\n<p><span class=\"text-turquoise\">Bokningar:<\/span>\u00a0Rundturer och utflykter i Dom. Rep.<\/p>\n<p><img decoding=\"async\" class=\"emoji\" draggable=\"false\" src=\"https:\/\/s.w.org\/images\/core\/emoji\/11.2.0\/svg\/1f4de.svg\" alt=\"\ud83d\udcde\" title=\"\">\u00a0Tel\/Whatsapp\u00a0\u00a0<a href=\"tel:+1-809-720-6035\">+1-809-720-6035<\/a>.<\/p>\n<p><img decoding=\"async\" class=\"emoji\" draggable=\"false\" src=\"https:\/\/s.w.org\/images\/core\/emoji\/11.2.0\/svg\/1f4e9.svg\" alt=\"\ud83d\udce9\" title=\"\">\u00a0<a href=\"mailto:info@bookingadventures.com.do\">info@bookingadventures.com.do<\/a><\/p>\n<p><strong>Vi \u00e4r flexibla med privata turer med Whatsapp:\u00a0<a href=\"tel:+18097206035\">+18097206035.<\/a><\/strong><\/p>\n\n\t\t<\/div>\n\t<\/div>\n<div class=\"vc_empty_space\"   style=\"height: 32px\"><span class=\"vc_empty_space_inner\"><\/span><\/div><\/div><\/div><\/div><\/div>","protected":false},"excerpt":{"rendered":"<p>Resan b\u00f6rjar med att du h\u00e4mtas p\u00e5 ditt hotell eller p\u00e5 flygplatsen i Samana-omr\u00e5det Las Galeras. B\u00f6rja din upplevelse p\u00e5 Playa El Valle, en vacker och unik strand n\u00e4ra Saman\u00e1. Njut av en 25 minuters b\u00e5ttur till Playa Ermita\u00f1o, som \u00e4r en \u00e4nnu outforskad och isolerad strand med turkosbl\u00e5tt vatten. Njut av f\u00e4rskt kokosvatten. Uppt\u00e4ck Dominikanska republikens verkliga och or\u00f6rda sk\u00f6nhet och f\u00f6rdjupa dig i naturen n\u00e4r du utforskar den hemliga grottan i n\u00e4rheten. Stanna p\u00e5 Playa Ermita\u00f1o s\u00e5 l\u00e4nge du vill och bes\u00f6k Playa Onda, en annan vacker vild strand, bara en 15 minuters b\u00e5ttur bort. \u00c5terv\u00e4nd till Playa El Valle och forts\u00e4tt sedan till Saman\u00e1, d\u00e4r du f\u00e5r se lokala hus och l\u00e4ra dig mer om det dominikanska verkliga livet. Detta \u00e4r en halvdagsupplevelse av det verkliga Samana i Dominikanska republiken.<\/p>\n<p>&nbsp;<\/p>\n<p><strong>V\u00e4lj datum f\u00f6r turn\u00e9n:\u00a0<\/strong><\/p>","protected":false},"featured_media":484,"template":"","meta":[],"product_brand":[],"product_cat":[356,98,135,124],"product_tag":[376,377,378,379,380,381,382,383,384,385,386,387,388,389,201,270,148,143],"class_list":{"0":"post-10900","1":"product","2":"type-product","3":"status-publish","4":"has-post-thumbnail","6":"product_cat-day-trips","7":"product_cat-local-tour-guides","8":"product_cat-lunch","9":"product_cat-tours-excursions-samana-bay-dominican-republic","10":"product_tag-ermitano-beach-playa-ermitano-boat-tour-and-playa-onda-private-trip","11":"product_tag-ermitano-beach","12":"product_tag-ermitano-excursion","13":"product_tag-ermitano-samana","14":"product_tag-ermitano-tour","15":"product_tag-las-terrenas-excursions","16":"product_tag-las-terrenas-tours","17":"product_tag-onda-beach","18":"product_tag-playa-ermitano-and-playa-onda-private-boat-tour","19":"product_tag-playa-ermitano-tour","20":"product_tag-playa-honda-samana","21":"product_tag-playa-onda","22":"product_tag-playa-onda-location","23":"product_tag-playa-onda-samana-maps","24":"product_tag-private-tours-samana","25":"product_tag-samana-dominican-republic","26":"product_tag-samana-excursions","27":"product_tag-samana-tours","29":"first","30":"instock","31":"sale","32":"sold-individually","33":"shipping-taxable","34":"product-type-external"},"_links":{"self":[{"href":"https:\/\/haitises.com\/sv\/wp-json\/wp\/v2\/product\/10900","targetHints":{"allow":["GET"]}}],"collection":[{"href":"https:\/\/haitises.com\/sv\/wp-json\/wp\/v2\/product"}],"about":[{"href":"https:\/\/haitises.com\/sv\/wp-json\/wp\/v2\/types\/product"}],"wp:featuredmedia":[{"embeddable":true,"href":"https:\/\/haitises.com\/sv\/wp-json\/wp\/v2\/media\/484"}],"wp:attachment":[{"href":"https:\/\/haitises.com\/sv\/wp-json\/wp\/v2\/media?parent=10900"}],"wp:term":[{"taxonomy":"product_brand","embeddable":true,"href":"https:\/\/haitises.com\/sv\/wp-json\/wp\/v2\/product_brand?post=10900"},{"taxonomy":"product_cat","embeddable":true,"href":"https:\/\/haitises.com\/sv\/wp-json\/wp\/v2\/product_cat?post=10900"},{"taxonomy":"product_tag","embeddable":true,"href":"https:\/\/haitises.com\/sv\/wp-json\/wp\/v2\/product_tag?post=10900"}],"curies":[{"name":"wp","href":"https:\/\/api.w.org\/{rel}","templated":true}]}}