{"id":564,"date":"2020-06-27T01:33:01","date_gmt":"2020-06-27T01:33:01","guid":{"rendered":"http:\/\/haitises.com\/?post_type=product&#038;p=564"},"modified":"2024-04-17T17:19:20","modified_gmt":"2024-04-17T17:19:20","slug":"izlet-s-kajakom-los-haitises-2-uri","status":"publish","type":"product","link":"https:\/\/haitises.com\/sl\/zasebno\/izlet-s-kajakom-los-haitises-2-uri\/","title":{"rendered":"Izlet s kajakom v Los Haitises 2 uri"},"content":{"rendered":"<div class=\"vc_row wpb_row vc_row-fluid\" ><div class=\"wpb_column vc_column_container vc_col-sm-12\"><div class=\"vc_column-inner\"><div class=\"wpb_wrapper\">[mkdf_section_title subtitle_tag=\u00bb\u00bb subtitle=\u00bbKayaks y gu\u00eda local\u00bb]<\/div><\/div><\/div><\/div><div class=\"vc_row wpb_row vc_row-fluid\" ><div class=\"wpb_column vc_column_container vc_col-sm-12\"><div class=\"vc_column-inner\"><div class=\"wpb_wrapper\"><div class=\"vc_empty_space\"   style=\"height: 32px\"><span class=\"vc_empty_space_inner\"><\/span><\/div><\/div><\/div><\/div><\/div><div class=\"vc_row wpb_row vc_row-fluid\" ><div class=\"wpb_column vc_column_container vc_col-sm-12\"><div class=\"vc_column-inner\"><div class=\"wpb_wrapper\">\n\t<div class=\"wpb_text_column wpb_content_element\" >\n\t\t<div class=\"wpb_wrapper\">\n\t\t\t<div class=\"vc_row wpb_row vc_row-fluid\">\n<div class=\"wpb_column vc_column_container vc_col-sm-12\">\n<div class=\"vc_column-inner\">\n<div class=\"wpb_wrapper\">\n<div class=\"mkdf-section-title-holder\">\n<div class=\"mkdf-st-inner\">\n<h2>Kayak en el Parque Nacional Los Haitises con gu\u00eda tur\u00edstico de Ca\u00f1o Hondo 2 horas<\/h2>\n<h3>Opis<\/h3>\n<p>Manglares en kayak en el Parque Nacional Los Haitises con un gu\u00eda local de 2 horas. Visitando los manglares en el r\u00edo Ca\u00f1o Hondo m\u00e1s una descripci\u00f3n general de la bah\u00eda de San Lorenzo en el parque nacional Los Haitises, \u00e1rea de Sabana de la mar Ca\u00f1o Hondo. En caso de que le guste la excursi\u00f3n m\u00e1s larga: Kayak 4 horas en Los Haitises.<\/p>\n<ul>\n<li>Vodnik zagotavlja navodila in nadzor.<\/li>\n<li>Kayaks y remos disponibles Doble para dos personas y Simple para una sola persona.<\/li>\n<\/ul>\n<h3>Vklju\u010ditve in izklju\u010ditve<\/h3>\n<h4>Vklju\u010dki<\/h4>\n<ol>\n<li>Viaje en kayak<\/li>\n<li>Todos los impuestos, tarifas y cargos por manejo<\/li>\n<li>Lokalni davki<\/li>\n<li>Lokalni vodnik<\/li>\n<\/ol>\n<h4>Izklju\u010ditve<\/h4>\n<ol>\n<li>Nasveti<\/li>\n<li>Transport<\/li>\n<li>El almuerzo <em>no<\/em> est\u00e1 incluido.<\/li>\n<li>Las cuevas <em>no<\/em> est\u00e1n incluidas<\/li>\n<li>Alkoholne pija\u010de<\/li>\n<\/ol>\n<h3><em>Odhod in povratek<\/em><\/h3>\n<p>Po opravljeni rezervaciji bo potnik dobil zbirali\u0161\u010de. Ogledi se za\u010dnejo in kon\u010dajo na na\u0161ih zbirali\u0161\u010dih.<\/p>\n<h3>Kaj pri\u010dakovati?<\/h3>\n<p>Obtenga sus boletos para visitar 2 horas en kayak el bosque del r\u00edo Ca\u00f1o Hondo (manglares) con los gu\u00edas tur\u00edsticos locales.<\/p>\n<p>Cuando obtengamos todos los tipos de equipos necesarios para su seguridad (chalecos salvavidas, etc.), la acci\u00f3n comenzar\u00e1 en kayak en el r\u00edo Ca\u00f1o Hondo.<\/p>\n<p>El recorrido, organizado por \u00abBooking Adventures\u00bb, comienza en el punto de encuentro establecido con el gu\u00eda tur\u00edstico. Tomando kayaks y atravesando manglares, pasando por antiguas cuevas piratas y en bosques protegidos en esta pintoresca reserva a partir del \u00e1rea de los Hoteles Ca\u00f1o Hondo o de Sabana de la Mar.<\/p>\n<p>Ven con Booking Adventures y comienza a observar algunos manglares llenos de aves, colinas onduladas de exuberante vegetaci\u00f3n y cuevas del Parque Nacional Los Haitises. Tomando una excursi\u00f3n en kayaks desde el r\u00edo Ca\u00f1o Hondo, Sabana de la Mar. A trav\u00e9s de los manglares y tierra en la bah\u00eda abierta de San Lorenzo, desde donde se puede fotografiar el paisaje boscoso escarpado. Mire el agua para ver manat\u00edes, crust\u00e1ceos y delfines.<\/p>\n<p>En caso de que le guste este viaje, tenemos una segunda opci\u00f3n: kayak en Los Haitises 4 horas<\/p>\n<p>El Tour termina en el punto de partida en el Parque Nacional Los Haitises. Recomendamos este viaje a las 6:00 am en caso de que quiera ver manat\u00edes, crust\u00e1ceos y delfines.<\/p>\n<p>Las 6:00 AM es temprano, as\u00ed que todav\u00eda no hay botes en el Parque Nacional Los Haitises.<\/p>\n<h3><em>Kaj morate prinesti?<\/em><\/h3>\n<ul>\n<li>Kamera<\/li>\n<li>Repelenti<\/li>\n<li>Crema solar<\/li>\n<li>Klobuk<\/li>\n<li>Udobne hla\u010de<\/li>\n<li>Sandalias<\/li>\n<li>Kopalke<\/li>\n<\/ul>\n<h3><em>Prevzem iz hotela<\/em><\/h3>\n<p>Prevzem iz hotela za to turnejo ni na voljo.<\/p>\n<p><strong>Opomba:<\/strong> \u010ce rezervirate v 24 urah po \u010dasu odhoda potovanja\/izleta, lahko organiziramo hotelski prevzem z dopla\u010dilom. Ko bo va\u0161 nakup opravljen, vam bomo poslali popolne kontaktne podatke (telefonsko \u0161tevilko, e-po\u0161tni naslov itd.), da bo na\u0161 lokalni turisti\u010dni vodnik organiziral prevzem.<\/p>\n<h3><em>Potrditev dodatnih informacij<\/em><\/h3>\n<ul>\n<li>Vstopnice so potrdilo po pla\u010dilu tega izleta. Pla\u010dilo lahko prika\u017eete na telefonu.<\/li>\n<li>Zbirno mesto prejmemo po opravljeni rezervaciji.<\/li>\n<li>Otroci morajo biti v spremstvu odrasle osebe.<\/li>\n<li>Ni dostopno z invalidskim vozi\u010dkom<\/li>\n<li>Los infantes deben sentarse en un asiento para beb\u00e9 o con un adulto<\/li>\n<li>Ni priporo\u010dljivo za popotnike s te\u017eavami s hrbtom.<\/li>\n<li>Ni priporo\u010dljivo za nose\u010dnice.<\/li>\n<li>Brez te\u017eav s srcem ali drugih resnih zdravstvenih te\u017eav.<\/li>\n<li>Sodeluje lahko ve\u010dina potnikov.<\/li>\n<\/ul>\n<h3><em>Politika odpovedi<\/em><\/h3>\n<p>\u010ce \u017eelite povrniti celotno kupnino, prekli\u010dite vsaj 24 ur pred za\u010detnim datumom izku\u0161nje.<\/p>\n<h3><em>Kontaktiraj nas?<\/em><\/h3>\n<p>Rezervacije avanture<br \/>\nLokalni in nacionalni turisti\u010dni vodniki ter storitve za goste<\/p>\n<p>Rezervacije: Ogledi in izleti v Domu Rep.<\/p>\n<p>\ud83d\udcde Tel\/Whatsapp +1-809-720-6035.<\/p>\n<p>\ud83d\udce9 info@bookingadventures.com.do<\/p>\n<p>Zasebna potovanja izvajamo prilagodljivo prek Whatsappa: +18097206035.<\/p>\n<\/div>\n<\/div>\n<\/div>\n<\/div>\n<\/div>\n<\/div>\n<div class=\"vc_row wpb_row vc_row-fluid\">\n<div class=\"wpb_column vc_column_container vc_col-sm-12\">\n<div class=\"vc_column-inner\">\n<div class=\"wpb_wrapper\">\n<div class=\"wpb_text_column wpb_content_element\">\n<div class=\"wpb_wrapper\"><\/div>\n<\/div>\n<\/div>\n<\/div>\n<\/div>\n<\/div>\n\n\t\t<\/div>\n\t<\/div>\n<\/div><\/div><\/div><\/div>","protected":false},"excerpt":{"rendered":"<p>Excursi\u00f3n al Parque Nacional Los Haitises desde Sabana de la Mar o Ca\u00f1o Hondo Hotels. Manglares en kayak en el Parque Nacional Los Haitises con un gu\u00eda tur\u00edstico local. Visitando los manglares en el r\u00edo Ca\u00f1o Hondo m\u00e1s una descripci\u00f3n general de la bah\u00eda de San Lorenzo en el Parque Nacional Los Haitises, \u00e1rea de Sabana de la Mar, Ca\u00f1o Hondo. Si est\u00e1 interesado en visitar tambi\u00e9n las cuevas, reserve 4 horas de viaje en kayak aqu\u00ed.<\/p>\n<ul>\n<li>Vodnik zagotavlja navodila in nadzor.<\/li>\n<li>Kayaks y remos disponibles Doble para dos personas y Simple para una sola persona.<\/li>\n<\/ul>\n<p>Establezca este recorrido con una ruta de senderismo y aprenda sobre la historia del Parque Nacional Los Haitises con locales.<\/p>\n<p><strong>Izberite datum ogleda:<\/strong><\/p>","protected":false},"featured_media":113,"template":"","meta":[],"product_brand":[],"product_cat":[119,96,144,98,121,99,122,443,123,124],"product_tag":[126,127,149,145,150,151,152,153,132,133,114,148,143],"class_list":{"0":"post-564","1":"product","2":"type-product","3":"status-publish","4":"has-post-thumbnail","6":"product_cat-caves","7":"product_cat-hiking","8":"product_cat-kayaking","9":"product_cat-local-tour-guides","10":"product_cat-mangroves","11":"product_cat-swimming-natural-springs","12":"product_cat-tours-and-excursions","13":"product_cat-tours-y-excursiones-es","14":"product_cat-tours-excursions-los-haitises-national-park","15":"product_cat-tours-excursions-samana-bay-dominican-republic","16":"product_tag-cano-hondo","17":"product_tag-cano-hondo-hotel","18":"product_tag-cano-hondo-river","19":"product_tag-day-tour-cano-hondo","20":"product_tag-kayak-dominican-republic","21":"product_tag-kayak-los-haitises","22":"product_tag-kayak-tour","23":"product_tag-kayaking","24":"product_tag-los-haitises","25":"product_tag-los-haitises-national-park","26":"product_tag-sabana-de-la-mar","27":"product_tag-samana-excursions","28":"product_tag-samana-tours","30":"first","31":"instock","32":"sale","33":"sold-individually","34":"shipping-taxable","35":"product-type-external"},"_links":{"self":[{"href":"https:\/\/haitises.com\/sl\/wp-json\/wp\/v2\/product\/564","targetHints":{"allow":["GET"]}}],"collection":[{"href":"https:\/\/haitises.com\/sl\/wp-json\/wp\/v2\/product"}],"about":[{"href":"https:\/\/haitises.com\/sl\/wp-json\/wp\/v2\/types\/product"}],"wp:featuredmedia":[{"embeddable":true,"href":"https:\/\/haitises.com\/sl\/wp-json\/wp\/v2\/media\/113"}],"wp:attachment":[{"href":"https:\/\/haitises.com\/sl\/wp-json\/wp\/v2\/media?parent=564"}],"wp:term":[{"taxonomy":"product_brand","embeddable":true,"href":"https:\/\/haitises.com\/sl\/wp-json\/wp\/v2\/product_brand?post=564"},{"taxonomy":"product_cat","embeddable":true,"href":"https:\/\/haitises.com\/sl\/wp-json\/wp\/v2\/product_cat?post=564"},{"taxonomy":"product_tag","embeddable":true,"href":"https:\/\/haitises.com\/sl\/wp-json\/wp\/v2\/product_tag?post=564"}],"curies":[{"name":"wp","href":"https:\/\/api.w.org\/{rel}","templated":true}]}}