{"id":551,"date":"2020-06-19T20:10:32","date_gmt":"2020-06-19T20:10:32","guid":{"rendered":"http:\/\/haitises.com\/?post_type=product&#038;p=551"},"modified":"2023-10-14T21:50:12","modified_gmt":"2023-10-14T21:50:12","slug":"ekskurzija-v-los-haitises-in-cano-hondo-iz-samane","status":"publish","type":"product","link":"https:\/\/haitises.com\/sl\/zasebno\/ekskurzija-v-los-haitises-in-cano-hondo-iz-samane\/","title":{"rendered":"Izlet v Los Haitises in Ca\u00f1o Hondo iz Samane"},"content":{"rendered":"<div class=\"vc_row wpb_row vc_row-fluid\" ><div class=\"wpb_column vc_column_container vc_col-sm-12\"><div class=\"vc_column-inner\"><div class=\"wpb_wrapper\">[mkdf_section_title subtitle_tag=\u00bb\u00bb subtitle=\u00bbAlmuerzo y Nataci\u00f3n en Piscinas Naturales\u00bb]<\/div><\/div><\/div><\/div><div class=\"vc_row wpb_row vc_row-fluid\" ><div class=\"wpb_column vc_column_container vc_col-sm-12\"><div class=\"vc_column-inner\"><div class=\"wpb_wrapper\">\n\t<div class=\"wpb_text_column wpb_content_element\" >\n\t\t<div class=\"wpb_wrapper\">\n\t\t\t<h2>Nacionalni park Los Haitises + kosilo v Cano Hondo iz pristani\u0161\u010da Saman\u00e1.<\/h2>\n<h3><em>Opis<\/em><\/h3>\n<p>Nacionalni park Los Haitises, ki se za\u010dne od pristani\u0161\u010da Saman\u00e1, plus \u010dudovito kosilo in kopanje v naravnih izvirih v Ca\u00f1o Hondo Ecolodge. Pojdite z nami in obi\u0161\u010dite najlep\u0161i nacionalni park v Dominikanski republiki, obi\u0161\u010dite mangrove, jame in zaliv San Lorenzo ter pre\u010dkajte \u010dudovit zaliv Saman\u00e1. Po kosilu v Ca\u00f1o Hondo boste imeli prilo\u017enost za nekaj ur plavati v naravnih bazenih in se nato vrniti v pristani\u0161\u010de Saman\u00e1.<\/p>\n<p>Po tej izku\u0161nji se boste vrnili v pristani\u0161\u010de Saman\u00e1.<\/p>\n<ul>\n<li>Davki vklju\u010deni<\/li>\n<li>Vodnik zagotavlja navodila in nadzor.<\/li>\n<\/ul>\n<h3>Vklju\u010ditve in izklju\u010ditve<\/h3>\n<h4>Vklju\u010dki<\/h4>\n<ol>\n<li>Ogled Los Haitises + jame in piktogrami<\/li>\n<li>Kosilo v Ca\u00f1o Hondo<\/li>\n<li>Zaplavajte v naravnih bazenih<\/li>\n<li>Vsi davki, pristojbine in manipulativni stro\u0161ki.<\/li>\n<li>Lokalni davki<\/li>\n<li>pija\u010de<\/li>\n<li>Vse dejavnosti<\/li>\n<li>Lokalni vodnik<\/li>\n<\/ol>\n<h4>Izklju\u010ditve<\/h4>\n<ol>\n<li>Nasveti<\/li>\n<li>Prenos<\/li>\n<li>Alkoholne pija\u010de<\/li>\n<\/ol>\n<h3><em>Odhod in povratek<\/em><\/h3>\n<p>Po opravljeni rezervaciji bo potnik dobil zbirali\u0161\u010de. Ogledi se za\u010dnejo in kon\u010dajo na na\u0161ih zbirali\u0161\u010dih.<\/p>\n<h3><em>Kaj pri\u010dakovati?<\/em><\/h3>\n<p>Zagotovite si vstopnice za obisk nacionalnega parka Los Haitises s \u010dudovitim kosilom v Ca\u00f1o Hondo in kopanjem v naravnih bazenih.<\/p>\n<p>Za\u010dnemo iz pristani\u0161\u010da Saman\u00e1 na krovu \u010dolna ali katamarana z lokalnim turisti\u010dnim vodi\u010dem, gremo mimo zaliva Saman\u00e1 poleg mesta Sabana de la Mar, da obi\u0161\u010demo enega najlep\u0161ih nacionalnih parkov v Dominikanski republiki.<\/p>\n<h5>Nacionalni park Los Haitises.<\/h5>\n<p>Obisk otoka s pticami okoli. V gnezditvenem obdobju lahko v gnezdih opazimo celo mladi\u010de pelikanov. Pojdite globlje v skalnate otoke in obi\u0161\u010dite jame s piktogrami in petroglifi staroselcev.<\/p>\n<p>El recorrido, organizado por \u00abBooking Adventures\u00bb, comienza en el punto de encuentro establecido con el gu\u00eda tur\u00edstico. Ven con Booking Adventures y comienza a observar algunos manglares llenos de aves, colinas onduladas de exuberante vegetaci\u00f3n y cuevas del Parque Nacional Los Haitises.<\/p>\n<p>El nombre del parque nacional proviene de sus habitantes originales, los indios ta\u00ednos. En su idioma, \u00abHaitises\u00bb se traduce a tierras altas o colinas, una referencia a las empinadas formaciones geol\u00f3gicas de la costa con calizas. Avent\u00farate en el parque para explorar cuevas como la Cueva de la Arena y la Cueva de la L\u00ednea.<\/p>\n<p>Jame v rezervatu so uporabljali kot zavetje Indijanci Ta\u00edno in kasneje skriti pirati. Poi\u0161\u010dite risbe Indijancev, ki krasijo nekatere stene.<\/p>\n<p>Po obisku nacionalnega parka Los Haitises se bomo odpravili v Cano Hondo. V Cano Hondo boste spoznali to ekolo\u0161ko zgodovino in si privo\u0161\u010dili kosilo s tipi\u010dno hrano skupnosti Sabana de la mar.<\/p>\n<p>Kosilo bo okusno, a nismo \u0161e kon\u010dali. Po kosilu bomo plavali v naravnih tolmunih od reke Jibales do reke Ca\u00f1o Hondo. V Ca\u00f1o Hondo ostanemo do 16:00 in se vrnemo v pristani\u0161\u010de Saman\u00e1, se bomo ponovno podali skozi mangrove in prispeli do odprtega zaliva San Lorenzo, od koder lahko fotografirate razgibano gozdno pokrajino. Poglejte v vodo in si oglejte morske krave, rake in delfine.<\/p>\n<p>Do trenutka, ko se boste nastanili pri turisti\u010dnem vodi\u010du, potem pa pojdite v pristani\u0161\u010de Cano Hondo in se z ladjo vrnite v pristani\u0161\u010de Saman\u00e1, ki pelje skozi zaliv Saman\u00e1 30 minut.<\/p>\n<p>\u010ce vam je to potovanje bolj v\u0161e\u010d, imamo te mo\u017enosti:<\/p>\n<p>Los Haitises + Cayo Levantado iz pristani\u0161\u010da Saman\u00e1.<\/p>\n<h3><em>Kaj morate prinesti?<\/em><\/h3>\n<ul>\n<li>Kamera<\/li>\n<li>Repelenti<\/li>\n<li>krema za son\u010denje<\/li>\n<li>Klobuk<\/li>\n<li>Udobne hla\u010de<\/li>\n<li>Gozdni pohodni \u010devlji<\/li>\n<li>Sandali za pomladne predele.<\/li>\n<li>Kopalke<\/li>\n<\/ul>\n<h3><em>Prevzem iz hotela<\/em><\/h3>\n<p>Prevzem iz hotela za to turnejo ni na voljo.<\/p>\n<p><strong>Opomba:<\/strong> \u010ce rezervirate v 24 urah po \u010dasu odhoda potovanja\/izleta, lahko organiziramo hotelski prevzem z dopla\u010dilom. Ko bo va\u0161 nakup opravljen, vam bomo poslali popolne kontaktne podatke (telefonsko \u0161tevilko, e-po\u0161tni naslov itd.), da bo na\u0161 lokalni turisti\u010dni vodnik organiziral prevzem.<\/p>\n<h3>Potrditev dodatnih informacij<\/h3>\n<ol>\n<li>Vstopnice so potrdilo po pla\u010dilu tega izleta. Pla\u010dilo lahko prika\u017eete na telefonu.<\/li>\n<li>Zbirno mesto prejmemo po opravljeni rezervaciji.<\/li>\n<li>Otroci morajo biti v spremstvu odrasle osebe.<\/li>\n<li>Ni dostopno z invalidskim vozi\u010dkom<\/li>\n<li>Dojen\u010dki naj sedijo v otro\u0161kih sede\u017eih ali z odraslim<\/li>\n<li>Ni priporo\u010dljivo za popotnike s te\u017eavami s hrbtom.<\/li>\n<li>Ni priporo\u010dljivo za nose\u010dnice.<\/li>\n<li>Brez te\u017eav s srcem ali drugih resnih zdravstvenih te\u017eav.<\/li>\n<li>Ve\u010dina popotnikov lahko sodeluje.<\/li>\n<\/ol>\n<h3><em>Politika odpovedi<\/em><\/h3>\n<p>\u010ce \u017eelite povrniti celotno kupnino, prekli\u010dite vsaj 24 ur pred za\u010detnim datumom izku\u0161nje.<\/p>\n\n\t\t<\/div>\n\t<\/div>\n<\/div><\/div><\/div><\/div><div class=\"vc_row wpb_row vc_row-fluid\" ><div class=\"wpb_column vc_column_container vc_col-sm-12\"><div class=\"vc_column-inner\"><div class=\"wpb_wrapper\"><div class=\"vc_empty_space\"   style=\"height: 32px\"><span class=\"vc_empty_space_inner\"><\/span><\/div>\n\t<div class=\"wpb_video_widget wpb_content_element vc_clearfix   vc_video-aspect-ratio-169 vc_video-el-width-100 vc_video-align-left\" >\n\t\t<div class=\"wpb_wrapper\">\n\t\t\t\n\t\t\t<div class=\"wpb_video_wrapper\"><iframe loading=\"lazy\" title=\"Nacionalni park Los Haitises, ogledi in izleti iz Samane ali Sabane de la Mar. Rezervirajte tukaj:\" src=\"https:\/\/player.vimeo.com\/video\/346508015?dnt=1&amp;app_id=122963\" width=\"1100\" height=\"619\" frameborder=\"0\" allow=\"autoplay; fullscreen\" allowfullscreen><\/iframe><\/div>\n\t\t<\/div>\n\t<\/div>\n<\/div><\/div><\/div><\/div><div class=\"vc_row wpb_row vc_row-fluid\" ><div class=\"wpb_column vc_column_container vc_col-sm-12\"><div class=\"vc_column-inner\"><div class=\"wpb_wrapper\"><div class=\"vc_empty_space\"   style=\"height: 32px\"><span class=\"vc_empty_space_inner\"><\/span><\/div>\n\t<div class=\"wpb_text_column wpb_content_element\" >\n\t\t<div class=\"wpb_wrapper\">\n\t\t\t<h4>Kontaktiraj nas?<\/h4>\n<h5>Rezervacije avanture<\/h5>\n<p><em>Turisti\u010dni vodniki<\/em> <em><strong>lokalni<\/strong><\/em> in <strong><em>nacionalni<\/em><\/strong> &amp;<em>\u00a0storitve za goste<\/em><\/p>\n<p>Rezervacije: Ogledi in izleti v Domu Rep.<\/p>\n<p>Tel\/Whatsapp +1-809-720-6035.<\/p>\n<p>info@bookingadventures.com.do<\/p>\n<p>Smo zasebni izleti s prilagodljivo konfiguracijo Whatsapp: +18097206035.<\/p>\n\n\t\t<\/div>\n\t<\/div>\n<div class=\"vc_empty_space\"   style=\"height: 32px\"><span class=\"vc_empty_space_inner\"><\/span><\/div><\/div><\/div><\/div><\/div>","protected":false},"excerpt":{"rendered":"<p><strong>Prosimo izberite datum za turnejo\u00a0<\/strong><\/p>","protected":false},"featured_media":104,"template":"","meta":[],"product_brand":[],"product_cat":[119,96,144,98,135,121,99,122,443,123,124],"product_tag":[126,127,128,145,132,133,146,147,148,143],"class_list":{"0":"post-551","1":"product","2":"type-product","3":"status-publish","4":"has-post-thumbnail","6":"product_cat-caves","7":"product_cat-hiking","8":"product_cat-kayaking","9":"product_cat-local-tour-guides","10":"product_cat-lunch","11":"product_cat-mangroves","12":"product_cat-swimming-natural-springs","13":"product_cat-tours-and-excursions","14":"product_cat-tours-y-excursiones-es","15":"product_cat-tours-excursions-los-haitises-national-park","16":"product_cat-tours-excursions-samana-bay-dominican-republic","17":"product_tag-cano-hondo","18":"product_tag-cano-hondo-hotel","19":"product_tag-cano-hondo-tours","20":"product_tag-day-tour-cano-hondo","21":"product_tag-los-haitises","22":"product_tag-los-haitises-national-park","23":"product_tag-mangroves-los-haitises","24":"product_tag-samana-bay","25":"product_tag-samana-excursions","26":"product_tag-samana-tours","28":"first","29":"instock","30":"sale","31":"sold-individually","32":"shipping-taxable","33":"product-type-external"},"_links":{"self":[{"href":"https:\/\/haitises.com\/sl\/wp-json\/wp\/v2\/product\/551","targetHints":{"allow":["GET"]}}],"collection":[{"href":"https:\/\/haitises.com\/sl\/wp-json\/wp\/v2\/product"}],"about":[{"href":"https:\/\/haitises.com\/sl\/wp-json\/wp\/v2\/types\/product"}],"wp:featuredmedia":[{"embeddable":true,"href":"https:\/\/haitises.com\/sl\/wp-json\/wp\/v2\/media\/104"}],"wp:attachment":[{"href":"https:\/\/haitises.com\/sl\/wp-json\/wp\/v2\/media?parent=551"}],"wp:term":[{"taxonomy":"product_brand","embeddable":true,"href":"https:\/\/haitises.com\/sl\/wp-json\/wp\/v2\/product_brand?post=551"},{"taxonomy":"product_cat","embeddable":true,"href":"https:\/\/haitises.com\/sl\/wp-json\/wp\/v2\/product_cat?post=551"},{"taxonomy":"product_tag","embeddable":true,"href":"https:\/\/haitises.com\/sl\/wp-json\/wp\/v2\/product_tag?post=551"}],"curies":[{"name":"wp","href":"https:\/\/api.w.org\/{rel}","templated":true}]}}