{"id":543,"date":"2020-06-14T19:18:13","date_gmt":"2020-06-14T19:18:13","guid":{"rendered":"http:\/\/haitises.com\/?post_type=product&#038;p=543"},"modified":"2024-08-22T05:45:22","modified_gmt":"2024-08-22T05:45:22","slug":"nacionalni-park-los-haitises-iz-pristanisca-samana","status":"publish","type":"product","link":"https:\/\/haitises.com\/sl\/zasebno\/nacionalni-park-los-haitises-iz-pristanisca-samana\/","title":{"rendered":"Nacionalni park Los Haitises iz pristani\u0161\u010da Saman\u00e1"},"content":{"rendered":"<div class=\"vc_row wpb_row vc_row-fluid\" ><div class=\"wpb_column vc_column_container vc_col-sm-12\"><div class=\"vc_column-inner\"><div class=\"wpb_wrapper\">\n\t<div class=\"wpb_text_column wpb_content_element\" >\n\t\t<div class=\"wpb_wrapper\">\n\t\t\t<h2>Nacionalni park Los Haitises (zaliv Saman\u00e1) iz pristani\u0161\u010da Saman\u00e1<\/h2>\n<ul>\n<li>Izlet z ladjo v nacionalni park Los Haitises<br \/>\n<h3>Opis<\/h3>\n<p>Obi\u0161\u010dite narodni park Los Haitises iz pristani\u0161\u010da Saman\u00e1. Pojdite z nami in obi\u0161\u010dite najlep\u0161i nacionalni park v Dominikanski republiki, obi\u0161\u010dite mangrove, jame in zaliv San Lorenzo ter pre\u010dkajte \u010dudovit zaliv Saman\u00e1. Nato povratek v pristani\u0161\u010de Saman\u00e1.<\/li>\n<\/ul>\n<p>Po tej izku\u0161nji se boste vrnili v pristani\u0161\u010de Saman\u00e1.<\/p>\n<ul>\n<li>Davki vklju\u010deni<br \/>\nVodnik zagotavlja navodila in nadzor.<\/li>\n<li>Vklju\u010ditve in izklju\u010ditve<\/li>\n<\/ul>\n<h3>Vklju\u010dki<\/h3>\n<ol>\n<li>Ogled Los Haitises + jame in piktogrami<\/li>\n<li>Vsi davki, pristojbine in manipulativni stro\u0161ki.<\/li>\n<li>Lokalni davki<\/li>\n<li>pija\u010de<\/li>\n<li>Vse dejavnosti<\/li>\n<li>Lokalni vodnik<\/li>\n<\/ol>\n<h3>Izklju\u010ditve<\/h3>\n<ol>\n<li>Nasveti<\/li>\n<li>Prenos<\/li>\n<li>Alkoholne pija\u010de<\/li>\n<li>Kosilo ni vklju\u010deno, kosilo vklju\u010duje izbiro enega od teh izletov: Los Haitises + Cayo Levantado iz pristani\u0161\u010da Saman\u00e1 ali Los Haitises + Cano Hondo iz pristani\u0161\u010da Saman\u00e1.<\/li>\n<\/ol>\n<h3>Odhod in povratek<\/h3>\n<p>Po opravljeni rezervaciji bo potnik dobil zbirali\u0161\u010de. Ogledi se za\u010dnejo in kon\u010dajo na na\u0161ih zbirali\u0161\u010dih.<\/p>\n<h3>Kaj pri\u010dakovati?<\/h3>\n<p>Zagotovite si vstopnice za obisk nacionalnega parka Los Haitises s \u010dudovitim kosilom v Ca\u00f1o Hondo in kopanjem v naravnih izvirih.<\/p>\n<p>Za\u010dnemo iz pristani\u0161\u010da Saman\u00e1 na krovu \u010dolna ali katamarana z lokalnim turisti\u010dnim vodi\u010dem, gremo mimo zaliva Saman\u00e1 poleg mesta Sabana de la Mar, da obi\u0161\u010demo enega najlep\u0161ih nacionalnih parkov v Dominikanski republiki. Nacionalni park Haitises.<\/p>\n<p>Obisk otoka s pticami okoli. V gnezditvenem obdobju lahko v gnezdih opazimo tudi mladi\u010de pelikanov. Pojdite \u0161e dlje v skalnat otok in obi\u0161\u010dite jame s piktografi in petrografi staroselcev.<\/p>\n<p>El recorrido, organizado por \u00abBooking Adventures\u00bb, comienza en el punto de encuentro establecido con el gu\u00eda tur\u00edstico. Ven con Booking Adventures y comienza a observar algunos manglares llenos de p\u00e1jaros, colinas onduladas de exuberante vegetaci\u00f3n y cuevas del Parque Nacional Los Haitises.<\/p>\n<p>Skozi mangrove in kopno v odprtem zalivu San Lorenzo, od koder lahko fotografirate razgibano gozdno pokrajino. Poglejte v vodo in si oglejte morske krave, rake in delfine.<\/p>\n<p>El nombre del parque nacional proviene de sus habitantes originales, los indios ta\u00ednos. En su idioma, \u00abHaitises\u00bb se traduce en tierras altas o colinas, una referencia a las empinadas formaciones geol\u00f3gicas de la costa con calizas. Avent\u00farate en el parque para explorar cuevas como la Cueva de la Arena y la Cueva de la L\u00ednea. Las cuevas en la reserva fueron utilizadas como refugio por los indios ta\u00ednos y, m\u00e1s tarde, por los piratas escondidos. Busque dibujos de indios que decoran algunas de las paredes. Despu\u00e9s de visitar el Parque Nacional Los Haitises, regresaremos al puerto de Saman\u00e1 pasando la bah\u00eda de Saman\u00e1 30 minutos.<\/p>\n<p>\u010ce vam je to potovanje bolj v\u0161e\u010d, imamo te mo\u017enosti:<\/p>\n<p>Los Haitises + Cayo Levantado iz pristani\u0161\u010da Saman\u00e1.<br \/>\nLos Haitises + Cano Hondo iz pristani\u0161\u010da Saman\u00e1.<\/p>\n<h3>Kaj morate prinesti?<\/h3>\n<ul>\n<li>Kamera<\/li>\n<li>repelentne popke<\/li>\n<li>krema za son\u010denje<\/li>\n<li>Klobuk<\/li>\n<li>Udobne hla\u010de<\/li>\n<li>Gozdni pohodni \u010devlji<\/li>\n<li>Sandali za pomladne predele.<\/li>\n<li>plavalna obleka<\/li>\n<\/ul>\n<h3>Prevzem iz hotela<\/h3>\n<p>Prevzem iz hotela za to turnejo ni na voljo.<\/p>\n<p>Opomba: \u010de rezervirate v 24 urah po \u010dasu odhoda potovanja\/izleta, lahko organiziramo hotelski prevzem z dopla\u010dilom. Ko bo va\u0161 nakup opravljen, vam bomo poslali popolne kontaktne podatke (telefonsko \u0161tevilko, e-po\u0161tni naslov itd.), da bo na\u0161 lokalni turisti\u010dni vodnik organiziral prevzem.<\/p>\n<h3>Potrditev dodatnih informacij<\/h3>\n<ol>\n<li>Vstopnice so potrdilo po pla\u010dilu tega izleta. Pla\u010dilo lahko prika\u017eete na telefonu.<\/li>\n<li>Zbirno mesto prejmemo po opravljeni rezervaciji.<\/li>\n<li>Otroci morajo biti v spremstvu odrasle osebe.<\/li>\n<li>Ni dostopno z invalidskim vozi\u010dkom<\/li>\n<li>Dojen\u010dki naj sedijo v naro\u010dju<\/li>\n<li>Ni priporo\u010dljivo za popotnike s te\u017eavami s hrbtom.<\/li>\n<li>Ni priporo\u010dljivo za nose\u010dnice.<\/li>\n<li>Brez te\u017eav s srcem ali drugih resnih zdravstvenih te\u017eav.<\/li>\n<li>Ve\u010dina popotnikov lahko sodeluje.<\/li>\n<\/ol>\n<h3>Politika odpovedi<\/h3>\n<p>\u010ce \u017eelite povrniti celotno kupnino, prekli\u010dite vsaj 24 ur pred za\u010detnim datumom izku\u0161nje.<\/p>\n<h3>Kontaktiraj nas?<\/h3>\n<p>Booking Adventures<br \/>\nLokalni in nacionalni turisti\u010dni vodniki ter storitve za goste<\/p>\n<p>Rezervacije: Ogledi in izleti v Domu Rep.<\/p>\n<p>\ud83d\udcde Tel\/Whatsapp +1-809-720-6035.<\/p>\n<p>\ud83d\udce9 info@bookingadventures.com.do<\/p>\n<p>Zasebna potovanja izvajamo prilagodljivo prek Whatsappa: +18097206035.<\/p>\n\n\t\t<\/div>\n\t<\/div>\n<\/div><\/div><\/div><\/div><div class=\"vc_row wpb_row vc_row-fluid\" ><div class=\"wpb_column vc_column_container vc_col-sm-12\"><div class=\"vc_column-inner\"><div class=\"wpb_wrapper\"><div class=\"vc_empty_space\"   style=\"height: 32px\"><span class=\"vc_empty_space_inner\"><\/span><\/div>\n\t<div class=\"wpb_video_widget wpb_content_element vc_clearfix   vc_video-aspect-ratio-169 vc_video-el-width-100 vc_video-align-left\" >\n\t\t<div class=\"wpb_wrapper\">\n\t\t\t<h2 class=\"wpb_heading wpb_video_heading\">Los Haitises in ve\u010d...<\/h2>\n\t\t\t<div class=\"wpb_video_wrapper\"><iframe loading=\"lazy\" title=\"Dominikanska republika - jame Los Haitises (Tainos), piktografi in petroglifi\" width=\"1100\" height=\"619\" src=\"https:\/\/www.youtube.com\/embed\/o_ExYqtOlH8?feature=oembed\" frameborder=\"0\" allow=\"accelerometer; autoplay; encrypted-media; gyroscope; picture-in-picture\" allowfullscreen><\/iframe><\/div>\n\t\t<\/div>\n\t<\/div>\n<\/div><\/div><\/div><\/div>","protected":false},"excerpt":{"rendered":"<p>Ekolo\u0161ki izlet v nacionalni park Los Haitises z lokalnim vodnikom. Obisk Keys v narodnem parku Los Haitises, mangrov, vegetacije, opazovanje ptic, jam, piktogramov in zgodovinskih obmo\u010dij Sabana de la Mar v narodnem parku Los Haitises.<\/p>\n<p>&nbsp;<\/p>\n<p><strong>Izberite datum va\u0161ega obiska:<\/strong><\/p>","protected":false},"featured_media":225,"template":"","meta":[],"product_brand":[],"product_cat":[121,435,430,443],"product_tag":[132,133,432,142,148,143],"class_list":{"0":"post-543","1":"product","2":"type-product","3":"status-publish","4":"has-post-thumbnail","6":"product_cat-mangroves","7":"product_cat-manglares","8":"product_cat-parque-nacional-los-haitises-samana","9":"product_cat-tours-y-excursiones-es","10":"product_tag-los-haitises","11":"product_tag-los-haitises-national-park","12":"product_tag-parque-nacional-los-haitises-samana","13":"product_tag-samana","14":"product_tag-samana-excursions","15":"product_tag-samana-tours","17":"first","18":"instock","19":"sale","20":"sold-individually","21":"shipping-taxable","22":"product-type-external"},"_links":{"self":[{"href":"https:\/\/haitises.com\/sl\/wp-json\/wp\/v2\/product\/543","targetHints":{"allow":["GET"]}}],"collection":[{"href":"https:\/\/haitises.com\/sl\/wp-json\/wp\/v2\/product"}],"about":[{"href":"https:\/\/haitises.com\/sl\/wp-json\/wp\/v2\/types\/product"}],"wp:featuredmedia":[{"embeddable":true,"href":"https:\/\/haitises.com\/sl\/wp-json\/wp\/v2\/media\/225"}],"wp:attachment":[{"href":"https:\/\/haitises.com\/sl\/wp-json\/wp\/v2\/media?parent=543"}],"wp:term":[{"taxonomy":"product_brand","embeddable":true,"href":"https:\/\/haitises.com\/sl\/wp-json\/wp\/v2\/product_brand?post=543"},{"taxonomy":"product_cat","embeddable":true,"href":"https:\/\/haitises.com\/sl\/wp-json\/wp\/v2\/product_cat?post=543"},{"taxonomy":"product_tag","embeddable":true,"href":"https:\/\/haitises.com\/sl\/wp-json\/wp\/v2\/product_tag?post=543"}],"curies":[{"name":"wp","href":"https:\/\/api.w.org\/{rel}","templated":true}]}}