{"id":53,"date":"2020-06-14T11:56:47","date_gmt":"2020-06-14T11:56:47","guid":{"rendered":"http:\/\/haitises.com\/product\/import-placeholder-for-8984\/"},"modified":"2024-04-24T03:14:15","modified_gmt":"2024-04-24T03:14:15","slug":"samana-whale-watching-cayo-levantado-bacardi-island","status":"publish","type":"product","link":"https:\/\/haitises.com\/sl\/zasebno\/samana-whale-watching-cayo-levantado-bacardi-island\/","title":{"rendered":"Opazovanje kitov Saman\u00e1 + Cayo Levantado (otok Bacardi)."},"content":{"rendered":"<div class=\"vc_row wpb_row vc_row-fluid\" ><div class=\"wpb_column vc_column_container vc_col-sm-12\"><div class=\"vc_column-inner\"><div class=\"wpb_wrapper\">[mkdf_section_title title_tag=\u00bb\u00bb disable_break_words=\u00bbno\u00bb subtitle_tag=\u00bb\u00bb title=\u00bbSaman\u00e1 Whale Watching + Cayo Levantado from Samana Port\u00bb subtitle=\u00bbWhale watching Samana Bay\u00bb]<\/div><\/div><\/div><\/div><div class=\"vc_row wpb_row vc_row-fluid\" ><div class=\"wpb_column vc_column_container vc_col-sm-12\"><div class=\"vc_column-inner\"><div class=\"wpb_wrapper\">\n\t<div class=\"wpb_text_column wpb_content_element\" >\n\t\t<div class=\"wpb_wrapper\">\n\t\t\t<div class=\"vc_row wpb_row vc_row-fluid\">\n<div class=\"wpb_column vc_column_container vc_col-sm-12\">\n<div class=\"vc_column-inner\">\n<div class=\"wpb_wrapper\">\n<div class=\"wpb_text_column wpb_content_element\">\n<div class=\"wpb_wrapper\">\n<h3 class=\"mkdf-single-product-title\">Opazovanje kitov Saman\u00e1 + Cayo Levantado (vse vklju\u010deno v ceno vstopnice)<\/h3>\n<h4><b><i>Pregled<\/i><\/b><\/h4>\n<p>Izlet za opazovanje kitov v zalivu Samana z za\u010detkom v pristani\u0161\u010du Samana. Celodnevni izlet za opazovanje kitov v zalivu Samana in obisk zgodovinskega otoka Cayo Levantado ter kosilo na pla\u017ei.<\/p>\n<p>Najprej se dobimo v na\u0161i pisarni.<\/p>\n<p>Nato se ekskurzija za\u010dne ob 9.00 in kon\u010da ob 17.00. Po prekinitvi na\u0161ega katamarana ali \u010dolna, da obi\u0161\u010demo kite v njihovem lastnem habitatu.<\/p>\n<p>Od 9.00 do 12.00 Opazovanje kitov v observatoriju Sanctuary. Po tem izletu s kiti bomo obiskali otok Bacardi \/ Cayo Levantado. Na otoku Bacardi bo na voljo samopostre\u017eno kosilo v tipi\u010dnem dominikanskem slogu.<\/p>\n<p>Ko je kosilo kon\u010dano, lahko plavate do 16.30. Ekskurzijo bomo zaklju\u010dili ob 17. uri v istem pristani\u0161\u010du, od koder bomo tudi za\u010deli.<\/p>\n<p><strong>Opomba: ta ogled ni zaseben. Za zasebno turo ali samo opazovanje kitov brez Cayo Levantado nas kontaktirajte.<\/strong><\/p>\n<ul>\n<li>Izlet z opazovanjem kitov<\/li>\n<li>Vstopnine v Observatorij<\/li>\n<li>Vklju\u010duje samopostre\u017eno kosilo na pla\u017ei<\/li>\n<li>Prevoz z ladjo<\/li>\n<li>Kapitan zagotavlja navodila in nadzor<\/li>\n<li>Vodi\u010d<\/li>\n<\/ul>\n<p>&nbsp;<\/p>\n<h4><b>Vklju\u010ditve in izklju\u010ditve<\/b><\/h4>\n<p>&nbsp;<\/p>\n<p><b>Vklju\u010dki<\/b><\/p>\n<p>&nbsp;<\/p>\n<ol>\n<li>Samopostre\u017eno kosilo na pla\u017ei<\/li>\n<li>Vodi\u010d<\/li>\n<li>Izlet s katamaranom ali \u010dolnom<\/li>\n<li>Vsi davki, pristojbine in manipulativni stro\u0161ki<\/li>\n<li>Lokalni davki<\/li>\n<li>pija\u010de<\/li>\n<\/ol>\n<p><b>Izklju\u010ditve<\/b><\/p>\n<ol>\n<li>Napitnine<\/li>\n<li>Avto za prenos<\/li>\n<li>Alkoholne pija\u010de<\/li>\n<\/ol>\n<p>&nbsp;<\/p>\n<h4><em><strong>Odhod in povratek<\/strong><\/em><\/h4>\n<p>Potnik bo dobil zbirali\u0161\u010de po opravljenem postopku rezervacije. Ogledi se za\u010dnejo in kon\u010dajo na na\u0161ih zbirali\u0161\u010dih.<\/p>\n<p>&nbsp;<\/p>\n<h4><b><i>Kaj pri\u010dakovati?<\/i><\/b><\/h4>\n<p>&nbsp;<\/p>\n<p><em><strong>Zagotovite si vstopnice<\/strong><\/em> za enodnevni ogled kitov v zalivu Samana ter \u010dudovito kosilo in \u010das na pla\u017ei.<\/p>\n<p>Izlete z opazovanjem kitov organizira &quot;Booking Adventures&quot;, ki se za\u010dnejo na zbirnem mestu, ki ga dolo\u010di vodnik. Kosilo na pla\u017ei in lahko ostanete, kolikor \u017eelite, plavate naokoli. \u010ce ste vegan, vam lahko pripravimo tudi hrano.<\/p>\n<p><strong>urnik:<\/strong><\/p>\n<p>8.45 \u2013 17.00<\/p>\n<p>&nbsp;<\/p>\n<h4><em><strong>Kaj morate prinesti?<\/strong><\/em><\/h4>\n<ul>\n<li>fotoaparat<\/li>\n<li>Odganjalni popki<\/li>\n<li>son\u010dna krema<\/li>\n<li>Klobuk<\/li>\n<li>Udobne hla\u010de<\/li>\n<li>Sandali za na pla\u017eo<\/li>\n<li>Kopalna obla\u010dila<\/li>\n<li>Gotovina za spominke<\/li>\n<\/ul>\n<p>&nbsp;<\/p>\n<h4><b><i>Prevzem v hotelu<\/i><\/b><\/h4>\n<p>Prevzem iz hotela za to turnejo ni na voljo.<\/p>\n<p>&nbsp;<\/p>\n<p><b>Opomba:<\/b>\u00a0\u010ce ste rezervirani v 24 urah po \u010dasu odhoda potovanja\/izleta, lahko organiziramo hotelski prevzem z dopla\u010dilom. Ko bo va\u0161 nakup opravljen, vam bomo poslali popolne kontaktne podatke (telefonsko \u0161tevilko, e-po\u0161tni naslov itd.) za na\u0161ega lokalnega turisti\u010dnega vodnika, ki bo organiziral prevzem.<\/p>\n<h4><b><i>Potrditev dodatnih informacij<\/i><\/b><\/h4>\n<ol>\n<li>Vstopnice so potrdilo po pla\u010dilu tega izleta. Pla\u010dilo lahko prika\u017eete na telefonu.<\/li>\n<li>Zbirno mesto bo prejeto po opravljenem postopku rezervacije.<\/li>\n<li>Otroci morajo biti v spremstvu odrasle osebe.<\/li>\n<li>dostopno z invalidskim vozi\u010dkom<\/li>\n<li>Dojen\u010dki morajo sedeti v naro\u010dju<\/li>\n<li>Ve\u010dina popotnikov lahko sodeluje<\/li>\n<\/ol>\n<h4><b><i>Politika odpovedi<\/i><\/b><\/h4>\n<p>Za povra\u010dilo celotnega zneska prekli\u010dite vsaj 24 ur pred datumom za\u010detka do\u017eivetja.<\/p>\n<\/div>\n<\/div>\n<\/div>\n<\/div>\n<\/div>\n<\/div>\n<div class=\"vc_row wpb_row vc_row-fluid\">\n<div class=\"wpb_column vc_column_container vc_col-sm-12\">\n<div class=\"vc_column-inner\">\n<div class=\"wpb_wrapper\">\n<div class=\"wpb_text_column wpb_content_element\">\n<div class=\"wpb_wrapper\">\n<p>&nbsp;<\/p>\n<\/div>\n<\/div>\n<\/div>\n<\/div>\n<\/div>\n<\/div>\n\n\t\t<\/div>\n\t<\/div>\n<\/div><\/div><\/div><\/div><div class=\"vc_row wpb_row vc_row-fluid\" ><div class=\"wpb_column vc_column_container vc_col-sm-12\"><div class=\"vc_column-inner\"><div class=\"wpb_wrapper\"><div class=\"vc_empty_space\"   style=\"height: 32px\"><span class=\"vc_empty_space_inner\"><\/span><\/div>\n\t<div class=\"wpb_video_widget wpb_content_element vc_clearfix   vc_video-aspect-ratio-169 vc_video-el-width-100 vc_video-align-left\" >\n\t\t<div class=\"wpb_wrapper\">\n\t\t\t\n\t\t\t<div class=\"wpb_video_wrapper\"><iframe loading=\"lazy\" title=\"Opazovanje kitov Samana Bay Dominikanska republika\" src=\"https:\/\/player.vimeo.com\/video\/337838231?dnt=1&amp;app_id=122963\" width=\"1100\" height=\"619\" frameborder=\"0\" allow=\"autoplay; fullscreen\" allowfullscreen><\/iframe><\/div>\n\t\t<\/div>\n\t<\/div>\n<div class=\"vc_empty_space\"   style=\"height: 32px\"><span class=\"vc_empty_space_inner\"><\/span><\/div><\/div><\/div><\/div><\/div><div class=\"vc_row wpb_row vc_row-fluid\" ><div class=\"wpb_column vc_column_container vc_col-sm-12\"><div class=\"vc_column-inner\"><div class=\"wpb_wrapper\"><div class=\"vc_empty_space\"   style=\"height: 32px\"><span class=\"vc_empty_space_inner\"><\/span><\/div>\n\t<div class=\"wpb_text_column wpb_content_element\" >\n\t\t<div class=\"wpb_wrapper\">\n\t\t\t<h4>Kontaktiraj nas?<\/h4>\n<h5>Booking Adventures<\/h5>\n<p><em><strong>Doma\u010dini<\/strong>\u00a0in\u00a0<strong>Dr\u017eavljani<\/strong>\u00a0Turisti\u010dni vodniki in storitve za goste<\/em><\/p>\n<p><span class=\"text-turquoise\">Rezervacije:<\/span>\u00a0Ogledi in izleti v Dom Rep.<\/p>\n<p><img decoding=\"async\" class=\"emoji\" draggable=\"false\" src=\"https:\/\/s.w.org\/images\/core\/emoji\/11.2.0\/svg\/1f4de.svg\" alt=\"\ud83d\udcde\" title=\"\">\u00a0Tel\/Whatsapp\u00a0\u00a0<a href=\"tel:+1-809-720-6035\">+1-809-720-6035<\/a>.<\/p>\n<p><img decoding=\"async\" class=\"emoji\" draggable=\"false\" src=\"https:\/\/s.w.org\/images\/core\/emoji\/11.2.0\/svg\/1f4e9.svg\" alt=\"\ud83d\udce9\" title=\"\">\u00a0<a href=\"mailto:info@bookingadventures.com.do\">info@bookingadventures.com.do<\/a><\/p>\n<p><strong>Zasebne izlete prek Whatsappa smo prilagodljivi:\u00a0<a href=\"tel:+18097206035\">+18097206035.<\/a><\/strong><\/p>\n\n\t\t<\/div>\n\t<\/div>\n<div class=\"vc_empty_space\"   style=\"height: 32px\"><span class=\"vc_empty_space_inner\"><\/span><\/div><\/div><\/div><\/div><\/div>","protected":false},"excerpt":{"rendered":"<p class=\"mkdf-single-product-title\">Opazovanje kitov Saman\u00e1 + izlet Cayo Levantado, ki se za\u010dne iz pristani\u0161\u010da Samana z lokalnim naravoslovnim vodnikom. Obisk kitov grbavcev v zato\u010di\u0161\u010du in po opazovanju kitov v zalivu Samana obi\u0161\u010dite otok Bacardi za kosilo in \u010das na pla\u017ei.<\/p>\n<p>Po tem izletu vas bomo pripeljali nazaj na zbirno to\u010dko, kjer smo za\u010deli.<\/p>\n<p>&nbsp;<\/p>\n<p><em><strong>Preverite dneve, ki so na voljo za ta izlet:<\/strong><\/em><\/p>","protected":false},"featured_media":254,"template":"","meta":[],"product_brand":[],"product_cat":[122,124,232],"product_tag":[137,139,233,225,147,148,143,234,235,236,237,238],"class_list":{"0":"post-53","1":"product","2":"type-product","3":"status-publish","4":"has-post-thumbnail","6":"product_cat-tours-and-excursions","7":"product_cat-tours-excursions-samana-bay-dominican-republic","8":"product_cat-whale-watching-samana","9":"product_tag-bacardi-island","10":"product_tag-cayo-levantado","11":"product_tag-las-galeras","12":"product_tag-las-terrenas","13":"product_tag-samana-bay","14":"product_tag-samana-excursions","15":"product_tag-samana-tours","16":"product_tag-whale-samana","17":"product_tag-whale-tours","18":"product_tag-whale-watching-dominican-republic","19":"product_tag-whale-watching-excursion","20":"product_tag-whale-watching-samana","22":"first","23":"instock","24":"sale","25":"sold-individually","26":"shipping-taxable","27":"product-type-external"},"_links":{"self":[{"href":"https:\/\/haitises.com\/sl\/wp-json\/wp\/v2\/product\/53","targetHints":{"allow":["GET"]}}],"collection":[{"href":"https:\/\/haitises.com\/sl\/wp-json\/wp\/v2\/product"}],"about":[{"href":"https:\/\/haitises.com\/sl\/wp-json\/wp\/v2\/types\/product"}],"wp:featuredmedia":[{"embeddable":true,"href":"https:\/\/haitises.com\/sl\/wp-json\/wp\/v2\/media\/254"}],"wp:attachment":[{"href":"https:\/\/haitises.com\/sl\/wp-json\/wp\/v2\/media?parent=53"}],"wp:term":[{"taxonomy":"product_brand","embeddable":true,"href":"https:\/\/haitises.com\/sl\/wp-json\/wp\/v2\/product_brand?post=53"},{"taxonomy":"product_cat","embeddable":true,"href":"https:\/\/haitises.com\/sl\/wp-json\/wp\/v2\/product_cat?post=53"},{"taxonomy":"product_tag","embeddable":true,"href":"https:\/\/haitises.com\/sl\/wp-json\/wp\/v2\/product_tag?post=53"}],"curies":[{"name":"wp","href":"https:\/\/api.w.org\/{rel}","templated":true}]}}