{"id":11691,"date":"2023-10-04T07:40:34","date_gmt":"2023-10-04T07:40:34","guid":{"rendered":"http:\/\/haitises.com\/?post_type=product&#038;p=11691"},"modified":"2024-10-18T11:25:39","modified_gmt":"2024-10-18T11:25:39","slug":"samana-day-trip-from-bayahibe-el-limon-waterfall-and-bacardi-island-3","status":"publish","type":"product","link":"https:\/\/haitises.com\/sl\/zasebno\/samana-day-trip-from-bayahibe-el-limon-waterfall-and-bacardi-island-3\/","title":{"rendered":"Enodnevni izlet Saman\u00e1 iz mesta Bayahibe \u2013 slap El Lim\u00f3n in otok Bacardi"},"content":{"rendered":"<div class=\"vc_row wpb_row vc_row-fluid\" ><div class=\"wpb_column vc_column_container vc_col-sm-12\"><div class=\"vc_column-inner\"><div class=\"wpb_wrapper\">[mkdf_section_title title_tag=\u00bb\u00bb disable_break_words=\u00bbno\u00bb subtitle_tag=\u00bb\u00bb title=\u00bbSamana Day Trip From Bayahibe &#8211; El Limon Waterfall and Bacardi Island\u00bb subtitle=\u00bb(Pick-up in Bayahibe Hotels)\u00bb]<\/div><\/div><\/div><\/div><div class=\"vc_row wpb_row vc_row-fluid\" ><div class=\"wpb_column vc_column_container vc_col-sm-12\"><div class=\"vc_column-inner\"><div class=\"wpb_wrapper\">\n\t<div class=\"wpb_text_column wpb_content_element\" >\n\t\t<div class=\"wpb_wrapper\">\n\t\t\t<h4><b><i>Pregled <\/i><\/b><\/h4>\n<p>\u010ce ste v Bayahibeju, Punta Cani ali Bavaru in \u017eelite na enodnevni izlet pla\u010dati manj kot obi\u010dajno, rezervirajte to potovanje. V okviru tega potovanja vas bomo odpeljali v Samano, kjer vas bomo s katamaranom odpeljali v Sabana de la Mar, okro\u017eje Hato Mayor, hi\u0161o nacionalnega parka Los Haitises. To potovanje vklju\u010duje obisk skupnosti Samana in El Limon, kjer boste lahko jahali ali se odpravili na pohod do slapa takoj po pre\u010dkanju zaliva Samana. Kosilo bo postre\u017eeno na otoku Bacardi. Izleti se za\u010dnejo ob 6.00 in kon\u010dajo ob 18.30. Rezervirajte zdaj!<\/p>\n<p>Po tej izku\u0161nji vas bomo odlo\u017eili do va\u0161ega hotela.<\/p>\n<ul>\n<li style=\"font-weight: 400;\">Pristojbine vklju\u010dene<\/li>\n<li>Vklju\u010deno kosilo na pla\u017ei<\/li>\n<li>Transfer vklju\u010den<\/li>\n<li style=\"font-weight: 400;\"><span style=\"font-weight: 400;\">Vodnik zagotavlja navodila in nadzor<\/span><\/li>\n<\/ul>\n<p>&nbsp;<\/p>\n<h4><b>Vklju\u010ditve in izklju\u010ditve<\/b><\/h4>\n<p>&nbsp;<\/p>\n<p><b>Vklju\u010dki<\/b><\/p>\n<p>&nbsp;<\/p>\n<ol>\n<li style=\"font-weight: 400;\">prevzem v hotelu<\/li>\n<li style=\"font-weight: 400;\">Zaliv Samana<\/li>\n<li>Otok Bacardi, pla\u017ea in kosilo<\/li>\n<li>Safari do El Limon<\/li>\n<li>Jahanje ali pohodni\u0161tvo do slapov<\/li>\n<li>Dominikanski koktajli<\/li>\n<li style=\"font-weight: 400;\"><span style=\"font-weight: 400;\">Vsi davki, pristojbine in manipulativni stro\u0161ki<\/span><\/li>\n<li style=\"font-weight: 400;\"><span style=\"font-weight: 400;\">Lokalni davki<\/span><\/li>\n<li style=\"font-weight: 400;\"><span style=\"font-weight: 400;\">pija\u010de<\/span><\/li>\n<li style=\"font-weight: 400;\"><span style=\"font-weight: 400;\">Vse dejavnosti<\/span><\/li>\n<li style=\"font-weight: 400;\"><span style=\"font-weight: 400;\">Lokalni vodnik<\/span><\/li>\n<\/ol>\n<p><b> Izklju\u010ditve<\/b><\/p>\n<ol>\n<li style=\"font-weight: 400;\"><span style=\"font-weight: 400;\">Napitnine<\/span><\/li>\n<li style=\"font-weight: 400;\"><span style=\"font-weight: 400;\">Alkoholne pija\u010de po koktajlih\u00a0<\/span><\/li>\n<\/ol>\n<p>&nbsp;<\/p>\n<h4><em><strong>Odhod in povratek<\/strong><\/em><\/h4>\n<p><span style=\"font-weight: 400;\">Potnik bo dobil zbirali\u0161\u010de po opravljenem postopku rezervacije. Ogledi se za\u010dnejo in kon\u010dajo na na\u0161ih zbirali\u0161\u010dih.<\/span><\/p>\n<p>&nbsp;<\/p>\n<h3>Enodnevni izlet Samana iz mesta Bayahibe \u2013 slap El Limon in otok Bacardi<\/h3>\n<h4><b><i>Kaj pri\u010dakovati?<\/i><\/b><\/h4>\n<p>&nbsp;<\/p>\n<p><strong>Zagotovite si vstopnice zdaj<\/strong>. \u010cakajo vas slapovi, jahanje, pohodni\u0161tvo in safari tura, kopanje v naravnih izvirih, kosilo na otoku Bacardi in druge zabavne aktivnosti.<\/p>\n<p>Odhod iz Bayahibeja z avtobusom se bomo odpravili do pristani\u0161\u010da Samana Bay. Ko bomo v pristani\u0161\u010du, se bomo vkrcali na \u010doln ali katamaran z lokalnimi turisti\u010dnimi vodniki, ki vas bodo usmerili do skupnosti Samana. V tej skupnosti vas bo Safari Tour popeljal naokoli in vas pou\u010dil o zgodovini tega mesta. A to \u0161e ni vse, sledi slap El Limon, tu boste lahko plavali in hodili v pohod ali jahali. Slap El Limon je fantasti\u010den naravni spomenik s tropskim gozdom in \u010distimi naravnimi izviri. Na poti nazaj v Samano bomo imeli postanek na otoku Bacardi, kjer bo postre\u017eeno s kosilom in se boste lahko kopali v enem izmed najbolj naravnih bazenov Dominikanske republike.<\/p>\n<p>&nbsp;<\/p>\n<p>V kolikor bi \u017eeleli to potovanje prilagoditi tako, da bo kraj\u0161e ali dalj\u0161e, nas kontaktirajte.<\/p>\n<p>&nbsp;<\/p>\n<h4><em><strong>Kaj morate prinesti?<\/strong><\/em><\/h4>\n<ul>\n<li style=\"font-weight: 400;\"><span style=\"font-weight: 400;\">fotoaparat<\/span><\/li>\n<li style=\"font-weight: 400;\"><span style=\"font-weight: 400;\">Odganjalni popki<\/span><\/li>\n<li style=\"font-weight: 400;\"><span style=\"font-weight: 400;\">son\u010dna krema<\/span><\/li>\n<li style=\"font-weight: 400;\"><span style=\"font-weight: 400;\">Klobuk<\/span><\/li>\n<li style=\"font-weight: 400;\"><span style=\"font-weight: 400;\">Udobne hla\u010de<\/span><\/li>\n<li style=\"font-weight: 400;\"><span style=\"font-weight: 400;\">Pohodni\u0161ki \u010devlji za gozd<\/span><\/li>\n<li style=\"font-weight: 400;\"><span style=\"font-weight: 400;\">Sandali za pomladna obmo\u010dja.<\/span><\/li>\n<li style=\"font-weight: 400;\"><span style=\"font-weight: 400;\">Kopalna obla\u010dila<\/span><\/li>\n<\/ul>\n<p>&nbsp;<\/p>\n<h4><b><i>Prevzem v hotelu <\/i><\/b><\/h4>\n<p><span style=\"font-weight: 400;\">Na voljo je prevzem popotnika!<\/span><\/p>\n<p><span style=\"font-weight: 400;\">Pobiramo iz vseh hotelov v Bayahibeju. Lokacija prevzema je hotelsko preddverje<br \/>\n\u010ce bivate v stanovanju na tem obmo\u010dju, vas bomo pobrali v stanovanju ali na vhodu v najbli\u017eje letovi\u0161\u010de. Nastavili smo, da se Pick up obrne na nas prek Whatsappa.<\/span><\/p>\n<p><b>Opomba:<\/b><span style=\"font-weight: 400;\"> \u010ce ste rezervirani v 24 urah po \u010dasu odhoda potovanja\/izleta, lahko organiziramo prevzem iz hotela. Ko bo va\u0161 nakup opravljen, vam bomo poslali popolne kontaktne podatke (telefonsko \u0161tevilko, e-po\u0161tni naslov itd.) za na\u0161ega lokalnega turisti\u010dnega vodnika, ki bo organiziral prevzem.<\/span><\/p>\n<h4><b><i>Potrditev dodatnih informacij <\/i><\/b><\/h4>\n<ol>\n<li>Vstopnice so potrdilo po pla\u010dilu tega izleta. Pla\u010dilo lahko prika\u017eete na telefonu.<\/li>\n<li style=\"font-weight: 400;\"><span style=\"font-weight: 400;\">Zbirno mesto bo prejeto po opravljenem postopku rezervacije.<\/span><\/li>\n<li style=\"font-weight: 400;\"><span style=\"font-weight: 400;\">Otroci morajo biti v spremstvu odrasle osebe.<\/span><\/li>\n<li style=\"font-weight: 400;\"><span style=\"font-weight: 400;\"> Ni dostopno z invalidskim vozi\u010dkom <\/span><\/li>\n<li style=\"font-weight: 400;\"><span style=\"font-weight: 400;\">Dojen\u010dki morajo sedeti v naro\u010dju <\/span><\/li>\n<li style=\"font-weight: 400;\"><span style=\"font-weight: 400;\">Ni priporo\u010dljivo za popotnike s te\u017eavami s hrbtom<\/span><\/li>\n<li style=\"font-weight: 400;\"><span style=\"font-weight: 400;\">Ni priporo\u010dljivo za nose\u010dnice <\/span><\/li>\n<li style=\"font-weight: 400;\"><span style=\"font-weight: 400;\"> Brez te\u017eav s srcem ali drugih resnih zdravstvenih te\u017eav <\/span><\/li>\n<li style=\"font-weight: 400;\"><span style=\"font-weight: 400;\">Ve\u010dina popotnikov lahko sodeluje<\/span><\/li>\n<\/ol>\n<h4><b><i>Politika odpovedi<\/i><\/b><\/h4>\n<p>Za celotno vra\u010dilo preberite na\u0161e pravilnike o odpovedih\u00a0<a href=\"https:\/\/www.ticketswhales.com\/online-booking\/\" target=\"_blank\" rel=\"noopener\" data-saferedirecturl=\"https:\/\/www.google.com\/url?q=https:\/\/www.ticketswhales.com\/online-booking\/&amp;source=gmail&amp;ust=1672449202351000&amp;usg=AOvVaw1yAeVAPktmaVCqDujgUn90\">Klikni tukaj<\/a>. Sredstva bodo izgubljena, \u010de je rezervacija odpovedana isti dan potovanja.<\/p>\n\n\t\t<\/div>\n\t<\/div>\n<\/div><\/div><\/div><\/div><div class=\"vc_row wpb_row vc_row-fluid\" ><\/div><div class=\"wpb_column vc_column_container vc_col-sm-12\"><div class=\"vc_column-inner\"><div class=\"wpb_wrapper\"><\/div><\/div><\/div><div class=\"vc_empty_space\"   style=\"height: 32px\"><span class=\"vc_empty_space_inner\"><\/span><\/div>\n\t<div class=\"wpb_text_column wpb_content_element\" >\n\t\t<div class=\"wpb_wrapper\">\n\t\t\t<p>Jaz sem besedilni blok. Kliknite gumb za urejanje, da spremenite to besedilo. Lorem ipsum dolor sit amet, consectetur adipiscing elit. Ut elit tellus, luctus nec ullamcorper mattis, pulvinar dapibus leo.<\/p>\n\n\t\t<\/div>\n\t<\/div>\n<div class=\"vc_empty_space\"   style=\"height: 32px\"><span class=\"vc_empty_space_inner\"><\/span><\/div>","protected":false},"excerpt":{"rendered":"<p><span style=\"vertical-align: inherit;\"><span style=\"vertical-align: inherit;\">\u010ce ste v Punta Cani ali B\u00e1varu in \u017eelite na enodnevni izlet pla\u010dati manj kot obi\u010dajno, rezervirajte to potovanje. <\/span><span style=\"vertical-align: inherit;\">V okviru tega potovanja vas bomo odpeljali v Samano, kjer se boste s katamaranom odpeljali v Sabana de la Mar, ob\u010dino Hato Mayor, dom nacionalnega parka Los Haitises. <\/span><span style=\"vertical-align: inherit;\">To potovanje vklju\u010duje safari ogled, katamaran, slap in plavanje na pla\u017ei in \u0161e ve\u010d. <\/span><span style=\"vertical-align: inherit;\">Izlet se za\u010dne ob 6.00 in kon\u010da ob 18.30. <\/span><span style=\"vertical-align: inherit;\">Ne zamudi!<\/span><\/span><\/p>\n<p>&nbsp;<\/p>\n<p>&nbsp;<\/p>\n<p><strong><span style=\"vertical-align: inherit;\"><span style=\"vertical-align: inherit;\">Izberite datum za ogled\u00a0<\/span><\/span><\/strong><\/p>","protected":false},"featured_media":97,"template":"","meta":[],"product_brand":[],"product_cat":[576,464,567,590,122],"product_tag":[137,138,281,139,282,283,140,284,141,114,285,142,357,358,148,143],"class_list":{"0":"post-11691","1":"product","2":"type-product","3":"status-publish","4":"has-post-thumbnail","6":"product_cat-1-punta-cana","7":"product_cat-bayahibe-to-samana","8":"product_cat-el-limon-horseback-riding","9":"product_cat-el-limon-punta-cana","10":"product_cat-tours-and-excursions","11":"product_tag-bacardi-island","12":"product_tag-beach-time","13":"product_tag-cascada-el-limon-salto-el-limon-samana-republica-dominicana","14":"product_tag-cayo-levantado","15":"product_tag-el-limon-waterfall-bacardi-island-from-punta-cana","16":"product_tag-el-limon-waterfall-and-bacardi-island-tour-from-punta-cana","17":"product_tag-el-limon-waterfalls","18":"product_tag-guided-adventures","19":"product_tag-punta-cana","20":"product_tag-sabana-de-la-mar","21":"product_tag-salto-de-limon-punta-cana","22":"product_tag-samana","23":"product_tag-samana-day-trip-from-punta-cana","24":"product_tag-samana-day-trip-from-punta-cana-el-limon-waterfall-and-bacardi-island","25":"product_tag-samana-excursions","26":"product_tag-samana-tours","28":"first","29":"instock","30":"sale","31":"sold-individually","32":"shipping-taxable","33":"product-type-external"},"_links":{"self":[{"href":"https:\/\/haitises.com\/sl\/wp-json\/wp\/v2\/product\/11691","targetHints":{"allow":["GET"]}}],"collection":[{"href":"https:\/\/haitises.com\/sl\/wp-json\/wp\/v2\/product"}],"about":[{"href":"https:\/\/haitises.com\/sl\/wp-json\/wp\/v2\/types\/product"}],"wp:featuredmedia":[{"embeddable":true,"href":"https:\/\/haitises.com\/sl\/wp-json\/wp\/v2\/media\/97"}],"wp:attachment":[{"href":"https:\/\/haitises.com\/sl\/wp-json\/wp\/v2\/media?parent=11691"}],"wp:term":[{"taxonomy":"product_brand","embeddable":true,"href":"https:\/\/haitises.com\/sl\/wp-json\/wp\/v2\/product_brand?post=11691"},{"taxonomy":"product_cat","embeddable":true,"href":"https:\/\/haitises.com\/sl\/wp-json\/wp\/v2\/product_cat?post=11691"},{"taxonomy":"product_tag","embeddable":true,"href":"https:\/\/haitises.com\/sl\/wp-json\/wp\/v2\/product_tag?post=11691"}],"curies":[{"name":"wp","href":"https:\/\/api.w.org\/{rel}","templated":true}]}}