{"id":11645,"date":"2023-10-04T07:39:47","date_gmt":"2023-10-04T07:39:47","guid":{"rendered":"http:\/\/haitises.com\/?post_type=product&#038;p=11645"},"modified":"2024-04-01T15:15:40","modified_gmt":"2024-04-01T15:15:40","slug":"samana-cayo-levantado-bacardi-island-and-whale-watching-from-miches-in-catamaran-3","status":"publish","type":"product","link":"https:\/\/haitises.com\/sl\/zasebno\/samana-cayo-levantado-bacardi-island-and-whale-watching-from-miches-in-catamaran-3\/","title":{"rendered":"Saman\u00e1 Cayo Levantado (otok Bacardi) in opazovanje kitov iz Michesa s katamaranom"},"content":{"rendered":"<div class=\"vc_row wpb_row vc_row-fluid\" ><div class=\"wpb_column vc_column_container vc_col-sm-12\"><div class=\"vc_column-inner\"><div class=\"wpb_wrapper\">\n\t<div class=\"wpb_text_column wpb_content_element\" >\n\t\t<div class=\"wpb_wrapper\">\n\t\t\t<p><span style=\"vertical-align: inherit;\"><span style=\"vertical-align: inherit;\"><\/p>\n\n\t\t<\/div>\n\t<\/div>\n<\/div><\/div><\/div><\/div><div class=\"vc_row wpb_row vc_row-fluid\" ><\/div><div class=\"wpb_column vc_column_container vc_col-sm-12\"><div class=\"vc_column-inner\"><div class=\"wpb_wrapper\"><\/div><\/div><\/div><div class=\"vc_row wpb_row vc_row-fluid\" ><\/div><div class=\"wpb_column vc_column_container vc_col-sm-12\"><div class=\"vc_column-inner\"><div class=\"wpb_wrapper\"><div class=\"vc_btn3-container vc_btn3-inline\" ><button class=\"vc_general vc_btn3 vc_btn3-size-md vc_btn3-shape-rounded vc_btn3-style-modern vc_btn3-color-green\">REZERVIRAJTE ZDAJ<\/button><\/div><\/div><\/div><\/div>[mkdf_section_title title_tag=\u00bb\u00bb disable_break_words=\u00bbno\u00bb title=\u00bbCayo Levantado + Avistamiento de ballenas de Miches en catamar\u00e1n\u00bb]<div class=\"vc_empty_space\"   style=\"height: 32px\"><span class=\"vc_empty_space_inner\"><\/span><\/div>\n\t<div class=\"wpb_text_column wpb_content_element\" >\n\t\t<div class=\"wpb_wrapper\">\n\t\t\t<p>\u00a0<\/span><\/span><\/p>\n<div class=\"vc_empty_space\"><\/div>\n<div class=\"wpb_text_column wpb_content_element\">\n<div class=\"wpb_wrapper\">\n<div class=\"vc_row wpb_row vc_row-fluid\">\n<div class=\"wpb_column vc_column_container vc_col-sm-12\">\n<div class=\"vc_column-inner\">\n<div class=\"wpb_wrapper\">\n<div class=\"wpb_text_column wpb_content_element\">\n<div class=\"wpb_wrapper\">\n<div class=\"vc_row wpb_row vc_row-fluid\">\n<div class=\"wpb_column vc_column_container vc_col-sm-12\">\n<div class=\"vc_column-inner\">\n<div class=\"wpb_wrapper\">\n<div class=\"wpb_text_column wpb_content_element\">\n<div class=\"wpb_wrapper\">\n<h4><a id=\"overview\" class=\"aal_anchor\" href=\"https:\/\/boattoursamana.com\/tour\/samana-cayo-levantado-bacardi-island-and-whale-watching-from-miches-in-catamaran\/#overview\" aria-hidden=\"true\" target=\"_blank\" rel=\"noopener\"><\/a><b><i>Pregled<\/i><\/b><\/h4>\n<p>Opazovanje kitov v zalivu Saman\u00e1 z za\u010detkom v pristani\u0161\u010du Miches v katamaranu. To potovanje se za\u010dne ob 9.00 in kon\u010da ob 17.00. Sestanek pred tem v na\u0161em pristani\u0161\u010du v Michesu. Po prekinitvi na\u0161ega katamarana ali \u010dolna, da obi\u0161\u010demo kite v njihovem lastnem habitatu.<\/p>\n<p>Od 9.00 do 12.00 observatorij za opazovanje kitov in po tem izletu s kiti bomo obiskali otok Bacardi \/ Cayo Levantado. Na otoku Bacardi bo na voljo samopostre\u017eno kosilo v tipi\u010dnem dominikanskem slogu. Ko je kosilo kon\u010dano, lahko plavate do 16.30. Zaklju\u010dek ture bo ob 17. uri v istem pristani\u0161\u010du, kjer se bo za\u010dela.<\/p>\n<p>Opomba: ta ogled ni zaseben.<strong>\u00a0Za zasebni ogled nas kontaktirajte.<\/strong><\/p>\n<ul>\n<li>Izlet z opazovanjem kitov<\/li>\n<li>Vstopnine v Observatorij<\/li>\n<li>Vklju\u010duje samopostre\u017eno kosilo na pla\u017ei<\/li>\n<li>Prevoz z ladjo<\/li>\n<li>Kapitan zagotavlja navodila in nadzor<\/li>\n<li>Vodi\u010d<\/li>\n<\/ul>\n<p>&nbsp;<\/p>\n<h4><a id=\"inclusions-exclusions\" class=\"aal_anchor\" href=\"https:\/\/boattoursamana.com\/tour\/samana-cayo-levantado-bacardi-island-and-whale-watching-from-miches-in-catamaran\/#inclusions-exclusions\" aria-hidden=\"true\" target=\"_blank\" rel=\"noopener\"><\/a><b>Vklju\u010ditve in izklju\u010ditve<\/b><\/h4>\n<p>&nbsp;<\/p>\n<p><b>Vklju\u010dki<\/b><\/p>\n<p>&nbsp;<\/p>\n<ol>\n<li>Samopostre\u017eno kosilo na pla\u017ei<\/li>\n<li>Opazovanje kitov<\/li>\n<li>Vodi\u010d<\/li>\n<li>Izlet s katamaranom ali \u010dolnom<\/li>\n<li>Vsi davki, pristojbine in manipulativni stro\u0161ki<\/li>\n<li>Lokalni davki<\/li>\n<li>pija\u010de<\/li>\n<li>Alkoholne pija\u010de<\/li>\n<\/ol>\n<p><b>Izklju\u010ditve<\/b><\/p>\n<ol>\n<li>Napitnine<\/li>\n<li>Avto za prenos<\/li>\n<\/ol>\n<p>&nbsp;<\/p>\n<h4><a id=\"departure-return\" class=\"aal_anchor\" href=\"https:\/\/boattoursamana.com\/tour\/samana-cayo-levantado-bacardi-island-and-whale-watching-from-miches-in-catamaran\/#departure-return\" aria-hidden=\"true\" target=\"_blank\" rel=\"noopener\"><\/a><em><strong>Odhod in povratek<\/strong><\/em><\/h4>\n<p>Potnik bo dobil zbirali\u0161\u010de po opravljenem postopku rezervacije. Ture se za\u010dnejo in kon\u010dajo na na\u0161ih zbirali\u0161\u010dih.<\/p>\n<p>&nbsp;<\/p>\n<h4><a id=\"what-to-expect\" class=\"aal_anchor\" href=\"https:\/\/boattoursamana.com\/tour\/samana-cayo-levantado-bacardi-island-and-whale-watching-from-miches-in-catamaran\/#what-to-expect\" aria-hidden=\"true\" target=\"_blank\" rel=\"noopener\"><\/a><b><i>Kaj pri\u010dakovati?<\/i><\/b><\/h4>\n<p>&nbsp;<\/p>\n<p><em><strong>Zagotovite si vstopnice<\/strong><\/em>\u00a0za enodnevni izlet z opazovanjem kitov v zalivu Saman\u00e1 z za\u010detkom pri Michesu v katamaranu z lokalnimi pija\u010dami ter \u010dudovitim kosilom in \u010dasom na pla\u017ei.<\/p>\n<p>Dnevna vstopnica za opazovanje kitov, ki jo organizira &quot;Booking Adventures&quot;, se za\u010dne na zbirnem mestu, ki ga dolo\u010di vodnik. Kosilo na pla\u017ei in lahko ostanete, kolikor \u017eelite, plavate naokoli. \u010ce ste vegan, vam lahko pripravimo tudi hrano.<\/p>\n<p><strong>urnik:<\/strong><\/p>\n<p>8.45 \u2013 17.00<\/p>\n<p>&nbsp;<\/p>\n<h4><a id=\"what-you-should-bring\" class=\"aal_anchor\" href=\"https:\/\/boattoursamana.com\/tour\/samana-cayo-levantado-bacardi-island-and-whale-watching-from-miches-in-catamaran\/#what-you-should-bring\" aria-hidden=\"true\" target=\"_blank\" rel=\"noopener\"><\/a><em><strong>Kaj morate prinesti?<\/strong><\/em><\/h4>\n<ul>\n<li>fotoaparat<\/li>\n<li>Odganjalni popki<\/li>\n<li>son\u010dna krema<\/li>\n<li>Klobuk<\/li>\n<li>Udobne hla\u010de<\/li>\n<li>Sandali za na pla\u017eo<\/li>\n<li>Kopalna obla\u010dila<\/li>\n<li>Gotovina za spominke<\/li>\n<\/ul>\n<p>&nbsp;<\/p>\n<h4><a id=\"hotel-pickup\" class=\"aal_anchor\" href=\"https:\/\/boattoursamana.com\/tour\/samana-cayo-levantado-bacardi-island-and-whale-watching-from-miches-in-catamaran\/#hotel-pickup\" aria-hidden=\"true\" target=\"_blank\" rel=\"noopener\"><\/a><b><i>Prevzem v hotelu<\/i><\/b><\/h4>\n<p>Prevzem iz hotela za to turnejo ni na voljo.<\/p>\n<p>&nbsp;<\/p>\n<p><b>Opomba:<\/b>\u00a0\u010ce ste rezervirani v 24 urah po \u010dasu odhoda potovanja\/izleta, lahko organiziramo hotelski prevzem z dopla\u010dilom. Ko bo va\u0161 nakup opravljen, vam bomo poslali popolne kontaktne podatke (telefonsko \u0161tevilko, e-po\u0161tni naslov itd.) za na\u0161ega lokalnega turisti\u010dnega vodnika, ki bo organiziral prevzem.<\/p>\n<h4><a id=\"additional-info-confirmation\" class=\"aal_anchor\" href=\"https:\/\/boattoursamana.com\/tour\/samana-cayo-levantado-bacardi-island-and-whale-watching-from-miches-in-catamaran\/#additional-info-confirmation\" aria-hidden=\"true\" target=\"_blank\" rel=\"noopener\"><\/a><b><i>Potrditev dodatnih informacij<\/i><\/b><\/h4>\n<ol>\n<li>Vstopnice so potrdilo po pla\u010dilu tega izleta. Pla\u010dilo lahko prika\u017eete na telefonu.<\/li>\n<li>Zbirno mesto bo prejeto po opravljenem postopku rezervacije.<\/li>\n<li>Otroci morajo biti v spremstvu odrasle osebe.<\/li>\n<li>dostopno z invalidskim vozi\u010dkom<\/li>\n<li>Dojen\u010dki morajo sedeti v naro\u010dju<\/li>\n<li>Ve\u010dina popotnikov lahko sodeluje<\/li>\n<\/ol>\n<h4><a id=\"cancellation-policy\" class=\"aal_anchor\" href=\"https:\/\/boattoursamana.com\/tour\/samana-cayo-levantado-bacardi-island-and-whale-watching-from-miches-in-catamaran\/#cancellation-policy\" aria-hidden=\"true\" target=\"_blank\" rel=\"noopener\"><\/a><b><i>Politika odpovedi<\/i><\/b><\/h4>\n<p>Za povra\u010dilo celotnega zneska prekli\u010dite vsaj 24 ur pred datumom za\u010detka do\u017eivetja.<\/p>\n<\/div>\n<\/div>\n<\/div>\n<\/div>\n<\/div>\n<\/div>\n<\/div>\n<\/div>\n<\/div>\n<\/div>\n<\/div>\n<\/div>\n<div class=\"vc_row wpb_row vc_row-fluid\">\n<div class=\"wpb_column vc_column_container vc_col-sm-12\">\n<div class=\"vc_column-inner\">\n<div class=\"wpb_wrapper\">\n<div class=\"vc_empty_space\"><\/div>\n<div class=\"wpb_text_column wpb_content_element\">\n<div class=\"wpb_wrapper\">\n<h4><a id=\"contact-us\" class=\"aal_anchor\" href=\"https:\/\/boattoursamana.com\/tour\/samana-cayo-levantado-bacardi-island-and-whale-watching-from-miches-in-catamaran\/#contact-us\" aria-hidden=\"true\" target=\"_blank\" rel=\"noopener\"><\/a>Kontaktiraj nas?<\/h4>\n<h5><\/h5>\n<p><em><strong>Doma\u010dini<\/strong>\u00a0in\u00a0<strong>Dr\u017eavljani<\/strong>\u00a0Turisti\u010dni vodniki in storitve za goste<\/em><\/p>\n<p><span class=\"text-turquoise\">Rezervacije:<\/span>\u00a0Ogledi in izleti v Dom Rep.<\/p>\n<p><img decoding=\"async\" class=\"emoji\" title=\"Samana Cayo Levantado (Bacardi Island) and Whale Watching from Miches in Catamaran 1\" draggable=\"false\" src=\"https:\/\/s.w.org\/images\/core\/emoji\/11.2.0\/svg\/1f4de.svg\" alt=\"\ud83d\udcde\" \/> Tel\/Whatsapp <strong><a href=\"tel:+1 (829) 318-9463\">+1 (829) 318-9463.<\/a><\/strong><\/p>\n<p><img decoding=\"async\" class=\"emoji\" title=\"Samana Cayo Levantado (Bacardi Island) and Whale Watching from Miches in Catamaran 2\" draggable=\"false\" src=\"https:\/\/s.w.org\/images\/core\/emoji\/11.2.0\/svg\/1f4e9.svg\" alt=\"\ud83d\udce9\" \/>\u00a0<a href=\"mailto:reservabatour@gmail.com\">reservabatour@gmail.com<\/a><\/p>\n<p><strong>Zasebne izlete prek Whatsappa smo prilagodljivi:\u00a0<a href=\"tel:+1 (829) 318-9463\">+1 (829) 318-9463.<\/a><\/strong><\/p>\n<\/div>\n<\/div>\n<\/div>\n<\/div>\n<\/div>\n<\/div>\n<\/div>\n<\/div>\n\n\t\t<\/div>\n\t<\/div>\n<div class=\"vc_row wpb_row vc_row-fluid\" ><div class=\"wpb_column vc_column_container vc_col-sm-12\"><div class=\"vc_column-inner\"><div class=\"wpb_wrapper\"><div class=\"vc_btn3-container vc_btn3-inline\" ><button class=\"vc_general vc_btn3 vc_btn3-size-md vc_btn3-shape-rounded vc_btn3-style-modern vc_btn3-color-green\">REZERVIRAJTE ZDAJ<\/button><\/div><\/div><\/div><\/div><\/div>","protected":false},"excerpt":{"rendered":"<p><span style=\"vertical-align: inherit;\"><span style=\"vertical-align: inherit;\">Whale Miches Tours &amp; Excursiones. <\/span><span style=\"vertical-align: inherit;\">Reserve sus boletos para el avistamiento de ballenas en la Bah\u00eda de Saman\u00e1, comenzando desde Miches y visitando Cayo Levantado, tambi\u00e9n conocida como Isla Bacard\u00ed para una aventura con pase de un d\u00eda.<\/span><\/span><\/p>\n<p>&nbsp;<\/p>\n<p><em><strong><span style=\"vertical-align: inherit;\"><span style=\"vertical-align: inherit;\">Seleccione la fecha de la excursi\u00f3n:<\/span><\/span><\/strong><\/em><\/p>","protected":false},"featured_media":11103,"template":"","meta":[],"product_brand":[],"product_cat":[124,588],"product_tag":[269,270,271,272,273,234,236,274,275,276],"class_list":{"0":"post-11645","1":"product","2":"type-product","3":"status-publish","4":"has-post-thumbnail","6":"product_cat-tours-excursions-samana-bay-dominican-republic","7":"product_cat-whale-watching-miches","8":"product_tag-miches-whale-watching","9":"product_tag-samana-dominican-republic","10":"product_tag-samana-whale-watching","11":"product_tag-samana-whale-watching-price","12":"product_tag-things-to-do-in-dominican-republic","13":"product_tag-whale-samana","14":"product_tag-whale-watching-dominican-republic","15":"product_tag-whale-watching-miches","16":"product_tag-whale-watching-miches-dominican-republic","17":"product_tag-when-to-see-whales-dominican-republic","19":"first","20":"instock","21":"sale","22":"shipping-taxable","23":"product-type-external"},"_links":{"self":[{"href":"https:\/\/haitises.com\/sl\/wp-json\/wp\/v2\/product\/11645","targetHints":{"allow":["GET"]}}],"collection":[{"href":"https:\/\/haitises.com\/sl\/wp-json\/wp\/v2\/product"}],"about":[{"href":"https:\/\/haitises.com\/sl\/wp-json\/wp\/v2\/types\/product"}],"wp:featuredmedia":[{"embeddable":true,"href":"https:\/\/haitises.com\/sl\/wp-json\/wp\/v2\/media\/11103"}],"wp:attachment":[{"href":"https:\/\/haitises.com\/sl\/wp-json\/wp\/v2\/media?parent=11645"}],"wp:term":[{"taxonomy":"product_brand","embeddable":true,"href":"https:\/\/haitises.com\/sl\/wp-json\/wp\/v2\/product_brand?post=11645"},{"taxonomy":"product_cat","embeddable":true,"href":"https:\/\/haitises.com\/sl\/wp-json\/wp\/v2\/product_cat?post=11645"},{"taxonomy":"product_tag","embeddable":true,"href":"https:\/\/haitises.com\/sl\/wp-json\/wp\/v2\/product_tag?post=11645"}],"curies":[{"name":"wp","href":"https:\/\/api.w.org\/{rel}","templated":true}]}}