{"id":11467,"date":"2021-10-15T07:23:50","date_gmt":"2021-10-15T07:23:50","guid":{"rendered":"http:\/\/haitises.com\/?post_type=product&#038;p=11467"},"modified":"2021-10-15T07:24:08","modified_gmt":"2021-10-15T07:24:08","slug":"cano-hondo-hotelska-soba-brezplacen-zajtrk-za-5-oseb","status":"publish","type":"product","link":"https:\/\/haitises.com\/sl\/zasebno\/cano-hondo-hotelska-soba-brezplacen-zajtrk-za-5-oseb\/","title":{"rendered":"Hotelska soba Ca\u00f1o Hondo in brezpla\u010den zajtrk za 5 gostov"},"content":{"rendered":"<div class=\"vc_row wpb_row vc_row-fluid\" ><div class=\"wpb_column vc_column_container vc_col-sm-12\"><div class=\"vc_column-inner\"><div class=\"wpb_wrapper\">\n\t<div class=\"wpb_text_column wpb_content_element\" >\n\t\t<div class=\"wpb_wrapper\">\n\t\t\t<p data-name-en=\"roomsize\"><strong>Brezpla\u010den brez\u017ei\u010dni internet v sobi ali avli,\u00a0<\/strong><strong>Brezpla\u010dno parkiranje, Dnevno \u010di\u0161\u010denje prostorov<\/strong><\/p>\n<p data-name-en=\"roomsize\"><em>(brezpla\u010den zajtrk za 5 gostov)<\/em><\/p>\n<h4 class=\"hprt-lightbox-title\" data-et-view=\"ZdffZZLJbFcFbRAOAcEUJXDbNZRO:1\"><strong>V kopalnici:<\/strong><\/h4>\n<ul class=\"hprt-lightbox-list js-lightbox-facilities\" data-nr-of-facilities=\"4\" data-et-view=\"\">\n<li class=\"hprt-lightbox-list__item js-lightbox-facility\" data-name-en=\"Shower\" data-id=\"4\">- Tu\u0161<\/li>\n<li class=\"hprt-lightbox-list__item js-lightbox-facility\" data-name-en=\"Free Toiletries\" data-id=\"27\">- Brezpla\u010dni toaletni izdelki<\/li>\n<li class=\"hprt-lightbox-list__item js-lightbox-facility\" data-name-en=\"Bathroom\" data-id=\"38\">- Ensuite kopalnica<\/li>\n<li class=\"hprt-lightbox-list__item js-lightbox-facility\" data-name-en=\"higher level toilet\" data-id=\"151\">- Dvignjeno strani\u0161\u010de<\/li>\n<\/ul>\n<h4 class=\"hprt-lightbox-title\"><strong>V sobi je na voljo:<\/strong><\/h4>\n<ul class=\"hprt-lightbox-list js-lightbox-facilities\" data-nr-of-facilities=\"10\">\n<li style=\"list-style-type: none;\">\n<ul class=\"hprt-lightbox-list js-lightbox-facilities\" data-nr-of-facilities=\"10\">\n<li class=\"hprt-lightbox-list__item js-lightbox-facility\" data-name-en=\"Balcony\" data-id=\"17\">- Balkon<\/li>\n<li class=\"hprt-lightbox-list__item js-lightbox-facility\" data-name-en=\"Garden View\" data-id=\"110\">- Pogled na ocean<\/li>\n<li class=\"hprt-lightbox-list__item js-lightbox-facility\" data-name-en=\"Fan\" data-id=\"30\">\u2022 Fan<\/li>\n<li class=\"hprt-lightbox-list__item js-lightbox-facility\" data-name-en=\"Tumble dryer (machine)\" data-id=\"94\">- Pohi\u0161tvo<\/li>\n<li>- 3 dvoposteljne postelje<\/li>\n<li class=\"hprt-lightbox-list__item js-lightbox-facility\" data-name-en=\"Wardrobe\/Closet\" data-id=\"95\">- Garderoba ali omara<\/li>\n<\/ul>\n<\/li>\n<\/ul>\n<p>[preberi ve\u010d]<\/p>\n<div>\n<h4><strong>Dostop za goste:<\/strong><\/h4>\n<ul>\n<li>- 24-urna recepcija<\/li>\n<li>- 16 nekadilskih sob za goste<\/li>\n<li>- Restavracija in bar<\/li>\n<li>- Ve\u010djezi\u010dno osebje<\/li>\n<li>- Lena reka in 11 zunanjih naravnih bazenov<\/li>\n<li>- Stre\u0161na terasa<\/li>\n<li>- Vrt<\/li>\n<li>- Obmo\u010dje za piknike<\/li>\n<li>- Dnevno \u010di\u0161\u010denje prostorov<\/li>\n<li>- Storitev pranja perila<\/li>\n<\/ul>\n<h2><strong><em>Udobje v sobi:<\/em><\/strong><\/h2>\n<ul>\n<li>Stropni ventilator<\/li>\n<li>Individualno okra\u0161eno<\/li>\n<li>Su\u0161ilnik za lase (na zahtevo)<\/li>\n<li>Brezpla\u010dna ustekleni\u010dena voda<\/li>\n<li>Balkon<\/li>\n<li>Dnevno \u010di\u0161\u010denje prostorov<\/li>\n<li>24-urna recepcija<\/li>\n<li>Lep pogled<\/li>\n<\/ul>\n<p>[\/brati]<\/p>\n<hr \/>\n<h2>Ve\u010d podrobnosti o mestu Ca\u00f1o Hondo:<\/h2>\n<h2><strong><em>Ognji\u0161\u010de in kampiranje<\/em><\/strong><\/h2>\n<p>U\u017eivajte v no\u010dnem ognju pod odejo zvezd... brez svetlobnega onesna\u017eevanja, le temno no\u010dno nebo in zvoki \u017eivljenja v tropskem gozdu.<\/p>\n<p>Poleg odli\u010dnih storitev lahko u\u017eivate v tipi\u010dni lokalni hrani (sve\u017ei morski sade\u017ei) ali dejavnostih na prostem in izletih z lokalnim strokovnim vodnikom.<\/p>\n<p>Vsaka od na\u0161ih 16 sob je poimenovana po pticah, ki jih najdemo v narodnem parku Los Haitises (v parku je pribli\u017eno 110 vrst). Predvsem pa so sobe individualno okra\u0161ene, v celoti pozitivna energija, ki prina\u0161a bolj\u0161e bivanje v Ca\u00f1o Hondo. U\u017eivate lahko v razgledu na zaliv San Lorenzo in zaliv Samana!<\/p>\n<p>&nbsp;<\/p>\n<hr \/>\n<h2>Posebne ponudbe Ca\u00f1o Hondo Aktivnosti in izleti<\/h2>\n<ul>\n<li>Seznam dejavnosti in izletov:<\/li>\n<li>Zip obloge<\/li>\n<li>Plezanje po skalni steni<\/li>\n<li>Jahanje konj<\/li>\n<li>Pohodni\u0161ka pot v narodnem parku (2 ali 4 ure, lahko v kombinaciji s kajakom)<\/li>\n<li>Vo\u017enja s kajakom (2 ali 4 ure, lahko v kombinaciji s pohodni\u0161tvom)<\/li>\n<li>Vodeni izleti z ladjo v Los Haitises z ogledom jam<\/li>\n<li>Opazovanje kitov (sezona od 15. januarja do 30. marca)<\/li>\n<li>Vodeno opazovanje ptic<\/li>\n<li>Odkrijte park Los Haitises s kanuji<\/li>\n<li>Otok Cayo Levantado\/Bacardi<\/li>\n<li>Slapovi El Limon<\/li>\n<li>Pla\u017ea Fronton<\/li>\n<li>Boca del Diablo<\/li>\n<li>ATV + pla\u017ea El Valle<\/li>\n<\/ul>\n<p>Izdelujemo zasebne ali skupinske ture, kombinirane pakete, ki ustrezajo na\u0161im gostom. Za ve\u010d informacij o dejavnostih in izletih se obrnite na nas.<\/p>\n<h2><span class=\"_6ijom0\">Ca\u00f1o Hondo Dostop za goste<\/span><\/h2>\n<p>Kaj je okoli ...<\/p>\n<ol>\n<li>16 nekadilskih sob za goste<\/li>\n<li>Restavracija in bar\/lounge<\/li>\n<li>Lena reka in 15 zunanjih bazenov<\/li>\n<li>Brezpla\u010dni vodni park<\/li>\n<li>Stre\u0161na terasa<\/li>\n<li>24-urna recepcija<\/li>\n<li>Dnevno \u010di\u0161\u010denje prostorov<\/li>\n<li>Pogledi na vrt<\/li>\n<li>Storitev pranja perila<\/li>\n<li>Ve\u010djezi\u010dno osebje<\/li>\n<li>Storitve Concierge<\/li>\n<li>Obmo\u010dje za piknike<\/li>\n<li>Brezpla\u010den samopostre\u017eni zajtrk, brezpla\u010den brez\u017ei\u010dni internet v javnih prostorih in brezpla\u010dno parkiri\u0161\u010de<\/li>\n<\/ol>\n<\/div>\n\n\t\t<\/div>\n\t<\/div>\n<\/div><\/div><\/div><\/div><div class=\"vc_row wpb_row vc_row-fluid\" ><div class=\"wpb_column vc_column_container vc_col-sm-12\"><div class=\"vc_column-inner\"><div class=\"wpb_wrapper\">\n\t<div class=\"wpb_text_column wpb_content_element\" >\n\t\t<div class=\"wpb_wrapper\">\n\t\t\t<h2><em>Druge mo\u017enosti sob<\/em><\/h2>\n\n\t\t<\/div>\n\t<\/div>\n<\/div><\/div><\/div><\/div><div class=\"vc_row wpb_row vc_row-fluid\" ><div class=\"wpb_column vc_column_container vc_col-sm-12\"><div class=\"vc_column-inner\"><div class=\"wpb_wrapper\"><div class=\"woocommerce columns-3\"><ul class=\"products columns-3\">\n<li class=\"product type-product post-12225 status-publish first instock product_cat-dominican-republic product_tag-excursion product_tag-tour has-post-thumbnail sale shipping-taxable product-type-external\">\n\t<div class=\"mkdf-pl-inner\"><div class=\"mkdf-pl-image\">\n\t<span class=\"mkdf-onsale\">SALE<\/span>\n\t<img loading=\"lazy\" decoding=\"async\" width=\"300\" height=\"300\" src=\"https:\/\/haitises.com\/wp-content\/uploads\/2024\/12\/98-7-300x300.jpg\" class=\"attachment-woocommerce_thumbnail size-woocommerce_thumbnail\" alt=\"Private Transfers from Punta Cana Airport to Hotels\" srcset=\"https:\/\/haitises.com\/wp-content\/uploads\/2024\/12\/98-7-300x300.jpg 300w, https:\/\/haitises.com\/wp-content\/uploads\/2024\/12\/98-7-550x550.jpg 550w, https:\/\/haitises.com\/wp-content\/uploads\/2024\/12\/98-7-100x100.jpg 100w\" sizes=\"auto, (max-width: 300px) 100vw, 300px\" title=\"\"><div class=\"mkdf-pl-text\"><div class=\"mkdf-pl-text-outer\"><div class=\"mkdf-pl-text-inner\"><a href=\"https:\/\/gyg.me\/Efzoif2Y\" aria-describedby=\"woocommerce_loop_add_to_cart_link_describedby_12225\" data-quantity=\"1\" class=\"button product_type_external\" data-product_id=\"12225\" data-product_sku=\"\" aria-label=\"Check availability\" rel=\"nofollow noopener\" target=\"_blank\">Check availability<\/a>\t<span id=\"woocommerce_loop_add_to_cart_link_describedby_12225\" class=\"screen-reader-text\">\n\t\t\t<\/span>\n<\/div><\/div><\/div><\/div><a href=\"https:\/\/haitises.com\/sl\/zasebno\/private-transfers-from-punta-cana-airport-to-hotels\/\" class=\"woocommerce-LoopProduct-link woocommerce-loop-product__link\"><\/a><\/div><div class=\"mkdf-pl-text-wrapper\"><h4 class=\"mkdf-product-list-title\"><a href=\"https:\/\/haitises.com\/sl\/zasebno\/private-transfers-from-punta-cana-airport-to-hotels\/\">Private Transfers from Punta Cana Airport to Hotels<\/a><\/h4>\n\t<span class=\"price\"><del aria-hidden=\"true\"><span class=\"woocommerce-Price-amount amount\"><bdi><span class=\"woocommerce-Price-currencySymbol\">&#36;<\/span>15.50<\/bdi><\/span><\/del> <span class=\"screen-reader-text\">Izvirna cena je bila: &#036;15.50.<\/span><ins aria-hidden=\"true\"><span class=\"woocommerce-Price-amount amount\"><bdi><span class=\"woocommerce-Price-currencySymbol\">&#36;<\/span>12.15<\/bdi><\/span><\/ins><span class=\"screen-reader-text\">Trenutna cena je: &#036;12.15.<\/span><\/span>\n<\/div><\/li><li class=\"product type-product post-12224 status-publish instock product_cat-dominican-republic product_tag-excursion product_tag-tour has-post-thumbnail sale shipping-taxable product-type-external\">\n\t<div class=\"mkdf-pl-inner\"><div class=\"mkdf-pl-image\">\n\t<span class=\"mkdf-onsale\">SALE<\/span>\n\t<img loading=\"lazy\" decoding=\"async\" width=\"300\" height=\"300\" src=\"https:\/\/haitises.com\/wp-content\/uploads\/2024\/12\/145-39-300x300.jpg\" class=\"attachment-woocommerce_thumbnail size-woocommerce_thumbnail\" alt=\"Punta Cana: Dolphin Discovery Swims and Encounters\" srcset=\"https:\/\/haitises.com\/wp-content\/uploads\/2024\/12\/145-39-300x300.jpg 300w, https:\/\/haitises.com\/wp-content\/uploads\/2024\/12\/145-39-100x100.jpg 100w\" sizes=\"auto, (max-width: 300px) 100vw, 300px\" title=\"\"><div class=\"mkdf-pl-text\"><div class=\"mkdf-pl-text-outer\"><div class=\"mkdf-pl-text-inner\"><a href=\"https:\/\/gyg.me\/8AGs6VXL\" aria-describedby=\"woocommerce_loop_add_to_cart_link_describedby_12224\" data-quantity=\"1\" class=\"button product_type_external\" data-product_id=\"12224\" data-product_sku=\"\" aria-label=\"Nakup &ldquo;Punta Cana: Dolphin Discovery Swims and Encounters&rdquo;\" rel=\"nofollow noopener\" target=\"_blank\">Kupi izdelek<\/a>\t<span id=\"woocommerce_loop_add_to_cart_link_describedby_12224\" class=\"screen-reader-text\">\n\t\t\t<\/span>\n<\/div><\/div><\/div><\/div><a href=\"https:\/\/haitises.com\/sl\/zasebno\/punta-cana-dolphin-discovery-swims-and-encounters\/\" class=\"woocommerce-LoopProduct-link woocommerce-loop-product__link\"><\/a><\/div><div class=\"mkdf-pl-text-wrapper\"><h4 class=\"mkdf-product-list-title\"><a href=\"https:\/\/haitises.com\/sl\/zasebno\/punta-cana-dolphin-discovery-swims-and-encounters\/\">Punta Cana: Dolphin Discovery Swims and Encounters<\/a><\/h4>\n\t<span class=\"price\"><del aria-hidden=\"true\"><span class=\"woocommerce-Price-amount amount\"><bdi><span class=\"woocommerce-Price-currencySymbol\">&#36;<\/span>115.00<\/bdi><\/span><\/del> <span class=\"screen-reader-text\">Izvirna cena je bila: &#036;115.00.<\/span><ins aria-hidden=\"true\"><span class=\"woocommerce-Price-amount amount\"><bdi><span class=\"woocommerce-Price-currencySymbol\">&#36;<\/span>109.00<\/bdi><\/span><\/ins><span class=\"screen-reader-text\">Trenutna cena je: &#036;109.00.<\/span><\/span>\n<\/div><\/li><li class=\"product type-product post-12223 status-publish last instock product_cat-dominican-republic product_cat-saona-island product_tag-excursion product_tag-tour has-post-thumbnail sale shipping-taxable product-type-external\">\n\t<div class=\"mkdf-pl-inner\"><div class=\"mkdf-pl-image\">\n\t<span class=\"mkdf-onsale\">SALE<\/span>\n\t<img loading=\"lazy\" decoding=\"async\" width=\"300\" height=\"300\" src=\"https:\/\/haitises.com\/wp-content\/uploads\/2026\/03\/145-38-300x300.jpg\" class=\"attachment-woocommerce_thumbnail size-woocommerce_thumbnail\" alt=\"Catamaran Tour to Saona Island: Lunch &amp; Open Bar Experience\" srcset=\"https:\/\/haitises.com\/wp-content\/uploads\/2026\/03\/145-38-300x300.jpg 300w, https:\/\/haitises.com\/wp-content\/uploads\/2026\/03\/145-38-550x550.jpg 550w, https:\/\/haitises.com\/wp-content\/uploads\/2026\/03\/145-38-100x100.jpg 100w\" sizes=\"auto, (max-width: 300px) 100vw, 300px\" title=\"\"><div class=\"mkdf-pl-text\"><div class=\"mkdf-pl-text-outer\"><div class=\"mkdf-pl-text-inner\"><a href=\"https:\/\/gobookingadventures.com\/en\/booking\/catamaran-tour-to-saona-island-lunch-and-open-bar-experience\" aria-describedby=\"woocommerce_loop_add_to_cart_link_describedby_12223\" data-quantity=\"1\" class=\"button product_type_external\" data-product_id=\"12223\" data-product_sku=\"\" aria-label=\"BUY TICKETS\" rel=\"nofollow noopener\" target=\"_blank\">BUY TICKETS<\/a>\t<span id=\"woocommerce_loop_add_to_cart_link_describedby_12223\" class=\"screen-reader-text\">\n\t\t\t<\/span>\n<\/div><\/div><\/div><\/div><a href=\"https:\/\/haitises.com\/sl\/zasebno\/punta-cana-catamaran-to-saona-island-with-lunch-open-bar\/\" class=\"woocommerce-LoopProduct-link woocommerce-loop-product__link\"><\/a><\/div><div class=\"mkdf-pl-text-wrapper\"><h4 class=\"mkdf-product-list-title\"><a href=\"https:\/\/haitises.com\/sl\/zasebno\/punta-cana-catamaran-to-saona-island-with-lunch-open-bar\/\">Catamaran Tour to Saona Island: Lunch &#038; Open Bar Experience<\/a><\/h4>\n\t<span class=\"price\"><del aria-hidden=\"true\"><span class=\"woocommerce-Price-amount amount\"><bdi><span class=\"woocommerce-Price-currencySymbol\">&#36;<\/span>95.00<\/bdi><\/span><\/del> <span class=\"screen-reader-text\">Izvirna cena je bila: &#036;95.00.<\/span><ins aria-hidden=\"true\"><span class=\"woocommerce-Price-amount amount\"><bdi><span class=\"woocommerce-Price-currencySymbol\">&#36;<\/span>85.00<\/bdi><\/span><\/ins><span class=\"screen-reader-text\">Trenutna cena je: &#036;85.00.<\/span><\/span>\n<\/div><\/li><\/ul>\n<\/div><\/div><\/div><\/div><\/div>","protected":false},"excerpt":{"rendered":"<h2><strong>Hotel Ca\u00f1o Hondo<\/strong><\/h2>\n<p><em>(brezpla\u010den zajtrk za 5 gostov)<\/em><\/p>\n<p>Eco-Lodge je \u010daroben, miren in izviren kraj za bivanje. Ta naravni in avtenti\u010dni hotel se nahaja v znamenitem narodnem parku Los Haitises v Sabana de la Mar. Vse na\u0161e sobe so polne pozitivne energije z neverjetnim razgledom na zaliv San Lorenzo in zaliv Samana! Sobe imajo zasebno kopalnico s toplo vodo in stropni ventilator. Vklju\u010den je zajtrk, brezpla\u010dna pitna voda in kava sta na voljo ves dan. Izbirate lahko tudi med na\u0161imi programi prehrane.<br \/>\n[preberi ve\u010d]<\/p>\n<h2><strong><em><span class=\"_6ijom0\">\u00a0Cano Hondo <\/span><\/em><\/strong><em><strong>Naravni bazeni<\/strong><\/em><\/h2>\n<p>U\u017eivajte v naravnih ekolo\u0161kih bazenih z zdravo in osve\u017eujo\u010do vodo, ki se z dru\u017eino ali gosti lepo zlijejo s pokrajino. Bazeni so popolnoma biolo\u0161ki, brez potrebe po kloru ali kemikalijah, ki razvijajo lastno naravno ekologijo in uravnote\u017een ekosistem, saj so zasnovani in zgrajeni na dolo\u010den na\u010din.<\/p>\n<h2><em><strong>Pravila za otroke Ca\u00f1o Hondo:<\/strong><\/em><\/h2>\n<p>-Otroci, stari od 2 do 10 let, pla\u010dajo ceno za otroke<br \/>\n-Mlaj\u0161i od 2 let brez stro\u0161kov<\/p>\n<h2><em><strong>Restavracija Ca\u00f1o Hondo:\u00a0<\/strong><\/em><\/h2>\n<p>Na voljo je meni s \u0161tevilnimi mo\u017enostmi. Vsak obrok vklju\u010duje tudi eno pija\u010do na osebo. Alkoholne pija\u010de so na voljo za dopla\u010dilo, prav tako tudi dodatne pija\u010de.<\/p>\n<p>Na hotelskem meniju so na voljo nenavadne zgodbe o avtohtonih besedah in bajeslovnih zgodbah tega obmo\u010dja. Poudarja tudi zna\u010dilne jedi, kot so rakovice, kon\u010di in minutas, majhne sladkovodne ribe, ki jih na lokalni ravni za\u010dinijo in ocvrejo. Sve\u017ei naravni sadni sokovi se dnevno menjavajo: limeta, melona, mango, tamarind, ananas itd.<br \/>\n[\/brati]<\/p>","protected":false},"featured_media":11500,"template":"","meta":[],"product_brand":[],"product_cat":[558,560,563,561],"product_tag":[339,521,126,340,127,447,562,342],"class_list":{"0":"post-11467","1":"product","2":"type-product","3":"status-publish","4":"has-post-thumbnail","6":"product_cat-all-rooms","7":"product_cat-hotel-cano-hondo","8":"product_cat-room-hotel-cano-hondo","9":"product_cat-room-offers","10":"product_tag-altos-cano-hondo","11":"product_tag-altos-de-cano-hondo","12":"product_tag-cano-hondo","13":"product_tag-cano-hondo-day-pass","14":"product_tag-cano-hondo-hotel","15":"product_tag-hotel-cano-hondo","16":"product_tag-hotel-sabana-de-la-mar","17":"product_tag-paraiso-cano-hondo","19":"first","20":"instock","21":"shipping-taxable","22":"product-type-external"},"_links":{"self":[{"href":"https:\/\/haitises.com\/sl\/wp-json\/wp\/v2\/product\/11467","targetHints":{"allow":["GET"]}}],"collection":[{"href":"https:\/\/haitises.com\/sl\/wp-json\/wp\/v2\/product"}],"about":[{"href":"https:\/\/haitises.com\/sl\/wp-json\/wp\/v2\/types\/product"}],"wp:featuredmedia":[{"embeddable":true,"href":"https:\/\/haitises.com\/sl\/wp-json\/wp\/v2\/media\/11500"}],"wp:attachment":[{"href":"https:\/\/haitises.com\/sl\/wp-json\/wp\/v2\/media?parent=11467"}],"wp:term":[{"taxonomy":"product_brand","embeddable":true,"href":"https:\/\/haitises.com\/sl\/wp-json\/wp\/v2\/product_brand?post=11467"},{"taxonomy":"product_cat","embeddable":true,"href":"https:\/\/haitises.com\/sl\/wp-json\/wp\/v2\/product_cat?post=11467"},{"taxonomy":"product_tag","embeddable":true,"href":"https:\/\/haitises.com\/sl\/wp-json\/wp\/v2\/product_tag?post=11467"}],"curies":[{"name":"wp","href":"https:\/\/api.w.org\/{rel}","templated":true}]}}