{"id":609,"date":"2020-07-12T21:58:33","date_gmt":"2020-07-12T21:58:33","guid":{"rendered":"http:\/\/haitises.com\/?post_type=product&#038;p=609"},"modified":"2024-04-16T03:11:10","modified_gmt":"2024-04-16T03:11:10","slug":"excursion-samana-ballenas-cayo-levantado-bacardi-island-cascada-el-limon-desde-los-hoteles-de-punta-cana","status":"publish","type":"product","link":"https:\/\/haitises.com\/sk\/sukromne\/excursion-samana-ballenas-cayo-levantado-bacardi-island-cascada-el-limon-desde-los-hoteles-de-punta-cana\/","title":{"rendered":"Excursi\u00f3n Saman\u00e1 Ballenas + Cayo Levantado (Bacardi Island) + Cascada El Lim\u00f3n desde los hoteles de Punta Cana"},"content":{"rendered":"<div class=\"vc_row wpb_row vc_row-fluid\" ><div class=\"wpb_column vc_column_container vc_col-sm-12\"><div class=\"vc_column-inner\"><div class=\"wpb_wrapper\">[mkdf_section_title title_tag=\u00bb\u00bb disable_break_words=\u00bbno\u00bb subtitle_tag=\u00bb\u00bb title=\u00bbObservaci\u00f3n de Ballenas 2021 de Punta Cana a La Bah\u00eda de Saman\u00e1\u00bb subtitle=\u00bbCayo Levantado (Bacardi Island) + Cascada El Lim\u00f3n desde los hoteles de Punta Cana.\u00bb]<\/div><\/div><\/div><\/div><div class=\"vc_row wpb_row vc_row-fluid\" ><div class=\"wpb_column vc_column_container vc_col-sm-12\"><div class=\"vc_column-inner\"><div class=\"wpb_wrapper\">\n\t<div class=\"wpb_text_column wpb_content_element\" >\n\t\t<div class=\"wpb_wrapper\">\n\t\t\t<div class=\"vc_row wpb_row vc_row-fluid\">\n<div class=\"wpb_column vc_column_container vc_col-sm-12\">\n<div class=\"vc_column-inner\">\n<div class=\"wpb_wrapper\">\n<div class=\"wpb_text_column wpb_content_element\">\n<div class=\"wpb_wrapper\">\n<div class=\"vc_row wpb_row vc_row-fluid\">\n<div class=\"wpb_column vc_column_container vc_col-sm-12\">\n<div class=\"vc_column-inner\">\n<div class=\"wpb_wrapper\">\n<div class=\"wpb_text_column wpb_content_element\">\n<div class=\"wpb_wrapper\"><\/div>\n<\/div>\n<\/div>\n<\/div>\n<\/div>\n<\/div>\n<\/div>\n<\/div>\n<\/div>\n<\/div>\n<\/div>\n<\/div>\n<div class=\"vc_row wpb_row vc_row-fluid\">\n<div class=\"wpb_column vc_column_container vc_col-sm-12\">\n<div class=\"vc_column-inner\">\n<div class=\"wpb_wrapper\">\n<div class=\"wpb_text_column wpb_content_element\">\n<div class=\"wpb_wrapper\">\n<h3>Popis<\/h3>\n<p>Ballenas Punta Cana, avistamiento de ballenas en la Bah\u00eda de Saman\u00e1 y visita Cayo Levantado m\u00e1s Safari a las Cataratas El Lim\u00f3n durante esta excursi\u00f3n de d\u00eda completo desde los hoteles de Punta Cana. Viaje a la bah\u00eda de Saman\u00e1 a bordo de un c\u00f3modo autob\u00fas con aire acondicionado, luego se sube a un catamar\u00e1n o barco en Miches. Navegue en aguas abiertas para buscar las manadas de ballenas jorobadas que visitan para reproducirse y tener sus cr\u00edas en el \u00e1rea. Aprenda sobre el comportamiento y la biolog\u00eda de estos mam\u00edferos marinos de su gu\u00eda experto naturalista. Contin\u00faa hacia Cayo Levantado \/ Bacardi Island, para almorzar en la playa y darte un chapuz\u00f3n en las aguas azules despu\u00e9s de este viaje de safari a las cascadas del Lim\u00f3n con caballos montando por el bosque de coco antes de regresar a Punta Cana.<\/p>\n<p><strong>Pozn\u00e1mka:<\/strong> Este tour no es privado. Este recorrido ha incluido la parada en la cascada de Lim\u00f3n. Para reservar el mismo viaje y no ir a las cascadas, HAGA CLIC AQU\u00cd.<\/p>\n<ul>\n<li>Pozorovanie ve\u013er\u00fdb<\/li>\n<li>Isla Bacard\u00ed \/ Cayo Levantado<\/li>\n<li>Vstupenky do observat\u00f3ria<\/li>\n<li>Samana Safari<\/li>\n<li>El Limon Cascadas Caballos Montando<\/li>\n<li>Zah\u0155\u0148a obed formou bufetu na pl\u00e1\u017ei.<\/li>\n<li>Transporte mar\u00edtimo (barco)<\/li>\n<li>Kapit\u00e1n poskytuje in\u0161trukcie a doh\u013ead.<\/li>\n<li>Turistick\u00fd sprievodca<\/li>\n<\/ul>\n<p>&nbsp;<\/p>\n<h3><em>Inkl\u00fazie a vyl\u00fa\u010denia<\/em><\/h3>\n<h4>Inkl\u00fazie<\/h4>\n<ol>\n<li>Obed formou bufetu na pl\u00e1\u017ei.<\/li>\n<li>Traslado desde hoteles<\/li>\n<li>Turistick\u00fd sprievodca<\/li>\n<li>V\u00fdlet katamar\u00e1nom alebo lo\u010fou<\/li>\n<li>V\u0161etky dane, poplatky a manipula\u010dn\u00e9 poplatky<\/li>\n<li>Miestne dane<\/li>\n<li>N\u00e1poje<\/li>\n<\/ol>\n<h4>Vyl\u00fa\u010denia<\/h4>\n<ol>\n<li>Tipy<\/li>\n<\/ol>\n<h3>Odlet a n\u00e1vrat<\/h3>\n<p>Pri tejto prehliadke sa pon\u00faka vyzdvihnutie z hotela. Do pozn\u00e1mok jednoducho nap\u00ed\u0161te n\u00e1zov hotela, z ktor\u00e9ho si chcete z\u00e1jazd vyzdvihn\u00fa\u0165. Vyzved\u00e1vame vo v\u0161etk\u00fdch hoteloch v Punta Cana.<\/p>\n<h3>Avistamiento de Ballenas Saman\u00e1 + Cayo Levantado (Isla Bacardi) + Cascadas de Lim\u00f3n desde los hoteles de Punta Cana.<\/h3>\n<h3><em>\u010co o\u010dak\u00e1va\u0165?<\/em><\/h3>\n<p>Ac\u00e9rquese a los gentiles gigantes del mar de la Rep\u00fablica Dominicana durante esta excursi\u00f3n de observaci\u00f3n de ballenas jorobadas de 12 horas en la Bah\u00eda de S\u00e1mana. Pase un d\u00eda inolvidable observando algunas de las miles de ballenas que acuden a la isla cada a\u00f1o para aparearse, alimentarse y jugar en sus c\u00e1lidas aguas tropicales. Al observar estas hermosas criaturas, disfrutar\u00e1 de una visi\u00f3n \u00fanica de su gu\u00eda experto en observaci\u00f3n de ballenas. Termine el d\u00eda con un almuerzo incluido y tiempo en la playa en la hermosa isla de Cayo Levantado. El transporte de ida y vuelta al hotel tambi\u00e9n est\u00e1 incluido.<\/p>\n<p>Desde las 9:00 am hasta las 12: 00-mediod\u00eda Observatorio de avistamiento de ballenas y despu\u00e9s de este viaje visitaremos la isla Bacardi \/ Cayo Levantado. En la isla de Bacardi, se proporcionar\u00e1 un almuerzo buffet de estilo t\u00edpico dominicano (arroz, frijoles, pescado, ensaladas &#8230;). Cuando termina el almuerzo, se le permite nadar y prepararse para ir a las cascadas de El Lim\u00f3n hasta las 4:30 p.m. El recorrido finalizar\u00e1 a las 5:00 pm en el mismo puerto desde donde comenzar\u00e1 a bordo de nuestro catamar\u00e1n y su autob\u00fas de regreso a los hoteles de Punta Cana.<\/p>\n<p><strong>Rozvrh:<\/strong><\/p>\n<ul>\n<li>6:00 - 7:00 Vyzdvihnutie klientov z r\u00f4znych hotelov.<\/li>\n<li>07:00 Odchod do Las Canitas v Sabana de la mar<\/li>\n<li>08:15 Pr\u00edchod do s\u00fakromn\u00e9ho pr\u00edstavu<\/li>\n<li>08:15 - 8:40 Ra\u0148ajky (sendvi\u010de, muffiny, \u010daj, k\u00e1va, d\u017e\u00fasy)<\/li>\n<li>8:45 n\u00e1stup na lo\u010f a za\u010diatok na\u0161ej cesty do rezerv\u00e1cie ve\u013er\u00fdb hrbat\u00fdch v Saman\u00e1.<\/li>\n<li>11:00 H\u013eadanie ve\u013er\u00fdb po\u010das 45 min\u00fat. Tento \u010das sa riadi vl\u00e1dnymi pravidlami.<\/li>\n<li>11:45 Cesta na Cayo Levantado v z\u00e1live Samana<\/li>\n<li>12:30 Pr\u00edchod na Cayo Levantado<\/li>\n<li>13:00 Obed (obed formou bufetu, typick\u00fd dominik\u00e1nsky)<\/li>\n<li>13:45 - 15:30 Vo\u013en\u00fd \u010das v Cayo Levantado<\/li>\n<li>15:00 - 15:45 Op\u00e4\u0165 na palube smer Miches<\/li>\n<li>17:00 Pr\u00edchod do Miches a odchod do hotelov v Punta Cana<\/li>\n<li>19:30 - 20:00 Pr\u00edchod do hotelov v Punta Cana<\/li>\n<\/ul>\n<p>* Obedov\u00e9 menu (typick\u00e9 dominik\u00e1nske)<br \/>\nRy\u017ea, grilovan\u00e9 kur\u010da alebo grilovan\u00e1 ryba, \u0161al\u00e1t, zelenina, \u010derstv\u00e9 ovocie.<\/p>\n<p>* Klienti, ktor\u00ed sa rozhodn\u00fa prida\u0165 zast\u00e1vku pri vodop\u00e1de El Limon po pozorovan\u00ed ve\u013er\u00fdb, sa presun\u00fa k vodop\u00e1du a bud\u00fa ma\u0165 menej \u010dasu na Cayo Levantado.<\/p>\n<p>Este recorrido ha incluido la parada en la cascada de Lim\u00f3n. Para reservar el mismo viaje y no ir a las cascadas, HAGA CLIC AQU\u00cd.<\/p>\n<h3><em>\u010co by ste si mali prinies\u0165?<\/em><\/h3>\n<ul>\n<li>fotoapar\u00e1t<\/li>\n<li>Repelenty<\/li>\n<li>opa\u013eovac\u00ed kr\u00e9m<\/li>\n<li>Klob\u00fak<\/li>\n<li>Pohodln\u00e9 nohavice<\/li>\n<li>Sand\u00e1le na pl\u00e1\u017e<\/li>\n<li>Plavky<\/li>\n<li>Efectivo para recuerdos y propinas<\/li>\n<\/ul>\n<h3><em>Vyzdvihnutie v hoteli<\/em><\/h3>\n<p>Pri tejto prehliadke sa pon\u00faka vyzdvihnutie z hotela. Do pozn\u00e1mok jednoducho nap\u00ed\u0161te n\u00e1zov hotela, z ktor\u00e9ho si chcete z\u00e1jazd vyzdvihn\u00fa\u0165. Vyzved\u00e1vame vo v\u0161etk\u00fdch hoteloch v Punta Cana.<\/p>\n<p><strong>Pozn\u00e1mka:<\/strong> ak si rezerv\u00e1ciu urob\u00edte do 24 hod\u00edn pred odchodom na v\u00fdlet\/exkurziu, m\u00f4\u017eeme v\u00e1m zabezpe\u010di\u0165 vyzdvihnutie z hotela. Po dokon\u010den\u00ed n\u00e1kupu v\u00e1m za\u0161leme v\u0161etky kontaktn\u00e9 inform\u00e1cie (telef\u00f3nne \u010d\u00edslo, e-mailov\u00fa adresu at\u010f.), aby n\u00e1\u0161 miestny sprievodca mohol zariadi\u0165 vyzdvihnutie.<\/p>\n<h3><em>Potvrdenie dodato\u010dn\u00fdch inform\u00e1ci\u00ed<\/em><\/h3>\n<ul>\n<li>Vstupenky s\u00fa potvrden\u00edm po zaplaten\u00ed tohto z\u00e1jazdu. Platbu m\u00f4\u017eete zobrazi\u0165 na telef\u00f3ne.<\/li>\n<li>Miesto stretnutia bude doru\u010den\u00e9 po procese rezerv\u00e1cie.<\/li>\n<li>Deti musia by\u0165 v sprievode dospelej osoby.<\/li>\n<li>Bezbari\u00e9rov\u00fd pr\u00edstup<\/li>\n<li>Doj\u010dat\u00e1 by mali sedie\u0165 na kolen\u00e1ch<\/li>\n<li>V\u00e4\u010d\u0161ina cestovate\u013eov sa m\u00f4\u017ee z\u00fa\u010dastni\u0165.<\/li>\n<\/ul>\n<h3><em>Podmienky zru\u0161enia<\/em><\/h3>\n<p>Ak chcete z\u00edska\u0165 pln\u00fa n\u00e1hradu, zru\u0161te aspo\u0148 24 hod\u00edn pred d\u00e1tumom za\u010diatku z\u00e1\u017eitku.<\/p>\n<h4>Kontaktujte n\u00e1s!<br \/>\nSAMANA VE\u013dRYBY TOUR<\/h4>\n<p>Turistick\u00ed sprievodcovia <strong>Priestory<\/strong> y <strong>n\u00e1rodn\u00e9<\/strong> a slu\u017eby pre host\u00ed<\/p>\n<p>Rezerv\u00e1cie: Prehliadky a exkurzie v Dom.<\/p>\n<p>Tel \/ Whatsapp + 1-809-720-6035.<\/p>\n<p>info@bookingadventures.com.do<\/p>\n<p><em>Hacemos una configuraci\u00f3n flexible para tours privados<\/em>\u00a0<strong>WhatsApp:\u00a0<a href=\"tel:+18097206035\">+18097206035.<\/a><\/strong><\/p>\n<\/div>\n<\/div>\n<\/div>\n<\/div>\n<\/div>\n<\/div>\n\n\t\t<\/div>\n\t<\/div>\n<\/div><\/div><\/div><\/div>","protected":false},"excerpt":{"rendered":"<p>Desde los hoteles de Punta Cana, disfrutaremos de los hermosos paisajes de la Cordillera Oriental mientras conducimos hacia el norte de Punta Cana antes de llegar al peque\u00f1o pueblo pesquero de Miches, en la costa sur de la Bah\u00eda de Saman\u00e1. All\u00ed podr\u00e1 disfrutar de un desayuno r\u00e1pido antes de abordar el barco a Saman\u00e1. Navegaremos profundamente en la bah\u00eda para observar ballenas. Primero llegaremos a Cayo Levantado, tambi\u00e9n conocida como la isla de Bacardi debido a su parecido cercano a las playas que el ron Bacardi alguna vez utiliz\u00f3 para sus famosos comerciales. Cayo Levantado es un oasis tropical: una peque\u00f1a isla en medio del oc\u00e9ano con aguas turquesas y arenas blancas. Despu\u00e9s de esto, un Safari en la comunidad de Saman\u00e1 a las cascadas. En las cataratas, el Lim\u00f3n se prepara para montar a caballo o hacer senderismo. Esta es una aventura completa \u00fanica.<\/p>\n<p>Este recorrido ha incluido la parada en la cascada de Lim\u00f3n. Para reservar el mismo viaje y no ir a las cascadas, HAGA CLIC AQU\u00cd.<\/p>\n<p><strong>Vyberte d\u00e1tum exkurzie:<\/strong><\/p>","protected":false},"featured_media":427,"template":"","meta":[],"product_brand":[],"product_cat":[120,443,232],"product_tag":[390,137,162,364,260,283,345,420,201,141,391,228,147,392,357,271,421,393,234,280,394,236,395],"class_list":{"0":"post-609","1":"product","2":"type-product","3":"status-publish","4":"has-post-thumbnail","6":"product_cat-fees-entrace","7":"product_cat-tours-y-excursiones-es","8":"product_cat-whale-watching-samana","9":"product_tag-390","10":"product_tag-bacardi-island","11":"product_tag-cayo-levantado-day-pass","12":"product_tag-cheap-punta-cana-excursions","13":"product_tag-day-trip-punta-cana","14":"product_tag-el-limon-waterfall-and-bacardi-island-tour-from-punta-cana","15":"product_tag-half-day-whale-watching-miches","16":"product_tag-limon-from-punta-cana","17":"product_tag-private-tours-samana","18":"product_tag-punta-cana","19":"product_tag-punta-cana-activities","20":"product_tag-punta-cana-tours","21":"product_tag-samana-bay","22":"product_tag-samana-day-trip","23":"product_tag-samana-day-trip-from-punta-cana","24":"product_tag-samana-whale-watching","25":"product_tag-waterfalls-punta-cana","26":"product_tag-whale-punta-cana","27":"product_tag-whale-samana","28":"product_tag-whale-watching-2020","29":"product_tag-whale-watching-2020-in-punta-cana-to-samana-bay-cayo-levantado-bacardi-island-from-hotels","30":"product_tag-whale-watching-dominican-republic","31":"product_tag-whale-watching-punta-cana","33":"first","34":"instock","35":"sale","36":"sold-individually","37":"shipping-taxable","38":"product-type-external"},"_links":{"self":[{"href":"https:\/\/haitises.com\/sk\/wp-json\/wp\/v2\/product\/609","targetHints":{"allow":["GET"]}}],"collection":[{"href":"https:\/\/haitises.com\/sk\/wp-json\/wp\/v2\/product"}],"about":[{"href":"https:\/\/haitises.com\/sk\/wp-json\/wp\/v2\/types\/product"}],"wp:featuredmedia":[{"embeddable":true,"href":"https:\/\/haitises.com\/sk\/wp-json\/wp\/v2\/media\/427"}],"wp:attachment":[{"href":"https:\/\/haitises.com\/sk\/wp-json\/wp\/v2\/media?parent=609"}],"wp:term":[{"taxonomy":"product_brand","embeddable":true,"href":"https:\/\/haitises.com\/sk\/wp-json\/wp\/v2\/product_brand?post=609"},{"taxonomy":"product_cat","embeddable":true,"href":"https:\/\/haitises.com\/sk\/wp-json\/wp\/v2\/product_cat?post=609"},{"taxonomy":"product_tag","embeddable":true,"href":"https:\/\/haitises.com\/sk\/wp-json\/wp\/v2\/product_tag?post=609"}],"curies":[{"name":"wp","href":"https:\/\/api.w.org\/{rel}","templated":true}]}}