{"id":596,"date":"2020-07-02T18:32:15","date_gmt":"2020-07-02T18:32:15","guid":{"rendered":"http:\/\/haitises.com\/?post_type=product&#038;p=596"},"modified":"2024-04-16T18:28:21","modified_gmt":"2024-04-16T18:28:21","slug":"cuatro-aventuras-paravelismo-crucero-de-esnorquel-tiburones-y-rayas-en-piscinas-naturales-desde-punta-cana","status":"publish","type":"product","link":"https:\/\/haitises.com\/sk\/sukromne\/cuatro-aventuras-paravelismo-crucero-de-esnorquel-tiburones-y-rayas-en-piscinas-naturales-desde-punta-cana\/","title":{"rendered":"Cuatro aventuras: Paravelismo, crucero de esn\u00f3rquel, tiburones y rayas en piscinas naturales desde Punta Cana"},"content":{"rendered":"<div class=\"vc_row wpb_row vc_row-fluid\" ><div class=\"wpb_column vc_column_container vc_col-sm-12\"><div class=\"vc_column-inner\"><div class=\"wpb_wrapper\">[mkdf_section_title subtitle_tag=\u00bb\u00bb text_font_weight=\u00bb\u00bb subtitle=\u00bbDesde los hoteles de Punta Cana\u00bb text=\u00bbNota: Este recorrido comienza en diferentes horarios entre las 7:00 a.m. y las 4:00 p.m. Adem\u00e1s, puedes ver delfines pero no nadar con delfines. Dependiendo de cu\u00e1l sea el horario de Recogida en Hoteles, la hora puede cambiar. Costo adicional para recoger en \u00e1reas no incluidas en nuestra descripci\u00f3n.\u00bb]<\/div><\/div><\/div><\/div><div class=\"vc_row wpb_row vc_row-fluid\" ><div class=\"wpb_column vc_column_container vc_col-sm-12\"><div class=\"vc_column-inner\"><div class=\"wpb_wrapper\"><div class=\"vc_empty_space\"   style=\"height: 32px\"><span class=\"vc_empty_space_inner\"><\/span><\/div><\/div><\/div><\/div><\/div><div class=\"vc_row wpb_row vc_row-fluid\" ><div class=\"wpb_column vc_column_container vc_col-sm-12\"><div class=\"vc_column-inner\"><div class=\"wpb_wrapper\">\n\t<div class=\"wpb_text_column wpb_content_element\" >\n\t\t<div class=\"wpb_wrapper\">\n\t\t\t<h2>Cuatro aventuras: crucero en paraca\u00eddas, sn\u00f3rkel, tiburones y rayas en piscinas naturales desde Punta Cana<\/h2>\n<h3>Popis<\/h3>\n<p>Experimenta la emoci\u00f3n de cuatro aventuras en una con este tour \u00e9pico desde Punta Cana. Rel\u00e1jate a bordo de un catamar\u00e1n de dos pisos, descubre las maravillas del mar y disfruta de encuentros cercanos con la vida marina. Podr\u00e1 bucear en una espectacular barrera de arrecifes rodeada de peces tropicales y experimentar la diversi\u00f3n de un espect\u00e1culo marino interactivo completo con tiburones y rayas. Esta popular opci\u00f3n de viaje incluye bebidas ilimitadas en el mejor bote de fiesta y es perfecta para divertirse con familiares y amigos. Despu\u00e9s de probar la vida bajo el agua, \u00a1explora desde arriba con una parasail emocionante a 500 pies sobre la superficie del agua!<\/p>\n<ul>\n<li>Elecci\u00f3n de varias salidas a lo largo del d\u00eda.<\/li>\n<li>Para los amantes del mar<\/li>\n<li>Disfruta de fant\u00e1sticas vistas a\u00e9reas<\/li>\n<li>En familia y amigos<\/li>\n<li>Recogida desde un punto de encuentro ubicado en el centro<\/li>\n<li>Experiencia rom\u00e1ntica, perfecta para parejas.<\/li>\n<\/ul>\n<h3>Inkl\u00fazie a vyl\u00fa\u010denia<\/h3>\n<h4>Inkl\u00fazie<\/h4>\n<ol>\n<li>Tour de paracaidismo<\/li>\n<li>Crucero de sn\u00f3rkel, tiburones y rayas en piscinas naturales<\/li>\n<li>Recogida en autob\u00fas desde su hotel<\/li>\n<li>V\u0161etky dane, poplatky a manipula\u010dn\u00e9 poplatky<\/li>\n<li>Miestne dane<\/li>\n<li>N\u00e1poje<\/li>\n<\/ol>\n<h4>Vyl\u00fa\u010denia<\/h4>\n<ol>\n<li>Tipy<\/li>\n<li>Almuerzo<\/li>\n<\/ol>\n<h3><em>Odlet a n\u00e1vrat<\/em><\/h3>\n<p>Cestuj\u00faci dostane miesto stretnutia po procese rezerv\u00e1cie. Prehliadky za\u010d\u00ednaj\u00fa a kon\u010dia na na\u0161ich miestach stretnutia.<\/p>\n<h3><em>\u010co o\u010dak\u00e1va\u0165?<\/em><\/h3>\n<p>Viaje c\u00f3modo con aire acondicionado desde su hotel de Punta Cana a un hermoso catamar\u00e1n de dos pisos y viaje a la impresionante belleza de Punta Cana con un equipo experto. Recorra la playa de B\u00e1varo y practique snorkel en arrecifes de coral y peces tropicales bajo la supervisi\u00f3n de buzos profesionales. Luego, dir\u00edgete a un parque marino donde tendr\u00e1s un encuentro cercano con rayas y tiburones d\u00f3ciles. Nade y practique snorkel rodeado de estas criaturas gigantes y obtenga una visi\u00f3n m\u00e1s profunda de su equipo de gu\u00edas.<\/p>\n<p>Luego disfrutar\u00e1s del tiempo en una refrescante piscina natural donde nadar\u00e1s y te relajar\u00e1s con una cerveza fr\u00eda en la mano. Sum\u00e9rgete en las golosinas de un bar flotante y escucha mientras un DJ local bombea ritmos en este incre\u00edble entorno isle\u00f1o.<\/p>\n<p>Experimenta la emoci\u00f3n de las aguas cristalinas del oc\u00e9ano con juegos, bebidas y entretenimiento. Su recorrido concluye con una aventura \u00e9pica de parasailing desde la playa de Cortesito. Despu\u00e9s de una visi\u00f3n general de seguridad, volar\u00e1s por encima de las impresionantes aguas azules y disfrutar\u00e1s de incre\u00edbles vistas tropicales mientras vuelas por el para\u00edso. Volver\u00e1 a la costa de manera segura antes de regresar a su hotel con su transporte.<\/p>\n<p>Calendario:<\/p>\n<p>7:00 AM &#8211; 4:00 PM &#8230; Cambio de hora dependiendo de en qu\u00e9 lugar de Punta Cana se encuentre. Cont\u00e1ctenos para establecer la hora.<\/p>\n<h3><em>\u010co by ste si mali prinies\u0165?<\/em><\/h3>\n<ul>\n<li>fotoapar\u00e1t<\/li>\n<li>Repelenty<\/li>\n<li>opa\u013eovac\u00ed kr\u00e9m<\/li>\n<li>Klob\u00fak<\/li>\n<li>Pohodln\u00e9 nohavice<\/li>\n<li>Lesn\u00e9 turistick\u00e9 top\u00e1nky<\/li>\n<li>Sand\u00e1le na pl\u00e1\u017e<\/li>\n<li>Plavky<\/li>\n<li>Efectivo para souvenirs<\/li>\n<\/ul>\n<h3><em>Vyzdvihnutie v hoteli<\/em><\/h3>\n<p>Se ofrece recogida de viajeros!<\/p>\n<p>Recogemos de todos los hoteles en Punta Cana. La ubicaci\u00f3n de recogida es el vest\u00edbulo del hotel<br \/>\nSi se hospeda en un condominio en el \u00e1rea, lo recogeremos en el condominio o en la entrada del resort m\u00e1s cercano. Configuramos Recogerlo contactando con nosotros por Whatsapp.<\/p>\n<p><strong>Pozn\u00e1mka:<\/strong> Ak si rezervujete do 24 hod\u00edn od \u010dasu odchodu z\u00e1jazdu\/exkurzie, m\u00f4\u017eeme zabezpe\u010di\u0165 vyzdvihnutie v hoteli. Po dokon\u010den\u00ed n\u00e1kupu v\u00e1m po\u0161leme kompletn\u00e9 kontaktn\u00e9 inform\u00e1cie (telef\u00f3nne \u010d\u00edslo, e-mailov\u00fa adresu at\u010f.) na n\u00e1\u0161ho miestneho sprievodcu, aby sme si dohodli vyzdvihnutie.<\/p>\n<h3><em>Potvrdenie dodato\u010dn\u00fdch inform\u00e1ci\u00ed<\/em><\/h3>\n<ul>\n<li>Vstupenky s\u00fa potvrden\u00edm po zaplaten\u00ed tohto z\u00e1jazdu. Platbu m\u00f4\u017eete zobrazi\u0165 na telef\u00f3ne.<\/li>\n<li>Miesto stretnutia bude doru\u010den\u00e9 po procese rezerv\u00e1cie.<\/li>\n<li>Deti musia by\u0165 v sprievode dospelej osoby.<br \/>\nsilla de ruedas accesible<\/li>\n<li>Los infantes deben sentarse en el un asiento para beb\u00e9s o con un adulto<\/li>\n<li>V\u00e4\u010d\u0161ina cestovate\u013eov sa m\u00f4\u017ee z\u00fa\u010dastni\u0165.<\/li>\n<\/ul>\n<h3><em>Podmienky zru\u0161enia<\/em><\/h3>\n<p>Ak chcete z\u00edska\u0165 pln\u00fa n\u00e1hradu, zru\u0161te aspo\u0148 24 hod\u00edn pred d\u00e1tumom za\u010diatku z\u00e1\u017eitku.<\/p>\n\n\t\t<\/div>\n\t<\/div>\n<\/div><\/div><\/div><\/div><div class=\"vc_row wpb_row vc_row-fluid\" ><div class=\"wpb_column vc_column_container vc_col-sm-12\"><div class=\"vc_column-inner\"><div class=\"wpb_wrapper\"><div class=\"vc_empty_space\"   style=\"height: 32px\"><span class=\"vc_empty_space_inner\"><\/span><\/div>\n\t<div class=\"wpb_text_column wpb_content_element\" >\n\t\t<div class=\"wpb_wrapper\">\n\t\t\t<h4>Cont\u00e1ctenos<\/h4>\n<h5>Dobrodru\u017en\u00e9 rezerv\u00e1cie<\/h5>\n<p><strong><em>Miestni a n\u00e1rodn\u00ed turistick\u00ed sprievodcovia a slu\u017eby pre host\u00ed<\/em><\/strong><\/p>\n<p>Rezerv\u00e1cie: Prehliadky a exkurzie v Dom.<\/p>\n<p>Tel \/ Whatsapp + 1-809-720-6035.<\/p>\n<p>info@bookingadventures.com.do<\/p>\n<p>Hacemos tours privados de configuraci\u00f3n flexible por Whatsapp: +18097206035.<\/p>\n\n\t\t<\/div>\n\t<\/div>\n<div class=\"vc_empty_space\"   style=\"height: 32px\"><span class=\"vc_empty_space_inner\"><\/span><\/div><\/div><\/div><\/div><\/div>","protected":false},"excerpt":{"rendered":"<p>Paravelismo en Punta Cana es una aventura incre\u00edble y una de las mejores cosas que hacer en Punta Cana. La costa desde 200 pi\u00e9s en el aire, mientras navegas, es absolutamente impresionante.<\/p>\n<p>Paravelismo es una experiencia simple y divertida para todos los miembros de la familia. Como la principal compa\u00f1\u00eda de paravelismo y aventura en la Rep\u00fablica Dominicana, nuestro equipo de parasailing se encuentra entre los m\u00e1s experimentados en Punta Cana, con m\u00e1s de 16 a\u00f1os de experiencia en vuelos. Puede disfrutar de unos 15 minutos de vuelo mientras disfruta de la hermosa vista panor\u00e1mica.<\/p>\n<p><strong>Vyberte si d\u00e1tum prehliadky:<\/strong><\/p>","protected":false},"featured_media":457,"template":"","meta":[],"product_brand":[],"product_cat":[359,363,305,122,443,259],"product_tag":[167,364,365,366,367,360,361,141,362,368,228,369,171,370,371,372],"class_list":{"0":"post-596","1":"product","2":"type-product","3":"status-publish","4":"has-post-thumbnail","6":"product_cat-parasaling","7":"product_cat-sharks-rays-in-natural-pools","8":"product_cat-tours-and-excursion-punta-cana","9":"product_cat-tours-and-excursions","10":"product_cat-tours-y-excursiones-es","11":"product_cat-tours-excursions-punta-cana-dominican-republic","12":"product_tag-catamaran","13":"product_tag-cheap-punta-cana-excursions","14":"product_tag-four-adventures-parasailing","15":"product_tag-natural-pool-punta-cana","16":"product_tag-natural-swimming-pool-punta-cana","17":"product_tag-parasail-punta-cana","18":"product_tag-parasailing-in-punta-cana","19":"product_tag-punta-cana","20":"product_tag-punta-cana-catamaran-party-with-snorkeling-and-parasailing","21":"product_tag-punta-cana-sharks","22":"product_tag-punta-cana-tours","23":"product_tag-rays-from-punta-cana","24":"product_tag-saona-island","25":"product_tag-sharks-rays-in-natural-pools-from-punta-cana","26":"product_tag-snorkeling-cruise","27":"product_tag-swimming-with-sharks-punta-cana","29":"first","30":"instock","31":"sale","32":"featured","33":"sold-individually","34":"shipping-taxable","35":"product-type-external"},"_links":{"self":[{"href":"https:\/\/haitises.com\/sk\/wp-json\/wp\/v2\/product\/596","targetHints":{"allow":["GET"]}}],"collection":[{"href":"https:\/\/haitises.com\/sk\/wp-json\/wp\/v2\/product"}],"about":[{"href":"https:\/\/haitises.com\/sk\/wp-json\/wp\/v2\/types\/product"}],"wp:featuredmedia":[{"embeddable":true,"href":"https:\/\/haitises.com\/sk\/wp-json\/wp\/v2\/media\/457"}],"wp:attachment":[{"href":"https:\/\/haitises.com\/sk\/wp-json\/wp\/v2\/media?parent=596"}],"wp:term":[{"taxonomy":"product_brand","embeddable":true,"href":"https:\/\/haitises.com\/sk\/wp-json\/wp\/v2\/product_brand?post=596"},{"taxonomy":"product_cat","embeddable":true,"href":"https:\/\/haitises.com\/sk\/wp-json\/wp\/v2\/product_cat?post=596"},{"taxonomy":"product_tag","embeddable":true,"href":"https:\/\/haitises.com\/sk\/wp-json\/wp\/v2\/product_tag?post=596"}],"curies":[{"name":"wp","href":"https:\/\/api.w.org\/{rel}","templated":true}]}}