{"id":567,"date":"2020-06-27T19:12:20","date_gmt":"2020-06-27T19:12:20","guid":{"rendered":"http:\/\/haitises.com\/?post_type=product&#038;p=567"},"modified":"2024-04-16T21:43:21","modified_gmt":"2024-04-16T21:43:21","slug":"excursion-cascada-el-limon-y-cayo-levantado-desde-punta-cana","status":"publish","type":"product","link":"https:\/\/haitises.com\/sk\/sukromne\/excursion-cascada-el-limon-y-cayo-levantado-desde-punta-cana\/","title":{"rendered":"Vodop\u00e1d El Lim\u00f3n a v\u00fdlet na Cayo Levantado z Punta Cana"},"content":{"rendered":"<div class=\"vc_row wpb_row vc_row-fluid\" ><div class=\"wpb_column vc_column_container vc_col-sm-12\"><div class=\"vc_column-inner\"><div class=\"wpb_wrapper\">[mkdf_section_title subtitle_tag=\u00bb\u00bb subtitle=\u00bb(Recogida en Punta Cana)\u00bb]<\/div><\/div><\/div><\/div><div class=\"vc_row wpb_row vc_row-fluid\" ><div class=\"wpb_column vc_column_container vc_col-sm-12\"><div class=\"vc_column-inner\"><div class=\"wpb_wrapper\">\n\t<div class=\"wpb_text_column wpb_content_element\" >\n\t\t<div class=\"wpb_wrapper\">\n\t\t\t<h2>Vodop\u00e1d El Lim\u00f3n a Cayo Levantado z hotelov Punta Cana<\/h2>\n<h3>Popis<\/h3>\n<p>Ak ste v Punta Cana alebo B\u00e1varo, h\u013eadajte jednod\u0148ov\u00fd v\u00fdlet, ktor\u00fd zaplat\u00ed menej ako norm\u00e1lne. Rezervujte si tento v\u00fdlet s vyzdvihnut\u00edm z v\u00e1\u0161ho hotela v Punta Cana. Autobus v\u00e1s odvezie do Sabana de la Mar, kde sa katamar\u00e1nom preplav\u00edme cez z\u00e1liv Saman\u00e1. Nav\u0161t\u00edvte komunitu Saman\u00e1 na Safari, aby ste sa dostali do komunity El Lim\u00f3n, jazda na koni alebo t\u00fara k vodop\u00e1dom po prekro\u010den\u00ed z\u00e1livu Saman\u00e1 a obede na ostrove Bacardi. Tento v\u00fdlet za\u010d\u00edna o 6:00 a kon\u010d\u00ed o 18:30<\/p>\n<p>Po tomto z\u00e1\u017eitku sa vr\u00e1tite do svojho hotela.<\/p>\n<ul>\n<li>Vr\u00e1tane dan\u00ed<\/li>\n<li>Obed na pl\u00e1\u017ei v cene.<\/li>\n<li>Vr\u00e1tane transferu<\/li>\n<li>Sprievodca poskytuje pokyny a dozor.<\/li>\n<\/ul>\n<h3>Inkl\u00fazie a vyl\u00fa\u010denia<\/h3>\n<h4>Inkl\u00fazie<\/h4>\n<ol>\n<li>Vyzdvihnutie v hoteli.<\/li>\n<li>Z\u00e1toka Samana<\/li>\n<li>Cayo Levantado, pl\u00e1\u017e a obed<\/li>\n<li>Safari do El Lim\u00f3n<\/li>\n<li>Jazda na koni alebo turistika k vodop\u00e1dom<\/li>\n<li>Dominik\u00e1nske koktaily<\/li>\n<li>V\u0161etky dane, poplatky a manipula\u010dn\u00e9 poplatky<\/li>\n<li>Miestne dane<\/li>\n<li>N\u00e1poje<\/li>\n<li>V\u0161etky aktivity<\/li>\n<li>Miestny sprievodca<\/li>\n<\/ol>\n<h4>Vyl\u00fa\u010denia<\/h4>\n<ol>\n<li>Tipy<\/li>\n<li>Alkoholick\u00e9 n\u00e1poje po koktailoch<\/li>\n<\/ol>\n<h3><em>Odlet a n\u00e1vrat<\/em><\/h3>\n<p>Cestuj\u00faci dostane miesto stretnutia po procese rezerv\u00e1cie. Prehliadky za\u010d\u00ednaj\u00fa a kon\u010dia na na\u0161ich miestach stretnutia.<\/p>\n<h3><em>\u010co o\u010dak\u00e1va\u0165?<\/em><\/h3>\n<p>Z\u00edskajte vstupenky na n\u00e1v\u0161tevu vodop\u00e1dov na koni alebo turistiku, safari Saman\u00e1, k\u00fapanie v pr\u00edrodn\u00fdch prame\u0148och, po obede pri vodop\u00e1doch na ostrove Bacardi a pl\u00e1\u017eovom \u010dase.<\/p>\n<p>Z Punta Cana autobusom sa odvezieme do pr\u00edstavu Saman\u00e1 Bay. V pr\u00edstave nasad\u00e1me s miestnym sprievodcom na lo\u010f alebo katamar\u00e1n, prejdeme z\u00e1tokou Saman\u00e1 do komunity Saman\u00e1. Vydajte sa na safari s miestnym sprievodcom a porozpr\u00e1vajte sa o hist\u00f3rii Saman\u00e1, k\u00fdm sa nedostanete do komunity El Lim\u00f3n. V komunite El Lim\u00f3n za\u010d\u00edname chodi\u0165 alebo jazdi\u0165 na ko\u0148och cez les El Lim\u00f3n k vodop\u00e1dom El Lim\u00f3n. Kde, ke\u010f pr\u00eddeme, m\u00f4\u017eeme pl\u00e1va\u0165! Po n\u00e1vrate do Safari \u00eds\u0165 do pr\u00edstavu Saman\u00e1. Na obed na pl\u00e1\u017ei a k\u00fapanie na jednom z najkraj\u0161\u00edch ostrovov Dominik\u00e1nskej republiky nav\u0161t\u00edvite ostrov Cayo Levantado.<\/p>\n<p>Ak sa v\u00e1m tento v\u00fdlet p\u00e1\u010di dlh\u0161\u00ed alebo krat\u0161\u00ed, kontaktujte n\u00e1s...<\/p>\n<h3><em>\u010co by ste si mali prinies\u0165?<\/em><\/h3>\n<ul>\n<li>fotoapar\u00e1t<\/li>\n<li>Repelenty<\/li>\n<li>Opa\u013eovac\u00ed kr\u00e9m<\/li>\n<li>Klob\u00fak<\/li>\n<li>Pohodln\u00e9 nohavice<\/li>\n<li>Lesn\u00e9 turistick\u00e9 top\u00e1nky<\/li>\n<li>Sand\u00e1le do jarn\u00fdch oblast\u00ed.<\/li>\n<li>Plavky<\/li>\n<\/ul>\n<h3><em>Vyzdvihnutie v hoteli<\/em><\/h3>\n<p>Cestovate\u013esk\u00e9 vyzdvihnutie pon\u00fakan\u00e9!<\/p>\n<p>Vyzdvihujeme zo v\u0161etk\u00fdch hotelov v Punta Cana. Miestom vyzdvihnutia je hotelov\u00e1 hala.<br \/>\nAk b\u00fdvate v bytovom dome v danej oblasti, vyzdvihneme v\u00e1s pri bytovom dome alebo najbli\u017e\u0161om vchode do rezortu. Vyzdvihnutie nakonfigurujeme tak, \u017ee n\u00e1s kontaktujete na Whatsapp.<\/p>\n<p><strong>Pozn\u00e1mka:<\/strong> Ak si rezervujete do 24 hod\u00edn od \u010dasu odchodu z\u00e1jazdu\/exkurzie, m\u00f4\u017eeme zabezpe\u010di\u0165 vyzdvihnutie v hoteli. Po dokon\u010den\u00ed n\u00e1kupu v\u00e1m po\u0161leme kompletn\u00e9 kontaktn\u00e9 inform\u00e1cie (telef\u00f3nne \u010d\u00edslo, e-mailov\u00fa adresu at\u010f.) na n\u00e1\u0161ho miestneho sprievodcu, aby sme si dohodli vyzdvihnutie.<\/p>\n<h3><em>Potvrdenie dodato\u010dn\u00fdch inform\u00e1ci\u00ed<\/em><\/h3>\n<ul>\n<li>Vstupenky s\u00fa potvrden\u00edm po zaplaten\u00ed tohto z\u00e1jazdu. Platbu m\u00f4\u017eete zobrazi\u0165 na telef\u00f3ne.<\/li>\n<li>Miesto stretnutia bude doru\u010den\u00e9 po procese rezerv\u00e1cie.<\/li>\n<li>Deti musia by\u0165 v sprievode dospelej osoby.<\/li>\n<li>Bezbari\u00e9rov\u00fd pr\u00edstup<\/li>\n<li>Doj\u010dat\u00e1 by mali sedie\u0165 v detskej seda\u010dke alebo s dospel\u00fdm<\/li>\n<li>Neodpor\u00fa\u010da sa pre cestuj\u00facich s probl\u00e9mami s chrbtom.<\/li>\n<li>Neodpor\u00fa\u010da sa tehotn\u00fdm \u017een\u00e1m.<\/li>\n<li>\u017diadne srdcov\u00e9 probl\u00e9my ani in\u00e9 v\u00e1\u017ene zdravotn\u00e9 \u0165a\u017ekosti.<\/li>\n<li>V\u00e4\u010d\u0161ina cestovate\u013eov sa m\u00f4\u017ee z\u00fa\u010dastni\u0165.<\/li>\n<\/ul>\n<h3><em>Podmienky zru\u0161enia<\/em><\/h3>\n<p>Ak chcete z\u00edska\u0165 pln\u00fa n\u00e1hradu, zru\u0161te aspo\u0148 24 hod\u00edn pred d\u00e1tumom za\u010diatku z\u00e1\u017eitku.<\/p>\n<h3><em>Kontaktuj n\u00e1s?<\/em><\/h3>\n<p>Dobrodru\u017en\u00e9 rezerv\u00e1cie<br \/>\nMiestni a n\u00e1rodn\u00ed turistick\u00ed sprievodcovia a slu\u017eby pre host\u00ed<\/p>\n<p>Rezerv\u00e1cie: Prehliadky a exkurzie v Dom.<\/p>\n<p>\ud83d\udcde Tel\/Whatsapp +1-809-720-6035.<\/p>\n<p>\ud83d\udce9 info@bookingadventures.com.do<\/p>\n<p>Rob\u00edme s\u00fakromn\u00e9 prehliadky flexibilne prostredn\u00edctvom Whatsapp: +18097206035.<\/p>\n\n\t\t<\/div>\n\t<\/div>\n<\/div><\/div><\/div><\/div>","protected":false},"excerpt":{"rendered":"<p>Ak ste v Punta Cana alebo B\u00e1varo, h\u013eadajte jednod\u0148ov\u00fd v\u00fdlet, ktor\u00fd zaplat\u00ed menej ako norm\u00e1lne. Rezervujte si tento v\u00fdlet s vyzdvihnut\u00edm z v\u00e1\u0161ho hotela v Punta Cana. Autobus v\u00e1s odvezie do Sabana de la Mar, kde sa katamar\u00e1nom preplav\u00edme cez z\u00e1liv Saman\u00e1. Nav\u0161t\u00edvte komunitu Saman\u00e1 na Safari, aby ste sa dostali do komunity El Lim\u00f3n, zajazdite si na koni alebo sa prejdite k vodop\u00e1dom po prechode z\u00e1livom Saman\u00e1 a obede na ostrove Bacardi. Tento v\u00fdlet za\u010d\u00edna o 6:00 a kon\u010d\u00ed o 18:30<\/p>\n<p><strong>Vyberte si d\u00e1tum prehliadky:<\/strong><\/p>","protected":false},"featured_media":320,"template":"","meta":[],"product_brand":[],"product_cat":[96,97,136,264,122,443,123,124],"product_tag":[137,138,281,139,282,283,140,284,141,114,285,142,143],"class_list":{"0":"post-567","1":"product","2":"type-product","3":"status-publish","4":"has-post-thumbnail","6":"product_cat-hiking","7":"product_cat-horse-riding-to-waterfalls","8":"product_cat-safari-samana","9":"product_cat-salto-el-limon-and-bacardi-island","10":"product_cat-tours-and-excursions","11":"product_cat-tours-y-excursiones-es","12":"product_cat-tours-excursions-los-haitises-national-park","13":"product_cat-tours-excursions-samana-bay-dominican-republic","14":"product_tag-bacardi-island","15":"product_tag-beach-time","16":"product_tag-cascada-el-limon-salto-el-limon-samana-republica-dominicana","17":"product_tag-cayo-levantado","18":"product_tag-el-limon-waterfall-bacardi-island-from-punta-cana","19":"product_tag-el-limon-waterfall-and-bacardi-island-tour-from-punta-cana","20":"product_tag-el-limon-waterfalls","21":"product_tag-guided-adventures","22":"product_tag-punta-cana","23":"product_tag-sabana-de-la-mar","24":"product_tag-salto-de-limon-punta-cana","25":"product_tag-samana","26":"product_tag-samana-tours","28":"first","29":"instock","30":"sale","31":"sold-individually","32":"shipping-taxable","33":"product-type-external"},"_links":{"self":[{"href":"https:\/\/haitises.com\/sk\/wp-json\/wp\/v2\/product\/567","targetHints":{"allow":["GET"]}}],"collection":[{"href":"https:\/\/haitises.com\/sk\/wp-json\/wp\/v2\/product"}],"about":[{"href":"https:\/\/haitises.com\/sk\/wp-json\/wp\/v2\/types\/product"}],"wp:featuredmedia":[{"embeddable":true,"href":"https:\/\/haitises.com\/sk\/wp-json\/wp\/v2\/media\/320"}],"wp:attachment":[{"href":"https:\/\/haitises.com\/sk\/wp-json\/wp\/v2\/media?parent=567"}],"wp:term":[{"taxonomy":"product_brand","embeddable":true,"href":"https:\/\/haitises.com\/sk\/wp-json\/wp\/v2\/product_brand?post=567"},{"taxonomy":"product_cat","embeddable":true,"href":"https:\/\/haitises.com\/sk\/wp-json\/wp\/v2\/product_cat?post=567"},{"taxonomy":"product_tag","embeddable":true,"href":"https:\/\/haitises.com\/sk\/wp-json\/wp\/v2\/product_tag?post=567"}],"curies":[{"name":"wp","href":"https:\/\/api.w.org\/{rel}","templated":true}]}}