{"id":543,"date":"2020-06-14T19:18:13","date_gmt":"2020-06-14T19:18:13","guid":{"rendered":"http:\/\/haitises.com\/?post_type=product&#038;p=543"},"modified":"2024-08-22T05:45:22","modified_gmt":"2024-08-22T05:45:22","slug":"parque-nacional-los-haitises-desde-el-puerto-de-samana","status":"publish","type":"product","link":"https:\/\/haitises.com\/sk\/sukromne\/parque-nacional-los-haitises-desde-el-puerto-de-samana\/","title":{"rendered":"N\u00e1rodn\u00fd park Los Haitises z pr\u00edstavu Saman\u00e1"},"content":{"rendered":"<div class=\"vc_row wpb_row vc_row-fluid\" ><div class=\"wpb_column vc_column_container vc_col-sm-12\"><div class=\"vc_column-inner\"><div class=\"wpb_wrapper\">\n\t<div class=\"wpb_text_column wpb_content_element\" >\n\t\t<div class=\"wpb_wrapper\">\n\t\t\t<h2>N\u00e1rodn\u00fd park Los Haitises (Saman\u00e1 Bay) z pr\u00edstavu Saman\u00e1<\/h2>\n<ul>\n<li>V\u00fdlet lo\u010fou do n\u00e1rodn\u00e9ho parku Los Haitises<br \/>\n<h3>Popis<\/h3>\n<p>Nav\u0161t\u00edvte n\u00e1rodn\u00fd park Los Haitises z pr\u00edstavu Saman\u00e1. Po\u010fte s nami nav\u0161t\u00edvi\u0165 najkraj\u0161\u00ed n\u00e1rodn\u00fd park v Dominik\u00e1nskej republike, nav\u0161t\u00edvte mangrovy, jaskyne a z\u00e1liv San Lorenzo, ako aj prepl\u00e1vajte kr\u00e1snu z\u00e1toku Saman\u00e1. Potom n\u00e1vrat do pr\u00edstavu Saman\u00e1.<\/li>\n<\/ul>\n<p>Po tomto z\u00e1\u017eitku sa vr\u00e1tite do pr\u00edstavu Saman\u00e1.<\/p>\n<ul>\n<li>Vr\u00e1tane dan\u00ed<br \/>\nSprievodca poskytuje pokyny a dozor.<\/li>\n<li>Inkl\u00fazie a vyl\u00fa\u010denia<\/li>\n<\/ul>\n<h3>Inkl\u00fazie<\/h3>\n<ol>\n<li>Prehliadka Los Haitises + jaskyne a piktogramy<\/li>\n<li>V\u0161etky dane, poplatky a manipula\u010dn\u00e9 poplatky.<\/li>\n<li>Miestne dane<\/li>\n<li>N\u00e1poje<\/li>\n<li>V\u0161etky aktivity<\/li>\n<li>Miestny sprievodca<\/li>\n<\/ol>\n<h3>Vyl\u00fa\u010denia<\/h3>\n<ol>\n<li>Tipy<\/li>\n<li>Prestup<\/li>\n<li>Alkoholick\u00e9 n\u00e1poje<\/li>\n<li>Obed nie je v cene, obed zah\u0155\u0148a v\u00fdber jedn\u00e9ho z t\u00fdchto v\u00fdletov: Los Haitises + Cayo Levantado z pr\u00edstavu Saman\u00e1 alebo Los Haitises + Cano Hondo z pr\u00edstavu Saman\u00e1.<\/li>\n<\/ol>\n<h3>Odlet a n\u00e1vrat<\/h3>\n<p>Cestuj\u00faci dostane miesto stretnutia po procese rezerv\u00e1cie. Prehliadky za\u010d\u00ednaj\u00fa a kon\u010dia na na\u0161ich miestach stretnutia.<\/p>\n<h3>\u010co o\u010dak\u00e1va\u0165?<\/h3>\n<p>Z\u00edskajte vstupenky na n\u00e1v\u0161tevu n\u00e1rodn\u00e9ho parku Los Haitises s n\u00e1dhern\u00fdm obedom v Ca\u00f1o Hondo a k\u00fapan\u00edm v pr\u00edrodn\u00fdch prame\u0148och.<\/p>\n<p>Vych\u00e1dzame z pr\u00edstavu Saman\u00e1 na lodi alebo katamar\u00e1ne s miestnym turistick\u00fdm sprievodcom, prech\u00e1dzame z\u00e1tokou Saman\u00e1 ved\u013ea Sabana de la Mar, aby sme nav\u0161t\u00edvili jeden z najkraj\u0161\u00edch n\u00e1rodn\u00fdch parkov v Dominik\u00e1nskej republike. N\u00e1rodn\u00fd park Haitises.<\/p>\n<p>N\u00e1v\u0161teva ostrova s vt\u00e1kmi okolo. V hniezdnom obdob\u00ed m\u00f4\u017eeme v hniezdach vidie\u0165 aj ml\u00e1\u010fat\u00e1 pelik\u00e1nov. Cho\u010fte \u010falej na skalnat\u00fd ostrov a nav\u0161t\u00edvte jaskyne s piktogramami a petrografmi domorod\u00fdch obyvate\u013eov.<\/p>\n<p>El recorrido, organizado por \u00abBooking Adventures\u00bb, comienza en el punto de encuentro establecido con el gu\u00eda tur\u00edstico. Ven con Booking Adventures y comienza a observar algunos manglares llenos de p\u00e1jaros, colinas onduladas de exuberante vegetaci\u00f3n y cuevas del Parque Nacional Los Haitises.<\/p>\n<p>Cez mangrovy a pozemky v otvorenom z\u00e1live San Lorenzo, odkia\u013e m\u00f4\u017eete fotografova\u0165 drsn\u00fa lesn\u00fa krajinu. Pozrite sa do vody a uvid\u00edte lamant\u00edny, k\u00f4rovce a delf\u00edny.<\/p>\n<p>El nombre del parque nacional proviene de sus habitantes originales, los indios ta\u00ednos. En su idioma, \u00abHaitises\u00bb se traduce en tierras altas o colinas, una referencia a las empinadas formaciones geol\u00f3gicas de la costa con calizas. Avent\u00farate en el parque para explorar cuevas como la Cueva de la Arena y la Cueva de la L\u00ednea. Las cuevas en la reserva fueron utilizadas como refugio por los indios ta\u00ednos y, m\u00e1s tarde, por los piratas escondidos. Busque dibujos de indios que decoran algunas de las paredes. Despu\u00e9s de visitar el Parque Nacional Los Haitises, regresaremos al puerto de Saman\u00e1 pasando la bah\u00eda de Saman\u00e1 30 minutos.<\/p>\n<p>Ak sa v\u00e1m tento v\u00fdlet p\u00e1\u010di viac, m\u00e1me tieto mo\u017enosti:<\/p>\n<p>Los Haitises + Cayo Levantado z pr\u00edstavu Saman\u00e1.<br \/>\nLos Haitises + Cano Hondo z pr\u00edstavu Saman\u00e1.<\/p>\n<h3>\u010co by ste si mali prinies\u0165?<\/h3>\n<ul>\n<li>fotoapar\u00e1t<\/li>\n<li>odpudzuj\u00face p\u00fa\u010diky<\/li>\n<li>opa\u013eovac\u00ed kr\u00e9m<\/li>\n<li>Klob\u00fak<\/li>\n<li>Pohodln\u00e9 nohavice<\/li>\n<li>Lesn\u00e9 turistick\u00e9 top\u00e1nky<\/li>\n<li>Sand\u00e1le do jarn\u00fdch oblast\u00ed.<\/li>\n<li>plavky<\/li>\n<\/ul>\n<h3>Vyzdvihnutie v hoteli<\/h3>\n<p>Vyzdvihnutie v hoteli sa pre tento z\u00e1jazd nepon\u00faka.<\/p>\n<p>Pozn\u00e1mka: Ak si rezervujete do 24 hod\u00edn od \u010dasu odchodu z\u00e1jazdu\/exkurzie, m\u00f4\u017eeme zabezpe\u010di\u0165 vyzdvihnutie v hoteli s dodato\u010dn\u00fdmi poplatkami. Po dokon\u010den\u00ed n\u00e1kupu v\u00e1m po\u0161leme kompletn\u00e9 kontaktn\u00e9 inform\u00e1cie (telef\u00f3nne \u010d\u00edslo, e-mailov\u00fa adresu at\u010f.) na n\u00e1\u0161ho miestneho sprievodcu, aby sme si dohodli vyzdvihnutie.<\/p>\n<h3>Potvrdenie dodato\u010dn\u00fdch inform\u00e1ci\u00ed<\/h3>\n<ol>\n<li>Vstupenky s\u00fa potvrden\u00edm po zaplaten\u00ed tohto z\u00e1jazdu. Platbu m\u00f4\u017eete zobrazi\u0165 na telef\u00f3ne.<\/li>\n<li>Miesto stretnutia bude doru\u010den\u00e9 po procese rezerv\u00e1cie.<\/li>\n<li>Deti musia by\u0165 v sprievode dospelej osoby.<\/li>\n<li>Bezbari\u00e9rov\u00fd pr\u00edstup<\/li>\n<li>Doj\u010dat\u00e1 by mali sedie\u0165 na kolen\u00e1ch<\/li>\n<li>Neodpor\u00fa\u010da sa pre cestuj\u00facich s probl\u00e9mami s chrbtom.<\/li>\n<li>Neodpor\u00fa\u010da sa pre tehotn\u00e9 cestovate\u013eky.<\/li>\n<li>\u017diadne srdcov\u00e9 probl\u00e9my ani in\u00e9 v\u00e1\u017ene zdravotn\u00e9 \u0165a\u017ekosti.<\/li>\n<li>V\u00e4\u010d\u0161ina cestovate\u013eov sa m\u00f4\u017ee z\u00fa\u010dastni\u0165.<\/li>\n<\/ol>\n<h3>Podmienky zru\u0161enia<\/h3>\n<p>Ak chcete z\u00edska\u0165 pln\u00fa n\u00e1hradu, zru\u0161te aspo\u0148 24 hod\u00edn pred d\u00e1tumom za\u010diatku z\u00e1\u017eitku.<\/p>\n<h3>Kontaktuj n\u00e1s?<\/h3>\n<p>Rezerva\u010dn\u00e9 dobrodru\u017estv\u00e1<br \/>\nMiestni a n\u00e1rodn\u00ed turistick\u00ed sprievodcovia a slu\u017eby pre host\u00ed<\/p>\n<p>Rezerv\u00e1cie: Prehliadky a exkurzie v Dom.<\/p>\n<p>\ud83d\udcde Tel\/Whatsapp +1-809-720-6035.<\/p>\n<p>\ud83d\udce9 info@bookingadventures.com.do<\/p>\n<p>Rob\u00edme s\u00fakromn\u00e9 prehliadky flexibilne prostredn\u00edctvom Whatsapp: +18097206035.<\/p>\n\n\t\t<\/div>\n\t<\/div>\n<\/div><\/div><\/div><\/div><div class=\"vc_row wpb_row vc_row-fluid\" ><div class=\"wpb_column vc_column_container vc_col-sm-12\"><div class=\"vc_column-inner\"><div class=\"wpb_wrapper\"><div class=\"vc_empty_space\"   style=\"height: 32px\"><span class=\"vc_empty_space_inner\"><\/span><\/div>\n\t<div class=\"wpb_video_widget wpb_content_element vc_clearfix   vc_video-aspect-ratio-169 vc_video-el-width-100 vc_video-align-left\" >\n\t\t<div class=\"wpb_wrapper\">\n\t\t\t<h2 class=\"wpb_heading wpb_video_heading\">Los Haitises a \u010fal\u0161ie...<\/h2>\n\t\t\t<div class=\"wpb_video_wrapper\"><iframe loading=\"lazy\" title=\"Dominik\u00e1nska republika \u2013 jaskyne Los Haitises (Tainos), Piktogramy a Petroglyfy\" width=\"1100\" height=\"619\" src=\"https:\/\/www.youtube.com\/embed\/o_ExYqtOlH8?feature=oembed\" frameborder=\"0\" allow=\"accelerometer; autoplay; encrypted-media; gyroscope; picture-in-picture\" allowfullscreen><\/iframe><\/div>\n\t\t<\/div>\n\t<\/div>\n<\/div><\/div><\/div><\/div>","protected":false},"excerpt":{"rendered":"<p>Ekologick\u00fd v\u00fdlet do n\u00e1rodn\u00e9ho parku Los Haitises s miestnym sprievodcom. N\u00e1v\u0161teva Keys v n\u00e1rodnom parku Los Haitises, mangrovy, veget\u00e1cia, pozorovanie vt\u00e1kov, jaskyne, piktogramy a historick\u00e9 oblasti Sabana de la Mar v n\u00e1rodnom parku Los Haitises.<\/p>\n<p>&nbsp;<\/p>\n<p><strong>Vyberte si d\u00e1tum n\u00e1v\u0161tevy:<\/strong><\/p>","protected":false},"featured_media":225,"template":"","meta":[],"product_brand":[],"product_cat":[121,435,430,443],"product_tag":[132,133,432,142,148,143],"class_list":{"0":"post-543","1":"product","2":"type-product","3":"status-publish","4":"has-post-thumbnail","6":"product_cat-mangroves","7":"product_cat-manglares","8":"product_cat-parque-nacional-los-haitises-samana","9":"product_cat-tours-y-excursiones-es","10":"product_tag-los-haitises","11":"product_tag-los-haitises-national-park","12":"product_tag-parque-nacional-los-haitises-samana","13":"product_tag-samana","14":"product_tag-samana-excursions","15":"product_tag-samana-tours","17":"first","18":"instock","19":"sale","20":"sold-individually","21":"shipping-taxable","22":"product-type-external"},"_links":{"self":[{"href":"https:\/\/haitises.com\/sk\/wp-json\/wp\/v2\/product\/543","targetHints":{"allow":["GET"]}}],"collection":[{"href":"https:\/\/haitises.com\/sk\/wp-json\/wp\/v2\/product"}],"about":[{"href":"https:\/\/haitises.com\/sk\/wp-json\/wp\/v2\/types\/product"}],"wp:featuredmedia":[{"embeddable":true,"href":"https:\/\/haitises.com\/sk\/wp-json\/wp\/v2\/media\/225"}],"wp:attachment":[{"href":"https:\/\/haitises.com\/sk\/wp-json\/wp\/v2\/media?parent=543"}],"wp:term":[{"taxonomy":"product_brand","embeddable":true,"href":"https:\/\/haitises.com\/sk\/wp-json\/wp\/v2\/product_brand?post=543"},{"taxonomy":"product_cat","embeddable":true,"href":"https:\/\/haitises.com\/sk\/wp-json\/wp\/v2\/product_cat?post=543"},{"taxonomy":"product_tag","embeddable":true,"href":"https:\/\/haitises.com\/sk\/wp-json\/wp\/v2\/product_tag?post=543"}],"curies":[{"name":"wp","href":"https:\/\/api.w.org\/{rel}","templated":true}]}}