{"id":11304,"date":"2021-08-15T20:08:36","date_gmt":"2021-08-15T20:08:36","guid":{"rendered":"http:\/\/haitises.com\/?post_type=product&#038;p=11304"},"modified":"2024-04-09T17:21:46","modified_gmt":"2024-04-09T17:21:46","slug":"el-limon-waterfalls-bacardi-island-excursion-from-punta-cana-area-meeting-point-sabana-de-la-mar-2","status":"publish","type":"product","link":"https:\/\/haitises.com\/sk\/sukromne\/el-limon-waterfalls-bacardi-island-excursion-from-punta-cana-area-meeting-point-sabana-de-la-mar-2\/","title":{"rendered":"Vodop\u00e1dy El Lim\u00f3n a ostrov Bacardi \u2013 v\u00fdlet z oblasti Punta Cana (miesto stretnutia Sabana de la Mar)"},"content":{"rendered":"<div class=\"vc_row wpb_row vc_row-fluid\" ><div class=\"wpb_column vc_column_container vc_col-sm-12\"><div class=\"vc_column-inner\"><div class=\"wpb_wrapper\">[mkdf_section_title title_tag=\u00bb\u00bb disable_break_words=\u00bbno\u00bb subtitle_tag=\u00bb\u00bb title=\u00bbEl Limon Waterfalls &amp; Bacardi Island &#8211; Excursion from Punta Cana area\u00bb subtitle=\u00bb(Meeting point Sabana de la mar)\u00bb]<\/div><\/div><\/div><\/div><div class=\"vc_row wpb_row vc_row-fluid\" ><div class=\"wpb_column vc_column_container vc_col-sm-12\"><div class=\"vc_column-inner\"><div class=\"wpb_wrapper\">\n\t<div class=\"wpb_text_column wpb_content_element\" >\n\t\t<div class=\"wpb_wrapper\">\n\t\t\t<h4><b><i>Preh\u013ead <\/i><\/b><\/h4>\n<p>Ak ste v Punta Cana alebo Bavaro, H\u013ead\u00e1te jednod\u0148ov\u00fd v\u00fdlet, za ktor\u00fd zaplat\u00edte menej ako zvy\u010dajne. Sta\u010d\u00ed si objedna\u0165 tento v\u00fdlet za\u010d\u00ednaj\u00faci v oblasti Sabana de la Mar. N\u00e1v\u0161teva komunity Samana na Safari a pr\u00edchod do komunity El Lim\u00f3n, jazda na koni alebo pe\u0161ia turistika k vodop\u00e1dom po prejazde z\u00e1tokou Samana a Luch time na ostrove Bacardi. Tento v\u00fdlet sa za\u010d\u00edna o 9:00 a kon\u010d\u00ed o 16:30.<\/p>\n<p>Po tomto z\u00e1\u017eitku sa vr\u00e1tite do pr\u00edstavu Sabana de la Mar.<\/p>\n<ul>\n<li style=\"font-weight: 400;\">Vr\u00e1tane poplatkov<\/li>\n<li>Obed na pl\u00e1\u017ei v cene<\/li>\n<li style=\"font-weight: 400;\"><span style=\"font-weight: 400;\">Sprievodca poskytuje pokyny a doh\u013ead<\/span><\/li>\n<\/ul>\n<p>&nbsp;<\/p>\n<h4><b>Inkl\u00fazie a vyl\u00fa\u010denia<\/b><\/h4>\n<p>&nbsp;<\/p>\n<p><b>Inkl\u00fazie<\/b><\/p>\n<ol>\n<li style=\"font-weight: 400;\">Z\u00e1liv Samana<\/li>\n<li>Ostrov Bacardi, pl\u00e1\u017e a obed<\/li>\n<li>Safari do El Lim\u00f3n<\/li>\n<li>Jazda na koni alebo turistika k vodop\u00e1dom<\/li>\n<li>Dominik\u00e1nske koktaily<\/li>\n<li style=\"font-weight: 400;\"><span style=\"font-weight: 400;\">V\u0161etky dane, poplatky a manipula\u010dn\u00e9 poplatky<\/span><\/li>\n<li style=\"font-weight: 400;\"><span style=\"font-weight: 400;\">Miestne dane<\/span><\/li>\n<li style=\"font-weight: 400;\"><span style=\"font-weight: 400;\">N\u00e1poje<\/span><\/li>\n<li style=\"font-weight: 400;\"><span style=\"font-weight: 400;\">V\u0161etky aktivity<\/span><\/li>\n<li style=\"font-weight: 400;\"><span style=\"font-weight: 400;\">Miestny sprievodca<\/span><\/li>\n<\/ol>\n<p><b> Vyl\u00fa\u010denia<\/b><\/p>\n<ol>\n<li style=\"font-weight: 400;\"><span style=\"font-weight: 400;\">Spropitn\u00e9<\/span><\/li>\n<li style=\"font-weight: 400;\"><span style=\"font-weight: 400;\">Transfery z Punta Cany nie s\u00fa zahrnut\u00e9<\/span><\/li>\n<li style=\"font-weight: 400;\"><span style=\"font-weight: 400;\">Alkoholick\u00e9 n\u00e1poje po koktailoch\u00a0<\/span><\/li>\n<\/ol>\n<p>&nbsp;<\/p>\n<h4><em><strong>Odchod a n\u00e1vrat<\/strong><\/em><\/h4>\n<p><span style=\"font-weight: 400;\">Cestuj\u00faci dostane miesto stretnutia po procese rezerv\u00e1cie. V\u00fdlety za\u010d\u00ednaj\u00fa a kon\u010dia na na\u0161ich miestach stretnutia.<\/span><\/p>\n<p>&nbsp;<\/p>\n<h4><b><i>\u010co o\u010dak\u00e1va\u0165?<\/i><\/b><\/h4>\n<p>&nbsp;<\/p>\n<p><em><strong>Z\u00edskajte l\u00edstky<\/strong><\/em> na n\u00e1v\u0161tevu Vodop\u00e1dy na koni alebo pe\u0161ia turistika, Safari Saman\u00e1, k\u00fapanie v pr\u00edrodn\u00fdch prame\u0148och z vodop\u00e1dov obed na ostrove Bacardi a \u010das na pl\u00e1\u017ei.<\/p>\n<p>Z pr\u00edstavov Sabana de la Mar sa na palube lode alebo katamar\u00e1nu s miestnym sprievodcom vyd\u00e1me cez z\u00e1liv Saman\u00e1 do obce Saman\u00e1. Safari s miestnym sprievodcom, ktor\u00fd n\u00e1m porozpr\u00e1va o hist\u00f3rii Samany, a\u017e do obce El Limon. V obci El Lim\u00f3n sa vyd\u00e1me na pe\u0161iu turistiku alebo jazdu na koni lesom El Lim\u00f3n k vodop\u00e1dom El Lim\u00f3n. Tam sa po pr\u00edchode m\u00f4\u017eeme ok\u00fapa\u0165!  Potom sa vr\u00e1time na Safari a p\u00f4jdeme do pr\u00edstavu Samana. N\u00e1v\u0161teva ostrova Bacardi na obed na pl\u00e1\u017ei a k\u00fapanie na jednom z najkraj\u0161\u00edch ostrovov Dominik\u00e1nskej republiky.<\/p>\n<p>V pr\u00edpade, \u017ee sa v\u00e1m tento v\u00fdlet bude p\u00e1\u010di\u0165 dlh\u0161\u00ed alebo krat\u0161\u00ed, m\u00e1me tieto mo\u017enosti:<\/p>\n<ol>\n<li><a href=\"https:\/\/www.ticketswhales.com\/tour\/los-haitises-national-park-tour-from-samana-port\/\" target=\"_blank\" rel=\"noopener\">Los Haitises + Cayo Levantado z pr\u00edstavu Samana.<\/a><\/li>\n<li><a href=\"https:\/\/www.ticketswhales.com\/tour\/los-haitises-national-park-lunch-at-cano-hondo-from-samana-port\/\" target=\"_blank\" rel=\"noopener\">Los Haitises + Cano Hondo z pr\u00edstavu Samana.<\/a><\/li>\n<\/ol>\n<p>&nbsp;<\/p>\n<h4><em><strong>\u010co by ste si mali prinies\u0165?<\/strong><\/em><\/h4>\n<ul>\n<li style=\"font-weight: 400;\"><span style=\"font-weight: 400;\">fotoapar\u00e1t<\/span><\/li>\n<li style=\"font-weight: 400;\"><span style=\"font-weight: 400;\">Repelentn\u00e9 p\u00fa\u010diky<\/span><\/li>\n<li style=\"font-weight: 400;\"><span style=\"font-weight: 400;\">opa\u013eovac\u00ed kr\u00e9m<\/span><\/li>\n<li style=\"font-weight: 400;\"><span style=\"font-weight: 400;\">Klob\u00fak<\/span><\/li>\n<li style=\"font-weight: 400;\"><span style=\"font-weight: 400;\">Pohodln\u00e9 nohavice<\/span><\/li>\n<li style=\"font-weight: 400;\"><span style=\"font-weight: 400;\">Turistick\u00e1 obuv do lesa<\/span><\/li>\n<li style=\"font-weight: 400;\"><span style=\"font-weight: 400;\">Sand\u00e1le do jarn\u00fdch oblast\u00ed.<\/span><\/li>\n<li style=\"font-weight: 400;\"><span style=\"font-weight: 400;\">Oble\u010denie na pl\u00e1vanie<\/span><\/li>\n<\/ul>\n<p>&nbsp;<\/p>\n<h4><b><i>Vyzdvihnutie v hoteli <\/i><\/b><\/h4>\n<p><span style=\"font-weight: 400;\">Pri tejto prehliadke sa nepon\u00faka vyzdvihnutie z hotela. Ak n\u00e1s v\u0161ak kontaktujete, m\u00f4\u017eeme sa o tom dohodn\u00fa\u0165.<\/span><\/p>\n<p>&nbsp;<\/p>\n<p><b>Pozn\u00e1mka:<\/b><span style=\"font-weight: 400;\"> Ak si rezervujete pobyt do 24 hod\u00edn pred odchodom na v\u00fdlet\/exkurziu, za pr\u00edplatok v\u00e1m zabezpe\u010d\u00edme vyzdvihnutie z hotela. Po dokon\u010den\u00ed n\u00e1kupu v\u00e1m za\u0161leme kompletn\u00e9 kontaktn\u00e9 inform\u00e1cie (telef\u00f3nne \u010d\u00edslo, e-mailov\u00fa adresu at\u010f.) pre n\u00e1\u0161ho miestneho sprievodcu, ktor\u00fd zorganizuje vyzdvihnutie.<\/span><\/p>\n<h4><b><i>Potvrdenie dodato\u010dn\u00fdch inform\u00e1ci\u00ed <\/i><\/b><\/h4>\n<ol>\n<li>Vstupenky s\u00fa potvrden\u00edm po zaplaten\u00ed tohto z\u00e1jazdu. Platbu m\u00f4\u017eete zobrazi\u0165 na svojom telef\u00f3ne.<\/li>\n<li style=\"font-weight: 400;\"><span style=\"font-weight: 400;\">Miesto stretnutia bude prijat\u00e9 po procese rezerv\u00e1cie.<\/span><\/li>\n<li style=\"font-weight: 400;\"><span style=\"font-weight: 400;\">Deti musia by\u0165 v sprievode dospelej osoby.<\/span><\/li>\n<li style=\"font-weight: 400;\"><span style=\"font-weight: 400;\"> Bezbari\u00e9rov\u00fd pr\u00edstup <\/span><\/li>\n<li style=\"font-weight: 400;\"><span style=\"font-weight: 400;\">Doj\u010dat\u00e1 musia sedie\u0165 na kolen\u00e1ch <\/span><\/li>\n<li style=\"font-weight: 400;\"><span style=\"font-weight: 400;\">Neodpor\u00fa\u010da sa pre cestuj\u00facich s probl\u00e9mami s chrbtom<\/span><\/li>\n<li style=\"font-weight: 400;\"><span style=\"font-weight: 400;\">Neodpor\u00fa\u010da sa pre tehotn\u00e9 cestovate\u013eky <\/span><\/li>\n<li style=\"font-weight: 400;\"><span style=\"font-weight: 400;\"> \u017diadne srdcov\u00e9 probl\u00e9my ani in\u00e9 v\u00e1\u017ene zdravotn\u00e9 \u0165a\u017ekosti <\/span><\/li>\n<li style=\"font-weight: 400;\"><span style=\"font-weight: 400;\">V\u00e4\u010d\u0161ina cestovate\u013eov sa m\u00f4\u017ee z\u00fa\u010dastni\u0165<\/span><\/li>\n<\/ol>\n<h4><b><i>Podmienky zru\u0161enia<\/i><\/b><\/h4>\n<p><span style=\"font-weight: 400;\">Ak chcete vr\u00e1ti\u0165 pln\u00fa sumu, zru\u0161te rezerv\u00e1ciu najnesk\u00f4r 24 hod\u00edn pred d\u00e1tumom za\u010diatku z\u00e1\u017eitku.<\/span><\/p>\n\n\t\t<\/div>\n\t<\/div>\n<\/div><\/div><\/div><\/div><div class=\"vc_row wpb_row vc_row-fluid\" ><div class=\"wpb_column vc_column_container vc_col-sm-12\"><div class=\"vc_column-inner\"><div class=\"wpb_wrapper\"><div class=\"vc_empty_space\"   style=\"height: 32px\"><span class=\"vc_empty_space_inner\"><\/span><\/div>\n\t<div class=\"wpb_text_column wpb_content_element\" >\n\t\t<div class=\"wpb_wrapper\">\n\t\t\t<h4>Kontaktuj n\u00e1s?<\/h4>\n<h5><em><strong>Rezerva\u010dn\u00e9 dobrodru\u017estv\u00e1<\/strong><\/em><\/h5>\n<p><em><strong>Miestni obyvatelia<\/strong> a <strong>\u0160t\u00e1tni pr\u00edslu\u0161n\u00edci<\/strong> Sprievodcovia a slu\u017eby pre host\u00ed<\/em><\/p>\n<p><span class=\"text-turquoise\">Rezerv\u00e1cie:<\/span> Prehliadky a exkurzie v Dom.<\/p>\n<p><img decoding=\"async\" class=\"emoji\" draggable=\"false\" src=\"https:\/\/s.w.org\/images\/core\/emoji\/11.2.0\/svg\/1f4de.svg\" alt=\"\ud83d\udcde\" title=\"\"> Tel\/Whatsapp\u00a0 <a href=\"tel:+1-809-720-6035\">+1-809-720-6035<\/a>.<\/p>\n<p><img decoding=\"async\" class=\"emoji\" draggable=\"false\" src=\"https:\/\/s.w.org\/images\/core\/emoji\/11.2.0\/svg\/1f4e9.svg\" alt=\"\ud83d\udce9\" title=\"\"> <a href=\"mailto:info@bookingadventures.com.do\">info@bookingadventures.com.do<\/a><\/p>\n<p><strong>Flexibilne nastavujeme s\u00fakromn\u00e9 prehliadky od Whatsapp: <a href=\"tel:+18097206035\">+18097206035.<\/a><\/strong><\/p>\n\n\t\t<\/div>\n\t<\/div>\n<div class=\"vc_empty_space\"   style=\"height: 32px\"><span class=\"vc_empty_space_inner\"><\/span><\/div><\/div><\/div><\/div><\/div>","protected":false},"excerpt":{"rendered":"<p><strong>Pros\u00edm, vyberte d\u00e1tum turn\u00e9\u00a0<\/strong><\/p>","protected":false},"featured_media":94,"template":"","meta":[],"product_brand":[],"product_cat":[96,97,135,136,122,123,124],"product_tag":[137,138,139,140,141,114,142,143],"class_list":{"0":"post-11304","1":"product","2":"type-product","3":"status-publish","4":"has-post-thumbnail","6":"product_cat-hiking","7":"product_cat-horse-riding-to-waterfalls","8":"product_cat-lunch","9":"product_cat-safari-samana","10":"product_cat-tours-and-excursions","11":"product_cat-tours-excursions-los-haitises-national-park","12":"product_cat-tours-excursions-samana-bay-dominican-republic","13":"product_tag-bacardi-island","14":"product_tag-beach-time","15":"product_tag-cayo-levantado","16":"product_tag-el-limon-waterfalls","17":"product_tag-punta-cana","18":"product_tag-sabana-de-la-mar","19":"product_tag-samana","20":"product_tag-samana-tours","22":"first","23":"instock","24":"sale","25":"sold-individually","26":"shipping-taxable","27":"product-type-external"},"_links":{"self":[{"href":"https:\/\/haitises.com\/sk\/wp-json\/wp\/v2\/product\/11304","targetHints":{"allow":["GET"]}}],"collection":[{"href":"https:\/\/haitises.com\/sk\/wp-json\/wp\/v2\/product"}],"about":[{"href":"https:\/\/haitises.com\/sk\/wp-json\/wp\/v2\/types\/product"}],"wp:featuredmedia":[{"embeddable":true,"href":"https:\/\/haitises.com\/sk\/wp-json\/wp\/v2\/media\/94"}],"wp:attachment":[{"href":"https:\/\/haitises.com\/sk\/wp-json\/wp\/v2\/media?parent=11304"}],"wp:term":[{"taxonomy":"product_brand","embeddable":true,"href":"https:\/\/haitises.com\/sk\/wp-json\/wp\/v2\/product_brand?post=11304"},{"taxonomy":"product_cat","embeddable":true,"href":"https:\/\/haitises.com\/sk\/wp-json\/wp\/v2\/product_cat?post=11304"},{"taxonomy":"product_tag","embeddable":true,"href":"https:\/\/haitises.com\/sk\/wp-json\/wp\/v2\/product_tag?post=11304"}],"curies":[{"name":"wp","href":"https:\/\/api.w.org\/{rel}","templated":true}]}}