{"id":10902,"date":"2020-07-15T20:24:08","date_gmt":"2020-07-15T20:24:08","guid":{"rendered":"http:\/\/haitises.com\/Republica-Dominicana\/import-placeholder-for-9918\/"},"modified":"2024-04-16T00:34:08","modified_gmt":"2024-04-16T00:34:08","slug":"birdwatching-punta-cana-birding-tours-from-punta-cana-to-los-haitises-national-park-2","status":"publish","type":"product","link":"https:\/\/haitises.com\/sk\/sukromne\/birdwatching-punta-cana-birding-tours-from-punta-cana-to-los-haitises-national-park-2\/","title":{"rendered":"Birdwatching Punta Cana &#8211; Birding Tours from Punta Cana to Los Haitises National Park"},"content":{"rendered":"<div class=\"vc_row wpb_row vc_row-fluid\" ><div class=\"wpb_column vc_column_container vc_col-sm-12\"><div class=\"vc_column-inner\"><div class=\"wpb_wrapper\">[mkdf_section_title title_tag=\u00bb\u00bb disable_break_words=\u00bbno\u00bb subtitle_tag=\u00bb\u00bb title=\u00bbBirding Tours from Punta Cana to Los Haitises National Park\u00bb subtitle=\u00bbBirdwatching in Los Haitises National Park\u00bb]<\/div><\/div><\/div><\/div><div class=\"vc_row wpb_row vc_row-fluid\" ><div class=\"wpb_column vc_column_container vc_col-sm-12\"><div class=\"vc_column-inner\"><div class=\"wpb_wrapper\">\n\t<div class=\"wpb_text_column wpb_content_element\" >\n\t\t<div class=\"wpb_wrapper\">\n\t\t\t<h4><b><i>Preh\u013ead<\/i><\/b><\/h4>\n<section><\/section>\n<p>Only visits offered in the Dominican Republic with National and Locals Tours Guides Certificated by the Ministry of Tourism in The Dominican Republic. Contact direct locals experts and visit Los Haitises, National Park. While most people head out by boat to explore the park and its caves, islands. We will be focused on the Ornithologist studies in Los Haitises National park. Enjoying and learning about Projects for the protection of wildlife on Private trips.<\/p>\n<p>We are conserving 110 species of birds which you can find in Los Haitises National Park. Walking through this magical forest in search of parrots, Todys, Ridgway\u2019s Hawks, tanagers, hummingbirds, and much more. Providing interesting History about all these birds which you can see on the Humit trail. We know the spots habitats of Ridgway\u2019s, Ashy Faced Owls, and other endemics species. This Tour is focusing on nature and is more concentrated on the information about wildlife with expect locals tour guides certificated as Ornithologist.<\/p>\n<p><strong>Usually is a private tour for a truly high-quality experience.<\/strong><\/p>\n<p>Check here the list of the most common birds in our trips:\u00a0<a href=\"https:\/\/avibase.bsc-eoc.org\/checklist.jsp?lang=ES&amp;p2=1&amp;list=clements&amp;synlang=EN&amp;region=DO0005&amp;version=text&amp;lifelist=&amp;highlight=0\" target=\"_blank\" rel=\"noopener\"><strong>CLICK HERE<\/strong><\/a><\/p>\n<h4><\/h4>\n<h4><b>Inkl\u00fazie a vyl\u00fa\u010denia<\/b><\/h4>\n<p><b>Inkl\u00fazie<\/b><\/p>\n<ol>\n<li>3 hours bird walk on the park trails<\/li>\n<li>V\u0161etky dane, poplatky a manipula\u010dn\u00e9 poplatky<\/li>\n<li>Miestne dane<\/li>\n<li>obed<\/li>\n<li>Officials Ecologist tour guides English\/Spanish<\/li>\n<li>Transfer from Punta Cana<\/li>\n<\/ol>\n<p><b>Vyl\u00fa\u010denia<\/b><\/p>\n<ol>\n<li>Spropitn\u00e9<\/li>\n<li>Alcoholic drinks<\/li>\n<\/ol>\n<p>&nbsp;<\/p>\n<h4><a id=\"departure-return\" class=\"aal_anchor\" href=\"https:\/\/www.ticketswhales.com\/Tours-Excursions\/fees-entrace\/birdwatching-punta-cana-birding-tours-from-punta-cana-to-los-haitises-national-park\/#departure-return\" aria-hidden=\"true\" target=\"_blank\" rel=\"noopener\"><\/a><em><strong>Odchod a n\u00e1vrat<\/strong><\/em><\/h4>\n<p>The tour, organized by \u201cBooking Adventures locals Ornithologist tour Guides\u201d starts at the meeting point set with the Tour Guide. The traveler will get a meeting point after the Reservation Process. Tours start and Finished at our meeting points.<\/p>\n<p>&nbsp;<\/p>\n<h4><a id=\"what-to-expect\" class=\"aal_anchor\" href=\"https:\/\/www.ticketswhales.com\/Tours-Excursions\/fees-entrace\/birdwatching-punta-cana-birding-tours-from-punta-cana-to-los-haitises-national-park\/#what-to-expect\" aria-hidden=\"true\" target=\"_blank\" rel=\"noopener\"><\/a><b><i>\u010co o\u010dak\u00e1va\u0165?<\/i><\/b><\/h4>\n<p><em><strong>Get your ticket<\/strong><\/em>\u00a0for birdwatching in Los Haitises National Park From Punta Cana. Trip from Punta cana to the National park is around 1: 45 minutes. When you arrive to the park we get \u00a030 min hiking and watching the Hawks we have the option to continue hiking around and check for Parrots, piculets, and Others Endemics species in Los Haitises National Park.<\/p>\n<p>Los Haitises National Park has just two Trails for Birding in Sabana de la Mar. On the way to Los Hiatises National Park, we stop in some spots to see more birds.<\/p>\n<p>After 4 and half hours of learning about birds in Los Haitises National Park, this excursion ends in the same place as started.<\/p>\n<p><strong>Note: These tours are with Officials Ecologist tour guides. Please Book with time because in the park there are no too many specialists.<\/strong><\/p>\n<p>&nbsp;<\/p>\n<h4><a id=\"what-you-should-bring\" class=\"aal_anchor\" href=\"https:\/\/www.ticketswhales.com\/Tours-Excursions\/fees-entrace\/birdwatching-punta-cana-birding-tours-from-punta-cana-to-los-haitises-national-park\/#what-you-should-bring\" aria-hidden=\"true\" target=\"_blank\" rel=\"noopener\"><\/a><em><strong>\u010co by ste si mali prinies\u0165?<\/strong><\/em><\/h4>\n<ul>\n<li>fotoapar\u00e1t<\/li>\n<li>Binocular<\/li>\n<li>Repelentn\u00e9 p\u00fa\u010diky<\/li>\n<li>opa\u013eovac\u00ed kr\u00e9m<\/li>\n<li>Klob\u00fak<\/li>\n<li>Pohodln\u00e9 nohavice<\/li>\n<li>Turistick\u00e1 obuv do lesa<\/li>\n<li>Sand\u00e1le do jarn\u00fdch oblast\u00ed.<\/li>\n<li>Oble\u010denie na pl\u00e1vanie<\/li>\n<\/ul>\n<p>&nbsp;<\/p>\n<h4><a id=\"hotel-pickup\" class=\"aal_anchor\" href=\"https:\/\/www.ticketswhales.com\/Tours-Excursions\/fees-entrace\/birdwatching-punta-cana-birding-tours-from-punta-cana-to-los-haitises-national-park\/#hotel-pickup\" aria-hidden=\"true\" target=\"_blank\" rel=\"noopener\"><\/a><b><i>Vyzdvihnutie v hoteli<\/i><\/b><\/h4>\n<p>Hotel pick-up is offered for this tour.<\/p>\n<p><b>Pozn\u00e1mka:<\/b>\u00a0If you are booking within 24 hours of the tour\/Excursion departure time, we can arrange hotel pick-up in Punta Cana. Once your purchase is complete, we will send you complete contact information (phone number, email address, etc.) for our local Tour guide to organize pick-up arrangements.<\/p>\n<h4><a id=\"additional-info-confirmation\" class=\"aal_anchor\" href=\"https:\/\/www.ticketswhales.com\/Tours-Excursions\/fees-entrace\/birdwatching-punta-cana-birding-tours-from-punta-cana-to-los-haitises-national-park\/#additional-info-confirmation\" aria-hidden=\"true\" target=\"_blank\" rel=\"noopener\"><\/a><b><i>Potvrdenie dodato\u010dn\u00fdch inform\u00e1ci\u00ed<\/i><\/b><\/h4>\n<ol>\n<li>Tickets are the Receipt after paying for this Tour. You can show the payment on your phone.<\/li>\n<li>Miesto stretnutia bude prijat\u00e9 po procese rezerv\u00e1cie.<\/li>\n<li>Deti musia by\u0165 v sprievode dospelej osoby.<\/li>\n<li>Bezbari\u00e9rov\u00fd pr\u00edstup<\/li>\n<li>Doj\u010dat\u00e1 musia sedie\u0165 na kolen\u00e1ch<\/li>\n<li>Neodpor\u00fa\u010da sa pre cestuj\u00facich s probl\u00e9mami s chrbtom<\/li>\n<li>Neodpor\u00fa\u010da sa pre tehotn\u00e9 cestovate\u013eky<\/li>\n<li>\u017diadne srdcov\u00e9 probl\u00e9my ani in\u00e9 v\u00e1\u017ene zdravotn\u00e9 \u0165a\u017ekosti<\/li>\n<li>V\u00e4\u010d\u0161ina cestovate\u013eov sa m\u00f4\u017ee z\u00fa\u010dastni\u0165<\/li>\n<\/ol>\n<p>This tour is offered to a minimum of 2 people and Maximum of 15 people. In case of fewer people, please contact us.<\/p>\n<h4><a id=\"cancellation-policy\" class=\"aal_anchor\" href=\"https:\/\/www.ticketswhales.com\/Tours-Excursions\/fees-entrace\/birdwatching-punta-cana-birding-tours-from-punta-cana-to-los-haitises-national-park\/#cancellation-policy\" aria-hidden=\"true\" target=\"_blank\" rel=\"noopener\"><\/a><b><i>Podmienky zru\u0161enia<\/i><\/b><\/h4>\n<p>Ak chcete vr\u00e1ti\u0165 pln\u00fa sumu, zru\u0161te rezerv\u00e1ciu najnesk\u00f4r 24 hod\u00edn pred d\u00e1tumom za\u010diatku z\u00e1\u017eitku.<\/p>\n\n\t\t<\/div>\n\t<\/div>\n<\/div><\/div><\/div><\/div><div class=\"vc_row wpb_row vc_row-fluid\" ><div class=\"wpb_column vc_column_container vc_col-sm-12\"><div class=\"vc_column-inner\"><div class=\"wpb_wrapper\">\n\t<div class=\"wpb_text_column wpb_content_element\" >\n\t\t<div class=\"wpb_wrapper\">\n\t\t\t<h4>Kontaktuj n\u00e1s?<\/h4>\n<h5><em><strong>Rezerva\u010dn\u00e9 dobrodru\u017estv\u00e1<\/strong><\/em><\/h5>\n<p><em><strong>Miestni obyvatelia<\/strong> a <strong>\u0160t\u00e1tni pr\u00edslu\u0161n\u00edci<\/strong> Sprievodcovia a slu\u017eby pre host\u00ed<\/em><\/p>\n<p><span class=\"text-turquoise\">Rezerv\u00e1cie:<\/span> Prehliadky a exkurzie v Dom.<\/p>\n<p><img decoding=\"async\" class=\"emoji\" draggable=\"false\" src=\"https:\/\/s.w.org\/images\/core\/emoji\/11.2.0\/svg\/1f4de.svg\" alt=\"\ud83d\udcde\" title=\"\"> Tel\/Whatsapp\u00a0 <a href=\"tel:+1-809-720-6035\">+1-809-720-6035<\/a>.<\/p>\n<p><img decoding=\"async\" class=\"emoji\" draggable=\"false\" src=\"https:\/\/s.w.org\/images\/core\/emoji\/11.2.0\/svg\/1f4e9.svg\" alt=\"\ud83d\udce9\" title=\"\"> <a href=\"mailto:info@bookingadventures.com.do\">info@bookingadventures.com.do<\/a><\/p>\n<p><strong>Flexibilne nastavujeme s\u00fakromn\u00e9 prehliadky od Whatsapp: <a href=\"tel:+18097206035\">+18097206035.<\/a><\/strong><\/p>\n\n\t\t<\/div>\n\t<\/div>\n<\/div><\/div><\/div><\/div>","protected":false},"excerpt":{"rendered":"<p>Birding Full morning in Los Haitises National Park Rain Forest trails. This park has an array of bird and animal species and is a favorite for bird-watchers.<\/p>\n<p>While the number seen might be higher than other locations, Cano Hondo\u2019s location in a slight wetland area of the country means the rainforest is more open with fewer cacao and coffee plantations, making wildlife-spotting easier.<\/p>\n<p>This is a private trip. You can choose to pick a time when to start the birdwatching experience and when to be back in Punta Cana.<\/p>\n<p>&nbsp;<\/p>\n<p><em><strong>Please Select the date for The Activity.<\/strong><\/em><\/p>","protected":false},"featured_media":10940,"template":"","meta":[],"product_brand":[],"product_cat":[119,120,96,98,121,426,122,123,124],"product_tag":[176,177,178,179,180,181,182,184,185,186,132,187,133,188,189,191,192,114,193],"class_list":{"0":"post-10902","1":"product","2":"type-product","3":"status-publish","4":"has-post-thumbnail","6":"product_cat-caves","7":"product_cat-fees-entrace","8":"product_cat-hiking","9":"product_cat-local-tour-guides","10":"product_cat-mangroves","11":"product_cat-private-tours-excursions","12":"product_cat-tours-and-excursions","13":"product_cat-tours-excursions-los-haitises-national-park","14":"product_cat-tours-excursions-samana-bay-dominican-republic","15":"product_tag-biding-sabana-de-la-mar","16":"product_tag-birding","17":"product_tag-birding-dominican-republic","18":"product_tag-birding-in-los-haitises","19":"product_tag-birdwatching","20":"product_tag-birdwatching-dominicana","21":"product_tag-birdwtaching","22":"product_tag-carretera-cano-hondo","23":"product_tag-eco-lodge-paraiso-cano-hondo","24":"product_tag-hire-a-guide-in-los-haitises","25":"product_tag-los-haitises","26":"product_tag-los-haitises-birding","27":"product_tag-los-haitises-national-park","28":"product_tag-los-haitises-national-park-birding-tour-from-punta-cana","29":"product_tag-los-haitises-national-park-cano-hondo","30":"product_tag-nature","31":"product_tag-ridgways-hawk","32":"product_tag-sabana-de-la-mar","33":"product_tag-wildlife","35":"first","36":"instock","37":"sale","38":"sold-individually","39":"shipping-taxable","40":"product-type-external"},"_links":{"self":[{"href":"https:\/\/haitises.com\/sk\/wp-json\/wp\/v2\/product\/10902","targetHints":{"allow":["GET"]}}],"collection":[{"href":"https:\/\/haitises.com\/sk\/wp-json\/wp\/v2\/product"}],"about":[{"href":"https:\/\/haitises.com\/sk\/wp-json\/wp\/v2\/types\/product"}],"wp:featuredmedia":[{"embeddable":true,"href":"https:\/\/haitises.com\/sk\/wp-json\/wp\/v2\/media\/10940"}],"wp:attachment":[{"href":"https:\/\/haitises.com\/sk\/wp-json\/wp\/v2\/media?parent=10902"}],"wp:term":[{"taxonomy":"product_brand","embeddable":true,"href":"https:\/\/haitises.com\/sk\/wp-json\/wp\/v2\/product_brand?post=10902"},{"taxonomy":"product_cat","embeddable":true,"href":"https:\/\/haitises.com\/sk\/wp-json\/wp\/v2\/product_cat?post=10902"},{"taxonomy":"product_tag","embeddable":true,"href":"https:\/\/haitises.com\/sk\/wp-json\/wp\/v2\/product_tag?post=10902"}],"curies":[{"name":"wp","href":"https:\/\/api.w.org\/{rel}","templated":true}]}}