{"id":567,"date":"2020-06-27T19:12:20","date_gmt":"2020-06-27T19:12:20","guid":{"rendered":"http:\/\/haitises.com\/?post_type=product&#038;p=567"},"modified":"2024-04-16T21:43:21","modified_gmt":"2024-04-16T21:43:21","slug":"excursion-cascada-el-limon-y-cayo-levantado-desde-punta-cana","status":"publish","type":"product","link":"https:\/\/haitises.com\/ru\/\u0447\u0430\u0441\u0442\u043d\u044b\u0439\/excursion-cascada-el-limon-y-cayo-levantado-desde-punta-cana\/","title":{"rendered":"Excursi\u00f3n Cascada El Lim\u00f3n y Cayo Levantado desde Punta Cana"},"content":{"rendered":"<div class=\"vc_row wpb_row vc_row-fluid\" ><div class=\"wpb_column vc_column_container vc_col-sm-12\"><div class=\"vc_column-inner\"><div class=\"wpb_wrapper\">[mkdf_section_title subtitle_tag=\u00bb\u00bb subtitle=\u00bb(Recogida en Punta Cana)\u00bb]<\/div><\/div><\/div><\/div><div class=\"vc_row wpb_row vc_row-fluid\" ><div class=\"wpb_column vc_column_container vc_col-sm-12\"><div class=\"vc_column-inner\"><div class=\"wpb_wrapper\">\n\t<div class=\"wpb_text_column wpb_content_element\" >\n\t\t<div class=\"wpb_wrapper\">\n\t\t\t<h2>Cascada El Lim\u00f3n y Cayo Levantado desde los hoteles de Punta Cana<\/h2>\n<h3>\u041e\u043f\u0438\u0441\u0430\u043d\u0438\u0435<\/h3>\n<p>Si se encuentra en Punta Cana o B\u00e1varo, busca una excursi\u00f3n de un d\u00eda pagando menos de lo normal. Reserve este viaje con una recogida en su hotel en Punta Cana. El autob\u00fas lo llevar\u00e1 a Sabana de la mar, donde tomaremos un catamar\u00e1n para pasar la bah\u00eda de Saman\u00e1. Visitar la comunidad de Saman\u00e1 en Safari para llegar a la comunidad de El Lim\u00f3n, montar a caballo o ir de excursi\u00f3n a las cascadas despu\u00e9s de cruzar la bah\u00eda de Saman\u00e1 y el tiempo de almuerzo en la isla de Bacardi. Este viaje comienza a las 6:00 a.m. y termina a las 6:30 p.m.<\/p>\n<p>Despu\u00e9s de esta experiencia, volver\u00e1 a su hotel.<\/p>\n<ul>\n<li>\u041d\u0430\u043b\u043e\u0433\u0438 \u0432\u043a\u043b\u044e\u0447\u0435\u043d\u044b<\/li>\n<li>Almuerzo en la playa incluido.<\/li>\n<li>Transferencia incluida<\/li>\n<li>\u0413\u0438\u0434 \u043e\u0431\u0435\u0441\u043f\u0435\u0447\u0438\u0432\u0430\u0435\u0442 \u0438\u043d\u0441\u0442\u0440\u0443\u043a\u0442\u0430\u0436 \u0438 \u043a\u043e\u043d\u0442\u0440\u043e\u043b\u044c.<\/li>\n<\/ul>\n<h3>\u0412\u043a\u043b\u044e\u0447\u0435\u043d\u0438\u044f \u0438 \u0438\u0441\u043a\u043b\u044e\u0447\u0435\u043d\u0438\u044f<\/h3>\n<h4>\u0412\u043a\u043b\u044e\u0447\u0435\u043d\u0438\u044f<\/h4>\n<ol>\n<li>Recogida en el hotel.<\/li>\n<li>Bah\u00eda Saman\u00e1<\/li>\n<li>Cayo Levantado, playa y almuerzo<\/li>\n<li>Safari a El Lim\u00f3n<\/li>\n<li>Paseos a caballo o senderismo a las cascadas<\/li>\n<li>C\u00f3cteles Dominicanos<\/li>\n<li>Todos los impuestos, tarifas y cargos por manejo<\/li>\n<li>\u041c\u0435\u0441\u0442\u043d\u044b\u0435 \u043d\u0430\u043b\u043e\u0433\u0438<\/li>\n<li>\u041d\u0430\u043f\u0438\u0442\u043a\u0438<\/li>\n<li>\u0412\u0441\u0435 \u043c\u0435\u0440\u043e\u043f\u0440\u0438\u044f\u0442\u0438\u044f<\/li>\n<li>\u041c\u0435\u0441\u0442\u043d\u044b\u0439 \u0433\u0438\u0434<\/li>\n<\/ol>\n<h4>\u0418\u0441\u043a\u043b\u044e\u0447\u0435\u043d\u0438\u044f<\/h4>\n<ol>\n<li>\u0421\u043e\u0432\u0435\u0442\u044b<\/li>\n<li>Bebidas alcoh\u00f3licas despu\u00e9s de c\u00f3cteles<\/li>\n<\/ol>\n<h3><em>\u041e\u0442\u043f\u0440\u0430\u0432\u043b\u0435\u043d\u0438\u0435 \u0438 \u0432\u043e\u0437\u0432\u0440\u0430\u0449\u0435\u043d\u0438\u0435<\/em><\/h3>\n<p>\u041f\u0443\u0442\u0435\u0448\u0435\u0441\u0442\u0432\u0435\u043d\u043d\u0438\u043a \u043f\u043e\u043b\u0443\u0447\u0438\u0442 \u043c\u0435\u0441\u0442\u043e \u0432\u0441\u0442\u0440\u0435\u0447\u0438 \u043f\u043e\u0441\u043b\u0435 \u043f\u0440\u043e\u0446\u0435\u0441\u0441\u0430 \u0431\u0440\u043e\u043d\u0438\u0440\u043e\u0432\u0430\u043d\u0438\u044f. \u042d\u043a\u0441\u043a\u0443\u0440\u0441\u0438\u0438 \u043d\u0430\u0447\u0438\u043d\u0430\u044e\u0442\u0441\u044f \u0438 \u0437\u0430\u043a\u0430\u043d\u0447\u0438\u0432\u0430\u044e\u0442\u0441\u044f \u0432 \u043d\u0430\u0448\u0438\u0445 \u043c\u0435\u0441\u0442\u0430\u0445 \u0432\u0441\u0442\u0440\u0435\u0447\u0438.<\/p>\n<h3><em>\u0427\u0435\u0433\u043e \u043e\u0436\u0438\u0434\u0430\u0442\u044c?<\/em><\/h3>\n<p>Obtenga sus boletos para visitar las cascadas a caballo o senderismo, Safari Saman\u00e1, nadar en los manantiales naturales, luego de las cascadas el almuerzo en la isla de Bacardi y tiempo de playa.<\/p>\n<p>Comenzando desde Punta Cana en autob\u00fas, conduciremos al puerto de la bah\u00eda de Saman\u00e1. En el puerto nos subimos a un bote o catamar\u00e1n con un gu\u00eda tur\u00edstico local, pasamos la bah\u00eda de Saman\u00e1 a la comunidad de Saman\u00e1. Tomar un safari con un gu\u00eda tur\u00edstico local para hablar sobre la historia de Saman\u00e1 hasta llegar a la comunidad de El Lim\u00f3n. En la comunidad de El Lim\u00f3n comenzamos a caminar o montar a caballo por el bosque de El Lim\u00f3n hasta las cascadas de El Lim\u00f3n. Donde cuando llegamos \u00a1podemos nadar! Despu\u00e9s de regresar a Safari para ir al puerto de Saman\u00e1. Visitar\u00e1 la isla de Cayo Levantado para almorzar en la playa y nadar en una de las islas m\u00e1s bellas de la Rep\u00fablica Dominicana.<\/p>\n<p>En caso de que le guste este viaje m\u00e1s largo o m\u00e1s corto, cont\u00e1ctenos &#8230;<\/p>\n<h3><em>\u0427\u0442\u043e \u0432\u0430\u043c \u0441\u043b\u0435\u0434\u0443\u0435\u0442 \u0432\u0437\u044f\u0442\u044c \u0441 \u0441\u043e\u0431\u043e\u0439?<\/em><\/h3>\n<ul>\n<li>\u041a\u0430\u043c\u0435\u0440\u0430<\/li>\n<li>\u0420\u0435\u043f\u0435\u043b\u043b\u0435\u043d\u0442\u044b<\/li>\n<li>Crema solar<\/li>\n<li>\u0428\u0430\u043f\u043a\u0430<\/li>\n<li>\u0423\u0434\u043e\u0431\u043d\u044b\u0435 \u0431\u0440\u044e\u043a\u0438<\/li>\n<li>\u041b\u0435\u0441\u043d\u044b\u0435 \u043f\u043e\u0445\u043e\u0434\u043d\u044b\u0435 \u0442\u0443\u0444\u043b\u0438<\/li>\n<li>\u0421\u0430\u043d\u0434\u0430\u043b\u0438\u0438 \u0434\u043b\u044f \u0432\u0435\u0441\u0435\u043d\u043d\u0438\u0445 \u0440\u0435\u0433\u0438\u043e\u043d\u043e\u0432.<\/li>\n<li>\u041a\u0443\u043f\u0430\u043b\u044c\u043d\u0438\u043a<\/li>\n<\/ul>\n<h3><em>\u0412\u0441\u0442\u0440\u0435\u0447\u0430 \u0432 \u043e\u0442\u0435\u043b\u0435<\/em><\/h3>\n<p>\u00a1Se ofrece recogida de viajeros!<\/p>\n<p>Recogemos de todos los hoteles en Punta Cana. La ubicaci\u00f3n de recogida es el vest\u00edbulo del hotel.<br \/>\nSi se hospeda en un condominio en el \u00e1rea, lo recogeremos en el condominio o en la entrada del resort m\u00e1s cercano. Configuramos Recoger contactando con nosotros por Whatsapp.<\/p>\n<p><strong>\u041f\u0440\u0438\u043c\u0435\u0447\u0430\u043d\u0438\u0435:<\/strong> Si realiza la reserva dentro de las 24 horas del horario de salida del tour \/ excursi\u00f3n, podemos organizar la recogida en el hotel. Una vez que se complete su compra, le enviaremos informaci\u00f3n de contacto completa (n\u00famero de tel\u00e9fono, direcci\u00f3n de correo electr\u00f3nico, etc.) para que nuestro gu\u00eda tur\u00edstico local organice los arreglos de recogida.<\/p>\n<h3><em>\u041f\u043e\u0434\u0442\u0432\u0435\u0440\u0436\u0434\u0435\u043d\u0438\u0435 \u0434\u043e\u043f\u043e\u043b\u043d\u0438\u0442\u0435\u043b\u044c\u043d\u043e\u0439 \u0438\u043d\u0444\u043e\u0440\u043c\u0430\u0446\u0438\u0438<\/em><\/h3>\n<ul>\n<li>\u0411\u0438\u043b\u0435\u0442\u044b \u044f\u0432\u043b\u044f\u044e\u0442\u0441\u044f \u043a\u0432\u0438\u0442\u0430\u043d\u0446\u0438\u0435\u0439 \u043f\u043e\u0441\u043b\u0435 \u043e\u043f\u043b\u0430\u0442\u044b \u0434\u0430\u043d\u043d\u043e\u0433\u043e \u0442\u0443\u0440\u0430. \u0412\u044b \u043c\u043e\u0436\u0435\u0442\u0435 \u043f\u043e\u043a\u0430\u0437\u0430\u0442\u044c \u043f\u043b\u0430\u0442\u0435\u0436 \u043d\u0430 \u0441\u0432\u043e\u0435\u043c \u0442\u0435\u043b\u0435\u0444\u043e\u043d\u0435.<\/li>\n<li>\u041c\u0435\u0441\u0442\u043e \u0432\u0441\u0442\u0440\u0435\u0447\u0438 \u0431\u0443\u0434\u0435\u0442 \u0441\u043e\u043e\u0431\u0449\u0435\u043d\u043e \u043f\u043e\u0441\u043b\u0435 \u043f\u0440\u043e\u0446\u0435\u0441\u0441\u0430 \u0431\u0440\u043e\u043d\u0438\u0440\u043e\u0432\u0430\u043d\u0438\u044f.<\/li>\n<li>\u0414\u0435\u0442\u0438 \u0434\u043e\u043b\u0436\u043d\u044b \u0431\u044b\u0442\u044c \u0432 \u0441\u043e\u043f\u0440\u043e\u0432\u043e\u0436\u0434\u0435\u043d\u0438\u0438 \u0432\u0437\u0440\u043e\u0441\u043b\u043e\u0433\u043e.<\/li>\n<li>\u041d\u0435 \u0434\u043e\u0441\u0442\u0443\u043f\u0435\u043d \u0434\u043b\u044f \u0438\u043d\u0432\u0430\u043b\u0438\u0434\u043d\u044b\u0445 \u043a\u043e\u043b\u044f\u0441\u043e\u043a<\/li>\n<li>\u041c\u043b\u0430\u0434\u0435\u043d\u0446\u044b \u0434\u043e\u043b\u0436\u043d\u044b \u0441\u0438\u0434\u0435\u0442\u044c \u0432 \u0434\u0435\u0442\u0441\u043a\u043e\u043c \u043a\u0440\u0435\u0441\u043b\u0435 \u0438\u043b\u0438 \u0432\u043c\u0435\u0441\u0442\u0435 \u0441\u043e \u0432\u0437\u0440\u043e\u0441\u043b\u044b\u043c.<\/li>\n<li>\u041d\u0435 \u0440\u0435\u043a\u043e\u043c\u0435\u043d\u0434\u0443\u0435\u0442\u0441\u044f \u043f\u0443\u0442\u0435\u0448\u0435\u0441\u0442\u0432\u0435\u043d\u043d\u0438\u043a\u0430\u043c \u0441 \u043f\u0440\u043e\u0431\u043b\u0435\u043c\u0430\u043c\u0438 \u0441\u043f\u0438\u043d\u044b.<\/li>\n<li>\u041d\u0435 \u0440\u0435\u043a\u043e\u043c\u0435\u043d\u0434\u0443\u0435\u0442\u0441\u044f \u0431\u0435\u0440\u0435\u043c\u0435\u043d\u043d\u044b\u043c \u0436\u0435\u043d\u0449\u0438\u043d\u0430\u043c.<\/li>\n<li>\u041e\u0442\u0441\u0443\u0442\u0441\u0442\u0432\u0438\u0435 \u043f\u0440\u043e\u0431\u043b\u0435\u043c \u0441 \u0441\u0435\u0440\u0434\u0446\u0435\u043c \u0438\u043b\u0438 \u0434\u0440\u0443\u0433\u0438\u0445 \u0441\u0435\u0440\u044c\u0435\u0437\u043d\u044b\u0445 \u0437\u0430\u0431\u043e\u043b\u0435\u0432\u0430\u043d\u0438\u0439.<\/li>\n<li>\u0411\u043e\u043b\u044c\u0448\u0438\u043d\u0441\u0442\u0432\u043e \u043f\u0443\u0442\u0435\u0448\u0435\u0441\u0442\u0432\u0435\u043d\u043d\u0438\u043a\u043e\u0432 \u043c\u043e\u0433\u0443\u0442 \u043f\u0440\u0438\u043d\u044f\u0442\u044c \u0443\u0447\u0430\u0441\u0442\u0438\u0435.<\/li>\n<\/ul>\n<h3><em>\u041f\u043e\u043b\u0438\u0442\u0438\u043a\u0430 \u043e\u0442\u043c\u0435\u043d\u044b<\/em><\/h3>\n<p>\u0427\u0442\u043e\u0431\u044b \u043f\u043e\u043b\u0443\u0447\u0438\u0442\u044c \u043f\u043e\u043b\u043d\u044b\u0439 \u0432\u043e\u0437\u0432\u0440\u0430\u0442 \u0441\u0440\u0435\u0434\u0441\u0442\u0432, \u043e\u0442\u043c\u0435\u043d\u0438\u0442\u0435 \u043f\u043e\u0434\u043f\u0438\u0441\u043a\u0443 \u043a\u0430\u043a \u043c\u0438\u043d\u0438\u043c\u0443\u043c \u0437\u0430 24\u00a0\u0447\u0430\u0441\u0430 \u0434\u043e \u0434\u0430\u0442\u044b \u043d\u0430\u0447\u0430\u043b\u0430 \u043c\u0435\u0440\u043e\u043f\u0440\u0438\u044f\u0442\u0438\u044f.<\/p>\n<h3><em>\u0421\u0432\u044f\u0437\u0430\u0442\u044c\u0441\u044f \u0441 \u043d\u0430\u043c\u0438?<\/em><\/h3>\n<p>\u0411\u0440\u043e\u043d\u0438\u0440\u043e\u0432\u0430\u043d\u0438\u0435 \u043f\u0440\u0438\u043a\u043b\u044e\u0447\u0435\u043d\u0438\u0439<br \/>\n\u041c\u0435\u0441\u0442\u043d\u044b\u0435 \u0438 \u043d\u0430\u0446\u0438\u043e\u043d\u0430\u043b\u044c\u043d\u044b\u0435 \u0433\u0438\u0434\u044b \u0438 \u0443\u0441\u043b\u0443\u0433\u0438 \u0434\u043b\u044f \u0433\u043e\u0441\u0442\u0435\u0439<\/p>\n<p>\u0411\u0440\u043e\u043d\u0438\u0440\u043e\u0432\u0430\u043d\u0438\u0435: \u0422\u0443\u0440\u044b \u0438 \u044d\u043a\u0441\u043a\u0443\u0440\u0441\u0438\u0438 \u0432 \u0414\u043e\u043c\u0435 \u043f\u0440\u0435\u0434\u0441\u0442\u0430\u0432\u0438\u0442\u0435\u043b\u0435\u0439.<\/p>\n<p>\ud83d\udcde\u0422\u0435\u043b\/WhatsApp +1-809-720-6035.<\/p>\n<p>\ud83d\udce9 info@bookingadventures.com.do<\/p>\n<p>Hacemos tours privados de con flexbilidad por Whatsapp: +18097206035.<\/p>\n\n\t\t<\/div>\n\t<\/div>\n<\/div><\/div><\/div><\/div>","protected":false},"excerpt":{"rendered":"<p>Si se encuentra en Punta Cana o B\u00e1varo, busca una excursi\u00f3n de un d\u00eda pagando menos de lo normal. Reserve este viaje con una recogida en su hotel en Punta Cana. El autob\u00fas lo llevar\u00e1 a Sabana de la mar, donde tomaremos un catamar\u00e1n para pasar la bah\u00eda de Saman\u00e1. Visitar la comunidad de Saman\u00e1 en Safari para llegar a la comunidad de El Lim\u00f3n, montar a caballo o caminar a las cascadas despu\u00e9s de cruzar la bah\u00eda de Saman\u00e1 y el tiempo de Almuerzo en la isla de Bacardi. Este viaje comienza a las 6:00 a.m. y termina a las 6:30 p.m.<\/p>\n<p><strong>Por favor seleccione la fecha para el Tour:<\/strong><\/p>","protected":false},"featured_media":320,"template":"","meta":[],"product_brand":[],"product_cat":[96,97,136,264,122,443,123,124],"product_tag":[137,138,281,139,282,283,140,284,141,114,285,142,143],"class_list":{"0":"post-567","1":"product","2":"type-product","3":"status-publish","4":"has-post-thumbnail","6":"product_cat-hiking","7":"product_cat-horse-riding-to-waterfalls","8":"product_cat-safari-samana","9":"product_cat-salto-el-limon-and-bacardi-island","10":"product_cat-tours-and-excursions","11":"product_cat-tours-y-excursiones-es","12":"product_cat-tours-excursions-los-haitises-national-park","13":"product_cat-tours-excursions-samana-bay-dominican-republic","14":"product_tag-bacardi-island","15":"product_tag-beach-time","16":"product_tag-cascada-el-limon-salto-el-limon-samana-republica-dominicana","17":"product_tag-cayo-levantado","18":"product_tag-el-limon-waterfall-bacardi-island-from-punta-cana","19":"product_tag-el-limon-waterfall-and-bacardi-island-tour-from-punta-cana","20":"product_tag-el-limon-waterfalls","21":"product_tag-guided-adventures","22":"product_tag-punta-cana","23":"product_tag-sabana-de-la-mar","24":"product_tag-salto-de-limon-punta-cana","25":"product_tag-samana","26":"product_tag-samana-tours","28":"first","29":"instock","30":"sale","31":"sold-individually","32":"shipping-taxable","33":"product-type-external"},"_links":{"self":[{"href":"https:\/\/haitises.com\/ru\/wp-json\/wp\/v2\/product\/567","targetHints":{"allow":["GET"]}}],"collection":[{"href":"https:\/\/haitises.com\/ru\/wp-json\/wp\/v2\/product"}],"about":[{"href":"https:\/\/haitises.com\/ru\/wp-json\/wp\/v2\/types\/product"}],"wp:featuredmedia":[{"embeddable":true,"href":"https:\/\/haitises.com\/ru\/wp-json\/wp\/v2\/media\/320"}],"wp:attachment":[{"href":"https:\/\/haitises.com\/ru\/wp-json\/wp\/v2\/media?parent=567"}],"wp:term":[{"taxonomy":"product_brand","embeddable":true,"href":"https:\/\/haitises.com\/ru\/wp-json\/wp\/v2\/product_brand?post=567"},{"taxonomy":"product_cat","embeddable":true,"href":"https:\/\/haitises.com\/ru\/wp-json\/wp\/v2\/product_cat?post=567"},{"taxonomy":"product_tag","embeddable":true,"href":"https:\/\/haitises.com\/ru\/wp-json\/wp\/v2\/product_tag?post=567"}],"curies":[{"name":"wp","href":"https:\/\/api.w.org\/{rel}","templated":true}]}}