{"id":543,"date":"2020-06-14T19:18:13","date_gmt":"2020-06-14T19:18:13","guid":{"rendered":"http:\/\/haitises.com\/?post_type=product&#038;p=543"},"modified":"2024-08-22T05:45:22","modified_gmt":"2024-08-22T05:45:22","slug":"\u043d\u0430\u0446\u0438\u043e\u043d\u0430\u043b\u044c\u043d\u044b\u0439-\u043f\u0430\u0440\u043a-\u043b\u043e\u0441-\u0445\u0430\u0439\u0442\u0438\u0441-\u0438\u0437-\u043f\u043e\u0440\u0442\u0430","status":"publish","type":"product","link":"https:\/\/haitises.com\/ru\/\u0447\u0430\u0441\u0442\u043d\u044b\u0439\/\u043d\u0430\u0446\u0438\u043e\u043d\u0430\u043b\u044c\u043d\u044b\u0439-\u043f\u0430\u0440\u043a-\u043b\u043e\u0441-\u0445\u0430\u0439\u0442\u0438\u0441-\u0438\u0437-\u043f\u043e\u0440\u0442\u0430\/","title":{"rendered":"\u041d\u0430\u0446\u0438\u043e\u043d\u0430\u043b\u044c\u043d\u044b\u0439 \u043f\u0430\u0440\u043a \u041b\u043e\u0441-\u0410\u0439\u0442\u0438\u0441\u0435\u0441 \u0438\u0437 \u043f\u043e\u0440\u0442\u0430 \u0421\u0430\u043c\u0430\u043d\u0430"},"content":{"rendered":"<div class=\"vc_row wpb_row vc_row-fluid\" ><div class=\"wpb_column vc_column_container vc_col-sm-12\"><div class=\"vc_column-inner\"><div class=\"wpb_wrapper\">\n\t<div class=\"wpb_text_column wpb_content_element\" >\n\t\t<div class=\"wpb_wrapper\">\n\t\t\t<h2>\u041d\u0430\u0446\u0438\u043e\u043d\u0430\u043b\u044c\u043d\u044b\u0439 \u043f\u0430\u0440\u043a \u041b\u043e\u0441-\u0425\u0430\u0439\u0442\u0438\u0441\u0435\u0441 (\u0437\u0430\u043b\u0438\u0432 \u0421\u0430\u043c\u0430\u043d\u0430) \u0438\u0437 \u043f\u043e\u0440\u0442\u0430 \u0421\u0430\u043c\u0430\u043d\u0430<\/h2>\n<ul>\n<li>\u041f\u0440\u043e\u0433\u0443\u043b\u043a\u0430 \u043d\u0430 \u043b\u043e\u0434\u043a\u0435 \u0432 \u041d\u0430\u0446\u0438\u043e\u043d\u0430\u043b\u044c\u043d\u044b\u0439 \u043f\u0430\u0440\u043a \u041b\u043e\u0441-\u0425\u0430\u0439\u0442\u0438\u0441\u0435\u0441<br \/>\n<h3>\u041e\u043f\u0438\u0441\u0430\u043d\u0438\u0435<\/h3>\n<p>\u041f\u043e\u0441\u0435\u0442\u0438\u0442\u0435 \u041d\u0430\u0446\u0438\u043e\u043d\u0430\u043b\u044c\u043d\u044b\u0439 \u043f\u0430\u0440\u043a \u041b\u043e\u0441-\u0425\u0430\u0439\u0442\u0438\u0441\u0435\u0441 \u0438\u0437 \u043f\u043e\u0440\u0442\u0430 \u0421\u0430\u043c\u0430\u043d\u0430. \u041e\u0442\u043f\u0440\u0430\u0432\u043b\u044f\u0439\u0442\u0435\u0441\u044c \u0441 \u043d\u0430\u043c\u0438 \u0432 \u0441\u0430\u043c\u044b\u0439 \u043a\u0440\u0430\u0441\u0438\u0432\u044b\u0439 \u043d\u0430\u0446\u0438\u043e\u043d\u0430\u043b\u044c\u043d\u044b\u0439 \u043f\u0430\u0440\u043a \u0414\u043e\u043c\u0438\u043d\u0438\u043a\u0430\u043d\u0441\u043a\u043e\u0439 \u0420\u0435\u0441\u043f\u0443\u0431\u043b\u0438\u043a\u0438, \u043f\u043e\u0441\u0435\u0442\u0438\u0442\u0435 \u043c\u0430\u043d\u0433\u0440\u043e\u0432\u044b\u0435 \u0437\u0430\u0440\u043e\u0441\u043b\u0438, \u043f\u0435\u0449\u0435\u0440\u044b \u0438 \u0437\u0430\u043b\u0438\u0432 \u0421\u0430\u043d-\u041b\u043e\u0440\u0435\u043d\u0441\u043e, \u0430 \u0442\u0430\u043a\u0436\u0435 \u043f\u0435\u0440\u0435\u0441\u0435\u043a\u0438\u0442\u0435 \u043a\u0440\u0430\u0441\u0438\u0432\u0443\u044e \u0431\u0443\u0445\u0442\u0443 \u0421\u0430\u043c\u0430\u043d\u044b. \u0417\u0430\u0442\u0435\u043c \u0432\u0435\u0440\u043d\u0438\u0442\u0435\u0441\u044c \u0432 \u043f\u043e\u0440\u0442 \u0421\u0430\u043c\u0430\u043d\u044b.<\/li>\n<\/ul>\n<p>\u041f\u043e\u0441\u043b\u0435 \u044d\u0442\u043e\u0433\u043e \u043e\u043f\u044b\u0442\u0430 \u0432\u044b \u0432\u0435\u0440\u043d\u0435\u0442\u0435\u0441\u044c \u0432 \u043f\u043e\u0440\u0442 \u0421\u0430\u043c\u0430\u043d\u0430.<\/p>\n<ul>\n<li>\u041d\u0430\u043b\u043e\u0433\u0438 \u0432\u043a\u043b\u044e\u0447\u0435\u043d\u044b<br \/>\n\u0413\u0438\u0434 \u043e\u0431\u0435\u0441\u043f\u0435\u0447\u0438\u0432\u0430\u0435\u0442 \u0438\u043d\u0441\u0442\u0440\u0443\u043a\u0442\u0430\u0436 \u0438 \u043a\u043e\u043d\u0442\u0440\u043e\u043b\u044c.<\/li>\n<li>\u0412\u043a\u043b\u044e\u0447\u0435\u043d\u0438\u044f \u0438 \u0438\u0441\u043a\u043b\u044e\u0447\u0435\u043d\u0438\u044f<\/li>\n<\/ul>\n<h3>\u0412\u043a\u043b\u044e\u0447\u0435\u043d\u0438\u044f<\/h3>\n<ol>\n<li>\u042d\u043a\u0441\u043a\u0443\u0440\u0441\u0438\u044f \u043f\u043e \u041b\u043e\u0441-\u0410\u0439\u0442\u0438\u0441\u0435\u0441\u0443 + \u043f\u0435\u0449\u0435\u0440\u044b \u0438 \u043f\u0438\u043a\u0442\u043e\u0433\u0440\u0430\u043c\u043c\u044b<\/li>\n<li>\u0412\u0441\u0435 \u043d\u0430\u043b\u043e\u0433\u0438, \u0441\u0431\u043e\u0440\u044b \u0438 \u0441\u0431\u043e\u0440\u044b \u0437\u0430 \u043e\u0431\u0440\u0430\u0431\u043e\u0442\u043a\u0443.<\/li>\n<li>\u041c\u0435\u0441\u0442\u043d\u044b\u0435 \u043d\u0430\u043b\u043e\u0433\u0438<\/li>\n<li>\u041d\u0430\u043f\u0438\u0442\u043a\u0438<\/li>\n<li>\u0412\u0441\u0435 \u043c\u0435\u0440\u043e\u043f\u0440\u0438\u044f\u0442\u0438\u044f<\/li>\n<li>\u041c\u0435\u0441\u0442\u043d\u044b\u0439 \u0433\u0438\u0434<\/li>\n<\/ol>\n<h3>\u0418\u0441\u043a\u043b\u044e\u0447\u0435\u043d\u0438\u044f<\/h3>\n<ol>\n<li>\u0421\u043e\u0432\u0435\u0442\u044b<\/li>\n<li>\u041f\u0435\u0440\u0435\u0434\u0430\u0447\u0430<\/li>\n<li>\u0410\u043b\u043a\u043e\u0433\u043e\u043b\u044c\u043d\u044b\u0435 \u043d\u0430\u043f\u0438\u0442\u043a\u0438<\/li>\n<li>\u041e\u0431\u0435\u0434 \u043d\u0435 \u0432\u043a\u043b\u044e\u0447\u0435\u043d, \u0434\u043b\u044f \u043e\u0431\u0435\u0434\u0430 \u0432\u044b \u043c\u043e\u0436\u0435\u0442\u0435 \u0432\u044b\u0431\u0440\u0430\u0442\u044c \u043e\u0434\u043d\u0443 \u0438\u0437 \u044d\u0442\u0438\u0445 \u043f\u043e\u0435\u0437\u0434\u043e\u043a: \u041b\u043e\u0441 \u0425\u0430\u0439\u0442\u0438\u0441\u0435\u0441 + \u041a\u0430\u0439\u043e \u041b\u0435\u0432\u0430\u043d\u0442\u0430\u0434\u043e \u0438\u0437 \u043f\u043e\u0440\u0442\u0430 \u0421\u0430\u043c\u0430\u043d\u0430 \u0438\u043b\u0438 \u041b\u043e\u0441 \u0425\u0430\u0439\u0442\u0438\u0441\u0435\u0441 + \u041a\u0430\u043d\u043e \u0425\u043e\u043d\u0434\u043e \u0438\u0437 \u043f\u043e\u0440\u0442\u0430 \u0421\u0430\u043c\u0430\u043d\u0430.<\/li>\n<\/ol>\n<h3>\u041e\u0442\u043f\u0440\u0430\u0432\u043b\u0435\u043d\u0438\u0435 \u0438 \u0432\u043e\u0437\u0432\u0440\u0430\u0449\u0435\u043d\u0438\u0435<\/h3>\n<p>\u041f\u0443\u0442\u0435\u0448\u0435\u0441\u0442\u0432\u0435\u043d\u043d\u0438\u043a \u043f\u043e\u043b\u0443\u0447\u0438\u0442 \u043c\u0435\u0441\u0442\u043e \u0432\u0441\u0442\u0440\u0435\u0447\u0438 \u043f\u043e\u0441\u043b\u0435 \u043f\u0440\u043e\u0446\u0435\u0441\u0441\u0430 \u0431\u0440\u043e\u043d\u0438\u0440\u043e\u0432\u0430\u043d\u0438\u044f. \u042d\u043a\u0441\u043a\u0443\u0440\u0441\u0438\u0438 \u043d\u0430\u0447\u0438\u043d\u0430\u044e\u0442\u0441\u044f \u0438 \u0437\u0430\u043a\u0430\u043d\u0447\u0438\u0432\u0430\u044e\u0442\u0441\u044f \u0432 \u043d\u0430\u0448\u0438\u0445 \u043c\u0435\u0441\u0442\u0430\u0445 \u0432\u0441\u0442\u0440\u0435\u0447\u0438.<\/p>\n<h3>\u0427\u0435\u0433\u043e \u043e\u0436\u0438\u0434\u0430\u0442\u044c?<\/h3>\n<p>\u041a\u0443\u043f\u0438\u0442\u0435 \u0431\u0438\u043b\u0435\u0442\u044b \u043d\u0430 \u043f\u043e\u0441\u0435\u0449\u0435\u043d\u0438\u0435 \u041d\u0430\u0446\u0438\u043e\u043d\u0430\u043b\u044c\u043d\u043e\u0433\u043e \u043f\u0430\u0440\u043a\u0430 \u041b\u043e\u0441-\u0425\u0430\u0439\u0442\u0438\u0441\u0435\u0441 \u0441 \u043f\u0440\u0435\u043a\u0440\u0430\u0441\u043d\u044b\u043c \u043e\u0431\u0435\u0434\u043e\u043c \u0432 \u041a\u0430\u043d\u044c\u043e-\u0425\u043e\u043d\u0434\u043e \u0438 \u043a\u0443\u043f\u0430\u043d\u0438\u0435\u043c \u0432 \u043f\u0440\u0438\u0440\u043e\u0434\u043d\u044b\u0445 \u0438\u0441\u0442\u043e\u0447\u043d\u0438\u043a\u0430\u0445.<\/p>\n<p>\u041d\u0430\u0447\u0438\u043d\u0430\u044f \u0441 \u043f\u043e\u0440\u0442\u0430 \u0421\u0430\u043c\u0430\u043d\u0430 \u043d\u0430 \u0431\u043e\u0440\u0442\u0443 \u043b\u043e\u0434\u043a\u0438 \u0438\u043b\u0438 \u043a\u0430\u0442\u0430\u043c\u0430\u0440\u0430\u043d\u0430 \u0441 \u043c\u0435\u0441\u0442\u043d\u044b\u043c \u0433\u0438\u0434\u043e\u043c, \u043c\u044b \u043f\u0440\u043e\u043f\u043b\u044b\u0432\u0430\u0435\u043c \u0447\u0435\u0440\u0435\u0437 \u0437\u0430\u043b\u0438\u0432 \u0421\u0430\u043c\u0430\u043d\u0430 \u0440\u044f\u0434\u043e\u043c \u0441 \u0421\u0430\u0431\u0430\u043d\u0430-\u0434\u0435-\u043b\u0430-\u041c\u0430\u0440, \u0447\u0442\u043e\u0431\u044b \u043f\u043e\u0441\u0435\u0442\u0438\u0442\u044c \u043e\u0434\u0438\u043d \u0438\u0437 \u0441\u0430\u043c\u044b\u0445 \u043a\u0440\u0430\u0441\u0438\u0432\u044b\u0445 \u043d\u0430\u0446\u0438\u043e\u043d\u0430\u043b\u044c\u043d\u044b\u0445 \u043f\u0430\u0440\u043a\u043e\u0432 \u0414\u043e\u043c\u0438\u043d\u0438\u043a\u0430\u043d\u0441\u043a\u043e\u0439 \u0420\u0435\u0441\u043f\u0443\u0431\u043b\u0438\u043a\u0438. \u041d\u0430\u0446\u0438\u043e\u043d\u0430\u043b\u044c\u043d\u044b\u0439 \u043f\u0430\u0440\u043a \u0425\u0430\u0439\u0442\u0438\u0441\u0435\u0441.<\/p>\n<p>\u041f\u043e\u0441\u0435\u0449\u0435\u043d\u0438\u0435 \u043e\u0441\u0442\u0440\u043e\u0432\u0430 \u0441 \u043f\u0442\u0438\u0446\u0430\u043c\u0438 \u0432\u043e\u043a\u0440\u0443\u0433. \u0412 \u0441\u0435\u0437\u043e\u043d \u0433\u043d\u0435\u0437\u0434\u043e\u0432\u0430\u043d\u0438\u044f \u043c\u043e\u0436\u043d\u043e \u0434\u0430\u0436\u0435 \u0443\u0432\u0438\u0434\u0435\u0442\u044c \u043f\u0442\u0435\u043d\u0446\u043e\u0432 \u043f\u0435\u043b\u0438\u043a\u0430\u043d\u043e\u0432 \u0432 \u0433\u043d\u0435\u0437\u0434\u0430\u0445. \u041f\u0440\u043e\u0439\u0434\u0438\u0442\u0435 \u0434\u0430\u043b\u044c\u0448\u0435 \u0432\u0433\u043b\u0443\u0431\u044c \u0441\u043a\u0430\u043b\u0438\u0441\u0442\u043e\u0433\u043e \u043e\u0441\u0442\u0440\u043e\u0432\u0430 \u0438 \u043f\u043e\u0441\u0435\u0442\u0438\u0442\u0435 \u043f\u0435\u0449\u0435\u0440\u044b \u0441 \u043f\u0438\u043a\u0442\u043e\u0433\u0440\u0430\u043c\u043c\u0430\u043c\u0438 \u0438 \u043f\u0435\u0442\u0440\u043e\u0433\u0440\u0430\u0444\u0430\u043c\u0438 \u043a\u043e\u0440\u0435\u043d\u043d\u044b\u0445 \u0436\u0438\u0442\u0435\u043b\u0435\u0439.<\/p>\n<p>El recorrido, organizado por \u00abBooking Adventures\u00bb, comienza en el punto de encuentro establecido con el gu\u00eda tur\u00edstico. Ven con Booking Adventures y comienza a observar algunos manglares llenos de p\u00e1jaros, colinas onduladas de exuberante vegetaci\u00f3n y cuevas del Parque Nacional Los Haitises.<\/p>\n<p>\u0427\u0435\u0440\u0435\u0437 \u043c\u0430\u043d\u0433\u0440\u043e\u0432\u044b\u0435 \u0437\u0430\u0440\u043e\u0441\u043b\u0438 \u0438 \u0437\u0435\u043c\u043b\u044e \u0432 \u043e\u0442\u043a\u0440\u044b\u0442\u043e\u043c \u0437\u0430\u043b\u0438\u0432\u0435 \u0421\u0430\u043d-\u041b\u043e\u0440\u0435\u043d\u0446\u043e, \u043e\u0442\u043a\u0443\u0434\u0430 \u043c\u043e\u0436\u043d\u043e \u0441\u0444\u043e\u0442\u043e\u0433\u0440\u0430\u0444\u0438\u0440\u043e\u0432\u0430\u0442\u044c \u0441\u0443\u0440\u043e\u0432\u044b\u0439 \u043b\u0435\u0441\u043d\u043e\u0439 \u043f\u0435\u0439\u0437\u0430\u0436. \u041f\u043e\u0441\u043c\u043e\u0442\u0440\u0438\u0442\u0435 \u0432 \u0432\u043e\u0434\u0443, \u0447\u0442\u043e\u0431\u044b \u0443\u0432\u0438\u0434\u0435\u0442\u044c \u043b\u0430\u043c\u0430\u043d\u0442\u0438\u043d\u043e\u0432, \u0440\u0430\u043a\u043e\u043e\u0431\u0440\u0430\u0437\u043d\u044b\u0445 \u0438 \u0434\u0435\u043b\u044c\u0444\u0438\u043d\u043e\u0432.<\/p>\n<p>El nombre del parque nacional proviene de sus habitantes originales, los indios ta\u00ednos. En su idioma, \u00abHaitises\u00bb se traduce en tierras altas o colinas, una referencia a las empinadas formaciones geol\u00f3gicas de la costa con calizas. Avent\u00farate en el parque para explorar cuevas como la Cueva de la Arena y la Cueva de la L\u00ednea. Las cuevas en la reserva fueron utilizadas como refugio por los indios ta\u00ednos y, m\u00e1s tarde, por los piratas escondidos. Busque dibujos de indios que decoran algunas de las paredes. Despu\u00e9s de visitar el Parque Nacional Los Haitises, regresaremos al puerto de Saman\u00e1 pasando la bah\u00eda de Saman\u00e1 30 minutos.<\/p>\n<p>\u0415\u0441\u043b\u0438 \u0432\u0430\u043c \u0431\u043e\u043b\u044c\u0448\u0435 \u043d\u0440\u0430\u0432\u0438\u0442\u0441\u044f \u044d\u0442\u043e \u043f\u0443\u0442\u0435\u0448\u0435\u0441\u0442\u0432\u0438\u0435, \u0443 \u043d\u0430\u0441 \u0435\u0441\u0442\u044c \u0441\u043b\u0435\u0434\u0443\u044e\u0449\u0438\u0435 \u0432\u0430\u0440\u0438\u0430\u043d\u0442\u044b:<\/p>\n<p>\u041b\u043e\u0441-\u0410\u0438\u0442\u0438\u0441\u0435\u0441 + \u041a\u0430\u0439\u043e-\u041b\u0435\u0432\u0430\u043d\u0442\u0430\u0434\u043e \u0438\u0437 \u043f\u043e\u0440\u0442\u0430 \u0421\u0430\u043c\u0430\u043d\u0430.<br \/>\n\u041b\u043e\u0441 \u0425\u0430\u0439\u0442\u0438\u0441\u0435\u0441 + \u041a\u0430\u043d\u043e \u0425\u043e\u043d\u0434\u043e \u0438\u0437 \u043f\u043e\u0440\u0442\u0430 \u0421\u0430\u043c\u0430\u043d\u0430.<\/p>\n<h3>\u0427\u0442\u043e \u0432\u0430\u043c \u0441\u043b\u0435\u0434\u0443\u0435\u0442 \u0432\u0437\u044f\u0442\u044c \u0441 \u0441\u043e\u0431\u043e\u0439?<\/h3>\n<ul>\n<li>\u041a\u0430\u043c\u0435\u0440\u0430<\/li>\n<li>\u041e\u0442\u043f\u0443\u0433\u0438\u0432\u0430\u044e\u0449\u0438\u0435 \u0440\u043e\u0441\u0442\u043a\u0438<\/li>\n<li>\u0441\u043e\u043b\u043d\u0446\u0435\u0437\u0430\u0449\u0438\u0442\u043d\u044b\u0439 \u043a\u0440\u0435\u043c<\/li>\n<li>\u0428\u0430\u043f\u043a\u0430<\/li>\n<li>\u0423\u0434\u043e\u0431\u043d\u044b\u0435 \u0431\u0440\u044e\u043a\u0438<\/li>\n<li>\u041b\u0435\u0441\u043d\u044b\u0435 \u043f\u043e\u0445\u043e\u0434\u043d\u044b\u0435 \u0442\u0443\u0444\u043b\u0438<\/li>\n<li>\u0421\u0430\u043d\u0434\u0430\u043b\u0438\u0438 \u0434\u043b\u044f \u0432\u0435\u0441\u0435\u043d\u043d\u0438\u0445 \u0440\u0435\u0433\u0438\u043e\u043d\u043e\u0432.<\/li>\n<li>\u041f\u043b\u0430\u0442\u044c\u0435 \u0434\u043b\u044f \u043f\u043b\u0430\u0432\u0430\u043d\u0438\u044f<\/li>\n<\/ul>\n<h3>\u0412\u0441\u0442\u0440\u0435\u0447\u0430 \u0432 \u043e\u0442\u0435\u043b\u0435<\/h3>\n<p>\u0412 \u044d\u0442\u043e\u043c \u0442\u0443\u0440\u0435 \u0442\u0440\u0430\u043d\u0441\u0444\u0435\u0440 \u0438\u0437 \u043e\u0442\u0435\u043b\u044f \u043d\u0435 \u043f\u0440\u0435\u0434\u043b\u0430\u0433\u0430\u0435\u0442\u0441\u044f.<\/p>\n<p>\u041f\u0440\u0438\u043c\u0435\u0447\u0430\u043d\u0438\u0435: \u0415\u0441\u043b\u0438 \u0432\u044b \u0431\u0440\u043e\u043d\u0438\u0440\u0443\u0435\u0442\u0435 \u0442\u0443\u0440\/\u044d\u043a\u0441\u043a\u0443\u0440\u0441\u0438\u044e \u0432 \u0442\u0435\u0447\u0435\u043d\u0438\u0435 24 \u0447\u0430\u0441\u043e\u0432 \u0434\u043e \u0432\u0440\u0435\u043c\u0435\u043d\u0438 \u043e\u0442\u043f\u0440\u0430\u0432\u043b\u0435\u043d\u0438\u044f, \u043c\u044b \u043c\u043e\u0436\u0435\u043c \u043e\u0440\u0433\u0430\u043d\u0438\u0437\u043e\u0432\u0430\u0442\u044c \u0442\u0440\u0430\u043d\u0441\u0444\u0435\u0440 \u0438\u0437 \u043e\u0442\u0435\u043b\u044f \u0437\u0430 \u0434\u043e\u043f\u043e\u043b\u043d\u0438\u0442\u0435\u043b\u044c\u043d\u0443\u044e \u043f\u043b\u0430\u0442\u0443. \u041f\u043e\u0441\u043b\u0435 \u0437\u0430\u0432\u0435\u0440\u0448\u0435\u043d\u0438\u044f \u043f\u043e\u043a\u0443\u043f\u043a\u0438 \u043c\u044b \u0432\u044b\u0448\u043b\u0435\u043c \u0432\u0430\u043c \u043f\u043e\u043b\u043d\u0443\u044e \u043a\u043e\u043d\u0442\u0430\u043a\u0442\u043d\u0443\u044e \u0438\u043d\u0444\u043e\u0440\u043c\u0430\u0446\u0438\u044e (\u043d\u043e\u043c\u0435\u0440 \u0442\u0435\u043b\u0435\u0444\u043e\u043d\u0430, \u0430\u0434\u0440\u0435\u0441 \u044d\u043b\u0435\u043a\u0442\u0440\u043e\u043d\u043d\u043e\u0439 \u043f\u043e\u0447\u0442\u044b \u0438 \u0442. \u0434.) \u0434\u043b\u044f \u043d\u0430\u0448\u0435\u0433\u043e \u043c\u0435\u0441\u0442\u043d\u043e\u0433\u043e \u0433\u0438\u0434\u0430, \u0447\u0442\u043e\u0431\u044b \u0434\u043e\u0433\u043e\u0432\u043e\u0440\u0438\u0442\u044c\u0441\u044f \u043e \u0442\u0440\u0430\u043d\u0441\u0444\u0435\u0440\u0435.<\/p>\n<h3>\u041f\u043e\u0434\u0442\u0432\u0435\u0440\u0436\u0434\u0435\u043d\u0438\u0435 \u0434\u043e\u043f\u043e\u043b\u043d\u0438\u0442\u0435\u043b\u044c\u043d\u043e\u0439 \u0438\u043d\u0444\u043e\u0440\u043c\u0430\u0446\u0438\u0438<\/h3>\n<ol>\n<li>\u0411\u0438\u043b\u0435\u0442\u044b \u044f\u0432\u043b\u044f\u044e\u0442\u0441\u044f \u043a\u0432\u0438\u0442\u0430\u043d\u0446\u0438\u0435\u0439 \u043f\u043e\u0441\u043b\u0435 \u043e\u043f\u043b\u0430\u0442\u044b \u0434\u0430\u043d\u043d\u043e\u0433\u043e \u0442\u0443\u0440\u0430. \u0412\u044b \u043c\u043e\u0436\u0435\u0442\u0435 \u043f\u043e\u043a\u0430\u0437\u0430\u0442\u044c \u043f\u043b\u0430\u0442\u0435\u0436 \u043d\u0430 \u0441\u0432\u043e\u0435\u043c \u0442\u0435\u043b\u0435\u0444\u043e\u043d\u0435.<\/li>\n<li>\u041c\u0435\u0441\u0442\u043e \u0432\u0441\u0442\u0440\u0435\u0447\u0438 \u0431\u0443\u0434\u0435\u0442 \u0441\u043e\u043e\u0431\u0449\u0435\u043d\u043e \u043f\u043e\u0441\u043b\u0435 \u043f\u0440\u043e\u0446\u0435\u0441\u0441\u0430 \u0431\u0440\u043e\u043d\u0438\u0440\u043e\u0432\u0430\u043d\u0438\u044f.<\/li>\n<li>\u0414\u0435\u0442\u0438 \u0434\u043e\u043b\u0436\u043d\u044b \u0431\u044b\u0442\u044c \u0432 \u0441\u043e\u043f\u0440\u043e\u0432\u043e\u0436\u0434\u0435\u043d\u0438\u0438 \u0432\u0437\u0440\u043e\u0441\u043b\u043e\u0433\u043e.<\/li>\n<li>\u041d\u0435 \u0434\u043e\u0441\u0442\u0443\u043f\u0435\u043d \u0434\u043b\u044f \u0438\u043d\u0432\u0430\u043b\u0438\u0434\u043d\u044b\u0445 \u043a\u043e\u043b\u044f\u0441\u043e\u043a<\/li>\n<li>\u041c\u043b\u0430\u0434\u0435\u043d\u0446\u044b \u0434\u043e\u043b\u0436\u043d\u044b \u0441\u0438\u0434\u0435\u0442\u044c \u043d\u0430 \u043a\u043e\u043b\u0435\u043d\u044f\u0445<\/li>\n<li>\u041d\u0435 \u0440\u0435\u043a\u043e\u043c\u0435\u043d\u0434\u0443\u0435\u0442\u0441\u044f \u043f\u0443\u0442\u0435\u0448\u0435\u0441\u0442\u0432\u0435\u043d\u043d\u0438\u043a\u0430\u043c \u0441 \u043f\u0440\u043e\u0431\u043b\u0435\u043c\u0430\u043c\u0438 \u0441\u043f\u0438\u043d\u044b.<\/li>\n<li>\u041d\u0435 \u0440\u0435\u043a\u043e\u043c\u0435\u043d\u0434\u0443\u0435\u0442\u0441\u044f \u0431\u0435\u0440\u0435\u043c\u0435\u043d\u043d\u044b\u043c \u043f\u0443\u0442\u0435\u0448\u0435\u0441\u0442\u0432\u0435\u043d\u043d\u0438\u043a\u0430\u043c.<\/li>\n<li>\u041e\u0442\u0441\u0443\u0442\u0441\u0442\u0432\u0438\u0435 \u043f\u0440\u043e\u0431\u043b\u0435\u043c \u0441 \u0441\u0435\u0440\u0434\u0446\u0435\u043c \u0438\u043b\u0438 \u0434\u0440\u0443\u0433\u0438\u0445 \u0441\u0435\u0440\u044c\u0435\u0437\u043d\u044b\u0445 \u0437\u0430\u0431\u043e\u043b\u0435\u0432\u0430\u043d\u0438\u0439.<\/li>\n<li>\u0411\u043e\u043b\u044c\u0448\u0438\u043d\u0441\u0442\u0432\u043e \u043f\u0443\u0442\u0435\u0448\u0435\u0441\u0442\u0432\u0435\u043d\u043d\u0438\u043a\u043e\u0432 \u043c\u043e\u0433\u0443\u0442 \u043f\u0440\u0438\u043d\u044f\u0442\u044c \u0443\u0447\u0430\u0441\u0442\u0438\u0435.<\/li>\n<\/ol>\n<h3>\u041f\u043e\u043b\u0438\u0442\u0438\u043a\u0430 \u043e\u0442\u043c\u0435\u043d\u044b<\/h3>\n<p>\u0427\u0442\u043e\u0431\u044b \u043f\u043e\u043b\u0443\u0447\u0438\u0442\u044c \u043f\u043e\u043b\u043d\u044b\u0439 \u0432\u043e\u0437\u0432\u0440\u0430\u0442 \u0441\u0440\u0435\u0434\u0441\u0442\u0432, \u043e\u0442\u043c\u0435\u043d\u0438\u0442\u0435 \u043f\u043e\u0434\u043f\u0438\u0441\u043a\u0443 \u043a\u0430\u043a \u043c\u0438\u043d\u0438\u043c\u0443\u043c \u0437\u0430 24\u00a0\u0447\u0430\u0441\u0430 \u0434\u043e \u0434\u0430\u0442\u044b \u043d\u0430\u0447\u0430\u043b\u0430 \u043c\u0435\u0440\u043e\u043f\u0440\u0438\u044f\u0442\u0438\u044f.<\/p>\n<h3>\u0421\u0432\u044f\u0437\u0430\u0442\u044c\u0441\u044f \u0441 \u043d\u0430\u043c\u0438?<\/h3>\n<p>\u0411\u0440\u043e\u043d\u0438\u0440\u043e\u0432\u0430\u043d\u0438\u0435 \u043f\u0440\u0438\u043a\u043b\u044e\u0447\u0435\u043d\u0438\u0439<br \/>\n\u041c\u0435\u0441\u0442\u043d\u044b\u0435 \u0438 \u043d\u0430\u0446\u0438\u043e\u043d\u0430\u043b\u044c\u043d\u044b\u0435 \u0433\u0438\u0434\u044b \u0438 \u0443\u0441\u043b\u0443\u0433\u0438 \u0434\u043b\u044f \u0433\u043e\u0441\u0442\u0435\u0439<\/p>\n<p>\u0411\u0440\u043e\u043d\u0438\u0440\u043e\u0432\u0430\u043d\u0438\u0435: \u0442\u0443\u0440\u044b \u0438 \u044d\u043a\u0441\u043a\u0443\u0440\u0441\u0438\u0438 \u0432 \u0414\u043e\u043c\u0435 \u0420\u0435\u0441\u043f.<\/p>\n<p>\ud83d\udcde\u0422\u0435\u043b\/WhatsApp +1-809-720-6035.<\/p>\n<p>\ud83d\udce9 info@bookingadventures.com.do<\/p>\n<p>Hacemos tours privados con flexibilidad por Whatsapp: +18097206035.<\/p>\n\n\t\t<\/div>\n\t<\/div>\n<\/div><\/div><\/div><\/div><div class=\"vc_row wpb_row vc_row-fluid\" ><div class=\"wpb_column vc_column_container vc_col-sm-12\"><div class=\"vc_column-inner\"><div class=\"wpb_wrapper\"><div class=\"vc_empty_space\"   style=\"height: 32px\"><span class=\"vc_empty_space_inner\"><\/span><\/div>\n\t<div class=\"wpb_video_widget wpb_content_element vc_clearfix   vc_video-aspect-ratio-169 vc_video-el-width-100 vc_video-align-left\" >\n\t\t<div class=\"wpb_wrapper\">\n\t\t\t<h2 class=\"wpb_heading wpb_video_heading\">\u041b\u043e\u0441-\u0425\u0430\u0438\u0442\u0438\u0441 \u0438 \u043c\u043d\u043e\u0433\u043e\u0435 \u0434\u0440\u0443\u0433\u043e\u0435...<\/h2>\n\t\t\t<div class=\"wpb_video_wrapper\"><iframe loading=\"lazy\" title=\"\u0414\u043e\u043c\u0438\u043d\u0438\u043a\u0430\u043d\u0441\u043a\u0430\u044f \u0420\u0435\u0441\u043f\u0443\u0431\u043b\u0438\u043a\u0430 - \u043f\u0435\u0449\u0435\u0440\u044b \u041b\u043e\u0441-\u0425\u0430\u0438\u0442\u0438\u0441\u0435\u0441 (\u0422\u0430\u0438\u043d\u043e\u0441), \u043f\u0438\u043a\u0442\u043e\u0433\u0440\u0430\u043c\u043c\u044b \u0438 \u043f\u0435\u0442\u0440\u043e\u0433\u043b\u0438\u0444\u044b\" width=\"1100\" height=\"619\" src=\"https:\/\/www.youtube.com\/embed\/o_ExYqtOlH8?feature=oembed\" frameborder=\"0\" allow=\"accelerometer; autoplay; encrypted-media; gyroscope; picture-in-picture\" allowfullscreen><\/iframe><\/div>\n\t\t<\/div>\n\t<\/div>\n<\/div><\/div><\/div><\/div>","protected":false},"excerpt":{"rendered":"<p>\u042d\u043a\u043e\u043b\u043e\u0433\u0438\u0447\u0435\u0441\u043a\u0430\u044f \u043f\u043e\u0435\u0437\u0434\u043a\u0430 \u0432 \u041d\u0430\u0446\u0438\u043e\u043d\u0430\u043b\u044c\u043d\u044b\u0439 \u043f\u0430\u0440\u043a \u041b\u043e\u0441-\u0425\u0430\u0439\u0442\u0438\u0441\u0435\u0441 \u0441 \u043c\u0435\u0441\u0442\u043d\u044b\u043c \u0433\u0438\u0434\u043e\u043c. \u041f\u043e\u0441\u0435\u0449\u0435\u043d\u0438\u0435 \u0431\u0443\u0445\u0442 \u041d\u0430\u0446\u0438\u043e\u043d\u0430\u043b\u044c\u043d\u043e\u0433\u043e \u043f\u0430\u0440\u043a\u0430 \u041b\u043e\u0441-\u0425\u0430\u0439\u0442\u0438\u0441\u0435\u0441, \u043c\u0430\u043d\u0433\u0440\u043e\u0432\u044b\u0445 \u0437\u0430\u0440\u043e\u0441\u043b\u0435\u0439, \u0440\u0430\u0441\u0442\u0438\u0442\u0435\u043b\u044c\u043d\u043e\u0441\u0442\u0438, \u043d\u0430\u0431\u043b\u044e\u0434\u0435\u043d\u0438\u0435 \u0437\u0430 \u043f\u0442\u0438\u0446\u0430\u043c\u0438, \u043f\u0435\u0449\u0435\u0440\u044b, \u043f\u0438\u043a\u0442\u043e\u0433\u0440\u0430\u043c\u043c\u044b \u0438 \u0438\u0441\u0442\u043e\u0440\u0438\u0447\u0435\u0441\u043a\u0438\u0435 \u0440\u0430\u0439\u043e\u043d\u044b \u0421\u0430\u0431\u0430\u043d\u0430-\u0434\u0435-\u043b\u0430-\u041c\u0430\u0440 \u0432 \u041d\u0430\u0446\u0438\u043e\u043d\u0430\u043b\u044c\u043d\u043e\u043c \u043f\u0430\u0440\u043a\u0435 \u041b\u043e\u0441-\u0425\u0430\u0439\u0442\u0438\u0441\u0435\u0441.<\/p>\n<p>&nbsp;<\/p>\n<p><strong>\u0412\u044b\u0431\u0435\u0440\u0438\u0442\u0435 \u0434\u0430\u0442\u0443 \u0432\u0430\u0448\u0435\u0433\u043e \u0432\u0438\u0437\u0438\u0442\u0430:<\/strong><\/p>","protected":false},"featured_media":225,"template":"","meta":[],"product_brand":[],"product_cat":[121,435,430,443],"product_tag":[132,133,432,142,148,143],"class_list":{"0":"post-543","1":"product","2":"type-product","3":"status-publish","4":"has-post-thumbnail","6":"product_cat-mangroves","7":"product_cat-manglares","8":"product_cat-parque-nacional-los-haitises-samana","9":"product_cat-tours-y-excursiones-es","10":"product_tag-los-haitises","11":"product_tag-los-haitises-national-park","12":"product_tag-parque-nacional-los-haitises-samana","13":"product_tag-samana","14":"product_tag-samana-excursions","15":"product_tag-samana-tours","17":"first","18":"instock","19":"sale","20":"sold-individually","21":"shipping-taxable","22":"product-type-external"},"_links":{"self":[{"href":"https:\/\/haitises.com\/ru\/wp-json\/wp\/v2\/product\/543","targetHints":{"allow":["GET"]}}],"collection":[{"href":"https:\/\/haitises.com\/ru\/wp-json\/wp\/v2\/product"}],"about":[{"href":"https:\/\/haitises.com\/ru\/wp-json\/wp\/v2\/types\/product"}],"wp:featuredmedia":[{"embeddable":true,"href":"https:\/\/haitises.com\/ru\/wp-json\/wp\/v2\/media\/225"}],"wp:attachment":[{"href":"https:\/\/haitises.com\/ru\/wp-json\/wp\/v2\/media?parent=543"}],"wp:term":[{"taxonomy":"product_brand","embeddable":true,"href":"https:\/\/haitises.com\/ru\/wp-json\/wp\/v2\/product_brand?post=543"},{"taxonomy":"product_cat","embeddable":true,"href":"https:\/\/haitises.com\/ru\/wp-json\/wp\/v2\/product_cat?post=543"},{"taxonomy":"product_tag","embeddable":true,"href":"https:\/\/haitises.com\/ru\/wp-json\/wp\/v2\/product_tag?post=543"}],"curies":[{"name":"wp","href":"https:\/\/api.w.org\/{rel}","templated":true}]}}