{"id":11666,"date":"2023-10-04T07:40:09","date_gmt":"2023-10-04T07:40:09","guid":{"rendered":"http:\/\/haitises.com\/?post_type=product&#038;p=11666"},"modified":"2024-03-29T18:17:03","modified_gmt":"2024-03-29T18:17:03","slug":"parasailing-tour-from-punta-cana-95-usd-3","status":"publish","type":"product","link":"https:\/\/haitises.com\/ru\/\u0447\u0430\u0441\u0442\u043d\u044b\u0439\/parasailing-tour-from-punta-cana-95-usd-3\/","title":{"rendered":"\u041f\u0430\u0440\u0430\u0441\u0435\u0439\u043b\u0438\u043d\u0433-\u0442\u0443\u0440 \u0438\u0437 \u041f\u0443\u043d\u0442\u0430-\u041a\u0430\u043d\u044b 95 USD."},"content":{"rendered":"<div class=\"vc_row wpb_row vc_row-fluid\" ><div class=\"wpb_column vc_column_container vc_col-sm-12\"><div class=\"vc_column-inner\"><div class=\"wpb_wrapper\">\n\t<div class=\"wpb_text_column wpb_content_element\" >\n\t\t<div class=\"wpb_wrapper\">\n\t\t\t<p>u<\/p>\n\n\t\t<\/div>\n\t<\/div>\n<\/div><\/div><\/div><\/div><div class=\"vc_row wpb_row vc_row-fluid\" ><div class=\"wpb_column vc_column_container vc_col-sm-12\"><div class=\"vc_column-inner\"><div class=\"wpb_wrapper\">[mkdf_section_title title_tag=\u00bb\u00bb disable_break_words=\u00bbno\u00bb subtitle_tag=\u00bb\u00bb text_font_weight=\u00bb\u00bb title=\u00bbParasailing Tour from Punta Cana\u00bb subtitle=\u00bbFrom Punta Cana Hotels\u00bb text=\u00bbNote: This tour starts at 7: 00 am Depending where is the Pickup Hotels Time may Change. Extras cost for Pick up in Areas not listed in Our Description.\u00bb]<\/div><\/div><\/div><\/div><div class=\"vc_row wpb_row vc_row-fluid\" ><div class=\"wpb_column vc_column_container vc_col-sm-12\"><div class=\"vc_column-inner\"><div class=\"wpb_wrapper\"><div class=\"vc_empty_space\"   style=\"height: 32px\"><span class=\"vc_empty_space_inner\"><\/span><\/div><\/div><\/div><\/div><\/div><div class=\"vc_row wpb_row vc_row-fluid\" ><div class=\"wpb_column vc_column_container vc_col-sm-12\"><div class=\"vc_column-inner\"><div class=\"wpb_wrapper\"><div class=\"vc_btn3-container vc_btn3-inline\" ><button class=\"vc_general vc_btn3 vc_btn3-size-md vc_btn3-shape-rounded vc_btn3-style-modern vc_btn3-color-green\">\u0417\u0410\u0411\u0420\u041e\u041d\u0418\u0420\u0423\u0419\u0422\u0415 \u0421\u0415\u0419\u0427\u0410\u0421<\/button><\/div>\n\t<div class=\"wpb_text_column wpb_content_element\" >\n\t\t<div class=\"wpb_wrapper\">\n\t\t\t<h4><b><i>\u041e\u0431\u0437\u043e\u0440 <\/i><\/b><\/h4>\n<div>\n<p>\u041f\u0440\u043e\u043d\u0435\u0441\u0438\u0442\u0435\u0441\u044c \u043d\u0430 \u043f\u0430\u0440\u0430\u0441\u0435\u0439\u043b\u0435 \u043d\u0430\u0434 \u043f\u043e\u0431\u0435\u0440\u0435\u0436\u044c\u0435\u043c \u041f\u0443\u043d\u0442\u0430-\u041a\u0430\u043d\u044b\/\u0411\u0430\u0432\u0430\u0440\u043e \u0432\u043e \u0432\u0440\u0435\u043c\u044f \u044d\u0442\u043e\u0433\u043e 40-\u043c\u0438\u043d\u0443\u0442\u043d\u043e\u0433\u043e \u043c\u0435\u0440\u043e\u043f\u0440\u0438\u044f\u0442\u0438\u044f, \u043e\u0442\u043f\u0440\u0430\u0432\u043b\u044f\u044e\u0449\u0435\u0433\u043e\u0441\u044f \u0438\u0437 \u041f\u0443\u043d\u0442\u0430-\u041a\u0430\u043d\u044b. \u0412\u043e\u0441\u043f\u043e\u043b\u044c\u0437\u0443\u0439\u0442\u0435\u0441\u044c \u043e\u043f\u044b\u0442\u043e\u043c \u043e\u0434\u043d\u043e\u0439 \u0438\u0437 \u0441\u0430\u043c\u044b\u0445 \u043e\u043f\u044b\u0442\u043d\u044b\u0445 \u043a\u043e\u043c\u043f\u0430\u043d\u0438\u0439 \u043f\u043e \u043f\u0430\u0440\u0430\u0441\u0435\u0439\u043b\u0438\u043d\u0433\u0443 \u0432 \u0414\u043e\u043c\u0438\u043d\u0438\u043a\u0430\u043d\u0441\u043a\u043e\u0439 \u0420\u0435\u0441\u043f\u0443\u0431\u043b\u0438\u043a\u0435, \u043a\u043e\u0442\u043e\u0440\u0430\u044f \u0441\u043e\u0432\u0435\u0440\u0448\u0438\u043b\u0430 \u0431\u043e\u043b\u0435\u0435 60 000 \u043f\u043e\u043b\u0435\u0442\u043e\u0432 \u0441 2001 \u0433\u043e\u0434\u0430. \u0417\u0430\u0445\u0432\u0430\u0442\u044b\u0432\u0430\u044e\u0449\u0438\u0435 \u0432\u0438\u0434\u044b \u043d\u0430 \u043f\u043b\u044f\u0436\u0438, \u0431\u0438\u0440\u044e\u0437\u043e\u0432\u044b\u0435 \u0432\u043e\u0434\u044b \u0438 \u043e\u0431\u0448\u0438\u0440\u043d\u044b\u0435 \u043a\u0443\u0440\u043e\u0440\u0442\u044b, \u0440\u0430\u0441\u043f\u043e\u043b\u043e\u0436\u0435\u043d\u043d\u044b\u0435 \u0432\u0434\u043e\u043b\u044c \u0431\u0435\u0440\u0435\u0433\u0430, \u0432\u043e \u0432\u0440\u0435\u043c\u044f \u043f\u043e\u043b\u0435\u0442\u0430 \u043d\u0430 \u0432\u044b\u0441\u043e\u0442\u0435 \u0441\u043e\u0442\u0435\u043d \u0444\u0443\u0442\u043e\u0432 \u0432 \u0432\u043e\u0437\u0434\u0443\u0445\u0435. \u0412\u043e\u0437\u044c\u043c\u0438\u0442\u0435 \u0441 \u0441\u043e\u0431\u043e\u0439 \u0441\u043e\u043b\u043d\u0446\u0435\u0437\u0430\u0449\u0438\u0442\u043d\u044b\u0439 \u043a\u0440\u0435\u043c, \u043a\u0443\u043f\u0430\u043b\u044c\u043d\u044b\u0439 \u043a\u043e\u0441\u0442\u044e\u043c \u0438 \u0447\u0443\u0432\u0441\u0442\u0432\u043e \u043f\u0440\u0438\u043a\u043b\u044e\u0447\u0435\u043d\u0438\u0439. \u041e\u0431\u0437\u043e\u0440\u043d\u0430\u044f \u0432\u043e\u0437\u0434\u0443\u0448\u043d\u0430\u044f \u044d\u043a\u0441\u043a\u0443\u0440\u0441\u0438\u044f \u041f\u0443\u0442\u0435\u0448\u0435\u0441\u0442\u0432\u0443\u0439\u0442\u0435 \u043d\u0430 \u043b\u043e\u0434\u043a\u0435 \u0438 \u043e\u0441\u043c\u0430\u0442\u0440\u0438\u0432\u0430\u0439\u0442\u0435 \u0434\u043e\u0441\u0442\u043e\u043f\u0440\u0438\u043c\u0435\u0447\u0430\u0442\u0435\u043b\u044c\u043d\u043e\u0441\u0442\u0438 \u0441 \u0432\u043e\u0434\u044b \u041d\u0430 \u0432\u044b\u0431\u043e\u0440: \u0443\u0442\u0440\u0435\u043d\u043d\u0438\u0439 \u0438\u043b\u0438 \u0434\u043d\u0435\u0432\u043d\u043e\u0439 \u0432\u044b\u043b\u0435\u0442 \u0411\u0435\u0441\u043f\u043b\u0430\u0442\u043d\u044b\u0439 \u0442\u0440\u0430\u043d\u0441\u0444\u0435\u0440 \u0438\u0437 \u043e\u0442\u0435\u043b\u044f \u0438 \u043e\u0431\u0440\u0430\u0442\u043d\u043e.<\/p>\n<\/div>\n<ul class=\"vcs-highlights\">\n<li>\u0412\u044b\u0431\u043e\u0440 \u0438\u0437 \u043d\u0435\u0441\u043a\u043e\u043b\u044c\u043a\u0438\u0445 \u043e\u0442\u043f\u0440\u0430\u0432\u043b\u0435\u043d\u0438\u0439 \u0432 \u0442\u0435\u0447\u0435\u043d\u0438\u0435 \u0434\u043d\u044f<\/li>\n<li>\u041d\u0430\u0441\u043b\u0430\u0436\u0434\u0430\u0439\u0442\u0435\u0441\u044c \u0444\u0430\u043d\u0442\u0430\u0441\u0442\u0438\u0447\u0435\u0441\u043a\u0438\u043c\u0438 \u0432\u0438\u0434\u0430\u043c\u0438 \u0441 \u0432\u043e\u0437\u0434\u0443\u0445\u0430<\/li>\n<li>\u0414\u0440\u0443\u0436\u043d\u0430\u044f \u0441\u0435\u043c\u044c\u044f<\/li>\n<li>\u0417\u0430\u0435\u0437\u0434 \u0438\u0437 \u0446\u0435\u043d\u0442\u0440\u0430\u043b\u044c\u043d\u043e\u0433\u043e \u043f\u0443\u043d\u043a\u0442\u0430 \u0432\u0441\u0442\u0440\u0435\u0447\u0438<\/li>\n<li>\u0420\u043e\u043c\u0430\u043d\u0442\u0438\u0447\u0435\u0441\u043a\u0438\u0439 \u043e\u043f\u044b\u0442, \u0438\u0434\u0435\u0430\u043b\u044c\u043d\u044b\u0439 \u0434\u043b\u044f \u043f\u0430\u0440<\/li>\n<\/ul>\n<p>&nbsp;<\/p>\n<h4><b>\u0412\u043a\u043b\u044e\u0447\u0435\u043d\u0438\u044f \u0438 \u0438\u0441\u043a\u043b\u044e\u0447\u0435\u043d\u0438\u044f<\/b><\/h4>\n<p>&nbsp;<\/p>\n<p><b>\u0412\u043a\u043b\u044e\u0447\u0435\u043d\u0438\u044f<\/b><\/p>\n<p>&nbsp;<\/p>\n<ol>\n<li>\u041f\u0430\u0440\u0430\u0441\u0430\u043b\u0438\u043d\u0433 \u0442\u0443\u0440<\/li>\n<li>\u0410\u0432\u0442\u043e\u0431\u0443\u0441 \u0437\u0430\u0431\u0438\u0440\u0430\u0435\u0442 \u0438\u0437 \u0432\u0430\u0448\u0435\u0433\u043e \u043e\u0442\u0435\u043b\u044f<\/li>\n<li style=\"font-weight: 400;\"><span style=\"font-weight: 400;\">\u0412\u0441\u0435 \u043d\u0430\u043b\u043e\u0433\u0438, \u0441\u0431\u043e\u0440\u044b \u0438 \u0441\u0431\u043e\u0440\u044b \u0437\u0430 \u043e\u0431\u0440\u0430\u0431\u043e\u0442\u043a\u0443<\/span><\/li>\n<li style=\"font-weight: 400;\"><span style=\"font-weight: 400;\">\u041c\u0435\u0441\u0442\u043d\u044b\u0435 \u043d\u0430\u043b\u043e\u0433\u0438<\/span><\/li>\n<li style=\"font-weight: 400;\"><span style=\"font-weight: 400;\">\u041d\u0430\u043f\u0438\u0442\u043a\u0438<\/span><\/li>\n<\/ol>\n<p><b> \u0418\u0441\u043a\u043b\u044e\u0447\u0435\u043d\u0438\u044f<\/b><\/p>\n<ol>\n<li style=\"font-weight: 400;\"><span style=\"font-weight: 400;\">\u0427\u0430\u0435\u0432\u044b\u0435<\/span><\/li>\n<li>\u041e\u0431\u0435\u0434<\/li>\n<\/ol>\n<p>&nbsp;<\/p>\n<h4><em><strong>\u041e\u0442\u043f\u0440\u0430\u0432\u043b\u0435\u043d\u0438\u0435 \u0438 \u0432\u043e\u0437\u0432\u0440\u0430\u0449\u0435\u043d\u0438\u0435<\/strong><\/em><\/h4>\n<p><span style=\"font-weight: 400;\">\u041f\u0443\u0442\u0435\u0448\u0435\u0441\u0442\u0432\u0435\u043d\u043d\u0438\u043a \u043f\u043e\u043b\u0443\u0447\u0438\u0442 \u043c\u0435\u0441\u0442\u043e \u0432\u0441\u0442\u0440\u0435\u0447\u0438 \u043f\u043e\u0441\u043b\u0435 \u043f\u0440\u043e\u0446\u0435\u0441\u0441\u0430 \u0431\u0440\u043e\u043d\u0438\u0440\u043e\u0432\u0430\u043d\u0438\u044f. \u0422\u0443\u0440\u044b \u043d\u0430\u0447\u0438\u043d\u0430\u044e\u0442\u0441\u044f \u0438 \u0437\u0430\u043a\u0430\u043d\u0447\u0438\u0432\u0430\u044e\u0442\u0441\u044f \u0432 \u043d\u0430\u0448\u0438\u0445 \u043c\u0435\u0441\u0442\u0430\u0445 \u0432\u0441\u0442\u0440\u0435\u0447\u0438.<\/span><\/p>\n<p>&nbsp;<\/p>\n<h4><b><i>\u0427\u0442\u043e \u043e\u0436\u0438\u0434\u0430\u0442\u044c?<\/i><\/b><\/h4>\n<p>\u041f\u0440\u0435\u0434\u0441\u0442\u0430\u0432\u044c\u0442\u0435, \u0447\u0442\u043e \u0432\u044b \u043f\u043e\u0434\u043d\u044f\u043b\u0438\u0441\u044c \u043d\u0430 150 \u0444\u0443\u0442\u043e\u0432 \u0432 \u0432\u043e\u0437\u0434\u0443\u0445, \u043f\u0440\u043e\u0445\u043b\u0430\u0434\u043d\u044b\u0439 \u0432\u0435\u0442\u0435\u0440 \u043b\u0430\u0441\u043a\u0430\u0435\u0442 \u0432\u0430\u0448\u0435 \u043b\u0438\u0446\u043e, \u0430 \u0438\u0437 \u043e\u043a\u043d\u0430 \u043e\u0442\u043a\u0440\u044b\u0432\u0430\u0435\u0442\u0441\u044f \u0437\u0430\u0445\u0432\u0430\u0442\u044b\u0432\u0430\u044e\u0449\u0438\u0439 \u0432\u0438\u0434 \u043d\u0430 \u043f\u043e\u0431\u0435\u0440\u0435\u0436\u044c\u0435 \u0411\u0430\u0432\u0430\u0440\u043e - \u041f\u0443\u043d\u0442\u0430-\u041a\u0430\u043d\u0430. \u0425\u0432\u0430\u0442\u0438\u0442 \u0444\u0430\u043d\u0442\u0430\u0437\u0438\u0440\u043e\u0432\u0430\u0442\u044c, \u043f\u0440\u0438\u0441\u043e\u0435\u0434\u0438\u043d\u044f\u0439\u0442\u0435\u0441\u044c \u043a \u043d\u0430\u043c \u0438 \u043e\u0442\u043f\u0440\u0430\u0432\u043b\u044f\u0439\u0442\u0435\u0441\u044c \u0432 \u0437\u0430\u0445\u0432\u0430\u0442\u044b\u0432\u0430\u044e\u0449\u0435\u0435 \u043f\u0443\u0442\u0435\u0448\u0435\u0441\u0442\u0432\u0438\u0435 \u043d\u0430 \u043f\u0430\u0440\u0430\u0441\u0435\u0439\u043b\u0438\u043d\u0433\u0435, \u043a\u043e\u0442\u043e\u0440\u043e\u0435 \u0441\u0442\u0430\u043d\u0435\u0442 \u043f\u043e\u0438\u0441\u0442\u0438\u043d\u0435 \u043d\u0435\u0437\u0430\u0431\u044b\u0432\u0430\u0435\u043c\u044b\u043c. \u0412\u0430\u043c \u043f\u043e\u043d\u0430\u0434\u043e\u0431\u044f\u0442\u0441\u044f \u0442\u043e\u043b\u044c\u043a\u043e \u0441\u043e\u043b\u043d\u0446\u0435\u0437\u0430\u0449\u0438\u0442\u043d\u044b\u0439 \u043a\u0440\u0435\u043c \u0438 \u043a\u0443\u043f\u0430\u043b\u044c\u043d\u044b\u0439 \u043a\u043e\u0441\u0442\u044e\u043c, \u043f\u043e\u043a\u0430 \u0432\u044b \u0431\u0443\u0434\u0435\u0442\u0435 \u043d\u0430\u0441\u043b\u0430\u0436\u0434\u0430\u0442\u044c\u0441\u044f \u043e\u0441\u0442\u0440\u044b\u043c\u0438 \u043e\u0449\u0443\u0449\u0435\u043d\u0438\u044f\u043c\u0438 \u043e\u0442 \u043a\u0430\u0442\u0430\u043d\u0438\u044f. \u041b\u0435\u0442\u0430\u0439\u0442\u0435 \u0441 \u0432\u0435\u0434\u0443\u0449\u0435\u0439 \u043f\u0430\u0440\u0430\u0441\u0435\u0439\u043b\u0438\u043d\u0433\u043e\u0432\u043e\u0439 \u043a\u043e\u043c\u043f\u0430\u043d\u0438\u0435\u0439 \u0414\u043e\u043c\u0438\u043d\u0438\u043a\u0430\u043d\u0441\u043a\u043e\u0439 \u0420\u0435\u0441\u043f\u0443\u0431\u043b\u0438\u043a\u0438. \u0421\u0432\u044b\u0448\u0435 60 000 \u043f\u043e\u043b\u0435\u0442\u043e\u0432 \u0441 2001 \u0433\u043e\u0434\u0430, \u043d\u0430\u0448\u0438 \u043e\u043f\u044b\u0442\u043d\u044b\u0435 \u043a\u0430\u043f\u0438\u0442\u0430\u043d\u044b \u0438 \u043a\u043e\u043c\u0430\u043d\u0434\u0430 \u044f\u0432\u043b\u044f\u044e\u0442\u0441\u044f \u043e\u0434\u043d\u0438\u043c\u0438 \u0438\u0437 \u0441\u0430\u043c\u044b\u0445 \u043e\u043f\u044b\u0442\u043d\u044b\u0445 \u0432 \u044d\u0442\u043e\u043c \u0431\u0438\u0437\u043d\u0435\u0441\u0435.<\/p>\n<p><strong>\u0420\u0430\u0441\u043f\u0438\u0441\u0430\u043d\u0438\u0435:<\/strong><\/p>\n<p>7:00 \u0443\u0442\u0440\u0430 - 7:00 \u0432\u0435\u0447\u0435\u0440\u0430... \u0412\u0440\u0435\u043c\u044f \u043c\u0435\u043d\u044f\u0435\u0442\u0441\u044f \u0432 \u0437\u0430\u0432\u0438\u0441\u0438\u043c\u043e\u0441\u0442\u0438 \u043e\u0442 \u0442\u043e\u0433\u043e, \u0432 \u043a\u0430\u043a\u043e\u043c \u0440\u0430\u0439\u043e\u043d\u0435 \u041f\u0443\u043d\u0442\u0430-\u041a\u0430\u043d\u044b \u0432\u044b \u043d\u0430\u0445\u043e\u0434\u0438\u0442\u0435\u0441\u044c.<\/p>\n<p>&nbsp;<\/p>\n<h4><em><strong>\u0427\u0442\u043e \u0432\u0430\u043c \u0441\u043b\u0435\u0434\u0443\u0435\u0442 \u0432\u0437\u044f\u0442\u044c \u0441 \u0441\u043e\u0431\u043e\u0439?<\/strong><\/em><\/h4>\n<ul>\n<li style=\"font-weight: 400;\"><span style=\"font-weight: 400;\">\u043a\u0430\u043c\u0435\u0440\u0430<\/span><\/li>\n<li style=\"font-weight: 400;\"><span style=\"font-weight: 400;\">\u0420\u0435\u043f\u0435\u043b\u043b\u0435\u043d\u0442\u043d\u044b\u0435 \u0431\u0443\u0442\u043e\u043d\u044b<\/span><\/li>\n<li style=\"font-weight: 400;\"><span style=\"font-weight: 400;\">\u043a\u0440\u0435\u043c \u0434\u043b\u044f \u0437\u0430\u0433\u0430\u0440\u0430<\/span><\/li>\n<li style=\"font-weight: 400;\"><span style=\"font-weight: 400;\">\u0428\u0430\u043f\u043a\u0430<\/span><\/li>\n<li style=\"font-weight: 400;\"><span style=\"font-weight: 400;\">\u0423\u0434\u043e\u0431\u043d\u044b\u0435 \u0431\u0440\u044e\u043a\u0438<\/span><\/li>\n<li style=\"font-weight: 400;\"><span style=\"font-weight: 400;\">\u041f\u043e\u0445\u043e\u0434\u043d\u0430\u044f \u043e\u0431\u0443\u0432\u044c \u0434\u043b\u044f \u043b\u0435\u0441\u0430<\/span><\/li>\n<li style=\"font-weight: 400;\"><span style=\"font-weight: 400;\">\u0421\u0430\u043d\u0434\u0430\u043b\u0438\u0438 \u0434\u043b\u044f \u043f\u043b\u044f\u0436\u0430<\/span><\/li>\n<li style=\"font-weight: 400;\"><span style=\"font-weight: 400;\">\u041e\u0434\u0435\u0436\u0434\u0430 \u0434\u043b\u044f \u043f\u043b\u0430\u0432\u0430\u043d\u0438\u044f<\/span><\/li>\n<li>\u041d\u0430\u043b\u0438\u0447\u043d\u044b\u0435 \u0434\u0435\u043d\u044c\u0433\u0438 \u043d\u0430 \u0441\u0443\u0432\u0435\u043d\u0438\u0440\u044b<\/li>\n<\/ul>\n<p>&nbsp;<\/p>\n<h4><b><i>\u0412\u0441\u0442\u0440\u0435\u0447\u0430 \u0432 \u043e\u0442\u0435\u043b\u0435 <\/i><\/b><\/h4>\n<p><span style=\"font-weight: 400;\">\u041f\u0440\u0435\u0434\u043b\u0430\u0433\u0430\u0435\u0442\u0441\u044f \u0443\u0441\u043b\u0443\u0433\u0430 \u043f\u043e\u0434\u0432\u043e\u0437\u0430 \u043f\u0443\u0442\u0435\u0448\u0435\u0441\u0442\u0432\u0435\u043d\u043d\u0438\u043a\u043e\u0432!<\/span><\/p>\n<p><span style=\"font-weight: 400;\">\u041c\u044b \u0437\u0430\u0431\u0438\u0440\u0430\u0435\u043c \u0433\u043e\u0441\u0442\u0435\u0439 \u0438\u0437 \u0432\u0441\u0435\u0445 \u043e\u0442\u0435\u043b\u0435\u0439 \u041f\u0443\u043d\u0442\u0430-\u041a\u0430\u043d\u044b. \u041c\u0435\u0441\u0442\u043e \u0432\u0441\u0442\u0440\u0435\u0447\u0438 - \u043b\u043e\u0431\u0431\u0438 \u043e\u0442\u0435\u043b\u044f<br \/>\n\u0415\u0441\u043b\u0438 \u0432\u044b \u043e\u0441\u0442\u0430\u043d\u043e\u0432\u0438\u043b\u0438\u0441\u044c \u0432 \u043a\u043e\u043d\u0434\u043e\u043c\u0438\u043d\u0438\u0443\u043c\u0435 \u0432 \u044d\u0442\u043e\u043c \u0440\u0430\u0439\u043e\u043d\u0435, \u043c\u044b \u0437\u0430\u0431\u0435\u0440\u0435\u043c \u0432\u0430\u0441 \u0443 \u043a\u043e\u043d\u0434\u043e\u043c\u0438\u043d\u0438\u0443\u043c\u0430 \u0438\u043b\u0438 \u0443 \u0432\u0445\u043e\u0434\u0430 \u0432 \u0431\u043b\u0438\u0436\u0430\u0439\u0448\u0438\u0439 \u043a\u0443\u0440\u043e\u0440\u0442... \u041c\u044b \u043e\u0440\u0433\u0430\u043d\u0438\u0437\u0443\u0435\u043c \u0432\u0441\u0442\u0440\u0435\u0447\u0443, \u0441\u0432\u044f\u0437\u0430\u0432\u0448\u0438\u0441\u044c \u0441 \u043d\u0430\u043c\u0438 \u043f\u043e Whatsapp.<\/span><\/p>\n<p><b>\u041f\u0440\u0438\u043c\u0435\u0447\u0430\u043d\u0438\u0435:<\/b><span style=\"font-weight: 400;\"> \u0415\u0441\u043b\u0438 \u0432\u044b \u0431\u0440\u043e\u043d\u0438\u0440\u0443\u0435\u0442\u0435 \u0431\u0438\u043b\u0435\u0442 \u0432 \u0442\u0435\u0447\u0435\u043d\u0438\u0435 24 \u0447\u0430\u0441\u043e\u0432 \u0434\u043e \u0432\u0440\u0435\u043c\u0435\u043d\u0438 \u043e\u0442\u043f\u0440\u0430\u0432\u043b\u0435\u043d\u0438\u044f \u0442\u0443\u0440\u0430\/\u044d\u043a\u0441\u043a\u0443\u0440\u0441\u0438\u0438, \u043c\u044b \u043c\u043e\u0436\u0435\u043c \u043e\u0440\u0433\u0430\u043d\u0438\u0437\u043e\u0432\u0430\u0442\u044c \u0442\u0440\u0430\u043d\u0441\u0444\u0435\u0440 \u0438\u0437 \u043e\u0442\u0435\u043b\u044f. \u041f\u043e\u0441\u043b\u0435 \u0437\u0430\u0432\u0435\u0440\u0448\u0435\u043d\u0438\u044f \u043f\u043e\u043a\u0443\u043f\u043a\u0438 \u043c\u044b \u0432\u044b\u0448\u043b\u0435\u043c \u0432\u0430\u043c \u043f\u043e\u043b\u043d\u0443\u044e \u043a\u043e\u043d\u0442\u0430\u043a\u0442\u043d\u0443\u044e \u0438\u043d\u0444\u043e\u0440\u043c\u0430\u0446\u0438\u044e (\u043d\u043e\u043c\u0435\u0440 \u0442\u0435\u043b\u0435\u0444\u043e\u043d\u0430, \u0430\u0434\u0440\u0435\u0441 \u044d\u043b\u0435\u043a\u0442\u0440\u043e\u043d\u043d\u043e\u0439 \u043f\u043e\u0447\u0442\u044b \u0438 \u0442. \u0434.) \u0434\u043b\u044f \u043d\u0430\u0448\u0435\u0433\u043e \u043c\u0435\u0441\u0442\u043d\u043e\u0433\u043e \u0433\u0438\u0434\u0430, \u0447\u0442\u043e\u0431\u044b \u043e\u0440\u0433\u0430\u043d\u0438\u0437\u043e\u0432\u0430\u0442\u044c \u0432\u0441\u0442\u0440\u0435\u0447\u0443.<\/span><\/p>\n<h4><b><i>\u0414\u043e\u043f\u043e\u043b\u043d\u0438\u0442\u0435\u043b\u044c\u043d\u0430\u044f \u0438\u043d\u0444\u043e\u0440\u043c\u0430\u0446\u0438\u044f \u041f\u043e\u0434\u0442\u0432\u0435\u0440\u0436\u0434\u0435\u043d\u0438\u0435 <\/i><\/b><\/h4>\n<ol>\n<li>\u0411\u0438\u043b\u0435\u0442\u044b \u044f\u0432\u043b\u044f\u044e\u0442\u0441\u044f \u041a\u0432\u0438\u0442\u0430\u043d\u0446\u0438\u0435\u0439 \u043f\u043e\u0441\u043b\u0435 \u043e\u043f\u043b\u0430\u0442\u044b \u0434\u0430\u043d\u043d\u043e\u0433\u043e \u0422\u0443\u0440\u0430. \u0412\u044b \u043c\u043e\u0436\u0435\u0442\u0435 \u043f\u043e\u043a\u0430\u0437\u0430\u0442\u044c \u043f\u043b\u0430\u0442\u0435\u0436 \u043d\u0430 \u0441\u0432\u043e\u0435\u043c \u0442\u0435\u043b\u0435\u0444\u043e\u043d\u0435.<\/li>\n<li style=\"font-weight: 400;\"><span style=\"font-weight: 400;\">\u041c\u0435\u0441\u0442\u043e \u0432\u0441\u0442\u0440\u0435\u0447\u0438 \u0431\u0443\u0434\u0435\u0442 \u043f\u043e\u043b\u0443\u0447\u0435\u043d\u043e \u043f\u043e\u0441\u043b\u0435 \u043f\u0440\u043e\u0446\u0435\u0441\u0441\u0430 \u0431\u0440\u043e\u043d\u0438\u0440\u043e\u0432\u0430\u043d\u0438\u044f.<\/span><\/li>\n<li style=\"font-weight: 400;\"><span style=\"font-weight: 400;\">\u0414\u0435\u0442\u0438 \u0434\u043e\u043b\u0436\u043d\u044b \u0431\u044b\u0442\u044c \u0432 \u0441\u043e\u043f\u0440\u043e\u0432\u043e\u0436\u0434\u0435\u043d\u0438\u0438 \u0432\u0437\u0440\u043e\u0441\u043b\u043e\u0433\u043e.<\/span><\/li>\n<li style=\"font-weight: 400;\"><span style=\"font-weight: 400;\">\u0434\u043e\u0441\u0442\u0443\u043f\u043d\u044b\u0439 \u0434\u043b\u044f \u0438\u043d\u0432\u0430\u043b\u0438\u0434\u043d\u043e\u0439 \u043a\u043e\u043b\u044f\u0441\u043a\u0438 <\/span><\/li>\n<li style=\"font-weight: 400;\"><span style=\"font-weight: 400;\">\u041c\u043b\u0430\u0434\u0435\u043d\u0446\u044b \u0434\u043e\u043b\u0436\u043d\u044b \u0441\u0438\u0434\u0435\u0442\u044c \u043d\u0430 \u043a\u043e\u043b\u0435\u043d\u044f\u0445 <\/span><\/li>\n<li style=\"font-weight: 400;\"><span style=\"font-weight: 400;\">\u0411\u043e\u043b\u044c\u0448\u0438\u043d\u0441\u0442\u0432\u043e \u043f\u0443\u0442\u0435\u0448\u0435\u0441\u0442\u0432\u0435\u043d\u043d\u0438\u043a\u043e\u0432 \u043c\u043e\u0433\u0443\u0442 \u043f\u0440\u0438\u043d\u044f\u0442\u044c \u0443\u0447\u0430\u0441\u0442\u0438\u0435<\/span><\/li>\n<\/ol>\n<h4><b><i>\u041f\u043e\u043b\u0438\u0442\u0438\u043a\u0430 \u043e\u0442\u043c\u0435\u043d\u044b<\/i><\/b><\/h4>\n<p>For a full refund, please read our Cancellations policies\u00a0<a href=\"https:\/\/www.ticketswhales.com\/online-booking\/\" target=\"_blank\" rel=\"noopener\" data-saferedirecturl=\"https:\/\/www.google.com\/url?q=https:\/\/www.ticketswhales.com\/online-booking\/&amp;source=gmail&amp;ust=1672532492004000&amp;usg=AOvVaw3ylqI1cdbIPTimEqEWneyd\">Click here<\/a>. Funds will be lost if the reservation is cancelled the same day of the trip.<\/p>\n\n\t\t<\/div>\n\t<\/div>\n<\/div><\/div><\/div><\/div><div class=\"vc_row wpb_row vc_row-fluid\" ><div class=\"wpb_column vc_column_container vc_col-sm-12\"><div class=\"vc_column-inner\"><div class=\"wpb_wrapper\">\n\t<div class=\"wpb_text_column wpb_content_element\" >\n\t\t<div class=\"wpb_wrapper\">\n\t\t\t<h4>\u0421\u0432\u044f\u0437\u0430\u0442\u044c\u0441\u044f \u0441 \u043d\u0430\u043c\u0438?<\/h4>\n<h5><em><strong>\u0411\u0440\u043e\u043d\u0438\u0440\u043e\u0432\u0430\u043d\u0438\u0435 \u043f\u0440\u0438\u043a\u043b\u044e\u0447\u0435\u043d\u0438\u0439<\/strong><\/em><\/h5>\n<p><em><strong>\u041c\u0435\u0441\u0442\u043d\u044b\u0435 \u0436\u0438\u0442\u0435\u043b\u0438<\/strong> \u0438 <strong>\u0433\u0440\u0430\u0436\u0434\u0430\u043d\u0435<\/strong> \u0413\u0438\u0434\u044b \u0438 \u0443\u0441\u043b\u0443\u0433\u0438 \u0434\u043b\u044f \u0433\u043e\u0441\u0442\u0435\u0439<\/em><\/p>\n<p><span class=\"text-turquoise\">\u0411\u0440\u043e\u043d\u0438\u0440\u043e\u0432\u0430\u043d\u0438\u0435:<\/span> \u0422\u0443\u0440\u044b \u0438 \u044d\u043a\u0441\u043a\u0443\u0440\u0441\u0438\u0438 \u0432 \u0414\u043e\u043c\u0435 \u0420\u0435\u0441\u043f.<\/p>\n\n\t\t<\/div>\n\t<\/div>\n<\/div><\/div><\/div><\/div><div class=\"vc_row wpb_row vc_row-fluid\" ><\/div><div class=\"wpb_column vc_column_container vc_col-sm-12\"><div class=\"vc_column-inner\"><div class=\"wpb_wrapper\"><\/div><\/div><\/div>\n\t<div class=\"wpb_text_column wpb_content_element\" >\n\t\t<div class=\"wpb_wrapper\">\n\t\t\t<p>I am text block. Click edit button to change this text. Lorem ipsum dolor sit amet, consectetur adipiscing elit. Ut elit tellus, luctus nec ullamcorper mattis, pulvinar dapibus leo.<\/p>\n\n\t\t<\/div>\n\t<\/div>\n<div class=\"vc_empty_space\"   style=\"height: 32px\"><span class=\"vc_empty_space_inner\"><\/span><\/div><div class=\"vc_row wpb_row vc_row-fluid\" ><div class=\"wpb_column vc_column_container vc_col-sm-12\"><div class=\"vc_column-inner\"><div class=\"wpb_wrapper\"><div class=\"vc_btn3-container vc_btn3-inline\" ><button class=\"vc_general vc_btn3 vc_btn3-size-md vc_btn3-shape-rounded vc_btn3-style-modern vc_btn3-color-green\">\u0417\u0410\u0411\u0420\u041e\u041d\u0418\u0420\u0423\u0419\u0422\u0415 \u0421\u0415\u0419\u0427\u0410\u0421<\/button><\/div><\/div><\/div><\/div><\/div>","protected":false},"excerpt":{"rendered":"<p><span style=\"vertical-align: inherit;\"><span style=\"vertical-align: inherit;\">Parasailing en Punta Cana es una aventura incre\u00edble y una de las mejores cosas para hacer en Punta Cana. <\/span><span style=\"vertical-align: inherit;\">La costa desde 200 pies en el aire, mientras navega, es absolutamente impresionante.<\/span><\/span><\/p>\n<p><span style=\"vertical-align: inherit;\"><span style=\"vertical-align: inherit;\">El parasailing es una experiencia sencilla y divertida para todos los miembros de la familia. <\/span><span style=\"vertical-align: inherit;\">Como la principal empresa de parasailing y aventura en Rep\u00fablica Dominicana, nuestro equipo de Parasailing se encuentra entre los m\u00e1s experimentados en Punta Cana, con m\u00e1s de 16 a\u00f1os de experiencia en vuelos. <\/span><span style=\"vertical-align: inherit;\">Puede disfrutar de unos 15 minutos de vuelo mientras disfruta de la hermosa vista panor\u00e1mica.<\/span><\/span><\/p>\n<p>&nbsp;<\/p>\n<p><em><strong><span style=\"vertical-align: inherit;\"><span style=\"vertical-align: inherit;\">Seleccione la fecha para el tour\u00a0<\/span><\/span><\/strong><\/em><\/p>","protected":false},"featured_media":454,"template":"","meta":[],"product_brand":[],"product_cat":[576,359,569,305,122,259],"product_tag":[167,360,361,141,362,228,171],"class_list":{"0":"post-11666","1":"product","2":"type-product","3":"status-publish","4":"has-post-thumbnail","6":"product_cat-1-punta-cana","7":"product_cat-parasaling","8":"product_cat-punta-cana-group-tours","9":"product_cat-tours-and-excursion-punta-cana","10":"product_cat-tours-and-excursions","11":"product_cat-tours-excursions-punta-cana-dominican-republic","12":"product_tag-catamaran","13":"product_tag-parasail-punta-cana","14":"product_tag-parasailing-in-punta-cana","15":"product_tag-punta-cana","16":"product_tag-punta-cana-catamaran-party-with-snorkeling-and-parasailing","17":"product_tag-punta-cana-tours","18":"product_tag-saona-island","20":"first","21":"instock","22":"sale","23":"featured","24":"sold-individually","25":"shipping-taxable","26":"product-type-external"},"_links":{"self":[{"href":"https:\/\/haitises.com\/ru\/wp-json\/wp\/v2\/product\/11666","targetHints":{"allow":["GET"]}}],"collection":[{"href":"https:\/\/haitises.com\/ru\/wp-json\/wp\/v2\/product"}],"about":[{"href":"https:\/\/haitises.com\/ru\/wp-json\/wp\/v2\/types\/product"}],"wp:featuredmedia":[{"embeddable":true,"href":"https:\/\/haitises.com\/ru\/wp-json\/wp\/v2\/media\/454"}],"wp:attachment":[{"href":"https:\/\/haitises.com\/ru\/wp-json\/wp\/v2\/media?parent=11666"}],"wp:term":[{"taxonomy":"product_brand","embeddable":true,"href":"https:\/\/haitises.com\/ru\/wp-json\/wp\/v2\/product_brand?post=11666"},{"taxonomy":"product_cat","embeddable":true,"href":"https:\/\/haitises.com\/ru\/wp-json\/wp\/v2\/product_cat?post=11666"},{"taxonomy":"product_tag","embeddable":true,"href":"https:\/\/haitises.com\/ru\/wp-json\/wp\/v2\/product_tag?post=11666"}],"curies":[{"name":"wp","href":"https:\/\/api.w.org\/{rel}","templated":true}]}}