{"id":597,"date":"2020-07-03T18:18:34","date_gmt":"2020-07-03T18:18:34","guid":{"rendered":"http:\/\/haitises.com\/?post_type=product&#038;p=597"},"modified":"2024-04-16T18:07:59","modified_gmt":"2024-04-16T18:07:59","slug":"excursion-de-medio-dia-de-observacion-de-ballenas","status":"publish","type":"product","link":"https:\/\/haitises.com\/ro\/privat\/excursion-de-medio-dia-de-observacion-de-ballenas\/","title":{"rendered":"Tur de observare a balenelor de jum\u0103tate de zi"},"content":{"rendered":"<div class=\"vc_row wpb_row vc_row-fluid\" ><div class=\"wpb_column vc_column_container vc_col-sm-12\"><div class=\"vc_column-inner\"><div class=\"wpb_wrapper\">[mkdf_section_title subtitle_tag=\u00bb\u00bb subtitle=\u00bbMa\u00f1ana o tarde\u00bb]<\/div><\/div><\/div><\/div><div class=\"vc_row wpb_row vc_row-fluid\" ><div class=\"wpb_column vc_column_container vc_col-sm-12\"><div class=\"vc_column-inner\"><div class=\"wpb_wrapper\">\n\t<div class=\"wpb_text_column wpb_content_element\" >\n\t\t<div class=\"wpb_wrapper\">\n\t\t\t<h2>Excursi\u00f3n de Avistamiento de ballenas de medio d\u00eda Saman\u00e1 en catamar\u00e1n<\/h2>\n<h3>Descriere<\/h3>\n<p>Despu\u00e9s de abordar la embarcaci\u00f3n para visitar a las ballenas en su propio h\u00e1bitat. Nuestros capitanes est\u00e1n entrenados para asegurarse de que vean ballenas.<\/p>\n<p>De 9:00 a.m. a 12: 00 a mediod\u00eda o privado m\u00ednimo 4 personas de 1:00 p.m. a 3:30 p.m. Observatorio o avistamiento de ballenas y despu\u00e9s de este viaje de observaci\u00f3n de ballenas, volvemos al puerto principal de Saman\u00e1.<\/p>\n<p><strong>Not\u0103<\/strong>: Este tour no es privado. Si desea establecer un recorrido privado, cont\u00e1ctenos.<\/p>\n<ul>\n<li>Avistamiento de ballenas<\/li>\n<li>Transferencia de catamar\u00e1n en barco<\/li>\n<li>C\u0103pitanul ofer\u0103 instruc\u021bie \u0219i supraveghere.<\/li>\n<li>Gu\u00eda tur\u00edstico<\/li>\n<\/ul>\n<h3><em>Incluziuni \u0219i excluderi<\/em><\/h3>\n<h4>Incluziuni<\/h4>\n<ol>\n<li>Gu\u00eda tur\u00edstico<\/li>\n<li>Catamar\u00e1n o paseo en barco<\/li>\n<li>Toate taxele, taxele \u0219i taxele de manipulare<\/li>\n<li>Taxe locale<\/li>\n<li>B\u0103uturi<\/li>\n<li>Tabletas de Dramamine (Opcional)<\/li>\n<li>Tasas de entrada al Santuario. (Pulsera)<\/li>\n<\/ol>\n<h4>Excluderile<\/h4>\n<ol>\n<li>sfaturi<\/li>\n<li>Transfer auto<\/li>\n<li>B\u0103uturi alcoolice<\/li>\n<\/ol>\n<h3>Plecare si intoarcere<\/h3>\n<p>C\u0103l\u0103torul va primi un punct de \u00eent\u00e2lnire dup\u0103 procesul de rezervare. Tururile \u00eencep \u0219i se termin\u0103 la punctele noastre de \u00eent\u00e2lnire.<\/p>\n<p>Avistamiento de ballenas de medio d\u00eda Saman\u00e1 en catamar\u00e1n.<\/p>\n<h3><em>La ce s\u0103 te a\u0219tep\u021bi?<\/em><\/h3>\n<p>Obtenga sus boletos para un viaje de medio d\u00eda de avistamiento de ballenas en la bah\u00eda de Saman\u00e1.<\/p>\n<p>El viaje de avistamiento de ballenas de medio d\u00eda, organizado por \u00abBooking Adventures\u00bb comienza en el punto de encuentro establecido con el gu\u00eda tur\u00edstico. El almuerzo en la playa no est\u00e1 incluido en este tour.<\/p>\n<p><strong>Programa:<\/strong><\/p>\n<p>8:45 AM &#8211; 12: 30 PM<\/p>\n<p>1: 00 Pm &#8211; 3: 30 PM. (Normalmente puede ser un viaje privado m\u00ednimo 4 personas o cont\u00e1ctenos).<\/p>\n<p>El tiempo puede cambiar dependiendo de cu\u00e1ntas ballenas vemos.<\/p>\n<h3><em>Ce ar trebui s\u0103 aduci?<\/em><\/h3>\n<ul>\n<li>aparat foto<\/li>\n<li>Repelente<\/li>\n<li>protec\u021bie solar\u0103<\/li>\n<li>P\u0103l\u0103rie<\/li>\n<li>Pantaloni comozi<\/li>\n<li>Costum de baie<\/li>\n<li>Efectivo para souvenirs<\/li>\n<\/ul>\n<h3><em>Preluare la hotel<\/em><\/h3>\n<p>Preluarea de la hotel nu este oferit\u0103 pentru acest tur.<\/p>\n<p><strong>Not\u0103:<\/strong> Dac\u0103 rezerva\u021bi \u00een termen de 24 de ore de la ora de plecare a turului\/excursiei, putem aranja preluarea de la hotel cu taxe suplimentare. Odat\u0103 ce achizi\u021bia dvs. este finalizat\u0103, v\u0103 vom trimite informa\u021bii complete de contact (num\u0103r de telefon, adres\u0103 de e-mail etc.) pentru ghidul nostru local pentru a aranja aranjamentele de ridicare.<\/p>\n<h3><em>Confirmarea informa\u021biilor suplimentare<\/em><\/h3>\n<ul>\n<li>Biletele sunt Chitan\u021ba dup\u0103 plata acestui Tur. Pute\u021bi afi\u0219a plata pe telefon.<\/li>\n<li>Punctul de \u00eent\u00e2lnire va fi primit dup\u0103 procesul de rezervare.<\/li>\n<li>Copiii trebuie s\u0103 fie \u00eenso\u021bi\u021bi de un adult.<\/li>\n<li>Accesible a silla de ruedas<\/li>\n<li>Los infantes deben sentarse en un asiento para beb\u00e9s o con un\u00a0 adulto<\/li>\n<li>Majoritatea c\u0103l\u0103torilor pot participa.<\/li>\n<\/ul>\n<h3><em>Politica de anulare<\/em><\/h3>\n<p>Pentru o rambursare complet\u0103, anula\u021bi cu cel pu\u021bin 24 de ore \u00eenainte de data \u00eenceperii experien\u021bei.<\/p>\n<h3><em>Cont\u00e1ctenos<\/em><br \/>\nTOUR BALLENAS SAMANA<\/h3>\n<p><em>Ghizi turistici locali \u0219i na\u021bionali \u0219i servicii pentru oaspe\u021bi<\/em><\/p>\n<p>Rezervari: Tururi si excursii in Dom. Reps.<\/p>\n<p>Tel\/Whatsapp +1-809-720-6035.<\/p>\n<p>info@bookingadventures.com.do<\/p>\n<p>Facem tururi private cu configura\u021bie flexibil\u0103 prin Whatsapp: +18097206035.<\/p>\n\n\t\t<\/div>\n\t<\/div>\n<\/div><\/div><\/div><\/div>","protected":false},"excerpt":{"rendered":"<p>Avistamiento de ballenas de medio d\u00eda Bah\u00eda de Saman\u00e1, Rep\u00fablica Dominicana. Excursi\u00f3n de observaci\u00f3n de ballenas desde el puerto de Saman\u00e1 en un c\u00f3modo catamar\u00e1n. Reserve para la ma\u00f1ana o para la tarde excursiones para avistar ballenas. Reserve ahora esta excursi\u00f3n en la bah\u00eda de Saman\u00e1 para una buena experiencia de viaje de observaci\u00f3n de ballenas.<\/p>\n<p><em><strong>Por favor, seleccione la fecha de la excursi\u00f3n:<\/strong><\/em><\/p>","protected":false},"featured_media":427,"template":"","meta":[],"product_brand":[],"product_cat":[335,443,124,232],"product_tag":[336,201,271,234,235,236,337,338,238],"class_list":{"0":"post-597","1":"product","2":"type-product","3":"status-publish","4":"has-post-thumbnail","6":"product_cat-half-day-whale-watching-samana-in-catamaran","7":"product_cat-tours-y-excursiones-es","8":"product_cat-tours-excursions-samana-bay-dominican-republic","9":"product_cat-whale-watching-samana","10":"product_tag-half-day-whale-watching-samana-in-catamaran-morning-or-afternoon","11":"product_tag-private-tours-samana","12":"product_tag-samana-whale-watching","13":"product_tag-whale-samana","14":"product_tag-whale-tours","15":"product_tag-whale-watching-dominican-republic","16":"product_tag-whale-watching-las-galeras","17":"product_tag-whale-watching-las-terrenas","18":"product_tag-whale-watching-samana","20":"first","21":"instock","22":"sale","23":"sold-individually","24":"shipping-taxable","25":"product-type-external"},"_links":{"self":[{"href":"https:\/\/haitises.com\/ro\/wp-json\/wp\/v2\/product\/597","targetHints":{"allow":["GET"]}}],"collection":[{"href":"https:\/\/haitises.com\/ro\/wp-json\/wp\/v2\/product"}],"about":[{"href":"https:\/\/haitises.com\/ro\/wp-json\/wp\/v2\/types\/product"}],"wp:featuredmedia":[{"embeddable":true,"href":"https:\/\/haitises.com\/ro\/wp-json\/wp\/v2\/media\/427"}],"wp:attachment":[{"href":"https:\/\/haitises.com\/ro\/wp-json\/wp\/v2\/media?parent=597"}],"wp:term":[{"taxonomy":"product_brand","embeddable":true,"href":"https:\/\/haitises.com\/ro\/wp-json\/wp\/v2\/product_brand?post=597"},{"taxonomy":"product_cat","embeddable":true,"href":"https:\/\/haitises.com\/ro\/wp-json\/wp\/v2\/product_cat?post=597"},{"taxonomy":"product_tag","embeddable":true,"href":"https:\/\/haitises.com\/ro\/wp-json\/wp\/v2\/product_tag?post=597"}],"curies":[{"name":"wp","href":"https:\/\/api.w.org\/{rel}","templated":true}]}}