{"id":556,"date":"2020-06-22T22:09:47","date_gmt":"2020-06-22T22:09:47","guid":{"rendered":"http:\/\/haitises.com\/?post_type=product&#038;p=556"},"modified":"2024-04-17T19:11:29","modified_gmt":"2024-04-17T19:11:29","slug":"excursion-a-los-haitises-desde-las-terrenas-medio-dia","status":"publish","type":"product","link":"https:\/\/haitises.com\/ro\/privat\/excursion-a-los-haitises-desde-las-terrenas-medio-dia\/","title":{"rendered":"Excursie la Los Haitises din Las Terrenas \u2013 Jumatate de zi"},"content":{"rendered":"<div class=\"vc_row wpb_row vc_row-fluid\" ><div class=\"wpb_column vc_column_container vc_col-sm-12\"><div class=\"vc_column-inner\"><div class=\"wpb_wrapper\">[mkdf_section_title subtitle_tag=\u00bb\u00bb subtitle=\u00bbTransporte y almuerzo incluidos\u00bb]<\/div><\/div><\/div><\/div><div class=\"vc_row wpb_row vc_row-fluid\" ><div class=\"wpb_column vc_column_container vc_col-sm-12\"><div class=\"vc_column-inner\"><div class=\"wpb_wrapper\">\n\t<div class=\"wpb_text_column wpb_content_element\" >\n\t\t<div class=\"wpb_wrapper\">\n\t\t\t<h2>Tour al Parque Nacional Los Haitises desde Las Terrenas de Saman\u00e1. Excursi\u00f3n de medio d\u00eda.<\/h2>\n<h5>Tour al Parque Nacional Los Haitises desde Las Terrenas de Saman\u00e1. Excursi\u00f3n de medio d\u00eda.<\/h5>\n<h3>Descriere<\/h3>\n<p>Tour al Parque Nacional Los Haitises desde Las Terrenas de Saman\u00e1. Excursi\u00f3n de medio d\u00eda. desde su hotel en Las Terrenas en Saman\u00e1. Conduciremos a la comunidad de S\u00e1nchez, donde se tomar\u00e1 el barco a trav\u00e9s de la bah\u00eda de Saman\u00e1. Visitando R\u00edo Naranjo, pasando por la Comunidad de Pescadores en el Parque Nacional Los Haitises, 3 Cuevas, la cueva Boca Tibur\u00f3n, la Isla Birding Key y Manglares en la Bah\u00eda de Saman\u00e1.<\/p>\n<p>Despu\u00e9s de esta experiencia, volver\u00e1 a la comunidad de Las Terrenas donde lo recogemos.<\/p>\n<ul>\n<li>Taxe incluse<\/li>\n<li>Masa de pranz<\/li>\n<li>Aperitivos<\/li>\n<li>Gu\u00eda de turismo local en ingl\u00e9s o franc\u00e9s<\/li>\n<li>Transport<\/li>\n<li>Viaje en barco<\/li>\n<\/ul>\n<h3>Incluziuni \u0219i excluderi<\/h3>\n<h4>Incluziuni<\/h4>\n<ol>\n<li>Tur Los Haitises + Pe\u0219teri \u0219i Pictograme<\/li>\n<li>Masa de pranz<\/li>\n<li>Toate taxele, taxele \u0219i taxele de manipulare.<\/li>\n<li>Taxe locale<\/li>\n<li>B\u0103uturi<\/li>\n<li>Aperitivos<\/li>\n<li>Toate activit\u0103\u021bile<\/li>\n<li>Ghid local<\/li>\n<\/ol>\n<h4>Excluderile<\/h4>\n<ol>\n<li>sfaturi<\/li>\n<li>B\u0103uturi alcoolice<\/li>\n<\/ol>\n<h3><em>Plecare si intoarcere<\/em><\/h3>\n<p>El viajero obtendr\u00e1 un punto de encuentro despu\u00e9s del proceso de reserva. Los recorridos comienzan y finalizan en sus puntos de encuentro.<\/p>\n<h5>Parque Nacional Los Haitises desde Las Terrenas<\/h5>\n<h3><em>La ce s\u0103 te a\u0219tep\u021bi?<\/em><\/h3>\n<p>Obtenga sus boletos para visitar el Parque Nacional Los Haitises desde Las Terrenas de Saman\u00e1. Excursi\u00f3n de medio d\u00eda. Comenzando desde Las Terrenas, Saman\u00e1 con transporte al puerto para abordar un bote con un gu\u00eda tur\u00edstico local, pasamos la bah\u00eda de Saman\u00e1 a Los Haitises, al lado de Sabana de la Mar para visitar uno de los parques nacionales m\u00e1s bellos de la Rep\u00fablica Dominicana. Parque Nacional Los Haitises.<\/p>\n<p>El recorrido, organizado por \u00abBooking Adventures\u00bb, comienza en el punto de encuentro establecido con el gu\u00eda tur\u00edstico. Ven con Booking Adventures y comienza a observar algunos manglares llenos de p\u00e1jaros, colinas onduladas de exuberante vegetaci\u00f3n y cuevas del Parque Nacional Los Haitises. Visitando la isla con p\u00e1jaros alrededor. En la temporada de anidaci\u00f3n, incluso podemos ver los polluelos de Pelecanos en los nidos. Entrar m\u00e1s en las Islas Rocosas y visitar las cuevas con pictograf\u00edas y petroglifos de los pueblos ind\u00edgenas.<\/p>\n<p>A trav\u00e9s de los manglares y la tierra en la bah\u00eda abierta de San Lorenzo, Sabana de la Mar, desde donde se puede fotografiar el paisaje forestal agreste. Mire el agua para ver manat\u00edes, crust\u00e1ceos y delfines.<\/p>\n<p>El nombre del parque nacional proviene de sus habitantes originales, los indios ta\u00ednos. En su idioma, \u00abHaitises\u00bb se traduce en tierras altas o colinas, una referencia a las empinadas formaciones geol\u00f3gicas de la costa con calizas. Avent\u00farate en el parque para explorar cuevas como la Cueva San Gabriel, la Cueva de la Arena y la Cueva de la L\u00ednea.<\/p>\n<p>Estas cuevas en la reserva fueron utilizadas como refugio por los indios ta\u00ednos y, m\u00e1s tarde, por esconder piratas. Busque dibujos de indios que decoran algunas de las paredes. Despu\u00e9s de visitar el Parque Nacional Los Haitises, regresaremos a Sanchez, Saman\u00e1.<\/p>\n<p>Pasando la bah\u00eda de Saman\u00e1 30 min. Tendremos un almuerzo t\u00edpico. Si eres vegano, no te preocupes, \u00a1tambi\u00e9n tenemos comida para ti!<\/p>\n<p>\u00a1Despu\u00e9s del almuerzo, regresamos a Las Terrenas!<\/p>\n<p>En caso de que le guste este viaje m\u00e1s largo o m\u00e1s corto, tenemos estas opciones:<\/p>\n<p>Solo Los Haitises del puerto de Saman\u00e1.<br \/>\nLos Haitises + Ca\u00f1o Hondo desde el puerto de Saman\u00e1.<\/p>\n<h3><em>Ce ar trebui s\u0103 aduci?<\/em><\/h3>\n<ul>\n<li>aparat foto<\/li>\n<li>Repelente<\/li>\n<li>Crem\u0103 de protec\u021bie solar\u0103<\/li>\n<li>P\u0103l\u0103rie<\/li>\n<li>Pantaloni comozi<\/li>\n<li>Pantofi de drume\u021bie \u00een p\u0103dure<\/li>\n<li>Sandale pentru zonele de prim\u0103var\u0103.<\/li>\n<li>Costum de baie<\/li>\n<\/ul>\n<h3><em>Preluare la hotel<\/em><\/h3>\n<p>Preluarea de la hotel nu este oferit\u0103 pentru acest tur.<\/p>\n<p><strong>Not\u0103:<\/strong> Dac\u0103 rezerva\u021bi \u00een termen de 24 de ore de la ora de plecare a turului\/excursiei, putem aranja preluarea de la hotel cu taxe suplimentare. Odat\u0103 ce achizi\u021bia dvs. este finalizat\u0103, v\u0103 vom trimite informa\u021bii complete de contact (num\u0103r de telefon, adres\u0103 de e-mail etc.) pentru ghidul nostru local pentru a aranja aranjamentele de ridicare.<\/p>\n<h3><em>Confirmarea informa\u021biilor suplimentare<\/em><\/h3>\n<ul>\n<li>Biletele sunt Chitan\u021ba dup\u0103 plata acestui Tur. Pute\u021bi afi\u0219a plata pe telefon.<\/li>\n<li>Punctul de \u00eent\u00e2lnire va fi primit dup\u0103 procesul de rezervare.<\/li>\n<li>Copiii trebuie s\u0103 fie \u00eenso\u021bi\u021bi de un adult.<\/li>\n<li>Nu este accesibil cu scaunul cu rotile<\/li>\n<li>Bebelu\u0219ii trebuie s\u0103 stea \u00eentr-un scaun pentru copii sau cu un adult<\/li>\n<li>Nu este recomandat c\u0103l\u0103torilor cu probleme de spate.<\/li>\n<li>No recomendado para mujeres embarazadas.Sin problemas card\u00edacos u otras condiciones m\u00e9dicas graves.<\/li>\n<li>Majoritatea c\u0103l\u0103torilor pot participa.<\/li>\n<\/ul>\n<h3><em>Politica de anulare<\/em><\/h3>\n<p>Pentru o rambursare complet\u0103, anula\u021bi cu cel pu\u021bin 24 de ore \u00eenainte de data \u00eenceperii experien\u021bei. Fondurile se vor pierde dac\u0103 rezervarea este anulat\u0103 \u00een aceea\u0219i zi de c\u0103l\u0103torie.<\/p>\n\n\t\t<\/div>\n\t<\/div>\n<\/div><\/div><\/div><\/div><div class=\"vc_row wpb_row vc_row-fluid\" ><div class=\"wpb_column vc_column_container vc_col-sm-12\"><div class=\"vc_column-inner\"><div class=\"wpb_wrapper\">\n\t<div class=\"wpb_video_widget wpb_content_element vc_clearfix   vc_video-aspect-ratio-169 vc_video-el-width-100 vc_video-align-left\" >\n\t\t<div class=\"wpb_wrapper\">\n\t\t\t\n\t\t\t<div class=\"wpb_video_wrapper\"><iframe loading=\"lazy\" title=\"Parcul Na\u021bional Los Haitises, excursii \u0219i excursii din Samana sau Sabana de la Mar. Rezerva\u021bi aici:\" src=\"https:\/\/player.vimeo.com\/video\/346508015?dnt=1&amp;app_id=122963\" width=\"1100\" height=\"619\" frameborder=\"0\" allow=\"autoplay; fullscreen\" allowfullscreen><\/iframe><\/div>\n\t\t<\/div>\n\t<\/div>\n<\/div><\/div><\/div><\/div><div class=\"vc_row wpb_row vc_row-fluid\" ><div class=\"wpb_column vc_column_container vc_col-sm-12\"><div class=\"vc_column-inner\"><div class=\"wpb_wrapper\"><div class=\"vc_empty_space\"   style=\"height: 32px\"><span class=\"vc_empty_space_inner\"><\/span><\/div>\n\t<div class=\"wpb_text_column wpb_content_element\" >\n\t\t<div class=\"wpb_wrapper\">\n\t\t\t<h5>Contacta\u0163i-ne?<br \/>\nRezerv\u0103ri de aventur\u0103<\/h5>\n<p><em>Ghizi turistici locali \u0219i na\u021bionali \u0219i servicii pentru oaspe\u021bi<\/em><\/p>\n<p>Rezervari: Tururi si excursii in Dom. Reps.<\/p>\n<p>Tel\/Whatsapp +1-809-720-6035.<\/p>\n<p>info@bookingadventures.com.do<\/p>\n<p>Facem tururi private cu configura\u021bie flexibil\u0103 prin Whatsapp: +18097206035.<\/p>\n<h4><strong style=\"color: #595959; font-size: 15px;\"><a href=\"tel:+18097206035\">+18097206035.<\/a><\/strong><\/h4>\n\n\t\t<\/div>\n\t<\/div>\n<div class=\"vc_empty_space\"   style=\"height: 32px\"><span class=\"vc_empty_space_inner\"><\/span><\/div><\/div><\/div><\/div><\/div>","protected":false},"excerpt":{"rendered":"<p>Esta excursi\u00f3n desde Las Terrenas al Parque Nacional Los Haitises incluye almuerzo y transporte para una visita a las 3 cuevas principales, una exploraci\u00f3n de 2 manglares diferentes y, por supuesto, la observaci\u00f3n de aves de pesca.<\/p>\n<p>Viaje ecol\u00f3gico al Parque Nacional Los Haitises con un gu\u00eda local. Visitando los Cayos en el Parque Nacional Los Haitises, manglares, vegetaci\u00f3n, observaci\u00f3n de aves, cuevas, pictograf\u00edas y las \u00e1reas hist\u00f3ricas de Sabana de la Mar en el Parque Nacional Los Haitises.<\/p>","protected":false},"featured_media":252,"template":"","meta":[],"product_brand":[],"product_cat":[122,443,124],"product_tag":[206,225,132,133,146,226],"class_list":{"0":"post-556","1":"product","2":"type-product","3":"status-publish","4":"has-post-thumbnail","6":"product_cat-tours-and-excursions","7":"product_cat-tours-y-excursiones-es","8":"product_cat-tours-excursions-samana-bay-dominican-republic","9":"product_tag-caves-los-haitises","10":"product_tag-las-terrenas","11":"product_tag-los-haitises","12":"product_tag-los-haitises-national-park","13":"product_tag-mangroves-los-haitises","14":"product_tag-transportation-los-haitises","16":"first","17":"instock","18":"sale","19":"sold-individually","20":"shipping-taxable","21":"product-type-external"},"_links":{"self":[{"href":"https:\/\/haitises.com\/ro\/wp-json\/wp\/v2\/product\/556","targetHints":{"allow":["GET"]}}],"collection":[{"href":"https:\/\/haitises.com\/ro\/wp-json\/wp\/v2\/product"}],"about":[{"href":"https:\/\/haitises.com\/ro\/wp-json\/wp\/v2\/types\/product"}],"wp:featuredmedia":[{"embeddable":true,"href":"https:\/\/haitises.com\/ro\/wp-json\/wp\/v2\/media\/252"}],"wp:attachment":[{"href":"https:\/\/haitises.com\/ro\/wp-json\/wp\/v2\/media?parent=556"}],"wp:term":[{"taxonomy":"product_brand","embeddable":true,"href":"https:\/\/haitises.com\/ro\/wp-json\/wp\/v2\/product_brand?post=556"},{"taxonomy":"product_cat","embeddable":true,"href":"https:\/\/haitises.com\/ro\/wp-json\/wp\/v2\/product_cat?post=556"},{"taxonomy":"product_tag","embeddable":true,"href":"https:\/\/haitises.com\/ro\/wp-json\/wp\/v2\/product_tag?post=556"}],"curies":[{"name":"wp","href":"https:\/\/api.w.org\/{rel}","templated":true}]}}