{"id":554,"date":"2020-06-22T17:36:48","date_gmt":"2020-06-22T17:36:48","guid":{"rendered":"http:\/\/haitises.com\/?post_type=product&#038;p=554"},"modified":"2024-04-17T20:44:54","modified_gmt":"2024-04-17T20:44:54","slug":"excursion-a-los-haitises-desde-sabana-de-la-mar-o-cano-hondo","status":"publish","type":"product","link":"https:\/\/haitises.com\/ro\/privat\/excursion-a-los-haitises-desde-sabana-de-la-mar-o-cano-hondo\/","title":{"rendered":"Excursie la Los Haitises din Sabana de la Mar sau Ca\u00f1o Hondo"},"content":{"rendered":"<div class=\"vc_row wpb_row vc_row-fluid\" ><div class=\"wpb_column vc_column_container vc_col-sm-12\"><div class=\"vc_column-inner\"><div class=\"wpb_wrapper\">[mkdf_section_title subtitle_tag=\u00bb\u00bb subtitle=\u00bbTour normal a los Haitises\u00bb]<\/div><\/div><\/div><\/div><div class=\"vc_row wpb_row vc_row-fluid\" ><div class=\"wpb_column vc_column_container vc_col-sm-12\"><div class=\"vc_column-inner\"><div class=\"wpb_wrapper\">\n\t<div class=\"wpb_text_column wpb_content_element\" >\n\t\t<div class=\"wpb_wrapper\">\n\t\t\t<h2>Parcul Na\u021bional Los Haitises De la Sabana de la Mar sau Hotel Cano Hondo.<\/h2>\n<h3>Descriere<\/h3>\n<p>O excursie privat\u0103 normal\u0103 \u00een Parcul Na\u021bional Los Haitises. Vino cu noi \u0219i viziteaz\u0103 cel mai frumos parc na\u021bional din Republica Dominican\u0103, vizit\u00e2nd mangrove, pe\u0219teri \u0219i Golful San Lorenzo. Aceast\u0103 experien\u021b\u0103 poate \u00eencepe de la comunitatea din Sabana de la Mar, care a aflat despre aceast\u0103 istorie a Sabana de la Mar. \u00cen plus, \u00eencepem aceast\u0103 excursie din portul Ca\u00f1o Hondo.<\/p>\n<ul>\n<li>Taxe incluse<\/li>\n<li>Ghidul ofer\u0103 instruc\u021biuni \u0219i supraveghere.<\/li>\n<li>Pr\u00e2nzul nu este inclus pentru pr\u00e2nz \u00een Ca\u00f1o Hondo Alege\u021bi acest tur: Los Haitises Plus Ca\u00f1o Hondo.<\/li>\n<\/ul>\n<h3>Incluziuni \u0219i excluderi<\/h3>\n<h4>Incluziuni<\/h4>\n<ol>\n<li>Tur Los Haitises + Pe\u0219teri \u0219i Pictograme<\/li>\n<li>Toate taxele, taxele \u0219i taxele de manipulare.<\/li>\n<li>Taxe locale<\/li>\n<li>Toate activit\u0103\u021bile<\/li>\n<li>Ghid local<\/li>\n<\/ol>\n<h4>Excluderile<\/h4>\n<ol>\n<li>sfaturi<\/li>\n<li>Pr\u00e2nzul nu este inclus pentru pr\u00e2nz \u00een Ca\u00f1o Hondo Alege\u021bi acest tur: Los Haitises Plus Ca\u00f1o Hondo.<\/li>\n<li>Transport<\/li>\n<li>B\u0103uturi alcoolice<\/li>\n<\/ol>\n<h3><em>Plecare si intoarcere<\/em><\/h3>\n<p>C\u0103l\u0103torul va primi un punct de \u00eent\u00e2lnire dup\u0103 procesul de rezervare. Tururile \u00eencep \u0219i se termin\u0103 la punctele noastre de \u00eent\u00e2lnire.<\/p>\n<h4><em>La ce s\u0103 te a\u0219tep\u021bi?<\/em><\/h4>\n<p>Ia-\u021bi biletele pentru a vizita Parcul Na\u021bional Los Haitises, cu Pe\u0219teri, Mangrove \u0219i Golful San Lorenzo.<\/p>\n<p>Cel mai mic pre\u021b pentru a vizita Parcul Na\u021bional Los Haitises din hoteluri Sabana de la Mar sau Ca\u00f1o Hondo cu ghizi locali. C\u0103l\u0103toria \u00eencepe \u00een portul principal al Parcului Na\u021bional Los Haitises. Aceast\u0103 excursie \u00eencepe la ora 10:00 cu un ghid turistic local care cunoa\u0219te povestea original\u0103 despre magnificul Parc Na\u021bional.<\/p>\n<p>Apoi pornim din portul principal al Parcului Na\u021bional Los Haitises, numit Ca\u00f1o Hondo (Deep Creek) \u00eentr-o BARC\u0102 cu veste de salvare. Ne vom bucura de p\u0103durea de mangrove ro\u0219ii p\u00e2n\u0103 ajungem \u00een Golful San Lorenzo. Mic golf \u00een golful Saman\u00e1. \u0218i iat\u0103-ne! Primul lucru pe care \u00eel pute\u021bi vedea este colec\u021bia unei uria\u0219e insule de munte de calcar numit\u0103 Mogotes. Deasupra lor zboar\u0103 peste 700 de specii de plante \u0219i multe p\u0103s\u0103ri din zonele umede. Mai t\u00e2rziu, am vizitat pe\u0219teri cu pictograme ale comunit\u0103\u021bilor noastre indigene de acum 750 de ani.<\/p>\n<p>Prin mangrove \u0219i teren \u00een golful deschis San Lorenzo, de unde pute\u021bi fotografia peisajul p\u0103durii accidentate. Privi\u021bi \u00een ap\u0103 pentru a vedea lamantini, crustacee \u0219i delfini.<\/p>\n<p>El nombre del parque nacional proviene de sus habitantes originales, los indios ta\u00ednos. En su idioma, \u00abHaitises\u00bb se traduce en tierras altas o colinas, una referencia a las empinadas formaciones geol\u00f3gicas de la costa con calizas. Avent\u00farate en el parque para explorar cuevas como la Cueva de la Arena y la Cueva de la L\u00ednea. Las cuevas en la reserva fueron utilizadas como refugio por los indios ta\u00ednos y, m\u00e1s tarde, por los piratas escondidos. Busque dibujos de indios que decoran algunas de las paredes. Despu\u00e9s de visitar el Parque Nacional Los Haitises, regresaremos al puerto donde comenz\u00f3 nuestro viaje.<\/p>\n<h3><em>Ce ar trebui s\u0103 aduci?<\/em><\/h3>\n<ul>\n<li>aparat foto<\/li>\n<li>Repelente<\/li>\n<li>protec\u021bie solar\u0103<\/li>\n<li>P\u0103l\u0103rie<\/li>\n<li>Pantaloni comozi<\/li>\n<li>Pantofi de drume\u021bie \u00een p\u0103dure<\/li>\n<li>Sandale pentru zonele de prim\u0103var\u0103.<\/li>\n<li>Costum de baie<\/li>\n<\/ul>\n<h3><em>Preluare la hotel<\/em><\/h3>\n<p>Preluarea la hotel este oferit\u0103 dac\u0103 v\u0103 afla\u021bi la Paraiso Ca\u00f1o Hondo sau la Hotelul Altos Ca\u00f1o Hondo. Punctul nostru de \u00eent\u00e2lnire este la 5 minute de mers pe jos de aceste hoteluri.<\/p>\n<p><strong>Not\u0103<\/strong>- Dac\u0103 rezerva\u021bi \u00een 24 de ore de la ora plec\u0103rii turului\/excursiei, putem aranja preluarea de la hotel cu taxe suplimentare dac\u0103 nu v\u0103 afla\u021bi la hotelurile Ca\u00f1o Hondo. Odat\u0103 ce achizi\u021bia dvs. este finalizat\u0103, v\u0103 vom trimite informa\u021bii complete de contact (num\u0103r de telefon, adres\u0103 de e-mail etc.) pentru ghidul nostru local pentru a aranja aranjamentele de ridicare.<\/p>\n<h3><em>Confirmarea informa\u021biilor suplimentare<\/em><\/h3>\n<ul>\n<li>Biletele sunt Chitan\u021ba dup\u0103 plata acestui Tur. Pute\u021bi afi\u0219a plata pe telefon.<\/li>\n<li>Punctul de \u00eent\u00e2lnire va fi primit dup\u0103 procesul de rezervare.<\/li>\n<li>Copiii trebuie s\u0103 fie \u00eenso\u021bi\u021bi de un adult.<\/li>\n<li>Nu este accesibil cu scaunul cu rotile<\/li>\n<li>Bebelu\u0219ii trebuie s\u0103 stea \u00eentr-un scaun pentru copii sau cu un adult<\/li>\n<li>Nu este recomandat c\u0103l\u0103torilor cu probleme de spate.<\/li>\n<li>Nu este recomandat femeilor \u00eens\u0103rcinate.<\/li>\n<li>F\u0103r\u0103 probleme cardiace sau alte afec\u021biuni medicale grave.<\/li>\n<li>Majoritatea c\u0103l\u0103torilor pot participa.<\/li>\n<\/ul>\n<h3><em>Politica de anulare<\/em><\/h3>\n<p>Pentru o rambursare complet\u0103, anula\u021bi cu cel pu\u021bin 24 de ore \u00eenainte de data \u00eenceperii experien\u021bei.<\/p>\n<h3><em>Contacta\u0163i-ne?<\/em><\/h3>\n<p>Rezervare aventuri<br \/>\nGhizi turistici locali \u0219i na\u021bionali \u0219i servicii pentru oaspe\u021bi<\/p>\n<p>Rezervari: Tururi si excursii in Dom. Reps.<\/p>\n<p>\ud83d\udcde Tel\/Whatsapp +1-809-720-6035.<\/p>\n<p>\ud83d\udce9 info@bookingadventures.com.do<\/p>\n<p>Organiz\u0103m tururi private cu configura\u021bie flexibil\u0103 prin Whatsapp: +18097206035.<\/p>\n\n\t\t<\/div>\n\t<\/div>\n<\/div><\/div><\/div><\/div>","protected":false},"excerpt":{"rendered":"<p>Cel mai mic pre\u021b pentru a vizita Parcul Na\u021bional Los Haitises din hoteluri Sabana de la Mar sau Ca\u00f1o Hondo cu ghizi locali. C\u0103l\u0103toria \u00eencepe \u00een portul principal al Parcului Na\u021bional Los Haitises. Aceast\u0103 excursie \u00eencepe la ora 10:00 cu un ghid turistic local care cunoa\u0219te povestea original\u0103 despre magnificul Parc Na\u021bional.<\/p>\n<p>Apoi pornim din portul principal al Parcului Na\u021bional Los Haitises, numit Ca\u00f1o Hondo (Deep Creek) \u00eentr-o BARC\u0102 cu veste de salvare. Ne vom bucura de p\u0103durea de mangrove ro\u0219ii p\u00e2n\u0103 ajungem \u00een Golful San Lorenzo, un mic golf din Golful Saman\u00e1. \u0218i iat\u0103-ne! Primul lucru pe care \u00eel pute\u021bi vedea este colec\u021bia unei uria\u0219e insule de munte de calcar numit\u0103 Mogotes. Pe l\u00e2ng\u0103 acestea, peste 700 de specii de plante \u0219i multe p\u0103s\u0103ri din zonele umede zboar\u0103 \u00een jur. Mai t\u00e2rziu, am vizitat pe\u0219teri cu pictograme ale comunit\u0103\u021bilor noastre indigene de acum 750 de ani.<\/p>\n<p><strong>V\u0103 rug\u0103m s\u0103 selecta\u021bi data pentru Tur\u00a0<\/strong><\/p>","protected":false},"featured_media":81,"template":"","meta":[],"product_brand":[],"product_cat":[119,120,98,121,99,122,443,123,124],"product_tag":[125,126,127,128,129,130,131,132,133,134,114],"class_list":{"0":"post-554","1":"product","2":"type-product","3":"status-publish","4":"has-post-thumbnail","6":"product_cat-caves","7":"product_cat-fees-entrace","8":"product_cat-local-tour-guides","9":"product_cat-mangroves","10":"product_cat-swimming-natural-springs","11":"product_cat-tours-and-excursions","12":"product_cat-tours-y-excursiones-es","13":"product_cat-tours-excursions-los-haitises-national-park","14":"product_cat-tours-excursions-samana-bay-dominican-republic","15":"product_tag-boat-tour","16":"product_tag-cano-hondo","17":"product_tag-cano-hondo-hotel","18":"product_tag-cano-hondo-tours","19":"product_tag-eco-tours","20":"product_tag-excursion","21":"product_tag-locals-guides","22":"product_tag-los-haitises","23":"product_tag-los-haitises-national-park","24":"product_tag-los-haitises-national-park-tour","25":"product_tag-sabana-de-la-mar","27":"first","28":"instock","29":"sale","30":"sold-individually","31":"shipping-taxable","32":"product-type-external"},"_links":{"self":[{"href":"https:\/\/haitises.com\/ro\/wp-json\/wp\/v2\/product\/554","targetHints":{"allow":["GET"]}}],"collection":[{"href":"https:\/\/haitises.com\/ro\/wp-json\/wp\/v2\/product"}],"about":[{"href":"https:\/\/haitises.com\/ro\/wp-json\/wp\/v2\/types\/product"}],"wp:featuredmedia":[{"embeddable":true,"href":"https:\/\/haitises.com\/ro\/wp-json\/wp\/v2\/media\/81"}],"wp:attachment":[{"href":"https:\/\/haitises.com\/ro\/wp-json\/wp\/v2\/media?parent=554"}],"wp:term":[{"taxonomy":"product_brand","embeddable":true,"href":"https:\/\/haitises.com\/ro\/wp-json\/wp\/v2\/product_brand?post=554"},{"taxonomy":"product_cat","embeddable":true,"href":"https:\/\/haitises.com\/ro\/wp-json\/wp\/v2\/product_cat?post=554"},{"taxonomy":"product_tag","embeddable":true,"href":"https:\/\/haitises.com\/ro\/wp-json\/wp\/v2\/product_tag?post=554"}],"curies":[{"name":"wp","href":"https:\/\/api.w.org\/{rel}","templated":true}]}}