{"id":546,"date":"2020-06-15T15:29:37","date_gmt":"2020-06-15T15:29:37","guid":{"rendered":"http:\/\/haitises.com\/?post_type=product&#038;p=546"},"modified":"2024-04-19T14:24:18","modified_gmt":"2024-04-19T14:24:18","slug":"parque-nacional-los-haitises-y-playa-rincon","status":"publish","type":"product","link":"https:\/\/haitises.com\/ro\/privat\/parque-nacional-los-haitises-y-playa-rincon\/","title":{"rendered":"Parcul Na\u021bional Los Haitises \u0219i plaja Rinc\u00f3n"},"content":{"rendered":"<div class=\"vc_row wpb_row vc_row-fluid\" ><div class=\"wpb_column vc_column_container vc_col-sm-12\"><div class=\"vc_column-inner\"><div class=\"wpb_wrapper\">\n\t<div class=\"wpb_text_column wpb_content_element\" >\n\t\t<div class=\"wpb_wrapper\">\n\t\t\t<p><em>Cuevas, manglares, almuerzo y nataci\u00f3n en la playa<\/em><\/p>\n<h2>Parque Nacional Los Haitises y Playa el Rinc\u00f3n<\/h2>\n<h3>Descriere<\/h3>\n<p>Parque Nacional Los Haitises y Playa El Rinc\u00f3n con almuerzo en la playa. Ven con nosotros y visita el parque nacional m\u00e1s hermoso de Rep\u00fablica Dominicana, visitando manglares, cuevas y la bah\u00eda de San Lorenzo. Despu\u00e9s de regresar al puerto de Saman\u00e1 para hacer un viaje privado a Playa El Rinc\u00f3n con almuerzo en la playa.<\/p>\n<p>Despu\u00e9s de esta experiencia, tendr\u00e1 su tiempo en la playa adem\u00e1s de un almuerzo local en la playa.<\/p>\n<ul>\n<li>Include pr\u00e2nz tip bufet pe plaj\u0103.<\/li>\n<li>Taxe incluse<\/li>\n<li>Ghidul ofer\u0103 instruc\u021biuni \u0219i supraveghere.<\/li>\n<\/ul>\n<h3>Incluziuni \u0219i excluderi<\/h3>\n<h4>Incluziuni<\/h4>\n<ol>\n<li>almuerzo en la playa<\/li>\n<li>Tour Los Haitises + Playa El Rinc\u00f3n<\/li>\n<li>Toate taxele, taxele \u0219i taxele de manipulare.<\/li>\n<li>Taxe locale<\/li>\n<li>B\u0103uturi<\/li>\n<li>Toate activit\u0103\u021bile<\/li>\n<li>Ghid local<\/li>\n<\/ol>\n<h4>Excluderile<\/h4>\n<ol>\n<li>sfaturi<\/li>\n<li>Transport<\/li>\n<li>B\u0103uturi alcoolice<\/li>\n<\/ol>\n<h3><em>Plecare si intoarcere<\/em><\/h3>\n<p>C\u0103l\u0103torul va primi un punct de \u00eent\u00e2lnire dup\u0103 procesul de rezervare. Tururile \u00eencep \u0219i se termin\u0103 la punctele noastre de \u00eent\u00e2lnire.<\/p>\n<h3><em>La ce s\u0103 te a\u0219tep\u021bi?<\/em><\/h3>\n<p>Obtenga sus boletos para visitar el Parque Nacional Los Haitises con un maravilloso almuerzo en Playa El Rinc\u00f3n.<\/p>\n<p>El recorrido, organizado por \u00abBooking Adventures\u00bb, comienza en el punto de encuentro establecido con el gu\u00eda tur\u00edstico.<\/p>\n<p>Haremos un recorrido en bote por la bah\u00eda de Saman\u00e1 para visitar el Parque Nacional Los Haitises, pasando por manglares, por antiguas cuevas piratas y en bosques protegidos en esta pintoresca reserva.<br \/>\nVen con Booking Adventures y comienza a observar algunos manglares llenos de p\u00e1jaros, colinas onduladas de exuberante vegetaci\u00f3n y cuevas del Parque Nacional Los Haitises. Tomando un barco, Excursi\u00f3n desde el puerto de Saman\u00e1.<\/p>\n<p>El nombre del parque nacional proviene de sus habitantes originales, los indios ta\u00ednos. En su idioma, \u00abHaitises\u00bb se traduce en tierras altas o colinas, una referencia a las empinadas formaciones geol\u00f3gicas de la costa con calizas. Avent\u00farate en el parque para explorar cuevas como la Cueva de la Arena y la Cueva de la L\u00cdnea. Las cuevas en la reserva fueron utilizadas como refugio por los indios ta\u00ednos y, m\u00e1s tarde, por los piratas escondidos. Busque dibujos de indios que decoran algunas de las paredes.<\/p>\n<p>Despu\u00e9s de visitar el Parque Nacional Los Haitises, tomaremos el bote y atravesaremos los manglares y llegaremos a la bah\u00eda abierta de San Lorenzo directamente al puerto de Saman\u00e1. En el puerto de Saman\u00e1, tomamos nuestro transporte privado a la playa de El Rinc\u00f3n para almorzar.<\/p>\n<p>El almuerzo ser\u00e1 delicioso pero a\u00fan no terminamos. Despu\u00e9s del almuerzo, tendr\u00e1 tiempo para disfrutar de la playa o simplemente sentarse a la sombra y disfrutar de Pi\u00f1a Colada o Coco Loco en uno de los t\u00edpicos bares dominicanos. Alrededor de las 4:30 pm saliendo de la playa y regresando a Saman\u00e1.<\/p>\n<p>En la playa y puedes quedarte todo el tiempo que quieras nadando. Se ofrecen Pescado frito y Tostones! Si eres vegano, tambi\u00e9n podemos prepararte algo de comida.<\/p>\n<h3><em>Ce ar trebui s\u0103 aduci?<\/em><\/h3>\n<ul>\n<li>aparat foto<\/li>\n<li>Repelente<\/li>\n<li>protec\u021bie solar\u0103<\/li>\n<li>P\u0103l\u0103rie<\/li>\n<li>Pantaloni comozi<\/li>\n<li>Pantofi de drume\u021bie \u00een p\u0103dure<\/li>\n<li>Sandalias a la playa<\/li>\n<li>Vestido nadador<\/li>\n<\/ul>\n<h3><em>Preluare la hotel<\/em><\/h3>\n<p>Preluarea de la hotel nu este oferit\u0103 pentru acest tur.<\/p>\n<p><strong>Not\u0103<\/strong>- Dac\u0103 rezerva\u021bi \u00een termen de 24 de ore de la ora de plecare a turului\/excursiei, putem aranja preluarea de la hotel cu taxe suplimentare. Odat\u0103 ce achizi\u021bia dvs. este finalizat\u0103, v\u0103 vom trimite informa\u021bii complete de contact (num\u0103r de telefon, adres\u0103 de e-mail etc.) pentru ghidul nostru local pentru a aranja aranjamentele de ridicare.<\/p>\n<h3><em>Confirmarea informa\u021biilor suplimentare<\/em><\/h3>\n<ul>\n<li>Biletele sunt Chitan\u021ba dup\u0103 plata acestui Tur. Pute\u021bi afi\u0219a plata pe telefon.<\/li>\n<li>Punctul de \u00eent\u00e2lnire va fi primit dup\u0103 procesul de rezervare.<\/li>\n<li>Copiii trebuie s\u0103 fie \u00eenso\u021bi\u021bi de un adult.<\/li>\n<li>Nu este accesibil cu scaunul cu rotile<\/li>\n<li>Los infantes deben sentarse en el regazo<\/li>\n<li>Nu este recomandat c\u0103l\u0103torilor cu probleme de spate.<\/li>\n<li>No recomendado para viajeros embarazadas.<\/li>\n<li>F\u0103r\u0103 probleme cardiace sau alte afec\u021biuni medicale grave.<\/li>\n<li>Majoritatea c\u0103l\u0103torilor pot participa.<\/li>\n<\/ul>\n<h3><em>Politica de anulare<\/em><\/h3>\n<p>Pentru o rambursare complet\u0103, anula\u021bi cu cel pu\u021bin 24 de ore \u00eenainte de data \u00eenceperii experien\u021bei.<\/p>\n\n\t\t<\/div>\n\t<\/div>\n<\/div><\/div><\/div><\/div>","protected":false},"excerpt":{"rendered":"<p>Parque Nacional Los Haitises y Playa El Rinc\u00f3n con almuerzo en la playa. Ven con nosotros y visita el parque nacional m\u00e1s hermoso de la Rep\u00fablica Dominicana, visitando manglares, cuevas y la bah\u00eda de San Lorenzo. Despu\u00e9s de regresar al puerto de Saman\u00e1 para hacer un viaje privado a Playa El Rinc\u00f3n con almuerzo en la playa.<\/p>\n<p>Consigue tus entradas con ofertas aqu\u00ed &#8230;<\/p>\n<p>V\u0103 rug\u0103m s\u0103 selecta\u021bi data pentru Tur<\/p>","protected":false},"featured_media":227,"template":"","meta":[],"product_brand":[],"product_cat":[433,443],"product_tag":[138,195,196,142,147,148,143],"class_list":{"0":"post-546","1":"product","2":"type-product","3":"status-publish","4":"has-post-thumbnail","6":"product_cat-excursiones-privadas","7":"product_cat-tours-y-excursiones-es","8":"product_tag-beach-time","9":"product_tag-el-rincon-beach","10":"product_tag-playa-el-rincon","11":"product_tag-samana","12":"product_tag-samana-bay","13":"product_tag-samana-excursions","14":"product_tag-samana-tours","16":"first","17":"instock","18":"sale","19":"sold-individually","20":"shipping-taxable","21":"product-type-external"},"_links":{"self":[{"href":"https:\/\/haitises.com\/ro\/wp-json\/wp\/v2\/product\/546","targetHints":{"allow":["GET"]}}],"collection":[{"href":"https:\/\/haitises.com\/ro\/wp-json\/wp\/v2\/product"}],"about":[{"href":"https:\/\/haitises.com\/ro\/wp-json\/wp\/v2\/types\/product"}],"wp:featuredmedia":[{"embeddable":true,"href":"https:\/\/haitises.com\/ro\/wp-json\/wp\/v2\/media\/227"}],"wp:attachment":[{"href":"https:\/\/haitises.com\/ro\/wp-json\/wp\/v2\/media?parent=546"}],"wp:term":[{"taxonomy":"product_brand","embeddable":true,"href":"https:\/\/haitises.com\/ro\/wp-json\/wp\/v2\/product_brand?post=546"},{"taxonomy":"product_cat","embeddable":true,"href":"https:\/\/haitises.com\/ro\/wp-json\/wp\/v2\/product_cat?post=546"},{"taxonomy":"product_tag","embeddable":true,"href":"https:\/\/haitises.com\/ro\/wp-json\/wp\/v2\/product_tag?post=546"}],"curies":[{"name":"wp","href":"https:\/\/api.w.org\/{rel}","templated":true}]}}