{"id":11676,"date":"2023-10-04T07:40:10","date_gmt":"2023-10-04T07:40:10","guid":{"rendered":"http:\/\/haitises.com\/?post_type=product&#038;p=11676"},"modified":"2024-03-28T20:20:58","modified_gmt":"2024-03-28T20:20:58","slug":"birdwatching-punta-cana-tururi-de-birding-de-punta-cana-la-parcul-national-los-haitises","status":"publish","type":"product","link":"https:\/\/haitises.com\/ro\/privat\/birdwatching-punta-cana-tururi-de-birding-de-punta-cana-la-parcul-national-los-haitises\/","title":{"rendered":"Observarea p\u0103s\u0103rilor Punta Cana \u2013 Tururi de observare a p\u0103s\u0103rilor de la Punta Cana la Parcul Na\u021bional Los Haitises"},"content":{"rendered":"<div class=\"vc_row wpb_row vc_row-fluid\" ><div class=\"wpb_column vc_column_container vc_col-sm-12\"><div class=\"vc_column-inner\"><div class=\"wpb_wrapper\">[mkdf_section_title title_tag=\u00bb\u00bb disable_break_words=\u00bbno\u00bb subtitle_tag=\u00bb\u00bb title=\u00bbBirding Tours from Punta Cana to Los Haitises National Park\u00bb subtitle=\u00bbBirdwatching in Los Haitises National Park\u00bb]<\/div><\/div><\/div><\/div><div class=\"vc_row wpb_row vc_row-fluid\" ><\/div><div class=\"wpb_column vc_column_container vc_col-sm-12\"><div class=\"vc_column-inner\"><div class=\"wpb_wrapper\"><\/div><\/div><\/div>\n\t<div class=\"wpb_text_column wpb_content_element\" >\n\t\t<div class=\"wpb_wrapper\">\n\t\t\t<p>Sunt bloc de text. Face\u021bi clic pe butonul Edita\u021bi pentru a schimba acest text. Lorem ipsum dolor sit amet, consectetur adipiscing elit. Ut elit tellus, luctus nec ullamcorper mattis, pulvinar dapibus leo.<\/p>\n\n\t\t<\/div>\n\t<\/div>\n<div class=\"vc_row wpb_row vc_row-fluid\" ><\/div><div class=\"wpb_column vc_column_container vc_col-sm-12\"><div class=\"vc_column-inner\"><div class=\"wpb_wrapper\"><\/div><\/div><\/div>\n\t<div class=\"wpb_text_column wpb_content_element\" >\n\t\t<div class=\"wpb_wrapper\">\n\t\t\t<p>Sunt bloc de text. Face\u021bi clic pe butonul Edita\u021bi pentru a schimba acest text. Lorem ipsum dolor sit amet, consectetur adipiscing elit. Ut elit tellus, luctus nec ullamcorper mattis, pulvinar dapibus leo.<\/p>\n\n\t\t<\/div>\n\t<\/div>\n<div class=\"vc_row wpb_row vc_row-fluid\" ><div class=\"wpb_column vc_column_container vc_col-sm-12\"><div class=\"vc_column-inner\"><div class=\"wpb_wrapper\"><\/div><\/div><\/div><\/div>","protected":false},"excerpt":{"rendered":"<p><span style=\"vertical-align: inherit;\"><span style=\"vertical-align: inherit;\">Observarea p\u0103s\u0103rilor de diminea\u021b\u0103 complet\u0103 pe traseele P\u0103durii Tropicale din Parcul Na\u021bional Los Haitises. <\/span><span style=\"vertical-align: inherit;\">Acest parc are o mare varietate de specii de p\u0103s\u0103ri \u0219i animale \u0219i este un favorit printre observatorii de p\u0103s\u0103ri. <\/span><span style=\"vertical-align: inherit;\">\u00cen timp ce num\u0103rul v\u0103zut poate fi mai mare dec\u00e2t \u00een alt\u0103 parte, loca\u021bia lui Cano Hondo \u00eentr-o zon\u0103 u\u0219or umed\u0103 a \u021b\u0103rii \u00eenseamn\u0103 c\u0103 p\u0103durea tropical\u0103 este mai deschis\u0103, cu mai pu\u021bine planta\u021bii de cacao \u0219i cafea, ceea ce face mai u\u0219or de observat via\u021ba s\u0103lbatic\u0103. <\/span><span style=\"vertical-align: inherit;\">Aceasta este o c\u0103l\u0103torie privat\u0103. <\/span><span style=\"vertical-align: inherit;\">Pute\u021bi alege s\u0103 alege\u021bi un moment pentru a \u00eencepe experien\u021ba de observare a p\u0103s\u0103rilor \u0219i c\u00e2nd s\u0103 v\u0103 \u00eentoarce\u021bi la Punta Cana.<\/span><\/span><\/p>\n<p><em><strong><span style=\"vertical-align: inherit;\"><span style=\"vertical-align: inherit;\">Selecta\u021bi data activit\u0103\u021bii.<\/span><\/span><\/strong><\/em><\/p>","protected":false},"featured_media":519,"template":"","meta":[],"product_brand":[],"product_cat":[576,565,577,119,120,96,578,98,121,426,598,586,122,123,124],"product_tag":[176,177,178,179,448,180,181,182,184,185,186,132,187,133,189,191,192,114,193],"class_list":{"0":"post-11676","1":"product","2":"type-product","3":"status-publish","4":"has-post-thumbnail","6":"product_cat-1-punta-cana","7":"product_cat-1-sabana-de-la-mar","8":"product_cat-birdwatching-los-haitises","9":"product_cat-caves","10":"product_cat-fees-entrace","11":"product_cat-hiking","12":"product_cat-hiking-los-haitises","13":"product_cat-local-tour-guides","14":"product_cat-mangroves","15":"product_cat-private-tours-excursions","16":"product_cat-punta-cana-private-tours","17":"product_cat-punta-cana-los-haitises","18":"product_cat-tours-and-excursions","19":"product_cat-tours-excursions-los-haitises-national-park","20":"product_cat-tours-excursions-samana-bay-dominican-republic","21":"product_tag-biding-sabana-de-la-mar","22":"product_tag-birding","23":"product_tag-birding-dominican-republic","24":"product_tag-birding-in-los-haitises","25":"product_tag-birding-tour-from-punta-cana","26":"product_tag-birdwatching","27":"product_tag-birdwatching-dominicana","28":"product_tag-birdwtaching","29":"product_tag-carretera-cano-hondo","30":"product_tag-eco-lodge-paraiso-cano-hondo","31":"product_tag-hire-a-guide-in-los-haitises","32":"product_tag-los-haitises","33":"product_tag-los-haitises-birding","34":"product_tag-los-haitises-national-park","35":"product_tag-los-haitises-national-park-cano-hondo","36":"product_tag-nature","37":"product_tag-ridgways-hawk","38":"product_tag-sabana-de-la-mar","39":"product_tag-wildlife","41":"first","42":"instock","43":"sale","44":"sold-individually","45":"shipping-taxable","46":"product-type-external"},"_links":{"self":[{"href":"https:\/\/haitises.com\/ro\/wp-json\/wp\/v2\/product\/11676","targetHints":{"allow":["GET"]}}],"collection":[{"href":"https:\/\/haitises.com\/ro\/wp-json\/wp\/v2\/product"}],"about":[{"href":"https:\/\/haitises.com\/ro\/wp-json\/wp\/v2\/types\/product"}],"wp:featuredmedia":[{"embeddable":true,"href":"https:\/\/haitises.com\/ro\/wp-json\/wp\/v2\/media\/519"}],"wp:attachment":[{"href":"https:\/\/haitises.com\/ro\/wp-json\/wp\/v2\/media?parent=11676"}],"wp:term":[{"taxonomy":"product_brand","embeddable":true,"href":"https:\/\/haitises.com\/ro\/wp-json\/wp\/v2\/product_brand?post=11676"},{"taxonomy":"product_cat","embeddable":true,"href":"https:\/\/haitises.com\/ro\/wp-json\/wp\/v2\/product_cat?post=11676"},{"taxonomy":"product_tag","embeddable":true,"href":"https:\/\/haitises.com\/ro\/wp-json\/wp\/v2\/product_tag?post=11676"}],"curies":[{"name":"wp","href":"https:\/\/api.w.org\/{rel}","templated":true}]}}