{"id":11674,"date":"2023-10-04T07:40:09","date_gmt":"2023-10-04T07:40:09","guid":{"rendered":"http:\/\/haitises.com\/?post_type=product&#038;p=11674"},"modified":"2024-03-30T12:46:56","modified_gmt":"2024-03-30T12:46:56","slug":"samana-whale-watching-cayo-levantado-insula-bacardi-limon-cascade-de-la-hotelurile-punta-cana","status":"publish","type":"product","link":"https:\/\/haitises.com\/ro\/privat\/samana-whale-watching-cayo-levantado-insula-bacardi-limon-cascade-de-la-hotelurile-punta-cana\/","title":{"rendered":"Punta Cana: Observarea Balenelor Saman\u00e1 + Cayo Levantado (insula Bacardi) + Cascada Lim\u00f3n"},"content":{"rendered":"<div class=\"wpb_column vc_column_container vc_col-sm-12\"><div class=\"vc_column-inner\"><div class=\"wpb_wrapper\"><div class=\"vc_btn3-container vc_btn3-inline\" ><button class=\"vc_general vc_btn3 vc_btn3-size-md vc_btn3-shape-rounded vc_btn3-style-modern vc_btn3-color-green\">REZERVA ACUM<\/button><\/div>\n\t<div class=\"wpb_text_column wpb_content_element\" >\n\t\t<div class=\"wpb_wrapper\">\n\t\t\t<div class=\"vc_row wpb_row vc_row-fluid\">\n<div class=\"wpb_column vc_column_container vc_col-sm-12\">\n<div class=\"vc_column-inner\">\n<div class=\"wpb_wrapper\">\n<div class=\"mkdf-section-title-holder\">\n<div class=\"mkdf-st-inner\">\n<h5 class=\"mkdf-st-subtitle\">Cayo Levantado (Insula Bacardi) + Cascadele Limon din Punta Cana Hotels.<\/h5>\n<h3 class=\"mkdf-st-title\">Whale Watching 2023 in Punta Cana to Samana Bay<\/h3>\n<\/div>\n<\/div>\n<\/div>\n<\/div>\n<\/div>\n<\/div>\n<div class=\"vc_row wpb_row vc_row-fluid\"><\/div>\n<div class=\"wpb_column vc_column_container vc_col-sm-12\">\n<div class=\"vc_column-inner\">\n<div class=\"wpb_wrapper\"><\/div>\n<\/div>\n<\/div>\n<div class=\"wpb_text_column wpb_content_element\">\n<div class=\"wpb_wrapper\"><\/div>\n<\/div>\n<div class=\"vc_row wpb_row vc_row-fluid\">\n<div class=\"wpb_column vc_column_container vc_col-sm-12\">\n<div class=\"vc_column-inner\">\n<div class=\"wpb_wrapper\">\n<div class=\"wpb_text_column wpb_content_element\">\n<div class=\"wpb_wrapper\">\n<div class=\"vc_row wpb_row vc_row-fluid\">\n<div class=\"wpb_column vc_column_container vc_col-sm-12\">\n<div class=\"vc_column-inner\">\n<div class=\"wpb_wrapper\">\n<div class=\"wpb_text_column wpb_content_element\">\n<div class=\"wpb_wrapper\">\n<h4><b><i>Overview\ud83d\udc33<\/i><\/b><\/h4>\n<p>Balena Punta Cana, observarea balenelor \u00een Golful Saman\u00e1 \u0219i vizita\u021bi Cayo Levantado plus Safari la cascadele El limon \u00een timpul acestei excursii de o zi \u00eentreag\u0103 de la hotelurile din Punta Cana. C\u0103l\u0103tori\u021bi spre Golful Saman\u00e1 la bordul unui autocar confortabil, cu aer condi\u021bionat, apoi transfera\u021bi-v\u0103 la o barc\u0103 Catamaran la Miches. Naviga\u021bi \u00een apele deschise pentru a c\u0103uta grupurile de balene cu cocoa\u0219\u0103 care viziteaz\u0103 zona pentru a se reproduce \u0219i a-\u0219i avea puii. Afla\u021bi despre comportamentul \u0219i biologia acestor mamifere marine de la ghidul dvs. naturalist expert. Continua\u021bi spre Cayo Levantado \/ Insula Bacardi, pentru pr\u00e2nz pe plaj\u0103 \u0219i o scufundare \u00een apele azurii dup\u0103 aceast\u0103 excursie Safari la Cascadele el Limon cu c\u0103l\u0103rie prin p\u0103durea de nuci de cocos \u00eenainte de a v\u0103 \u00eentoarce la Punta Cana.<\/p>\n<p>&nbsp;<\/p>\n<p><strong>Not\u0103:<\/strong>\u00a0Acest tur nu este privat. Acest tur a inclus oprirea la\u00a0<strong>Cascada Limon<\/strong>. Pentru a rezerva aceea\u0219i excursie \u0219i nu merge la cascade v\u0103 rug\u0103m s\u0103\u00a0<a href=\"https:\/\/www.ticketswhales.com\/Tours-Excursions\/tours-excursions-samana-bay-dominican-republic\/whale-watching-2020-in-punta-cana-to-samana-bay-cayo-levantado-bacardi-island-from-hotels\/\" data-mil=\"9912\" target=\"_blank\" rel=\"noopener\">CLICK AICI.<\/a><\/p>\n<ul>\n<li>Excursie de observare a balenelor<\/li>\n<li>Insula Bacardi \/ Cayo Levantado<\/li>\n<li>Taxe de intrare la Observator<\/li>\n<li>Samana Safari<\/li>\n<li>Cascadele El Limon Echita\u021bie<\/li>\n<li>Include pr\u00e2nz bufet pe plaj\u0103<\/li>\n<li>Transfer cu barca<\/li>\n<li>C\u0103pitanul asigur\u0103 instruc\u021bia \u0219i supervizarea<\/li>\n<li>Ghid turistic<\/li>\n<\/ul>\n<p>&nbsp;<\/p>\n<h4><b>Incluziuni \u0219i excluderi<\/b><\/h4>\n<p>&nbsp;<\/p>\n<p><b>Incluziuni<\/b><\/p>\n<p>&nbsp;<\/p>\n<ol>\n<li>Pr\u00e2nz tip bufet pe plaj\u0103<\/li>\n<li>Transfer de la hoteluri<\/li>\n<li>Ghid turistic<\/li>\n<li>Catamaran sau excursie cu barca<\/li>\n<li>Toate taxele, taxele \u0219i taxele de manipulare<\/li>\n<li>Taxe locale<\/li>\n<li>B\u0103uturi<\/li>\n<\/ol>\n<p><b>Excluderile<\/b><\/p>\n<ol>\n<li>Gratuitatii<\/li>\n<\/ol>\n<p>&nbsp;<\/p>\n<h4><em><strong>Plecare \u0219i \u00eentoarcere<\/strong><\/em><\/h4>\n<p>Pentru acest tur se ofer\u0103 preluare de la hotel. \u00cen Note, scrie\u021bi numele hotelului pentru preluare. Prelu\u0103m \u00een toate hotelurile din Punta Cana.<\/p>\n<p>&nbsp;<\/p>\n<h3>Observarea Balenelor Samana + Cayo Levantado (Insula Bacardi) + Cascade Limon de la Hotelurile Punta Cana.<\/h3>\n<h4><b><i>La ce s\u0103 te a\u0219tep\u021bi?<\/i><\/b><\/h4>\n<p>Apropia\u021bi-v\u0103 de gigan\u021bii bl\u00e2nzi ai m\u0103rii din Republica Dominican\u0103 \u00een timpul acestei excursii de 12 ore de observare a balenelor cu cocoa\u0219\u0103 \u00een Golful S\u00e1mana. Petrece\u021bi o zi de neuitat observ\u00e2nd miile de balene care vin pe insul\u0103 \u00een fiecare an pentru a se \u00eemperechea, a se hr\u0103ni \u0219i a se juca \u00een apele tropicale calde. Pe m\u0103sur\u0103 ce observa\u021bi aceste creaturi frumoase, v\u0103 ve\u021bi bucura de informa\u021bii unice de la ghidul dvs. expert \u00een observarea balenelor. \u00cencheia\u021bi ziua cu un pr\u00e2nz inclus \u0219i timp de plaj\u0103 pe frumoasa insul\u0103 Cayo Levantado. Transportul dus-\u00eentors la hotel este de asemenea inclus.<\/p>\n<p>De la 9:00 am p\u00e2n\u0103 la 12:00 dup\u0103-amiaz\u0103 Observator de observare a balenelor \u0219i dup\u0103 aceast\u0103 excursie cu balenele vom vizita Insula Bacardi \/ Cayo Levantado. \u00cen Insula Bacardi, va fi oferit un bufet de pr\u00e2nz \u00een stil tipic dominican (orez, fasole, pe\u0219te, salate...). Dup\u0103 terminarea pr\u00e2nzului, vi se permite s\u0103 \u00eenota\u021bi \u0219i s\u0103 v\u0103 preg\u0103ti\u021bi pentru a merge la cascadele El Limon p\u00e2n\u0103 la ora 16:30. Turul se va \u00eencheia la ora 17:00 \u00een acela\u0219i port de unde va porni la bordul catamaranului nostru \u0219i apoi cu autobuzul \u00eenapoi la hotelurile din Punta Cana.<\/p>\n<p><strong>Orar:<\/strong><\/p>\n<p>6:00 - 7:00 Ridicarea clien\u021bilor de la diferite hoteluri<br \/>\n07:00 Plecare spre Las Canitas \u00een Sabana de la mar<br \/>\n08:15 Sosire la docul privat<br \/>\n08:15 - 8:40 Mic dejun (sandvi\u0219uri, brio\u0219e, ceai, cafea, sucuri)<br \/>\n8:45 \u00cembarcare pentru a ne \u00eencepe c\u0103l\u0103toria spre sanctuarul balenelor cu cocoa\u0219\u0103 din Samana<br \/>\n11:00 C\u0103utarea balenelor pentru o perioad\u0103 de 45 de minute - Acesta este calendarul urmat de normele guvernamentale.<br \/>\n11:45 Ne \u00eendrept\u0103m spre Cayo Levantado \u00een Golful Samana<br \/>\n12:30 Sosire \u00een Cayo Levantado<br \/>\n13:00 Pr\u00e2nzul (pr\u00e2nz tip bufet, tipic dominican)*.<br \/>\n13:45 - 15:30 Timp liber \u00een Cayo Levantado<br \/>\n15:00 - 15:45 Din nou la bord \u00een direc\u021bia \u00eenapoi spre Miches<br \/>\n17:00 Sosire \u00een Miches \u0219i plecare spre hotelurile din Punta Cana<br \/>\n19:30 - 20:00 Sosire la hoteluri \u00een Punta Cana<\/p>\n<p><strong>*Meniu de pr\u00e2nz (tipic dominican)<br \/>\n<\/strong>Orez, pui la gr\u0103tar sau pe\u0219te la gr\u0103tar, salat\u0103, legume, fructe proaspete.<\/p>\n<p><strong>*Clien\u021bii care aleg s\u0103 adauge oprirea la cascada El Limon dup\u0103 observarea balenelor se vor deplasa la cascad\u0103 \u0219i vor avea mai pu\u021bin timp de petrecut \u00een Cayo Levantado.<\/strong><\/p>\n<p>Acest tur a inclus oprirea la\u00a0<strong>Cascada Limon<\/strong>. Pentru a rezerva aceea\u0219i excursie \u0219i nu merge la cascade v\u0103 rug\u0103m s\u0103\u00a0<a href=\"https:\/\/www.ticketswhales.com\/Tours-Excursions\/tours-excursions-samana-bay-dominican-republic\/whale-watching-2020-in-punta-cana-to-samana-bay-cayo-levantado-bacardi-island-from-hotels\/\" data-mil=\"9912\" target=\"_blank\" rel=\"noopener\">CLICK AICI.<\/a><\/p>\n<p>&nbsp;<\/p>\n<h4><em><strong>Ce ar trebui s\u0103 aduci?<\/strong><\/em><\/h4>\n<ul>\n<li>aparat foto<\/li>\n<li>Muguri repelent<\/li>\n<li>lotiune de plaja<\/li>\n<li>P\u0103l\u0103rie<\/li>\n<li>Pantaloni comozi<\/li>\n<li>Sandale la plaj\u0103<\/li>\n<li>\u00cembr\u0103c\u0103minte de \u00eenot<\/li>\n<li>Bani pentru suveniruri \u0219i bac\u0219i\u0219uri<\/li>\n<\/ul>\n<p>&nbsp;<\/p>\n<h4><b><i>Preluare la hotel<\/i><\/b><\/h4>\n<p>Pentru acest tur se ofer\u0103 preluare de la hotel. \u00cen Note, scrie\u021bi numele hotelului pentru preluare. Prelu\u0103m \u00een toate hotelurile din Punta Cana.<\/p>\n<p>&nbsp;<\/p>\n<p><b>Not\u0103:<\/b>\u00a0dac\u0103 rezerva\u021bi \u00een termen de 24 de ore de la ora de plecare a turului\/excursiei, putem aranja preluarea de la hotel. Dup\u0103 finalizarea achizi\u021biei, v\u0103 vom trimite informa\u021biile de contact complete (num\u0103r de telefon, adres\u0103 de e-mail etc.) pentru ca ghidul nostru local s\u0103 organizeze preluarea.<\/p>\n<h4><b><i>Confirmare informa\u021bii suplimentare<\/i><\/b><\/h4>\n<ol>\n<li>Biletele sunt Chitan\u021ba dup\u0103 plata acestui Tur. Pute\u021bi afi\u0219a plata pe telefon.<\/li>\n<li>Punctul de \u00eent\u00e2lnire va fi primit dup\u0103 procesul de rezervare.<\/li>\n<li>Copiii trebuie s\u0103 fie \u00eenso\u021bi\u021bi de un adult.<\/li>\n<li>accesibil \u00een scaun cu rotile<\/li>\n<li>Bebelu\u0219ii trebuie s\u0103 stea pe poale<\/li>\n<li>Majoritatea c\u0103l\u0103torilor pot participa<\/li>\n<\/ol>\n<h4><b><i>Politica de anulare<\/i><\/b><\/h4>\n<p>For a full refund, cancel at least\u00a0 7 Days\u00a0 in advance of the start date of the experience.<a href=\"https:\/\/www.ticketswhales.com\/online-booking\/\" target=\"_blank\" rel=\"noopener\"> Click here<\/a> to see policies.<\/p>\n<\/div>\n<\/div>\n<\/div>\n<\/div>\n<\/div>\n<\/div>\n<\/div>\n<\/div>\n<\/div>\n<\/div>\n<\/div>\n<\/div>\n<div class=\"vc_row wpb_row vc_row-fluid\">\n<div class=\"wpb_column vc_column_container vc_col-sm-12\">\n<div class=\"vc_column-inner\">\n<div class=\"wpb_wrapper\">\n<div class=\"vc_empty_space\"><\/div>\n<div class=\"wpb_text_column wpb_content_element\">\n<div class=\"wpb_wrapper\">\n<h4>Contacta\u0163i-ne?<\/h4>\n<h5><b><i>TURUL BALENELOR SAMANA<\/i><\/b><\/h5>\n<p><em><strong>Localnicii<\/strong>\u00a0\u0219i\u00a0<strong>Na\u0163ionalii<\/strong>\u00a0Ghizi turistici \u0219i servicii pentru oaspe\u021bi<\/em><\/p>\n<p><span class=\"text-turquoise\">Reservas:<\/span>\u00a0\u00a0Tours y Excursiones en Dom.\u00a0Reps.<\/p>\n<p>\ud83d\udcde\u00a0Tel \/ Whatsapp\u00a0\u00a0\u00a0<a href=\"tel:+1-809-720-6035\">+ 1-809-720-6035<\/a>\u00a0.<\/p>\n<p>\ud83d\udce9\u00a0<a href=\"mailto:info@bookingadventures.com.do\">info@bookingadventures.com.do<\/a><\/p>\n<p><strong>Somos tours privados de configuraci\u00f3n flexible por Whatsapp:\u00a0\u00a0<a href=\"tel:+18097206035\">+18097206035.<\/a><\/strong><\/p>\n<\/div>\n<\/div>\n<\/div>\n<\/div>\n<\/div>\n<\/div>\n\n\t\t<\/div>\n\t<\/div>\n<\/div><\/div><\/div><div class=\"vc_row wpb_row vc_row-fluid\" ><div class=\"wpb_column vc_column_container vc_col-sm-12\"><div class=\"vc_column-inner\"><div class=\"wpb_wrapper\"><div class=\"vc_btn3-container vc_btn3-inline\" ><button class=\"vc_general vc_btn3 vc_btn3-size-md vc_btn3-shape-rounded vc_btn3-style-modern vc_btn3-color-green\">REZERVA ACUM<\/button><\/div><\/div><\/div><\/div><\/div>","protected":false},"excerpt":{"rendered":"<p>De la hotelurile din Punta Cana, ne vom bucura de peisajele frumoase ale lan\u021bului muntos Oriental \u00een timp ce conducem spre nord de Punta Cana \u00eenainte de a ajunge \u00een micul sat de pescari Miches, pe \u021b\u0103rmul sudic al golfului Samana. Acolo v\u0103 ve\u021bi bucura de un mic dejun rapid \u00eenainte de a v\u0103 \u00eembarca pe vapor spre Samana. Vom naviga ad\u00e2nc \u00een golf pentru a observa balenele. Vom ajunge mai \u00eent\u00e2i la Cayo Levantado, cunoscut\u0103 \u0219i sub numele de Insula Bacardi, datorit\u0103 asem\u0103n\u0103rii sale cu plajele pe care Bacardi Rum le-a folosit c\u00e2ndva pentru celebrele sale reclame. Cayo Levantado nu este altceva dec\u00e2t o oaz\u0103 tropical\u0103 - o mic\u0103 insul\u0103 \u00een mijlocul oceanului cu ape turcoaz \u0219i nisip alb. Dup\u0103 aceasta, un Safari \u00een Samana Comunity la cascade. \u00cen cascade, El Limon se preg\u0103te\u0219te pentru c\u0103l\u0103rie sau drume\u021bii. Aceasta este o aventur\u0103 complet\u0103 unic\u0103.<\/p>\n<p><span style=\"vertical-align: inherit;\"><span style=\"vertical-align: inherit;\">Este tour ha incluido la parada en la <\/span><\/span><strong><span style=\"vertical-align: inherit;\"><span style=\"vertical-align: inherit;\">Cascada de Lim\u00f3n<\/span><\/span><\/strong><span style=\"vertical-align: inherit;\"><span style=\"vertical-align: inherit;\"> . <\/span><span style=\"vertical-align: inherit;\">Para reservar el mismo viaje y no ir a las cascadas por favor <\/span><\/span><a href=\"https:\/\/www.ticketswhales.com\/Tours-Excursions\/tours-excursions-samana-bay-dominican-republic\/whale-watching-2020-in-punta-cana-to-samana-bay-cayo-levantado-bacardi-island-from-hotels\/\"><span style=\"vertical-align: inherit;\"><span style=\"vertical-align: inherit;\">HAGA CLIC AQU\u00cd.<\/span><\/span><\/a><\/p>\n<p>&nbsp;<\/p>\n<p><em><strong><span style=\"vertical-align: inherit;\"><span style=\"vertical-align: inherit;\">Seleccione la fecha de la excursi\u00f3n:<\/span><\/span><\/strong><\/em><\/p>","protected":false},"featured_media":11182,"template":"","meta":[],"product_brand":[],"product_cat":[576,571,567,590,120,569,570,597,499],"product_tag":[390,137,162,364,260,283,345,420,201,141,391,228,147,392,357,271,421,393,234,280,394,236,395],"class_list":{"0":"post-11674","1":"product","2":"type-product","3":"status-publish","4":"has-post-thumbnail","6":"product_cat-1-punta-cana","7":"product_cat-1-samana","8":"product_cat-el-limon-horseback-riding","9":"product_cat-el-limon-punta-cana","10":"product_cat-fees-entrace","11":"product_cat-punta-cana-group-tours","12":"product_cat-punta-cana-samana-day-trips","13":"product_cat-punta-cana-whale-watching","14":"product_cat-whale-watching-punta-cana","15":"product_tag-390","16":"product_tag-bacardi-island","17":"product_tag-cayo-levantado-day-pass","18":"product_tag-cheap-punta-cana-excursions","19":"product_tag-day-trip-punta-cana","20":"product_tag-el-limon-waterfall-and-bacardi-island-tour-from-punta-cana","21":"product_tag-half-day-whale-watching-miches","22":"product_tag-limon-from-punta-cana","23":"product_tag-private-tours-samana","24":"product_tag-punta-cana","25":"product_tag-punta-cana-activities","26":"product_tag-punta-cana-tours","27":"product_tag-samana-bay","28":"product_tag-samana-day-trip","29":"product_tag-samana-day-trip-from-punta-cana","30":"product_tag-samana-whale-watching","31":"product_tag-waterfalls-punta-cana","32":"product_tag-whale-punta-cana","33":"product_tag-whale-samana","34":"product_tag-whale-watching-2020","35":"product_tag-whale-watching-2020-in-punta-cana-to-samana-bay-cayo-levantado-bacardi-island-from-hotels","36":"product_tag-whale-watching-dominican-republic","37":"product_tag-whale-watching-punta-cana","39":"first","40":"instock","41":"sale","42":"shipping-taxable","43":"product-type-external"},"_links":{"self":[{"href":"https:\/\/haitises.com\/ro\/wp-json\/wp\/v2\/product\/11674","targetHints":{"allow":["GET"]}}],"collection":[{"href":"https:\/\/haitises.com\/ro\/wp-json\/wp\/v2\/product"}],"about":[{"href":"https:\/\/haitises.com\/ro\/wp-json\/wp\/v2\/types\/product"}],"wp:featuredmedia":[{"embeddable":true,"href":"https:\/\/haitises.com\/ro\/wp-json\/wp\/v2\/media\/11182"}],"wp:attachment":[{"href":"https:\/\/haitises.com\/ro\/wp-json\/wp\/v2\/media?parent=11674"}],"wp:term":[{"taxonomy":"product_brand","embeddable":true,"href":"https:\/\/haitises.com\/ro\/wp-json\/wp\/v2\/product_brand?post=11674"},{"taxonomy":"product_cat","embeddable":true,"href":"https:\/\/haitises.com\/ro\/wp-json\/wp\/v2\/product_cat?post=11674"},{"taxonomy":"product_tag","embeddable":true,"href":"https:\/\/haitises.com\/ro\/wp-json\/wp\/v2\/product_tag?post=11674"}],"curies":[{"name":"wp","href":"https:\/\/api.w.org\/{rel}","templated":true}]}}