{"id":11349,"date":"2021-08-15T20:08:48","date_gmt":"2021-08-15T20:08:48","guid":{"rendered":"http:\/\/haitises.com\/?post_type=product&#038;p=11349"},"modified":"2024-04-05T20:38:41","modified_gmt":"2024-04-05T20:38:41","slug":"whale-watching-2022-in-punta-cana-cap-cana-to-samana-bay-cayo-levantado-bacardi-island-from-hotels","status":"publish","type":"product","link":"https:\/\/haitises.com\/ro\/privat\/whale-watching-2022-in-punta-cana-cap-cana-to-samana-bay-cayo-levantado-bacardi-island-from-hotels\/","title":{"rendered":"Observarea balenelor 2022 din Punta Cana\/Cap Cana p\u00e2n\u0103 la golful Samana + Cayo Levantado (insula Bacardi) de la hoteluri."},"content":{"rendered":"<div class=\"vc_row wpb_row vc_row-fluid\" ><div class=\"wpb_column vc_column_container vc_col-sm-12\"><div class=\"vc_column-inner\"><div class=\"wpb_wrapper\">[mkdf_section_title title_tag=\u00bb\u00bb disable_break_words=\u00bbno\u00bb subtitle_tag=\u00bb\u00bb title=\u00bbWhale Watching 2022 in Punta Cana \/ Cap Cana to Samana Bay\u00bb subtitle=\u00bbPick Up from Hotels and Cayo Levantado (Bacardi Island).\u00bb]<\/div><\/div><\/div><\/div><div class=\"vc_row wpb_row vc_row-fluid\" ><div class=\"wpb_column vc_column_container vc_col-sm-12\"><div class=\"vc_column-inner\"><div class=\"wpb_wrapper\">\n\t<div class=\"wpb_text_column wpb_content_element\" >\n\t\t<div class=\"wpb_wrapper\">\n\t\t\t<div class=\"vc_row wpb_row vc_row-fluid\">\n<div class=\"wpb_column vc_column_container vc_col-sm-12\">\n<div class=\"vc_column-inner\">\n<div class=\"wpb_wrapper\">\n<div class=\"wpb_text_column wpb_content_element\">\n<div class=\"wpb_wrapper\">\n<div class=\"vc_row wpb_row vc_row-fluid\">\n<div class=\"wpb_column vc_column_container vc_col-sm-12\">\n<div class=\"vc_column-inner\">\n<div class=\"wpb_wrapper\">\n<div class=\"wpb_text_column wpb_content_element\">\n<div class=\"wpb_wrapper\">\n<h4><b><i>Prezentare general\u0103<img decoding=\"async\" class=\"emoji\" draggable=\"false\" src=\"https:\/\/s.w.org\/images\/core\/emoji\/12.0.0-1\/svg\/1f433.svg\" alt=\"\ud83d\udc33\" title=\"\"><\/i><\/b><\/h4>\n<p>Whale Punta Cana, whale watching in Saman\u00e1 Bay and visit Cayo Levantado during this full-day excursion from Punta Cana hotels. Travel to Saman\u00e1 bay aboard a comfortable, air-conditioned coach, then transfer to a boat Catamaran\u00a0 at Miches. Cruise out into the open waters to look for the pods of humpback whales who visit to breed and have their calves in the area. Learn about the behavior and biology of these marine mammals from your expert naturalist guide. Continue to Cayo Levantado, or Bacardi Island, for lunch on the beach and a dip in the azure waters before returning to Punta Cana.<\/p>\n<p>&nbsp;<\/p>\n<p><strong>Not\u0103: <\/strong>This tour can or not include the stop at\u00a0<strong>Cascada Limon<\/strong>. To book same trip with the waterfalls please <a href=\"https:\/\/www.ticketswhales.com\/Tours-Excursions\/fees-entrace\/samana-whale-watching-cayo-levantado-bacardi-island-limon-waterfalls-from-punta-cana-hotels\/\" target=\"_blank\" rel=\"noopener\">CLICK AICI.<\/a><\/p>\n<p>&nbsp;<\/p>\n<ul>\n<li>Excursie de observare a balenelor<\/li>\n<li>Taxe de intrare la Observator<\/li>\n<li>Include pr\u00e2nz bufet pe plaj\u0103<\/li>\n<li>Transfer cu barca<\/li>\n<li>Transfer from Punta Cana Hotels<\/li>\n<li>C\u0103pitanul asigur\u0103 instruc\u021bia \u0219i supervizarea<\/li>\n<li>Ghid turistic<\/li>\n<\/ul>\n<p>&nbsp;<\/p>\n<h4><b>Incluziuni \u0219i excluderi<\/b><\/h4>\n<p>&nbsp;<\/p>\n<p><b>Incluziuni<\/b><\/p>\n<p>&nbsp;<\/p>\n<ol>\n<li>Pr\u00e2nz tip bufet pe plaj\u0103<\/li>\n<li>Ghid turistic<\/li>\n<li>Catamaran sau excursie cu barca<\/li>\n<li>Toate taxele, taxele \u0219i taxele de manipulare<\/li>\n<li>Taxe locale<\/li>\n<li>B\u0103uturi<\/li>\n<\/ol>\n<p><b>Excluderile<\/b><\/p>\n<ol>\n<li>Gratuitatii<\/li>\n<\/ol>\n<p>&nbsp;<\/p>\n<h4><em><strong>Plecare \u0219i \u00eentoarcere<\/strong><\/em><\/h4>\n<p>Pentru acest tur se ofer\u0103 preluare de la hotel. \u00cen Note, scrie\u021bi numele hotelului pentru preluare. Prelu\u0103m \u00een toate hotelurile din Punta Cana.<\/p>\n<p>&nbsp;<\/p>\n<h3>Observarea balenelor 2022 din Punta Cana\/Cap Cana p\u00e2n\u0103 la golful Samana + Cayo Levantado (insula Bacardi) de la hoteluri.<\/h3>\n<h4><b><i>La ce s\u0103 te a\u0219tep\u021bi?<\/i><\/b><\/h4>\n<p>Apropia\u021bi-v\u0103 de gigan\u021bii bl\u00e2nzi ai m\u0103rii din Republica Dominican\u0103 \u00een timpul acestei excursii de 12 ore de observare a balenelor cu cocoa\u0219\u0103 \u00een Golful S\u00e1mana. Petrece\u021bi o zi de neuitat observ\u00e2nd miile de balene care vin pe insul\u0103 \u00een fiecare an pentru a se \u00eemperechea, a se hr\u0103ni \u0219i a se juca \u00een apele tropicale calde. Pe m\u0103sur\u0103 ce observa\u021bi aceste creaturi frumoase, v\u0103 ve\u021bi bucura de informa\u021bii unice de la ghidul dvs. expert \u00een observarea balenelor. \u00cencheia\u021bi ziua cu un pr\u00e2nz inclus \u0219i timp de plaj\u0103 pe frumoasa insul\u0103 Cayo Levantado. Transportul dus-\u00eentors la hotel este de asemenea inclus.<\/p>\n<p>From 9:00 Am until 12:00-noon Whale watching observatory and After this Whale trip we will visit Bacardi Island \/ Cayo Levantado. In Bacardi Island, Lunch Buffet from typical Dominican Style will be provided (Rice, Beans, Fish, Salads\u2026). When lunch is finished you are allowed to swim until 4:30 pm. Tour will be finished at 5:00 pm at the same port from where it will start onboad our Catamaran and them bus back to Punta Cana Hotels.<\/p>\n<p>This tour can or not include the stop at\u00a0<strong>Cascada Limon<\/strong>. To book same trip with the waterfalls please <a href=\"https:\/\/www.ticketswhales.com\/Tours-Excursions\/fees-entrace\/samana-whale-watching-cayo-levantado-bacardi-island-limon-waterfalls-from-punta-cana-hotels\/\" target=\"_blank\" rel=\"noopener\">CLICK AICI.<\/a><\/p>\n<p><strong>Orar:<\/strong><\/p>\n<p>6:00 - 7:00 Ridicarea clien\u021bilor de la diferite hoteluri<br \/>\n07:00 Plecare spre Las Canitas \u00een Sabana de la mar<br \/>\n08:15 Sosire la docul privat<br \/>\n08:15 - 8:40 Mic dejun (sandvi\u0219uri, brio\u0219e, ceai, cafea, sucuri)<br \/>\n8:45 \u00cembarcare pentru a ne \u00eencepe c\u0103l\u0103toria spre sanctuarul balenelor cu cocoa\u0219\u0103 din Samana<br \/>\n11:00 C\u0103utarea balenelor pentru o perioad\u0103 de 45 de minute - Acesta este calendarul urmat de normele guvernamentale.<br \/>\n11:45 Ne \u00eendrept\u0103m spre Cayo Levantado \u00een Golful Samana<br \/>\n12:30 Sosire \u00een Cayo Levantado<br \/>\n13:00 Pr\u00e2nzul (pr\u00e2nz tip bufet, tipic dominican)*.<br \/>\n13:45 - 15:30 Timp liber \u00een Cayo Levantado<br \/>\n15:00 - 15:45 Din nou la bord \u00een direc\u021bia \u00eenapoi spre Miches<br \/>\n17:00 Sosire \u00een Miches \u0219i plecare spre hotelurile din Punta Cana<br \/>\n19:30 - 20:00 Sosire la hoteluri \u00een Punta Cana<\/p>\n<p><strong>*Meniu de pr\u00e2nz (tipic dominican)<br \/>\n<\/strong>Orez, pui la gr\u0103tar sau pe\u0219te la gr\u0103tar, salat\u0103, legume, fructe proaspete.<\/p>\n<p><strong>*Clien\u021bii care aleg s\u0103 adauge oprirea la cascada El Limon dup\u0103 observarea balenelor se vor deplasa la cascad\u0103 \u0219i vor avea mai pu\u021bin timp de petrecut \u00een Cayo Levantado.<\/strong><\/p>\n<p>This tour can or not include the stop at\u00a0<strong>Cascada Limon<\/strong>. To book same trip with the waterfalls please <a href=\"https:\/\/www.ticketswhales.com\/Tours-Excursions\/fees-entrace\/samana-whale-watching-cayo-levantado-bacardi-island-limon-waterfalls-from-punta-cana-hotels\/\" target=\"_blank\" rel=\"noopener\">CLICK AICI.<\/a><\/p>\n<p>&nbsp;<\/p>\n<h4><em><strong>Ce ar trebui s\u0103 aduci?<\/strong><\/em><\/h4>\n<ul>\n<li>aparat foto<\/li>\n<li>Muguri repelent<\/li>\n<li>lotiune de plaja<\/li>\n<li>P\u0103l\u0103rie<\/li>\n<li>Pantaloni comozi<\/li>\n<li>Sandale la plaj\u0103<\/li>\n<li>\u00cembr\u0103c\u0103minte de \u00eenot<\/li>\n<li>Numerar pentru suveniruri<\/li>\n<\/ul>\n<p>&nbsp;<\/p>\n<h4><b><i>Preluare la hotel<\/i><\/b><\/h4>\n<p>Pentru acest tur se ofer\u0103 preluare de la hotel. \u00cen Note, scrie\u021bi numele hotelului pentru preluare. Prelu\u0103m \u00een toate hotelurile din Punta Cana.<\/p>\n<p>&nbsp;<\/p>\n<p><b>Not\u0103:<\/b> dac\u0103 rezerva\u021bi \u00een termen de 24 de ore de la ora de plecare a turului\/excursiei, putem aranja preluarea de la hotel. Dup\u0103 finalizarea achizi\u021biei, v\u0103 vom trimite informa\u021biile de contact complete (num\u0103r de telefon, adres\u0103 de e-mail etc.) pentru ca ghidul nostru local s\u0103 organizeze preluarea.<\/p>\n<h4><b><i>Confirmare informa\u021bii suplimentare<\/i><\/b><\/h4>\n<ol>\n<li>Biletele sunt Chitan\u021ba dup\u0103 plata acestui Tur. Pute\u021bi afi\u0219a plata pe telefon.<\/li>\n<li>Punctul de \u00eent\u00e2lnire va fi primit dup\u0103 procesul de rezervare.<\/li>\n<li>Copiii trebuie s\u0103 fie \u00eenso\u021bi\u021bi de un adult.<\/li>\n<li>accesibil \u00een scaun cu rotile<\/li>\n<li>Bebelu\u0219ii trebuie s\u0103 stea pe poale<\/li>\n<li>Majoritatea c\u0103l\u0103torilor pot participa<\/li>\n<\/ol>\n<h4><b><i>Politica de anulare<\/i><\/b><\/h4>\n<p>Pentru o rambursare complet\u0103, anula\u021bi cu cel pu\u021bin 24 de ore \u00eenainte de data de \u00eencepere a experien\u021bei.<\/p>\n<\/div>\n<\/div>\n<\/div>\n<\/div>\n<\/div>\n<\/div>\n<\/div>\n<\/div>\n<\/div>\n<\/div>\n<\/div>\n<\/div>\n<div class=\"vc_row wpb_row vc_row-fluid\">\n<div class=\"wpb_column vc_column_container vc_col-sm-12\">\n<div class=\"vc_column-inner\">\n<div class=\"wpb_wrapper\">\n<div class=\"vc_empty_space\"><\/div>\n<div class=\"wpb_text_column wpb_content_element\">\n<div class=\"wpb_wrapper\">\n<h4>Contacta\u0163i-ne?<\/h4>\n<h5><b><i>TURUL BALENELOR SAMANA<\/i><\/b><\/h5>\n<p><em><strong>Localnicii<\/strong>\u00a0\u0219i\u00a0<strong>Na\u0163ionalii<\/strong>\u00a0Ghizi turistici \u0219i servicii pentru oaspe\u021bi<\/em><\/p>\n<p><span class=\"text-turquoise\">Rezervari:<\/span>\u00a0Tururi \u0219i excursii \u00een Rep. Dom.<\/p>\n<p><img decoding=\"async\" class=\"emoji\" draggable=\"false\" src=\"https:\/\/s.w.org\/images\/core\/emoji\/11.2.0\/svg\/1f4de.svg\" alt=\"\ud83d\udcde\" title=\"\">\u00a0Tel\/Whatsapp\u00a0\u00a0<a href=\"tel:+1-809-720-6035\">+1-809-720-6035<\/a>.<\/p>\n<p><img decoding=\"async\" class=\"emoji\" draggable=\"false\" src=\"https:\/\/s.w.org\/images\/core\/emoji\/11.2.0\/svg\/1f4e9.svg\" alt=\"\ud83d\udce9\" title=\"\">\u00a0<a href=\"mailto:info@bookingadventures.com.do\">info@bookingadventures.com.do<\/a><\/p>\n<p><strong>Suntem flexibili, stabilim tururi private prin Whatsapp:\u00a0<a href=\"tel:+18097206035\">+18097206035.<\/a><\/strong><\/p>\n<\/div>\n<\/div>\n<\/div>\n<\/div>\n<\/div>\n<\/div>\n\n\t\t<\/div>\n\t<\/div>\n<\/div><\/div><\/div><\/div>","protected":false},"excerpt":{"rendered":"<p>From the Punta Cana hotels, we&#8217;ll enjoy the beautiful landscapes of the Oriental Mountain Range as we drive north of Punta Cana before arriving in the small fishing village of Miches at the southern shores of Samana Bay. There you will enjoy a quick breakfast prior to boarding the boat to Samana. We&#8217;ll cruise deep into the bay to whale watch. We will first reach Cayo Levantado, also known as Bacardi Island because of its close resemblance to the beaches Bacardi Rum once used for its famous commercials. Cayo Levantado is nothing short of a tropical oasis &#8211; a small island in the middle of the ocean with turquoise waters and white sands.<\/p>\n<p>This tour can or not include the stop at\u00a0<strong>Cascada Limon<\/strong>. To book the same trip with the waterfalls please <a href=\"https:\/\/www.ticketswhales.com\/Tours-Excursions\/fees-entrace\/samana-whale-watching-cayo-levantado-bacardi-island-limon-waterfalls-from-punta-cana-hotels\/\">CLICK AICI.<\/a><\/p>\n<p>&nbsp;<\/p>\n<p>&nbsp;<\/p>\n<p><em><strong>V\u0103 rug\u0103m s\u0103 selecta\u021bi data pentru excursie:<\/strong><\/em><\/p>","protected":false},"featured_media":497,"template":"","meta":[],"product_brand":[],"product_cat":[259,124,232],"product_tag":[390,137,162,364,260,345,201,141,391,228,147,392,357,271,393,234,280,394,236,395],"class_list":{"0":"post-11349","1":"product","2":"type-product","3":"status-publish","4":"has-post-thumbnail","6":"product_cat-tours-excursions-punta-cana-dominican-republic","7":"product_cat-tours-excursions-samana-bay-dominican-republic","8":"product_cat-whale-watching-samana","9":"product_tag-390","10":"product_tag-bacardi-island","11":"product_tag-cayo-levantado-day-pass","12":"product_tag-cheap-punta-cana-excursions","13":"product_tag-day-trip-punta-cana","14":"product_tag-half-day-whale-watching-miches","15":"product_tag-private-tours-samana","16":"product_tag-punta-cana","17":"product_tag-punta-cana-activities","18":"product_tag-punta-cana-tours","19":"product_tag-samana-bay","20":"product_tag-samana-day-trip","21":"product_tag-samana-day-trip-from-punta-cana","22":"product_tag-samana-whale-watching","23":"product_tag-whale-punta-cana","24":"product_tag-whale-samana","25":"product_tag-whale-watching-2020","26":"product_tag-whale-watching-2020-in-punta-cana-to-samana-bay-cayo-levantado-bacardi-island-from-hotels","27":"product_tag-whale-watching-dominican-republic","28":"product_tag-whale-watching-punta-cana","30":"first","31":"instock","32":"sale","33":"sold-individually","34":"shipping-taxable","35":"product-type-external"},"_links":{"self":[{"href":"https:\/\/haitises.com\/ro\/wp-json\/wp\/v2\/product\/11349","targetHints":{"allow":["GET"]}}],"collection":[{"href":"https:\/\/haitises.com\/ro\/wp-json\/wp\/v2\/product"}],"about":[{"href":"https:\/\/haitises.com\/ro\/wp-json\/wp\/v2\/types\/product"}],"wp:featuredmedia":[{"embeddable":true,"href":"https:\/\/haitises.com\/ro\/wp-json\/wp\/v2\/media\/497"}],"wp:attachment":[{"href":"https:\/\/haitises.com\/ro\/wp-json\/wp\/v2\/media?parent=11349"}],"wp:term":[{"taxonomy":"product_brand","embeddable":true,"href":"https:\/\/haitises.com\/ro\/wp-json\/wp\/v2\/product_brand?post=11349"},{"taxonomy":"product_cat","embeddable":true,"href":"https:\/\/haitises.com\/ro\/wp-json\/wp\/v2\/product_cat?post=11349"},{"taxonomy":"product_tag","embeddable":true,"href":"https:\/\/haitises.com\/ro\/wp-json\/wp\/v2\/product_tag?post=11349"}],"curies":[{"name":"wp","href":"https:\/\/api.w.org\/{rel}","templated":true}]}}