{"id":11339,"date":"2021-08-15T20:08:47","date_gmt":"2021-08-15T20:08:47","guid":{"rendered":"http:\/\/haitises.com\/?post_type=product&#038;p=11339"},"modified":"2024-04-08T19:01:18","modified_gmt":"2024-04-08T19:01:18","slug":"half-day-whale-watching-samana-in-catamaran-morning-2","status":"publish","type":"product","link":"https:\/\/haitises.com\/ro\/privat\/half-day-whale-watching-samana-in-catamaran-morning-2\/","title":{"rendered":"O jum\u0103tate de zi de observare a balenelor Samana \u00een catamaran-diminea\u021ba"},"content":{"rendered":"<div class=\"vc_row wpb_row vc_row-fluid\" ><div class=\"wpb_column vc_column_container vc_col-sm-12\"><div class=\"vc_column-inner\"><div class=\"wpb_wrapper\">[mkdf_section_title title_tag=\u00bb\u00bb disable_break_words=\u00bbno\u00bb subtitle_tag=\u00bb\u00bb title=\u00bbHalf Day Whale Watching Samana in Catamaran\u00bb subtitle=\u00bbMorning or Afternoon\u00bb]<\/div><\/div><\/div><\/div><div class=\"vc_row wpb_row vc_row-fluid\" ><div class=\"wpb_column vc_column_container vc_col-sm-12\"><div class=\"vc_column-inner\"><div class=\"wpb_wrapper\">\n\t<div class=\"wpb_text_column wpb_content_element\" >\n\t\t<div class=\"wpb_wrapper\">\n\t\t\t<div class=\"vc_row wpb_row vc_row-fluid\">\n<div class=\"wpb_column vc_column_container vc_col-sm-12\">\n<div class=\"vc_column-inner\">\n<div class=\"wpb_wrapper\">\n<div class=\"wpb_text_column wpb_content_element\">\n<div class=\"wpb_wrapper\">\n<div class=\"vc_row wpb_row vc_row-fluid\">\n<div class=\"wpb_column vc_column_container vc_col-sm-12\">\n<div class=\"vc_column-inner\">\n<div class=\"wpb_wrapper\">\n<div class=\"wpb_text_column wpb_content_element\">\n<div class=\"wpb_wrapper\">\n<h4><b><i>Prezentare general\u0103<img decoding=\"async\" class=\"emoji\" draggable=\"false\" src=\"https:\/\/s.w.org\/images\/core\/emoji\/12.0.0-1\/svg\/1f433.svg\" alt=\"\ud83d\udc33\" title=\"\"><\/i><\/b><\/h4>\n<p>After aborting our Boat to visit the Whales in their own habitat.\u00a0 Our Captains are trained to make sure that you see whales.<\/p>\n<p>From 9:00 Am until 12:00-noon Or Private minimun 4 people for 1:00 Pm to 3:30 Pm.\u00a0 Whale watching observatory and After this Whale Whatchig trip, we Come back to Samana main port.<\/p>\n<p><strong>Not\u0103:<\/strong> This tour is not Private. If you will like to set a Private tour just Contact us!<\/p>\n<ul>\n<li>Excursie de observare a balenelor<\/li>\n<li>Boat\u00a0 Catamarn Transfer<\/li>\n<li>C\u0103pitanul asigur\u0103 instruc\u021bia \u0219i supervizarea<\/li>\n<li>Ghid turistic<\/li>\n<\/ul>\n<p>&nbsp;<\/p>\n<h4><b>Incluziuni \u0219i excluderi<\/b><\/h4>\n<p>&nbsp;<\/p>\n<p><b>Incluziuni<\/b><\/p>\n<ol>\n<li>Ghid turistic<\/li>\n<li>Catamaran sau excursie cu barca<\/li>\n<li>Toate taxele, taxele \u0219i taxele de manipulare<\/li>\n<li>Taxe locale<\/li>\n<li>B\u0103uturi<\/li>\n<li>Dramamine Tablets (Optional)<\/li>\n<li>Entrace fees to the Santuary. (Bracelet)<\/li>\n<\/ol>\n<p><b>Excluderile<\/b><\/p>\n<ol>\n<li>Gratuitatii<\/li>\n<li>Transfer auto<\/li>\n<li>Bauturi alcoolice<\/li>\n<\/ol>\n<p>&nbsp;<\/p>\n<h4><em><strong>Plecare \u0219i \u00eentoarcere<\/strong><\/em><\/h4>\n<p>C\u0103l\u0103torul va primi un punct de \u00eent\u00e2lnire dup\u0103 procesul de rezervare. Tururile \u00eencep \u0219i se termin\u0103 \u00een punctele noastre de \u00eent\u00e2lnire.<\/p>\n<h3>Half-Day Whale Watching Samana in Catamaran<\/h3>\n<h4><b><i>La ce s\u0103 te a\u0219tep\u021bi?<\/i><\/b><\/h4>\n<p>&nbsp;<\/p>\n<p><em><strong>Ia-\u021bi biletele<\/strong><\/em> for a\u00a0 half day trip\u00a0 Whale Watching\u00a0 tour in Saman\u00e1 bay.<\/p>\n<p>The whale watching trip half day, organized by \u201cBooking Adventures\u201d starts at the meeting point set with the Tour Guide. Lunch at the beach is <strong>not<\/strong> incluide in this tour.<\/p>\n<p>&nbsp;<\/p>\n<p><strong>Orar:<\/strong><\/p>\n<p>8:45 AM \u2013 12: 30 PM<\/p>\n<p>1: 00 Pm &#8211; 3: 30 PM. ( It most be a Private trip minimun 4 people or Contact us).<\/p>\n<\/div>\n<p>Time can change depents how many whales we see.<\/p>\n<div class=\"wpb_wrapper\">\n<p>&nbsp;<\/p>\n<h4><em><strong>Ce ar trebui s\u0103 aduci?<\/strong><\/em><\/h4>\n<ul>\n<li>aparat foto<\/li>\n<li>Muguri repelent<\/li>\n<li>lotiune de plaja<\/li>\n<li>P\u0103l\u0103rie<\/li>\n<li>Pantaloni comozi<\/li>\n<li>\u00cembr\u0103c\u0103minte de \u00eenot<\/li>\n<li>Numerar pentru suveniruri<\/li>\n<\/ul>\n<p>&nbsp;<\/p>\n<h4><b><i>Preluare la hotel<\/i><\/b><\/h4>\n<p>Pentru acest tur nu se ofer\u0103 servicii de preluare de la hotel.<\/p>\n<p>&nbsp;<\/p>\n<p><b>Not\u0103:<\/b>\u00a0dac\u0103 rezerva\u021bi \u00een termen de 24 de ore de la ora de plecare a turului\/excursiei, putem aranja preluarea de la hotel cu taxe suplimentare. Odat\u0103 ce a\u021bi finalizat achizi\u021bia, v\u0103 vom trimite informa\u021bii complete de contact (num\u0103r de telefon, adres\u0103 de e-mail etc.) pentru ca ghidul nostru local s\u0103 organizeze aranjamentele de preluare.<\/p>\n<h4><b><i>Confirmare informa\u021bii suplimentare<\/i><\/b><\/h4>\n<ol>\n<li>Biletele sunt Chitan\u021ba dup\u0103 plata acestui Tur. Pute\u021bi afi\u0219a plata pe telefon.<\/li>\n<li>Punctul de \u00eent\u00e2lnire va fi primit dup\u0103 procesul de rezervare.<\/li>\n<li>Copiii trebuie s\u0103 fie \u00eenso\u021bi\u021bi de un adult.<\/li>\n<li>accesibil \u00een scaun cu rotile<\/li>\n<li>Bebelu\u0219ii trebuie s\u0103 stea pe poale<\/li>\n<li>Majoritatea c\u0103l\u0103torilor pot participa<\/li>\n<\/ol>\n<h4><b><i>Politica de anulare<\/i><\/b><\/h4>\n<p>Pentru o rambursare complet\u0103, anula\u021bi cu cel pu\u021bin 24 de ore \u00eenainte de data de \u00eencepere a experien\u021bei.<\/p>\n<\/div>\n<\/div>\n<\/div>\n<\/div>\n<\/div>\n<\/div>\n<\/div>\n<\/div>\n<\/div>\n<\/div>\n<\/div>\n<\/div>\n<div class=\"vc_row wpb_row vc_row-fluid\">\n<div class=\"wpb_column vc_column_container vc_col-sm-12\">\n<div class=\"vc_column-inner\">\n<div class=\"wpb_wrapper\">\n<div class=\"vc_empty_space\"><\/div>\n<div class=\"wpb_text_column wpb_content_element\">\n<div class=\"wpb_wrapper\">\n<h4>Contacta\u0163i-ne?<\/h4>\n<h5><b><i>TURUL BALENELOR SAMANA<\/i><\/b><\/h5>\n<p><em><strong>Localnicii<\/strong>\u00a0\u0219i\u00a0<strong>Na\u0163ionalii<\/strong>\u00a0Ghizi turistici \u0219i servicii pentru oaspe\u021bi<\/em><\/p>\n<p><span class=\"text-turquoise\">Rezervari:<\/span>\u00a0Tururi \u0219i excursii \u00een Rep. Dom.<\/p>\n<p><img decoding=\"async\" class=\"emoji\" draggable=\"false\" src=\"https:\/\/s.w.org\/images\/core\/emoji\/11.2.0\/svg\/1f4de.svg\" alt=\"\ud83d\udcde\" title=\"\">\u00a0Tel\/Whatsapp\u00a0\u00a0<a href=\"tel:+1-809-720-6035\">+1-809-720-6035<\/a>.<\/p>\n<p><img decoding=\"async\" class=\"emoji\" draggable=\"false\" src=\"https:\/\/s.w.org\/images\/core\/emoji\/11.2.0\/svg\/1f4e9.svg\" alt=\"\ud83d\udce9\" title=\"\">\u00a0<a href=\"mailto:info@bookingadventures.com.do\">info@bookingadventures.com.do<\/a><\/p>\n<p><strong>Suntem flexibili, stabilim tururi private prin Whatsapp:\u00a0<a href=\"tel:+18097206035\">+18097206035.<\/a><\/strong><\/p>\n<\/div>\n<\/div>\n<\/div>\n<\/div>\n<\/div>\n<\/div>\n\n\t\t<\/div>\n\t<\/div>\n<\/div><\/div><\/div><\/div>","protected":false},"excerpt":{"rendered":"<p>Half-Day Whale Watching Samana Bay, Dominican Republic. Whale Watching from Saman\u00e1 port in a comfortable Catamaran. Book in the Morning or Afternoon trips for Whale watching. Book Now this excursion in Samana bay for a Good whale watching trip experience.<\/p>\n<p>&nbsp;<\/p>\n<p><em><strong>V\u0103 rug\u0103m s\u0103 selecta\u021bi data pentru excursie:<\/strong><\/em><\/p>","protected":false},"featured_media":427,"template":"","meta":[],"product_brand":[],"product_cat":[335,124,232],"product_tag":[336,201,271,234,235,236,337,338,238],"class_list":{"0":"post-11339","1":"product","2":"type-product","3":"status-publish","4":"has-post-thumbnail","6":"product_cat-half-day-whale-watching-samana-in-catamaran","7":"product_cat-tours-excursions-samana-bay-dominican-republic","8":"product_cat-whale-watching-samana","9":"product_tag-half-day-whale-watching-samana-in-catamaran-morning-or-afternoon","10":"product_tag-private-tours-samana","11":"product_tag-samana-whale-watching","12":"product_tag-whale-samana","13":"product_tag-whale-tours","14":"product_tag-whale-watching-dominican-republic","15":"product_tag-whale-watching-las-galeras","16":"product_tag-whale-watching-las-terrenas","17":"product_tag-whale-watching-samana","19":"first","20":"instock","21":"sale","22":"sold-individually","23":"shipping-taxable","24":"product-type-external"},"_links":{"self":[{"href":"https:\/\/haitises.com\/ro\/wp-json\/wp\/v2\/product\/11339","targetHints":{"allow":["GET"]}}],"collection":[{"href":"https:\/\/haitises.com\/ro\/wp-json\/wp\/v2\/product"}],"about":[{"href":"https:\/\/haitises.com\/ro\/wp-json\/wp\/v2\/types\/product"}],"wp:featuredmedia":[{"embeddable":true,"href":"https:\/\/haitises.com\/ro\/wp-json\/wp\/v2\/media\/427"}],"wp:attachment":[{"href":"https:\/\/haitises.com\/ro\/wp-json\/wp\/v2\/media?parent=11339"}],"wp:term":[{"taxonomy":"product_brand","embeddable":true,"href":"https:\/\/haitises.com\/ro\/wp-json\/wp\/v2\/product_brand?post=11339"},{"taxonomy":"product_cat","embeddable":true,"href":"https:\/\/haitises.com\/ro\/wp-json\/wp\/v2\/product_cat?post=11339"},{"taxonomy":"product_tag","embeddable":true,"href":"https:\/\/haitises.com\/ro\/wp-json\/wp\/v2\/product_tag?post=11339"}],"curies":[{"name":"wp","href":"https:\/\/api.w.org\/{rel}","templated":true}]}}