{"id":11302,"date":"2021-08-15T20:08:36","date_gmt":"2021-08-15T20:08:36","guid":{"rendered":"http:\/\/haitises.com\/?post_type=product&#038;p=11302"},"modified":"2021-08-15T20:08:37","modified_gmt":"2021-08-15T20:08:37","slug":"salto-de-la-jalda-national-park-the-highest-waterfall-in-the-caribbean-272-feet-2","status":"publish","type":"product","link":"https:\/\/haitises.com\/ro\/privat\/salto-de-la-jalda-national-park-the-highest-waterfall-in-the-caribbean-272-feet-2\/","title":{"rendered":"Parcul Na\u021bional Salto de la Jalda - Cea mai \u00eenalt\u0103 cascad\u0103 din Caraibe 272 de picioare"},"content":{"rendered":"<div class=\"vc_row wpb_row vc_row-fluid\" ><div class=\"wpb_column vc_column_container vc_col-sm-12\"><div class=\"vc_column-inner\"><div class=\"wpb_wrapper\">[mkdf_section_title title_tag=\u00bb\u00bb disable_break_words=\u00bbno\u00bb subtitle_tag=\u00bb\u00bb text_font_weight=\u00bb\u00bb title=\u00bbSalto de la Jalda National Park\u00bb subtitle=\u00bbThe highest Waterfall in Caribbean 272 feet\u00bb text=\u00bbHike or Horses Riding.\u00bb]<\/div><\/div><\/div><\/div><div class=\"vc_row wpb_row vc_row-fluid\" ><div class=\"wpb_column vc_column_container vc_col-sm-12\"><div class=\"vc_column-inner\"><div class=\"wpb_wrapper\">\n\t<div class=\"wpb_text_column wpb_content_element\" >\n\t\t<div class=\"wpb_wrapper\">\n\t\t\t<h4><b><i>Prezentare general\u0103 <\/i><\/b><\/h4>\n<p>Acesta este un tur privat la\u00a0<strong>Cascadele La Jalda<\/strong> cu c\u0103l\u0103rie sau drume\u021bii. Vizitarea p\u0103durii de cacao \u0219i cafea sub bolta palmierilor de cocos. C\u00e2nd ajunge\u021bi la Cascade, ave\u021bi voie s\u0103 \u00eenota\u021bi \u0219i s\u0103 v\u0103 relaxa\u021bi \u00eempreun\u0103 cu ghidul local.<\/p>\n<p>\u00cenv\u0103\u021ba\u021bi \u00eempreun\u0103 cu localnicii \u0219i ob\u021bine\u021bi o excursie sigur\u0103. Ia-\u021bi biletele \u00een ofert\u0103 ast\u0103zi.<\/p>\n<p>&nbsp;<\/p>\n<ul>\n<li>C\u0103l\u0103rie sau drume\u021bii<\/li>\n<li style=\"font-weight: 400;\"><span style=\"font-weight: 400;\">Ghidul ofer\u0103 instruc\u021biuni \u0219i Supravegherea<\/span><\/li>\n<li>Taxe pentru Parcul Na\u021bional<\/li>\n<\/ul>\n<p>&nbsp;<\/p>\n<h4><b>Incluziuni \u0219i excluderi<\/b><\/h4>\n<p>&nbsp;<\/p>\n<p><b>Incluziuni<\/b><\/p>\n<ol>\n<li style=\"font-weight: 400;\"><span style=\"font-weight: 400;\">Drume\u021bii sau plimb\u0103ri c\u0103lare<\/span><\/li>\n<li style=\"font-weight: 400;\"><span style=\"font-weight: 400;\">Toate taxele, taxele \u0219i taxele de manipulare<\/span><\/li>\n<li style=\"font-weight: 400;\"><span style=\"font-weight: 400;\">Taxe locale<\/span><\/li>\n<li style=\"font-weight: 400;\"><span style=\"font-weight: 400;\">B\u0103uturi<\/span><\/li>\n<li style=\"font-weight: 400;\"><span style=\"font-weight: 400;\">Toate activit\u0103\u021bile<\/span><\/li>\n<li style=\"font-weight: 400;\"><span style=\"font-weight: 400;\">Ghid local<\/span><\/li>\n<\/ol>\n<p><b> Excluderile<\/b><\/p>\n<ol>\n<li style=\"font-weight: 400;\"><span style=\"font-weight: 400;\">Gratuitatii<\/span><\/li>\n<li style=\"font-weight: 400;\"><span style=\"font-weight: 400;\">Transfer<\/span><\/li>\n<li>Masa de pranz<\/li>\n<li style=\"font-weight: 400;\"><span style=\"font-weight: 400;\">Bauturi alcoolice<\/span><\/li>\n<\/ol>\n<p>&nbsp;<\/p>\n<h4><em><strong>Plecare \u0219i \u00eentoarcere<\/strong><\/em><\/h4>\n<p><span style=\"font-weight: 400;\">C\u0103l\u0103torul va primi un punct de \u00eent\u00e2lnire dup\u0103 Procesul de Rezervare. Tururile \u00eencep \u0219i se termin\u0103 \u00een punctele noastre de \u00eent\u00e2lnire.<\/span><\/p>\n<p>&nbsp;<\/p>\n<h2>Drume\u021bie \u00een Parcul Na\u021bional Salto de la Jalda<\/h2>\n<h4><b><i>La ce s\u0103 te a\u0219tep\u021bi?<\/i><\/b><\/h4>\n<p><em><strong>Ia-\u021bi biletele<\/strong><\/em> pentru a vizita Cele mai \u00eenalte cascade din Caraibe.\u00a0 <strong>El Salto la Jalda<\/strong> Drume\u021bii \u0219i echita\u021bie.<\/p>\n<p><span style=\"font-weight: 400;\">The tour, organized by \u00abBooking Adventures\u00bb starts at the meeting point set with the Tour Guide. <\/span>Pentru a \u00eencepe turul nostru, ne \u00eent\u00e2lnim \u00een<strong> Savana M\u0103rii<\/strong>. Then we get into the vehicle we drive 25 min to Magua Community. Where we will meet our local hiking guides. Living your vehicle in a safe parking place, we go on horse riding or on foot to the National Park Salto de La Jalda, with a time of three hours to arrive there.<\/p>\n<p>Drumul are 6,5 kilometri, este o experien\u021b\u0103 lung\u0103 prin p\u0103durea dominican\u0103, trec\u00e2nd prin p\u0103duri de cacau, nuci de cocos \u0219i cafea.  \u00cen c\u0103l\u0103toria noastr\u0103 complet\u0103, vom trece pe l\u00e2ng\u0103 r\u00e2ul Magua \u0219i \u00eel vom traversa de aproximativ 8 ori f\u0103r\u0103 prea multe dificult\u0103\u021bi.<\/p>\n<p>Aproape tot traseul este umbrit de o mare cantitate de p\u0103dure de cacao plantat\u0103 \u00eenainte ca zona s\u0103 fie declarat\u0103 Parcul Na\u021bional Salto de La Jalda. \u00cen aceast\u0103 prim\u0103 parte a aventurii ecoturistice, v\u0103 pute\u021bi bucura de c\u00e2ntecul p\u0103s\u0103rilor, de sunetul curen\u021bilor de curgere a apei, de terenul \u00een mare parte plat \u0219i de toat\u0103 vegeta\u021bia verde.<\/p>\n<p>\u00cen afar\u0103 de cacao, pe teritoriul Parcului Na\u021bional La Jalda, pute\u021bi vedea \u0219i planta\u021bii de cafea. Aproape de a ajunge la cascad\u0103, ne oprim la casele p\u0103durarilor autohtoni din ora\u0219ul Magua, atribuite Parcului Na\u021bional La Jalda. Acolo se poate face o scurt\u0103 pauz\u0103, de unde se poate vedea \u00een general o priveli\u0219te uimitoare a Salto de La Jalda.<\/p>\n<p>Vom continua p\u00e2n\u0103 la cascade, vom \u00eenota acolo \u0219i dup\u0103 c\u00e2teva ore ne vom \u00eentoarce la ma\u0219in\u0103 pe acela\u0219i traseu. Aceasta este o aventur\u0103 extrem\u0103. V\u0103 rug\u0103m, dac\u0103 nu ave\u021bi condi\u021bii pentru drume\u021bii, trebuie s\u0103 face\u021bi echita\u021bie.<\/p>\n<p>&nbsp;<\/p>\n<h4><em><strong>Ce ar trebui s\u0103 aduci?<\/strong><\/em><\/h4>\n<ul>\n<li style=\"font-weight: 400;\"><span style=\"font-weight: 400;\">aparat foto<\/span><\/li>\n<li style=\"font-weight: 400;\"><span style=\"font-weight: 400;\">Muguri repelent<\/span><\/li>\n<li style=\"font-weight: 400;\"><span style=\"font-weight: 400;\">lotiune de plaja<\/span><\/li>\n<li style=\"font-weight: 400;\"><span style=\"font-weight: 400;\">P\u0103l\u0103rie<\/span><\/li>\n<li style=\"font-weight: 400;\"><span style=\"font-weight: 400;\">Pantaloni comozi<\/span><\/li>\n<li style=\"font-weight: 400;\"><span style=\"font-weight: 400;\">Pantofi de drume\u021bie pentru p\u0103dure<\/span><\/li>\n<li style=\"font-weight: 400;\"><span style=\"font-weight: 400;\">\u00cembr\u0103c\u0103minte de \u00eenot<\/span><\/li>\n<li>Extra Waterbottle<\/li>\n<li>Pr\u00e2nz sau gust\u0103ri<\/li>\n<\/ul>\n<p>&nbsp;<\/p>\n<h4><b><i>Preluare la hotel <\/i><\/b><\/h4>\n<p><span style=\"font-weight: 400;\">Pentru acest tur nu se ofer\u0103 servicii de preluare de la hotel. <\/span><\/p>\n<p>&nbsp;<\/p>\n<p><b>Not\u0103:<\/b><span style=\"font-weight: 400;\"> Dac\u0103 rezerva\u021bi \u00een termen de 24 de ore de la ora de plecare a turului\/excursiei, putem aranja preluarea de la hotel cu taxe suplimentare. Odat\u0103 ce a\u021bi finalizat achizi\u021bia, v\u0103 vom trimite informa\u021bii complete de contact (num\u0103r de telefon, adres\u0103 de e-mail etc.) pentru ca ghidul nostru local de turism s\u0103 organizeze aranjamentele de preluare.<\/span><\/p>\n<h4><b><i>Confirmare informa\u021bii suplimentare <\/i><\/b><\/h4>\n<ol>\n<li>Biletele sunt Chitan\u021ba dup\u0103 plata acestui Tur. Pute\u021bi afi\u0219a plata pe telefon.<\/li>\n<li style=\"font-weight: 400;\"><span style=\"font-weight: 400;\">Punctul de \u00eent\u00e2lnire va fi primit dup\u0103 procesul de rezervare.<\/span><\/li>\n<li style=\"font-weight: 400;\"><span style=\"font-weight: 400;\">Copiii trebuie s\u0103 fie \u00eenso\u021bi\u021bi de un adult.<\/span><\/li>\n<li style=\"font-weight: 400;\"><span style=\"font-weight: 400;\"> Nu este accesibil cu scaunul cu rotile <\/span><\/li>\n<li style=\"font-weight: 400;\"><span style=\"font-weight: 400;\">Nu sunt permi\u0219i copii pentru aceast\u0103 excursie<\/span><\/li>\n<li style=\"font-weight: 400;\"><span style=\"font-weight: 400;\">Nu este recomandat c\u0103l\u0103torilor cu probleme de spate<\/span><\/li>\n<li style=\"font-weight: 400;\"><span style=\"font-weight: 400;\">Nu este recomandat c\u0103l\u0103torilor \u00eens\u0103rcinate <\/span><\/li>\n<li style=\"font-weight: 400;\"><span style=\"font-weight: 400;\"> F\u0103r\u0103 probleme cardiace sau alte afec\u021biuni medicale grave <\/span><\/li>\n<li style=\"font-weight: 400;\"><span style=\"font-weight: 400;\">Majoritatea c\u0103l\u0103torilor pot participa<\/span><\/li>\n<\/ol>\n<h4><b><i>Politica de anulare<\/i><\/b><\/h4>\n<p><span style=\"font-weight: 400;\">Pentru o rambursare complet\u0103, anula\u021bi cu cel pu\u021bin 24 de ore \u00eenainte de data de \u00eencepere a experien\u021bei.<\/span><\/p>\n\n\t\t<\/div>\n\t<\/div>\n<\/div><\/div><\/div><\/div><div class=\"vc_row wpb_row vc_row-fluid\" ><div class=\"wpb_column vc_column_container vc_col-sm-12\"><div class=\"vc_column-inner\"><div class=\"wpb_wrapper\">\n\t<div class=\"wpb_text_column wpb_content_element\" >\n\t\t<div class=\"wpb_wrapper\">\n\t\t\t<h4>Contacta\u0163i-ne?<\/h4>\n<h5><em><strong>Rezervare aventuri<\/strong><\/em><\/h5>\n<p><em><strong>Localnicii<\/strong> \u0219i <strong>Na\u0163ionalii<\/strong> Ghizi turistici \u0219i servicii pentru oaspe\u021bi<\/em><\/p>\n<p><span class=\"text-turquoise\">Rezervari:<\/span> Tururi \u0219i excursii \u00een Rep. Dom.<\/p>\n<p><img decoding=\"async\" class=\"emoji\" draggable=\"false\" src=\"https:\/\/s.w.org\/images\/core\/emoji\/11.2.0\/svg\/1f4de.svg\" alt=\"\ud83d\udcde\" title=\"\"> Tel\/Whatsapp\u00a0 <a href=\"tel:+1-809-720-6035\">+1-809-720-6035<\/a>.<\/p>\n<p><img decoding=\"async\" class=\"emoji\" draggable=\"false\" src=\"https:\/\/s.w.org\/images\/core\/emoji\/11.2.0\/svg\/1f4e9.svg\" alt=\"\ud83d\udce9\" title=\"\"> <a href=\"mailto:info@bookingadventures.com.do\">info@bookingadventures.com.do<\/a><\/p>\n<p><strong>Suntem flexibili, stabilim tururi private prin Whatsapp: <a href=\"tel:+18097206035\">+18097206035.<\/a><\/strong><\/p>\n\n\t\t<\/div>\n\t<\/div>\n<\/div><\/div><\/div><\/div>","protected":false},"excerpt":{"rendered":"<p>O aventur\u0103 extrem\u0103 la cea mai \u00eenalt\u0103 cascad\u0103 din Caraibe. Veni\u021bi cu localnicii \u00een drume\u021bii sau c\u0103lare p\u00e2n\u0103 la cascad\u0103. \u00cenv\u0103\u021ba\u021bi despre adev\u0103ratul stil de via\u021b\u0103 dominican din p\u0103dure. Vizitarea celor mai mari planta\u021bii de p\u0103dure de arbori Cacao din Republica Dominican\u0103 \u0219i \u00eenv\u0103\u021barea acestei pove\u0219ti cu ghizii nativi.<\/p>\n<p>C\u00e2nd rezerva\u021bi aceast\u0103 excursie, sprijini\u021bi familiile din Magua, comunitatea Sabana de la Mar. Unde nu exist\u0103 turi\u0219ti tot timpul anului. Banii r\u0103m\u00e2n la ace\u0219ti localnici.<\/p>\n<p>&nbsp;<\/p>\n<p><strong>V\u0103 rug\u0103m s\u0103 selecta\u021bi data pentru Tur\u00a0<\/strong><\/p>","protected":false},"featured_media":62,"template":"","meta":[],"product_brand":[],"product_cat":[95,96,97,98,99,100],"product_tag":[101,102,103,104,105,106,107,108,109,110,111,112,113,114,115,116,117,118],"class_list":{"0":"post-11302","1":"product","2":"type-product","3":"status-publish","4":"has-post-thumbnail","6":"product_cat-hike-to-miches-la-jalda-waterfall-waterfalls","7":"product_cat-hiking","8":"product_cat-horse-riding-to-waterfalls","9":"product_cat-local-tour-guides","10":"product_cat-swimming-natural-springs","11":"product_cat-waterfalls","12":"product_tag-higthest-waterfall-in-the-caribean","13":"product_tag-hike-la-jalda","14":"product_tag-hike-to-miches-la-jalda-waterfall-waterfalls","15":"product_tag-hiking","16":"product_tag-la-jalda-excursions","17":"product_tag-la-jalda-horses","18":"product_tag-la-jalda-national-park","19":"product_tag-la-jalda-waterfall","20":"product_tag-leaping","21":"product_tag-leaping-jalda","22":"product_tag-magua","23":"product_tag-magua-la-jalda","24":"product_tag-miches","25":"product_tag-sabana-de-la-mar","26":"product_tag-salto-de-la-jalda","27":"product_tag-salto-la-jalda-sabana-de-la-mar","28":"product_tag-salto-la-jalda-tours","29":"product_tag-waterfalls","31":"first","32":"instock","33":"sale","34":"featured","35":"virtual","36":"sold-individually","37":"purchasable","38":"product-type-simple"},"_links":{"self":[{"href":"https:\/\/haitises.com\/ro\/wp-json\/wp\/v2\/product\/11302","targetHints":{"allow":["GET"]}}],"collection":[{"href":"https:\/\/haitises.com\/ro\/wp-json\/wp\/v2\/product"}],"about":[{"href":"https:\/\/haitises.com\/ro\/wp-json\/wp\/v2\/types\/product"}],"wp:featuredmedia":[{"embeddable":true,"href":"https:\/\/haitises.com\/ro\/wp-json\/wp\/v2\/media\/62"}],"wp:attachment":[{"href":"https:\/\/haitises.com\/ro\/wp-json\/wp\/v2\/media?parent=11302"}],"wp:term":[{"taxonomy":"product_brand","embeddable":true,"href":"https:\/\/haitises.com\/ro\/wp-json\/wp\/v2\/product_brand?post=11302"},{"taxonomy":"product_cat","embeddable":true,"href":"https:\/\/haitises.com\/ro\/wp-json\/wp\/v2\/product_cat?post=11302"},{"taxonomy":"product_tag","embeddable":true,"href":"https:\/\/haitises.com\/ro\/wp-json\/wp\/v2\/product_tag?post=11302"}],"curies":[{"name":"wp","href":"https:\/\/api.w.org\/{rel}","templated":true}]}}