{"id":11019,"date":"2021-04-09T10:45:51","date_gmt":"2021-04-09T10:45:51","guid":{"rendered":"http:\/\/haitises.com\/product\/import-placeholder-for-9919\/"},"modified":"2024-04-12T18:09:21","modified_gmt":"2024-04-12T18:09:21","slug":"los-haitises-national-park-tour-from-las-terrenas-samana-half-day-trip-lunch-at-cano-hondo-2","status":"publish","type":"product","link":"https:\/\/haitises.com\/ro\/privat\/los-haitises-national-park-tour-from-las-terrenas-samana-half-day-trip-lunch-at-cano-hondo-2\/","title":{"rendered":"Tur \u00een Parcul Na\u021bional Los Haitises din Las Terrenas, Samana. Excursie de jum\u0103tate de zi. Pr\u00e2nz la Cano Hondo."},"content":{"rendered":"<div class=\"vc_row wpb_row vc_row-fluid\" ><div class=\"wpb_column vc_column_container vc_col-sm-12\"><div class=\"vc_column-inner\"><div class=\"wpb_wrapper\">[mkdf_section_title title_tag=\u00bb\u00bb disable_break_words=\u00bbno\u00bb subtitle_tag=\u00bb\u00bb title=\u00bbLos Haitises National Park Tour from Las Terrenas de Samana. Half Day Trip.\u00bb subtitle=\u00bbTransportation &amp; Lunch Included\u00bb]<\/div><\/div><\/div><\/div><div class=\"vc_row wpb_row vc_row-fluid\" ><div class=\"wpb_column vc_column_container vc_col-sm-12\"><div class=\"vc_column-inner\"><div class=\"wpb_wrapper\">\n\t<div class=\"wpb_text_column wpb_content_element\" >\n\t\t<div class=\"wpb_wrapper\">\n\t\t\t<h3>Excursie \u00een Parcul Na\u021bional Los Haitises din Las Terrenas de Samana. Excursie de o jum\u0103tate de zi.<\/h3>\n<h4><b><i>Prezentare general\u0103 <\/i><\/b><\/h4>\n<p>Excursie \u00een Parcul Na\u021bional Los Haitises din Las Terrenas de Samana. Excursie de o jum\u0103tate de zi. Plecare de la hotelul dumneavoastr\u0103 din Las Terrenas din Samana. Ne vom deplasa cu ma\u0219ina p\u00e2n\u0103 \u00een comunitatea Sanchez, unde se va lua barca care va traversa golful Samana. Vizitarea Rio Naranjo, trec\u00e2nd prin comunitatea de pescari \u00een Parcul Na\u021bional Los Haitises, 3 pe\u0219teri, pe\u0219tera Boca Tiburon, observarea p\u0103s\u0103rilor din Insula Key, plus mangrovele din Golful Samana.<\/p>\n<p>Dup\u0103 aceast\u0103 experien\u021b\u0103, v\u0103 ve\u021bi \u00eentoarce \u00een comunitatea Las Terrenas, de unde v\u0103 vom lua.<\/p>\n<ul>\n<li style=\"font-weight: 400;\">Taxe incluse<\/li>\n<li>Masa de pranz<\/li>\n<li>Gust\u0103ri<\/li>\n<li style=\"font-weight: 400;\">Ghid turistic local \u00een englez\u0103 sau francez\u0103<\/li>\n<li>Transport<\/li>\n<li>Excursie cu barca<\/li>\n<\/ul>\n<p>&nbsp;<\/p>\n<h4><b>Incluziuni \u0219i excluderi<\/b><\/h4>\n<p>&nbsp;<\/p>\n<p><b>Incluziuni<\/b><\/p>\n<ol>\n<li style=\"font-weight: 400;\">Tur Los Haitises + Pe\u0219teri \u0219i Pictograme<\/li>\n<li>Masa de pranz<\/li>\n<li style=\"font-weight: 400;\"><span style=\"font-weight: 400;\">Toate taxele, taxele \u0219i taxele de manipulare<\/span><\/li>\n<li style=\"font-weight: 400;\"><span style=\"font-weight: 400;\">Taxe locale<\/span><\/li>\n<li style=\"font-weight: 400;\"><span style=\"font-weight: 400;\">B\u0103uturi<\/span><\/li>\n<li>Gust\u0103ri<\/li>\n<li style=\"font-weight: 400;\"><span style=\"font-weight: 400;\">Toate activit\u0103\u021bile<\/span><\/li>\n<li style=\"font-weight: 400;\"><span style=\"font-weight: 400;\">Ghid local<\/span><\/li>\n<\/ol>\n<p><b> Excluderile<\/b><\/p>\n<ol>\n<li style=\"font-weight: 400;\"><span style=\"font-weight: 400;\">Gratuitatii<\/span><\/li>\n<li style=\"font-weight: 400;\"><span style=\"font-weight: 400;\">Bauturi alcoolice<\/span><\/li>\n<\/ol>\n<p>&nbsp;<\/p>\n<h4><em><strong>Plecare \u0219i \u00eentoarcere<\/strong><\/em><\/h4>\n<p><span style=\"font-weight: 400;\">C\u0103l\u0103torul va primi un punct de \u00eent\u00e2lnire dup\u0103 Procesul de Rezervare. Tururile \u00eencep \u0219i se termin\u0103 la punctele dvs. de \u00eent\u00e2lnire.<\/span><\/p>\n<p>&nbsp;<\/p>\n<h4><\/h4>\n<h4><\/h4>\n<h4><\/h4>\n<h4><\/h4>\n<h3>Parcul Na\u021bional Los Haitises din Las Terrenas<\/h3>\n<h4><b><i>La ce s\u0103 te a\u0219tep\u021bi?<\/i><\/b><\/h4>\n<p><em><strong>Ia-\u021bi biletele<\/strong><\/em> pentru vizitarea Parcului Na\u021bional Los Haitises Tour din Las Terrenas de Samana. Excursie de o jum\u0103tate de zi. Plec\u00e2nd din Las Terrenas, Saman\u00e1 cu transport \u00een port pentru a urca la bordul unei ambarca\u021biuni cu un ghid turistic local trecem prin golful Saman\u00e1 spre Los Haitises, partea Sabana de la Mar pentru a vizita unul dintre cele mai frumoase parcuri na\u021bionale din Republica Dominican\u0103. <strong>The<em>\u00a0Parcul Na\u021bional Haitises<\/em>.<\/strong><\/p>\n<p>The tour, organized by \u00abBooking Adventures\u00bb starts at the meeting point set with the Tour Guide. Come with Booking Adventures and start checking some bird-filled mangroves, rolling hills of lush vegetation and caves of <em><strong>Parcul Na\u021bional Los Haitises<\/strong><\/em>. Vizitarea insulei cu p\u0103s\u0103ri \u00een jur. \u00cen sezonul de cuib\u0103rit, putem vedea chiar \u0219i puii Pelecanos pe cuiburi. Intrarea mai mult \u00een interiorul Insulelor St\u00e2ncoase \u0219i vizitarea Pe\u0219terilor cu pictografii \u0219i petrografii de la indigenii.<\/p>\n<p>Prin mangrove \u0219i Land la Golful San Lorenzo deschis, Sabana de la Mar de unde pute\u021bi fotografia peisajul p\u0103durii accidentate. Uit\u0103-te la ap\u0103 pentru a observa <em><strong>Lamantini<\/strong><\/em>, crustacee \u0219i <em><strong>Delfinii.<\/strong><\/em><\/p>\n<div class=\"body-description secondary\">\n<p>Numele parcului na\u021bional vine de la locuitorii s\u0103i ini\u021biali, indienii Taino. \u00cen limba lor, \u201eHaitises\u201d se traduce prin zonele \u00eenalte sau dealuri, o referire la forma\u021biunile geologice abrupte ale coastei cu Calcare. Aventura\u021bi-v\u0103 mai ad\u00e2nc \u00een parc pentru a explora pe\u0219teri precum Cueva San Gabriel, <em><strong>Pe\u0219tera de nisip, <\/strong><\/em>\u0219i <strong><em>Pe\u0219tera Line.<\/em><\/strong><\/p>\n<p>Aceste pe\u0219teri din rezerva\u021bie au fost folosite ca ad\u0103post de indienii Taino \u0219i, mai t\u00e2rziu, pentru a ascunde pira\u021bii. C\u0103uta\u021bi desene ale indienilor care decoreaz\u0103 unii dintre pere\u021bi. Dup\u0103 vizitarea Parcului Na\u021bional Los Haitises ne vom \u00eentoarce la Sanchez, Saman\u00e1.<\/p>\n<p>Trec\u00e2nd prin golful Saman\u00e1 30 min. Vom avea un pr\u00e2nz tipic, Dac\u0103 sunte\u021bi vegani nu v\u0103 face\u021bi griji, avem m\u00e2ncare \u0219i pentru voi!<\/p>\n<p>Dup\u0103 pr\u00e2nz, ne \u00eentoarcem la Las Terrenas!!!<\/p>\n<\/div>\n<p>\u00cen cazul \u00een care v\u0103 va pl\u0103cea aceast\u0103 excursie mai lung\u0103 sau mai scurt\u0103 avem aceste op\u021biuni:<\/p>\n<ol>\n<li><a href=\"https:\/\/www.ticketswhales.com\/tour\/the-haitises-national-park-tour-from-samana-port\/\" target=\"_blank\" rel=\"noopener\">Doar Los Haitises din portul Saman\u00e1.<\/a><\/li>\n<li><a href=\"https:\/\/www.ticketswhales.com\/tour\/los-haitises-national-park-lunch-at-cano-hondo-from-samana-port\/\" target=\"_blank\" rel=\"noopener\">Los Haitises + Ca\u00f1o Hondo din portul Saman\u00e1.<\/a><\/li>\n<\/ol>\n<p>&nbsp;<\/p>\n<h4><em><strong>Ce ar trebui s\u0103 aduci?<\/strong><\/em><\/h4>\n<ul>\n<li style=\"font-weight: 400;\"><span style=\"font-weight: 400;\">aparat foto<\/span><\/li>\n<li style=\"font-weight: 400;\"><span style=\"font-weight: 400;\">Muguri repelent<\/span><\/li>\n<li style=\"font-weight: 400;\"><span style=\"font-weight: 400;\">lotiune de plaja<\/span><\/li>\n<li style=\"font-weight: 400;\"><span style=\"font-weight: 400;\">P\u0103l\u0103rie<\/span><\/li>\n<li style=\"font-weight: 400;\"><span style=\"font-weight: 400;\">Pantaloni comozi<\/span><\/li>\n<li style=\"font-weight: 400;\"><span style=\"font-weight: 400;\">Pantofi de drume\u021bie pentru p\u0103dure<\/span><\/li>\n<li style=\"font-weight: 400;\"><span style=\"font-weight: 400;\">Sandale \u00een zonele de prim\u0103var\u0103.<\/span><\/li>\n<li style=\"font-weight: 400;\"><span style=\"font-weight: 400;\">\u00cembr\u0103c\u0103minte de \u00eenot<\/span><\/li>\n<\/ul>\n<p>&nbsp;<\/p>\n<h4><b><i>Preluare la hotel <\/i><\/b><\/h4>\n<p><span style=\"font-weight: 400;\">Pentru acest tur nu se ofer\u0103 servicii de preluare de la hotel. <\/span><\/p>\n<p>&nbsp;<\/p>\n<p><b>Not\u0103:<\/b><span style=\"font-weight: 400;\"> Dac\u0103 rezerva\u021bi \u00een termen de 24 de ore de la ora de plecare a turului\/excursiei, putem aranja preluarea de la hotel cu taxe suplimentare. Odat\u0103 ce a\u021bi finalizat achizi\u021bia, v\u0103 vom trimite informa\u021bii complete de contact (num\u0103r de telefon, adres\u0103 de e-mail etc.) pentru ca ghidul nostru local de turism s\u0103 organizeze aranjamentele de preluare.<\/span><\/p>\n<h4><b><i>Confirmare informa\u021bii suplimentare <\/i><\/b><\/h4>\n<ol>\n<li>Biletele sunt Chitan\u021ba dup\u0103 plata acestui Tur. Pute\u021bi afi\u0219a plata pe telefon.<\/li>\n<li style=\"font-weight: 400;\"><span style=\"font-weight: 400;\">Punctul de \u00eent\u00e2lnire va fi primit dup\u0103 procesul de rezervare.<\/span><\/li>\n<li style=\"font-weight: 400;\"><span style=\"font-weight: 400;\">Copiii trebuie s\u0103 fie \u00eenso\u021bi\u021bi de un adult.<\/span><\/li>\n<li style=\"font-weight: 400;\"><span style=\"font-weight: 400;\"> Nu este accesibil cu scaunul cu rotile <\/span><\/li>\n<li style=\"font-weight: 400;\"><span style=\"font-weight: 400;\">Bebelu\u0219ii trebuie s\u0103 stea pe poale <\/span><\/li>\n<li style=\"font-weight: 400;\"><span style=\"font-weight: 400;\">Nu este recomandat c\u0103l\u0103torilor cu probleme de spate<\/span><\/li>\n<li style=\"font-weight: 400;\"><span style=\"font-weight: 400;\">Nu este recomandat c\u0103l\u0103torilor \u00eens\u0103rcinate <\/span><\/li>\n<li style=\"font-weight: 400;\"><span style=\"font-weight: 400;\"> F\u0103r\u0103 probleme cardiace sau alte afec\u021biuni medicale grave <\/span><\/li>\n<li style=\"font-weight: 400;\"><span style=\"font-weight: 400;\">Majoritatea c\u0103l\u0103torilor pot participa<\/span><\/li>\n<\/ol>\n<h4><b><i>Politica de anulare<\/i><\/b><\/h4>\n<p><span style=\"font-weight: 400;\">Pentru o rambursare complet\u0103, anula\u021bi cu cel pu\u021bin 24 de ore \u00eenainte de data de \u00eencepere a experien\u021bei. Fondurile se vor pierde dac\u0103 rezervarea este anulat\u0103 \u00een aceea\u0219i zi a c\u0103l\u0103toriei.<\/span><\/p>\n\n\t\t<\/div>\n\t<\/div>\n<\/div><\/div><\/div><\/div><div class=\"vc_row wpb_row vc_row-fluid\" ><div class=\"wpb_column vc_column_container vc_col-sm-12\"><div class=\"vc_column-inner\"><div class=\"wpb_wrapper\">\n\t<div class=\"wpb_video_widget wpb_content_element vc_clearfix   vc_video-aspect-ratio-169 vc_video-el-width-100 vc_video-align-left\" >\n\t\t<div class=\"wpb_wrapper\">\n\t\t\t\n\t\t\t<div class=\"wpb_video_wrapper\"><iframe loading=\"lazy\" title=\"Parcul Na\u021bional Los Haitises, excursii \u0219i excursii din Samana sau Sabana de la Mar. Rezerva\u021bi aici:\" src=\"https:\/\/player.vimeo.com\/video\/346508015?dnt=1&amp;app_id=122963\" width=\"1100\" height=\"619\" frameborder=\"0\" allow=\"autoplay; fullscreen; picture-in-picture\" allowfullscreen><\/iframe><\/div>\n\t\t<\/div>\n\t<\/div>\n<\/div><\/div><\/div><\/div><div class=\"vc_row wpb_row vc_row-fluid\" ><div class=\"wpb_column vc_column_container vc_col-sm-12\"><div class=\"vc_column-inner\"><div class=\"wpb_wrapper\"><div class=\"vc_empty_space\"   style=\"height: 32px\"><span class=\"vc_empty_space_inner\"><\/span><\/div>\n\t<div class=\"wpb_text_column wpb_content_element\" >\n\t\t<div class=\"wpb_wrapper\">\n\t\t\t<h4>Contacta\u0163i-ne?<\/h4>\n<h5>Rezervare aventuri<\/h5>\n<p><em><strong>Localnicii<\/strong>\u00a0\u0219i\u00a0<strong>Na\u0163ionalii<\/strong>\u00a0Ghizi turistici \u0219i servicii pentru oaspe\u021bi<\/em><\/p>\n<p><span class=\"text-turquoise\">Rezervari:<\/span>\u00a0Tururi \u0219i excursii \u00een Rep. Dom.<\/p>\n<p><img decoding=\"async\" class=\"emoji\" draggable=\"false\" src=\"https:\/\/s.w.org\/images\/core\/emoji\/11.2.0\/svg\/1f4de.svg\" alt=\"\ud83d\udcde\" title=\"\">\u00a0Tel\/Whatsapp\u00a0\u00a0<a href=\"tel:+1-809-720-6035\">+1-809-720-6035<\/a>.<\/p>\n<p><img decoding=\"async\" class=\"emoji\" draggable=\"false\" src=\"https:\/\/s.w.org\/images\/core\/emoji\/11.2.0\/svg\/1f4e9.svg\" alt=\"\ud83d\udce9\" title=\"\">\u00a0<a href=\"mailto:info@bookingadventures.com.do\">info@bookingadventures.com.do<\/a><\/p>\n<p><strong>Suntem flexibili, stabilim tururi private prin Whatsapp:\u00a0<a href=\"tel:+18097206035\">+18097206035.<\/a><\/strong><\/p>\n\n\t\t<\/div>\n\t<\/div>\n<div class=\"vc_empty_space\"   style=\"height: 32px\"><span class=\"vc_empty_space_inner\"><\/span><\/div><\/div><\/div><\/div><\/div>","protected":false},"excerpt":{"rendered":"<p>Aceast\u0103 excursie din Las Terrenas la Parcul Na\u021bional Los Haitises include pr\u00e2nzul \u0219i transportul pentru o vizit\u0103 la cele 3 pe\u0219teri principale, o explorare a 2 mangrove diferite \u0219i, desigur, observarea p\u0103s\u0103rilor de pescuit.<\/p>\n<p>Excursie ecologic\u0103 \u00een Parcul Na\u021bional Los Haitises cu un ghid local. Vizitarea golfurilor din Parcul Na\u021bional Los Haitises, a mangrovelor, a vegeta\u021biei, a p\u0103s\u0103rilor, a pe\u0219terilor, a pictogramelor \u0219i a zonelor istorice din Sabana de la Mar \u00een Parcul Na\u021bional Los Haitises.<\/p>\n<p>&nbsp;<\/p>\n<p><strong>V\u0103 rug\u0103m s\u0103 selecta\u021bi data pentru turneu:\u00a0<\/strong><\/p>","protected":false},"featured_media":184,"template":"","meta":[],"product_brand":[],"product_cat":[122,124],"product_tag":[427,206,225,428,382,132,133,146,226],"class_list":{"0":"post-11019","1":"product","2":"type-product","3":"status-publish","4":"has-post-thumbnail","6":"product_cat-tours-and-excursions","7":"product_cat-tours-excursions-samana-bay-dominican-republic","8":"product_tag-cano-hondo-lunch","9":"product_tag-caves-los-haitises","10":"product_tag-las-terrenas","11":"product_tag-las-terrenas-los-haitises","12":"product_tag-las-terrenas-tours","13":"product_tag-los-haitises","14":"product_tag-los-haitises-national-park","15":"product_tag-mangroves-los-haitises","16":"product_tag-transportation-los-haitises","18":"first","19":"instock","20":"sale","21":"sold-individually","22":"shipping-taxable","23":"product-type-external"},"_links":{"self":[{"href":"https:\/\/haitises.com\/ro\/wp-json\/wp\/v2\/product\/11019","targetHints":{"allow":["GET"]}}],"collection":[{"href":"https:\/\/haitises.com\/ro\/wp-json\/wp\/v2\/product"}],"about":[{"href":"https:\/\/haitises.com\/ro\/wp-json\/wp\/v2\/types\/product"}],"wp:featuredmedia":[{"embeddable":true,"href":"https:\/\/haitises.com\/ro\/wp-json\/wp\/v2\/media\/184"}],"wp:attachment":[{"href":"https:\/\/haitises.com\/ro\/wp-json\/wp\/v2\/media?parent=11019"}],"wp:term":[{"taxonomy":"product_brand","embeddable":true,"href":"https:\/\/haitises.com\/ro\/wp-json\/wp\/v2\/product_brand?post=11019"},{"taxonomy":"product_cat","embeddable":true,"href":"https:\/\/haitises.com\/ro\/wp-json\/wp\/v2\/product_cat?post=11019"},{"taxonomy":"product_tag","embeddable":true,"href":"https:\/\/haitises.com\/ro\/wp-json\/wp\/v2\/product_tag?post=11019"}],"curies":[{"name":"wp","href":"https:\/\/api.w.org\/{rel}","templated":true}]}}