{"id":551,"date":"2020-06-19T20:10:32","date_gmt":"2020-06-19T20:10:32","guid":{"rendered":"http:\/\/haitises.com\/?post_type=product&#038;p=551"},"modified":"2023-10-14T21:50:12","modified_gmt":"2023-10-14T21:50:12","slug":"excursion-al-los-haitises-y-cano-hondo-desde-samana","status":"publish","type":"product","link":"https:\/\/haitises.com\/pt\/privado\/excursion-al-los-haitises-y-cano-hondo-desde-samana\/","title":{"rendered":"Excurs\u00e3o a Los Haitises e Ca\u00f1o Hondo saindo de Saman\u00e1"},"content":{"rendered":"<div class=\"vc_row wpb_row vc_row-fluid\" ><div class=\"wpb_column vc_column_container vc_col-sm-12\"><div class=\"vc_column-inner\"><div class=\"wpb_wrapper\">[mkdf_section_title subtitle_tag=\u00bb\u00bb subtitle=\u00bbAlmuerzo y Nataci\u00f3n en Piscinas Naturales\u00bb]<\/div><\/div><\/div><\/div><div class=\"vc_row wpb_row vc_row-fluid\" ><div class=\"wpb_column vc_column_container vc_col-sm-12\"><div class=\"vc_column-inner\"><div class=\"wpb_wrapper\">\n\t<div class=\"wpb_text_column wpb_content_element\" >\n\t\t<div class=\"wpb_wrapper\">\n\t\t\t<h2>Parque Nacional Los Haitises + Almo\u00e7o em Cano Hondo desde o porto de Saman\u00e1.<\/h2>\n<h3><em>Descri\u00e7\u00e3o<\/em><\/h3>\n<p>Parque Nacional Los Haitises a partir do porto de Saman\u00e1, al\u00e9m de um maravilhoso almo\u00e7o e banho em fontes naturais no Ca\u00f1o Hondo Ecolodge. Venha conosco visitar o mais belo parque nacional da Rep\u00fablica Dominicana, visitando manguezais, cavernas e a Ba\u00eda de San Lorenzo, al\u00e9m de cruzar a bela Ba\u00eda de Saman\u00e1. Depois de almo\u00e7ar em Ca\u00f1o Hondo, voc\u00ea ter\u00e1 a oportunidade de nadar algumas horas nas piscinas naturais e depois retornar ao porto de Saman\u00e1.<\/p>\n<p>Ap\u00f3s esta experi\u00eancia, voc\u00ea retornar\u00e1 ao porto de Saman\u00e1.<\/p>\n<ul>\n<li>Impostos inclu\u00eddos<\/li>\n<li>O guia fornece instru\u00e7\u00f5es e supervis\u00e3o.<\/li>\n<\/ul>\n<h3>Inclus\u00f5es e exclus\u00f5es<\/h3>\n<h4>Inclus\u00f5es<\/h4>\n<ol>\n<li>Tour Los Haitises + Cavernas e Pictogramas<\/li>\n<li>Almo\u00e7o em Ca\u00f1o Hondo<\/li>\n<li>Nade em piscinas naturais<\/li>\n<li>Todos os impostos, taxas e encargos de manuseio.<\/li>\n<li>Impostos locais<\/li>\n<li>Bebidas<\/li>\n<li>Todas as atividades<\/li>\n<li>Guia local<\/li>\n<\/ol>\n<h4>Exclus\u00f5es<\/h4>\n<ol>\n<li>Pontas<\/li>\n<li>Transferir<\/li>\n<li>Bebidas alco\u00f3licas<\/li>\n<\/ol>\n<h3><em>Partida e retorno<\/em><\/h3>\n<p>O viajante receber\u00e1 um ponto de encontro ap\u00f3s o processo de reserva. Os passeios come\u00e7am e terminam em nossos pontos de encontro.<\/p>\n<h3><em>Que esperar?<\/em><\/h3>\n<p>Adquira seus ingressos para visitar o Parque Nacional Los Haitises com um maravilhoso almo\u00e7o no Ca\u00f1o Hondo e nadando nas piscinas naturais.<\/p>\n<p>Partindo do porto de Saman\u00e1 a bordo de um barco ou catamar\u00e3 com guia tur\u00edstico local, passaremos pela ba\u00eda de Saman\u00e1 pr\u00f3ximo a Sabana de la Mar para visitar um dos mais belos parques nacionais da Rep\u00fablica Dominicana.<\/p>\n<h5>Parque Nacional Los Haitises.<\/h5>\n<p>Visitando a ilha com p\u00e1ssaros por perto. Na \u00e9poca de nidifica\u00e7\u00e3o, podemos at\u00e9 ver filhotes de pelicanos nos ninhos. Aprofunde-se nas ilhas rochosas e visite as cavernas com pictogramas e pinturas rupestres dos povos ind\u00edgenas.<\/p>\n<p>El recorrido, organizado por \u00abBooking Adventures\u00bb, comienza en el punto de encuentro establecido con el gu\u00eda tur\u00edstico. Ven con Booking Adventures y comienza a observar algunos manglares llenos de aves, colinas onduladas de exuberante vegetaci\u00f3n y cuevas del Parque Nacional Los Haitises.<\/p>\n<p>El nombre del parque nacional proviene de sus habitantes originales, los indios ta\u00ednos. En su idioma, \u00abHaitises\u00bb se traduce a tierras altas o colinas, una referencia a las empinadas formaciones geol\u00f3gicas de la costa con calizas. Avent\u00farate en el parque para explorar cuevas como la Cueva de la Arena y la Cueva de la L\u00ednea.<\/p>\n<p>As cavernas da reserva foram utilizadas como abrigo pelos \u00edndios Ta\u00edno e, posteriormente, por piratas escondidos. Procure desenhos de \u00edndios decorando algumas paredes.<\/p>\n<p>Depois de visitar o Parque Nacional Los Haitises iremos para Cano Hondo. Em Cano Hondo voc\u00ea conhecer\u00e1 essa hist\u00f3ria ecol\u00f3gica e almo\u00e7ar\u00e1 com a comida t\u00edpica da comunidade Sabana de la mar.<\/p>\n<p>O almo\u00e7o ser\u00e1 delicioso, mas ainda n\u00e3o terminamos. Ap\u00f3s o almo\u00e7o nadaremos nas piscinas naturais do rio Jibales, rio que desemboca no rio Ca\u00f1o Hondo. Permanecendo em Ca\u00f1o Hondo at\u00e9 as 16h e retornando ao porto de Saman\u00e1, passaremos novamente pelos manguezais e chegaremos \u00e0 ba\u00eda aberta de San Lorenzo, de onde poder\u00e1 fotografar a paisagem acidentada da floresta. Olhe para a \u00e1gua para ver peixes-boi, crust\u00e1ceos e golfinhos.<\/p>\n<p>At\u00e9 o momento voc\u00ea ir\u00e1 acertar com o guia tur\u00edstico e ap\u00f3s isso seguir\u00e1 at\u00e9 o porto de Cano Hondo e pegar\u00e1 um barco de volta ao porto de Saman\u00e1 passando pela ba\u00eda de Saman\u00e1 30 minutos.<\/p>\n<p>Caso voc\u00ea goste mais desta viagem, temos estas op\u00e7\u00f5es:<\/p>\n<p>Los Haitises + Cayo Levantado desde o porto de Saman\u00e1.<\/p>\n<h3><em>O que voc\u00ea deve trazer?<\/em><\/h3>\n<ul>\n<li>C\u00e2mera<\/li>\n<li>Repelentes<\/li>\n<li>creme solar<\/li>\n<li>Chap\u00e9u<\/li>\n<li>Cal\u00e7as confort\u00e1veis<\/li>\n<li>Sapatos de caminhada na floresta<\/li>\n<li>Sand\u00e1lias para \u00e1reas de nascente.<\/li>\n<li>Traje de banho<\/li>\n<\/ul>\n<h3><em>Recolha no hotel<\/em><\/h3>\n<p>A retirada do hotel n\u00e3o \u00e9 oferecida para este passeio.<\/p>\n<p><strong>Observa\u00e7\u00e3o:<\/strong> Se voc\u00ea reservar dentro de 24 horas antes do hor\u00e1rio de partida do passeio\/excurs\u00e3o, podemos providenciar a retirada do hotel com custos adicionais. Assim que sua compra for conclu\u00edda, enviaremos informa\u00e7\u00f5es de contato completas (n\u00famero de telefone, endere\u00e7o de e-mail, etc.) para que nosso guia tur\u00edstico local organize a coleta.<\/p>\n<h3>Confirma\u00e7\u00e3o de informa\u00e7\u00f5es adicionais<\/h3>\n<ol>\n<li>Os ingressos s\u00e3o o Recibo ap\u00f3s o pagamento deste Tour. Voc\u00ea pode mostrar o pagamento no seu telefone.<\/li>\n<li>O ponto de encontro ser\u00e1 recebido ap\u00f3s o processo de reserva.<\/li>\n<li>As crian\u00e7as devem estar acompanhadas por um adulto.<\/li>\n<li>N\u00e3o acess\u00edvel para cadeiras de rodas<\/li>\n<li>Os beb\u00eas devem sentar-se em cadeiras infantis ou com um adulto<\/li>\n<li>N\u00e3o recomendado para viajantes com problemas nas costas.<\/li>\n<li>N\u00e3o recomendado para mulheres gr\u00e1vidas.<\/li>\n<li>Sem problemas card\u00edacos ou outras condi\u00e7\u00f5es m\u00e9dicas graves.<\/li>\n<li>A maioria dos viajantes pode participar.<\/li>\n<\/ol>\n<h3><em>Pol\u00edtica de cancelamento<\/em><\/h3>\n<p>Para obter um reembolso total, cancele pelo menos 24 horas antes da data de in\u00edcio da experi\u00eancia.<\/p>\n\n\t\t<\/div>\n\t<\/div>\n<\/div><\/div><\/div><\/div><div class=\"vc_row wpb_row vc_row-fluid\" ><div class=\"wpb_column vc_column_container vc_col-sm-12\"><div class=\"vc_column-inner\"><div class=\"wpb_wrapper\"><div class=\"vc_empty_space\"   style=\"height: 32px\"><span class=\"vc_empty_space_inner\"><\/span><\/div>\n\t<div class=\"wpb_video_widget wpb_content_element vc_clearfix   vc_video-aspect-ratio-169 vc_video-el-width-100 vc_video-align-left\" >\n\t\t<div class=\"wpb_wrapper\">\n\t\t\t\n\t\t\t<div class=\"wpb_video_wrapper\"><iframe loading=\"lazy\" title=\"Parque Nacional Los Haitises, passeios e excurs\u00f5es saindo de Samana ou Sabana de la Mar.\" src=\"https:\/\/player.vimeo.com\/video\/346508015?dnt=1&amp;app_id=122963\" width=\"1100\" height=\"619\" frameborder=\"0\" allow=\"autoplay; fullscreen\" allowfullscreen><\/iframe><\/div>\n\t\t<\/div>\n\t<\/div>\n<\/div><\/div><\/div><\/div><div class=\"vc_row wpb_row vc_row-fluid\" ><div class=\"wpb_column vc_column_container vc_col-sm-12\"><div class=\"vc_column-inner\"><div class=\"wpb_wrapper\"><div class=\"vc_empty_space\"   style=\"height: 32px\"><span class=\"vc_empty_space_inner\"><\/span><\/div>\n\t<div class=\"wpb_text_column wpb_content_element\" >\n\t\t<div class=\"wpb_wrapper\">\n\t\t\t<h4>Contate-nos?<\/h4>\n<h5>Reservas de Aventura<\/h5>\n<p><em>Guias tur\u00edsticos<\/em> <em><strong>local<\/strong><\/em> e <strong><em>nacional<\/em><\/strong> &amp;<em>\u00a0servi\u00e7o de hospedes<\/em><\/p>\n<p>Reservas: Passeios e Excurs\u00f5es em Dom. Rep.<\/p>\n<p>Tel\/WhatsApp +1-809-720-6035.<\/p>\n<p>info@bookingadventures.com.do<\/p>\n<p>Somos tours privados com configura\u00e7\u00e3o flex\u00edvel pelo Whatsapp: +18097206035.<\/p>\n\n\t\t<\/div>\n\t<\/div>\n<div class=\"vc_empty_space\"   style=\"height: 32px\"><span class=\"vc_empty_space_inner\"><\/span><\/div><\/div><\/div><\/div><\/div>","protected":false},"excerpt":{"rendered":"<p><strong>Por favor, selecione a data para o passeio\u00a0<\/strong><\/p>","protected":false},"featured_media":104,"template":"","meta":[],"product_brand":[],"product_cat":[119,96,144,98,135,121,99,122,443,123,124],"product_tag":[126,127,128,145,132,133,146,147,148,143],"class_list":{"0":"post-551","1":"product","2":"type-product","3":"status-publish","4":"has-post-thumbnail","6":"product_cat-caves","7":"product_cat-hiking","8":"product_cat-kayaking","9":"product_cat-local-tour-guides","10":"product_cat-lunch","11":"product_cat-mangroves","12":"product_cat-swimming-natural-springs","13":"product_cat-tours-and-excursions","14":"product_cat-tours-y-excursiones-es","15":"product_cat-tours-excursions-los-haitises-national-park","16":"product_cat-tours-excursions-samana-bay-dominican-republic","17":"product_tag-cano-hondo","18":"product_tag-cano-hondo-hotel","19":"product_tag-cano-hondo-tours","20":"product_tag-day-tour-cano-hondo","21":"product_tag-los-haitises","22":"product_tag-los-haitises-national-park","23":"product_tag-mangroves-los-haitises","24":"product_tag-samana-bay","25":"product_tag-samana-excursions","26":"product_tag-samana-tours","28":"first","29":"instock","30":"sale","31":"sold-individually","32":"shipping-taxable","33":"product-type-external"},"_links":{"self":[{"href":"https:\/\/haitises.com\/pt\/wp-json\/wp\/v2\/product\/551","targetHints":{"allow":["GET"]}}],"collection":[{"href":"https:\/\/haitises.com\/pt\/wp-json\/wp\/v2\/product"}],"about":[{"href":"https:\/\/haitises.com\/pt\/wp-json\/wp\/v2\/types\/product"}],"wp:featuredmedia":[{"embeddable":true,"href":"https:\/\/haitises.com\/pt\/wp-json\/wp\/v2\/media\/104"}],"wp:attachment":[{"href":"https:\/\/haitises.com\/pt\/wp-json\/wp\/v2\/media?parent=551"}],"wp:term":[{"taxonomy":"product_brand","embeddable":true,"href":"https:\/\/haitises.com\/pt\/wp-json\/wp\/v2\/product_brand?post=551"},{"taxonomy":"product_cat","embeddable":true,"href":"https:\/\/haitises.com\/pt\/wp-json\/wp\/v2\/product_cat?post=551"},{"taxonomy":"product_tag","embeddable":true,"href":"https:\/\/haitises.com\/pt\/wp-json\/wp\/v2\/product_tag?post=551"}],"curies":[{"name":"wp","href":"https:\/\/api.w.org\/{rel}","templated":true}]}}