{"id":543,"date":"2020-06-14T19:18:13","date_gmt":"2020-06-14T19:18:13","guid":{"rendered":"http:\/\/haitises.com\/?post_type=product&#038;p=543"},"modified":"2024-08-22T05:45:22","modified_gmt":"2024-08-22T05:45:22","slug":"parque-nacional-los-haitises-a-partir-do-porto-de-samana","status":"publish","type":"product","link":"https:\/\/haitises.com\/pt\/privado\/parque-nacional-los-haitises-a-partir-do-porto-de-samana\/","title":{"rendered":"Parque Nacional Los Haitises do porto de Saman\u00e1"},"content":{"rendered":"<div class=\"vc_row wpb_row vc_row-fluid\" ><div class=\"wpb_column vc_column_container vc_col-sm-12\"><div class=\"vc_column-inner\"><div class=\"wpb_wrapper\">\n\t<div class=\"wpb_text_column wpb_content_element\" >\n\t\t<div class=\"wpb_wrapper\">\n\t\t\t<h2>Parque Nacional Los Haitises (Ba\u00eda de Saman\u00e1) a partir do porto de Saman\u00e1<\/h2>\n<ul>\n<li>Passeio de barco ao Parque Nacional Los Haitises<br \/>\n<h3>Descri\u00e7\u00e3o<\/h3>\n<p>Visita ao Parque Nacional Los Haitises a partir do porto de Samana. Venha connosco visitar o mais belo parque nacional da Rep\u00fablica Dominicana, visitando mangais, grutas e a ba\u00eda de San Lorenzo, bem como atravessando a bela ba\u00eda de Samana. De seguida, regresso ao porto de Samana.<\/li>\n<\/ul>\n<p>Ap\u00f3s esta experi\u00eancia, voc\u00ea retornar\u00e1 ao porto de Saman\u00e1.<\/p>\n<ul>\n<li>Impostos inclu\u00eddos<br \/>\nO guia fornece instru\u00e7\u00f5es e supervis\u00e3o.<\/li>\n<li>Inclus\u00f5es e exclus\u00f5es<\/li>\n<\/ul>\n<h3>Inclus\u00f5es<\/h3>\n<ol>\n<li>Tour Los Haitises + Cavernas e Pictogramas<\/li>\n<li>Todos os impostos, taxas e encargos de manuseio.<\/li>\n<li>Impostos locais<\/li>\n<li>Bebidas<\/li>\n<li>Todas as atividades<\/li>\n<li>Guia local<\/li>\n<\/ol>\n<h3>Exclus\u00f5es<\/h3>\n<ol>\n<li>Pontas<\/li>\n<li>Transferir<\/li>\n<li>Bebidas alco\u00f3licas<\/li>\n<li>Almo\u00e7o n\u00e3o inclu\u00eddo, para o almo\u00e7o pode escolher uma destas viagens: Los Haitises + Cayo Levantado desde o porto de Saman\u00e1 ou Los Haitises + Cano Hondo desde o porto de Saman\u00e1.<\/li>\n<\/ol>\n<h3>Partida e retorno<\/h3>\n<p>O viajante receber\u00e1 um ponto de encontro ap\u00f3s o processo de reserva. Os passeios come\u00e7am e terminam em nossos pontos de encontro.<\/p>\n<h3>O que esperar?<\/h3>\n<p>Adquira os seus bilhetes para visitar o Parque Nacional Los Haitises com um almo\u00e7o maravilhoso em Ca\u00f1o Hondo e nadar nas fontes naturais.<\/p>\n<p>Partindo do porto de Saman\u00e1 a bordo de um barco ou catamar\u00e3 com um guia tur\u00edstico local, passamos pela ba\u00eda de Saman\u00e1 ao lado de Sabana de la Mar para visitar um dos mais belos parques nacionais da Rep\u00fablica Dominicana. O Parque Nacional dos Haitises.<\/p>\n<p>Visitar a ilha com aves \u00e0 volta. Na \u00e9poca de nidifica\u00e7\u00e3o, podemos at\u00e9 ver os filhotes de pelicano nos ninhos. Adentrar mais na ilha rochosa e visitar as grutas com pictografias e petrografias dos ind\u00edgenas.<\/p>\n<p>El recorrido, organizado por \u00abBooking Adventures\u00bb, comienza en el punto de encuentro establecido con el gu\u00eda tur\u00edstico. Ven con Booking Adventures y comienza a observar algunos manglares llenos de p\u00e1jaros, colinas onduladas de exuberante vegetaci\u00f3n y cuevas del Parque Nacional Los Haitises.<\/p>\n<p>Atravessando os mangais e desembarcando na ba\u00eda aberta de San Lorenzo, de onde se pode fotografar a paisagem florestal acidentada. A vista sobre a \u00e1gua permite ver manatins, crust\u00e1ceos e golfinhos.<\/p>\n<p>El nombre del parque nacional proviene de sus habitantes originales, los indios ta\u00ednos. En su idioma, \u00abHaitises\u00bb se traduce en tierras altas o colinas, una referencia a las empinadas formaciones geol\u00f3gicas de la costa con calizas. Avent\u00farate en el parque para explorar cuevas como la Cueva de la Arena y la Cueva de la L\u00ednea. Las cuevas en la reserva fueron utilizadas como refugio por los indios ta\u00ednos y, m\u00e1s tarde, por los piratas escondidos. Busque dibujos de indios que decoran algunas de las paredes. Despu\u00e9s de visitar el Parque Nacional Los Haitises, regresaremos al puerto de Saman\u00e1 pasando la bah\u00eda de Saman\u00e1 30 minutos.<\/p>\n<p>Caso voc\u00ea goste mais desta viagem, temos estas op\u00e7\u00f5es:<\/p>\n<p>Los Haitises + Cayo Levantado desde o porto de Saman\u00e1.<br \/>\nLos Haitises + Cano Hondo do porto de Saman\u00e1.<\/p>\n<h3>O que voc\u00ea deve trazer?<\/h3>\n<ul>\n<li>C\u00e2mera<\/li>\n<li>Rebentos repelentes<\/li>\n<li>creme solar<\/li>\n<li>Chap\u00e9u<\/li>\n<li>Cal\u00e7as confort\u00e1veis<\/li>\n<li>Sapatos de caminhada na floresta<\/li>\n<li>Sand\u00e1lias para \u00e1reas de nascente.<\/li>\n<li>Vestido de banho<\/li>\n<\/ul>\n<h3>Recolha no hotel<\/h3>\n<p>A retirada do hotel n\u00e3o \u00e9 oferecida para este passeio.<\/p>\n<p>Nota: Se efetuar a reserva no prazo de 24 horas antes da hora de partida da excurs\u00e3o\/excurs\u00e3o, podemos organizar o servi\u00e7o de recolha no hotel mediante um custo adicional. Assim que a sua compra estiver conclu\u00edda, enviar-lhe-emos todas as informa\u00e7\u00f5es de contacto (n\u00famero de telefone, endere\u00e7o de correio eletr\u00f3nico, etc.) para que o nosso guia tur\u00edstico local possa organizar o transporte.<\/p>\n<h3>Confirma\u00e7\u00e3o de informa\u00e7\u00f5es adicionais<\/h3>\n<ol>\n<li>Os ingressos s\u00e3o o Recibo ap\u00f3s o pagamento deste Tour. Voc\u00ea pode mostrar o pagamento no seu telefone.<\/li>\n<li>O ponto de encontro ser\u00e1 recebido ap\u00f3s o processo de reserva.<\/li>\n<li>As crian\u00e7as devem estar acompanhadas por um adulto.<\/li>\n<li>N\u00e3o acess\u00edvel para cadeiras de rodas<\/li>\n<li>Os beb\u00e9s devem sentar-se ao colo<\/li>\n<li>N\u00e3o recomendado para viajantes com problemas nas costas.<\/li>\n<li>N\u00e3o recomendado para viajantes gr\u00e1vidas.<\/li>\n<li>Sem problemas card\u00edacos ou outras doen\u00e7as graves.<\/li>\n<li>A maioria dos viajantes pode participar.<\/li>\n<\/ol>\n<h3>Pol\u00edtica de cancelamento<\/h3>\n<p>Para obter um reembolso total, cancele pelo menos 24 horas antes da data de in\u00edcio da experi\u00eancia.<\/p>\n<h3>Contate-nos?<\/h3>\n<p>Reservando Aventuras<br \/>\nGuias tur\u00edsticos locais e nacionais e servi\u00e7os aos h\u00f3spedes<\/p>\n<p>Reservas: Passeios e Excurs\u00f5es em Dom. Rep.<\/p>\n<p>\ud83d\udcde Tel \/ Whatsapp + 1-809-720-6035.<\/p>\n<p>\ud83d\udce9 info@bookingadventures.com.do<\/p>\n<p>Hacemos tours privados con flexibilidad por Whatsapp: +18097206035.<\/p>\n\n\t\t<\/div>\n\t<\/div>\n<\/div><\/div><\/div><\/div><div class=\"vc_row wpb_row vc_row-fluid\" ><div class=\"wpb_column vc_column_container vc_col-sm-12\"><div class=\"vc_column-inner\"><div class=\"wpb_wrapper\"><div class=\"vc_empty_space\"   style=\"height: 32px\"><span class=\"vc_empty_space_inner\"><\/span><\/div>\n\t<div class=\"wpb_video_widget wpb_content_element vc_clearfix   vc_video-aspect-ratio-169 vc_video-el-width-100 vc_video-align-left\" >\n\t\t<div class=\"wpb_wrapper\">\n\t\t\t<h2 class=\"wpb_heading wpb_video_heading\">Los Haitises e mais...<\/h2>\n\t\t\t<div class=\"wpb_video_wrapper\"><iframe loading=\"lazy\" title=\"Rep\u00fablica Dominicana - Grutas de Los Haitises (Tainos), pictogramas e petr\u00f3glifos\" width=\"1100\" height=\"619\" src=\"https:\/\/www.youtube.com\/embed\/o_ExYqtOlH8?feature=oembed\" frameborder=\"0\" allow=\"accelerometer; autoplay; encrypted-media; gyroscope; picture-in-picture\" allowfullscreen><\/iframe><\/div>\n\t\t<\/div>\n\t<\/div>\n<\/div><\/div><\/div><\/div>","protected":false},"excerpt":{"rendered":"<p>Viagem ecol\u00f3gica ao Parque Nacional Los Haitises com um guia local. Visita aos ilh\u00e9us do Parque Nacional Los Haitises, mangais, vegeta\u00e7\u00e3o, observa\u00e7\u00e3o de aves, grutas, pictogramas e zonas hist\u00f3ricas da Sabana de la Mar no Parque Nacional Los Haitises.<\/p>\n<p>&nbsp;<\/p>\n<p><strong>Seleccione a data da sua visita:<\/strong><\/p>","protected":false},"featured_media":225,"template":"","meta":[],"product_brand":[],"product_cat":[121,435,430,443],"product_tag":[132,133,432,142,148,143],"class_list":{"0":"post-543","1":"product","2":"type-product","3":"status-publish","4":"has-post-thumbnail","6":"product_cat-mangroves","7":"product_cat-manglares","8":"product_cat-parque-nacional-los-haitises-samana","9":"product_cat-tours-y-excursiones-es","10":"product_tag-los-haitises","11":"product_tag-los-haitises-national-park","12":"product_tag-parque-nacional-los-haitises-samana","13":"product_tag-samana","14":"product_tag-samana-excursions","15":"product_tag-samana-tours","17":"first","18":"instock","19":"sale","20":"sold-individually","21":"shipping-taxable","22":"product-type-external"},"_links":{"self":[{"href":"https:\/\/haitises.com\/pt\/wp-json\/wp\/v2\/product\/543","targetHints":{"allow":["GET"]}}],"collection":[{"href":"https:\/\/haitises.com\/pt\/wp-json\/wp\/v2\/product"}],"about":[{"href":"https:\/\/haitises.com\/pt\/wp-json\/wp\/v2\/types\/product"}],"wp:featuredmedia":[{"embeddable":true,"href":"https:\/\/haitises.com\/pt\/wp-json\/wp\/v2\/media\/225"}],"wp:attachment":[{"href":"https:\/\/haitises.com\/pt\/wp-json\/wp\/v2\/media?parent=543"}],"wp:term":[{"taxonomy":"product_brand","embeddable":true,"href":"https:\/\/haitises.com\/pt\/wp-json\/wp\/v2\/product_brand?post=543"},{"taxonomy":"product_cat","embeddable":true,"href":"https:\/\/haitises.com\/pt\/wp-json\/wp\/v2\/product_cat?post=543"},{"taxonomy":"product_tag","embeddable":true,"href":"https:\/\/haitises.com\/pt\/wp-json\/wp\/v2\/product_tag?post=543"}],"curies":[{"name":"wp","href":"https:\/\/api.w.org\/{rel}","templated":true}]}}