{"id":39,"date":"2020-06-14T11:56:46","date_gmt":"2020-06-14T11:56:46","guid":{"rendered":"http:\/\/haitises.com\/product\/import-placeholder-for-8272\/"},"modified":"2024-04-24T18:48:45","modified_gmt":"2024-04-24T18:48:45","slug":"zip-line-samana-el-valle-with-lunch-on-the-beach","status":"publish","type":"product","link":"https:\/\/haitises.com\/pt\/privado\/zip-line-samana-el-valle-with-lunch-on-the-beach\/","title":{"rendered":"Tirolesa Samana El Valle com almo\u00e7o na praia"},"content":{"rendered":"<div class=\"vc_row wpb_row vc_row-fluid\" ><div class=\"wpb_column vc_column_container vc_col-sm-12\"><div class=\"vc_column-inner\"><div class=\"wpb_wrapper\">[mkdf_section_title title_tag=\u00bb\u00bb disable_break_words=\u00bbno\u00bb subtitle_tag=\u00bb\u00bb title=\u00bbZip Line Samana, El Valle with Lunch on the Beach\u00bb subtitle=\u00bbZip Line adventures\u00bb]<\/div><\/div><\/div><\/div><div class=\"vc_row wpb_row vc_row-fluid\" ><div class=\"wpb_column vc_column_container vc_col-sm-12\"><div class=\"vc_column-inner\"><div class=\"wpb_wrapper\"><div class=\"vc_empty_space\"   style=\"height: 32px\"><span class=\"vc_empty_space_inner\"><\/span><\/div><\/div><\/div><\/div><\/div><div class=\"vc_row wpb_row vc_row-fluid\" ><div class=\"wpb_column vc_column_container vc_col-sm-12\"><div class=\"vc_column-inner\"><div class=\"wpb_wrapper\">\n\t<div class=\"wpb_text_column wpb_content_element\" >\n\t\t<div class=\"wpb_wrapper\">\n\t\t\t<h4><b><i>Vis\u00e3o geral <\/i><\/b><\/h4>\n<p>Zip Line in Saman\u00e1, El Valle plus a Lunch on the beach. Come with us and visit one of the longest zip lines in the Caribbean 12 lines, 13 stations and More than 7,400 feet of cable. Gear up and follow your guides over twelve ziplining platforms riding across lines up to 1,000 feet (304 meters) while taking in aerial landscape views.<\/p>\n<p>Depois desta experi\u00eancia, ter\u00e1 o seu tempo na praia e um almo\u00e7o local na praia.<\/p>\n<ul>\n<li style=\"font-weight: 400;\"><span style=\"font-weight: 400;\">Inclui almo\u00e7o buffet na praia <\/span><\/li>\n<li style=\"font-weight: 400;\"><span style=\"font-weight: 400;\">Zipline in the tropical forest and get landscape views<\/span><\/li>\n<li style=\"font-weight: 400;\"><span style=\"font-weight: 400;\">O guia fornece instru\u00e7\u00f5es e supervis\u00e3o<\/span><\/li>\n<\/ul>\n<p>&nbsp;<\/p>\n<h4><b>Inclus\u00f5es e Exclus\u00f5es<\/b><\/h4>\n<p>&nbsp;<\/p>\n<p><b>Inclus\u00f5es<\/b><\/p>\n<ol>\n<li style=\"font-weight: 400;\"><span style=\"font-weight: 400;\">Almo\u00e7o buffet na praia<\/span><\/li>\n<li style=\"font-weight: 400;\"><span style=\"font-weight: 400;\">Zipline Tour<\/span><\/li>\n<li style=\"font-weight: 400;\"><span style=\"font-weight: 400;\">Coffee and Cacao tasting<\/span><\/li>\n<li style=\"font-weight: 400;\"><span style=\"font-weight: 400;\">Todos os impostos, taxas e encargos de manuseio<\/span><\/li>\n<li style=\"font-weight: 400;\"><span style=\"font-weight: 400;\">Impostos locais<\/span><\/li>\n<li style=\"font-weight: 400;\"><span style=\"font-weight: 400;\">Bebidas<\/span><\/li>\n<li style=\"font-weight: 400;\"><span style=\"font-weight: 400;\">Todas as actividades<\/span><\/li>\n<li style=\"font-weight: 400;\"><span style=\"font-weight: 400;\">Guia local<\/span><\/li>\n<\/ol>\n<p><b> Exclus\u00f5es<\/b><\/p>\n<ol>\n<li style=\"font-weight: 400;\"><span style=\"font-weight: 400;\">Gorjetas<\/span><\/li>\n<li style=\"font-weight: 400;\"><span style=\"font-weight: 400;\">Transfer\u00eancia<\/span><\/li>\n<li style=\"font-weight: 400;\"><span style=\"font-weight: 400;\">Bebidas Alco\u00f3licas<\/span><\/li>\n<\/ol>\n<p>&nbsp;<\/p>\n<h4><em><strong>Partida e Retorno<\/strong><\/em><\/h4>\n<p><span style=\"font-weight: 400;\">O viajante receber\u00e1 um ponto de encontro ap\u00f3s o Processo de Reserva. Os passeios come\u00e7am e terminam em nossos pontos de encontro.<\/span><\/p>\n<p>&nbsp;<\/p>\n<h4><b><i>O que esperar?<\/i><\/b><\/h4>\n<p>&nbsp;<\/p>\n<p><em><strong>Obtenha seus ingressos<\/strong><\/em> for visiting the Zipline el Valle in Saman\u00e1 plus a wonderful lunch and beach time on El Valle Beach.<\/p>\n<p>When we get all types of equipment required for your safety\u00a0 ( Harness, helmets, etc)\u00a0 \u00a0the action start hiking a little be by the humid forest of Coconuts and Cacaos from Saman\u00e1.<\/p>\n<p><span style=\"font-weight: 400;\">The tour, organized by \u00abBooking Adventures\u00bb starts at the meeting point set with the Tour Guide. With a cottage of the area, where they receive the guests with a tasting of chocolate and organic coffee and a shot of Mamajuana as well. The excitement begins at the time the Zip-Line guides start to put the entire regulatory equipment to each Zipliner and explaining steps by steps what to do at the Zip Line. Dual harness safety helmets will be required to use &#8230; the adrenaline starts to take effect, sweats and even reefing to see the distance of the first jump. Wait and be engaged in the \u00absecurity line\u00bb on the steel cable and so it&#8217;s time to free your body, experience the sensation of flying, fly from platform to platform and enjoy the air with a privileged view of the lush, ancient and tropical mountains. <\/span><\/p>\n<p><span style=\"font-weight: 400;\">Booking \u00a0Adventures, Zip-Line el Valle is composed of 12 platforms interconnected by three steel cables for a total of 7,400 feet of cables, which support 13 thousand pounds each, where adventurers slide departing from the first platform inspired by a pirate ship and a distance of 1,000 feet from the second platform, at a height of over 400 feet. Pirouette, shout of excitement or just distract the eye at an angle of 360 degrees around, discovering the most exuberant tropical forest that grows in the heart of the mountains.<\/span><\/p>\n<p>Getting on the Cables for many stations and finishing at El Valle beach. This beach is one of the most beautiful beaches in Saman\u00e1 and usually there are not many people visiting around.<\/p>\n<p>Lunch at the beach and you can stay as long you want swimming around. Frite fish and Tostones are offered! If you are Vegan we also can set some food for you.<\/p>\n<p>&nbsp;<\/p>\n<h4><em><strong>O que voc\u00ea deve trazer?<\/strong><\/em><\/h4>\n<ul>\n<li style=\"font-weight: 400;\"><span style=\"font-weight: 400;\">C\u00e2mera<\/span><\/li>\n<li style=\"font-weight: 400;\"><span style=\"font-weight: 400;\">Bot\u00f5es repelentes<\/span><\/li>\n<li style=\"font-weight: 400;\"><span style=\"font-weight: 400;\">protetor solar<\/span><\/li>\n<li style=\"font-weight: 400;\"><span style=\"font-weight: 400;\">Chap\u00e9u<\/span><\/li>\n<li style=\"font-weight: 400;\"><span style=\"font-weight: 400;\">Cal\u00e7as confort\u00e1veis<\/span><\/li>\n<li style=\"font-weight: 400;\"><span style=\"font-weight: 400;\">Sapatos de caminhada para floresta<\/span><\/li>\n<li style=\"font-weight: 400;\"><span style=\"font-weight: 400;\">Sand\u00e1lias para a praia<\/span><\/li>\n<li style=\"font-weight: 400;\"><span style=\"font-weight: 400;\">Roupa de nata\u00e7\u00e3o<\/span><\/li>\n<\/ul>\n<p>&nbsp;<\/p>\n<h4><b><i>Recolha no hotel <\/i><\/b><\/h4>\n<p><span style=\"font-weight: 400;\">A retirada do hotel n\u00e3o \u00e9 oferecida para este passeio. <\/span><\/p>\n<p>&nbsp;<\/p>\n<p><b>N\u00e3o te:<\/b><span style=\"font-weight: 400;\"> Se voc\u00ea fizer a reserva dentro de 24 horas antes do hor\u00e1rio de partida do passeio\/excurs\u00e3o, podemos providenciar a retirada do hotel com custos extras. Assim que sua compra for conclu\u00edda, enviaremos a voc\u00ea informa\u00e7\u00f5es de contato completas (n\u00famero de telefone, endere\u00e7o de e-mail, etc.) para que nosso guia tur\u00edstico local organize a retirada.<\/span><\/p>\n<h4><b><i>Confirma\u00e7\u00e3o de informa\u00e7\u00f5es adicionais <\/i><\/b><\/h4>\n<ol>\n<li>Os ingressos s\u00e3o o recibo ap\u00f3s o pagamento deste passeio. Voc\u00ea pode mostrar o pagamento no seu telefone.<\/li>\n<li style=\"font-weight: 400;\"><span style=\"font-weight: 400;\">O ponto de encontro ser\u00e1 recebido ap\u00f3s o processo de reserva.<\/span><\/li>\n<li style=\"font-weight: 400;\"><span style=\"font-weight: 400;\">As crian\u00e7as devem estar acompanhadas por um adulto.<\/span><\/li>\n<li style=\"font-weight: 400;\"><span style=\"font-weight: 400;\"> Participants must weight at least 45 lbs. <\/span><\/li>\n<li style=\"font-weight: 400;\"><span style=\"font-weight: 400;\">No weight maximum but the harnesses must fit your body. (size 54 waist max.) <\/span><\/li>\n<li style=\"font-weight: 400;\"><span style=\"font-weight: 400;\">You can Zip double, with kids or with your someone special. Note: There is a 100-yard walk up a steep gravel hill to get to the first platform.<\/span><\/li>\n<li style=\"font-weight: 400;\"><span style=\"font-weight: 400;\"> N\u00e3o acess\u00edvel a cadeiras de rodas <\/span><\/li>\n<li style=\"font-weight: 400;\"><span style=\"font-weight: 400;\">Os beb\u00eas devem sentar-se no colo <\/span><\/li>\n<li style=\"font-weight: 400;\"><span style=\"font-weight: 400;\">N\u00e3o recomendado para viajantes com problemas de costas<\/span><\/li>\n<li style=\"font-weight: 400;\"><span style=\"font-weight: 400;\">N\u00e3o recomendado para viajantes gr\u00e1vidas <\/span><\/li>\n<li style=\"font-weight: 400;\"><span style=\"font-weight: 400;\"> Sem problemas card\u00edacos ou outras condi\u00e7\u00f5es m\u00e9dicas graves <\/span><\/li>\n<li style=\"font-weight: 400;\"><span style=\"font-weight: 400;\">A maioria dos viajantes pode participar<\/span><\/li>\n<\/ol>\n<h4><b><i>Pol\u00edtica de cancelamento<\/i><\/b><\/h4>\n<p><span style=\"font-weight: 400;\">Para obter um reembolso total, cancele com pelo menos 24 horas de anteced\u00eancia da data de in\u00edcio da experi\u00eancia.<\/span><\/p>\n\n\t\t<\/div>\n\t<\/div>\n<\/div><\/div><\/div><\/div><div class=\"vc_row wpb_row vc_row-fluid\" ><div class=\"wpb_column vc_column_container vc_col-sm-12\"><div class=\"vc_column-inner\"><div class=\"wpb_wrapper\">\n\t<div class=\"wpb_text_column wpb_content_element\" >\n\t\t<div class=\"wpb_wrapper\">\n\t\t\t<h4>Contate-nos?<\/h4>\n<h5>Reservando Aventuras<\/h5>\n<p><em><strong>Moradores<\/strong>\u00a0e\u00a0<strong>Nacionais<\/strong>\u00a0Guias tur\u00edsticos e servi\u00e7os aos h\u00f3spedes<\/em><\/p>\n<p><span class=\"text-turquoise\">Reservas:<\/span>\u00a0Passeios e excurs\u00f5es em Dom. Rep.<\/p>\n<p><img decoding=\"async\" class=\"emoji\" draggable=\"false\" src=\"https:\/\/s.w.org\/images\/core\/emoji\/11.2.0\/svg\/1f4de.svg\" alt=\"\ud83d\udcde\" title=\"\">\u00a0Tel\/WhatsApp\u00a0\u00a0<a href=\"tel:+1-809-720-6035\">+1-809-720-6035<\/a>.<\/p>\n<p><img decoding=\"async\" class=\"emoji\" draggable=\"false\" src=\"https:\/\/s.w.org\/images\/core\/emoji\/11.2.0\/svg\/1f4e9.svg\" alt=\"\ud83d\udce9\" title=\"\">\u00a0<a href=\"mailto:info@bookingadventures.com.do\">info@bookingadventures.com.do<\/a><\/p>\n<p><strong>Somos Tours Privados com Configura\u00e7\u00e3o Flex\u00edvel pelo Whatsapp:\u00a0<a href=\"tel:+18097206035\">+18097206035.<\/a><\/strong><\/p>\n\n\t\t<\/div>\n\t<\/div>\n<div class=\"vc_empty_space\"   style=\"height: 32px\"><span class=\"vc_empty_space_inner\"><\/span><\/div><\/div><\/div><\/div><\/div>","protected":false},"excerpt":{"rendered":"<p>Zip Line in Saman\u00e1, El Valle plus a Lunch on the beach. Come with us and visit one of the longest zip lines in the Caribbean 12 lines, 13 stations and More than 7,400 feet of cable!<\/p>\n<p>Depois desta experi\u00eancia, ter\u00e1 o seu tempo na praia e um almo\u00e7o local na praia.<\/p>\n<p>&nbsp;<\/p>\n<p><em><strong>Por favor, selecione a data para o passeio\u00a0<\/strong><\/em><\/p>","protected":false},"featured_media":132,"template":"","meta":[],"product_brand":[],"product_cat":[96,135,122,123,124],"product_tag":[138,157,158,142,147,148,143,159,160,161],"class_list":{"0":"post-39","1":"product","2":"type-product","3":"status-publish","4":"has-post-thumbnail","6":"product_cat-hiking","7":"product_cat-lunch","8":"product_cat-tours-and-excursions","9":"product_cat-tours-excursions-los-haitises-national-park","10":"product_cat-tours-excursions-samana-bay-dominican-republic","11":"product_tag-beach-time","12":"product_tag-el-valle-beach","13":"product_tag-playa-el-valle","14":"product_tag-samana","15":"product_tag-samana-bay","16":"product_tag-samana-excursions","17":"product_tag-samana-tours","18":"product_tag-tours-dominican-republic","19":"product_tag-zip-line","20":"product_tag-zip-line-samana","22":"first","23":"instock","24":"sale","25":"sold-individually","26":"shipping-taxable","27":"product-type-external"},"_links":{"self":[{"href":"https:\/\/haitises.com\/pt\/wp-json\/wp\/v2\/product\/39","targetHints":{"allow":["GET"]}}],"collection":[{"href":"https:\/\/haitises.com\/pt\/wp-json\/wp\/v2\/product"}],"about":[{"href":"https:\/\/haitises.com\/pt\/wp-json\/wp\/v2\/types\/product"}],"wp:featuredmedia":[{"embeddable":true,"href":"https:\/\/haitises.com\/pt\/wp-json\/wp\/v2\/media\/132"}],"wp:attachment":[{"href":"https:\/\/haitises.com\/pt\/wp-json\/wp\/v2\/media?parent=39"}],"wp:term":[{"taxonomy":"product_brand","embeddable":true,"href":"https:\/\/haitises.com\/pt\/wp-json\/wp\/v2\/product_brand?post=39"},{"taxonomy":"product_cat","embeddable":true,"href":"https:\/\/haitises.com\/pt\/wp-json\/wp\/v2\/product_cat?post=39"},{"taxonomy":"product_tag","embeddable":true,"href":"https:\/\/haitises.com\/pt\/wp-json\/wp\/v2\/product_tag?post=39"}],"curies":[{"name":"wp","href":"https:\/\/api.w.org\/{rel}","templated":true}]}}