{"id":11674,"date":"2023-10-04T07:40:09","date_gmt":"2023-10-04T07:40:09","guid":{"rendered":"http:\/\/haitises.com\/?post_type=product&#038;p=11674"},"modified":"2024-03-30T12:46:56","modified_gmt":"2024-03-30T12:46:56","slug":"punta-cana-samana-whale-watching-cayo-levantado-bacardi-island-limon-waterfalls","status":"publish","type":"product","link":"https:\/\/haitises.com\/pt\/privado\/punta-cana-samana-whale-watching-cayo-levantado-bacardi-island-limon-waterfalls\/","title":{"rendered":"Punta Cana: observa\u00e7\u00e3o de baleias em Saman\u00e1 + Cayo Levantado (Ilha Bacardi) + Cachoeiras Lim\u00f3n"},"content":{"rendered":"<div class=\"wpb_column vc_column_container vc_col-sm-12\"><div class=\"vc_column-inner\"><div class=\"wpb_wrapper\"><div class=\"vc_btn3-container vc_btn3-inline\" ><button class=\"vc_general vc_btn3 vc_btn3-size-md vc_btn3-shape-rounded vc_btn3-style-modern vc_btn3-color-green\">AGENDE AGORA<\/button><\/div>\n\t<div class=\"wpb_text_column wpb_content_element\" >\n\t\t<div class=\"wpb_wrapper\">\n\t\t\t<div class=\"vc_row wpb_row vc_row-fluid\">\n<div class=\"wpb_column vc_column_container vc_col-sm-12\">\n<div class=\"vc_column-inner\">\n<div class=\"wpb_wrapper\">\n<div class=\"mkdf-section-title-holder\">\n<div class=\"mkdf-st-inner\">\n<h5 class=\"mkdf-st-subtitle\">Cayo Levantado (Bacardi Island) + Limon Waterfalls from Punta Cana Hotels.<\/h5>\n<h3 class=\"mkdf-st-title\">Whale Watching 2023 in Punta Cana to Samana Bay<\/h3>\n<\/div>\n<\/div>\n<\/div>\n<\/div>\n<\/div>\n<\/div>\n<div class=\"vc_row wpb_row vc_row-fluid\"><\/div>\n<div class=\"wpb_column vc_column_container vc_col-sm-12\">\n<div class=\"vc_column-inner\">\n<div class=\"wpb_wrapper\"><\/div>\n<\/div>\n<\/div>\n<div class=\"wpb_text_column wpb_content_element\">\n<div class=\"wpb_wrapper\"><\/div>\n<\/div>\n<div class=\"vc_row wpb_row vc_row-fluid\">\n<div class=\"wpb_column vc_column_container vc_col-sm-12\">\n<div class=\"vc_column-inner\">\n<div class=\"wpb_wrapper\">\n<div class=\"wpb_text_column wpb_content_element\">\n<div class=\"wpb_wrapper\">\n<div class=\"vc_row wpb_row vc_row-fluid\">\n<div class=\"wpb_column vc_column_container vc_col-sm-12\">\n<div class=\"vc_column-inner\">\n<div class=\"wpb_wrapper\">\n<div class=\"wpb_text_column wpb_content_element\">\n<div class=\"wpb_wrapper\">\n<h4><b><i>Overview\ud83d\udc33<\/i><\/b><\/h4>\n<p>Whale Punta Cana, whale watching in Saman\u00e1 Bay and visit Cayo Levantado plus Safari to El limon Waterfalls during this full-day excursion from Punta Cana hotels. Travel to Saman\u00e1 bay aboard a comfortable, air-conditioned coach, then transfer to a boat Catamaran\u00a0 at Miches. Cruise out into the open waters to look for the pods of humpback whales who visit to breed and have their calves in the area. Learn about the behavior and biology of these marine mammals from your expert naturalist guide. Continue to Cayo Levantado \/ Bacardi Island, for lunch on the beach and a dip in the azure waters after this Safari trip to el Limon Waterfalls with Horses riding by the coconut forest before returning to Punta Cana.<\/p>\n<p>&nbsp;<\/p>\n<p><strong>N\u00e3o te:<\/strong>\u00a0This tour is not Private. This tour has included the stop at\u00a0<strong>Cascata do Lim\u00e3o<\/strong>. To book the same trip and not going to the waterfalls please\u00a0<a href=\"https:\/\/www.ticketswhales.com\/Tours-Excursions\/tours-excursions-samana-bay-dominican-republic\/whale-watching-2020-in-punta-cana-to-samana-bay-cayo-levantado-bacardi-island-from-hotels\/\" data-mil=\"9912\" target=\"_blank\" rel=\"noopener\">CLIQUE AQUI.<\/a><\/p>\n<ul>\n<li>Viagem de observa\u00e7\u00e3o de baleias<\/li>\n<li>Bacardi Island \/ Cayo Levantado<\/li>\n<li>Taxas de entrada no Observat\u00f3rio<\/li>\n<li>Samana Safari<\/li>\n<li>El Limon Waterfalls Horses Riding<\/li>\n<li>Inclui almo\u00e7o buffet na praia<\/li>\n<li>Transfer\u00eancia de barco<\/li>\n<li>O capit\u00e3o fornece instru\u00e7\u00e3o e supervis\u00e3o<\/li>\n<li>Guia tur\u00edstico<\/li>\n<\/ul>\n<p>&nbsp;<\/p>\n<h4><b>Inclus\u00f5es e Exclus\u00f5es<\/b><\/h4>\n<p>&nbsp;<\/p>\n<p><b>Inclus\u00f5es<\/b><\/p>\n<p>&nbsp;<\/p>\n<ol>\n<li>Almo\u00e7o buffet na praia<\/li>\n<li>Transfer From Hotels<\/li>\n<li>Guia tur\u00edstico<\/li>\n<li>Passeio de catamar\u00e3 ou de barco<\/li>\n<li>Todos os impostos, taxas e encargos de manuseio<\/li>\n<li>Impostos locais<\/li>\n<li>Bebidas<\/li>\n<\/ol>\n<p><b>Exclus\u00f5es<\/b><\/p>\n<ol>\n<li>Gorjetas<\/li>\n<\/ol>\n<p>&nbsp;<\/p>\n<h4><em><strong>Partida e Retorno<\/strong><\/em><\/h4>\n<p>O servi\u00e7o de recolha no hotel \u00e9 oferecido para esta excurs\u00e3o. Em Notas, basta escrever o nome do hotel para a recolha. N\u00f3s buscamos em todos os hot\u00e9is de Punta Cana.<\/p>\n<p>&nbsp;<\/p>\n<h3>Observa\u00e7\u00e3o de baleias Samana + Cayo Levantado (Ilha Bacardi) + Cachoeiras Limon nos hot\u00e9is de Punta Cana.<\/h3>\n<h4><b><i>O que esperar?<\/i><\/b><\/h4>\n<p>Aproxime-se dos gentis gigantes do mar da Rep\u00fablica Dominicana durante esta excurs\u00e3o de 12 horas para observa\u00e7\u00e3o de baleias jubarte na Ba\u00eda de S\u00e1mana. Passe um dia inesquec\u00edvel a observar os milhares de baleias que todos os anos afluem \u00e0 ilha para acasalar, alimentar-se e brincar nas suas \u00e1guas quentes e tropicais. Enquanto observa estas belas criaturas, o seu guia especializado em observa\u00e7\u00e3o de baleias dar-lhe-\u00e1 informa\u00e7\u00f5es \u00fanicas. Termine o dia com um almo\u00e7o inclu\u00eddo e tempo de praia na bela ilha de Cayo Levantado. O transporte de ida e volta do hotel tamb\u00e9m est\u00e1 inclu\u00eddo.<\/p>\n<p>From 9:00 Am until 12:00-noon Whale watching observatory and After this Whale trip we will visit Bacardi Island \/ Cayo Levantado. In Bacardi Island, Lunch Buffet from typical Dominican Style will be provided (Rice, Beans, Fish, Salads\u2026). When lunch is finished you are allowed to swim and get ready to go to El limon waterfalls until 4:30 pm. Tour will be finished at 5:00 pm at the same port from where it will start onboad our Catamaran and them bus back to Punta Cana Hotels.<\/p>\n<p><strong>Calend\u00e1rio:<\/strong><\/p>\n<p>6:00 - 7:00 Recolha dos clientes nos diferentes hot\u00e9is<br \/>\n07:00 Partida para Las Canitas em Sabana de la mar<br \/>\n08:15 Chegada ao cais privado<br \/>\n08:15 - 8:40 Pequeno-almo\u00e7o (sandu\u00edches, muffins, ch\u00e1, caf\u00e9, sumos)<br \/>\n8:45 Embarque para iniciar a nossa viagem para o santu\u00e1rio das baleias jubarte em Samana<br \/>\n11:00 Procurar as baleias durante um per\u00edodo de 45 minutos - Este \u00e9 o tempo seguido pelas regras governamentais.<br \/>\n11:45 Dirija-se a Cayo Levantado na Ba\u00eda de Samana<br \/>\n12:30 Chegada a Cayo Levantado<br \/>\n13:00 Hora do almo\u00e7o (almo\u00e7o buffet, t\u00edpico dominicano)*.<br \/>\n13:45 - 15:30 Tempo livre em Cayo Levantado<br \/>\n15:00 - 15:45 A bordo novamente em dire\u00e7\u00e3o a Miches<br \/>\n17:00 Chegada a Miches e partida para os hot\u00e9is em Punta Cana<br \/>\n19:30 - 20:00 Chegada aos hot\u00e9is em Punta Cana<\/p>\n<p><strong>*Menu de almo\u00e7o (t\u00edpico dominicano)<br \/>\n<\/strong>Arroz, frango grelhado ou peixe grelhado, salada, legumes, fruta fresca.<\/p>\n<p><strong>*Os clientes que optarem por adicionar a paragem na cascata El Limon ap\u00f3s a observa\u00e7\u00e3o de baleias ir\u00e3o deslocar-se para a cascata e ter\u00e3o menos tempo para passar em Cayo Levantado.<\/strong><\/p>\n<p>This tour has included the stop at\u00a0<strong>Cascata do Lim\u00e3o<\/strong>. To book the same trip and not going to the waterfalls please\u00a0<a href=\"https:\/\/www.ticketswhales.com\/Tours-Excursions\/tours-excursions-samana-bay-dominican-republic\/whale-watching-2020-in-punta-cana-to-samana-bay-cayo-levantado-bacardi-island-from-hotels\/\" data-mil=\"9912\" target=\"_blank\" rel=\"noopener\">CLIQUE AQUI.<\/a><\/p>\n<p>&nbsp;<\/p>\n<h4><em><strong>O que voc\u00ea deve trazer?<\/strong><\/em><\/h4>\n<ul>\n<li>C\u00e2mera<\/li>\n<li>Bot\u00f5es repelentes<\/li>\n<li>protetor solar<\/li>\n<li>Chap\u00e9u<\/li>\n<li>Cal\u00e7as confort\u00e1veis<\/li>\n<li>Sand\u00e1lias para a praia<\/li>\n<li>Roupa de nata\u00e7\u00e3o<\/li>\n<li>Cash for souvenirs and tips<\/li>\n<\/ul>\n<p>&nbsp;<\/p>\n<h4><b><i>Recolha no hotel<\/i><\/b><\/h4>\n<p>O servi\u00e7o de recolha no hotel \u00e9 oferecido para esta excurs\u00e3o. Em Notas, basta escrever o nome do hotel para a recolha. N\u00f3s buscamos em todos os hot\u00e9is de Punta Cana.<\/p>\n<p>&nbsp;<\/p>\n<p><b>N\u00e3o te:<\/b>\u00a0Se a reserva for efectuada no prazo de 24 horas antes da hora de partida da excurs\u00e3o, podemos organizar o servi\u00e7o de recolha no hotel. Assim que a sua compra estiver conclu\u00edda, enviar-lhe-emos informa\u00e7\u00f5es de contacto completas (n\u00famero de telefone, endere\u00e7o de e-mail, etc.) para que o nosso guia tur\u00edstico local possa organizar o transporte.<\/p>\n<h4><b><i>Confirma\u00e7\u00e3o de informa\u00e7\u00f5es adicionais<\/i><\/b><\/h4>\n<ol>\n<li>Os ingressos s\u00e3o o recibo ap\u00f3s o pagamento deste passeio. Voc\u00ea pode mostrar o pagamento no seu telefone.<\/li>\n<li>O ponto de encontro ser\u00e1 recebido ap\u00f3s o processo de reserva.<\/li>\n<li>As crian\u00e7as devem estar acompanhadas por um adulto.<\/li>\n<li>Acess\u00edvel a cadeiras de rodas<\/li>\n<li>Os beb\u00eas devem sentar-se no colo<\/li>\n<li>A maioria dos viajantes pode participar<\/li>\n<\/ol>\n<h4><b><i>Pol\u00edtica de cancelamento<\/i><\/b><\/h4>\n<p>For a full refund, cancel at least\u00a0 7 Days\u00a0 in advance of the start date of the experience.<a href=\"https:\/\/www.ticketswhales.com\/online-booking\/\" target=\"_blank\" rel=\"noopener\"> Click here<\/a> to see policies.<\/p>\n<\/div>\n<\/div>\n<\/div>\n<\/div>\n<\/div>\n<\/div>\n<\/div>\n<\/div>\n<\/div>\n<\/div>\n<\/div>\n<\/div>\n<div class=\"vc_row wpb_row vc_row-fluid\">\n<div class=\"wpb_column vc_column_container vc_col-sm-12\">\n<div class=\"vc_column-inner\">\n<div class=\"wpb_wrapper\">\n<div class=\"vc_empty_space\"><\/div>\n<div class=\"wpb_text_column wpb_content_element\">\n<div class=\"wpb_wrapper\">\n<h4>Contate-nos?<\/h4>\n<h5><b><i>EXCURS\u00c3O \u00c0S BALEIAS DE SAMANA<\/i><\/b><\/h5>\n<p><em><strong>Moradores<\/strong>\u00a0e\u00a0<strong>Nacionais<\/strong>\u00a0Guias tur\u00edsticos e servi\u00e7os aos h\u00f3spedes<\/em><\/p>\n<p><span class=\"text-turquoise\">Reservas:<\/span>\u00a0\u00a0Tours y Excursiones en Dom.\u00a0Reps.<\/p>\n<p>\ud83d\udcde\u00a0Tel \/ Whatsapp\u00a0\u00a0\u00a0<a href=\"tel:+1-809-720-6035\">+ 1-809-720-6035<\/a>\u00a0.<\/p>\n<p>\ud83d\udce9\u00a0<a href=\"mailto:info@bookingadventures.com.do\">info@bookingadventures.com.do<\/a><\/p>\n<p><strong>Somos tours privados de configuraci\u00f3n flexible por Whatsapp:\u00a0\u00a0<a href=\"tel:+18097206035\">+18097206035.<\/a><\/strong><\/p>\n<\/div>\n<\/div>\n<\/div>\n<\/div>\n<\/div>\n<\/div>\n\n\t\t<\/div>\n\t<\/div>\n<\/div><\/div><\/div><div class=\"vc_row wpb_row vc_row-fluid\" ><div class=\"wpb_column vc_column_container vc_col-sm-12\"><div class=\"vc_column-inner\"><div class=\"wpb_wrapper\"><div class=\"vc_btn3-container vc_btn3-inline\" ><button class=\"vc_general vc_btn3 vc_btn3-size-md vc_btn3-shape-rounded vc_btn3-style-modern vc_btn3-color-green\">AGENDE AGORA<\/button><\/div><\/div><\/div><\/div><\/div>","protected":false},"excerpt":{"rendered":"<p>From the Punta Cana hotels, we&#8217;ll enjoy the beautiful landscapes of the Oriental Mountain Range as we drive north of Punta Cana before arriving in the small fishing village of Miches at the southern shores of Samana Bay. There you will enjoy a quick breakfast prior to boarding the boat to Samana. We&#8217;ll cruise deep into the bay to whale watch. We will first reach Cayo Levantado, also known as Bacardi Island because of its close resemblance to the beaches Bacardi Rum once used for its famous commercials. Cayo Levantado is nothing short of a tropical oasis &#8211; a small island in the middle of the ocean with turquoise waters and white sands. After This a Safari in Samana Comunity to the waterfalls. In the Waterfalls, el Limon gets ready for horse riding or Hiking. This is a Unique Complete adventure.<\/p>\n<p><span style=\"vertical-align: inherit;\"><span style=\"vertical-align: inherit;\">Este tour ha incluido la parada en la <\/span><\/span><strong><span style=\"vertical-align: inherit;\"><span style=\"vertical-align: inherit;\">Cascada de Lim\u00f3n<\/span><\/span><\/strong><span style=\"vertical-align: inherit;\"><span style=\"vertical-align: inherit;\"> . <\/span><span style=\"vertical-align: inherit;\">Para reservar el mismo viaje y no ir a las cascadas por favor <\/span><\/span><a href=\"https:\/\/www.ticketswhales.com\/Tours-Excursions\/tours-excursions-samana-bay-dominican-republic\/whale-watching-2020-in-punta-cana-to-samana-bay-cayo-levantado-bacardi-island-from-hotels\/\"><span style=\"vertical-align: inherit;\"><span style=\"vertical-align: inherit;\">HAGA CLIC AQU\u00cd.<\/span><\/span><\/a><\/p>\n<p>&nbsp;<\/p>\n<p><em><strong><span style=\"vertical-align: inherit;\"><span style=\"vertical-align: inherit;\">Seleccione la fecha de la excursi\u00f3n:<\/span><\/span><\/strong><\/em><\/p>","protected":false},"featured_media":11182,"template":"","meta":[],"product_brand":[],"product_cat":[576,571,567,590,120,569,570,597,499],"product_tag":[390,137,162,364,260,283,345,420,201,141,391,228,147,392,357,271,421,393,234,280,394,236,395],"class_list":{"0":"post-11674","1":"product","2":"type-product","3":"status-publish","4":"has-post-thumbnail","6":"product_cat-1-punta-cana","7":"product_cat-1-samana","8":"product_cat-el-limon-horseback-riding","9":"product_cat-el-limon-punta-cana","10":"product_cat-fees-entrace","11":"product_cat-punta-cana-group-tours","12":"product_cat-punta-cana-samana-day-trips","13":"product_cat-punta-cana-whale-watching","14":"product_cat-whale-watching-punta-cana","15":"product_tag-390","16":"product_tag-bacardi-island","17":"product_tag-cayo-levantado-day-pass","18":"product_tag-cheap-punta-cana-excursions","19":"product_tag-day-trip-punta-cana","20":"product_tag-el-limon-waterfall-and-bacardi-island-tour-from-punta-cana","21":"product_tag-half-day-whale-watching-miches","22":"product_tag-limon-from-punta-cana","23":"product_tag-private-tours-samana","24":"product_tag-punta-cana","25":"product_tag-punta-cana-activities","26":"product_tag-punta-cana-tours","27":"product_tag-samana-bay","28":"product_tag-samana-day-trip","29":"product_tag-samana-day-trip-from-punta-cana","30":"product_tag-samana-whale-watching","31":"product_tag-waterfalls-punta-cana","32":"product_tag-whale-punta-cana","33":"product_tag-whale-samana","34":"product_tag-whale-watching-2020","35":"product_tag-whale-watching-2020-in-punta-cana-to-samana-bay-cayo-levantado-bacardi-island-from-hotels","36":"product_tag-whale-watching-dominican-republic","37":"product_tag-whale-watching-punta-cana","39":"first","40":"instock","41":"sale","42":"shipping-taxable","43":"product-type-external"},"_links":{"self":[{"href":"https:\/\/haitises.com\/pt\/wp-json\/wp\/v2\/product\/11674","targetHints":{"allow":["GET"]}}],"collection":[{"href":"https:\/\/haitises.com\/pt\/wp-json\/wp\/v2\/product"}],"about":[{"href":"https:\/\/haitises.com\/pt\/wp-json\/wp\/v2\/types\/product"}],"wp:featuredmedia":[{"embeddable":true,"href":"https:\/\/haitises.com\/pt\/wp-json\/wp\/v2\/media\/11182"}],"wp:attachment":[{"href":"https:\/\/haitises.com\/pt\/wp-json\/wp\/v2\/media?parent=11674"}],"wp:term":[{"taxonomy":"product_brand","embeddable":true,"href":"https:\/\/haitises.com\/pt\/wp-json\/wp\/v2\/product_brand?post=11674"},{"taxonomy":"product_cat","embeddable":true,"href":"https:\/\/haitises.com\/pt\/wp-json\/wp\/v2\/product_cat?post=11674"},{"taxonomy":"product_tag","embeddable":true,"href":"https:\/\/haitises.com\/pt\/wp-json\/wp\/v2\/product_tag?post=11674"}],"curies":[{"name":"wp","href":"https:\/\/api.w.org\/{rel}","templated":true}]}}