{"id":11663,"date":"2023-10-04T07:40:09","date_gmt":"2023-10-04T07:40:09","guid":{"rendered":"http:\/\/haitises.com\/?post_type=product&#038;p=11663"},"modified":"2024-03-29T17:05:37","modified_gmt":"2024-03-29T17:05:37","slug":"media-luna-miches-half-moon-natural-pool-half-day-pass-and-snorkeling-3","status":"publish","type":"product","link":"https:\/\/haitises.com\/pt\/privado\/media-luna-miches-half-moon-natural-pool-half-day-pass-and-snorkeling-3\/","title":{"rendered":"Media Luna Miches (Meia Lua) Piscina Natural Passe de meio dia e mergulho com snorkel"},"content":{"rendered":"<div class=\"vc_row wpb_row vc_row-fluid\" ><div class=\"wpb_column vc_column_container vc_col-sm-12\"><div class=\"vc_column-inner\"><div class=\"wpb_wrapper\">[mkdf_section_title title_tag=\u00bb\u00bb disable_break_words=\u00bbno\u00bb subtitle_tag=\u00bb\u00bb title=\u00bbMedia Luna Miches (Half-Moon)\u00bb subtitle=\u00bbHalf &#8211; Day Pass and Snorkeling &amp; Swimming at the Natural Pool\u00bb]<\/div><\/div><\/div><\/div><div class=\"vc_row wpb_row vc_row-fluid\" ><div class=\"wpb_column vc_column_container vc_col-sm-12\"><div class=\"vc_column-inner\"><div class=\"wpb_wrapper\"><div class=\"vc_empty_space\"   style=\"height: 32px\"><span class=\"vc_empty_space_inner\"><\/span><\/div><\/div><\/div><\/div><\/div><div class=\"vc_row wpb_row vc_row-fluid\" ><div class=\"wpb_column vc_column_container vc_col-sm-12\"><div class=\"vc_column-inner\"><div class=\"wpb_wrapper\"><div class=\"vc_btn3-container vc_btn3-inline\" ><button class=\"vc_general vc_btn3 vc_btn3-size-md vc_btn3-shape-rounded vc_btn3-style-modern vc_btn3-color-green\">AGENDE AGORA<\/button><\/div>\n\t<div class=\"wpb_text_column wpb_content_element\" >\n\t\t<div class=\"wpb_wrapper\">\n\t\t\t<h4><b><i>Vis\u00e3o geral <\/i><\/b><\/h4>\n<p><span style=\"font-weight: 400;\">If you are here or are planning to come to the Dominican Republic you shouldn\u2019t miss visiting this amazing place \u2018\u2019Half Moon\u2019\u2019 (Media Luna) with lunch included, this is a precious natural pool inside of the ocean decorated by its reefs, corals and white sand. <\/span><\/p>\n<p><span style=\"font-weight: 400;\">This is the place where we can enjoy swimming, watching and taking underwater pictures. Its allowed to take photos to or with the sea stars in their natural habitat.<\/span><\/p>\n<p>&nbsp;<\/p>\n<ul>\n<li>Boat Transfer to Media Luna<\/li>\n<li style=\"font-weight: 400;\"><span style=\"font-weight: 400;\">O capit\u00e3o fornece instru\u00e7\u00e3o e supervis\u00e3o<\/span><\/li>\n<\/ul>\n<p>&nbsp;<\/p>\n<h4><b>Inclus\u00f5es e Exclus\u00f5es<\/b><\/h4>\n<p>&nbsp;<\/p>\n<p><b>Inclus\u00f5es<\/b><\/p>\n<ol>\n<li style=\"font-weight: 400;\"><span style=\"font-weight: 400;\">Todos os impostos, taxas e encargos de manuseio<\/span><\/li>\n<li style=\"font-weight: 400;\"><span style=\"font-weight: 400;\">Impostos locais<\/span><\/li>\n<li style=\"font-weight: 400;\"><span style=\"font-weight: 400;\">Bebidas<\/span><\/li>\n<\/ol>\n<p><b> Exclus\u00f5es<\/b><\/p>\n<ol>\n<li style=\"font-weight: 400;\"><span style=\"font-weight: 400;\">Gorjetas<\/span><\/li>\n<li style=\"font-weight: 400;\"><span style=\"font-weight: 400;\">Carro de transfer\u00eancia<\/span><\/li>\n<li>Almo\u00e7o<\/li>\n<li style=\"font-weight: 400;\"><span style=\"font-weight: 400;\">Bebidas Alco\u00f3licas<\/span><\/li>\n<li>Guia local<\/li>\n<\/ol>\n<p>&nbsp;<\/p>\n<h4><em><strong>Partida e Retorno<\/strong><\/em><\/h4>\n<p><span style=\"font-weight: 400;\">O viajante receber\u00e1 um ponto de encontro ap\u00f3s o Processo de Reserva. Os passeios come\u00e7am e terminam em nossos pontos de encontro.<\/span><\/p>\n<p>&nbsp;<\/p>\n<h3>Media Luna Miches (Half-Moon) Natural Pool Half &#8211; Day Pass and Snorkeling<\/h3>\n<h4><b><i>O que esperar?<\/i><\/b><\/h4>\n<p>&nbsp;<\/p>\n<p>Save your tickets to come with us and visit Half Moon and enjoy a typical lunch in Miches community. This excursion departs Miches enabling the jetty to the west from where we get onboard of modern catamarans and speedboats, those which has the authorized transport licensed to operate in the tourist area. To get to the main pit you have to walk through a maze of water, surrounded by sandbars.<\/p>\n<p>No one can escape after getting to know this water resource with tourist attraction in Miches, being this the only place in the area, where tourists and vacationers can enjoy and bump into the stars and fish of considerable size. It is a place where the water level depends on the horizon of the tides or sea currents, which when it is high becomes deeper and when it is low, the flow of the pool decreases. Being hidden and being its access by the sea, makes it a magical and virgin place, for those who visit it not wanting to leave. Here there are no trees to shelter from the sun, but the water is cold by cradling or rocking trade winds in the area. It can be summarized that it is a natural lagoon in the Atlantic Ocean, which owes its name to that observed from above resembles a crescent.<\/p>\n<p>The locals also call it as Cayo de la Media Luna, formed by coral reefs and white sand, of crystalline water dotted everywhere to break natural waves, which calm its waters. When the tide is stable its depth does not exceed three feet, which makes children and adults enjoy this heavenly place of saltwater.<\/p>\n<p><strong>Calend\u00e1rio:<\/strong><\/p>\n<p>8:45 AM &#8211; 1:30 PM<\/p>\n<p>&nbsp;<\/p>\n<h4><em><strong>O que voc\u00ea deve trazer?<\/strong><\/em><\/h4>\n<ul>\n<li style=\"font-weight: 400;\"><span style=\"font-weight: 400;\">C\u00e2mera<\/span><\/li>\n<li style=\"font-weight: 400;\"><span style=\"font-weight: 400;\">Bot\u00f5es repelentes<\/span><\/li>\n<li style=\"font-weight: 400;\"><span style=\"font-weight: 400;\">protetor solar<\/span><\/li>\n<li style=\"font-weight: 400;\"><span style=\"font-weight: 400;\">Chap\u00e9u<\/span><\/li>\n<li style=\"font-weight: 400;\"><span style=\"font-weight: 400;\">Cal\u00e7as confort\u00e1veis<\/span><\/li>\n<li style=\"font-weight: 400;\"><span style=\"font-weight: 400;\">Sapatos de caminhada para floresta<\/span><\/li>\n<li style=\"font-weight: 400;\"><span style=\"font-weight: 400;\">Sand\u00e1lias para a praia<\/span><\/li>\n<li style=\"font-weight: 400;\"><span style=\"font-weight: 400;\">Roupa de nata\u00e7\u00e3o<\/span><\/li>\n<li>Dinheiro para lembran\u00e7as<\/li>\n<\/ul>\n<p>&nbsp;<\/p>\n<h4><b><i>Recolha no hotel <\/i><\/b><\/h4>\n<p><span style=\"font-weight: 400;\">A retirada do hotel n\u00e3o \u00e9 oferecida para este passeio. <\/span><\/p>\n<p>&nbsp;<\/p>\n<p><b>N\u00e3o te:<\/b><span style=\"font-weight: 400;\"> Se voc\u00ea fizer a reserva dentro de 24 horas antes do hor\u00e1rio de partida do passeio\/excurs\u00e3o, podemos providenciar a retirada do hotel com custos extras. Assim que sua compra for conclu\u00edda, enviaremos a voc\u00ea informa\u00e7\u00f5es de contato completas (n\u00famero de telefone, endere\u00e7o de e-mail, etc.) para que nosso guia tur\u00edstico local organize a retirada.<\/span><\/p>\n<h4><b><i>Confirma\u00e7\u00e3o de informa\u00e7\u00f5es adicionais <\/i><\/b><\/h4>\n<ol>\n<li>Os ingressos s\u00e3o o recibo ap\u00f3s o pagamento deste passeio. Voc\u00ea pode mostrar o pagamento no seu telefone.<\/li>\n<li style=\"font-weight: 400;\"><span style=\"font-weight: 400;\">O ponto de encontro ser\u00e1 recebido ap\u00f3s o processo de reserva.<\/span><\/li>\n<li style=\"font-weight: 400;\"><span style=\"font-weight: 400;\">As crian\u00e7as devem estar acompanhadas por um adulto.<\/span><\/li>\n<li style=\"font-weight: 400;\"><span style=\"font-weight: 400;\">Acess\u00edvel a cadeiras de rodas <\/span><\/li>\n<li style=\"font-weight: 400;\"><span style=\"font-weight: 400;\">Os beb\u00eas devem sentar-se no colo <\/span><\/li>\n<li style=\"font-weight: 400;\"><span style=\"font-weight: 400;\">A maioria dos viajantes pode participar<\/span><\/li>\n<\/ol>\n<h4><b><i>Pol\u00edtica de cancelamento<\/i><\/b><\/h4>\n<p>For a full refund, please read our Cancellations policies\u00a0<a href=\"https:\/\/www.ticketswhales.com\/online-booking\/\" target=\"_blank\" rel=\"noopener\" data-saferedirecturl=\"https:\/\/www.google.com\/url?q=https:\/\/www.ticketswhales.com\/online-booking\/&amp;source=gmail&amp;ust=1672532492004000&amp;usg=AOvVaw3ylqI1cdbIPTimEqEWneyd\">Click here<\/a>. Funds will be lost if the reservation is cancelled the same day of the trip.<\/p>\n\n\t\t<\/div>\n\t<\/div>\n<\/div><\/div><\/div><\/div><div class=\"vc_row wpb_row vc_row-fluid\" ><\/div><div class=\"wpb_column vc_column_container vc_col-sm-12\"><div class=\"vc_column-inner\"><div class=\"wpb_wrapper\"><\/div><\/div><\/div><div class=\"vc_empty_space\"   style=\"height: 32px\"><span class=\"vc_empty_space_inner\"><\/span><\/div><div class=\"vc_empty_space\"   style=\"height: 32px\"><span class=\"vc_empty_space_inner\"><\/span><\/div><div class=\"vc_row wpb_row vc_row-fluid\" ><\/div><div class=\"wpb_column vc_column_container vc_col-sm-12\"><div class=\"vc_column-inner\"><div class=\"wpb_wrapper\"><\/div><\/div><\/div><div class=\"vc_row wpb_row vc_row-fluid\" ><div class=\"wpb_column vc_column_container vc_col-sm-12\"><div class=\"vc_column-inner\"><div class=\"wpb_wrapper\"><div class=\"vc_btn3-container vc_btn3-inline\" ><button class=\"vc_general vc_btn3 vc_btn3-size-md vc_btn3-shape-rounded vc_btn3-style-modern vc_btn3-color-green\">AGENDE AGORA<\/button><\/div><\/div><\/div><\/div><\/div>","protected":false},"excerpt":{"rendered":"<p><span style=\"vertical-align: inherit;\"><span style=\"vertical-align: inherit;\">Media Luna Miches (Media Luna) Pase de medio d\u00eda y snorkel en la piscina natural. <\/span><span style=\"vertical-align: inherit;\">Visitar la bah\u00eda de Saman\u00e1 desde Miches con lugare\u00f1os y nadar en el medio de la bah\u00eda de Saman\u00e1. <\/span><span style=\"vertical-align: inherit;\">Peque\u00f1as \u00e1reas de arrecifes de coral para explorar y hacer snorkel. <\/span><span style=\"vertical-align: inherit;\">Media Luna es una Nueva Atracci\u00f3n en Rep\u00fablica Dominicana.<\/span><\/span><\/p>\n<p><em><strong><span style=\"vertical-align: inherit;\"><span style=\"vertical-align: inherit;\">Seleccione la fecha del Tour:<\/span><\/span><\/strong><\/em><\/p>","protected":false},"featured_media":443,"template":"","meta":[],"product_brand":[],"product_cat":[571,98,347,122,123,124],"product_tag":[138,288,294,131,348,349,346,350,351,352,353,142,147,148,143,354,355],"class_list":{"0":"post-11663","1":"product","2":"type-product","3":"status-publish","4":"has-post-thumbnail","6":"product_cat-1-samana","7":"product_cat-local-tour-guides","8":"product_cat-media-luna-miches","9":"product_cat-tours-and-excursions","10":"product_cat-tours-excursions-los-haitises-national-park","11":"product_cat-tours-excursions-samana-bay-dominican-republic","12":"product_tag-beach-time","13":"product_tag-cayo-arena","14":"product_tag-cayo-arena-samana","15":"product_tag-locals-guides","16":"product_tag-media-luna-el-seibo","17":"product_tag-media-luna-in-miches","18":"product_tag-media-luna-miches","19":"product_tag-media-luna-snorkeling","20":"product_tag-miches-hoteles","21":"product_tag-miches-montana-redonda","22":"product_tag-playa-esmeralda-miches","23":"product_tag-samana","24":"product_tag-samana-bay","25":"product_tag-samana-excursions","26":"product_tag-samana-tours","27":"product_tag-snorkeling","28":"product_tag-snorkeling-miches-media-luna","30":"first","31":"instock","32":"sale","33":"featured","34":"sold-individually","35":"shipping-taxable","36":"product-type-external"},"_links":{"self":[{"href":"https:\/\/haitises.com\/pt\/wp-json\/wp\/v2\/product\/11663","targetHints":{"allow":["GET"]}}],"collection":[{"href":"https:\/\/haitises.com\/pt\/wp-json\/wp\/v2\/product"}],"about":[{"href":"https:\/\/haitises.com\/pt\/wp-json\/wp\/v2\/types\/product"}],"wp:featuredmedia":[{"embeddable":true,"href":"https:\/\/haitises.com\/pt\/wp-json\/wp\/v2\/media\/443"}],"wp:attachment":[{"href":"https:\/\/haitises.com\/pt\/wp-json\/wp\/v2\/media?parent=11663"}],"wp:term":[{"taxonomy":"product_brand","embeddable":true,"href":"https:\/\/haitises.com\/pt\/wp-json\/wp\/v2\/product_brand?post=11663"},{"taxonomy":"product_cat","embeddable":true,"href":"https:\/\/haitises.com\/pt\/wp-json\/wp\/v2\/product_cat?post=11663"},{"taxonomy":"product_tag","embeddable":true,"href":"https:\/\/haitises.com\/pt\/wp-json\/wp\/v2\/product_tag?post=11663"}],"curies":[{"name":"wp","href":"https:\/\/api.w.org\/{rel}","templated":true}]}}