{"id":11638,"date":"2023-10-04T07:39:47","date_gmt":"2023-10-04T07:39:47","guid":{"rendered":"http:\/\/haitises.com\/?post_type=product&#038;p=11638"},"modified":"2023-10-04T07:39:59","modified_gmt":"2023-10-04T07:39:59","slug":"private-boat-trip-2-hours-hiking-rain-forest-los-haitises","status":"publish","type":"product","link":"https:\/\/haitises.com\/pt\/privado\/private-boat-trip-2-hours-hiking-rain-forest-los-haitises\/","title":{"rendered":"Passeio de barco particular e 2 horas de caminhada na floresta tropical Los Haitises"},"content":{"rendered":"<div class=\"vc_row wpb_row vc_row-fluid\" ><div class=\"wpb_column vc_column_container vc_col-sm-12\"><div class=\"vc_column-inner\"><div class=\"wpb_wrapper\">[mkdf_section_title title_tag=\u00bb\u00bb disable_break_words=\u00bbno\u00bb subtitle_tag=\u00bb\u00bb title=\u00bbLos Haitises National Park- From Sabana de la Mar + Hiking 2 Hours\u00bb subtitle=\u00bbHumid Forest + Normal Trip to Caves\u00bb]<\/div><\/div><\/div><\/div><div class=\"vc_row wpb_row vc_row-fluid\" ><div class=\"wpb_column vc_column_container vc_col-sm-12\"><div class=\"vc_column-inner\"><div class=\"wpb_wrapper\">\n\t<div class=\"wpb_text_column wpb_content_element\" >\n\t\t<div class=\"wpb_wrapper\">\n\t\t\t<h4><b><i><span style=\"vertical-align: inherit;\"><span style=\"vertical-align: inherit;\">Visi\u00f3n general <\/span><\/span><\/i><\/b><\/h4>\n<p>Enjoy a Hiking for two hours by the forest of\u00a0 The Haitises National park. Learn about medical plants and visit locals places.\u00a0 After visiting <strong>Parque Nacional Los Haitises<\/strong> de <strong>Sabana de la Mar<\/strong> ou <strong>Ca\u00f1o Hondo Hot\u00e9is<\/strong> with Locals.<\/p>\n<p>We will do the hiking after the boat trip. A Private normal trip to Los Haitises National Park.\u00a0 Come with us and visit the most beautiful national park of Dominican Republic, Visiting Mangroves, 3 Caves and San Lorenzo Bay. This experience can start from the Sabana de la Mar community learning about this history of Sabana de la Mar.<\/p>\n<ul>\n<li>Hiking 2 Hours on the Forest<\/li>\n<li>Sabana de la Mar History<\/li>\n<li style=\"font-weight: 400;\">Taxas inclu\u00eddas<\/li>\n<li style=\"font-weight: 400;\"><span style=\"font-weight: 400;\">O guia fornece instru\u00e7\u00f5es e supervis\u00e3o<\/span><\/li>\n<li>Lunch is Not included for Lunch at Cano Hondo Pick this tour: <a href=\"https:\/\/www.ticketswhales.com\/tour\/los-haitises-national-park-lunch-at-cano-hondo-from-sabana-de-la-mar\/\" target=\"_blank\" rel=\"noopener\">Los Haitises Plus Cano Hondo.<\/a><\/li>\n<\/ul>\n<p>&nbsp;<\/p>\n<h4><b>Inclus\u00f5es e Exclus\u00f5es<\/b><\/h4>\n<p>&nbsp;<\/p>\n<p><b>Inclus\u00f5es<\/b><\/p>\n<ol>\n<li style=\"font-weight: 400;\">Tour Los Haitises + Cavernas e Pictogramas<\/li>\n<li style=\"font-weight: 400;\"><span style=\"font-weight: 400;\">Todos os impostos, taxas e encargos de manuseio<\/span><\/li>\n<li style=\"font-weight: 400;\"><span style=\"font-weight: 400;\">Impostos locais<\/span><\/li>\n<li style=\"font-weight: 400;\"><span style=\"font-weight: 400;\">Todas as actividades<\/span><\/li>\n<li style=\"font-weight: 400;\"><span style=\"font-weight: 400;\">Guia local<\/span><\/li>\n<\/ol>\n<p><b> Exclus\u00f5es<\/b><\/p>\n<ol>\n<li style=\"font-weight: 400;\"><span style=\"font-weight: 400;\">Gorjetas<\/span><\/li>\n<li>Lunch is Not included for Lunch at Cano Hondo Pick this tour: <a href=\"https:\/\/www.ticketswhales.com\/tour\/los-haitises-national-park-lunch-at-cano-hondo-from-sabana-de-la-mar\/\" target=\"_blank\" rel=\"noopener\">Los Haitises Plus Cano Hondo.<\/a><\/li>\n<li style=\"font-weight: 400;\"><span style=\"font-weight: 400;\">Transfer\u00eancia<\/span><\/li>\n<li style=\"font-weight: 400;\"><span style=\"font-weight: 400;\">Bebidas Alco\u00f3licas<\/span><\/li>\n<\/ol>\n<p>&nbsp;<\/p>\n<h4><em><strong>Partida e Retorno<\/strong><\/em><\/h4>\n<p><span style=\"font-weight: 400;\">O viajante receber\u00e1 um ponto de encontro ap\u00f3s o Processo de Reserva. Os passeios come\u00e7am e terminam em nossos pontos de encontro.<\/span><\/p>\n<p>&nbsp;<\/p>\n<h4><b><i>O que esperar?<\/i><\/b><\/h4>\n<p>&nbsp;<\/p>\n<p><em><strong>Obtenha seus ingressos<\/strong><\/em> for visiting Los Haitises National Park with Caves, Mangroves and San Lorenzo Bay after a hiking two hours by the humid forest of Los Haitises National Park.<\/p>\n<p><strong>Parque Nacional Los Haitises<\/strong> de <strong>Sabana de la Mar<\/strong> ou <strong>Ca\u00d1o Hondo Hotels<\/strong> com os habitantes locais. A viagem come\u00e7a no porto principal do Parque Nacional dos Haitises. Esta viagem come\u00e7a \u00e0s 10:00 da manh\u00e3 com um guia tur\u00edstico local que conhece a hist\u00f3ria original do deslumbrante Parque Nacional.<\/p>\n<p>After we start from the Main port of Los Haitises National Park name Ca\u00f1o Hondo ( Deep Creek) on a BOAT with Life jackets. We will enjoy the Red Mangroves forest until arrive in San Lorenzo Bay. Small bay into Saman\u00e1 Bay. And here we go! The first amazing thing that you can see is the Huge collection of limestones mountain island called Mogotes. on top of them more than 700 species of Plants and many wetlands birds flying around. Later Visiting Caves with pictographs from our indigenous communities 750 years ago.<\/p>\n<p>Atravessar os mangais e desembocar na ba\u00eda aberta de San Lorenzo, de onde se pode fotografar a paisagem florestal acidentada. Olhar para a \u00e1gua para ver <em><strong>Peixes-boi<\/strong><\/em>crust\u00e1ceos e <em><strong>golfinhos.<\/strong><\/em><\/p>\n<div class=\"body-description secondary\">\n<p>O nome do parque nacional vem dos seus habitantes originais, os \u00edndios Taino. Na sua l\u00edngua, \"Haitises\" traduz-se por terras altas ou colinas, uma refer\u00eancia \u00e0s forma\u00e7\u00f5es geol\u00f3gicas \u00edngremes da linha costeira com calc\u00e1rios. Aventure-se mais profundamente no parque para explorar grutas como a <em><strong>Gruta de areia<\/strong><\/em> e <strong><em>Cueva de la L\u00ednea.<\/em><\/strong> Caves in the reserve were used as shelter by the Taino Indians and, later, by hiding pirates. Look for drawings by Indians that decorate some of the walls. After visiting Los Haitises National Park we will go to the Humid forest for hiking 2 hours and getting back to the spot where our trip started.<\/p>\n<\/div>\n<p>&nbsp;<\/p>\n<h4><em><strong>O que voc\u00ea deve trazer?<\/strong><\/em><\/h4>\n<ul>\n<li style=\"font-weight: 400;\"><span style=\"font-weight: 400;\">C\u00e2mera<\/span><\/li>\n<li style=\"font-weight: 400;\"><span style=\"font-weight: 400;\">Bot\u00f5es repelentes<\/span><\/li>\n<li style=\"font-weight: 400;\"><span style=\"font-weight: 400;\">protetor solar<\/span><\/li>\n<li style=\"font-weight: 400;\"><span style=\"font-weight: 400;\">Chap\u00e9u<\/span><\/li>\n<li style=\"font-weight: 400;\"><span style=\"font-weight: 400;\">Cal\u00e7as confort\u00e1veis<\/span><\/li>\n<li style=\"font-weight: 400;\"><span style=\"font-weight: 400;\">Sapatos de caminhada para floresta<\/span><\/li>\n<li style=\"font-weight: 400;\"><span style=\"font-weight: 400;\">Sand\u00e1lias para as zonas de primavera.<\/span><\/li>\n<li style=\"font-weight: 400;\"><span style=\"font-weight: 400;\">Roupa de nata\u00e7\u00e3o<\/span><\/li>\n<\/ul>\n<p>&nbsp;<\/p>\n<h4><b><i>Recolha no hotel <\/i><\/b><\/h4>\n<p><span style=\"font-weight: 400;\">O servi\u00e7o de recolha no hotel \u00e9 oferecido se estiver em <a href=\"https:\/\/www.ticketswhales.com\/tour\/los-haitises-national-park-lunch-at-cano-hondo-from-sabana-de-la-mar\/\" target=\"_blank\" rel=\"noopener\">Paraiso Cano Hondo<\/a> ou <a href=\"https:\/\/www.ticketswhales.com\/tour\/los-haitises-national-park-lunch-at-cano-hondo-from-sabana-de-la-mar\/\" target=\"_blank\" rel=\"noopener\">Altos Cano Hondo Hotel<\/a>. O nosso ponto de encontro fica a 5 minutos a p\u00e9 destes hot\u00e9is.<\/span><\/p>\n<p>&nbsp;<\/p>\n<p><b>N\u00e3o te:<\/b><span style=\"font-weight: 400;\"> if you are booking within 24 hours of the tour\/Excursion departure time, we can arrangements hotel pick-up with extra Charges if you are not in Cano Hondo hotels. Once your purchase is complete, we will send you complete contact information (phone number, email address, etc.) for our local Tour guide to organize pick-up arrangements.<\/span><\/p>\n<h4><b><i>Confirma\u00e7\u00e3o de informa\u00e7\u00f5es adicionais <\/i><\/b><\/h4>\n<ol>\n<li>Os ingressos s\u00e3o o recibo ap\u00f3s o pagamento deste passeio. Voc\u00ea pode mostrar o pagamento no seu telefone.<\/li>\n<li style=\"font-weight: 400;\"><span style=\"font-weight: 400;\">O ponto de encontro ser\u00e1 recebido ap\u00f3s o processo de reserva.<\/span><\/li>\n<li style=\"font-weight: 400;\"><span style=\"font-weight: 400;\">As crian\u00e7as devem estar acompanhadas por um adulto.<\/span><\/li>\n<li style=\"font-weight: 400;\"><span style=\"font-weight: 400;\"> N\u00e3o acess\u00edvel a cadeiras de rodas <\/span><\/li>\n<li style=\"font-weight: 400;\"><span style=\"font-weight: 400;\">Os beb\u00eas devem sentar-se no colo <\/span><\/li>\n<li style=\"font-weight: 400;\"><span style=\"font-weight: 400;\">N\u00e3o recomendado para viajantes com problemas de costas<\/span><\/li>\n<li style=\"font-weight: 400;\"><span style=\"font-weight: 400;\">N\u00e3o recomendado para viajantes gr\u00e1vidas <\/span><\/li>\n<li style=\"font-weight: 400;\"><span style=\"font-weight: 400;\"> Sem problemas card\u00edacos ou outras condi\u00e7\u00f5es m\u00e9dicas graves <\/span><\/li>\n<li style=\"font-weight: 400;\"><span style=\"font-weight: 400;\">A maioria dos viajantes pode participar<\/span><\/li>\n<\/ol>\n<h4><b><i>Pol\u00edtica de cancelamento<\/i><\/b><\/h4>\n<p>For a full refund, please read our Cancellations policies\u00a0<a href=\"https:\/\/www.ticketswhales.com\/online-booking\/\" target=\"_blank\" rel=\"noopener\" data-saferedirecturl=\"https:\/\/www.google.com\/url?q=https:\/\/www.ticketswhales.com\/online-booking\/&amp;source=gmail&amp;ust=1672529771100000&amp;usg=AOvVaw2NIGJBZ0qjB5RhPUl5Obc7\">Click here<\/a>. Funds will be lost if the reservation is cancelled the same day of the trip.<\/p>\n\n\t\t<\/div>\n\t<\/div>\n<\/div><\/div><\/div><\/div><div class=\"vc_row wpb_row vc_row-fluid\" ><div class=\"wpb_column vc_column_container vc_col-sm-12\"><div class=\"vc_column-inner\"><div class=\"wpb_wrapper\"><div class=\"vc_empty_space\"   style=\"height: 32px\"><span class=\"vc_empty_space_inner\"><\/span><\/div>\n\t<div class=\"wpb_video_widget wpb_content_element vc_clearfix   vc_video-aspect-ratio-169 vc_video-el-width-100 vc_video-align-left\" >\n\t\t<div class=\"wpb_wrapper\">\n\t\t\t\n\t\t\t<div class=\"wpb_video_wrapper\"><iframe loading=\"lazy\" title=\"Los Haitises National Park, Tours &amp; Excursion From Samana or Sabana de la Mar. Book Here:\" src=\"https:\/\/player.vimeo.com\/video\/346508015?dnt=1&amp;app_id=122963\" width=\"1100\" height=\"619\" frameborder=\"0\" allow=\"autoplay; fullscreen; picture-in-picture\"><\/iframe><\/div>\n\t\t<\/div>\n\t<\/div>\n<\/div><\/div><\/div><\/div><div class=\"vc_row wpb_row vc_row-fluid\" ><div class=\"wpb_column vc_column_container vc_col-sm-12\"><div class=\"vc_column-inner\"><div class=\"wpb_wrapper\"><div class=\"vc_empty_space\"   style=\"height: 32px\"><span class=\"vc_empty_space_inner\"><\/span><\/div>\n\t<div class=\"wpb_text_column wpb_content_element\" >\n\t\t<div class=\"wpb_wrapper\">\n\t\t\t<h4>Contate-nos?<\/h4>\n<h5>Reservando Aventuras<\/h5>\n<p><em><strong>Moradores<\/strong>\u00a0e\u00a0<strong>Nacionais<\/strong>\u00a0Guias tur\u00edsticos e servi\u00e7os aos h\u00f3spedes<\/em><\/p>\n<p><span class=\"text-turquoise\">Reservas:<\/span>\u00a0Passeios e excurs\u00f5es em Dom. Rep.<\/p>\n<p><img decoding=\"async\" class=\"emoji\" draggable=\"false\" src=\"https:\/\/s.w.org\/images\/core\/emoji\/11.2.0\/svg\/1f4de.svg\" alt=\"\ud83d\udcde\" title=\"\">\u00a0Tel\/WhatsApp\u00a0\u00a0<a href=\"tel:+1-809-720-6035\">+1-809-720-6035<\/a>.<\/p>\n<p><img decoding=\"async\" class=\"emoji\" draggable=\"false\" src=\"https:\/\/s.w.org\/images\/core\/emoji\/11.2.0\/svg\/1f4e9.svg\" alt=\"\ud83d\udce9\" title=\"\">\u00a0<a href=\"mailto:info@bookingadventures.com.do\">info@bookingadventures.com.do<\/a><\/p>\n<p><strong>Somos Tours Privados com Configura\u00e7\u00e3o Flex\u00edvel pelo Whatsapp:\u00a0<a href=\"tel:+18097206035\">+18097206035.<\/a><\/strong><\/p>\n\n\t\t<\/div>\n\t<\/div>\n<div class=\"vc_empty_space\"   style=\"height: 32px\"><span class=\"vc_empty_space_inner\"><\/span><\/div><\/div><\/div><\/div><\/div>","protected":false},"excerpt":{"rendered":"<p><span style=\"vertical-align: inherit;\"><span style=\"vertical-align: inherit;\">\u00a1Y aqu\u00ed vamos! <\/span><span style=\"vertical-align: inherit;\">Lo primero que puedes ver es la enorme colecci\u00f3n de isla monta\u00f1osa de piedra caliza llamada Mogotes. <\/span><span style=\"vertical-align: inherit;\">encima de ellos m\u00e1s de 700 especies de plantas y muchas aves de los humedales que vuelan alrededor. <\/span><span style=\"vertical-align: inherit;\">Posteriormente Visitando Cuevas con pictograf\u00edas de nuestras comunidades ind\u00edgenas hace 750 a\u00f1os.<\/span><\/span><\/p>\n<p><span style=\"vertical-align: inherit;\"><span style=\"vertical-align: inherit;\">Adem\u00e1s, este viaje muestra que son los lugares m\u00e1s importantes para visitar en el Parque Nacional Haitises. <\/span><span style=\"vertical-align: inherit;\">Las dos cuevas m\u00e1s visitadas son Line Cave y Sand Cave. <\/span><span style=\"vertical-align: inherit;\">Luego de unas horas visitando este hermoso Parque Nacional con rumbo al bosque h\u00famedo del Parque Nacional Los Haitises, luego de 2 horas de caminata, regresamos al lugar desde donde comenzamos nuestra excursi\u00f3n. <\/span><span style=\"vertical-align: inherit;\">Obtenga sus boletos aqu\u00ed y mu\u00e9vase con los lugare\u00f1os que conocen la historia del Parque Nacional Haitises.<\/span><\/span><\/p>\n<p>&nbsp;<\/p>\n<p><strong><span style=\"vertical-align: inherit;\"><span style=\"vertical-align: inherit;\">Selecionar a data da visita\u00a0<\/span><\/span><\/strong><\/p>","protected":false},"featured_media":81,"template":"","meta":[],"product_brand":[],"product_cat":[565,566,578,123,124],"product_tag":[179,125,126,129,130,104,221,131,132,210,222,134,223,146,114,224],"class_list":{"0":"post-11638","1":"product","2":"type-product","3":"status-publish","4":"has-post-thumbnail","6":"product_cat-1-sabana-de-la-mar","7":"product_cat-boat-trip-los-haitises","8":"product_cat-hiking-los-haitises","9":"product_cat-tours-excursions-los-haitises-national-park","10":"product_cat-tours-excursions-samana-bay-dominican-republic","11":"product_tag-birding-in-los-haitises","12":"product_tag-boat-tour","13":"product_tag-cano-hondo","14":"product_tag-eco-tours","15":"product_tag-excursion","16":"product_tag-hiking","17":"product_tag-hiking-los-haitises","18":"product_tag-locals-guides","19":"product_tag-los-haitises","20":"product_tag-los-haitises-excursions","21":"product_tag-los-haitises-from-samana","22":"product_tag-los-haitises-national-park-tour","23":"product_tag-los-haitises-sabana-de-la-mar","24":"product_tag-mangroves-los-haitises","25":"product_tag-sabana-de-la-mar","26":"product_tag-trails","28":"first","29":"instock","30":"sale","31":"sold-individually","32":"shipping-taxable","33":"product-type-external"},"_links":{"self":[{"href":"https:\/\/haitises.com\/pt\/wp-json\/wp\/v2\/product\/11638","targetHints":{"allow":["GET"]}}],"collection":[{"href":"https:\/\/haitises.com\/pt\/wp-json\/wp\/v2\/product"}],"about":[{"href":"https:\/\/haitises.com\/pt\/wp-json\/wp\/v2\/types\/product"}],"wp:featuredmedia":[{"embeddable":true,"href":"https:\/\/haitises.com\/pt\/wp-json\/wp\/v2\/media\/81"}],"wp:attachment":[{"href":"https:\/\/haitises.com\/pt\/wp-json\/wp\/v2\/media?parent=11638"}],"wp:term":[{"taxonomy":"product_brand","embeddable":true,"href":"https:\/\/haitises.com\/pt\/wp-json\/wp\/v2\/product_brand?post=11638"},{"taxonomy":"product_cat","embeddable":true,"href":"https:\/\/haitises.com\/pt\/wp-json\/wp\/v2\/product_cat?post=11638"},{"taxonomy":"product_tag","embeddable":true,"href":"https:\/\/haitises.com\/pt\/wp-json\/wp\/v2\/product_tag?post=11638"}],"curies":[{"name":"wp","href":"https:\/\/api.w.org\/{rel}","templated":true}]}}