{"id":11621,"date":"2023-10-04T07:39:44","date_gmt":"2023-10-04T07:39:44","guid":{"rendered":"http:\/\/haitises.com\/?post_type=product&#038;p=11621"},"modified":"2024-04-02T17:50:36","modified_gmt":"2024-04-02T17:50:36","slug":"los-haitises-boat-private-trip-from-club-med-miches-playa-esmeralda-areas-2","status":"publish","type":"product","link":"https:\/\/haitises.com\/pt\/privado\/los-haitises-boat-private-trip-from-club-med-miches-playa-esmeralda-areas-2\/","title":{"rendered":"Viagem privada de barco a Los Haitises \u2013 Das \u00e1reas do Club Med Mich\u00e8s Playa Esmeralda"},"content":{"rendered":"<div class=\"vc_row wpb_row vc_row-fluid\" ><div class=\"wpb_column vc_column_container vc_col-sm-12\"><div class=\"vc_column-inner\"><div class=\"wpb_wrapper\"><div class=\"vc_btn3-container vc_btn3-inline\" ><button class=\"vc_general vc_btn3 vc_btn3-size-md vc_btn3-shape-rounded vc_btn3-style-modern vc_btn3-color-green\">AGENDE AGORA<\/button><\/div>[mkdf_section_title title_tag=\u00bb\u00bb disable_break_words=\u00bbno\u00bb subtitle_tag=\u00bb\u00bb title=\u00bbLos Haitises Boat Private trip &#8211; From Club Med Mich\u00e8s Playa Esmeralda Areas\u00bb subtitle=\u00bbMangroves, Local Guides and Caves\u00bb]<\/div><\/div><\/div><\/div><div class=\"vc_row wpb_row vc_row-fluid\" ><div class=\"wpb_column vc_column_container vc_col-sm-12\"><div class=\"vc_column-inner\"><div class=\"wpb_wrapper\">\n\t<div class=\"wpb_text_column wpb_content_element\" >\n\t\t<div class=\"wpb_wrapper\">\n\t\t\t<h4><b><i>Vis\u00e3o geral <\/i><\/b><\/h4>\n<p>If you are In Miches pick a Private normal trip to Los Haitises National Park.\u00a0 Come with us and visit the most beautiful national park of the Dominican Republic, Visiting Mangroves, Caves, and San Lorenzo Bay. This experience can start from the Sabana de la Mar community learning about the history of Sabana de la Mar. Also, we start this trip from Sabana de la mar.<\/p>\n<ul>\n<li style=\"font-weight: 400;\">Taxas inclu\u00eddas<\/li>\n<li style=\"font-weight: 400;\"><span style=\"font-weight: 400;\">O guia fornece instru\u00e7\u00f5es e supervis\u00e3o<\/span><\/li>\n<li>O almo\u00e7o n\u00e3o est\u00e1 inclu\u00eddo para o almo\u00e7o em Ca\u00f1o Hondo Escolha esta excurs\u00e3o: <a href=\"https:\/\/www.ticketswhales.com\/tour\/los-haitises-national-park-lunch-at-cano-hondo-from-sabana-de-la-mar\/\" target=\"_blank\" rel=\"noopener\">Los Haitises Plus Ca\u00f1o Hondo.<\/a><\/li>\n<\/ul>\n<p>&nbsp;<\/p>\n<h4><b>Inclus\u00f5es e Exclus\u00f5es<\/b><\/h4>\n<p>&nbsp;<\/p>\n<p><b>Inclus\u00f5es<\/b><\/p>\n<ol>\n<li style=\"font-weight: 400;\">Tour Los Haitises + Cavernas e Pictogramas<\/li>\n<li style=\"font-weight: 400;\"><span style=\"font-weight: 400;\">Todos os impostos, taxas e encargos de manuseio<\/span><\/li>\n<li style=\"font-weight: 400;\"><span style=\"font-weight: 400;\">Impostos locais<\/span><\/li>\n<li style=\"font-weight: 400;\"><span style=\"font-weight: 400;\">Todas as actividades<\/span><\/li>\n<li style=\"font-weight: 400;\"><span style=\"font-weight: 400;\">Guia local<\/span><\/li>\n<li>Transportation incluided<\/li>\n<\/ol>\n<p><b> Exclus\u00f5es<\/b><\/p>\n<ol>\n<li style=\"font-weight: 400;\"><span style=\"font-weight: 400;\">Gorjetas<\/span><\/li>\n<li>O almo\u00e7o n\u00e3o est\u00e1 inclu\u00eddo para o almo\u00e7o em Ca\u00f1o Hondo Escolha esta excurs\u00e3o: <a href=\"https:\/\/www.ticketswhales.com\/tour\/los-haitises-national-park-lunch-at-cano-hondo-from-sabana-de-la-mar\/\" target=\"_blank\" rel=\"noopener\">Los Haitises Plus Ca\u00f1o Hondo.<\/a><\/li>\n<li style=\"font-weight: 400;\"><span style=\"font-weight: 400;\">Transfer\u00eancia<\/span><\/li>\n<li style=\"font-weight: 400;\"><span style=\"font-weight: 400;\">Bebidas Alco\u00f3licas<\/span><\/li>\n<\/ol>\n<p>&nbsp;<\/p>\n<h4><em><strong>Partida e Retorno<\/strong><\/em><\/h4>\n<p><span style=\"font-weight: 400;\">O viajante receber\u00e1 um ponto de encontro ap\u00f3s o Processo de Reserva. Os passeios come\u00e7am e terminam em nossos pontos de encontro.<\/span><\/p>\n<p>&nbsp;<\/p>\n<h4><b><i>O que esperar?<\/i><\/b><\/h4>\n<p>&nbsp;<\/p>\n<p><em><strong>Obtenha seus ingressos<\/strong><\/em> for visiting Los Haitises National Park from Miches with transportation included with Caves, Mangroves and San Lorenzo Bay.<\/p>\n<p>Pre\u00e7o mais baixo para visitar <strong>Parque Nacional Los Haitises<\/strong> de <strong>Sabana de la Mar<\/strong> or Miches<strong>\u00a0Hotels<\/strong> with Locals. The Trip starts in the Main Port of\u00a0 The Haitises National Park. This trip starts at 10:00 am with a Local Tour Guide that knows the original History of the gorgeous National Park.<\/p>\n<p>Depois partimos do porto principal do Parque Nacional Los Haitises com o nome de Ca\u00f1o Hondo (Deep Creek) num BARCO com coletes salva-vidas. Desfrutaremos da floresta de manguezais vermelhos at\u00e9 chegar \u00e0 Ba\u00eda de San Lorenzo. Pequena ba\u00eda para a Ba\u00eda de Saman\u00e1. E aqui vamos n\u00f3s! A primeira coisa incr\u00edvel que voc\u00ea pode ver \u00e9 a cole\u00e7\u00e3o de uma enorme ilha de montanha de calc\u00e1rio chamada Mogotes. em cima deles mais de 700 esp\u00e9cies de plantas e muitas aves de zonas h\u00famidas voando ao redor. Mais tarde visitamos grutas com pictogramas das nossas comunidades ind\u00edgenas de h\u00e1 750 anos atr\u00e1s.<\/p>\n<p>Atravessar os mangais e desembocar na ba\u00eda aberta de San Lorenzo, de onde se pode fotografar a paisagem florestal acidentada. Olhar para a \u00e1gua para ver <em><strong>Peixes-boi<\/strong><\/em>crust\u00e1ceos e <em><strong>golfinhos.<\/strong><\/em><\/p>\n<div class=\"body-description secondary\">\n<p>O nome do parque nacional vem dos seus habitantes originais, os \u00edndios Taino. Na sua l\u00edngua, \"Haitises\" traduz-se por terras altas ou colinas, uma refer\u00eancia \u00e0s forma\u00e7\u00f5es geol\u00f3gicas \u00edngremes da linha costeira com calc\u00e1rios. Aventure-se mais profundamente no parque para explorar grutas como a <em><strong>Gruta de areia<\/strong><\/em> e <strong><em>Cueva de la L\u00ednea.<\/em><\/strong> As grutas da reserva eram utilizadas como abrigo pelos \u00edndios Taino e, mais tarde, para esconder piratas. Procure os desenhos dos \u00edndios que decoram algumas das paredes. Depois de visitarmos o Parque Nacional Los Haitises, regressaremos ao porto onde a nossa viagem come\u00e7ou.<\/p>\n<\/div>\n<p>&nbsp;<\/p>\n<h4><em><strong>O que voc\u00ea deve trazer?<\/strong><\/em><\/h4>\n<ul>\n<li style=\"font-weight: 400;\"><span style=\"font-weight: 400;\">C\u00e2mera<\/span><\/li>\n<li style=\"font-weight: 400;\"><span style=\"font-weight: 400;\">Bot\u00f5es repelentes<\/span><\/li>\n<li style=\"font-weight: 400;\"><span style=\"font-weight: 400;\">protetor solar<\/span><\/li>\n<li style=\"font-weight: 400;\"><span style=\"font-weight: 400;\">Chap\u00e9u<\/span><\/li>\n<li style=\"font-weight: 400;\"><span style=\"font-weight: 400;\">Cal\u00e7as confort\u00e1veis<\/span><\/li>\n<li style=\"font-weight: 400;\"><span style=\"font-weight: 400;\">Sapatos de caminhada para floresta<\/span><\/li>\n<li style=\"font-weight: 400;\"><span style=\"font-weight: 400;\">Sand\u00e1lias para as zonas de primavera.<\/span><\/li>\n<li style=\"font-weight: 400;\"><span style=\"font-weight: 400;\">Roupa de nata\u00e7\u00e3o<\/span><\/li>\n<\/ul>\n<p>&nbsp;<\/p>\n<h4><b><i>Recolha no hotel <\/i><\/b><\/h4>\n<p><span style=\"font-weight: 400;\">Hotel pick-up is offered if you are in Miches or Sabana de la mar \u00a0Hotels.<\/span><\/p>\n<p>&nbsp;<\/p>\n<p><b>N\u00e3o te:<\/b><span style=\"font-weight: 400;\"> if you are booking within 24 hours of the tour\/Excursion departure time, we can arrange hotel pick-up with extra Charges if you are not in Miches or Sabana de la mar hotels. Once your purchase is complete, we will send you complete contact information (phone number, email address, etc.) for our local Tour guide to organize pick-up arrangements.<\/span><\/p>\n<h4><b><i>Confirma\u00e7\u00e3o de informa\u00e7\u00f5es adicionais <\/i><\/b><\/h4>\n<ol>\n<li>Os ingressos s\u00e3o o recibo ap\u00f3s o pagamento deste passeio. Voc\u00ea pode mostrar o pagamento no seu telefone.<\/li>\n<li style=\"font-weight: 400;\"><span style=\"font-weight: 400;\">O ponto de encontro ser\u00e1 recebido ap\u00f3s o processo de reserva.<\/span><\/li>\n<li style=\"font-weight: 400;\"><span style=\"font-weight: 400;\">As crian\u00e7as devem estar acompanhadas por um adulto.<\/span><\/li>\n<li style=\"font-weight: 400;\"><span style=\"font-weight: 400;\"> N\u00e3o acess\u00edvel a cadeiras de rodas <\/span><\/li>\n<li style=\"font-weight: 400;\"><span style=\"font-weight: 400;\">Os beb\u00eas devem sentar-se no colo <\/span><\/li>\n<li style=\"font-weight: 400;\"><span style=\"font-weight: 400;\">N\u00e3o recomendado para viajantes com problemas de costas<\/span><\/li>\n<li style=\"font-weight: 400;\"><span style=\"font-weight: 400;\">N\u00e3o recomendado para viajantes gr\u00e1vidas <\/span><\/li>\n<li style=\"font-weight: 400;\"><span style=\"font-weight: 400;\"> Sem problemas card\u00edacos ou outras condi\u00e7\u00f5es m\u00e9dicas graves <\/span><\/li>\n<li style=\"font-weight: 400;\"><span style=\"font-weight: 400;\">A maioria dos viajantes pode participar<\/span><\/li>\n<\/ol>\n<h4><b><i>Pol\u00edtica de cancelamento<\/i><\/b><\/h4>\n<p>For a full refund, please read our Cancellations policies\u00a0<a href=\"https:\/\/www.ticketswhales.com\/online-booking\/\" target=\"_blank\" rel=\"noopener\" data-saferedirecturl=\"https:\/\/www.google.com\/url?q=https:\/\/www.ticketswhales.com\/online-booking\/&amp;source=gmail&amp;ust=1672449202351000&amp;usg=AOvVaw1yAeVAPktmaVCqDujgUn90\">Click here<\/a>. Funds will be lost if the reservation is canceled the same day of the trip.<\/p>\n\n\t\t<\/div>\n\t<\/div>\n<div class=\"vc_btn3-container vc_btn3-inline\" ><button class=\"vc_general vc_btn3 vc_btn3-size-md vc_btn3-shape-rounded vc_btn3-style-modern vc_btn3-color-green\">AGENDE AGORA<\/button><\/div><\/div><\/div><\/div><\/div><div class=\"vc_row wpb_row vc_row-fluid\" ><div class=\"wpb_column vc_column_container vc_col-sm-12\"><div class=\"vc_column-inner\"><div class=\"wpb_wrapper\"><div class=\"vc_empty_space\"   style=\"height: 32px\"><span class=\"vc_empty_space_inner\"><\/span><\/div>\n\t<div class=\"wpb_text_column wpb_content_element\" >\n\t\t<div class=\"wpb_wrapper\">\n\t\t\t<h4>Contate-nos?<\/h4>\n<h5>Reservando Aventuras<\/h5>\n<p><em><strong>Moradores<\/strong>\u00a0e\u00a0<strong>Nacionais<\/strong>\u00a0Guias tur\u00edsticos e servi\u00e7os aos h\u00f3spedes<\/em><\/p>\n<p><span class=\"text-turquoise\">Reservas:<\/span>\u00a0Passeios e excurs\u00f5es em Dom. Rep.<\/p>\n<p><img decoding=\"async\" class=\"emoji\" draggable=\"false\" src=\"https:\/\/s.w.org\/images\/core\/emoji\/11.2.0\/svg\/1f4de.svg\" alt=\"\ud83d\udcde\" title=\"\">\u00a0Tel\/WhatsApp\u00a0\u00a0<a href=\"tel:+1-809-720-6035\">+1-809-720-6035<\/a>.<\/p>\n<p><img decoding=\"async\" class=\"emoji\" draggable=\"false\" src=\"https:\/\/s.w.org\/images\/core\/emoji\/11.2.0\/svg\/1f4e9.svg\" alt=\"\ud83d\udce9\" title=\"\">\u00a0<a href=\"mailto:info@bookingadventures.com.do\">info@bookingadventures.com.do<\/a><\/p>\n<p><strong>Somos Tours Privados com Configura\u00e7\u00e3o Flex\u00edvel pelo Whatsapp:\u00a0<a href=\"tel:+18097206035\">+18097206035.<\/a><\/strong><\/p>\n\n\t\t<\/div>\n\t<\/div>\n<div class=\"vc_empty_space\"   style=\"height: 32px\"><span class=\"vc_empty_space_inner\"><\/span><\/div><\/div><\/div><\/div><\/div><div class=\"vc_row wpb_row vc_row-fluid\" ><div class=\"wpb_column vc_column_container vc_col-sm-12\"><div class=\"vc_column-inner\"><div class=\"wpb_wrapper\">[mkdf_section_title title_tag=\u00bb\u00bb disable_break_words=\u00bbno\u00bb subtitle_tag=\u00bb\u00bb text_font_weight=\u00bb\u00bb title=\u00bbCano Hondo Excursions\u00bb subtitle=\u00bbTours and Excursions around Cano Hondo\u00bb text=\u00bbOther options for tours and excursion in Cano Hondo area. Sabana de la mar, Republica Dominicana.\u00bb]<div class=\"woocommerce columns-4\"><\/div><\/div><\/div><\/div><\/div><div class=\"vc_row wpb_row vc_row-fluid\" ><div class=\"wpb_column vc_column_container vc_col-sm-12\"><div class=\"vc_column-inner\"><div class=\"wpb_wrapper\"><div class=\"vc_btn3-container vc_btn3-inline\" ><button class=\"vc_general vc_btn3 vc_btn3-size-md vc_btn3-shape-rounded vc_btn3-style-modern vc_btn3-color-green\">AGENDE AGORA<\/button><\/div><\/div><\/div><\/div><\/div>","protected":false},"excerpt":{"rendered":"<p>Pre\u00e7o mais baixo para visitar <strong>Parque Nacional Los Haitises<\/strong> de <strong>Sabana de la Mar<\/strong> or Miches<strong>\u00a0Hotels<\/strong> with Locals. The Trip starts in the Main Port of\u00a0 The Haitises National Park. This trip starts at 8:00 am with a Local Tour Guide that knows the original History of the gorgeous National Park.<\/p>\n<p>Depois partimos do porto principal do Parque Nacional Los Haitises chamado Ca\u00f1o Hondo (Riacho Profundo) num BARCO com coletes salva-vidas. Desfrutaremos da floresta de manguezais vermelhos at\u00e9 chegar \u00e0 Ba\u00eda de San Lorenzo, uma pequena ba\u00eda na Ba\u00eda de Saman\u00e1. E aqui vamos n\u00f3s! A primeira coisa incr\u00edvel que se pode ver \u00e9 a cole\u00e7\u00e3o de uma enorme ilha de montanhas de calc\u00e1rio chamada Mogotes. No topo, mais de 700 esp\u00e9cies de plantas e muitas aves das zonas h\u00famidas a voar. Depois visitamos as grutas com pictogramas das nossas comunidades ind\u00edgenas de h\u00e1 750 anos atr\u00e1s.<\/p>\n<p>&nbsp;<\/p>\n<p><strong>Por favor, selecione a data para o passeio\u00a0<\/strong><\/p>\n<p>&nbsp;<\/p>\n<p><strong>Por favor, selecione a data para o passeio\u00a0<\/strong><\/p>","protected":false},"featured_media":11332,"template":"","meta":[],"product_brand":[],"product_cat":[565,566,119,120,98,121,99,122,123,124],"product_tag":[125,126,446,127,128,129,130,447,131,132,522,133,134,114],"class_list":{"0":"post-11621","1":"product","2":"type-product","3":"status-publish","4":"has-post-thumbnail","6":"product_cat-1-sabana-de-la-mar","7":"product_cat-boat-trip-los-haitises","8":"product_cat-caves","9":"product_cat-fees-entrace","10":"product_cat-local-tour-guides","11":"product_cat-mangroves","12":"product_cat-swimming-natural-springs","13":"product_cat-tours-and-excursions","14":"product_cat-tours-excursions-los-haitises-national-park","15":"product_cat-tours-excursions-samana-bay-dominican-republic","16":"product_tag-boat-tour","17":"product_tag-cano-hondo","18":"product_tag-cano-hondo-excursion","19":"product_tag-cano-hondo-hotel","20":"product_tag-cano-hondo-tours","21":"product_tag-eco-tours","22":"product_tag-excursion","23":"product_tag-hotel-cano-hondo","24":"product_tag-locals-guides","25":"product_tag-los-haitises","26":"product_tag-los-haitises-boat-private-trip-from-club-med-miches-playa-esmeralda-areas","27":"product_tag-los-haitises-national-park","28":"product_tag-los-haitises-national-park-tour","29":"product_tag-sabana-de-la-mar","31":"first","32":"instock","33":"sale","34":"shipping-taxable","35":"product-type-external"},"_links":{"self":[{"href":"https:\/\/haitises.com\/pt\/wp-json\/wp\/v2\/product\/11621","targetHints":{"allow":["GET"]}}],"collection":[{"href":"https:\/\/haitises.com\/pt\/wp-json\/wp\/v2\/product"}],"about":[{"href":"https:\/\/haitises.com\/pt\/wp-json\/wp\/v2\/types\/product"}],"wp:featuredmedia":[{"embeddable":true,"href":"https:\/\/haitises.com\/pt\/wp-json\/wp\/v2\/media\/11332"}],"wp:attachment":[{"href":"https:\/\/haitises.com\/pt\/wp-json\/wp\/v2\/media?parent=11621"}],"wp:term":[{"taxonomy":"product_brand","embeddable":true,"href":"https:\/\/haitises.com\/pt\/wp-json\/wp\/v2\/product_brand?post=11621"},{"taxonomy":"product_cat","embeddable":true,"href":"https:\/\/haitises.com\/pt\/wp-json\/wp\/v2\/product_cat?post=11621"},{"taxonomy":"product_tag","embeddable":true,"href":"https:\/\/haitises.com\/pt\/wp-json\/wp\/v2\/product_tag?post=11621"}],"curies":[{"name":"wp","href":"https:\/\/api.w.org\/{rel}","templated":true}]}}