{"id":11376,"date":"2021-08-15T20:09:01","date_gmt":"2021-08-15T20:09:01","guid":{"rendered":"http:\/\/haitises.com\/?post_type=product&#038;p=11376"},"modified":"2024-04-05T15:26:15","modified_gmt":"2024-04-05T15:26:15","slug":"trilhas-para-caminhadas-em-barahona-republica-dominicana-montanhas-cachote-frutas-tropicais-nadar-2","status":"publish","type":"product","link":"https:\/\/haitises.com\/pt\/privado\/trilhas-para-caminhadas-em-barahona-republica-dominicana-montanhas-cachote-frutas-tropicais-nadar-2\/","title":{"rendered":"Trilhas para caminhadas em Barahona (Rep\u00fablica Dominicana). Serra do Cachote, Frutas Tropicais e Nado"},"content":{"rendered":"<div class=\"vc_row wpb_row vc_row-fluid\" ><div class=\"wpb_column vc_column_container vc_col-sm-12\"><div class=\"vc_column-inner\"><div class=\"wpb_wrapper\">[mkdf_section_title title_tag=\u00bb\u00bb disable_break_words=\u00bbno\u00bb subtitle_tag=\u00bb\u00bb title=\u00bbHiking trails in Barahona (Dominican Republic).\u00bb subtitle=\u00bbCachote Mountains, Tropical Fruits &amp; Swim\u00bb]<\/div><\/div><\/div><\/div><div class=\"vc_row wpb_row vc_row-fluid\" ><div class=\"wpb_column vc_column_container vc_col-sm-12\"><div class=\"vc_column-inner\"><div class=\"wpb_wrapper\">\n\t<div class=\"wpb_text_column wpb_content_element\" >\n\t\t<div class=\"wpb_wrapper\">\n\t\t\t<h4><b><i>Vis\u00e3o geral<\/i><\/b><\/h4>\n<p>Enjoy a day hiking in the Mountains of Cachote, Barahona. Starting from Paraiso Comunity. Learning about coffee plantation areas. Swimming in Natural springs and one of the most beautiful beaches in the Dominican Republic with scenic photos.<\/p>\n<h4><b>Inclus\u00f5es e Exclus\u00f5es<\/b><\/h4>\n<p>&nbsp;<\/p>\n<p><b>Inclus\u00f5es<\/b><\/p>\n<ol>\n<li>Local Guide with Safety experience in the area.<\/li>\n<li>Transporte privado para pequenos grupos<\/li>\n<li>All taxes, fees, and handling charges<\/li>\n<li>Pick up \/ Transportation from your hotel (Barahona \/ Para\u00edso \/ Los Patos area)<\/li>\n<li>Local guide who speaks English or French<\/li>\n<li>Typical lunch (sandwiches type) and a bottle of water<\/li>\n<li>Impostos locais<\/li>\n<li>Caminhada<\/li>\n<li>Natural Pools<\/li>\n<\/ol>\n<p><b>Exclus\u00f5es<\/b><\/p>\n<ol>\n<li>Gorjetas<\/li>\n<li>All Drinks<\/li>\n<li>All services not specifically mentioned<\/li>\n<li>Personal expenses and tips<\/li>\n<\/ol>\n<h4><em><strong>Partida e Retorno<\/strong><\/em><\/h4>\n<p>O viajante obter\u00e1 um ponto de encontro ap\u00f3s o processo de reserva. As excurs\u00f5es come\u00e7am e terminam nos seus pontos de encontro.<\/p>\n<p>Difficulty: Medium-Difficult<br \/>\nDuration of the walk: 5-6 hours<br \/>\nElevation: 800 meters<br \/>\nDeparture from the Hotel: 08.00 AM<br \/>\nReturn to the Hotel: 05.00 PM<\/p>\n<h2 class=\"styles__heading___mD4_3\" data-radium=\"true\">Hiking trails in Barahona (Dominican Republic). Cachote Mountains, Tropical Fruits &amp; Swim<\/h2>\n<h4><em>O que esperar?<\/em><\/h4>\n<p>We will start this walk in the town of Ojeda, which is famous for its great production of typical Caribbean fruits and vegetables. Along the way, we can taste avocados, oranges, grapefruits, lemons, guavas, mangoes, papayas, sapotes, and soursop!<\/p>\n<p>After 1 hour and a half of climbing, we will reach an impressive point of view over the town of Para\u00edso, the Riosito, and the high mountains of Cachote.<\/p>\n<p>We will continue climbing in a colder and more humid climate until we reach the town of Barrio Nuevo where we will have lunch.<\/p>\n<p>In the afternoon we will cross a magnificent coffee farm on top of the mountain at 800 meters above sea level. Then we will go down for 1 hour until we reach the Riosito gorge where we can bathe in a beautiful natural pool surrounded by the tropical forest.<\/p>\n<p>Continue walking through the Riosito valley to end the day bathing at Paraiso beach.<\/p>\n<h4><em><strong>O que voc\u00ea deve trazer?<\/strong><\/em><\/h4>\n<ul>\n<li>C\u00e2mera<\/li>\n<li>Bot\u00f5es repelentes<\/li>\n<li>Creme solar<\/li>\n<li>\u00c1gua<\/li>\n<li>Chap\u00e9u<\/li>\n<li>Cal\u00e7as confort\u00e1veis<\/li>\n<li>Sapatos de caminhada para floresta<\/li>\n<li>Sand\u00e1lias para as zonas de primavera.<\/li>\n<li>Roupa de nata\u00e7\u00e3o<\/li>\n<\/ul>\n<p>&nbsp;<\/p>\n<h4><b><i>Recolha no hotel<\/i><\/b><\/h4>\n<p>Hotel pick-up is offered for this tour. Pickup\/Transportation from your hotel (area of Barahona\/Paraiso\/Los Patos).<\/p>\n<p><b>N\u00e3o te:<\/b> If you are booking within 24 hours of the tour\/Excursion departure time, we can arrange hotel pick-up. We just pick up in Barahona areas. Once your purchase is complete, we will send you complete contact information (phone number, email address, etc.) for our local Tour guide to organize pick-up arrangements.<\/p>\n<h4><b><i>Confirma\u00e7\u00e3o de informa\u00e7\u00f5es adicionais<\/i><\/b><\/h4>\n<ol>\n<li>Os ingressos s\u00e3o o recibo ap\u00f3s o pagamento deste passeio. Voc\u00ea pode mostrar o pagamento no seu telefone.<\/li>\n<li>O ponto de encontro ser\u00e1 recebido ap\u00f3s o processo de reserva.<\/li>\n<li>As crian\u00e7as devem estar acompanhadas por um adulto.<\/li>\n<li>N\u00e3o acess\u00edvel a cadeiras de rodas<\/li>\n<li>Os beb\u00eas devem sentar-se no colo<\/li>\n<li>N\u00e3o recomendado para viajantes com problemas de costas<\/li>\n<li>N\u00e3o recomendado para viajantes gr\u00e1vidas<\/li>\n<li>Sem problemas card\u00edacos ou outras condi\u00e7\u00f5es m\u00e9dicas graves<\/li>\n<li>A maioria dos viajantes pode participar<\/li>\n<\/ol>\n<h4><b><i>Pol\u00edtica de cancelamento<\/i><\/b><\/h4>\n<p>For a full refund, cancel at least 72 hours in advance of the start date of the experience. Funds will be lost if the reservation is canceled the same day of the trip.<\/p>\n\n\t\t<\/div>\n\t<\/div>\n<\/div><\/div><\/div><\/div>","protected":false},"excerpt":{"rendered":"<p>Buy a Day Pass Tickets to Bahia las Aguilas from Barahona. Driving through the national park Jaragua and heading to Cabo Rojo, where a boat awaits you. After a 15-minute ride with the boat, you will be reaching the beautiful and isolated Bah\u00eda de las \u00c1guilas, which is considered to be the most beautiful beach in the country. Lunch will be served at the beach and you have the chance to go swimming or just relax on the beach. Enjoy the pristine white sand of this 8 km long beach.<\/p>\n<p>&nbsp;<\/p>\n<p><strong>Select the day for this trip:<\/strong><\/p>","protected":false},"featured_media":11170,"template":"","meta":[],"product_brand":[],"product_cat":[478,135],"product_tag":[479,407,480,481],"class_list":{"0":"post-11376","1":"product","2":"type-product","3":"status-publish","4":"has-post-thumbnail","6":"product_cat-barahona","7":"product_cat-lunch","8":"product_tag-barahona-hiking","9":"product_tag-barahona-tours","10":"product_tag-cachote-tour","11":"product_tag-paraiso-tour","13":"first","14":"instock","15":"sale","16":"sold-individually","17":"shipping-taxable","18":"product-type-external"},"_links":{"self":[{"href":"https:\/\/haitises.com\/pt\/wp-json\/wp\/v2\/product\/11376","targetHints":{"allow":["GET"]}}],"collection":[{"href":"https:\/\/haitises.com\/pt\/wp-json\/wp\/v2\/product"}],"about":[{"href":"https:\/\/haitises.com\/pt\/wp-json\/wp\/v2\/types\/product"}],"wp:featuredmedia":[{"embeddable":true,"href":"https:\/\/haitises.com\/pt\/wp-json\/wp\/v2\/media\/11170"}],"wp:attachment":[{"href":"https:\/\/haitises.com\/pt\/wp-json\/wp\/v2\/media?parent=11376"}],"wp:term":[{"taxonomy":"product_brand","embeddable":true,"href":"https:\/\/haitises.com\/pt\/wp-json\/wp\/v2\/product_brand?post=11376"},{"taxonomy":"product_cat","embeddable":true,"href":"https:\/\/haitises.com\/pt\/wp-json\/wp\/v2\/product_cat?post=11376"},{"taxonomy":"product_tag","embeddable":true,"href":"https:\/\/haitises.com\/pt\/wp-json\/wp\/v2\/product_tag?post=11376"}],"curies":[{"name":"wp","href":"https:\/\/api.w.org\/{rel}","templated":true}]}}