{"id":11349,"date":"2021-08-15T20:08:48","date_gmt":"2021-08-15T20:08:48","guid":{"rendered":"http:\/\/haitises.com\/?post_type=product&#038;p=11349"},"modified":"2024-04-05T20:38:41","modified_gmt":"2024-04-05T20:38:41","slug":"whale-watching-2022-in-punta-cana-cap-cana-to-samana-bay-cayo-levantado-bacardi-island-from-hotels","status":"publish","type":"product","link":"https:\/\/haitises.com\/pt\/privado\/whale-watching-2022-in-punta-cana-cap-cana-to-samana-bay-cayo-levantado-bacardi-island-from-hotels\/","title":{"rendered":"Observa\u00e7\u00e3o de baleias 2022 em Punta Cana\/Cap Cana at\u00e9 Samana Bay + Cayo Levantado (Ilha Bacardi) a partir de hot\u00e9is."},"content":{"rendered":"<div class=\"vc_row wpb_row vc_row-fluid\" ><div class=\"wpb_column vc_column_container vc_col-sm-12\"><div class=\"vc_column-inner\"><div class=\"wpb_wrapper\">[mkdf_section_title title_tag=\u00bb\u00bb disable_break_words=\u00bbno\u00bb subtitle_tag=\u00bb\u00bb title=\u00bbWhale Watching 2022 in Punta Cana \/ Cap Cana to Samana Bay\u00bb subtitle=\u00bbPick Up from Hotels and Cayo Levantado (Bacardi Island).\u00bb]<\/div><\/div><\/div><\/div><div class=\"vc_row wpb_row vc_row-fluid\" ><div class=\"wpb_column vc_column_container vc_col-sm-12\"><div class=\"vc_column-inner\"><div class=\"wpb_wrapper\">\n\t<div class=\"wpb_text_column wpb_content_element\" >\n\t\t<div class=\"wpb_wrapper\">\n\t\t\t<div class=\"vc_row wpb_row vc_row-fluid\">\n<div class=\"wpb_column vc_column_container vc_col-sm-12\">\n<div class=\"vc_column-inner\">\n<div class=\"wpb_wrapper\">\n<div class=\"wpb_text_column wpb_content_element\">\n<div class=\"wpb_wrapper\">\n<div class=\"vc_row wpb_row vc_row-fluid\">\n<div class=\"wpb_column vc_column_container vc_col-sm-12\">\n<div class=\"vc_column-inner\">\n<div class=\"wpb_wrapper\">\n<div class=\"wpb_text_column wpb_content_element\">\n<div class=\"wpb_wrapper\">\n<h4><b><i>Vis\u00e3o geral<img decoding=\"async\" class=\"emoji\" draggable=\"false\" src=\"https:\/\/s.w.org\/images\/core\/emoji\/12.0.0-1\/svg\/1f433.svg\" alt=\"\ud83d\udc33\" title=\"\"><\/i><\/b><\/h4>\n<p>Whale Punta Cana, observa\u00e7\u00e3o de baleias na Ba\u00eda de Saman\u00e1 e visita a Cayo Levantado durante esta excurs\u00e3o de dia inteiro a partir dos hot\u00e9is de Punta Cana. Viaje para a ba\u00eda de Saman\u00e1 a bordo de um confort\u00e1vel autocarro com ar condicionado e, em seguida, transfira-se para um barco Catamaran em Miches. Navegue pelas \u00e1guas abertas para procurar os grupos de baleias jubarte que visitam a \u00e1rea para procriar e ter seus filhotes. Aprenda sobre o comportamento e a biologia destes mam\u00edferos marinhos com o seu guia naturalista especializado. Continue at\u00e9 Cayo Levantado, ou Ilha Bacardi, para almo\u00e7ar na praia e dar um mergulho nas \u00e1guas azuis antes de regressar a Punta Cana.<\/p>\n<p>&nbsp;<\/p>\n<p><strong>N\u00e3o te: <\/strong>Este passeio pode ou n\u00e3o incluir a paragem em\u00a0<strong>Cascata do Lim\u00e3o<\/strong>. Para reservar a mesma viagem com as cascatas, por favor <a href=\"https:\/\/www.ticketswhales.com\/Tours-Excursions\/fees-entrace\/samana-whale-watching-cayo-levantado-bacardi-island-limon-waterfalls-from-punta-cana-hotels\/\" target=\"_blank\" rel=\"noopener\">CLIQUE AQUI.<\/a><\/p>\n<p>&nbsp;<\/p>\n<ul>\n<li>Viagem de observa\u00e7\u00e3o de baleias<\/li>\n<li>Taxas de entrada no Observat\u00f3rio<\/li>\n<li>Inclui almo\u00e7o buffet na praia<\/li>\n<li>Transfer\u00eancia de barco<\/li>\n<li>Transfer dos hot\u00e9is de Punta Cana<\/li>\n<li>O capit\u00e3o fornece instru\u00e7\u00e3o e supervis\u00e3o<\/li>\n<li>Guia tur\u00edstico<\/li>\n<\/ul>\n<p>&nbsp;<\/p>\n<h4><b>Inclus\u00f5es e Exclus\u00f5es<\/b><\/h4>\n<p>&nbsp;<\/p>\n<p><b>Inclus\u00f5es<\/b><\/p>\n<p>&nbsp;<\/p>\n<ol>\n<li>Almo\u00e7o buffet na praia<\/li>\n<li>Guia tur\u00edstico<\/li>\n<li>Passeio de catamar\u00e3 ou de barco<\/li>\n<li>Todos os impostos, taxas e encargos de manuseio<\/li>\n<li>Impostos locais<\/li>\n<li>Bebidas<\/li>\n<\/ol>\n<p><b>Exclus\u00f5es<\/b><\/p>\n<ol>\n<li>Gorjetas<\/li>\n<\/ol>\n<p>&nbsp;<\/p>\n<h4><em><strong>Partida e Retorno<\/strong><\/em><\/h4>\n<p>O servi\u00e7o de recolha no hotel \u00e9 oferecido para esta excurs\u00e3o. Em Notas, basta escrever o nome do hotel para a recolha. N\u00f3s buscamos em todos os hot\u00e9is de Punta Cana.<\/p>\n<p>&nbsp;<\/p>\n<h3>Observa\u00e7\u00e3o de baleias 2022 em Punta Cana\/Cap Cana at\u00e9 Samana Bay + Cayo Levantado (Ilha Bacardi) a partir de hot\u00e9is.<\/h3>\n<h4><b><i>O que esperar?<\/i><\/b><\/h4>\n<p>Aproxime-se dos gentis gigantes do mar da Rep\u00fablica Dominicana durante esta excurs\u00e3o de 12 horas para observa\u00e7\u00e3o de baleias jubarte na Ba\u00eda de S\u00e1mana. Passe um dia inesquec\u00edvel a observar os milhares de baleias que todos os anos afluem \u00e0 ilha para acasalar, alimentar-se e brincar nas suas \u00e1guas quentes e tropicais. Enquanto observa estas belas criaturas, o seu guia especializado em observa\u00e7\u00e3o de baleias dar-lhe-\u00e1 informa\u00e7\u00f5es \u00fanicas. Termine o dia com um almo\u00e7o inclu\u00eddo e tempo de praia na bela ilha de Cayo Levantado. O transporte de ida e volta do hotel tamb\u00e9m est\u00e1 inclu\u00eddo.<\/p>\n<p>A partir das 9:00 at\u00e9 \u00e0s 12:00, observat\u00f3rio de baleias e depois desta viagem de baleias, visitaremos a Ilha Bacardi \/ Cayo Levantado. Na Ilha Bacardi, ser\u00e1 servido um almo\u00e7o buffet ao estilo t\u00edpico dominicano (arroz, feij\u00e3o, peixe, saladas...). Quando o almo\u00e7o terminar, \u00e9 permitido nadar at\u00e9 \u00e0s 16:30h. A excurs\u00e3o terminar\u00e1 \u00e0s 17:00 horas no mesmo porto de onde partir\u00e1 a bordo do nosso catamar\u00e3 e o autocarro de regresso aos hot\u00e9is de Punta Cana.<\/p>\n<p>Este passeio pode ou n\u00e3o incluir a paragem em\u00a0<strong>Cascata do Lim\u00e3o<\/strong>. Para reservar a mesma viagem com as cascatas, por favor <a href=\"https:\/\/www.ticketswhales.com\/Tours-Excursions\/fees-entrace\/samana-whale-watching-cayo-levantado-bacardi-island-limon-waterfalls-from-punta-cana-hotels\/\" target=\"_blank\" rel=\"noopener\">CLIQUE AQUI.<\/a><\/p>\n<p><strong>Calend\u00e1rio:<\/strong><\/p>\n<p>6:00 - 7:00 Recolha dos clientes nos diferentes hot\u00e9is<br \/>\n07:00 Partida para Las Canitas em Sabana de la mar<br \/>\n08:15 Chegada ao cais privado<br \/>\n08:15 - 8:40 Pequeno-almo\u00e7o (sandu\u00edches, muffins, ch\u00e1, caf\u00e9, sumos)<br \/>\n8:45 Embarque para iniciar a nossa viagem para o santu\u00e1rio das baleias jubarte em Samana<br \/>\n11:00 Procurar as baleias durante um per\u00edodo de 45 minutos - Este \u00e9 o tempo seguido pelas regras governamentais.<br \/>\n11:45 Dirija-se a Cayo Levantado na Ba\u00eda de Samana<br \/>\n12:30 Chegada a Cayo Levantado<br \/>\n13:00 Hora do almo\u00e7o (almo\u00e7o buffet, t\u00edpico dominicano)*.<br \/>\n13:45 - 15:30 Tempo livre em Cayo Levantado<br \/>\n15:00 - 15:45 A bordo novamente em dire\u00e7\u00e3o a Miches<br \/>\n17:00 Chegada a Miches e partida para os hot\u00e9is em Punta Cana<br \/>\n19:30 - 20:00 Chegada aos hot\u00e9is em Punta Cana<\/p>\n<p><strong>*Menu de almo\u00e7o (t\u00edpico dominicano)<br \/>\n<\/strong>Arroz, frango grelhado ou peixe grelhado, salada, legumes, fruta fresca.<\/p>\n<p><strong>*Os clientes que optarem por adicionar a paragem na cascata El Limon ap\u00f3s a observa\u00e7\u00e3o de baleias ir\u00e3o deslocar-se para a cascata e ter\u00e3o menos tempo para passar em Cayo Levantado.<\/strong><\/p>\n<p>Este passeio pode ou n\u00e3o incluir a paragem em\u00a0<strong>Cascata do Lim\u00e3o<\/strong>. Para reservar a mesma viagem com as cascatas, por favor <a href=\"https:\/\/www.ticketswhales.com\/Tours-Excursions\/fees-entrace\/samana-whale-watching-cayo-levantado-bacardi-island-limon-waterfalls-from-punta-cana-hotels\/\" target=\"_blank\" rel=\"noopener\">CLIQUE AQUI.<\/a><\/p>\n<p>&nbsp;<\/p>\n<h4><em><strong>O que voc\u00ea deve trazer?<\/strong><\/em><\/h4>\n<ul>\n<li>C\u00e2mera<\/li>\n<li>Bot\u00f5es repelentes<\/li>\n<li>protetor solar<\/li>\n<li>Chap\u00e9u<\/li>\n<li>Cal\u00e7as confort\u00e1veis<\/li>\n<li>Sand\u00e1lias para a praia<\/li>\n<li>Roupa de nata\u00e7\u00e3o<\/li>\n<li>Dinheiro para lembran\u00e7as<\/li>\n<\/ul>\n<p>&nbsp;<\/p>\n<h4><b><i>Recolha no hotel<\/i><\/b><\/h4>\n<p>O servi\u00e7o de recolha no hotel \u00e9 oferecido para esta excurs\u00e3o. Em Notas, basta escrever o nome do hotel para a recolha. N\u00f3s buscamos em todos os hot\u00e9is de Punta Cana.<\/p>\n<p>&nbsp;<\/p>\n<p><b>N\u00e3o te:<\/b> Se a reserva for efectuada no prazo de 24 horas antes da hora de partida da excurs\u00e3o, podemos organizar o servi\u00e7o de recolha no hotel. Assim que a sua compra estiver conclu\u00edda, enviar-lhe-emos informa\u00e7\u00f5es de contacto completas (n\u00famero de telefone, endere\u00e7o de e-mail, etc.) para que o nosso guia tur\u00edstico local possa organizar o transporte.<\/p>\n<h4><b><i>Confirma\u00e7\u00e3o de informa\u00e7\u00f5es adicionais<\/i><\/b><\/h4>\n<ol>\n<li>Os ingressos s\u00e3o o recibo ap\u00f3s o pagamento deste passeio. Voc\u00ea pode mostrar o pagamento no seu telefone.<\/li>\n<li>O ponto de encontro ser\u00e1 recebido ap\u00f3s o processo de reserva.<\/li>\n<li>As crian\u00e7as devem estar acompanhadas por um adulto.<\/li>\n<li>Acess\u00edvel a cadeiras de rodas<\/li>\n<li>Os beb\u00eas devem sentar-se no colo<\/li>\n<li>A maioria dos viajantes pode participar<\/li>\n<\/ol>\n<h4><b><i>Pol\u00edtica de cancelamento<\/i><\/b><\/h4>\n<p>Para obter um reembolso total, cancele com pelo menos 24 horas de anteced\u00eancia da data de in\u00edcio da experi\u00eancia.<\/p>\n<\/div>\n<\/div>\n<\/div>\n<\/div>\n<\/div>\n<\/div>\n<\/div>\n<\/div>\n<\/div>\n<\/div>\n<\/div>\n<\/div>\n<div class=\"vc_row wpb_row vc_row-fluid\">\n<div class=\"wpb_column vc_column_container vc_col-sm-12\">\n<div class=\"vc_column-inner\">\n<div class=\"wpb_wrapper\">\n<div class=\"vc_empty_space\"><\/div>\n<div class=\"wpb_text_column wpb_content_element\">\n<div class=\"wpb_wrapper\">\n<h4>Contate-nos?<\/h4>\n<h5><b><i>EXCURS\u00c3O \u00c0S BALEIAS DE SAMANA<\/i><\/b><\/h5>\n<p><em><strong>Moradores<\/strong>\u00a0e\u00a0<strong>Nacionais<\/strong>\u00a0Guias tur\u00edsticos e servi\u00e7os aos h\u00f3spedes<\/em><\/p>\n<p><span class=\"text-turquoise\">Reservas:<\/span>\u00a0Passeios e excurs\u00f5es em Dom. Rep.<\/p>\n<p><img decoding=\"async\" class=\"emoji\" draggable=\"false\" src=\"https:\/\/s.w.org\/images\/core\/emoji\/11.2.0\/svg\/1f4de.svg\" alt=\"\ud83d\udcde\" title=\"\">\u00a0Tel\/WhatsApp\u00a0\u00a0<a href=\"tel:+1-809-720-6035\">+1-809-720-6035<\/a>.<\/p>\n<p><img decoding=\"async\" class=\"emoji\" draggable=\"false\" src=\"https:\/\/s.w.org\/images\/core\/emoji\/11.2.0\/svg\/1f4e9.svg\" alt=\"\ud83d\udce9\" title=\"\">\u00a0<a href=\"mailto:info@bookingadventures.com.do\">info@bookingadventures.com.do<\/a><\/p>\n<p><strong>Somos Tours Privados com Configura\u00e7\u00e3o Flex\u00edvel pelo Whatsapp:\u00a0<a href=\"tel:+18097206035\">+18097206035.<\/a><\/strong><\/p>\n<\/div>\n<\/div>\n<\/div>\n<\/div>\n<\/div>\n<\/div>\n\n\t\t<\/div>\n\t<\/div>\n<\/div><\/div><\/div><\/div>","protected":false},"excerpt":{"rendered":"<p>A partir dos hot\u00e9is de Punta Cana, apreciaremos as belas paisagens da Cordilheira Oriental enquanto conduzimos para norte de Punta Cana antes de chegarmos \u00e0 pequena aldeia piscat\u00f3ria de Miches, na costa sul da Ba\u00eda de Samana. A\u00ed tomaremos um pequeno-almo\u00e7o r\u00e1pido antes de embarcarmos no barco para Samana. Faremos um cruzeiro at\u00e9 \u00e0s profundezas da ba\u00eda para observar as baleias. Em primeiro lugar, chegaremos a Cayo Levantado, tamb\u00e9m conhecida como Ilha Bacardi, devido \u00e0 sua semelhan\u00e7a com as praias que a Bacardi Rum utilizou para os seus famosos an\u00fancios publicit\u00e1rios. Cayo Levantado \u00e9 nada menos que um o\u00e1sis tropical - uma pequena ilha no meio do oceano com \u00e1guas azul-turquesa e areias brancas.<\/p>\n<p>Este passeio pode ou n\u00e3o incluir a paragem em\u00a0<strong>Cascata do Lim\u00e3o<\/strong>. Para reservar a mesma viagem com as cascatas, por favor <a href=\"https:\/\/www.ticketswhales.com\/Tours-Excursions\/fees-entrace\/samana-whale-watching-cayo-levantado-bacardi-island-limon-waterfalls-from-punta-cana-hotels\/\">CLIQUE AQUI.<\/a><\/p>\n<p>&nbsp;<\/p>\n<p>&nbsp;<\/p>\n<p><em><strong>Seleccione a data da excurs\u00e3o:<\/strong><\/em><\/p>","protected":false},"featured_media":497,"template":"","meta":[],"product_brand":[],"product_cat":[259,124,232],"product_tag":[390,137,162,364,260,345,201,141,391,228,147,392,357,271,393,234,280,394,236,395],"class_list":{"0":"post-11349","1":"product","2":"type-product","3":"status-publish","4":"has-post-thumbnail","6":"product_cat-tours-excursions-punta-cana-dominican-republic","7":"product_cat-tours-excursions-samana-bay-dominican-republic","8":"product_cat-whale-watching-samana","9":"product_tag-390","10":"product_tag-bacardi-island","11":"product_tag-cayo-levantado-day-pass","12":"product_tag-cheap-punta-cana-excursions","13":"product_tag-day-trip-punta-cana","14":"product_tag-half-day-whale-watching-miches","15":"product_tag-private-tours-samana","16":"product_tag-punta-cana","17":"product_tag-punta-cana-activities","18":"product_tag-punta-cana-tours","19":"product_tag-samana-bay","20":"product_tag-samana-day-trip","21":"product_tag-samana-day-trip-from-punta-cana","22":"product_tag-samana-whale-watching","23":"product_tag-whale-punta-cana","24":"product_tag-whale-samana","25":"product_tag-whale-watching-2020","26":"product_tag-whale-watching-2020-in-punta-cana-to-samana-bay-cayo-levantado-bacardi-island-from-hotels","27":"product_tag-whale-watching-dominican-republic","28":"product_tag-whale-watching-punta-cana","30":"first","31":"instock","32":"sale","33":"sold-individually","34":"shipping-taxable","35":"product-type-external"},"_links":{"self":[{"href":"https:\/\/haitises.com\/pt\/wp-json\/wp\/v2\/product\/11349","targetHints":{"allow":["GET"]}}],"collection":[{"href":"https:\/\/haitises.com\/pt\/wp-json\/wp\/v2\/product"}],"about":[{"href":"https:\/\/haitises.com\/pt\/wp-json\/wp\/v2\/types\/product"}],"wp:featuredmedia":[{"embeddable":true,"href":"https:\/\/haitises.com\/pt\/wp-json\/wp\/v2\/media\/497"}],"wp:attachment":[{"href":"https:\/\/haitises.com\/pt\/wp-json\/wp\/v2\/media?parent=11349"}],"wp:term":[{"taxonomy":"product_brand","embeddable":true,"href":"https:\/\/haitises.com\/pt\/wp-json\/wp\/v2\/product_brand?post=11349"},{"taxonomy":"product_cat","embeddable":true,"href":"https:\/\/haitises.com\/pt\/wp-json\/wp\/v2\/product_cat?post=11349"},{"taxonomy":"product_tag","embeddable":true,"href":"https:\/\/haitises.com\/pt\/wp-json\/wp\/v2\/product_tag?post=11349"}],"curies":[{"name":"wp","href":"https:\/\/api.w.org\/{rel}","templated":true}]}}