{"id":11346,"date":"2021-08-15T20:08:48","date_gmt":"2021-08-15T20:08:48","guid":{"rendered":"http:\/\/haitises.com\/?post_type=product&#038;p=11346"},"modified":"2024-04-05T16:36:58","modified_gmt":"2024-04-05T16:36:58","slug":"four-adventures-parasailing-snorkeling-cruise-sharks-rays-in-natural-pools-from-punta-cana-2","status":"publish","type":"product","link":"https:\/\/haitises.com\/pt\/privado\/four-adventures-parasailing-snorkeling-cruise-sharks-rays-in-natural-pools-from-punta-cana-2\/","title":{"rendered":"Quatro aventuras: parapente, cruzeiro com mergulho com snorkel, tubar\u00f5es e arraias em piscinas naturais de Punta Cana"},"content":{"rendered":"<div class=\"vc_row wpb_row vc_row-fluid\" ><div class=\"wpb_column vc_column_container vc_col-sm-12\"><div class=\"vc_column-inner\"><div class=\"wpb_wrapper\">[mkdf_section_title title_tag=\u00bb\u00bb disable_break_words=\u00bbno\u00bb subtitle_tag=\u00bb\u00bb text_font_weight=\u00bb\u00bb title=\u00bbFour Adventures: Parasailing, Snorkeling Cruise, Sharks &amp; Rays in Natural Pools from Punta Cana\u00bb subtitle=\u00bbFrom Punta Cana Hotels\u00bb text=\u00bbNote: This tour starts at different times between 7: 00 AM until 4: 00 Pm. Also, you are allowed to see Dolphin but not Swimming with Dolphins. Depending on where is the Pickup Hotels Time may Change. Extras cost for Pick up in Areas not listed in Our Description.\u00bb]<\/div><\/div><\/div><\/div><div class=\"vc_row wpb_row vc_row-fluid\" ><div class=\"wpb_column vc_column_container vc_col-sm-12\"><div class=\"vc_column-inner\"><div class=\"wpb_wrapper\"><div class=\"vc_empty_space\"   style=\"height: 32px\"><span class=\"vc_empty_space_inner\"><\/span><\/div><\/div><\/div><\/div><\/div><div class=\"vc_row wpb_row vc_row-fluid\" ><div class=\"wpb_column vc_column_container vc_col-sm-12\"><div class=\"vc_column-inner\"><div class=\"wpb_wrapper\">\n\t<div class=\"wpb_text_column wpb_content_element\" >\n\t\t<div class=\"wpb_wrapper\">\n\t\t\t<h4><b><i>Vis\u00e3o geral <\/i><\/b><\/h4>\n<div>\n<p>Experience the thrill of four adventures in one with this epic tour from Punta Cana. Relax aboard a double-decker catamaran, discover wonders of the sea, and enjoy close encounters with marine life. You&#8217;ll snorkel in a spectacular barrier reef surrounded by tropical fish and experience the fun of an interactive marine show complete with sharks and stingrays. This popular tour option includes unlimited drinks on the best party boat around and is perfect for fun with family and friends. After you get a taste of life underwater, explore it from above with a thrilling parasail 500 feet above the surface of the water!<\/p>\n<\/div>\n<ul class=\"vcs-highlights\">\n<li>Escolha de v\u00e1rias partidas ao longo do dia<\/li>\n<li>For sea lovers<\/li>\n<li>Desfrute de fant\u00e1sticas vistas a\u00e9reas<\/li>\n<li>Amigo da fam\u00edlia<\/li>\n<li>Recolha num ponto de encontro localizado no centro da cidade<\/li>\n<li>Experi\u00eancia rom\u00e2ntica, perfeita para casais<\/li>\n<\/ul>\n<p>&nbsp;<\/p>\n<h4><b>Inclus\u00f5es e Exclus\u00f5es<\/b><\/h4>\n<p>&nbsp;<\/p>\n<p><b>Inclus\u00f5es<\/b><\/p>\n<p>&nbsp;<\/p>\n<ol>\n<li>Tour de Parasalagem<\/li>\n<li>Snorkeling Cruise, Sharks &amp; Rays in Natural Pools<\/li>\n<li>Recolha de autocarro no seu hotel<\/li>\n<li style=\"font-weight: 400;\"><span style=\"font-weight: 400;\">Todos os impostos, taxas e encargos de manuseio<\/span><\/li>\n<li style=\"font-weight: 400;\"><span style=\"font-weight: 400;\">Impostos locais<\/span><\/li>\n<li style=\"font-weight: 400;\"><span style=\"font-weight: 400;\">Bebidas<\/span><\/li>\n<\/ol>\n<p><b> Exclus\u00f5es<\/b><\/p>\n<ol>\n<li style=\"font-weight: 400;\"><span style=\"font-weight: 400;\">Gorjetas<\/span><\/li>\n<li>Almo\u00e7o<\/li>\n<\/ol>\n<p>&nbsp;<\/p>\n<h4><em><strong>Partida e Retorno<\/strong><\/em><\/h4>\n<p><span style=\"font-weight: 400;\">O viajante receber\u00e1 um ponto de encontro ap\u00f3s o Processo de Reserva. Os passeios come\u00e7am e terminam em nossos pontos de encontro.<\/span><\/p>\n<p>&nbsp;<\/p>\n<h4><b><i>O que esperar?<\/i><\/b><\/h4>\n<p>Travel in air-conditioned comfort from your Punta Cana hotel to a beautiful double-decker catamaran and journey into the stunning beauty of Punta Cana with an expert crew. Tour the Bavaro Beach and snorkel through coral reefs and tropical fish under the supervision of professional divers.\u00a0 Next, make your way to a marine park where you&#8217;ll have a close encounter with stingrays and docile sharks. Swim and snorkel surrounded by these giant creatures and gain deeper insight from your team of guides.<\/p>\n<p>Then you&#8217;ll\u00a0enjoy time at a refreshing natural pool where you&#8217;ll swim and relax with a cold beer in hand. Tuck into treats from a floating bar and listen in as a local DJ pumps beats in this incredible island setting.<\/p>\n<p>Experience the excitement of the crystal clear waters in the ocean with games, drinks and entertainment.\u00a0 Your tour concludes with an epic parasailing adventure from the Cortesito Beach. After a safety overview you&#8217;ll fly sky high above the stunning blue waters and take in incredible tropical views while you soar through paradise. You&#8217;ll be safely returned to shore before heading back to your hotel with your transport.<\/p>\n<p><strong>Calend\u00e1rio:<\/strong><\/p>\n<p>7:00 AM &#8211; 4:00 PM&#8230; Time change depending on were in Punta Cana you are located. Contact us to set the time.<\/p>\n<p>&nbsp;<\/p>\n<h4><em><strong>O que voc\u00ea deve trazer?<\/strong><\/em><\/h4>\n<ul>\n<li style=\"font-weight: 400;\"><span style=\"font-weight: 400;\">C\u00e2mera<\/span><\/li>\n<li style=\"font-weight: 400;\"><span style=\"font-weight: 400;\">Bot\u00f5es repelentes<\/span><\/li>\n<li style=\"font-weight: 400;\"><span style=\"font-weight: 400;\">protetor solar<\/span><\/li>\n<li style=\"font-weight: 400;\"><span style=\"font-weight: 400;\">Chap\u00e9u<\/span><\/li>\n<li style=\"font-weight: 400;\"><span style=\"font-weight: 400;\">Cal\u00e7as confort\u00e1veis<\/span><\/li>\n<li style=\"font-weight: 400;\"><span style=\"font-weight: 400;\">Sapatos de caminhada para floresta<\/span><\/li>\n<li style=\"font-weight: 400;\"><span style=\"font-weight: 400;\">Sand\u00e1lias para a praia<\/span><\/li>\n<li style=\"font-weight: 400;\"><span style=\"font-weight: 400;\">Roupa de nata\u00e7\u00e3o<\/span><\/li>\n<li>Dinheiro para lembran\u00e7as<\/li>\n<\/ul>\n<p>&nbsp;<\/p>\n<h4><b><i>Recolha no hotel <\/i><\/b><\/h4>\n<p><span style=\"font-weight: 400;\">\u00c9 poss\u00edvel fazer a recolha de viajantes!<\/span><\/p>\n<p><span style=\"font-weight: 400;\">N\u00f3s fazemos pick up de todos os hot\u00e9is em Punta Cana. O local de recolha \u00e9 o lobby do hotel<br \/>\nSe estiver alojado num condom\u00ednio na zona, iremos busc\u00e1-lo ao condom\u00ednio ou \u00e0 entrada do resort mais pr\u00f3ximo... Marcamos o Pick up contactando-nos por Whatsapp.<\/span><\/p>\n<p><b>N\u00e3o te:<\/b><span style=\"font-weight: 400;\"> Se a reserva for efectuada no prazo de 24 horas antes da hora de partida da excurs\u00e3o, podemos organizar o servi\u00e7o de recolha no hotel. Assim que a sua compra estiver conclu\u00edda, enviar-lhe-emos informa\u00e7\u00f5es de contacto completas (n\u00famero de telefone, endere\u00e7o de e-mail, etc.) para que o nosso guia tur\u00edstico local possa organizar o transporte.<\/span><\/p>\n<h4><b><i>Confirma\u00e7\u00e3o de informa\u00e7\u00f5es adicionais <\/i><\/b><\/h4>\n<ol>\n<li>Os ingressos s\u00e3o o recibo ap\u00f3s o pagamento deste passeio. Voc\u00ea pode mostrar o pagamento no seu telefone.<\/li>\n<li style=\"font-weight: 400;\"><span style=\"font-weight: 400;\">O ponto de encontro ser\u00e1 recebido ap\u00f3s o processo de reserva.<\/span><\/li>\n<li style=\"font-weight: 400;\"><span style=\"font-weight: 400;\">As crian\u00e7as devem estar acompanhadas por um adulto.<\/span><\/li>\n<li style=\"font-weight: 400;\"><span style=\"font-weight: 400;\">Acess\u00edvel a cadeiras de rodas <\/span><\/li>\n<li style=\"font-weight: 400;\"><span style=\"font-weight: 400;\">Os beb\u00eas devem sentar-se no colo <\/span><\/li>\n<li style=\"font-weight: 400;\"><span style=\"font-weight: 400;\">A maioria dos viajantes pode participar<\/span><\/li>\n<\/ol>\n<h4><b><i>Pol\u00edtica de cancelamento<\/i><\/b><\/h4>\n<p><span style=\"font-weight: 400;\">Para obter um reembolso total, cancele com pelo menos 24 horas de anteced\u00eancia da data de in\u00edcio da experi\u00eancia.<\/span><\/p>\n\n\t\t<\/div>\n\t<\/div>\n<\/div><\/div><\/div><\/div><div class=\"vc_row wpb_row vc_row-fluid\" ><div class=\"wpb_column vc_column_container vc_col-sm-12\"><div class=\"vc_column-inner\"><div class=\"wpb_wrapper\">\n\t<div class=\"wpb_text_column wpb_content_element\" >\n\t\t<div class=\"wpb_wrapper\">\n\t\t\t<h4>Contate-nos?<\/h4>\n<h5><em><strong>Reservando Aventuras<\/strong><\/em><\/h5>\n<p><em><strong>Moradores<\/strong> e <strong>Nacionais<\/strong> Guias tur\u00edsticos e servi\u00e7os aos h\u00f3spedes<\/em><\/p>\n<p><span class=\"text-turquoise\">Reservas:<\/span> Passeios e excurs\u00f5es em Dom. Rep.<\/p>\n\n\t\t<\/div>\n\t<\/div>\n<\/div><\/div><\/div><\/div><div class=\"vc_row wpb_row vc_row-fluid\" ><div class=\"wpb_column vc_column_container vc_col-sm-12\"><div class=\"vc_column-inner\"><div class=\"wpb_wrapper\"><div class=\"vc_empty_space\"   style=\"height: 32px\"><span class=\"vc_empty_space_inner\"><\/span><\/div>\n\t<div class=\"wpb_text_column wpb_content_element\" >\n\t\t<div class=\"wpb_wrapper\">\n\t\t\t<h4>Contate-nos?<\/h4>\n<h5>Reservando Aventuras<\/h5>\n<p><em><strong>Moradores<\/strong>\u00a0e\u00a0<strong>Nacionais<\/strong>\u00a0Guias tur\u00edsticos e servi\u00e7os aos h\u00f3spedes<\/em><\/p>\n<p><span class=\"text-turquoise\">Reservas:<\/span>\u00a0Passeios e excurs\u00f5es em Dom. Rep.<\/p>\n<p><img decoding=\"async\" class=\"emoji\" draggable=\"false\" src=\"https:\/\/s.w.org\/images\/core\/emoji\/11.2.0\/svg\/1f4de.svg\" alt=\"\ud83d\udcde\" title=\"\">\u00a0Tel\/WhatsApp\u00a0\u00a0<a href=\"tel:+1-809-720-6035\">+1-809-720-6035<\/a>.<\/p>\n<p><img decoding=\"async\" class=\"emoji\" draggable=\"false\" src=\"https:\/\/s.w.org\/images\/core\/emoji\/11.2.0\/svg\/1f4e9.svg\" alt=\"\ud83d\udce9\" title=\"\">\u00a0<a href=\"mailto:info@bookingadventures.com.do\">info@bookingadventures.com.do<\/a><\/p>\n<p><strong>Somos Tours Privados com Configura\u00e7\u00e3o Flex\u00edvel pelo Whatsapp:\u00a0<a href=\"tel:+18097206035\">+18097206035.<\/a><\/strong><\/p>\n\n\t\t<\/div>\n\t<\/div>\n<div class=\"vc_empty_space\"   style=\"height: 32px\"><span class=\"vc_empty_space_inner\"><\/span><\/div><\/div><\/div><\/div><\/div>","protected":false},"excerpt":{"rendered":"<p>Parasailing em Punta Cana \u00e9 uma aventura incr\u00edvel e uma das melhores coisas para se fazer em Punta Cana. A linha costeira a 200 p\u00e9s no ar, enquanto navega, \u00e9 absolutamente deslumbrante.<\/p>\n<p>Parasailing \u00e9 uma experi\u00eancia simples e divertida para todos os membros da fam\u00edlia. Como a principal empresa de parasailing e aventura na Rep\u00fablica Dominicana, a nossa equipa de Parasailing est\u00e1 entre as mais experientes em Punta Cana, com mais de 16 anos de experi\u00eancia em voos. Poder\u00e1 desfrutar de cerca de 15 minutos de voo enquanto aprecia a bela vista panor\u00e2mica.<\/p>\n<p>&nbsp;<\/p>\n<p><em><strong>Por favor, selecione a data para o passeio\u00a0<\/strong><\/em><\/p>","protected":false},"featured_media":457,"template":"","meta":[],"product_brand":[],"product_cat":[359,363,305,122,259],"product_tag":[167,364,365,366,367,360,361,141,362,368,228,369,171,370,371,372],"class_list":{"0":"post-11346","1":"product","2":"type-product","3":"status-publish","4":"has-post-thumbnail","6":"product_cat-parasaling","7":"product_cat-sharks-rays-in-natural-pools","8":"product_cat-tours-and-excursion-punta-cana","9":"product_cat-tours-and-excursions","10":"product_cat-tours-excursions-punta-cana-dominican-republic","11":"product_tag-catamaran","12":"product_tag-cheap-punta-cana-excursions","13":"product_tag-four-adventures-parasailing","14":"product_tag-natural-pool-punta-cana","15":"product_tag-natural-swimming-pool-punta-cana","16":"product_tag-parasail-punta-cana","17":"product_tag-parasailing-in-punta-cana","18":"product_tag-punta-cana","19":"product_tag-punta-cana-catamaran-party-with-snorkeling-and-parasailing","20":"product_tag-punta-cana-sharks","21":"product_tag-punta-cana-tours","22":"product_tag-rays-from-punta-cana","23":"product_tag-saona-island","24":"product_tag-sharks-rays-in-natural-pools-from-punta-cana","25":"product_tag-snorkeling-cruise","26":"product_tag-swimming-with-sharks-punta-cana","28":"first","29":"instock","30":"sale","31":"featured","32":"sold-individually","33":"shipping-taxable","34":"product-type-external"},"_links":{"self":[{"href":"https:\/\/haitises.com\/pt\/wp-json\/wp\/v2\/product\/11346","targetHints":{"allow":["GET"]}}],"collection":[{"href":"https:\/\/haitises.com\/pt\/wp-json\/wp\/v2\/product"}],"about":[{"href":"https:\/\/haitises.com\/pt\/wp-json\/wp\/v2\/types\/product"}],"wp:featuredmedia":[{"embeddable":true,"href":"https:\/\/haitises.com\/pt\/wp-json\/wp\/v2\/media\/457"}],"wp:attachment":[{"href":"https:\/\/haitises.com\/pt\/wp-json\/wp\/v2\/media?parent=11346"}],"wp:term":[{"taxonomy":"product_brand","embeddable":true,"href":"https:\/\/haitises.com\/pt\/wp-json\/wp\/v2\/product_brand?post=11346"},{"taxonomy":"product_cat","embeddable":true,"href":"https:\/\/haitises.com\/pt\/wp-json\/wp\/v2\/product_cat?post=11346"},{"taxonomy":"product_tag","embeddable":true,"href":"https:\/\/haitises.com\/pt\/wp-json\/wp\/v2\/product_tag?post=11346"}],"curies":[{"name":"wp","href":"https:\/\/api.w.org\/{rel}","templated":true}]}}