{"id":597,"date":"2020-07-03T18:18:34","date_gmt":"2020-07-03T18:18:34","guid":{"rendered":"http:\/\/haitises.com\/?post_type=product&#038;p=597"},"modified":"2024-04-16T18:07:59","modified_gmt":"2024-04-16T18:07:59","slug":"excursion-de-medio-dia-de-observacion-de-ballenas","status":"publish","type":"product","link":"https:\/\/haitises.com\/pl\/prywatny\/excursion-de-medio-dia-de-observacion-de-ballenas\/","title":{"rendered":"Excursi\u00f3n de medio d\u00eda de Observaci\u00f3n de Ballenas"},"content":{"rendered":"<div class=\"vc_row wpb_row vc_row-fluid\" ><div class=\"wpb_column vc_column_container vc_col-sm-12\"><div class=\"vc_column-inner\"><div class=\"wpb_wrapper\">[mkdf_section_title subtitle_tag=\u00bb\u00bb subtitle=\u00bbMa\u00f1ana o tarde\u00bb]<\/div><\/div><\/div><\/div><div class=\"vc_row wpb_row vc_row-fluid\" ><div class=\"wpb_column vc_column_container vc_col-sm-12\"><div class=\"vc_column-inner\"><div class=\"wpb_wrapper\">\n\t<div class=\"wpb_text_column wpb_content_element\" >\n\t\t<div class=\"wpb_wrapper\">\n\t\t\t<h2>Excursi\u00f3n de Avistamiento de ballenas de medio d\u00eda Saman\u00e1 en catamar\u00e1n<\/h2>\n<h3>Opis<\/h3>\n<p>Despu\u00e9s de abordar la embarcaci\u00f3n para visitar a las ballenas en su propio h\u00e1bitat. Nuestros capitanes est\u00e1n entrenados para asegurarse de que vean ballenas.<\/p>\n<p>De 9:00 a.m. a 12: 00 a mediod\u00eda o privado m\u00ednimo 4 personas de 1:00 p.m. a 3:30 p.m. Observatorio o avistamiento de ballenas y despu\u00e9s de este viaje de observaci\u00f3n de ballenas, volvemos al puerto principal de Saman\u00e1.<\/p>\n<p><strong>Notatka<\/strong>: Este tour no es privado. Si desea establecer un recorrido privado, cont\u00e1ctenos.<\/p>\n<ul>\n<li>Avistamiento de ballenas<\/li>\n<li>Transferencia de catamar\u00e1n en barco<\/li>\n<li>El Capit\u00e1n proporciona instrucci\u00f3n y supervisi\u00f3n.<\/li>\n<li>Gu\u00eda tur\u00edstico<\/li>\n<\/ul>\n<h3><em>W\u0142\u0105czenia i wy\u0142\u0105czenia<\/em><\/h3>\n<h4>Inkluzje<\/h4>\n<ol>\n<li>Gu\u00eda tur\u00edstico<\/li>\n<li>Catamar\u00e1n o paseo en barco<\/li>\n<li>Wszystkie podatki, op\u0142aty i op\u0142aty manipulacyjne<\/li>\n<li>Lokalne podatki<\/li>\n<li>Napoje<\/li>\n<li>Tabletas de Dramamine (Opcional)<\/li>\n<li>Tasas de entrada al Santuario. (Pulsera)<\/li>\n<\/ol>\n<h4>Wy\u0142\u0105czenia<\/h4>\n<ol>\n<li>Porady<\/li>\n<li>Samoch\u00f3d transferowy<\/li>\n<li>Napoje alkoholowe<\/li>\n<\/ol>\n<h3>Wyjazd i powr\u00f3t<\/h3>\n<p>Podr\u00f3\u017cny otrzyma miejsce spotkania po dokonaniu rezerwacji. Wycieczki rozpoczynaj\u0105 si\u0119 i ko\u0144cz\u0105 w miejscach spotka\u0144.<\/p>\n<p>Avistamiento de ballenas de medio d\u00eda Saman\u00e1 en catamar\u00e1n.<\/p>\n<h3><em>Czego oczekiwa\u0107?<\/em><\/h3>\n<p>Obtenga sus boletos para un viaje de medio d\u00eda de avistamiento de ballenas en la bah\u00eda de Saman\u00e1.<\/p>\n<p>El viaje de avistamiento de ballenas de medio d\u00eda, organizado por \u00abBooking Adventures\u00bb comienza en el punto de encuentro establecido con el gu\u00eda tur\u00edstico. El almuerzo en la playa no est\u00e1 incluido en este tour.<\/p>\n<p><strong>Horario:<\/strong><\/p>\n<p>8:45 AM &#8211; 12: 30 PM<\/p>\n<p>1: 00 Pm &#8211; 3: 30 PM. (Normalmente puede ser un viaje privado m\u00ednimo 4 personas o cont\u00e1ctenos).<\/p>\n<p>El tiempo puede cambiar dependiendo de cu\u00e1ntas ballenas vemos.<\/p>\n<h3><em>Co powiniene\u015b zabra\u0107 ze sob\u0105?<\/em><\/h3>\n<ul>\n<li>Kamera<\/li>\n<li>Repelenty<\/li>\n<li>krem do opalania<\/li>\n<li>Kapelusz<\/li>\n<li>Wygodne spodnie<\/li>\n<li>Kostium k\u0105pielowy<\/li>\n<li>Efectivo para souvenirs<\/li>\n<\/ul>\n<h3><em>Odbi\u00f3r z hotelu<\/em><\/h3>\n<p>W przypadku tej wycieczki nie jest dost\u0119pny odbi\u00f3r z hotelu.<\/p>\n<p><strong>Notatka:<\/strong> Je\u015bli dokonasz rezerwacji w ci\u0105gu 24 godzin od godziny wyjazdu\/wycieczki, mo\u017cemy zorganizowa\u0107 odbi\u00f3r z hotelu za dodatkow\u0105 op\u0142at\u0105. Po sfinalizowaniu zakupu wy\u015blemy Ci pe\u0142ne dane kontaktowe (numer telefonu, adres e-mail itp.) do naszego lokalnego przewodnika w celu ustalenia szczeg\u00f3\u0142\u00f3w odbioru.<\/p>\n<h3><em>Potwierdzenie dodatkowych informacji<\/em><\/h3>\n<ul>\n<li>Bilety stanowi\u0105 Paragon po op\u0142aceniu tej Wycieczki. Mo\u017cesz pokaza\u0107 p\u0142atno\u015b\u0107 na swoim telefonie.<\/li>\n<li>Miejsce spotkania zostanie podane po dokonaniu rezerwacji.<\/li>\n<li>Dzieciom musi towarzyszy\u0107 osoba doros\u0142a.<\/li>\n<li>Accesible a silla de ruedas<\/li>\n<li>Los infantes deben sentarse en un asiento para beb\u00e9s o con un\u00a0 adulto<\/li>\n<li>Wi\u0119kszo\u015b\u0107 podr\u00f3\u017cnych mo\u017ce wzi\u0105\u0107 w nim udzia\u0142.<\/li>\n<\/ul>\n<h3><em>Zasady anulowania<\/em><\/h3>\n<p>Aby uzyska\u0107 pe\u0142ny zwrot pieni\u0119dzy, anuluj co najmniej 24 godziny przed dat\u0105 rozpocz\u0119cia atrakcji.<\/p>\n<h3><em>Cont\u00e1ctenos<\/em><br \/>\nTOUR BALLENAS SAMANA<\/h3>\n<p><em>Lokalni i krajowi przewodnicy wycieczek oraz obs\u0142uga go\u015bci<\/em><\/p>\n<p>Rezerwacje: Wycieczki i wycieczki w Dom. Reps.<\/p>\n<p>Tel\/Whatsapp +1-809-720-6035.<\/p>\n<p>info@bookingadventures.com.do<\/p>\n<p>Organizujemy prywatne wycieczki z elastyczn\u0105 konfiguracj\u0105 przez Whatsapp: +18097206035.<\/p>\n\n\t\t<\/div>\n\t<\/div>\n<\/div><\/div><\/div><\/div>","protected":false},"excerpt":{"rendered":"<p>Avistamiento de ballenas de medio d\u00eda Bah\u00eda de Saman\u00e1, Rep\u00fablica Dominicana. Excursi\u00f3n de observaci\u00f3n de ballenas desde el puerto de Saman\u00e1 en un c\u00f3modo catamar\u00e1n. Reserve para la ma\u00f1ana o para la tarde excursiones para avistar ballenas. Reserve ahora esta excursi\u00f3n en la bah\u00eda de Saman\u00e1 para una buena experiencia de viaje de observaci\u00f3n de ballenas.<\/p>\n<p><em><strong>Por favor, seleccione la fecha de la excursi\u00f3n:<\/strong><\/em><\/p>","protected":false},"featured_media":427,"template":"","meta":[],"product_brand":[],"product_cat":[335,443,124,232],"product_tag":[336,201,271,234,235,236,337,338,238],"class_list":{"0":"post-597","1":"product","2":"type-product","3":"status-publish","4":"has-post-thumbnail","6":"product_cat-half-day-whale-watching-samana-in-catamaran","7":"product_cat-tours-y-excursiones-es","8":"product_cat-tours-excursions-samana-bay-dominican-republic","9":"product_cat-whale-watching-samana","10":"product_tag-half-day-whale-watching-samana-in-catamaran-morning-or-afternoon","11":"product_tag-private-tours-samana","12":"product_tag-samana-whale-watching","13":"product_tag-whale-samana","14":"product_tag-whale-tours","15":"product_tag-whale-watching-dominican-republic","16":"product_tag-whale-watching-las-galeras","17":"product_tag-whale-watching-las-terrenas","18":"product_tag-whale-watching-samana","20":"first","21":"instock","22":"sale","23":"sold-individually","24":"shipping-taxable","25":"product-type-external"},"_links":{"self":[{"href":"https:\/\/haitises.com\/pl\/wp-json\/wp\/v2\/product\/597","targetHints":{"allow":["GET"]}}],"collection":[{"href":"https:\/\/haitises.com\/pl\/wp-json\/wp\/v2\/product"}],"about":[{"href":"https:\/\/haitises.com\/pl\/wp-json\/wp\/v2\/types\/product"}],"wp:featuredmedia":[{"embeddable":true,"href":"https:\/\/haitises.com\/pl\/wp-json\/wp\/v2\/media\/427"}],"wp:attachment":[{"href":"https:\/\/haitises.com\/pl\/wp-json\/wp\/v2\/media?parent=597"}],"wp:term":[{"taxonomy":"product_brand","embeddable":true,"href":"https:\/\/haitises.com\/pl\/wp-json\/wp\/v2\/product_brand?post=597"},{"taxonomy":"product_cat","embeddable":true,"href":"https:\/\/haitises.com\/pl\/wp-json\/wp\/v2\/product_cat?post=597"},{"taxonomy":"product_tag","embeddable":true,"href":"https:\/\/haitises.com\/pl\/wp-json\/wp\/v2\/product_tag?post=597"}],"curies":[{"name":"wp","href":"https:\/\/api.w.org\/{rel}","templated":true}]}}