{"id":564,"date":"2020-06-27T01:33:01","date_gmt":"2020-06-27T01:33:01","guid":{"rendered":"http:\/\/haitises.com\/?post_type=product&#038;p=564"},"modified":"2024-04-17T17:19:20","modified_gmt":"2024-04-17T17:19:20","slug":"los-haitises-wycieczka-kajakiem-2-godziny","status":"publish","type":"product","link":"https:\/\/haitises.com\/pl\/prywatny\/los-haitises-wycieczka-kajakiem-2-godziny\/","title":{"rendered":"Wycieczka kajakiem do Los Haitises 2 godziny"},"content":{"rendered":"<div class=\"vc_row wpb_row vc_row-fluid\" ><div class=\"wpb_column vc_column_container vc_col-sm-12\"><div class=\"vc_column-inner\"><div class=\"wpb_wrapper\">[mkdf_section_title subtitle_tag=\u00bb\u00bb subtitle=\u00bbKayaks y gu\u00eda local\u00bb]<\/div><\/div><\/div><\/div><div class=\"vc_row wpb_row vc_row-fluid\" ><div class=\"wpb_column vc_column_container vc_col-sm-12\"><div class=\"vc_column-inner\"><div class=\"wpb_wrapper\"><div class=\"vc_empty_space\"   style=\"height: 32px\"><span class=\"vc_empty_space_inner\"><\/span><\/div><\/div><\/div><\/div><\/div><div class=\"vc_row wpb_row vc_row-fluid\" ><div class=\"wpb_column vc_column_container vc_col-sm-12\"><div class=\"vc_column-inner\"><div class=\"wpb_wrapper\">\n\t<div class=\"wpb_text_column wpb_content_element\" >\n\t\t<div class=\"wpb_wrapper\">\n\t\t\t<div class=\"vc_row wpb_row vc_row-fluid\">\n<div class=\"wpb_column vc_column_container vc_col-sm-12\">\n<div class=\"vc_column-inner\">\n<div class=\"wpb_wrapper\">\n<div class=\"mkdf-section-title-holder\">\n<div class=\"mkdf-st-inner\">\n<h2>Kajak w Parku Narodowym Los Haitises z przewodnikiem Ca\u00f1o Hondo 2 godziny<\/h2>\n<h3>Opis<\/h3>\n<p>Sp\u0142yw kajakowy po namorzynach w Parku Narodowym Los Haitises z 2-godzinnym lokalnym przewodnikiem. Zwiedzanie namorzyn\u00f3w nad rzek\u0105 Ca\u00f1o Hondo oraz przegl\u0105d zatoki San Lorenzo w Parku Narodowym Los Haitises, obszar Sabana de la Mar Ca\u00f1o Hondo. Je\u015bli lubisz d\u0142u\u017csz\u0105 wycieczk\u0119: kajakiem 4 godziny w Los Haitises.<\/p>\n<ul>\n<li>Przewodnik zapewnia instrukcje i nadz\u00f3r.<\/li>\n<li>Dost\u0119pne kajaki i wios\u0142a Double dla dw\u00f3ch os\u00f3b i Simple dla jednej osoby.<\/li>\n<\/ul>\n<h3>W\u0142\u0105czenia i wy\u0142\u0105czenia<\/h3>\n<h4>Inkluzje<\/h4>\n<ol>\n<li>sp\u0142yw kajakowy<\/li>\n<li>Wszystkie podatki, op\u0142aty i op\u0142aty manipulacyjne<\/li>\n<li>Lokalne podatki<\/li>\n<li>Lokalny przewodnik<\/li>\n<\/ol>\n<h4>Wy\u0142\u0105czenia<\/h4>\n<ol>\n<li>Porady<\/li>\n<li>Transport<\/li>\n<li>Obiad <em>NIE<\/em> to jest wliczone w cen\u0119.<\/li>\n<li>Jaskinie <em>NIE<\/em> s\u0105 uwzgl\u0119dnione<\/li>\n<li>Napoje alkoholowe<\/li>\n<\/ol>\n<h3><em>Wyjazd i powr\u00f3t<\/em><\/h3>\n<p>Podr\u00f3\u017cny otrzyma miejsce spotkania po dokonaniu rezerwacji. Wycieczki rozpoczynaj\u0105 si\u0119 i ko\u0144cz\u0105 w miejscach spotka\u0144.<\/p>\n<h3>Czego oczekiwa\u0107?<\/h3>\n<p>Zdob\u0105d\u017a bilety na 2-godzinny rejs kajakiem do lasu nad rzek\u0105 Ca\u00f1o Hondo (namorzynowe) z lokalnymi przewodnikami.<\/p>\n<p>Gdy ju\u017c zaopatrzymy si\u0119 w niezb\u0119dny dla Waszego bezpiecze\u0144stwa sprz\u0119t (kamizelki ratunkowe itp.) rozpoczniemy akcj\u0119 sp\u0142ywu kajakowego po rzece Ca\u00f1o Hondo.<\/p>\n<p>El recorrido, organizado por \u00abBooking Adventures\u00bb, comienza en el punto de encuentro establecido con el gu\u00eda tur\u00edstico. Tomando kayaks y atravesando manglares, pasando por antiguas cuevas piratas y en bosques protegidos en esta pintoresca reserva a partir del \u00e1rea de los Hoteles Ca\u00f1o Hondo o de Sabana de la Mar.<\/p>\n<p>Przyjd\u017a z Booking Adventures i zacznij ogl\u0105da\u0107 namorzyny pe\u0142ne ptak\u00f3w, pag\u00f3rki poro\u015bni\u0119te bujn\u0105 ro\u015blinno\u015bci\u0105 i jaskinie Parku Narodowego Los Haitises. Wycieczka kajakiem z rzeki Ca\u00f1o Hondo do Sabana de la Mar. Przez lasy namorzynowe i na l\u0105d do otwartej zatoki San Lorenzo, sk\u0105d mo\u017cna fotografowa\u0107 surowy, zalesiony krajobraz. Sp\u00f3jrz w wod\u0119, aby zobaczy\u0107 manaty, skorupiaki i delfiny.<\/p>\n<p>Je\u015bli podoba Ci si\u0119 ta wycieczka, mamy drug\u0105 opcj\u0119: kajakiem w Los Haitises 4 godziny<\/p>\n<p>Wycieczka ko\u0144czy si\u0119 w punkcie pocz\u0105tkowym w Parku Narodowym Los Haitises. Polecamy t\u0119 wycieczk\u0119 o 6:00, je\u015bli chcesz zobaczy\u0107 manaty, skorupiaki i delfiny.<\/p>\n<p>6:00 jest wcze\u015bnie, wi\u0119c w Parku Narodowym Los Haitises nie ma jeszcze \u0142odzi.<\/p>\n<h3><em>Co powiniene\u015b zabra\u0107 ze sob\u0105?<\/em><\/h3>\n<ul>\n<li>Kamera<\/li>\n<li>Repelenty<\/li>\n<li>Krem do opalania<\/li>\n<li>Kapelusz<\/li>\n<li>Wygodne spodnie<\/li>\n<li>Sanda\u0142y<\/li>\n<li>Kostium k\u0105pielowy<\/li>\n<\/ul>\n<h3><em>Odbi\u00f3r z hotelu<\/em><\/h3>\n<p>W przypadku tej wycieczki nie jest dost\u0119pny odbi\u00f3r z hotelu.<\/p>\n<p><strong>Notatka:<\/strong> Je\u015bli dokonasz rezerwacji w ci\u0105gu 24 godzin od godziny wyjazdu\/wycieczki, mo\u017cemy zorganizowa\u0107 odbi\u00f3r z hotelu za dodatkow\u0105 op\u0142at\u0105. Po sfinalizowaniu zakupu wy\u015blemy Ci pe\u0142ne dane kontaktowe (numer telefonu, adres e-mail itp.) do naszego lokalnego przewodnika w celu ustalenia szczeg\u00f3\u0142\u00f3w odbioru.<\/p>\n<h3><em>Potwierdzenie dodatkowych informacji<\/em><\/h3>\n<ul>\n<li>Bilety stanowi\u0105 Paragon po op\u0142aceniu tej Wycieczki. Mo\u017cesz pokaza\u0107 p\u0142atno\u015b\u0107 na swoim telefonie.<\/li>\n<li>Miejsce spotkania zostanie podane po dokonaniu rezerwacji.<\/li>\n<li>Dzieciom musi towarzyszy\u0107 osoba doros\u0142a.<\/li>\n<li>Niedost\u0119pne dla w\u00f3zk\u00f3w inwalidzkich<\/li>\n<li>Niemowl\u0119ta powinny siedzie\u0107 w foteliku dzieci\u0119cym lub z osob\u0105 doros\u0142\u0105<\/li>\n<li>Nie zalecane dla os\u00f3b podr\u00f3\u017cuj\u0105cych z problemami z plecami.<\/li>\n<li>Nie zaleca si\u0119 kobietom w ci\u0105\u017cy.<\/li>\n<li>\u017badnych problem\u00f3w z sercem ani innych powa\u017cnych schorze\u0144.<\/li>\n<li>Wi\u0119kszo\u015b\u0107 podr\u00f3\u017cnych mo\u017ce wzi\u0105\u0107 w nim udzia\u0142<\/li>\n<\/ul>\n<h3><em>Zasady anulowania<\/em><\/h3>\n<p>Aby uzyska\u0107 pe\u0142ny zwrot pieni\u0119dzy, anuluj co najmniej 24 godziny przed dat\u0105 rozpocz\u0119cia atrakcji.<\/p>\n<h3><em>Skontaktuj si\u0119 z nami?<\/em><\/h3>\n<p>Rezerwacje przyg\u00f3d<br \/>\nLokalni i krajowi przewodnicy wycieczek oraz obs\u0142uga go\u015bci<\/p>\n<p>Rezerwacje: Wycieczki i wycieczki w Dom. Reps.<\/p>\n<p>\ud83d\udcde Tel\/Whatsapp +1-809-720-6035.<\/p>\n<p>\ud83d\udce9 info@bookingadventures.com.do<\/p>\n<p>Organizujemy prywatne wycieczki z elastyczno\u015bci\u0105 przez Whatsapp: +18097206035.<\/p>\n<\/div>\n<\/div>\n<\/div>\n<\/div>\n<\/div>\n<\/div>\n<div class=\"vc_row wpb_row vc_row-fluid\">\n<div class=\"wpb_column vc_column_container vc_col-sm-12\">\n<div class=\"vc_column-inner\">\n<div class=\"wpb_wrapper\">\n<div class=\"wpb_text_column wpb_content_element\">\n<div class=\"wpb_wrapper\"><\/div>\n<\/div>\n<\/div>\n<\/div>\n<\/div>\n<\/div>\n\n\t\t<\/div>\n\t<\/div>\n<\/div><\/div><\/div><\/div>","protected":false},"excerpt":{"rendered":"<p>Wycieczka do Parku Narodowego Los Haitises z hoteli Sabana de la Mar lub Ca\u00f1o Hondo. Sp\u0142yw kajakowy po namorzynach w Parku Narodowym Los Haitises z lokalnym przewodnikiem. Zwiedzanie namorzyn\u00f3w nad rzek\u0105 Ca\u00f1o Hondo oraz przegl\u0105d zatoki San Lorenzo w Parku Narodowym Los Haitises, obszar Sabana de la Mar, Ca\u00f1o Hondo. Je\u015bli interesuje Ci\u0119 r\u00f3wnie\u017c zwiedzanie jaski\u0144, zarezerwuj tutaj 4-godzinny sp\u0142yw kajakowy.<\/p>\n<ul>\n<li>Przewodnik zapewnia instrukcje i nadz\u00f3r.<\/li>\n<li>Dost\u0119pne kajaki i wios\u0142a Double dla dw\u00f3ch os\u00f3b i Simple dla jednej osoby.<\/li>\n<\/ul>\n<p>Wybierz t\u0119 wycieczk\u0119 tras\u0105 piesz\u0105 i poznaj histori\u0119 Parku Narodowego Los Haitises z mieszka\u0144cami.<\/p>\n<p><strong>Prosz\u0119 wybra\u0107 dat\u0119 wycieczki:<\/strong><\/p>","protected":false},"featured_media":113,"template":"","meta":[],"product_brand":[],"product_cat":[119,96,144,98,121,99,122,443,123,124],"product_tag":[126,127,149,145,150,151,152,153,132,133,114,148,143],"class_list":{"0":"post-564","1":"product","2":"type-product","3":"status-publish","4":"has-post-thumbnail","6":"product_cat-caves","7":"product_cat-hiking","8":"product_cat-kayaking","9":"product_cat-local-tour-guides","10":"product_cat-mangroves","11":"product_cat-swimming-natural-springs","12":"product_cat-tours-and-excursions","13":"product_cat-tours-y-excursiones-es","14":"product_cat-tours-excursions-los-haitises-national-park","15":"product_cat-tours-excursions-samana-bay-dominican-republic","16":"product_tag-cano-hondo","17":"product_tag-cano-hondo-hotel","18":"product_tag-cano-hondo-river","19":"product_tag-day-tour-cano-hondo","20":"product_tag-kayak-dominican-republic","21":"product_tag-kayak-los-haitises","22":"product_tag-kayak-tour","23":"product_tag-kayaking","24":"product_tag-los-haitises","25":"product_tag-los-haitises-national-park","26":"product_tag-sabana-de-la-mar","27":"product_tag-samana-excursions","28":"product_tag-samana-tours","30":"first","31":"instock","32":"sale","33":"sold-individually","34":"shipping-taxable","35":"product-type-external"},"_links":{"self":[{"href":"https:\/\/haitises.com\/pl\/wp-json\/wp\/v2\/product\/564","targetHints":{"allow":["GET"]}}],"collection":[{"href":"https:\/\/haitises.com\/pl\/wp-json\/wp\/v2\/product"}],"about":[{"href":"https:\/\/haitises.com\/pl\/wp-json\/wp\/v2\/types\/product"}],"wp:featuredmedia":[{"embeddable":true,"href":"https:\/\/haitises.com\/pl\/wp-json\/wp\/v2\/media\/113"}],"wp:attachment":[{"href":"https:\/\/haitises.com\/pl\/wp-json\/wp\/v2\/media?parent=564"}],"wp:term":[{"taxonomy":"product_brand","embeddable":true,"href":"https:\/\/haitises.com\/pl\/wp-json\/wp\/v2\/product_brand?post=564"},{"taxonomy":"product_cat","embeddable":true,"href":"https:\/\/haitises.com\/pl\/wp-json\/wp\/v2\/product_cat?post=564"},{"taxonomy":"product_tag","embeddable":true,"href":"https:\/\/haitises.com\/pl\/wp-json\/wp\/v2\/product_tag?post=564"}],"curies":[{"name":"wp","href":"https:\/\/api.w.org\/{rel}","templated":true}]}}