{"id":543,"date":"2020-06-14T19:18:13","date_gmt":"2020-06-14T19:18:13","guid":{"rendered":"http:\/\/haitises.com\/?post_type=product&#038;p=543"},"modified":"2024-08-22T05:45:22","modified_gmt":"2024-08-22T05:45:22","slug":"park-narodowy-los-haitises-z-portu-samana","status":"publish","type":"product","link":"https:\/\/haitises.com\/pl\/prywatny\/park-narodowy-los-haitises-z-portu-samana\/","title":{"rendered":"Park Narodowy Los Haitises z portu Saman\u00e1"},"content":{"rendered":"<div class=\"vc_row wpb_row vc_row-fluid\" ><div class=\"wpb_column vc_column_container vc_col-sm-12\"><div class=\"vc_column-inner\"><div class=\"wpb_wrapper\">\n\t<div class=\"wpb_text_column wpb_content_element\" >\n\t\t<div class=\"wpb_wrapper\">\n\t\t\t<h2>Park Narodowy Los Haitises (Zatoka Saman\u00e1) z portu Saman\u00e1<\/h2>\n<ul>\n<li>Wycieczka \u0142odzi\u0105 do Parku Narodowego Los Haitises<br \/>\n<h3>Opis<\/h3>\n<p>Odwied\u017a Park Narodowy Los Haitises z portu Saman\u00e1. Chod\u017a z nami i odwied\u017a najpi\u0119kniejszy park narodowy na Dominikanie, odwiedzaj\u0105c lasy namorzynowe, jaskinie i zatok\u0119 San Lorenzo, a tak\u017ce przemierzaj\u0105c pi\u0119kn\u0105 zatok\u0119 Saman\u00e1. Nast\u0119pnie powr\u00f3t do portu Saman\u00e1.<\/li>\n<\/ul>\n<p>Po tym do\u015bwiadczeniu powr\u00f3cisz do portu Saman\u00e1.<\/p>\n<ul>\n<li>Podatki wliczone w cen\u0119<br \/>\nPrzewodnik zapewnia instrukcje i nadz\u00f3r.<\/li>\n<li>W\u0142\u0105czenia i wy\u0142\u0105czenia<\/li>\n<\/ul>\n<h3>Inkluzje<\/h3>\n<ol>\n<li>Wycieczka po Los Haitises + jaskinie i piktogramy<\/li>\n<li>Wszystkie podatki, op\u0142aty i op\u0142aty manipulacyjne.<\/li>\n<li>Lokalne podatki<\/li>\n<li>Napoje<\/li>\n<li>Wszystkie zaj\u0119cia<\/li>\n<li>Lokalny przewodnik<\/li>\n<\/ol>\n<h3>Wy\u0142\u0105czenia<\/h3>\n<ol>\n<li>Porady<\/li>\n<li>Przenosi\u0107<\/li>\n<li>Napoje alkoholowe<\/li>\n<li>Lunch nie jest wliczony w cen\u0119, lunch obejmuje wyb\u00f3r jednej z wycieczek: Los Haitises + Cayo Levantado z portu Saman\u00e1 lub Los Haitises + Cano Hondo z portu Saman\u00e1.<\/li>\n<\/ol>\n<h3>Wyjazd i powr\u00f3t<\/h3>\n<p>Podr\u00f3\u017cny otrzyma miejsce spotkania po dokonaniu rezerwacji. Wycieczki rozpoczynaj\u0105 si\u0119 i ko\u0144cz\u0105 w miejscach spotka\u0144.<\/p>\n<h3>Czego oczekiwa\u0107?<\/h3>\n<p>Zdob\u0105d\u017a bilety, aby odwiedzi\u0107 Park Narodowy Los Haitises, zje\u015b\u0107 wspania\u0142y lunch w Ca\u00f1o Hondo i pop\u0142ywa\u0107 w naturalnych \u017ar\u00f3d\u0142ach.<\/p>\n<p>Wyruszaj\u0105c z portu Saman\u00e1 na pok\u0142adzie \u0142odzi lub katamaranu z lokalnym przewodnikiem, mijamy zatok\u0119 Saman\u00e1 obok Sabana de la Mar, aby odwiedzi\u0107 jeden z najpi\u0119kniejszych park\u00f3w narodowych na Dominikanie. Park Narodowy Haitises.<\/p>\n<p>Zwiedzanie wyspy z ptakami w okolicy. W okresie l\u0119gowym w gniazdach mo\u017cemy nawet zobaczy\u0107 piskl\u0119ta pelikan\u00f3w. Udaj si\u0119 dalej w g\u0142\u0105b skalistej wyspy i odwied\u017a jaskinie z piktogramami i petrografiami rdzennej ludno\u015bci.<\/p>\n<p>El recorrido, organizado por \u00abBooking Adventures\u00bb, comienza en el punto de encuentro establecido con el gu\u00eda tur\u00edstico. Ven con Booking Adventures y comienza a observar algunos manglares llenos de p\u00e1jaros, colinas onduladas de exuberante vegetaci\u00f3n y cuevas del Parque Nacional Los Haitises.<\/p>\n<p>Przez namorzyny i wyl\u0105duj w otwartej zatoce San Lorenzo, sk\u0105d mo\u017cesz sfotografowa\u0107 surowy le\u015bny krajobraz. Sp\u00f3jrz w wod\u0119, aby zobaczy\u0107 manaty, skorupiaki i delfiny.<\/p>\n<p>El nombre del parque nacional proviene de sus habitantes originales, los indios ta\u00ednos. En su idioma, \u00abHaitises\u00bb se traduce en tierras altas o colinas, una referencia a las empinadas formaciones geol\u00f3gicas de la costa con calizas. Avent\u00farate en el parque para explorar cuevas como la Cueva de la Arena y la Cueva de la L\u00ednea. Las cuevas en la reserva fueron utilizadas como refugio por los indios ta\u00ednos y, m\u00e1s tarde, por los piratas escondidos. Busque dibujos de indios que decoran algunas de las paredes. Despu\u00e9s de visitar el Parque Nacional Los Haitises, regresaremos al puerto de Saman\u00e1 pasando la bah\u00eda de Saman\u00e1 30 minutos.<\/p>\n<p>Je\u015bli ta wycieczka bardziej Ci si\u0119 spodoba, mamy nast\u0119puj\u0105ce opcje:<\/p>\n<p>Los Haitises + Cayo Levantado z portu Saman\u00e1.<br \/>\nLos Haitises + Cano Hondo z portu Saman\u00e1.<\/p>\n<h3>Co powiniene\u015b zabra\u0107 ze sob\u0105?<\/h3>\n<ul>\n<li>Kamera<\/li>\n<li>odstraszaj\u0105ce p\u0105ki<\/li>\n<li>krem do opalania<\/li>\n<li>Kapelusz<\/li>\n<li>Wygodne spodnie<\/li>\n<li>Buty do le\u015bnych w\u0119dr\u00f3wek<\/li>\n<li>Sanda\u0142y do obszar\u00f3w wiosennych.<\/li>\n<li>sukienka do p\u0142ywania<\/li>\n<\/ul>\n<h3>Odbi\u00f3r z hotelu<\/h3>\n<p>W przypadku tej wycieczki nie jest dost\u0119pny odbi\u00f3r z hotelu.<\/p>\n<p>Uwaga: je\u015bli dokonasz rezerwacji w ci\u0105gu 24 godzin od godziny wyjazdu\/wycieczki, mo\u017cemy zorganizowa\u0107 odbi\u00f3r z hotelu za dodatkow\u0105 op\u0142at\u0105. Po sfinalizowaniu zakupu wy\u015blemy Ci pe\u0142ne dane kontaktowe (numer telefonu, adres e-mail itp.) do naszego lokalnego przewodnika w celu ustalenia szczeg\u00f3\u0142\u00f3w odbioru.<\/p>\n<h3>Potwierdzenie dodatkowych informacji<\/h3>\n<ol>\n<li>Bilety stanowi\u0105 Paragon po op\u0142aceniu tej Wycieczki. Mo\u017cesz pokaza\u0107 p\u0142atno\u015b\u0107 na swoim telefonie.<\/li>\n<li>Miejsce spotkania zostanie podane po dokonaniu rezerwacji.<\/li>\n<li>Dzieciom musi towarzyszy\u0107 osoba doros\u0142a.<\/li>\n<li>Niedost\u0119pne dla w\u00f3zk\u00f3w inwalidzkich<\/li>\n<li>Niemowl\u0119ta powinny siedzie\u0107 na kolanach<\/li>\n<li>Nie zalecane dla os\u00f3b podr\u00f3\u017cuj\u0105cych z problemami z plecami.<\/li>\n<li>Nie zaleca si\u0119 podr\u00f3\u017cowania w ci\u0105\u017cy.<\/li>\n<li>\u017badnych problem\u00f3w z sercem ani innych powa\u017cnych schorze\u0144.<\/li>\n<li>Wi\u0119kszo\u015b\u0107 podr\u00f3\u017cnych mo\u017ce wzi\u0105\u0107 w nim udzia\u0142.<\/li>\n<\/ol>\n<h3>Zasady anulowania<\/h3>\n<p>Aby uzyska\u0107 pe\u0142ny zwrot pieni\u0119dzy, anuluj co najmniej 24 godziny przed dat\u0105 rozpocz\u0119cia atrakcji.<\/p>\n<h3>Skontaktuj si\u0119 z nami?<\/h3>\n<p>Rezerwacja przyg\u00f3d<br \/>\nLokalni i krajowi przewodnicy wycieczek oraz obs\u0142uga go\u015bci<\/p>\n<p>Rezerwacje: Wycieczki i wycieczki w Dom. Rep.<\/p>\n<p>\ud83d\udcde Tel\/Whatsapp +1-809-720-6035.<\/p>\n<p>\ud83d\udce9 info@bookingadventures.com.do<\/p>\n<p>Organizujemy prywatne wycieczki z elastyczno\u015bci\u0105 przez Whatsapp: +18097206035.<\/p>\n\n\t\t<\/div>\n\t<\/div>\n<\/div><\/div><\/div><\/div><div class=\"vc_row wpb_row vc_row-fluid\" ><div class=\"wpb_column vc_column_container vc_col-sm-12\"><div class=\"vc_column-inner\"><div class=\"wpb_wrapper\"><div class=\"vc_empty_space\"   style=\"height: 32px\"><span class=\"vc_empty_space_inner\"><\/span><\/div>\n\t<div class=\"wpb_video_widget wpb_content_element vc_clearfix   vc_video-aspect-ratio-169 vc_video-el-width-100 vc_video-align-left\" >\n\t\t<div class=\"wpb_wrapper\">\n\t\t\t<h2 class=\"wpb_heading wpb_video_heading\">Los Haitises i nie tylko...<\/h2>\n\t\t\t<div class=\"wpb_video_wrapper\"><iframe loading=\"lazy\" title=\"Dominikana \u2013 jaskinie Los Haitises (Tainos), piktogramy i petroglify\" width=\"1100\" height=\"619\" src=\"https:\/\/www.youtube.com\/embed\/o_ExYqtOlH8?feature=oembed\" frameborder=\"0\" allow=\"accelerometer; autoplay; encrypted-media; gyroscope; picture-in-picture\" allowfullscreen><\/iframe><\/div>\n\t\t<\/div>\n\t<\/div>\n<\/div><\/div><\/div><\/div>","protected":false},"excerpt":{"rendered":"<p>Ekologiczna wycieczka do Parku Narodowego Los Haitises z lokalnym przewodnikiem. Zwiedzanie Keys w Parku Narodowym Los Haitises, lasy namorzynowe, ro\u015blinno\u015b\u0107, obserwacja ptak\u00f3w, jaskinie, piktogramy i historyczne obszary Sabana de la Mar w Parku Narodowym Los Haitises.<\/p>\n<p>&nbsp;<\/p>\n<p><strong>Wybierz termin wizyty:<\/strong><\/p>","protected":false},"featured_media":225,"template":"","meta":[],"product_brand":[],"product_cat":[121,435,430,443],"product_tag":[132,133,432,142,148,143],"class_list":{"0":"post-543","1":"product","2":"type-product","3":"status-publish","4":"has-post-thumbnail","6":"product_cat-mangroves","7":"product_cat-manglares","8":"product_cat-parque-nacional-los-haitises-samana","9":"product_cat-tours-y-excursiones-es","10":"product_tag-los-haitises","11":"product_tag-los-haitises-national-park","12":"product_tag-parque-nacional-los-haitises-samana","13":"product_tag-samana","14":"product_tag-samana-excursions","15":"product_tag-samana-tours","17":"first","18":"instock","19":"sale","20":"sold-individually","21":"shipping-taxable","22":"product-type-external"},"_links":{"self":[{"href":"https:\/\/haitises.com\/pl\/wp-json\/wp\/v2\/product\/543","targetHints":{"allow":["GET"]}}],"collection":[{"href":"https:\/\/haitises.com\/pl\/wp-json\/wp\/v2\/product"}],"about":[{"href":"https:\/\/haitises.com\/pl\/wp-json\/wp\/v2\/types\/product"}],"wp:featuredmedia":[{"embeddable":true,"href":"https:\/\/haitises.com\/pl\/wp-json\/wp\/v2\/media\/225"}],"wp:attachment":[{"href":"https:\/\/haitises.com\/pl\/wp-json\/wp\/v2\/media?parent=543"}],"wp:term":[{"taxonomy":"product_brand","embeddable":true,"href":"https:\/\/haitises.com\/pl\/wp-json\/wp\/v2\/product_brand?post=543"},{"taxonomy":"product_cat","embeddable":true,"href":"https:\/\/haitises.com\/pl\/wp-json\/wp\/v2\/product_cat?post=543"},{"taxonomy":"product_tag","embeddable":true,"href":"https:\/\/haitises.com\/pl\/wp-json\/wp\/v2\/product_tag?post=543"}],"curies":[{"name":"wp","href":"https:\/\/api.w.org\/{rel}","templated":true}]}}