{"id":33,"date":"2020-06-14T11:56:46","date_gmt":"2020-06-14T11:56:46","guid":{"rendered":"http:\/\/haitises.com\/product\/import-placeholder-for-8190\/"},"modified":"2024-04-24T14:04:37","modified_gmt":"2024-04-24T14:04:37","slug":"park-narodowy-los-haitises-z-hotelu-sabana-de-la-mar-lub-cano-hondo","status":"publish","type":"product","link":"https:\/\/haitises.com\/pl\/prywatny\/park-narodowy-los-haitises-z-hotelu-sabana-de-la-mar-lub-cano-hondo\/","title":{"rendered":"Park Narodowy Los Haitises \u2013 z hotelu Sabana de la Mar lub Ca\u00f1o Hondo."},"content":{"rendered":"<div class=\"vc_row wpb_row vc_row-fluid\" ><div class=\"wpb_column vc_column_container vc_col-sm-12\"><div class=\"vc_column-inner\"><div class=\"wpb_wrapper\">[mkdf_section_title title_tag=\u00bb\u00bb disable_break_words=\u00bbno\u00bb subtitle_tag=\u00bb\u00bb title=\u00bbThe Haitises National Park- From Sabana de la Mar or Cano Hondo Hotel.\u00bb subtitle=\u00bbNormal Tour to Los Haitises\u00bb]<\/div><\/div><\/div><\/div><div class=\"vc_row wpb_row vc_row-fluid\" ><div class=\"wpb_column vc_column_container vc_col-sm-12\"><div class=\"vc_column-inner\"><div class=\"wpb_wrapper\">\n\t<div class=\"wpb_text_column wpb_content_element\" >\n\t\t<div class=\"wpb_wrapper\">\n\t\t\t<h4><b><i>Przegl\u0105d <\/i><\/b><\/h4>\n<p>Prywatna normalna wycieczka do Parku Narodowego Los Haitises. Chod\u017a z nami i odwied\u017a najpi\u0119kniejszy park narodowy Republiki Dominikany, odwiedzaj\u0105c lasy namorzynowe, jaskinie i zatok\u0119 San Lorenzo. To do\u015bwiadczenie mo\u017ce rozpocz\u0105\u0107 si\u0119 od poznania przez spo\u0142eczno\u015b\u0107 Sabana de la Mar historii Sabana de la Mar. Wycieczk\u0119 rozpoczynamy tak\u017ce od portu Ca\u00f1o Hondo.<\/p>\n<ul>\n<li style=\"font-weight: 400;\">Op\u0142aty wliczone w cen\u0119<\/li>\n<li style=\"font-weight: 400;\"><span style=\"font-weight: 400;\">Przewodnik zapewnia instrukcje i nadz\u00f3r<\/span><\/li>\n<li>Lunch nie jest wliczony w cen\u0119 lunchu w Ca\u00f1o Hondo Wybierz t\u0119 wycieczk\u0119: <a href=\"https:\/\/www.ticketswhales.com\/tour\/los-haitises-national-park-lunch-at-cano-hondo-from-sabana-de-la-mar\/\" target=\"_blank\" rel=\"noopener\">Los Haitises i Ca\u00f1o Hondo.<\/a><\/li>\n<\/ul>\n<p>&nbsp;<\/p>\n<h4><b>W\u0142\u0105czenia i wy\u0142\u0105czenia<\/b><\/h4>\n<p>&nbsp;<\/p>\n<p><b>W\u0142\u0105czenia<\/b><\/p>\n<ol>\n<li style=\"font-weight: 400;\">Wycieczka po Los Haitises + jaskinie i piktogramy<\/li>\n<li style=\"font-weight: 400;\"><span style=\"font-weight: 400;\">Wszystkie podatki, op\u0142aty i op\u0142aty manipulacyjne<\/span><\/li>\n<li style=\"font-weight: 400;\"><span style=\"font-weight: 400;\">Podatki lokalne<\/span><\/li>\n<li style=\"font-weight: 400;\"><span style=\"font-weight: 400;\">Wszystkie dzia\u0142ania<\/span><\/li>\n<li style=\"font-weight: 400;\"><span style=\"font-weight: 400;\">Lokalny przewodnik<\/span><\/li>\n<\/ol>\n<p><b> Wy\u0142\u0105czenia<\/b><\/p>\n<ol>\n<li style=\"font-weight: 400;\"><span style=\"font-weight: 400;\">Gratyfikacje<\/span><\/li>\n<li>Lunch nie jest wliczony w cen\u0119 lunchu w Ca\u00f1o Hondo Wybierz t\u0119 wycieczk\u0119: <a href=\"https:\/\/www.ticketswhales.com\/tour\/los-haitises-national-park-lunch-at-cano-hondo-from-sabana-de-la-mar\/\" target=\"_blank\" rel=\"noopener\">Los Haitises i Ca\u00f1o Hondo.<\/a><\/li>\n<li style=\"font-weight: 400;\"><span style=\"font-weight: 400;\">Transfer<\/span><\/li>\n<li style=\"font-weight: 400;\"><span style=\"font-weight: 400;\">Napoje alkoholowe<\/span><\/li>\n<\/ol>\n<p>&nbsp;<\/p>\n<h4><em><strong>Wylot i powr\u00f3t<\/strong><\/em><\/h4>\n<p><span style=\"font-weight: 400;\">Podr\u00f3\u017cny otrzyma miejsce spotkania po zako\u0144czeniu procesu rezerwacji. Wycieczki rozpoczynaj\u0105 si\u0119 i ko\u0144cz\u0105 w naszych punktach spotka\u0144.<\/span><\/p>\n<p>&nbsp;<\/p>\n<h4><b><i>Czego si\u0119 spodziewa\u0107?<\/i><\/b><\/h4>\n<p>&nbsp;<\/p>\n<p><em><strong>Zdob\u0105d\u017a bilety<\/strong><\/em> do odwiedzenia Parku Narodowego Los Haitises z jaskiniami, lasami namorzynowymi i zatok\u0105 San Lorenzo.<\/p>\n<p>Najni\u017csza cena za wizyt\u0119 <strong>Park Narodowy Los Haitises<\/strong> desde <strong>Sabana de la Mar<\/strong> Lub <strong>Hotele w Cano Hondo<\/strong> z Miejscowymi. Wycieczka rozpoczyna si\u0119 w g\u0142\u00f3wnym porcie Parku Narodowego Haitises. Wycieczka rozpoczyna si\u0119 o godzinie 10:00 z lokalnym przewodnikiem, kt\u00f3ry zna oryginaln\u0105 histori\u0119 tego wspania\u0142ego Parku Narodowego.<\/p>\n<p>Nast\u0119pnie wyp\u0142yniemy z g\u0142\u00f3wnego portu Parku Narodowego Los Haitises o nazwie Ca\u00f1o Hondo (Deep Creek) na \u0141ODZI z kamizelkami ratunkowymi. B\u0119dziemy cieszy\u0107 si\u0119 lasem Czerwonych Namorzyn\u00f3w a\u017c do przybycia do Zatoki San Lorenzo. Ma\u0142a zatoka do zatoki Saman\u00e1. I zaczynamy! Pierwsz\u0105 niesamowit\u0105 rzecz\u0105, kt\u00f3r\u0105 mo\u017cesz zobaczy\u0107, jest kolekcja ogromnej g\u00f3rskiej wyspy wapiennej zwanej Mogotes. na nich ponad 700 gatunk\u00f3w ro\u015blin i wiele ptak\u00f3w mokrade\u0142 lataj\u0105cych wok\u00f3\u0142. P\u00f3\u017aniejsze zwiedzanie jaski\u0144 z piktogramami naszych rdzennych spo\u0142eczno\u015bci 750 lat temu.<\/p>\n<p>Przep\u0142y\u0144 przez lasy namorzynowe i wyl\u0105duj w otwartej zatoce San Lorenzo, sk\u0105d mo\u017cesz sfotografowa\u0107 surowy le\u015bny krajobraz. Sp\u00f3jrz na wod\u0119, aby dostrzec <em><strong>Manaty<\/strong><\/em>skorupiaki i <em><strong>delfiny.<\/strong><\/em><\/p>\n<div class=\"body-description secondary\">\n<p>Nazwa parku narodowego pochodzi od jego pierwotnych mieszka\u0144c\u00f3w, Indian Taino. W ich j\u0119zyku \"Haitises\" oznacza wy\u017cyny lub wzg\u00f3rza, co jest odniesieniem do stromych formacji geologicznych wybrze\u017ca z wapieniami. Warto wybra\u0107 si\u0119 w g\u0142\u0105b parku, aby zwiedzi\u0107 jaskinie, takie jak <em><strong>Jaskinia Piaskowa<\/strong><\/em> i <strong><em>Cueva de la L\u00ednea.<\/em><\/strong> Jaskinie w rezerwacie s\u0142u\u017cy\u0142y jako schronienie Indianom Taino, a p\u00f3\u017aniej ukrywali si\u0119 piraci. Poszukaj rysunk\u00f3w Indian, kt\u00f3re zdobi\u0105 niekt\u00f3re \u015bciany. Po wizycie w Parku Narodowym Los Haitises wr\u00f3cimy do portu, z kt\u00f3rego rozpocz\u0119li\u015bmy nasz\u0105 wycieczk\u0119.<\/p>\n<\/div>\n<p>&nbsp;<\/p>\n<h4><em><strong>Co nale\u017cy ze sob\u0105 zabra\u0107?<\/strong><\/em><\/h4>\n<ul>\n<li style=\"font-weight: 400;\"><span style=\"font-weight: 400;\">Kamera<\/span><\/li>\n<li style=\"font-weight: 400;\"><span style=\"font-weight: 400;\">P\u0105ki odstraszaj\u0105ce<\/span><\/li>\n<li style=\"font-weight: 400;\"><span style=\"font-weight: 400;\">krem do opalania<\/span><\/li>\n<li style=\"font-weight: 400;\"><span style=\"font-weight: 400;\">Kapelusz<\/span><\/li>\n<li style=\"font-weight: 400;\"><span style=\"font-weight: 400;\">Wygodne spodnie<\/span><\/li>\n<li style=\"font-weight: 400;\"><span style=\"font-weight: 400;\">Buty turystyczne do lasu<\/span><\/li>\n<li style=\"font-weight: 400;\"><span style=\"font-weight: 400;\">Sanda\u0142y do obszar\u00f3w wiosennych.<\/span><\/li>\n<li style=\"font-weight: 400;\"><span style=\"font-weight: 400;\">Odzie\u017c do p\u0142ywania<\/span><\/li>\n<\/ul>\n<p>&nbsp;<\/p>\n<h4><b><i>Pickup Hotel <\/i><\/b><\/h4>\n<p><span style=\"font-weight: 400;\">Je\u015bli jeste\u015b w hotelu, oferowany jest odbi\u00f3r z hotelu <a href=\"https:\/\/www.ticketswhales.com\/tour\/los-haitises-national-park-lunch-at-cano-hondo-from-sabana-de-la-mar\/\" target=\"_blank\" rel=\"noopener\">Paraiso Cano Hondo<\/a> Lub <a href=\"https:\/\/www.ticketswhales.com\/tour\/los-haitises-national-park-lunch-at-cano-hondo-from-sabana-de-la-mar\/\" target=\"_blank\" rel=\"noopener\">Hotel Altos Ca\u00f1o Hondo<\/a>. Nasze miejsce spotka\u0144 znajduje si\u0119 5 minut spacerem od tych hoteli.<\/span><\/p>\n<p>&nbsp;<\/p>\n<p><b>Uwaga:<\/b><span style=\"font-weight: 400;\"> Je\u015bli dokona\u0142e\u015b rezerwacji w ci\u0105gu 24 godzin od godziny wyjazdu\/wycieczki, mo\u017cemy zorganizowa\u0107 odbi\u00f3r z hotelu za dodatkow\u0105 op\u0142at\u0105, je\u015bli nie przebywasz w hotelach Ca\u00f1o Hondo. Po sfinalizowaniu zakupu wy\u015blemy Ci pe\u0142ne dane kontaktowe (numer telefonu, adres e-mail itp.) do naszego lokalnego przewodnika w celu zorganizowania odbioru.<\/span><\/p>\n<h4><b><i>Dodatkowe informacje Potwierdzenie <\/i><\/b><\/h4>\n<ol>\n<li>Bilety s\u0105 pokwitowaniem po op\u0142aceniu tej wycieczki. P\u0142atno\u015b\u0107 mo\u017cna wy\u015bwietli\u0107 w telefonie.<\/li>\n<li style=\"font-weight: 400;\"><span style=\"font-weight: 400;\">Miejsce spotkania zostanie podane po zako\u0144czeniu procesu rezerwacji.<\/span><\/li>\n<li style=\"font-weight: 400;\"><span style=\"font-weight: 400;\">Dzieciom musi towarzyszy\u0107 osoba doros\u0142a.<\/span><\/li>\n<li style=\"font-weight: 400;\"><span style=\"font-weight: 400;\"> Brak dost\u0119pu dla w\u00f3zk\u00f3w inwalidzkich <\/span><\/li>\n<li style=\"font-weight: 400;\"><span style=\"font-weight: 400;\">Niemowl\u0119ta musz\u0105 siedzie\u0107 na kolanach <\/span><\/li>\n<li style=\"font-weight: 400;\"><span style=\"font-weight: 400;\">Niezalecane dla os\u00f3b z problemami z kr\u0119gos\u0142upem<\/span><\/li>\n<li style=\"font-weight: 400;\"><span style=\"font-weight: 400;\">Niezalecane dla kobiet w ci\u0105\u017cy <\/span><\/li>\n<li style=\"font-weight: 400;\"><span style=\"font-weight: 400;\"> Brak problem\u00f3w z sercem lub innych powa\u017cnych schorze\u0144 <\/span><\/li>\n<li style=\"font-weight: 400;\"><span style=\"font-weight: 400;\">Wi\u0119kszo\u015b\u0107 podr\u00f3\u017cnych mo\u017ce wzi\u0105\u0107 udzia\u0142<\/span><\/li>\n<\/ol>\n<h4><b><i>Polityka anulowania<\/i><\/b><\/h4>\n<p><span style=\"font-weight: 400;\">Aby otrzyma\u0107 pe\u0142ny zwrot koszt\u00f3w, nale\u017cy anulowa\u0107 subskrypcj\u0119 z co najmniej 24-godzinnym wyprzedzeniem przed dat\u0105 jej rozpocz\u0119cia.<\/span><\/p>\n\n\t\t<\/div>\n\t<\/div>\n<\/div><\/div><\/div><\/div><div class=\"vc_row wpb_row vc_row-fluid\" ><div class=\"wpb_column vc_column_container vc_col-sm-12\"><div class=\"vc_column-inner\"><div class=\"wpb_wrapper\"><div class=\"vc_empty_space\"   style=\"height: 32px\"><span class=\"vc_empty_space_inner\"><\/span><\/div>\n\t<div class=\"wpb_text_column wpb_content_element\" >\n\t\t<div class=\"wpb_wrapper\">\n\t\t\t<h4>Skontaktowa\u0107 si\u0119 z nami?<\/h4>\n<h5>Rezerwacja przyg\u00f3d<\/h5>\n<p><em><strong>Miejscowi<\/strong>\u00a0i\u00a0<strong>Nationals<\/strong>\u00a0Przewodnicy turystyczni i obs\u0142uga go\u015bci<\/em><\/p>\n<p><span class=\"text-turquoise\">Rezerwacje:<\/span>\u00a0Wycieczki w Dom. Rep.<\/p>\n<p><img decoding=\"async\" class=\"emoji\" draggable=\"false\" src=\"https:\/\/s.w.org\/images\/core\/emoji\/11.2.0\/svg\/1f4de.svg\" alt=\"\ud83d\udcde\" title=\"\">\u00a0Tel \/ Whatsapp\u00a0\u00a0<a href=\"tel:+1-809-720-6035\">+1-809-720-6035<\/a>.<\/p>\n<p><img decoding=\"async\" class=\"emoji\" draggable=\"false\" src=\"https:\/\/s.w.org\/images\/core\/emoji\/11.2.0\/svg\/1f4e9.svg\" alt=\"\ud83d\udce9\" title=\"\">\u00a0<a href=\"mailto:info@bookingadventures.com.do\">info@bookingadventures.com.do<\/a><\/p>\n<p><strong>Jeste\u015bmy elastyczni w ustalaniu prywatnych wycieczek przez Whatsapp:\u00a0<a href=\"tel:+18097206035\">+18097206035.<\/a><\/strong><\/p>\n\n\t\t<\/div>\n\t<\/div>\n<div class=\"vc_empty_space\"   style=\"height: 32px\"><span class=\"vc_empty_space_inner\"><\/span><\/div><\/div><\/div><\/div><\/div>","protected":false},"excerpt":{"rendered":"<p>Najni\u017csza cena za wizyt\u0119 <strong>Park Narodowy Los Haitises<\/strong> desde <strong>Sabana de la Mar<\/strong> Lub <strong>Hotele w Cano Hondo<\/strong> z Miejscowymi. Wycieczka rozpoczyna si\u0119 w g\u0142\u00f3wnym porcie Parku Narodowego Haitises. Wycieczka rozpoczyna si\u0119 o godzinie 10:00 z lokalnym przewodnikiem, kt\u00f3ry zna oryginaln\u0105 histori\u0119 tego wspania\u0142ego Parku Narodowego.<\/p>\n<p>Nast\u0119pnie wyp\u0142yniemy z g\u0142\u00f3wnego portu Parku Narodowego Los Haitises o nazwie Ca\u00f1o Hondo (Deep Creek) na \u0141ODZI z kamizelkami ratunkowymi. B\u0119dziemy cieszy\u0107 si\u0119 lasem Czerwonych Namorzyn\u00f3w, a\u017c dotrzemy do Zatoki San Lorenzo, ma\u0142ej zatoki prowadz\u0105cej do Zatoki Saman\u00e1. I zaczynamy! Pierwsz\u0105 niesamowit\u0105 rzecz\u0105, kt\u00f3r\u0105 mo\u017cesz zobaczy\u0107, jest kolekcja ogromnej g\u00f3rskiej wyspy wapiennej zwanej Mogotes. Ponad nimi lata ponad 700 gatunk\u00f3w ro\u015blin i wiele ptak\u00f3w mokrade\u0142. P\u00f3\u017aniejsze zwiedzanie jaski\u0144 z piktogramami naszych rdzennych spo\u0142eczno\u015bci sprzed 750 lat.<\/p>\n<p>&nbsp;<\/p>\n<p><strong>Wybierz dat\u0119 wycieczki\u00a0<\/strong><\/p>","protected":false},"featured_media":81,"template":"","meta":[],"product_brand":[],"product_cat":[119,120,98,121,99,122,123,124],"product_tag":[125,126,127,128,129,130,131,132,133,134,114],"class_list":{"0":"post-33","1":"product","2":"type-product","3":"status-publish","4":"has-post-thumbnail","6":"product_cat-caves","7":"product_cat-fees-entrace","8":"product_cat-local-tour-guides","9":"product_cat-mangroves","10":"product_cat-swimming-natural-springs","11":"product_cat-tours-and-excursions","12":"product_cat-tours-excursions-los-haitises-national-park","13":"product_cat-tours-excursions-samana-bay-dominican-republic","14":"product_tag-boat-tour","15":"product_tag-cano-hondo","16":"product_tag-cano-hondo-hotel","17":"product_tag-cano-hondo-tours","18":"product_tag-eco-tours","19":"product_tag-excursion","20":"product_tag-locals-guides","21":"product_tag-los-haitises","22":"product_tag-los-haitises-national-park","23":"product_tag-los-haitises-national-park-tour","24":"product_tag-sabana-de-la-mar","26":"first","27":"instock","28":"sale","29":"sold-individually","30":"shipping-taxable","31":"product-type-external"},"_links":{"self":[{"href":"https:\/\/haitises.com\/pl\/wp-json\/wp\/v2\/product\/33","targetHints":{"allow":["GET"]}}],"collection":[{"href":"https:\/\/haitises.com\/pl\/wp-json\/wp\/v2\/product"}],"about":[{"href":"https:\/\/haitises.com\/pl\/wp-json\/wp\/v2\/types\/product"}],"wp:featuredmedia":[{"embeddable":true,"href":"https:\/\/haitises.com\/pl\/wp-json\/wp\/v2\/media\/81"}],"wp:attachment":[{"href":"https:\/\/haitises.com\/pl\/wp-json\/wp\/v2\/media?parent=33"}],"wp:term":[{"taxonomy":"product_brand","embeddable":true,"href":"https:\/\/haitises.com\/pl\/wp-json\/wp\/v2\/product_brand?post=33"},{"taxonomy":"product_cat","embeddable":true,"href":"https:\/\/haitises.com\/pl\/wp-json\/wp\/v2\/product_cat?post=33"},{"taxonomy":"product_tag","embeddable":true,"href":"https:\/\/haitises.com\/pl\/wp-json\/wp\/v2\/product_tag?post=33"}],"curies":[{"name":"wp","href":"https:\/\/api.w.org\/{rel}","templated":true}]}}